{"id":41568,"date":"2024-10-15T16:55:02","date_gmt":"2024-10-15T14:55:02","guid":{"rendered":"https:\/\/arcticexcursions.com\/?post_type=product&#038;p=41568"},"modified":"2026-01-08T13:04:22","modified_gmt":"2026-01-08T11:04:22","slug":"1-hour-dogsledding","status":"publish","type":"product","link":"https:\/\/arcticexcursions.com\/da\/udflugter\/1-hour-dogsledding\/","title":{"rendered":"1 times hundesl\u00e6dek\u00f8rsel"},"content":{"rendered":"<p>Oplev den tidl\u00f8se tradition med hundesl\u00e6dek\u00f8rsel i Gr\u00f8nland<\/p>\n<p>Vinteren i nord bringer hundesl\u00e6dek\u00f8rsel \u2013 en \u00e5rhundredegammel tradition, der er g\u00e5et i arv gennem generationer. Oprindeligt brugt til transport og jagt, er hundesl\u00e6dek\u00f8rsel stadig en vigtig del af livet i Arktis, og i dag nydes den ogs\u00e5 som en unik fritidsoplevelse. \u00c6gte, autentisk hundesl\u00e6dek\u00f8rsel kan kun opleves nord for Polarcirklen, langs Gr\u00f8nlands vest- eller \u00f8stkyst.<\/p>\n<p>P\u00e5 vores tur f\u00e5r du et indblik i det t\u00e6tte samarbejde mellem kuske og deres sl\u00e6dehunde og et glimt af traditionel arktisk rejse. Hundene er altid ivrige efter at l\u00f8be, og n\u00e5r g\u00e6sterne er trygt placeret p\u00e5 sl\u00e6den, begiver vi os ud p\u00e5 en smuk tur gennem byens omegn. Ruten, lokalt kendt som Narsarsuaq Kaavillugu, varer cirka 45 minutter og giver en kort, men autentisk arktisk oplevelse.<\/p>\n<p>Efter turen vender vi tilbage til hundeparken, hvor hundene bel\u00f8nnes med nogle velfortjente kram og klap. Vores hunde er veltr\u00e6nede og venlige, hvilket g\u00f8r det nemt for g\u00e6sterne at interagere med dem og dele et \u00f8jeblik af n\u00e6rv\u00e6r med disse utrolige arktiske dyr.<\/p>\n<p><b>Varighed:<\/b> 1 time<\/p>\n<p><b>Sprog:<\/b> Guiden taler engelsk, dansk og gr\u00f8nlandsk<\/p>\n<p><b>Praktisk information:<\/b> Anbefales ikke til personer med alvorlige rygproblemer<\/p>\n<p><b>Forplejning:<\/b> Kaffe og te serveres<\/p>\n<p><b>Anbefalet bekl\u00e6dning:<\/b> Praktiske sko og varmt t\u00f8j inkl. hue og handsker<\/p>\n<p><b>M\u00f8detid 30 minutter f\u00f8r turstart:<\/b><\/p>\n","protected":false},"excerpt":{"rendered":"<p>En perfekt introduktion til livet i Arktis: en kort hundesl\u00e6detur gennem storsl\u00e5et vinterlandskab og en rig kulturarv.<\/p>\n","protected":false},"featured_media":6853,"comment_status":"open","ping_status":"closed","template":"","meta":{"_acf_changed":false},"product_brand":[],"product_cat":[101,170],"product_tag":[],"class_list":{"0":"post-41568","1":"product","2":"type-product","3":"status-publish","4":"has-post-thumbnail","6":"product_cat-tour","7":"product_cat-udflugt","8":"pa_dato-1301","9":"pa_dato-1256","10":"pa_dato-1154","11":"pa_dato-1302","12":"pa_dato-1292","13":"pa_dato-5962","14":"pa_dato-1387","15":"pa_dato-1245","16":"pa_dato-1388","17":"pa_dato-1295","18":"pa_dato-1246","19":"pa_dato-5972","20":"pa_dato-5973","21":"pa_dato-1347","22":"pa_dato-5920","23":"pa_dato-1268","24":"pa_dato-5870","25":"pa_dato-6013","26":"pa_dato-5981","27":"pa_tidspunkt-40","28":"pa_tidspunkt-177","29":"tour_location-ilulissat-da","30":"tour_type-hundeslaede","31":"tour_state-show_always","32":"tour_tickettype-arctic_excursions","33":"tour_operator-diskobay-tours","35":"first","36":"outofstock","37":"shipping-taxable","38":"product-type-variable"},"acf":[],"yoast_head":"<!-- This site is optimized with the Yoast SEO plugin v23.6 - https:\/\/yoast.com\/wordpress\/plugins\/seo\/ -->\n<title>Arctic Excursions<\/title>\n<meta name=\"robots\" content=\"index, follow, max-snippet:-1, max-image-preview:large, max-video-preview:-1\" \/>\n<link rel=\"canonical\" href=\"https:\/\/arcticexcursions.com\/udflugter\/1-hour-dogsledding\/\" \/>\n<meta property=\"og:locale\" content=\"da_DK\" \/>\n<meta property=\"og:type\" content=\"article\" \/>\n<meta property=\"og:title\" content=\"1 times hundesl\u00e6dek\u00f8rsel - Arctic Excursions\" \/>\n<meta property=\"og:description\" content=\"En perfekt introduktion til livet i Arktis: en kort hundesl\u00e6detur gennem storsl\u00e5et vinterlandskab og en rig kulturarv.\" \/>\n<meta property=\"og:url\" content=\"https:\/\/arcticexcursions.com\/udflugter\/1-hour-dogsledding\/\" \/>\n<meta property=\"og:site_name\" content=\"Arctic Excursions\" \/>\n<meta property=\"article:modified_time\" content=\"2026-01-08T11:04:22+00:00\" \/>\n<meta property=\"og:image\" content=\"https:\/\/arcticexcursions.com\/wp-content\/uploads\/2023\/01\/DBT-Dogsledding-5.jpg\" \/>\n\t<meta property=\"og:image:width\" content=\"2229\" \/>\n\t<meta property=\"og:image:height\" content=\"2229\" \/>\n\t<meta property=\"og:image:type\" content=\"image\/jpeg\" \/>\n<meta name=\"twitter:card\" content=\"summary_large_image\" \/>\n<meta name=\"twitter:label1\" content=\"Estimeret l\u00e6setid\" \/>\n\t<meta name=\"twitter:data1\" content=\"1 minut\" \/>\n<script type=\"application\/ld+json\" class=\"yoast-schema-graph\">{\"@context\":\"https:\/\/schema.org\",\"@graph\":[{\"@type\":\"WebPage\",\"@id\":\"https:\/\/arcticexcursions.com\/udflugter\/1-hour-dogsledding\/\",\"url\":\"https:\/\/arcticexcursions.com\/udflugter\/1-hour-dogsledding\/\",\"name\":\"1 times hundesl\u00e6dek\u00f8rsel - Arctic Excursions\",\"isPartOf\":{\"@id\":\"https:\/\/arcticexcursions.com\/#website\"},\"primaryImageOfPage\":{\"@id\":\"https:\/\/arcticexcursions.com\/udflugter\/1-hour-dogsledding\/#primaryimage\"},\"image\":{\"@id\":\"https:\/\/arcticexcursions.com\/udflugter\/1-hour-dogsledding\/#primaryimage\"},\"thumbnailUrl\":\"https:\/\/arcticexcursions.com\/wp-content\/uploads\/2023\/01\/DBT-Dogsledding-5.jpg\",\"datePublished\":\"2024-10-15T14:55:02+00:00\",\"dateModified\":\"2026-01-08T11:04:22+00:00\",\"breadcrumb\":{\"@id\":\"https:\/\/arcticexcursions.com\/udflugter\/1-hour-dogsledding\/#breadcrumb\"},\"inLanguage\":\"da-DK\",\"potentialAction\":[{\"@type\":\"ReadAction\",\"target\":[\"https:\/\/arcticexcursions.com\/udflugter\/1-hour-dogsledding\/\"]}]},{\"@type\":\"ImageObject\",\"inLanguage\":\"da-DK\",\"@id\":\"https:\/\/arcticexcursions.com\/udflugter\/1-hour-dogsledding\/#primaryimage\",\"url\":\"https:\/\/arcticexcursions.com\/wp-content\/uploads\/2023\/01\/DBT-Dogsledding-5.jpg\",\"contentUrl\":\"https:\/\/arcticexcursions.com\/wp-content\/uploads\/2023\/01\/DBT-Dogsledding-5.jpg\",\"width\":2229,\"height\":2229},{\"@type\":\"BreadcrumbList\",\"@id\":\"https:\/\/arcticexcursions.com\/udflugter\/1-hour-dogsledding\/#breadcrumb\",\"itemListElement\":[{\"@type\":\"ListItem\",\"position\":1,\"name\":\"Home\",\"item\":\"https:\/\/arcticexcursions.com\/da\/\"},{\"@type\":\"ListItem\",\"position\":2,\"name\":\"Udflugter i Gr\u00f8nland\",\"item\":\"https:\/\/arcticexcursions.com\/da\/udflugter\/\"},{\"@type\":\"ListItem\",\"position\":3,\"name\":\"1 times hundesl\u00e6dek\u00f8rsel\"}]},{\"@type\":\"WebSite\",\"@id\":\"https:\/\/arcticexcursions.com\/#website\",\"url\":\"https:\/\/arcticexcursions.com\/\",\"name\":\"Arctic Excursions\",\"description\":\"New adventures. Every day.\",\"publisher\":{\"@id\":\"https:\/\/arcticexcursions.com\/#organization\"},\"potentialAction\":[{\"@type\":\"SearchAction\",\"target\":{\"@type\":\"EntryPoint\",\"urlTemplate\":\"https:\/\/arcticexcursions.com\/?s={search_term_string}\"},\"query-input\":{\"@type\":\"PropertyValueSpecification\",\"valueRequired\":true,\"valueName\":\"search_term_string\"}}],\"inLanguage\":\"da-DK\"},{\"@type\":\"Organization\",\"@id\":\"https:\/\/arcticexcursions.com\/#organization\",\"name\":\"Arctic Excursions\",\"url\":\"https:\/\/arcticexcursions.com\/\",\"logo\":{\"@type\":\"ImageObject\",\"inLanguage\":\"da-DK\",\"@id\":\"https:\/\/arcticexcursions.com\/#\/schema\/logo\/image\/\",\"url\":\"https:\/\/arcticexcursions.com\/wp-content\/uploads\/2022\/11\/fb-logo.png\",\"contentUrl\":\"https:\/\/arcticexcursions.com\/wp-content\/uploads\/2022\/11\/fb-logo.png\",\"width\":523,\"height\":523,\"caption\":\"Arctic Excursions\"},\"image\":{\"@id\":\"https:\/\/arcticexcursions.com\/#\/schema\/logo\/image\/\"}}]}<\/script>\n<!-- \/ Yoast SEO plugin. -->","yoast_head_json":{"title":"Arctic Excursions","robots":{"index":"index","follow":"follow","max-snippet":"max-snippet:-1","max-image-preview":"max-image-preview:large","max-video-preview":"max-video-preview:-1"},"canonical":"https:\/\/arcticexcursions.com\/udflugter\/1-hour-dogsledding\/","og_locale":"da_DK","og_type":"article","og_title":"1 times hundesl\u00e6dek\u00f8rsel - Arctic Excursions","og_description":"En perfekt introduktion til livet i Arktis: en kort hundesl\u00e6detur gennem storsl\u00e5et vinterlandskab og en rig kulturarv.","og_url":"https:\/\/arcticexcursions.com\/udflugter\/1-hour-dogsledding\/","og_site_name":"Arctic Excursions","article_modified_time":"2026-01-08T11:04:22+00:00","og_image":[{"width":2229,"height":2229,"url":"https:\/\/arcticexcursions.com\/wp-content\/uploads\/2023\/01\/DBT-Dogsledding-5.jpg","type":"image\/jpeg"}],"twitter_card":"summary_large_image","twitter_misc":{"Estimeret l\u00e6setid":"1 minut"},"schema":{"@context":"https:\/\/schema.org","@graph":[{"@type":"WebPage","@id":"https:\/\/arcticexcursions.com\/udflugter\/1-hour-dogsledding\/","url":"https:\/\/arcticexcursions.com\/udflugter\/1-hour-dogsledding\/","name":"1 times hundesl\u00e6dek\u00f8rsel - Arctic Excursions","isPartOf":{"@id":"https:\/\/arcticexcursions.com\/#website"},"primaryImageOfPage":{"@id":"https:\/\/arcticexcursions.com\/udflugter\/1-hour-dogsledding\/#primaryimage"},"image":{"@id":"https:\/\/arcticexcursions.com\/udflugter\/1-hour-dogsledding\/#primaryimage"},"thumbnailUrl":"https:\/\/arcticexcursions.com\/wp-content\/uploads\/2023\/01\/DBT-Dogsledding-5.jpg","datePublished":"2024-10-15T14:55:02+00:00","dateModified":"2026-01-08T11:04:22+00:00","breadcrumb":{"@id":"https:\/\/arcticexcursions.com\/udflugter\/1-hour-dogsledding\/#breadcrumb"},"inLanguage":"da-DK","potentialAction":[{"@type":"ReadAction","target":["https:\/\/arcticexcursions.com\/udflugter\/1-hour-dogsledding\/"]}]},{"@type":"ImageObject","inLanguage":"da-DK","@id":"https:\/\/arcticexcursions.com\/udflugter\/1-hour-dogsledding\/#primaryimage","url":"https:\/\/arcticexcursions.com\/wp-content\/uploads\/2023\/01\/DBT-Dogsledding-5.jpg","contentUrl":"https:\/\/arcticexcursions.com\/wp-content\/uploads\/2023\/01\/DBT-Dogsledding-5.jpg","width":2229,"height":2229},{"@type":"BreadcrumbList","@id":"https:\/\/arcticexcursions.com\/udflugter\/1-hour-dogsledding\/#breadcrumb","itemListElement":[{"@type":"ListItem","position":1,"name":"Home","item":"https:\/\/arcticexcursions.com\/da\/"},{"@type":"ListItem","position":2,"name":"Udflugter i Gr\u00f8nland","item":"https:\/\/arcticexcursions.com\/da\/udflugter\/"},{"@type":"ListItem","position":3,"name":"1 times hundesl\u00e6dek\u00f8rsel"}]},{"@type":"WebSite","@id":"https:\/\/arcticexcursions.com\/#website","url":"https:\/\/arcticexcursions.com\/","name":"Arctic Excursions","description":"New adventures. Every day.","publisher":{"@id":"https:\/\/arcticexcursions.com\/#organization"},"potentialAction":[{"@type":"SearchAction","target":{"@type":"EntryPoint","urlTemplate":"https:\/\/arcticexcursions.com\/?s={search_term_string}"},"query-input":{"@type":"PropertyValueSpecification","valueRequired":true,"valueName":"search_term_string"}}],"inLanguage":"da-DK"},{"@type":"Organization","@id":"https:\/\/arcticexcursions.com\/#organization","name":"Arctic Excursions","url":"https:\/\/arcticexcursions.com\/","logo":{"@type":"ImageObject","inLanguage":"da-DK","@id":"https:\/\/arcticexcursions.com\/#\/schema\/logo\/image\/","url":"https:\/\/arcticexcursions.com\/wp-content\/uploads\/2022\/11\/fb-logo.png","contentUrl":"https:\/\/arcticexcursions.com\/wp-content\/uploads\/2022\/11\/fb-logo.png","width":523,"height":523,"caption":"Arctic Excursions"},"image":{"@id":"https:\/\/arcticexcursions.com\/#\/schema\/logo\/image\/"}}]}},"_links":{"self":[{"href":"https:\/\/arcticexcursions.com\/da\/wp-json\/wp\/v2\/product\/41568"}],"collection":[{"href":"https:\/\/arcticexcursions.com\/da\/wp-json\/wp\/v2\/product"}],"about":[{"href":"https:\/\/arcticexcursions.com\/da\/wp-json\/wp\/v2\/types\/product"}],"replies":[{"embeddable":true,"href":"https:\/\/arcticexcursions.com\/da\/wp-json\/wp\/v2\/comments?post=41568"}],"wp:featuredmedia":[{"embeddable":true,"href":"https:\/\/arcticexcursions.com\/da\/wp-json\/wp\/v2\/media\/6853"}],"wp:attachment":[{"href":"https:\/\/arcticexcursions.com\/da\/wp-json\/wp\/v2\/media?parent=41568"}],"wp:term":[{"taxonomy":"product_brand","embeddable":true,"href":"https:\/\/arcticexcursions.com\/da\/wp-json\/wp\/v2\/product_brand?post=41568"},{"taxonomy":"product_cat","embeddable":true,"href":"https:\/\/arcticexcursions.com\/da\/wp-json\/wp\/v2\/product_cat?post=41568"},{"taxonomy":"product_tag","embeddable":true,"href":"https:\/\/arcticexcursions.com\/da\/wp-json\/wp\/v2\/product_tag?post=41568"}],"curies":[{"name":"wp","href":"https:\/\/api.w.org\/{rel}","templated":true}]}}