{"id":41570,"date":"2024-10-15T17:14:20","date_gmt":"2024-10-15T15:14:20","guid":{"rendered":"https:\/\/arcticexcursions.com\/?post_type=product&#038;p=41570"},"modified":"2026-04-20T19:07:57","modified_gmt":"2026-04-20T17:07:57","slug":"2-hours-dogsledding-2","status":"publish","type":"product","link":"https:\/\/arcticexcursions.com\/da\/udflugter\/2-hours-dogsledding-2\/","title":{"rendered":"Unik Hundesl\u00e6deoplevelse"},"content":{"rendered":"<p>N\u00e5r du t\u00e6nker p\u00e5 vinteren i Gr\u00f8nland, kommer hundesl\u00e6dek\u00f8rsel N\u00e5r man t\u00e6nker p\u00e5 Gr\u00f8nlands vinter, er hundesl\u00e6dek\u00f8rsel noget af det f\u00f8rste, der dukker op i tankerne. Denne \u00e6ldgamle tradition, som stammer fra Arktis, har i \u00e5rhundreder v\u00e6ret en livsn\u00f8dvendig del af hverdagen her. Oprindeligt brugt til rejser og jagt, er hundesl\u00e6dek\u00f8rsel i dag ogs\u00e5 en sp\u00e6ndende oplevelse, som bes\u00f8gende kan nyde \u2013 en m\u00e5de at m\u00e6rke Arktis helt t\u00e6t p\u00e5.<\/p>\n<p>I Gr\u00f8nland kan du opleve den ikoniske arktiske sl\u00e6dehund i aktion kun nord for polarcirklen \u2013 p\u00e5 b\u00e5de vest- og \u00f8stkysten. Det giver en unik mulighed for at udforske det sned\u00e6kkede landskab og opleve det t\u00e6tte b\u00e5nd mellem kusk og hund. Turen giver et levende indblik i, hvordan folk traditionelt rejste over det iskolde terr\u00e6n, og hvordan livet i Arktis har formet denne kulturarv.<\/p>\n<p>Dit eventyr starter med klarg\u00f8ring af hunde og sl\u00e6de. N\u00e5r hundene sp\u00e6ndes for, s\u00e6tter du dig til rette, og sammen med din kusk glider I gennem det smukke, sned\u00e6kkede bagland. P\u00e5 turens slutning vender I tilbage til hundepladsen, hvor du kan bel\u00f8nne de h\u00e5rdtarbejdende hunde med et k\u00e6rligt klap eller kram. Hundene er venlige, nysgerrige og vant til mennesker \u2013 perfekte ledsagere til dit arktiske eventyr.<\/p>\n<p>Ruten, lokalt kendt som Narsarsuaq Kaavillugu, varer omkring 45 minutter og giver en kort, men fuldt autentisk introduktion til hundesl\u00e6dek\u00f8rsel i Ilulissat \u2013 en oplevelse, du sent vil glemme<\/p>\n<p><b>Varighed:<\/b> 2 timer<\/p>\n<p><b>Sprog:<\/b> Guiden taler dansk, engelsk og gr\u00f8nlandsk<\/p>\n<p><b>Forplejning:<\/b> Kaffe og te serveres<\/p>\n<p><b>Anbefalet p\u00e5kl\u00e6dning:<\/b> Praktiske sko og varmt t\u00f8j, inkl. hue og handsker<\/p>\n<p>M\u00f8detid 30 minutter inden turstart<\/p>\n","protected":false},"excerpt":{"rendered":"<p>Oplev Gr\u00f8nlands vinterkultur p\u00e5 en unik m\u00e5de med en kombination af den popul\u00e6re &#8216;Meet N\u2019 Greet the Arctic Sleddog&#8217; og en smuk hundesl\u00e6detur gennem det arktiske landskab<\/p>\n","protected":false},"featured_media":28990,"comment_status":"open","ping_status":"closed","template":"","meta":{"_acf_changed":false},"product_brand":[],"product_cat":[101,170],"product_tag":[],"class_list":{"0":"post-41570","1":"product","2":"type-product","3":"status-publish","4":"has-post-thumbnail","6":"product_cat-tour","7":"product_cat-udflugt","8":"pa_dato-1256","9":"pa_dato-1242","10":"pa_dato-1292","11":"pa_dato-1388","12":"pa_dato-1304","13":"pa_dato-5994","14":"pa_dato-1246","15":"pa_dato-5967","16":"pa_dato-5995","17":"pa_dato-5968","18":"pa_dato-5996","19":"pa_dato-1266","20":"pa_dato-1350","21":"pa_dato-1352","22":"pa_dato-1353","23":"pa_dato-1268","24":"pa_dato-1344","25":"pa_dato-5869","26":"pa_dato-5997","27":"pa_dato-1375","28":"pa_dato-5998","29":"pa_dato-5870","30":"pa_dato-1269","31":"pa_dato-5871","32":"pa_dato-1339","33":"pa_dato-5969","34":"pa_dato-1391","35":"pa_dato-6011","36":"pa_dato-5872","37":"pa_dato-1270","38":"pa_dato-5873","39":"pa_dato-6012","40":"pa_dato-6001","41":"pa_dato-5893","42":"pa_dato-6013","43":"pa_dato-6014","44":"pa_dato-1271","45":"pa_dato-6015","46":"pa_dato-5970","47":"pa_dato-6016","48":"pa_dato-5894","49":"pa_dato-5971","50":"pa_dato-5984","51":"pa_dato-1272","52":"pa_dato-5985","53":"pa_dato-5986","54":"pa_dato-1158","55":"pa_dato-1370","56":"pa_dato-1369","57":"pa_dato-1368","58":"pa_dato-1273","59":"pa_dato-1367","60":"pa_dato-1366","61":"pa_dato-1365","62":"pa_dato-1364","63":"pa_dato-1363","64":"pa_dato-1362","65":"pa_dato-1274","66":"pa_dato-1361","67":"pa_dato-1360","68":"pa_dato-1359","69":"pa_dato-1358","70":"pa_dato-1357","71":"pa_dato-1356","72":"pa_dato-1275","73":"pa_dato-5981","74":"pa_dato-6195","75":"pa_dato-6207","76":"pa_dato-6197","77":"pa_dato-6210","78":"pa_dato-6202","79":"pa_dato-6203","80":"pa_dato-6269","81":"pa_dato-6270","82":"pa_dato-6336","83":"pa_dato-6415","84":"pa_dato-6331","85":"pa_dato-6376","86":"pa_dato-6288","87":"pa_dato-6318","88":"pa_dato-6319","89":"pa_dato-6213","90":"pa_dato-6405","91":"pa_dato-6314","92":"pa_dato-6427","93":"pa_dato-6334","94":"pa_dato-6265","95":"pa_dato-6377","96":"pa_dato-6217","97":"pa_dato-6378","98":"pa_dato-6349","99":"pa_dato-6444","100":"pa_dato-6426","101":"pa_dato-6323","102":"pa_dato-6138","103":"pa_dato-6235","104":"pa_dato-6228","105":"pa_dato-6293","106":"pa_dato-6234","107":"pa_tidspunkt-38","108":"pa_tidspunkt-304","109":"pa_tidspunkt-314","110":"tour_location-ilulissat-da","111":"tour_type-hundeslaede","112":"tour_state-allowed_prebooking","113":"tour_state-show_always","114":"tour_tickettype-arctic_excursions","115":"tour_operator-diskobay-tours","117":"first","118":"instock","119":"shipping-taxable","120":"purchasable","121":"product-type-variable"},"acf":[],"yoast_head":"<!-- This site is optimized with the Yoast SEO plugin v23.6 - https:\/\/yoast.com\/wordpress\/plugins\/seo\/ -->\n<title>Arctic Excursions<\/title>\n<meta name=\"robots\" content=\"index, follow, max-snippet:-1, max-image-preview:large, max-video-preview:-1\" \/>\n<link rel=\"canonical\" href=\"https:\/\/arcticexcursions.com\/da\/udflugter\/2-hours-dogsledding-2\/\" \/>\n<meta property=\"og:locale\" content=\"da_DK\" \/>\n<meta property=\"og:type\" content=\"article\" \/>\n<meta property=\"og:title\" content=\"Unik Hundesl\u00e6deoplevelse - Arctic Excursions\" \/>\n<meta property=\"og:description\" content=\"Oplev Gr\u00f8nlands vinterkultur p\u00e5 en unik m\u00e5de med en kombination af den popul\u00e6re &#039;Meet N\u2019 Greet the Arctic Sleddog&#039; og en smuk hundesl\u00e6detur gennem det arktiske landskab\" \/>\n<meta property=\"og:url\" content=\"https:\/\/arcticexcursions.com\/da\/udflugter\/2-hours-dogsledding-2\/\" \/>\n<meta property=\"og:site_name\" content=\"Arctic Excursions\" \/>\n<meta property=\"article:modified_time\" content=\"2026-04-20T17:07:57+00:00\" \/>\n<meta property=\"og:image\" content=\"https:\/\/arcticexcursions.com\/wp-content\/uploads\/2024\/01\/DBT-Dogsledding-11-scaled.jpg\" \/>\n\t<meta property=\"og:image:width\" content=\"2560\" \/>\n\t<meta property=\"og:image:height\" content=\"1440\" \/>\n\t<meta property=\"og:image:type\" content=\"image\/jpeg\" \/>\n<meta name=\"twitter:card\" content=\"summary_large_image\" \/>\n<meta name=\"twitter:label1\" content=\"Estimeret l\u00e6setid\" \/>\n\t<meta name=\"twitter:data1\" content=\"1 minut\" \/>\n<script type=\"application\/ld+json\" class=\"yoast-schema-graph\">{\"@context\":\"https:\/\/schema.org\",\"@graph\":[{\"@type\":\"WebPage\",\"@id\":\"https:\/\/arcticexcursions.com\/da\/udflugter\/2-hours-dogsledding-2\/\",\"url\":\"https:\/\/arcticexcursions.com\/da\/udflugter\/2-hours-dogsledding-2\/\",\"name\":\"Unik Hundesl\u00e6deoplevelse - Arctic Excursions\",\"isPartOf\":{\"@id\":\"https:\/\/arcticexcursions.com\/#website\"},\"primaryImageOfPage\":{\"@id\":\"https:\/\/arcticexcursions.com\/da\/udflugter\/2-hours-dogsledding-2\/#primaryimage\"},\"image\":{\"@id\":\"https:\/\/arcticexcursions.com\/da\/udflugter\/2-hours-dogsledding-2\/#primaryimage\"},\"thumbnailUrl\":\"https:\/\/arcticexcursions.com\/wp-content\/uploads\/2024\/01\/DBT-Dogsledding-11-scaled.jpg\",\"datePublished\":\"2024-10-15T15:14:20+00:00\",\"dateModified\":\"2026-04-20T17:07:57+00:00\",\"breadcrumb\":{\"@id\":\"https:\/\/arcticexcursions.com\/da\/udflugter\/2-hours-dogsledding-2\/#breadcrumb\"},\"inLanguage\":\"da-DK\",\"potentialAction\":[{\"@type\":\"ReadAction\",\"target\":[\"https:\/\/arcticexcursions.com\/da\/udflugter\/2-hours-dogsledding-2\/\"]}]},{\"@type\":\"ImageObject\",\"inLanguage\":\"da-DK\",\"@id\":\"https:\/\/arcticexcursions.com\/da\/udflugter\/2-hours-dogsledding-2\/#primaryimage\",\"url\":\"https:\/\/arcticexcursions.com\/wp-content\/uploads\/2024\/01\/DBT-Dogsledding-11-scaled.jpg\",\"contentUrl\":\"https:\/\/arcticexcursions.com\/wp-content\/uploads\/2024\/01\/DBT-Dogsledding-11-scaled.jpg\",\"width\":2560,\"height\":1440},{\"@type\":\"BreadcrumbList\",\"@id\":\"https:\/\/arcticexcursions.com\/da\/udflugter\/2-hours-dogsledding-2\/#breadcrumb\",\"itemListElement\":[{\"@type\":\"ListItem\",\"position\":1,\"name\":\"Home\",\"item\":\"https:\/\/arcticexcursions.com\/da\/\"},{\"@type\":\"ListItem\",\"position\":2,\"name\":\"Udflugter i Gr\u00f8nland\",\"item\":\"https:\/\/arcticexcursions.com\/da\/udflugter\/\"},{\"@type\":\"ListItem\",\"position\":3,\"name\":\"Unik Hundesl\u00e6deoplevelse\"}]},{\"@type\":\"WebSite\",\"@id\":\"https:\/\/arcticexcursions.com\/#website\",\"url\":\"https:\/\/arcticexcursions.com\/\",\"name\":\"Arctic Excursions\",\"description\":\"New adventures. Every day.\",\"publisher\":{\"@id\":\"https:\/\/arcticexcursions.com\/#organization\"},\"potentialAction\":[{\"@type\":\"SearchAction\",\"target\":{\"@type\":\"EntryPoint\",\"urlTemplate\":\"https:\/\/arcticexcursions.com\/?s={search_term_string}\"},\"query-input\":{\"@type\":\"PropertyValueSpecification\",\"valueRequired\":true,\"valueName\":\"search_term_string\"}}],\"inLanguage\":\"da-DK\"},{\"@type\":\"Organization\",\"@id\":\"https:\/\/arcticexcursions.com\/#organization\",\"name\":\"Arctic Excursions\",\"url\":\"https:\/\/arcticexcursions.com\/\",\"logo\":{\"@type\":\"ImageObject\",\"inLanguage\":\"da-DK\",\"@id\":\"https:\/\/arcticexcursions.com\/#\/schema\/logo\/image\/\",\"url\":\"https:\/\/arcticexcursions.com\/wp-content\/uploads\/2022\/11\/fb-logo.png\",\"contentUrl\":\"https:\/\/arcticexcursions.com\/wp-content\/uploads\/2022\/11\/fb-logo.png\",\"width\":523,\"height\":523,\"caption\":\"Arctic Excursions\"},\"image\":{\"@id\":\"https:\/\/arcticexcursions.com\/#\/schema\/logo\/image\/\"}}]}<\/script>\n<!-- \/ Yoast SEO plugin. -->","yoast_head_json":{"title":"Arctic Excursions","robots":{"index":"index","follow":"follow","max-snippet":"max-snippet:-1","max-image-preview":"max-image-preview:large","max-video-preview":"max-video-preview:-1"},"canonical":"https:\/\/arcticexcursions.com\/da\/udflugter\/2-hours-dogsledding-2\/","og_locale":"da_DK","og_type":"article","og_title":"Unik Hundesl\u00e6deoplevelse - Arctic Excursions","og_description":"Oplev Gr\u00f8nlands vinterkultur p\u00e5 en unik m\u00e5de med en kombination af den popul\u00e6re 'Meet N\u2019 Greet the Arctic Sleddog' og en smuk hundesl\u00e6detur gennem det arktiske landskab","og_url":"https:\/\/arcticexcursions.com\/da\/udflugter\/2-hours-dogsledding-2\/","og_site_name":"Arctic Excursions","article_modified_time":"2026-04-20T17:07:57+00:00","og_image":[{"width":2560,"height":1440,"url":"https:\/\/arcticexcursions.com\/wp-content\/uploads\/2024\/01\/DBT-Dogsledding-11-scaled.jpg","type":"image\/jpeg"}],"twitter_card":"summary_large_image","twitter_misc":{"Estimeret l\u00e6setid":"1 minut"},"schema":{"@context":"https:\/\/schema.org","@graph":[{"@type":"WebPage","@id":"https:\/\/arcticexcursions.com\/da\/udflugter\/2-hours-dogsledding-2\/","url":"https:\/\/arcticexcursions.com\/da\/udflugter\/2-hours-dogsledding-2\/","name":"Unik Hundesl\u00e6deoplevelse - Arctic Excursions","isPartOf":{"@id":"https:\/\/arcticexcursions.com\/#website"},"primaryImageOfPage":{"@id":"https:\/\/arcticexcursions.com\/da\/udflugter\/2-hours-dogsledding-2\/#primaryimage"},"image":{"@id":"https:\/\/arcticexcursions.com\/da\/udflugter\/2-hours-dogsledding-2\/#primaryimage"},"thumbnailUrl":"https:\/\/arcticexcursions.com\/wp-content\/uploads\/2024\/01\/DBT-Dogsledding-11-scaled.jpg","datePublished":"2024-10-15T15:14:20+00:00","dateModified":"2026-04-20T17:07:57+00:00","breadcrumb":{"@id":"https:\/\/arcticexcursions.com\/da\/udflugter\/2-hours-dogsledding-2\/#breadcrumb"},"inLanguage":"da-DK","potentialAction":[{"@type":"ReadAction","target":["https:\/\/arcticexcursions.com\/da\/udflugter\/2-hours-dogsledding-2\/"]}]},{"@type":"ImageObject","inLanguage":"da-DK","@id":"https:\/\/arcticexcursions.com\/da\/udflugter\/2-hours-dogsledding-2\/#primaryimage","url":"https:\/\/arcticexcursions.com\/wp-content\/uploads\/2024\/01\/DBT-Dogsledding-11-scaled.jpg","contentUrl":"https:\/\/arcticexcursions.com\/wp-content\/uploads\/2024\/01\/DBT-Dogsledding-11-scaled.jpg","width":2560,"height":1440},{"@type":"BreadcrumbList","@id":"https:\/\/arcticexcursions.com\/da\/udflugter\/2-hours-dogsledding-2\/#breadcrumb","itemListElement":[{"@type":"ListItem","position":1,"name":"Home","item":"https:\/\/arcticexcursions.com\/da\/"},{"@type":"ListItem","position":2,"name":"Udflugter i Gr\u00f8nland","item":"https:\/\/arcticexcursions.com\/da\/udflugter\/"},{"@type":"ListItem","position":3,"name":"Unik Hundesl\u00e6deoplevelse"}]},{"@type":"WebSite","@id":"https:\/\/arcticexcursions.com\/#website","url":"https:\/\/arcticexcursions.com\/","name":"Arctic Excursions","description":"New adventures. Every day.","publisher":{"@id":"https:\/\/arcticexcursions.com\/#organization"},"potentialAction":[{"@type":"SearchAction","target":{"@type":"EntryPoint","urlTemplate":"https:\/\/arcticexcursions.com\/?s={search_term_string}"},"query-input":{"@type":"PropertyValueSpecification","valueRequired":true,"valueName":"search_term_string"}}],"inLanguage":"da-DK"},{"@type":"Organization","@id":"https:\/\/arcticexcursions.com\/#organization","name":"Arctic Excursions","url":"https:\/\/arcticexcursions.com\/","logo":{"@type":"ImageObject","inLanguage":"da-DK","@id":"https:\/\/arcticexcursions.com\/#\/schema\/logo\/image\/","url":"https:\/\/arcticexcursions.com\/wp-content\/uploads\/2022\/11\/fb-logo.png","contentUrl":"https:\/\/arcticexcursions.com\/wp-content\/uploads\/2022\/11\/fb-logo.png","width":523,"height":523,"caption":"Arctic Excursions"},"image":{"@id":"https:\/\/arcticexcursions.com\/#\/schema\/logo\/image\/"}}]}},"_links":{"self":[{"href":"https:\/\/arcticexcursions.com\/da\/wp-json\/wp\/v2\/product\/41570"}],"collection":[{"href":"https:\/\/arcticexcursions.com\/da\/wp-json\/wp\/v2\/product"}],"about":[{"href":"https:\/\/arcticexcursions.com\/da\/wp-json\/wp\/v2\/types\/product"}],"replies":[{"embeddable":true,"href":"https:\/\/arcticexcursions.com\/da\/wp-json\/wp\/v2\/comments?post=41570"}],"wp:featuredmedia":[{"embeddable":true,"href":"https:\/\/arcticexcursions.com\/da\/wp-json\/wp\/v2\/media\/28990"}],"wp:attachment":[{"href":"https:\/\/arcticexcursions.com\/da\/wp-json\/wp\/v2\/media?parent=41570"}],"wp:term":[{"taxonomy":"product_brand","embeddable":true,"href":"https:\/\/arcticexcursions.com\/da\/wp-json\/wp\/v2\/product_brand?post=41570"},{"taxonomy":"product_cat","embeddable":true,"href":"https:\/\/arcticexcursions.com\/da\/wp-json\/wp\/v2\/product_cat?post=41570"},{"taxonomy":"product_tag","embeddable":true,"href":"https:\/\/arcticexcursions.com\/da\/wp-json\/wp\/v2\/product_tag?post=41570"}],"curies":[{"name":"wp","href":"https:\/\/api.w.org\/{rel}","templated":true}]}}