{"id":41580,"date":"2024-10-16T19:05:21","date_gmt":"2024-10-16T17:05:21","guid":{"rendered":"https:\/\/arcticexcursions.com\/?post_type=product&#038;p=41580"},"modified":"2025-10-29T17:42:00","modified_gmt":"2025-10-29T15:42:00","slug":"city-walk-with-local-guides","status":"publish","type":"product","link":"https:\/\/arcticexcursions.com\/da\/udflugter\/city-walk-with-local-guides\/","title":{"rendered":"Byrundtur med lokale guider"},"content":{"rendered":"<p>G\u00e5 en tur gennem den livlige bymidte, den travle havn og kvartererne, hvor gr\u00f8nlandske sl\u00e6dehunde bor. Oplev den betagende udsigt over Diskobugten, og h\u00f8r p\u00e5 f\u00f8rste h\u00e5nd, hvordan det er at bo i Ilulissat i dag.<\/p>\n<p>Turen, der ledes af en lokal guide med dyb viden om Gr\u00f8nland, tilbyder en personlig oplevelse gennem et unikt dialogbaseret format, der opfordrer til interaktion med g\u00e6sterne. Du l\u00e6rer om alt fra byens v\u00e6kst og industrialisering til dens moderne afh\u00e6ngighed af fiskeri og turisme.<\/p>\n<p><b>Transport:<\/b> G\u00e5ture<\/p>\n<p><b>Varighed:<\/b> 2 timer<\/p>\n<p><b>Deltagere:<\/b> Bem\u00e6rk venligst, at udflugten kun finder sted, hvis der bookes mindst 4 billetter i alt. Hvis du f.eks. booker 1 billet, skal mindst 3 ekstra billetter s\u00e6lges til andre kunder, for at turen kan forts\u00e6tte.<\/p>\n<p><b>Sprog:<\/b> Guiden taler engelsk, dansk og gr\u00f8nlandsk<\/p>\n<p><b>Sv\u00e6rhedsgrad:<\/b> Enhver, der kan g\u00e5 i et roligt tempo med pauser ved sev\u00e6rdighederne, kan deltage i denne tur<\/p>\n<p><b>Forplejning:<\/b> Ingen inkluderet, du er velkommen til at medbringe snacks og drikkevarer<\/p>\n<p><b>Anbefalet bekl\u00e6dning:<\/b> Praktisk fodt\u00f8j og varmt t\u00f8j, hvis temperaturen er lav. Solbriller og solcreme om sommeren.<\/p>\n","protected":false},"excerpt":{"rendered":"<p>Deltag i vores Ilulissat City Tour, den perfekte introduktion til Gr\u00f8nlands pulserende hjerte! Denne fordybende byvandring tager dig med p\u00e5 en rejse gennem Ilulissats rige historie, fra dens oprindelse som en dansk koloni i 1741 til dens forvandling til en blomstrende, moderne by.<\/p>\n","protected":false},"featured_media":41588,"comment_status":"open","ping_status":"closed","template":"","meta":{"_acf_changed":false},"product_brand":[],"product_cat":[101,170],"product_tag":[],"class_list":{"0":"post-41580","1":"product","2":"type-product","3":"status-publish","4":"has-post-thumbnail","6":"product_cat-tour","7":"product_cat-udflugt","8":"pa_dato-5887","9":"pa_dato-1245","10":"pa_dato-5994","11":"pa_dato-6014","12":"pa_dato-1362","13":"pa_dato-5895","14":"pa_dato-5892","15":"pa_dato-5938","16":"pa_dato-5961","17":"pa_dato-5978","18":"pa_tidspunkt-40","19":"pa_tidspunkt-61","20":"tour_location-ilulissat-da","21":"tour_type-byvandring","22":"tour_state-allowed_prebooking","23":"tour_state-show_always","24":"tour_tickettype-arctic_excursions","25":"tour_operator-diskobay-tours","27":"first","28":"outofstock","29":"shipping-taxable","30":"product-type-variable"},"acf":[],"yoast_head":"<!-- This site is optimized with the Yoast SEO plugin v23.6 - https:\/\/yoast.com\/wordpress\/plugins\/seo\/ -->\n<title>Arctic Excursions<\/title>\n<meta name=\"robots\" content=\"index, follow, max-snippet:-1, max-image-preview:large, max-video-preview:-1\" \/>\n<link rel=\"canonical\" href=\"https:\/\/arcticexcursions.com\/udflugter\/city-walk-with-local-guides\/\" \/>\n<meta property=\"og:locale\" content=\"da_DK\" \/>\n<meta property=\"og:type\" content=\"article\" \/>\n<meta property=\"og:title\" content=\"Byrundtur med lokale guider - Arctic Excursions\" \/>\n<meta property=\"og:description\" content=\"Deltag i vores Ilulissat City Tour, den perfekte introduktion til Gr\u00f8nlands pulserende hjerte! Denne fordybende byvandring tager dig med p\u00e5 en rejse gennem Ilulissats rige historie, fra dens oprindelse som en dansk koloni i 1741 til dens forvandling til en blomstrende, moderne by.\" \/>\n<meta property=\"og:url\" content=\"https:\/\/arcticexcursions.com\/udflugter\/city-walk-with-local-guides\/\" \/>\n<meta property=\"og:site_name\" content=\"Arctic Excursions\" \/>\n<meta property=\"article:modified_time\" content=\"2025-10-29T15:42:00+00:00\" \/>\n<meta property=\"og:image\" content=\"https:\/\/arcticexcursions.com\/wp-content\/uploads\/2024\/10\/By-4_logo.jpg\" \/>\n\t<meta property=\"og:image:width\" content=\"1440\" \/>\n\t<meta property=\"og:image:height\" content=\"1439\" \/>\n\t<meta property=\"og:image:type\" content=\"image\/jpeg\" \/>\n<meta name=\"twitter:card\" content=\"summary_large_image\" \/>\n<meta name=\"twitter:label1\" content=\"Estimeret l\u00e6setid\" \/>\n\t<meta name=\"twitter:data1\" content=\"1 minut\" \/>\n<script type=\"application\/ld+json\" class=\"yoast-schema-graph\">{\"@context\":\"https:\/\/schema.org\",\"@graph\":[{\"@type\":\"WebPage\",\"@id\":\"https:\/\/arcticexcursions.com\/udflugter\/city-walk-with-local-guides\/\",\"url\":\"https:\/\/arcticexcursions.com\/udflugter\/city-walk-with-local-guides\/\",\"name\":\"Byrundtur med lokale guider - Arctic Excursions\",\"isPartOf\":{\"@id\":\"https:\/\/arcticexcursions.com\/#website\"},\"primaryImageOfPage\":{\"@id\":\"https:\/\/arcticexcursions.com\/udflugter\/city-walk-with-local-guides\/#primaryimage\"},\"image\":{\"@id\":\"https:\/\/arcticexcursions.com\/udflugter\/city-walk-with-local-guides\/#primaryimage\"},\"thumbnailUrl\":\"https:\/\/arcticexcursions.com\/wp-content\/uploads\/2024\/10\/By-4_logo.jpg\",\"datePublished\":\"2024-10-16T17:05:21+00:00\",\"dateModified\":\"2025-10-29T15:42:00+00:00\",\"breadcrumb\":{\"@id\":\"https:\/\/arcticexcursions.com\/udflugter\/city-walk-with-local-guides\/#breadcrumb\"},\"inLanguage\":\"da-DK\",\"potentialAction\":[{\"@type\":\"ReadAction\",\"target\":[\"https:\/\/arcticexcursions.com\/udflugter\/city-walk-with-local-guides\/\"]}]},{\"@type\":\"ImageObject\",\"inLanguage\":\"da-DK\",\"@id\":\"https:\/\/arcticexcursions.com\/udflugter\/city-walk-with-local-guides\/#primaryimage\",\"url\":\"https:\/\/arcticexcursions.com\/wp-content\/uploads\/2024\/10\/By-4_logo.jpg\",\"contentUrl\":\"https:\/\/arcticexcursions.com\/wp-content\/uploads\/2024\/10\/By-4_logo.jpg\",\"width\":1440,\"height\":1439},{\"@type\":\"BreadcrumbList\",\"@id\":\"https:\/\/arcticexcursions.com\/udflugter\/city-walk-with-local-guides\/#breadcrumb\",\"itemListElement\":[{\"@type\":\"ListItem\",\"position\":1,\"name\":\"Home\",\"item\":\"https:\/\/arcticexcursions.com\/da\/\"},{\"@type\":\"ListItem\",\"position\":2,\"name\":\"Udflugter i Gr\u00f8nland\",\"item\":\"https:\/\/arcticexcursions.com\/da\/udflugter\/\"},{\"@type\":\"ListItem\",\"position\":3,\"name\":\"Byrundtur med lokale guider\"}]},{\"@type\":\"WebSite\",\"@id\":\"https:\/\/arcticexcursions.com\/#website\",\"url\":\"https:\/\/arcticexcursions.com\/\",\"name\":\"Arctic Excursions\",\"description\":\"New adventures. Every day.\",\"publisher\":{\"@id\":\"https:\/\/arcticexcursions.com\/#organization\"},\"potentialAction\":[{\"@type\":\"SearchAction\",\"target\":{\"@type\":\"EntryPoint\",\"urlTemplate\":\"https:\/\/arcticexcursions.com\/?s={search_term_string}\"},\"query-input\":{\"@type\":\"PropertyValueSpecification\",\"valueRequired\":true,\"valueName\":\"search_term_string\"}}],\"inLanguage\":\"da-DK\"},{\"@type\":\"Organization\",\"@id\":\"https:\/\/arcticexcursions.com\/#organization\",\"name\":\"Arctic Excursions\",\"url\":\"https:\/\/arcticexcursions.com\/\",\"logo\":{\"@type\":\"ImageObject\",\"inLanguage\":\"da-DK\",\"@id\":\"https:\/\/arcticexcursions.com\/#\/schema\/logo\/image\/\",\"url\":\"https:\/\/arcticexcursions.com\/wp-content\/uploads\/2022\/11\/fb-logo.png\",\"contentUrl\":\"https:\/\/arcticexcursions.com\/wp-content\/uploads\/2022\/11\/fb-logo.png\",\"width\":523,\"height\":523,\"caption\":\"Arctic Excursions\"},\"image\":{\"@id\":\"https:\/\/arcticexcursions.com\/#\/schema\/logo\/image\/\"}}]}<\/script>\n<!-- \/ Yoast SEO plugin. -->","yoast_head_json":{"title":"Arctic Excursions","robots":{"index":"index","follow":"follow","max-snippet":"max-snippet:-1","max-image-preview":"max-image-preview:large","max-video-preview":"max-video-preview:-1"},"canonical":"https:\/\/arcticexcursions.com\/udflugter\/city-walk-with-local-guides\/","og_locale":"da_DK","og_type":"article","og_title":"Byrundtur med lokale guider - Arctic Excursions","og_description":"Deltag i vores Ilulissat City Tour, den perfekte introduktion til Gr\u00f8nlands pulserende hjerte! Denne fordybende byvandring tager dig med p\u00e5 en rejse gennem Ilulissats rige historie, fra dens oprindelse som en dansk koloni i 1741 til dens forvandling til en blomstrende, moderne by.","og_url":"https:\/\/arcticexcursions.com\/udflugter\/city-walk-with-local-guides\/","og_site_name":"Arctic Excursions","article_modified_time":"2025-10-29T15:42:00+00:00","og_image":[{"width":1440,"height":1439,"url":"https:\/\/arcticexcursions.com\/wp-content\/uploads\/2024\/10\/By-4_logo.jpg","type":"image\/jpeg"}],"twitter_card":"summary_large_image","twitter_misc":{"Estimeret l\u00e6setid":"1 minut"},"schema":{"@context":"https:\/\/schema.org","@graph":[{"@type":"WebPage","@id":"https:\/\/arcticexcursions.com\/udflugter\/city-walk-with-local-guides\/","url":"https:\/\/arcticexcursions.com\/udflugter\/city-walk-with-local-guides\/","name":"Byrundtur med lokale guider - Arctic Excursions","isPartOf":{"@id":"https:\/\/arcticexcursions.com\/#website"},"primaryImageOfPage":{"@id":"https:\/\/arcticexcursions.com\/udflugter\/city-walk-with-local-guides\/#primaryimage"},"image":{"@id":"https:\/\/arcticexcursions.com\/udflugter\/city-walk-with-local-guides\/#primaryimage"},"thumbnailUrl":"https:\/\/arcticexcursions.com\/wp-content\/uploads\/2024\/10\/By-4_logo.jpg","datePublished":"2024-10-16T17:05:21+00:00","dateModified":"2025-10-29T15:42:00+00:00","breadcrumb":{"@id":"https:\/\/arcticexcursions.com\/udflugter\/city-walk-with-local-guides\/#breadcrumb"},"inLanguage":"da-DK","potentialAction":[{"@type":"ReadAction","target":["https:\/\/arcticexcursions.com\/udflugter\/city-walk-with-local-guides\/"]}]},{"@type":"ImageObject","inLanguage":"da-DK","@id":"https:\/\/arcticexcursions.com\/udflugter\/city-walk-with-local-guides\/#primaryimage","url":"https:\/\/arcticexcursions.com\/wp-content\/uploads\/2024\/10\/By-4_logo.jpg","contentUrl":"https:\/\/arcticexcursions.com\/wp-content\/uploads\/2024\/10\/By-4_logo.jpg","width":1440,"height":1439},{"@type":"BreadcrumbList","@id":"https:\/\/arcticexcursions.com\/udflugter\/city-walk-with-local-guides\/#breadcrumb","itemListElement":[{"@type":"ListItem","position":1,"name":"Home","item":"https:\/\/arcticexcursions.com\/da\/"},{"@type":"ListItem","position":2,"name":"Udflugter i Gr\u00f8nland","item":"https:\/\/arcticexcursions.com\/da\/udflugter\/"},{"@type":"ListItem","position":3,"name":"Byrundtur med lokale guider"}]},{"@type":"WebSite","@id":"https:\/\/arcticexcursions.com\/#website","url":"https:\/\/arcticexcursions.com\/","name":"Arctic Excursions","description":"New adventures. Every day.","publisher":{"@id":"https:\/\/arcticexcursions.com\/#organization"},"potentialAction":[{"@type":"SearchAction","target":{"@type":"EntryPoint","urlTemplate":"https:\/\/arcticexcursions.com\/?s={search_term_string}"},"query-input":{"@type":"PropertyValueSpecification","valueRequired":true,"valueName":"search_term_string"}}],"inLanguage":"da-DK"},{"@type":"Organization","@id":"https:\/\/arcticexcursions.com\/#organization","name":"Arctic Excursions","url":"https:\/\/arcticexcursions.com\/","logo":{"@type":"ImageObject","inLanguage":"da-DK","@id":"https:\/\/arcticexcursions.com\/#\/schema\/logo\/image\/","url":"https:\/\/arcticexcursions.com\/wp-content\/uploads\/2022\/11\/fb-logo.png","contentUrl":"https:\/\/arcticexcursions.com\/wp-content\/uploads\/2022\/11\/fb-logo.png","width":523,"height":523,"caption":"Arctic Excursions"},"image":{"@id":"https:\/\/arcticexcursions.com\/#\/schema\/logo\/image\/"}}]}},"_links":{"self":[{"href":"https:\/\/arcticexcursions.com\/da\/wp-json\/wp\/v2\/product\/41580"}],"collection":[{"href":"https:\/\/arcticexcursions.com\/da\/wp-json\/wp\/v2\/product"}],"about":[{"href":"https:\/\/arcticexcursions.com\/da\/wp-json\/wp\/v2\/types\/product"}],"replies":[{"embeddable":true,"href":"https:\/\/arcticexcursions.com\/da\/wp-json\/wp\/v2\/comments?post=41580"}],"wp:featuredmedia":[{"embeddable":true,"href":"https:\/\/arcticexcursions.com\/da\/wp-json\/wp\/v2\/media\/41588"}],"wp:attachment":[{"href":"https:\/\/arcticexcursions.com\/da\/wp-json\/wp\/v2\/media?parent=41580"}],"wp:term":[{"taxonomy":"product_brand","embeddable":true,"href":"https:\/\/arcticexcursions.com\/da\/wp-json\/wp\/v2\/product_brand?post=41580"},{"taxonomy":"product_cat","embeddable":true,"href":"https:\/\/arcticexcursions.com\/da\/wp-json\/wp\/v2\/product_cat?post=41580"},{"taxonomy":"product_tag","embeddable":true,"href":"https:\/\/arcticexcursions.com\/da\/wp-json\/wp\/v2\/product_tag?post=41580"}],"curies":[{"name":"wp","href":"https:\/\/api.w.org\/{rel}","templated":true}]}}