{"id":41593,"date":"2024-10-16T19:21:47","date_gmt":"2024-10-16T17:21:47","guid":{"rendered":"https:\/\/arcticexcursions.com\/?post_type=product&#038;p=41593"},"modified":"2025-12-31T18:00:31","modified_gmt":"2025-12-31T16:00:31","slug":"meet-n-greet-the-sleddog-2","status":"publish","type":"product","link":"https:\/\/arcticexcursions.com\/da\/udflugter\/meet-n-greet-the-sleddog-2\/","title":{"rendered":"Meet N Greet Gr\u00f8nlandske sl\u00e6dehunde"},"content":{"rendered":"<p>Hos Team Diskobay Tours er vi stolte af at have en stor flok gr\u00f8nlandske sl\u00e6dehunde som en del af vores familie, der spiller en afg\u00f8rende rolle i b\u00e5de vores vinter- og sommereventyr. Disse ekstraordin\u00e6re hunde er mere end blot tr\u00e6khunder; de er levende symboler p\u00e5 Arktis&#8217; rige historie og kultur.<\/p>\n<p>Om vinteren viser vores hunde vejen p\u00e5 sp\u00e6ndende hundesl\u00e6deture gennem det fantastiske gr\u00f8nlandske landskab. Uanset om du tager med p\u00e5 en uforglemmelig tur eller blot ser dem i aktion, vil du opleve det utrolige b\u00e5nd mellem mennesker og disse smukke hunde &#8211; et b\u00e5nd, der g\u00e5r tusinder af \u00e5r tilbage.<\/p>\n<p>Men vores hunde er ikke kun til vinteren! Om sommeren fokuserer vi p\u00e5 at \u00f8ge bevidstheden om vigtigheden af \u200b\u200bat bevare den arktiske sl\u00e6dehunderace, hvor der i dag er mindre end 10.000 hunde tilbage i Gr\u00f8nland. Vi inviterer bes\u00f8gende til at m\u00f8de vores hunde t\u00e6t p\u00e5, l\u00e6re om deres historie og forst\u00e5 deres dybe forbindelse til befolkningen i Arktis. Under dit bes\u00f8g vil du se traditionelt hundesl\u00e6deudstyr, h\u00f8re fascinerende historier fra vores personlige oplevelser og selvf\u00f8lgelig m\u00f8de masser af glade og selvsikre sl\u00e6dehunde, der er ivrige efter at blive nusset og k\u00e6let med.<\/p>\n<p>Vores m\u00e5l er at dele vigtigheden af \u200b\u200bdisse fantastiske hunde, samtidig med at vi giver en sikker og forn\u00f8jelig oplevelse for alle. Vi guider dig i, hvordan du interagerer med vores hunde, og s\u00f8rger for, at du har det godt under dit bes\u00f8g. Husk at kl\u00e6de dig varmt p\u00e5 og v\u00e6re klar til en unik oplevelse fyldt med historie, eventyr og masser af hundek\u00e6rlighed!<\/p>\n<p>Bliv en del af Team Diskobay Tours, og hj\u00e6lp os med at bevare arven fra den arktiske sl\u00e6dehund &#8211; \u00e9t uforglemmeligt \u00f8jeblik ad gangen!<\/p>\n<p><b>Transport:<\/b> G\u00e5ture<\/p>\n<p><b>Varighed:<\/b> 1,5 time<\/p>\n<p><b>Deltagere:<\/b> Bem\u00e6rk venligst, at udflugten kun finder sted, hvis der bookes mindst 4 billetter i alt. Hvis du f.eks. booker 1 billet, skal mindst 3 ekstra billetter s\u00e6lges til andre kunder, for at turen kan forts\u00e6tte.<\/p>\n<p><b>Sprog:<\/b> Guiden taler engelsk, dansk og gr\u00f8nlandsk<\/p>\n","protected":false},"excerpt":{"rendered":"<p>Kom med til en unik oplevelse, hvor du m\u00f8der vores venlige hundeflok i trygge omgivelser. H\u00f8r f\u00e6ngslende historier om den gr\u00f8nlandske sl\u00e6dehund, deres rolle i arktisk historie, og hvordan den er blevet brugt i generationer. Oplev, hvordan vi forts\u00e6tter med at arbejde med disse utrolige dyr i dag &#8211; g\u00e5 ikke glip af denne chance for at forbinde med hjertet af gr\u00f8nlandsk kultur!<\/p>\n","protected":false},"featured_media":28183,"comment_status":"open","ping_status":"closed","template":"","meta":{"_acf_changed":false},"product_brand":[],"product_cat":[101,170],"product_tag":[],"class_list":{"0":"post-41593","1":"product","2":"type-product","3":"status-publish","4":"has-post-thumbnail","6":"product_cat-tour","7":"product_cat-udflugt","8":"pa_dato-1269","9":"pa_dato-5871","10":"pa_dato-1339","11":"pa_dato-5969","12":"pa_dato-1391","13":"pa_dato-6011","14":"pa_dato-5872","15":"pa_dato-1270","16":"pa_dato-5873","17":"pa_dato-6012","18":"pa_dato-6001","19":"pa_dato-5893","20":"pa_dato-5949","21":"pa_dato-5966","22":"pa_dato-5979","23":"pa_tidspunkt-308","24":"tour_location-ilulissat-da","25":"tour_type-kultur","26":"tour_state-allowed_prebooking","27":"tour_state-show_always","28":"tour_tickettype-arctic_excursions","29":"tour_operator-diskobay-tours","31":"first","32":"outofstock","33":"shipping-taxable","34":"product-type-variable"},"acf":[],"yoast_head":"<!-- This site is optimized with the Yoast SEO plugin v23.6 - https:\/\/yoast.com\/wordpress\/plugins\/seo\/ -->\n<title>Arctic Excursions<\/title>\n<meta name=\"robots\" content=\"index, follow, max-snippet:-1, max-image-preview:large, max-video-preview:-1\" \/>\n<link rel=\"canonical\" href=\"https:\/\/arcticexcursions.com\/udflugter\/meet-n-greet-the-sleddog-2\/\" \/>\n<meta property=\"og:locale\" content=\"da_DK\" \/>\n<meta property=\"og:type\" content=\"article\" \/>\n<meta property=\"og:title\" content=\"Meet N Greet Gr\u00f8nlandske sl\u00e6dehunde - Arctic Excursions\" \/>\n<meta property=\"og:description\" content=\"Kom med til en unik oplevelse, hvor du m\u00f8der vores venlige hundeflok i trygge omgivelser. H\u00f8r f\u00e6ngslende historier om den gr\u00f8nlandske sl\u00e6dehund, deres rolle i arktisk historie, og hvordan den er blevet brugt i generationer. Oplev, hvordan vi forts\u00e6tter med at arbejde med disse utrolige dyr i dag - g\u00e5 ikke glip af denne chance for at forbinde med hjertet af gr\u00f8nlandsk kultur!\" \/>\n<meta property=\"og:url\" content=\"https:\/\/arcticexcursions.com\/udflugter\/meet-n-greet-the-sleddog-2\/\" \/>\n<meta property=\"og:site_name\" content=\"Arctic Excursions\" \/>\n<meta property=\"article:modified_time\" content=\"2025-12-31T16:00:31+00:00\" \/>\n<meta property=\"og:image\" content=\"https:\/\/arcticexcursions.com\/wp-content\/uploads\/2024\/01\/Meet-N-Greet-5.jpg\" \/>\n\t<meta property=\"og:image:width\" content=\"960\" \/>\n\t<meta property=\"og:image:height\" content=\"960\" \/>\n\t<meta property=\"og:image:type\" content=\"image\/jpeg\" \/>\n<meta name=\"twitter:card\" content=\"summary_large_image\" \/>\n<meta name=\"twitter:label1\" content=\"Estimeret l\u00e6setid\" \/>\n\t<meta name=\"twitter:data1\" content=\"2 minutter\" \/>\n<script type=\"application\/ld+json\" class=\"yoast-schema-graph\">{\"@context\":\"https:\/\/schema.org\",\"@graph\":[{\"@type\":\"WebPage\",\"@id\":\"https:\/\/arcticexcursions.com\/udflugter\/meet-n-greet-the-sleddog-2\/\",\"url\":\"https:\/\/arcticexcursions.com\/udflugter\/meet-n-greet-the-sleddog-2\/\",\"name\":\"Meet N Greet Gr\u00f8nlandske sl\u00e6dehunde - Arctic Excursions\",\"isPartOf\":{\"@id\":\"https:\/\/arcticexcursions.com\/#website\"},\"primaryImageOfPage\":{\"@id\":\"https:\/\/arcticexcursions.com\/udflugter\/meet-n-greet-the-sleddog-2\/#primaryimage\"},\"image\":{\"@id\":\"https:\/\/arcticexcursions.com\/udflugter\/meet-n-greet-the-sleddog-2\/#primaryimage\"},\"thumbnailUrl\":\"https:\/\/arcticexcursions.com\/wp-content\/uploads\/2024\/01\/Meet-N-Greet-5.jpg\",\"datePublished\":\"2024-10-16T17:21:47+00:00\",\"dateModified\":\"2025-12-31T16:00:31+00:00\",\"breadcrumb\":{\"@id\":\"https:\/\/arcticexcursions.com\/udflugter\/meet-n-greet-the-sleddog-2\/#breadcrumb\"},\"inLanguage\":\"da-DK\",\"potentialAction\":[{\"@type\":\"ReadAction\",\"target\":[\"https:\/\/arcticexcursions.com\/udflugter\/meet-n-greet-the-sleddog-2\/\"]}]},{\"@type\":\"ImageObject\",\"inLanguage\":\"da-DK\",\"@id\":\"https:\/\/arcticexcursions.com\/udflugter\/meet-n-greet-the-sleddog-2\/#primaryimage\",\"url\":\"https:\/\/arcticexcursions.com\/wp-content\/uploads\/2024\/01\/Meet-N-Greet-5.jpg\",\"contentUrl\":\"https:\/\/arcticexcursions.com\/wp-content\/uploads\/2024\/01\/Meet-N-Greet-5.jpg\",\"width\":960,\"height\":960},{\"@type\":\"BreadcrumbList\",\"@id\":\"https:\/\/arcticexcursions.com\/udflugter\/meet-n-greet-the-sleddog-2\/#breadcrumb\",\"itemListElement\":[{\"@type\":\"ListItem\",\"position\":1,\"name\":\"Home\",\"item\":\"https:\/\/arcticexcursions.com\/da\/\"},{\"@type\":\"ListItem\",\"position\":2,\"name\":\"Udflugter i Gr\u00f8nland\",\"item\":\"https:\/\/arcticexcursions.com\/da\/udflugter\/\"},{\"@type\":\"ListItem\",\"position\":3,\"name\":\"Meet N Greet Gr\u00f8nlandske sl\u00e6dehunde\"}]},{\"@type\":\"WebSite\",\"@id\":\"https:\/\/arcticexcursions.com\/#website\",\"url\":\"https:\/\/arcticexcursions.com\/\",\"name\":\"Arctic Excursions\",\"description\":\"New adventures. Every day.\",\"publisher\":{\"@id\":\"https:\/\/arcticexcursions.com\/#organization\"},\"potentialAction\":[{\"@type\":\"SearchAction\",\"target\":{\"@type\":\"EntryPoint\",\"urlTemplate\":\"https:\/\/arcticexcursions.com\/?s={search_term_string}\"},\"query-input\":{\"@type\":\"PropertyValueSpecification\",\"valueRequired\":true,\"valueName\":\"search_term_string\"}}],\"inLanguage\":\"da-DK\"},{\"@type\":\"Organization\",\"@id\":\"https:\/\/arcticexcursions.com\/#organization\",\"name\":\"Arctic Excursions\",\"url\":\"https:\/\/arcticexcursions.com\/\",\"logo\":{\"@type\":\"ImageObject\",\"inLanguage\":\"da-DK\",\"@id\":\"https:\/\/arcticexcursions.com\/#\/schema\/logo\/image\/\",\"url\":\"https:\/\/arcticexcursions.com\/wp-content\/uploads\/2022\/11\/fb-logo.png\",\"contentUrl\":\"https:\/\/arcticexcursions.com\/wp-content\/uploads\/2022\/11\/fb-logo.png\",\"width\":523,\"height\":523,\"caption\":\"Arctic Excursions\"},\"image\":{\"@id\":\"https:\/\/arcticexcursions.com\/#\/schema\/logo\/image\/\"}}]}<\/script>\n<!-- \/ Yoast SEO plugin. -->","yoast_head_json":{"title":"Arctic Excursions","robots":{"index":"index","follow":"follow","max-snippet":"max-snippet:-1","max-image-preview":"max-image-preview:large","max-video-preview":"max-video-preview:-1"},"canonical":"https:\/\/arcticexcursions.com\/udflugter\/meet-n-greet-the-sleddog-2\/","og_locale":"da_DK","og_type":"article","og_title":"Meet N Greet Gr\u00f8nlandske sl\u00e6dehunde - Arctic Excursions","og_description":"Kom med til en unik oplevelse, hvor du m\u00f8der vores venlige hundeflok i trygge omgivelser. H\u00f8r f\u00e6ngslende historier om den gr\u00f8nlandske sl\u00e6dehund, deres rolle i arktisk historie, og hvordan den er blevet brugt i generationer. Oplev, hvordan vi forts\u00e6tter med at arbejde med disse utrolige dyr i dag - g\u00e5 ikke glip af denne chance for at forbinde med hjertet af gr\u00f8nlandsk kultur!","og_url":"https:\/\/arcticexcursions.com\/udflugter\/meet-n-greet-the-sleddog-2\/","og_site_name":"Arctic Excursions","article_modified_time":"2025-12-31T16:00:31+00:00","og_image":[{"width":960,"height":960,"url":"https:\/\/arcticexcursions.com\/wp-content\/uploads\/2024\/01\/Meet-N-Greet-5.jpg","type":"image\/jpeg"}],"twitter_card":"summary_large_image","twitter_misc":{"Estimeret l\u00e6setid":"2 minutter"},"schema":{"@context":"https:\/\/schema.org","@graph":[{"@type":"WebPage","@id":"https:\/\/arcticexcursions.com\/udflugter\/meet-n-greet-the-sleddog-2\/","url":"https:\/\/arcticexcursions.com\/udflugter\/meet-n-greet-the-sleddog-2\/","name":"Meet N Greet Gr\u00f8nlandske sl\u00e6dehunde - Arctic Excursions","isPartOf":{"@id":"https:\/\/arcticexcursions.com\/#website"},"primaryImageOfPage":{"@id":"https:\/\/arcticexcursions.com\/udflugter\/meet-n-greet-the-sleddog-2\/#primaryimage"},"image":{"@id":"https:\/\/arcticexcursions.com\/udflugter\/meet-n-greet-the-sleddog-2\/#primaryimage"},"thumbnailUrl":"https:\/\/arcticexcursions.com\/wp-content\/uploads\/2024\/01\/Meet-N-Greet-5.jpg","datePublished":"2024-10-16T17:21:47+00:00","dateModified":"2025-12-31T16:00:31+00:00","breadcrumb":{"@id":"https:\/\/arcticexcursions.com\/udflugter\/meet-n-greet-the-sleddog-2\/#breadcrumb"},"inLanguage":"da-DK","potentialAction":[{"@type":"ReadAction","target":["https:\/\/arcticexcursions.com\/udflugter\/meet-n-greet-the-sleddog-2\/"]}]},{"@type":"ImageObject","inLanguage":"da-DK","@id":"https:\/\/arcticexcursions.com\/udflugter\/meet-n-greet-the-sleddog-2\/#primaryimage","url":"https:\/\/arcticexcursions.com\/wp-content\/uploads\/2024\/01\/Meet-N-Greet-5.jpg","contentUrl":"https:\/\/arcticexcursions.com\/wp-content\/uploads\/2024\/01\/Meet-N-Greet-5.jpg","width":960,"height":960},{"@type":"BreadcrumbList","@id":"https:\/\/arcticexcursions.com\/udflugter\/meet-n-greet-the-sleddog-2\/#breadcrumb","itemListElement":[{"@type":"ListItem","position":1,"name":"Home","item":"https:\/\/arcticexcursions.com\/da\/"},{"@type":"ListItem","position":2,"name":"Udflugter i Gr\u00f8nland","item":"https:\/\/arcticexcursions.com\/da\/udflugter\/"},{"@type":"ListItem","position":3,"name":"Meet N Greet Gr\u00f8nlandske sl\u00e6dehunde"}]},{"@type":"WebSite","@id":"https:\/\/arcticexcursions.com\/#website","url":"https:\/\/arcticexcursions.com\/","name":"Arctic Excursions","description":"New adventures. Every day.","publisher":{"@id":"https:\/\/arcticexcursions.com\/#organization"},"potentialAction":[{"@type":"SearchAction","target":{"@type":"EntryPoint","urlTemplate":"https:\/\/arcticexcursions.com\/?s={search_term_string}"},"query-input":{"@type":"PropertyValueSpecification","valueRequired":true,"valueName":"search_term_string"}}],"inLanguage":"da-DK"},{"@type":"Organization","@id":"https:\/\/arcticexcursions.com\/#organization","name":"Arctic Excursions","url":"https:\/\/arcticexcursions.com\/","logo":{"@type":"ImageObject","inLanguage":"da-DK","@id":"https:\/\/arcticexcursions.com\/#\/schema\/logo\/image\/","url":"https:\/\/arcticexcursions.com\/wp-content\/uploads\/2022\/11\/fb-logo.png","contentUrl":"https:\/\/arcticexcursions.com\/wp-content\/uploads\/2022\/11\/fb-logo.png","width":523,"height":523,"caption":"Arctic Excursions"},"image":{"@id":"https:\/\/arcticexcursions.com\/#\/schema\/logo\/image\/"}}]}},"_links":{"self":[{"href":"https:\/\/arcticexcursions.com\/da\/wp-json\/wp\/v2\/product\/41593"}],"collection":[{"href":"https:\/\/arcticexcursions.com\/da\/wp-json\/wp\/v2\/product"}],"about":[{"href":"https:\/\/arcticexcursions.com\/da\/wp-json\/wp\/v2\/types\/product"}],"replies":[{"embeddable":true,"href":"https:\/\/arcticexcursions.com\/da\/wp-json\/wp\/v2\/comments?post=41593"}],"wp:featuredmedia":[{"embeddable":true,"href":"https:\/\/arcticexcursions.com\/da\/wp-json\/wp\/v2\/media\/28183"}],"wp:attachment":[{"href":"https:\/\/arcticexcursions.com\/da\/wp-json\/wp\/v2\/media?parent=41593"}],"wp:term":[{"taxonomy":"product_brand","embeddable":true,"href":"https:\/\/arcticexcursions.com\/da\/wp-json\/wp\/v2\/product_brand?post=41593"},{"taxonomy":"product_cat","embeddable":true,"href":"https:\/\/arcticexcursions.com\/da\/wp-json\/wp\/v2\/product_cat?post=41593"},{"taxonomy":"product_tag","embeddable":true,"href":"https:\/\/arcticexcursions.com\/da\/wp-json\/wp\/v2\/product_tag?post=41593"}],"curies":[{"name":"wp","href":"https:\/\/api.w.org\/{rel}","templated":true}]}}