{"id":41619,"date":"2024-10-17T16:56:54","date_gmt":"2024-10-17T14:56:54","guid":{"rendered":"https:\/\/arcticexcursions.com\/?post_type=product&#038;p=41619"},"modified":"2025-08-24T12:09:24","modified_gmt":"2025-08-24T10:09:24","slug":"qasigiannguit-dagstur","status":"publish","type":"product","link":"https:\/\/arcticexcursions.com\/da\/udflugter\/qasigiannguit-dagstur\/","title":{"rendered":"Qasigiannguit Dagstur"},"content":{"rendered":"<p>Tag med os p\u00e5 en natursk\u00f8n morgensejlads fra Ilulissat, der passerer Isfjordsmundingen og den maleriske bygd Ilimanaq, f\u00f8r vi n\u00e5r Qasigiannguit. Her vil vi udforske byen p\u00e5 en guidet g\u00e5tur med et s\u00e6rligt stop p\u00e5 museet for at l\u00e6re om den utrolige Saqqaq-kultur, hvis folk ankom for over 4.500 \u00e5r siden.<\/p>\n<p>Bagefter nyder vi vores frokost med en betagende udsigt over Diskobugten. Hvis du bes\u00f8ger en s\u00f8ndag, vil du ogs\u00e5 opleve en fascinerende opf\u00f8relse af Nunaqarfik Uumasusilik-projektet, hvor museet bringer den traditionelle inuitlivsstil fra slutningen af \u200b\u200b1600-tallet til live.<\/p>\n<p>Tag med dine lokale guider p\u00e5 en rejse, der blander historie, kultur og natur i en af \u200b\u200bGr\u00f8nlands bedst bevarede hemmeligheder!<\/p>\n<p><b>Transport:<\/b> B\u00e5d og G\u00e5ende<br \/>\n<b>Tid:<\/b> 8 timer<br \/>\n<b>Deltagere:<\/b> Bem\u00e6rk venligst, at udflugten kun gennemf\u00f8res, hvis der er mindst 4 bookede billetter i alt. Hvis du for eksempel booker 2 billetter, skal der s\u00e6lges mindst 2 yderligere billetter til andre kunder, f\u00f8r turen kan finde sted.<\/p>\n","protected":false},"excerpt":{"rendered":"<p>Oplev Diskobugtens skjulte perle &#8211; Qasigiannguit, en charmerende by rig p\u00e5 historie og kultur. Grundlagt som dansk koloni i 1734 og blomstret siden 1940&#8217;erne med rejefiskeri, tilbyder denne lille by med omkring 1.100 indbyggere en unik blanding af gr\u00f8nlandsk arv og r\u00e5 sk\u00f8nhed.<\/p>\n","protected":false},"featured_media":41621,"comment_status":"open","ping_status":"closed","template":"","meta":{"_acf_changed":false},"product_brand":[],"product_cat":[170],"product_tag":[],"class_list":{"0":"post-41619","1":"product","2":"type-product","3":"status-publish","4":"has-post-thumbnail","6":"product_cat-udflugt","7":"pa_dato-6005","8":"pa_dato-5879","9":"pa_dato-5880","10":"pa_dato-5924","11":"pa_dato-5980","12":"pa_tidspunkt-72","13":"tour_location-ilulissat-da","14":"tour_type-baadture","15":"tour_state-allowed_prebooking","16":"tour_state-show_always","17":"tour_tickettype-arctic_excursions","18":"tour_operator-diskobay-tours","20":"first","21":"outofstock","22":"shipping-taxable","23":"product-type-variable"},"acf":[],"yoast_head":"<!-- This site is optimized with the Yoast SEO plugin v23.6 - https:\/\/yoast.com\/wordpress\/plugins\/seo\/ -->\n<title>Arctic Excursions<\/title>\n<meta name=\"robots\" content=\"index, follow, max-snippet:-1, max-image-preview:large, max-video-preview:-1\" \/>\n<link rel=\"canonical\" href=\"https:\/\/arcticexcursions.com\/da\/udflugter\/qasigiannguit-dagstur\/\" \/>\n<meta property=\"og:locale\" content=\"da_DK\" \/>\n<meta property=\"og:type\" content=\"article\" \/>\n<meta property=\"og:title\" content=\"Qasigiannguit Dagstur - Arctic Excursions\" \/>\n<meta property=\"og:description\" content=\"Oplev Diskobugtens skjulte perle - Qasigiannguit, en charmerende by rig p\u00e5 historie og kultur. Grundlagt som dansk koloni i 1734 og blomstret siden 1940&#039;erne med rejefiskeri, tilbyder denne lille by med omkring 1.100 indbyggere en unik blanding af gr\u00f8nlandsk arv og r\u00e5 sk\u00f8nhed.\" \/>\n<meta property=\"og:url\" content=\"https:\/\/arcticexcursions.com\/da\/udflugter\/qasigiannguit-dagstur\/\" \/>\n<meta property=\"og:site_name\" content=\"Arctic Excursions\" \/>\n<meta property=\"article:modified_time\" content=\"2025-08-24T10:09:24+00:00\" \/>\n<meta property=\"og:image\" content=\"https:\/\/arcticexcursions.com\/wp-content\/uploads\/2024\/10\/qas-5_logo.jpg\" \/>\n\t<meta property=\"og:image:width\" content=\"2000\" \/>\n\t<meta property=\"og:image:height\" content=\"1997\" \/>\n\t<meta property=\"og:image:type\" content=\"image\/jpeg\" \/>\n<meta name=\"twitter:card\" content=\"summary_large_image\" \/>\n<meta name=\"twitter:label1\" content=\"Estimeret l\u00e6setid\" \/>\n\t<meta name=\"twitter:data1\" content=\"1 minut\" \/>\n<script type=\"application\/ld+json\" class=\"yoast-schema-graph\">{\"@context\":\"https:\/\/schema.org\",\"@graph\":[{\"@type\":\"WebPage\",\"@id\":\"https:\/\/arcticexcursions.com\/da\/udflugter\/qasigiannguit-dagstur\/\",\"url\":\"https:\/\/arcticexcursions.com\/da\/udflugter\/qasigiannguit-dagstur\/\",\"name\":\"Qasigiannguit Dagstur - Arctic Excursions\",\"isPartOf\":{\"@id\":\"https:\/\/arcticexcursions.com\/#website\"},\"primaryImageOfPage\":{\"@id\":\"https:\/\/arcticexcursions.com\/da\/udflugter\/qasigiannguit-dagstur\/#primaryimage\"},\"image\":{\"@id\":\"https:\/\/arcticexcursions.com\/da\/udflugter\/qasigiannguit-dagstur\/#primaryimage\"},\"thumbnailUrl\":\"https:\/\/arcticexcursions.com\/wp-content\/uploads\/2024\/10\/qas-5_logo.jpg\",\"datePublished\":\"2024-10-17T14:56:54+00:00\",\"dateModified\":\"2025-08-24T10:09:24+00:00\",\"breadcrumb\":{\"@id\":\"https:\/\/arcticexcursions.com\/da\/udflugter\/qasigiannguit-dagstur\/#breadcrumb\"},\"inLanguage\":\"da-DK\",\"potentialAction\":[{\"@type\":\"ReadAction\",\"target\":[\"https:\/\/arcticexcursions.com\/da\/udflugter\/qasigiannguit-dagstur\/\"]}]},{\"@type\":\"ImageObject\",\"inLanguage\":\"da-DK\",\"@id\":\"https:\/\/arcticexcursions.com\/da\/udflugter\/qasigiannguit-dagstur\/#primaryimage\",\"url\":\"https:\/\/arcticexcursions.com\/wp-content\/uploads\/2024\/10\/qas-5_logo.jpg\",\"contentUrl\":\"https:\/\/arcticexcursions.com\/wp-content\/uploads\/2024\/10\/qas-5_logo.jpg\",\"width\":2000,\"height\":1997},{\"@type\":\"BreadcrumbList\",\"@id\":\"https:\/\/arcticexcursions.com\/da\/udflugter\/qasigiannguit-dagstur\/#breadcrumb\",\"itemListElement\":[{\"@type\":\"ListItem\",\"position\":1,\"name\":\"Home\",\"item\":\"https:\/\/arcticexcursions.com\/da\/\"},{\"@type\":\"ListItem\",\"position\":2,\"name\":\"Udflugter i Gr\u00f8nland\",\"item\":\"https:\/\/arcticexcursions.com\/da\/udflugter\/\"},{\"@type\":\"ListItem\",\"position\":3,\"name\":\"Qasigiannguit Dagstur\"}]},{\"@type\":\"WebSite\",\"@id\":\"https:\/\/arcticexcursions.com\/#website\",\"url\":\"https:\/\/arcticexcursions.com\/\",\"name\":\"Arctic Excursions\",\"description\":\"New adventures. Every day.\",\"publisher\":{\"@id\":\"https:\/\/arcticexcursions.com\/#organization\"},\"potentialAction\":[{\"@type\":\"SearchAction\",\"target\":{\"@type\":\"EntryPoint\",\"urlTemplate\":\"https:\/\/arcticexcursions.com\/?s={search_term_string}\"},\"query-input\":{\"@type\":\"PropertyValueSpecification\",\"valueRequired\":true,\"valueName\":\"search_term_string\"}}],\"inLanguage\":\"da-DK\"},{\"@type\":\"Organization\",\"@id\":\"https:\/\/arcticexcursions.com\/#organization\",\"name\":\"Arctic Excursions\",\"url\":\"https:\/\/arcticexcursions.com\/\",\"logo\":{\"@type\":\"ImageObject\",\"inLanguage\":\"da-DK\",\"@id\":\"https:\/\/arcticexcursions.com\/#\/schema\/logo\/image\/\",\"url\":\"https:\/\/arcticexcursions.com\/wp-content\/uploads\/2022\/11\/fb-logo.png\",\"contentUrl\":\"https:\/\/arcticexcursions.com\/wp-content\/uploads\/2022\/11\/fb-logo.png\",\"width\":523,\"height\":523,\"caption\":\"Arctic Excursions\"},\"image\":{\"@id\":\"https:\/\/arcticexcursions.com\/#\/schema\/logo\/image\/\"}}]}<\/script>\n<!-- \/ Yoast SEO plugin. -->","yoast_head_json":{"title":"Arctic Excursions","robots":{"index":"index","follow":"follow","max-snippet":"max-snippet:-1","max-image-preview":"max-image-preview:large","max-video-preview":"max-video-preview:-1"},"canonical":"https:\/\/arcticexcursions.com\/da\/udflugter\/qasigiannguit-dagstur\/","og_locale":"da_DK","og_type":"article","og_title":"Qasigiannguit Dagstur - Arctic Excursions","og_description":"Oplev Diskobugtens skjulte perle - Qasigiannguit, en charmerende by rig p\u00e5 historie og kultur. Grundlagt som dansk koloni i 1734 og blomstret siden 1940'erne med rejefiskeri, tilbyder denne lille by med omkring 1.100 indbyggere en unik blanding af gr\u00f8nlandsk arv og r\u00e5 sk\u00f8nhed.","og_url":"https:\/\/arcticexcursions.com\/da\/udflugter\/qasigiannguit-dagstur\/","og_site_name":"Arctic Excursions","article_modified_time":"2025-08-24T10:09:24+00:00","og_image":[{"width":2000,"height":1997,"url":"https:\/\/arcticexcursions.com\/wp-content\/uploads\/2024\/10\/qas-5_logo.jpg","type":"image\/jpeg"}],"twitter_card":"summary_large_image","twitter_misc":{"Estimeret l\u00e6setid":"1 minut"},"schema":{"@context":"https:\/\/schema.org","@graph":[{"@type":"WebPage","@id":"https:\/\/arcticexcursions.com\/da\/udflugter\/qasigiannguit-dagstur\/","url":"https:\/\/arcticexcursions.com\/da\/udflugter\/qasigiannguit-dagstur\/","name":"Qasigiannguit Dagstur - Arctic Excursions","isPartOf":{"@id":"https:\/\/arcticexcursions.com\/#website"},"primaryImageOfPage":{"@id":"https:\/\/arcticexcursions.com\/da\/udflugter\/qasigiannguit-dagstur\/#primaryimage"},"image":{"@id":"https:\/\/arcticexcursions.com\/da\/udflugter\/qasigiannguit-dagstur\/#primaryimage"},"thumbnailUrl":"https:\/\/arcticexcursions.com\/wp-content\/uploads\/2024\/10\/qas-5_logo.jpg","datePublished":"2024-10-17T14:56:54+00:00","dateModified":"2025-08-24T10:09:24+00:00","breadcrumb":{"@id":"https:\/\/arcticexcursions.com\/da\/udflugter\/qasigiannguit-dagstur\/#breadcrumb"},"inLanguage":"da-DK","potentialAction":[{"@type":"ReadAction","target":["https:\/\/arcticexcursions.com\/da\/udflugter\/qasigiannguit-dagstur\/"]}]},{"@type":"ImageObject","inLanguage":"da-DK","@id":"https:\/\/arcticexcursions.com\/da\/udflugter\/qasigiannguit-dagstur\/#primaryimage","url":"https:\/\/arcticexcursions.com\/wp-content\/uploads\/2024\/10\/qas-5_logo.jpg","contentUrl":"https:\/\/arcticexcursions.com\/wp-content\/uploads\/2024\/10\/qas-5_logo.jpg","width":2000,"height":1997},{"@type":"BreadcrumbList","@id":"https:\/\/arcticexcursions.com\/da\/udflugter\/qasigiannguit-dagstur\/#breadcrumb","itemListElement":[{"@type":"ListItem","position":1,"name":"Home","item":"https:\/\/arcticexcursions.com\/da\/"},{"@type":"ListItem","position":2,"name":"Udflugter i Gr\u00f8nland","item":"https:\/\/arcticexcursions.com\/da\/udflugter\/"},{"@type":"ListItem","position":3,"name":"Qasigiannguit Dagstur"}]},{"@type":"WebSite","@id":"https:\/\/arcticexcursions.com\/#website","url":"https:\/\/arcticexcursions.com\/","name":"Arctic Excursions","description":"New adventures. Every day.","publisher":{"@id":"https:\/\/arcticexcursions.com\/#organization"},"potentialAction":[{"@type":"SearchAction","target":{"@type":"EntryPoint","urlTemplate":"https:\/\/arcticexcursions.com\/?s={search_term_string}"},"query-input":{"@type":"PropertyValueSpecification","valueRequired":true,"valueName":"search_term_string"}}],"inLanguage":"da-DK"},{"@type":"Organization","@id":"https:\/\/arcticexcursions.com\/#organization","name":"Arctic Excursions","url":"https:\/\/arcticexcursions.com\/","logo":{"@type":"ImageObject","inLanguage":"da-DK","@id":"https:\/\/arcticexcursions.com\/#\/schema\/logo\/image\/","url":"https:\/\/arcticexcursions.com\/wp-content\/uploads\/2022\/11\/fb-logo.png","contentUrl":"https:\/\/arcticexcursions.com\/wp-content\/uploads\/2022\/11\/fb-logo.png","width":523,"height":523,"caption":"Arctic Excursions"},"image":{"@id":"https:\/\/arcticexcursions.com\/#\/schema\/logo\/image\/"}}]}},"_links":{"self":[{"href":"https:\/\/arcticexcursions.com\/da\/wp-json\/wp\/v2\/product\/41619"}],"collection":[{"href":"https:\/\/arcticexcursions.com\/da\/wp-json\/wp\/v2\/product"}],"about":[{"href":"https:\/\/arcticexcursions.com\/da\/wp-json\/wp\/v2\/types\/product"}],"replies":[{"embeddable":true,"href":"https:\/\/arcticexcursions.com\/da\/wp-json\/wp\/v2\/comments?post=41619"}],"wp:featuredmedia":[{"embeddable":true,"href":"https:\/\/arcticexcursions.com\/da\/wp-json\/wp\/v2\/media\/41621"}],"wp:attachment":[{"href":"https:\/\/arcticexcursions.com\/da\/wp-json\/wp\/v2\/media?parent=41619"}],"wp:term":[{"taxonomy":"product_brand","embeddable":true,"href":"https:\/\/arcticexcursions.com\/da\/wp-json\/wp\/v2\/product_brand?post=41619"},{"taxonomy":"product_cat","embeddable":true,"href":"https:\/\/arcticexcursions.com\/da\/wp-json\/wp\/v2\/product_cat?post=41619"},{"taxonomy":"product_tag","embeddable":true,"href":"https:\/\/arcticexcursions.com\/da\/wp-json\/wp\/v2\/product_tag?post=41619"}],"curies":[{"name":"wp","href":"https:\/\/api.w.org\/{rel}","templated":true}]}}