{"id":4177,"date":"2022-10-21T14:25:52","date_gmt":"2022-10-21T12:25:52","guid":{"rendered":"https:\/\/arcticexcursions.com\/?post_type=product&#038;p=4177"},"modified":"2025-12-20T16:30:49","modified_gmt":"2025-12-20T14:30:49","slug":"nuuk-summit","status":"publish","type":"product","link":"https:\/\/arcticexcursions.com\/da\/udflugter\/nuuk-summit\/","title":{"rendered":"Nuuk Summit &#8211; Helikoptertur"},"content":{"rendered":"<p>Tag med os p\u00e5 en helikoptertur med landing p\u00e5 et af de storsl\u00e5ede bjerge omkring Nuuk \u2013 Sermitsiaq eller Hjortetakken.<\/p>\n<p>Udsigten fra bjergene er helt unik, og du kan nyde den fantastiske panoramaudsigt over Nuuk Fjord p\u00e5 begge ture.<\/p>\n<p>Du er velkommen til at medbringe drikkevarer, snacks og hvad du ellers har lyst til p\u00e5 turen.<\/p>\n<p>Vi anbefaler, at du kl\u00e6der dig i varme lag og har solide st\u00f8vler p\u00e5.<\/p>\n<p><b>Varighed:<\/b> 30 minutter<\/p>\n<p><b>Deltagere:<\/b> Turen gennemf\u00f8res kun ved minimum 3 tilmeldte passagerer. Der vil deltage maksimalt 5 personer. <\/p>\n<p><b>Sprog:<\/b> Piloten taler et nordisk sprog og engelsk <\/p>\n<p><b>Flytype:<\/b> Typisk Airbus AS350 helikopter <\/p>\n<p><b>Praktisk info:<\/b> Piloten bestemmer siddepladser ud fra sikkerhedsm\u00e6ssige vurderinger. <\/p>\n<p><b>Anbefalet p\u00e5kl\u00e6dning:<\/b> Varmt t\u00f8j inkl. hue og handsker hele \u00e5ret. Solbriller. Solcreme om sommeren.<\/p>\n","protected":false},"excerpt":{"rendered":"<p>Nuuk Summit &#8211; Land n\u00e6r bjergtoppen, nyd udsigten i 30 minutter og flyv hen over byen!<\/p>\n","protected":false},"featured_media":4122,"comment_status":"open","ping_status":"closed","template":"","meta":{"_acf_changed":false},"product_brand":[],"product_cat":[170],"product_tag":[159],"class_list":{"0":"post-4177","1":"product","2":"type-product","3":"status-publish","4":"has-post-thumbnail","6":"product_cat-udflugt","7":"product_tag-1-da","8":"pa_dato-423","9":"pa_dato-424","10":"pa_dato-425","11":"pa_dato-256","12":"pa_dato-427","13":"pa_dato-428","14":"pa_dato-257","15":"pa_dato-429","16":"pa_dato-477","17":"pa_dato-479","18":"pa_dato-480","19":"pa_dato-462","20":"pa_dato-481","21":"pa_dato-482","22":"pa_dato-483","23":"pa_dato-484","24":"pa_dato-524","25":"pa_dato-525","26":"pa_dato-526","27":"pa_dato-527","28":"pa_dato-518","29":"pa_dato-523","30":"pa_dato-569","31":"pa_dato-450","32":"pa_dato-368","33":"pa_dato-371","34":"pa_dato-374","35":"pa_dato-377","36":"pa_dato-380","37":"pa_dato-383","38":"pa_dato-386","39":"pa_dato-390","40":"pa_dato-391","41":"pa_dato-398","42":"pa_dato-626","43":"pa_dato-634","44":"pa_dato-641","45":"pa_dato-648","46":"pa_dato-584","47":"pa_dato-660","48":"pa_dato-665","49":"pa_dato-667","50":"pa_dato-670","51":"pa_dato-543","52":"pa_dato-551","53":"pa_dato-553","54":"pa_dato-554","55":"pa_dato-561","56":"pa_dato-590","57":"pa_dato-772","58":"pa_dato-775","59":"pa_dato-778","60":"pa_dato-780","61":"pa_dato-786","62":"pa_dato-789","63":"pa_dato-792","64":"pa_dato-795","65":"pa_dato-798","66":"pa_dato-938","67":"pa_dato-801","68":"pa_dato-804","69":"pa_dato-807","70":"pa_dato-985","71":"pa_dato-1077","72":"pa_dato-903","73":"pa_dato-854","74":"pa_dato-870","75":"pa_dato-884","76":"pa_dato-956","77":"pa_dato-858","78":"pa_dato-860","79":"pa_dato-888","80":"pa_dato-876","81":"pa_dato-1078","82":"pa_dato-879","83":"pa_dato-1079","84":"pa_dato-895","85":"pa_dato-868","86":"pa_dato-1085","87":"pa_dato-1086","88":"pa_dato-1100","89":"pa_dato-1104","90":"pa_dato-1108","91":"pa_dato-1119","92":"pa_dato-1120","93":"pa_dato-900","94":"pa_dato-1061","95":"pa_dato-1063","96":"pa_dato-1173","97":"pa_dato-1023","98":"pa_dato-1029","99":"pa_dato-991","100":"pa_dato-998","101":"pa_dato-1000","102":"pa_dato-1004","103":"pa_dato-1143","104":"pa_dato-1134","105":"pa_dato-1135","106":"pa_dato-1185","107":"pa_dato-1161","108":"pa_dato-1207","109":"pa_dato-1215","110":"pa_dato-1220","111":"pa_dato-1251","112":"pa_dato-1252","113":"pa_dato-1253","114":"pa_dato-1255","115":"pa_dato-1256","116":"pa_dato-1257","117":"pa_dato-1258","118":"pa_dato-1180","119":"pa_dato-1245","120":"pa_dato-1259","121":"pa_dato-1295","122":"pa_dato-1265","123":"pa_dato-1350","124":"pa_dato-1158","125":"pa_dato-1370","126":"pa_dato-1369","127":"pa_dato-1273","128":"pa_dato-1365","129":"pa_dato-1274","130":"pa_dato-1356","131":"pa_dato-1275","132":"pa_dato-6034","133":"pa_dato-6100","134":"pa_dato-6069","135":"pa_dato-6104","136":"pa_dato-6040","137":"pa_dato-5923","138":"pa_dato-5890","139":"pa_dato-6017","140":"pa_dato-6070","141":"pa_dato-6019","142":"pa_dato-6064","143":"pa_dato-5952","144":"pa_dato-6056","145":"pa_dato-5892","146":"pa_dato-6020","147":"pa_dato-5948","148":"pa_dato-5933","149":"pa_dato-5949","150":"pa_dato-5966","151":"pa_dato-5983","152":"pa_dato-6000","153":"pa_dato-5925","154":"pa_dato-5965","155":"pa_dato-5975","156":"pa_dato-6021","157":"pa_dato-6051","158":"pa_dato-6030","159":"pa_dato-6022","160":"pa_dato-6058","161":"pa_dato-5955","162":"pa_dato-6062","163":"pa_dato-6025","164":"pa_dato-5929","165":"pa_dato-5928","166":"pa_dato-5946","167":"pa_dato-5963","168":"pa_dato-5961","169":"pa_dato-6088","170":"pa_dato-6094","171":"pa_dato-6091","172":"pa_dato-6080","173":"pa_dato-6089","174":"pa_dato-6073","175":"pa_dato-5944","176":"pa_dato-6106","177":"pa_dato-6093","178":"pa_dato-6163","179":"pa_dato-6168","180":"pa_dato-6182","181":"pa_dato-6164","182":"pa_dato-6179","183":"pa_dato-6139","184":"pa_dato-6170","185":"pa_dato-6189","186":"pa_dato-6152","187":"pa_dato-6111","188":"pa_dato-6221","189":"pa_dato-6175","190":"pa_dato-6252","191":"pa_dato-6253","192":"pa_dato-6264","193":"pa_dato-6180","194":"pa_dato-6133","195":"pa_dato-6255","196":"pa_dato-6157","197":"pa_dato-6186","198":"pa_dato-6159","199":"pa_dato-6160","200":"pa_dato-6360","201":"pa_dato-6321","202":"pa_dato-6361","203":"pa_dato-6303","204":"pa_dato-6351","205":"pa_tidspunkt-72","206":"pa_tidspunkt-6266","207":"pa_tidspunkt-38","208":"pa_tidspunkt-40","209":"pa_tidspunkt-58","210":"pa_tidspunkt-6127","211":"pa_tidspunkt-76","212":"pa_tidspunkt-748","213":"pa_tidspunkt-304","214":"pa_tidspunkt-568","215":"pa_tidspunkt-77","216":"pa_tidspunkt-221","217":"pa_tidspunkt-177","218":"pa_tidspunkt-6128","219":"pa_tidspunkt-229","220":"pa_tidspunkt-182","221":"pa_tidspunkt-314","222":"pa_tidspunkt-478","223":"pa_tidspunkt-317","224":"pa_tidspunkt-227","225":"pa_tidspunkt-308","226":"pa_tidspunkt-431","227":"pa_tidspunkt-27","228":"pa_tidspunkt-430","229":"pa_tidspunkt-61","230":"pa_tidspunkt-1080","231":"pa_tidspunkt-1081","232":"pa_tidspunkt-60","233":"pa_tidspunkt-1083","234":"pa_tidspunkt-93","235":"pa_tidspunkt-426","236":"pa_tidspunkt-39","237":"pa_tidspunkt-57","238":"pa_tidspunkt-110","239":"pa_tidspunkt-205","240":"pa_tidspunkt-770","241":"tour_location-nuuk-da","242":"tour_type-flightseeing","243":"tour_tickettype-arctic_excursions","244":"tour_operator-air-greenland-charter","246":"first","247":"outofstock","248":"shipping-taxable","249":"product-type-variable"},"acf":[],"yoast_head":"<!-- This site is optimized with the Yoast SEO plugin v23.6 - https:\/\/yoast.com\/wordpress\/plugins\/seo\/ -->\n<title>Arctic Excursions<\/title>\n<meta name=\"robots\" content=\"index, follow, max-snippet:-1, max-image-preview:large, max-video-preview:-1\" \/>\n<link rel=\"canonical\" href=\"https:\/\/arcticexcursions.com\/da\/udflugter\/nuuk-summit\/\" \/>\n<meta property=\"og:locale\" content=\"da_DK\" \/>\n<meta property=\"og:type\" content=\"article\" \/>\n<meta property=\"og:title\" content=\"Nuuk Summit - Helikoptertur - Arctic Excursions\" \/>\n<meta property=\"og:description\" content=\"Nuuk Summit - Land n\u00e6r bjergtoppen, nyd udsigten i 30 minutter og flyv hen over byen!\" \/>\n<meta property=\"og:url\" content=\"https:\/\/arcticexcursions.com\/da\/udflugter\/nuuk-summit\/\" \/>\n<meta property=\"og:site_name\" content=\"Arctic Excursions\" \/>\n<meta property=\"article:modified_time\" content=\"2025-12-20T14:30:49+00:00\" \/>\n<meta property=\"og:image\" content=\"https:\/\/arcticexcursions.com\/wp-content\/uploads\/2022\/11\/Nuuk-Summit-Inesa-Matuliauskaite-Guide-to-Greenland-team-19-scaled.jpg\" \/>\n\t<meta property=\"og:image:width\" content=\"2560\" \/>\n\t<meta property=\"og:image:height\" content=\"1707\" \/>\n\t<meta property=\"og:image:type\" content=\"image\/jpeg\" \/>\n<meta name=\"twitter:card\" content=\"summary_large_image\" \/>\n<meta name=\"twitter:label1\" content=\"Estimeret l\u00e6setid\" \/>\n\t<meta name=\"twitter:data1\" content=\"1 minut\" \/>\n<script type=\"application\/ld+json\" class=\"yoast-schema-graph\">{\"@context\":\"https:\/\/schema.org\",\"@graph\":[{\"@type\":\"WebPage\",\"@id\":\"https:\/\/arcticexcursions.com\/da\/udflugter\/nuuk-summit\/\",\"url\":\"https:\/\/arcticexcursions.com\/da\/udflugter\/nuuk-summit\/\",\"name\":\"Nuuk Summit - Helikoptertur - Arctic Excursions\",\"isPartOf\":{\"@id\":\"https:\/\/arcticexcursions.com\/#website\"},\"primaryImageOfPage\":{\"@id\":\"https:\/\/arcticexcursions.com\/da\/udflugter\/nuuk-summit\/#primaryimage\"},\"image\":{\"@id\":\"https:\/\/arcticexcursions.com\/da\/udflugter\/nuuk-summit\/#primaryimage\"},\"thumbnailUrl\":\"https:\/\/arcticexcursions.com\/wp-content\/uploads\/2022\/11\/Nuuk-Summit-Inesa-Matuliauskaite-Guide-to-Greenland-team-19-scaled.jpg\",\"datePublished\":\"2022-10-21T12:25:52+00:00\",\"dateModified\":\"2025-12-20T14:30:49+00:00\",\"breadcrumb\":{\"@id\":\"https:\/\/arcticexcursions.com\/da\/udflugter\/nuuk-summit\/#breadcrumb\"},\"inLanguage\":\"da-DK\",\"potentialAction\":[{\"@type\":\"ReadAction\",\"target\":[\"https:\/\/arcticexcursions.com\/da\/udflugter\/nuuk-summit\/\"]}]},{\"@type\":\"ImageObject\",\"inLanguage\":\"da-DK\",\"@id\":\"https:\/\/arcticexcursions.com\/da\/udflugter\/nuuk-summit\/#primaryimage\",\"url\":\"https:\/\/arcticexcursions.com\/wp-content\/uploads\/2022\/11\/Nuuk-Summit-Inesa-Matuliauskaite-Guide-to-Greenland-team-19-scaled.jpg\",\"contentUrl\":\"https:\/\/arcticexcursions.com\/wp-content\/uploads\/2022\/11\/Nuuk-Summit-Inesa-Matuliauskaite-Guide-to-Greenland-team-19-scaled.jpg\",\"width\":2560,\"height\":1707},{\"@type\":\"BreadcrumbList\",\"@id\":\"https:\/\/arcticexcursions.com\/da\/udflugter\/nuuk-summit\/#breadcrumb\",\"itemListElement\":[{\"@type\":\"ListItem\",\"position\":1,\"name\":\"Home\",\"item\":\"https:\/\/arcticexcursions.com\/da\/\"},{\"@type\":\"ListItem\",\"position\":2,\"name\":\"Udflugter i Gr\u00f8nland\",\"item\":\"https:\/\/arcticexcursions.com\/da\/udflugter\/\"},{\"@type\":\"ListItem\",\"position\":3,\"name\":\"Nuuk Summit &#8211; Helikoptertur\"}]},{\"@type\":\"WebSite\",\"@id\":\"https:\/\/arcticexcursions.com\/#website\",\"url\":\"https:\/\/arcticexcursions.com\/\",\"name\":\"Arctic Excursions\",\"description\":\"New adventures. Every day.\",\"publisher\":{\"@id\":\"https:\/\/arcticexcursions.com\/#organization\"},\"potentialAction\":[{\"@type\":\"SearchAction\",\"target\":{\"@type\":\"EntryPoint\",\"urlTemplate\":\"https:\/\/arcticexcursions.com\/?s={search_term_string}\"},\"query-input\":{\"@type\":\"PropertyValueSpecification\",\"valueRequired\":true,\"valueName\":\"search_term_string\"}}],\"inLanguage\":\"da-DK\"},{\"@type\":\"Organization\",\"@id\":\"https:\/\/arcticexcursions.com\/#organization\",\"name\":\"Arctic Excursions\",\"url\":\"https:\/\/arcticexcursions.com\/\",\"logo\":{\"@type\":\"ImageObject\",\"inLanguage\":\"da-DK\",\"@id\":\"https:\/\/arcticexcursions.com\/#\/schema\/logo\/image\/\",\"url\":\"https:\/\/arcticexcursions.com\/wp-content\/uploads\/2022\/11\/fb-logo.png\",\"contentUrl\":\"https:\/\/arcticexcursions.com\/wp-content\/uploads\/2022\/11\/fb-logo.png\",\"width\":523,\"height\":523,\"caption\":\"Arctic Excursions\"},\"image\":{\"@id\":\"https:\/\/arcticexcursions.com\/#\/schema\/logo\/image\/\"}}]}<\/script>\n<!-- \/ Yoast SEO plugin. -->","yoast_head_json":{"title":"Arctic Excursions","robots":{"index":"index","follow":"follow","max-snippet":"max-snippet:-1","max-image-preview":"max-image-preview:large","max-video-preview":"max-video-preview:-1"},"canonical":"https:\/\/arcticexcursions.com\/da\/udflugter\/nuuk-summit\/","og_locale":"da_DK","og_type":"article","og_title":"Nuuk Summit - Helikoptertur - Arctic Excursions","og_description":"Nuuk Summit - Land n\u00e6r bjergtoppen, nyd udsigten i 30 minutter og flyv hen over byen!","og_url":"https:\/\/arcticexcursions.com\/da\/udflugter\/nuuk-summit\/","og_site_name":"Arctic Excursions","article_modified_time":"2025-12-20T14:30:49+00:00","og_image":[{"width":2560,"height":1707,"url":"https:\/\/arcticexcursions.com\/wp-content\/uploads\/2022\/11\/Nuuk-Summit-Inesa-Matuliauskaite-Guide-to-Greenland-team-19-scaled.jpg","type":"image\/jpeg"}],"twitter_card":"summary_large_image","twitter_misc":{"Estimeret l\u00e6setid":"1 minut"},"schema":{"@context":"https:\/\/schema.org","@graph":[{"@type":"WebPage","@id":"https:\/\/arcticexcursions.com\/da\/udflugter\/nuuk-summit\/","url":"https:\/\/arcticexcursions.com\/da\/udflugter\/nuuk-summit\/","name":"Nuuk Summit - Helikoptertur - Arctic Excursions","isPartOf":{"@id":"https:\/\/arcticexcursions.com\/#website"},"primaryImageOfPage":{"@id":"https:\/\/arcticexcursions.com\/da\/udflugter\/nuuk-summit\/#primaryimage"},"image":{"@id":"https:\/\/arcticexcursions.com\/da\/udflugter\/nuuk-summit\/#primaryimage"},"thumbnailUrl":"https:\/\/arcticexcursions.com\/wp-content\/uploads\/2022\/11\/Nuuk-Summit-Inesa-Matuliauskaite-Guide-to-Greenland-team-19-scaled.jpg","datePublished":"2022-10-21T12:25:52+00:00","dateModified":"2025-12-20T14:30:49+00:00","breadcrumb":{"@id":"https:\/\/arcticexcursions.com\/da\/udflugter\/nuuk-summit\/#breadcrumb"},"inLanguage":"da-DK","potentialAction":[{"@type":"ReadAction","target":["https:\/\/arcticexcursions.com\/da\/udflugter\/nuuk-summit\/"]}]},{"@type":"ImageObject","inLanguage":"da-DK","@id":"https:\/\/arcticexcursions.com\/da\/udflugter\/nuuk-summit\/#primaryimage","url":"https:\/\/arcticexcursions.com\/wp-content\/uploads\/2022\/11\/Nuuk-Summit-Inesa-Matuliauskaite-Guide-to-Greenland-team-19-scaled.jpg","contentUrl":"https:\/\/arcticexcursions.com\/wp-content\/uploads\/2022\/11\/Nuuk-Summit-Inesa-Matuliauskaite-Guide-to-Greenland-team-19-scaled.jpg","width":2560,"height":1707},{"@type":"BreadcrumbList","@id":"https:\/\/arcticexcursions.com\/da\/udflugter\/nuuk-summit\/#breadcrumb","itemListElement":[{"@type":"ListItem","position":1,"name":"Home","item":"https:\/\/arcticexcursions.com\/da\/"},{"@type":"ListItem","position":2,"name":"Udflugter i Gr\u00f8nland","item":"https:\/\/arcticexcursions.com\/da\/udflugter\/"},{"@type":"ListItem","position":3,"name":"Nuuk Summit &#8211; Helikoptertur"}]},{"@type":"WebSite","@id":"https:\/\/arcticexcursions.com\/#website","url":"https:\/\/arcticexcursions.com\/","name":"Arctic Excursions","description":"New adventures. Every day.","publisher":{"@id":"https:\/\/arcticexcursions.com\/#organization"},"potentialAction":[{"@type":"SearchAction","target":{"@type":"EntryPoint","urlTemplate":"https:\/\/arcticexcursions.com\/?s={search_term_string}"},"query-input":{"@type":"PropertyValueSpecification","valueRequired":true,"valueName":"search_term_string"}}],"inLanguage":"da-DK"},{"@type":"Organization","@id":"https:\/\/arcticexcursions.com\/#organization","name":"Arctic Excursions","url":"https:\/\/arcticexcursions.com\/","logo":{"@type":"ImageObject","inLanguage":"da-DK","@id":"https:\/\/arcticexcursions.com\/#\/schema\/logo\/image\/","url":"https:\/\/arcticexcursions.com\/wp-content\/uploads\/2022\/11\/fb-logo.png","contentUrl":"https:\/\/arcticexcursions.com\/wp-content\/uploads\/2022\/11\/fb-logo.png","width":523,"height":523,"caption":"Arctic Excursions"},"image":{"@id":"https:\/\/arcticexcursions.com\/#\/schema\/logo\/image\/"}}]}},"_links":{"self":[{"href":"https:\/\/arcticexcursions.com\/da\/wp-json\/wp\/v2\/product\/4177"}],"collection":[{"href":"https:\/\/arcticexcursions.com\/da\/wp-json\/wp\/v2\/product"}],"about":[{"href":"https:\/\/arcticexcursions.com\/da\/wp-json\/wp\/v2\/types\/product"}],"replies":[{"embeddable":true,"href":"https:\/\/arcticexcursions.com\/da\/wp-json\/wp\/v2\/comments?post=4177"}],"wp:featuredmedia":[{"embeddable":true,"href":"https:\/\/arcticexcursions.com\/da\/wp-json\/wp\/v2\/media\/4122"}],"wp:attachment":[{"href":"https:\/\/arcticexcursions.com\/da\/wp-json\/wp\/v2\/media?parent=4177"}],"wp:term":[{"taxonomy":"product_brand","embeddable":true,"href":"https:\/\/arcticexcursions.com\/da\/wp-json\/wp\/v2\/product_brand?post=4177"},{"taxonomy":"product_cat","embeddable":true,"href":"https:\/\/arcticexcursions.com\/da\/wp-json\/wp\/v2\/product_cat?post=4177"},{"taxonomy":"product_tag","embeddable":true,"href":"https:\/\/arcticexcursions.com\/da\/wp-json\/wp\/v2\/product_tag?post=4177"}],"curies":[{"name":"wp","href":"https:\/\/api.w.org\/{rel}","templated":true}]}}