{"id":41949,"date":"2024-11-08T11:23:14","date_gmt":"2024-11-08T09:23:14","guid":{"rendered":"https:\/\/arcticexcursions.com\/?post_type=product&#038;p=41949"},"modified":"2025-04-03T13:02:25","modified_gmt":"2025-04-03T11:02:25","slug":"4-days-dogsledding","status":"publish","type":"product","link":"https:\/\/arcticexcursions.com\/da\/udflugter\/4-days-dogsledding\/","title":{"rendered":"4 dages hundesl\u00e6dek\u00f8rsel"},"content":{"rendered":"<p>Denne udflugt er for personer, der \u00f8nsker at opleve hundesl\u00e6dek\u00f8rsel p\u00e5 frossen havis og blandt isbjerge i l\u00f8bet af den gr\u00f8nlandske vinter.<\/p>\n<p>Solen er vendt tilbage, og dagene bliver l\u00e6ngere i l\u00f8bet af de n\u00e6ste par m\u00e5neder. Hundesl\u00e6dek\u00f8rsel i den fantastiske Uummannaq-fjord i vinterlandskabet er en uforglemmelig oplevelse, is\u00e6r hvis du er s\u00e5 heldig at se Aurora Borealis (nordlys)!<\/p>\n<p><b>Dag 1:<\/b> Sightseeing i Uummannaq, forberedelse til turen, interaktion med hunden og fodring.<\/p>\n<p><b>Dag 2:<\/b> Hundesl\u00e6detur til Saattut efterfulgt af indkvartering. Pasning af k\u00e6ledyrene, bes\u00f8g hos venner, frokost i naturen og middag i Saattut.<\/p>\n<p><b>Dag 3:<\/b> Hundesl\u00e6dek\u00f8rsel i Saattut, vandreture i lokalsamfundet, m\u00f8de mennesker, isfiskeri og hundepleje, inklusive morgenmad, frokost og aftensmad.<\/p>\n<p><b>Dag 4:<\/b> Hundesl\u00e6detur fra Saattut til Uummannaq. Inkluderer morgenmad og frokost.<\/p>\n<p><b>Deltagere:<\/b> Max 4 personer<\/p>\n<p><b>S\u00e6son:<\/b> Februar &#8211; april<\/p>\n","protected":false},"excerpt":{"rendered":"<p>Hundesl\u00e6dek\u00f8rsel er en integreret del af Gr\u00f8nlands kultur! Og at v\u00e6re t\u00e6t p\u00e5 naturen bringer dig t\u00e6ttere p\u00e5 vores kultur. Vil du opleve det smukke Uummannaq og dets omgivelser?<\/p>\n","protected":false},"featured_media":4634,"comment_status":"open","ping_status":"closed","template":"","meta":{"_acf_changed":false},"product_brand":[],"product_cat":[101,170],"product_tag":[],"class_list":{"0":"post-41949","1":"product","2":"type-product","3":"status-publish","4":"has-post-thumbnail","6":"product_cat-tour","7":"product_cat-udflugt","8":"pa_dato-5870","9":"pa_dato-1369","10":"pa_tidspunkt-40","11":"tour_location-uummannaq-da","12":"tour_type-hundeslaede","13":"tour_tickettype-arctic_excursions","14":"tour_operator-uummannaq-seasafaris","16":"first","17":"outofstock","18":"shipping-taxable","19":"product-type-variable"},"acf":[],"yoast_head":"<!-- This site is optimized with the Yoast SEO plugin v23.6 - https:\/\/yoast.com\/wordpress\/plugins\/seo\/ -->\n<title>Arctic Excursions<\/title>\n<meta name=\"robots\" content=\"index, follow, max-snippet:-1, max-image-preview:large, max-video-preview:-1\" \/>\n<link rel=\"canonical\" href=\"https:\/\/arcticexcursions.com\/da\/udflugter\/4-days-dogsledding\/\" \/>\n<meta property=\"og:locale\" content=\"da_DK\" \/>\n<meta property=\"og:type\" content=\"article\" \/>\n<meta property=\"og:title\" content=\"4 dages hundesl\u00e6dek\u00f8rsel - Arctic Excursions\" \/>\n<meta property=\"og:description\" content=\"Hundesl\u00e6dek\u00f8rsel er en integreret del af Gr\u00f8nlands kultur! Og at v\u00e6re t\u00e6t p\u00e5 naturen bringer dig t\u00e6ttere p\u00e5 vores kultur. Vil du opleve det smukke Uummannaq og dets omgivelser?\" \/>\n<meta property=\"og:url\" content=\"https:\/\/arcticexcursions.com\/da\/udflugter\/4-days-dogsledding\/\" \/>\n<meta property=\"og:site_name\" content=\"Arctic Excursions\" \/>\n<meta property=\"article:modified_time\" content=\"2025-04-03T11:02:25+00:00\" \/>\n<meta property=\"og:image\" content=\"https:\/\/arcticexcursions.com\/wp-content\/uploads\/2022\/11\/DJI_0948-scaled.jpg\" \/>\n\t<meta property=\"og:image:width\" content=\"2560\" \/>\n\t<meta property=\"og:image:height\" content=\"1438\" \/>\n\t<meta property=\"og:image:type\" content=\"image\/jpeg\" \/>\n<meta name=\"twitter:card\" content=\"summary_large_image\" \/>\n<meta name=\"twitter:label1\" content=\"Estimeret l\u00e6setid\" \/>\n\t<meta name=\"twitter:data1\" content=\"1 minut\" \/>\n<script type=\"application\/ld+json\" class=\"yoast-schema-graph\">{\"@context\":\"https:\/\/schema.org\",\"@graph\":[{\"@type\":\"WebPage\",\"@id\":\"https:\/\/arcticexcursions.com\/da\/udflugter\/4-days-dogsledding\/\",\"url\":\"https:\/\/arcticexcursions.com\/da\/udflugter\/4-days-dogsledding\/\",\"name\":\"4 dages hundesl\u00e6dek\u00f8rsel - Arctic Excursions\",\"isPartOf\":{\"@id\":\"https:\/\/arcticexcursions.com\/#website\"},\"primaryImageOfPage\":{\"@id\":\"https:\/\/arcticexcursions.com\/da\/udflugter\/4-days-dogsledding\/#primaryimage\"},\"image\":{\"@id\":\"https:\/\/arcticexcursions.com\/da\/udflugter\/4-days-dogsledding\/#primaryimage\"},\"thumbnailUrl\":\"https:\/\/arcticexcursions.com\/wp-content\/uploads\/2022\/11\/DJI_0948-scaled.jpg\",\"datePublished\":\"2024-11-08T09:23:14+00:00\",\"dateModified\":\"2025-04-03T11:02:25+00:00\",\"breadcrumb\":{\"@id\":\"https:\/\/arcticexcursions.com\/da\/udflugter\/4-days-dogsledding\/#breadcrumb\"},\"inLanguage\":\"da-DK\",\"potentialAction\":[{\"@type\":\"ReadAction\",\"target\":[\"https:\/\/arcticexcursions.com\/da\/udflugter\/4-days-dogsledding\/\"]}]},{\"@type\":\"ImageObject\",\"inLanguage\":\"da-DK\",\"@id\":\"https:\/\/arcticexcursions.com\/da\/udflugter\/4-days-dogsledding\/#primaryimage\",\"url\":\"https:\/\/arcticexcursions.com\/wp-content\/uploads\/2022\/11\/DJI_0948-scaled.jpg\",\"contentUrl\":\"https:\/\/arcticexcursions.com\/wp-content\/uploads\/2022\/11\/DJI_0948-scaled.jpg\",\"width\":2560,\"height\":1438},{\"@type\":\"BreadcrumbList\",\"@id\":\"https:\/\/arcticexcursions.com\/da\/udflugter\/4-days-dogsledding\/#breadcrumb\",\"itemListElement\":[{\"@type\":\"ListItem\",\"position\":1,\"name\":\"Home\",\"item\":\"https:\/\/arcticexcursions.com\/da\/\"},{\"@type\":\"ListItem\",\"position\":2,\"name\":\"Udflugter i Gr\u00f8nland\",\"item\":\"https:\/\/arcticexcursions.com\/da\/udflugter\/\"},{\"@type\":\"ListItem\",\"position\":3,\"name\":\"4 dages hundesl\u00e6dek\u00f8rsel\"}]},{\"@type\":\"WebSite\",\"@id\":\"https:\/\/arcticexcursions.com\/#website\",\"url\":\"https:\/\/arcticexcursions.com\/\",\"name\":\"Arctic Excursions\",\"description\":\"New adventures. Every day.\",\"publisher\":{\"@id\":\"https:\/\/arcticexcursions.com\/#organization\"},\"potentialAction\":[{\"@type\":\"SearchAction\",\"target\":{\"@type\":\"EntryPoint\",\"urlTemplate\":\"https:\/\/arcticexcursions.com\/?s={search_term_string}\"},\"query-input\":{\"@type\":\"PropertyValueSpecification\",\"valueRequired\":true,\"valueName\":\"search_term_string\"}}],\"inLanguage\":\"da-DK\"},{\"@type\":\"Organization\",\"@id\":\"https:\/\/arcticexcursions.com\/#organization\",\"name\":\"Arctic Excursions\",\"url\":\"https:\/\/arcticexcursions.com\/\",\"logo\":{\"@type\":\"ImageObject\",\"inLanguage\":\"da-DK\",\"@id\":\"https:\/\/arcticexcursions.com\/#\/schema\/logo\/image\/\",\"url\":\"https:\/\/arcticexcursions.com\/wp-content\/uploads\/2022\/11\/fb-logo.png\",\"contentUrl\":\"https:\/\/arcticexcursions.com\/wp-content\/uploads\/2022\/11\/fb-logo.png\",\"width\":523,\"height\":523,\"caption\":\"Arctic Excursions\"},\"image\":{\"@id\":\"https:\/\/arcticexcursions.com\/#\/schema\/logo\/image\/\"}}]}<\/script>\n<!-- \/ Yoast SEO plugin. -->","yoast_head_json":{"title":"Arctic Excursions","robots":{"index":"index","follow":"follow","max-snippet":"max-snippet:-1","max-image-preview":"max-image-preview:large","max-video-preview":"max-video-preview:-1"},"canonical":"https:\/\/arcticexcursions.com\/da\/udflugter\/4-days-dogsledding\/","og_locale":"da_DK","og_type":"article","og_title":"4 dages hundesl\u00e6dek\u00f8rsel - Arctic Excursions","og_description":"Hundesl\u00e6dek\u00f8rsel er en integreret del af Gr\u00f8nlands kultur! Og at v\u00e6re t\u00e6t p\u00e5 naturen bringer dig t\u00e6ttere p\u00e5 vores kultur. Vil du opleve det smukke Uummannaq og dets omgivelser?","og_url":"https:\/\/arcticexcursions.com\/da\/udflugter\/4-days-dogsledding\/","og_site_name":"Arctic Excursions","article_modified_time":"2025-04-03T11:02:25+00:00","og_image":[{"width":2560,"height":1438,"url":"https:\/\/arcticexcursions.com\/wp-content\/uploads\/2022\/11\/DJI_0948-scaled.jpg","type":"image\/jpeg"}],"twitter_card":"summary_large_image","twitter_misc":{"Estimeret l\u00e6setid":"1 minut"},"schema":{"@context":"https:\/\/schema.org","@graph":[{"@type":"WebPage","@id":"https:\/\/arcticexcursions.com\/da\/udflugter\/4-days-dogsledding\/","url":"https:\/\/arcticexcursions.com\/da\/udflugter\/4-days-dogsledding\/","name":"4 dages hundesl\u00e6dek\u00f8rsel - Arctic Excursions","isPartOf":{"@id":"https:\/\/arcticexcursions.com\/#website"},"primaryImageOfPage":{"@id":"https:\/\/arcticexcursions.com\/da\/udflugter\/4-days-dogsledding\/#primaryimage"},"image":{"@id":"https:\/\/arcticexcursions.com\/da\/udflugter\/4-days-dogsledding\/#primaryimage"},"thumbnailUrl":"https:\/\/arcticexcursions.com\/wp-content\/uploads\/2022\/11\/DJI_0948-scaled.jpg","datePublished":"2024-11-08T09:23:14+00:00","dateModified":"2025-04-03T11:02:25+00:00","breadcrumb":{"@id":"https:\/\/arcticexcursions.com\/da\/udflugter\/4-days-dogsledding\/#breadcrumb"},"inLanguage":"da-DK","potentialAction":[{"@type":"ReadAction","target":["https:\/\/arcticexcursions.com\/da\/udflugter\/4-days-dogsledding\/"]}]},{"@type":"ImageObject","inLanguage":"da-DK","@id":"https:\/\/arcticexcursions.com\/da\/udflugter\/4-days-dogsledding\/#primaryimage","url":"https:\/\/arcticexcursions.com\/wp-content\/uploads\/2022\/11\/DJI_0948-scaled.jpg","contentUrl":"https:\/\/arcticexcursions.com\/wp-content\/uploads\/2022\/11\/DJI_0948-scaled.jpg","width":2560,"height":1438},{"@type":"BreadcrumbList","@id":"https:\/\/arcticexcursions.com\/da\/udflugter\/4-days-dogsledding\/#breadcrumb","itemListElement":[{"@type":"ListItem","position":1,"name":"Home","item":"https:\/\/arcticexcursions.com\/da\/"},{"@type":"ListItem","position":2,"name":"Udflugter i Gr\u00f8nland","item":"https:\/\/arcticexcursions.com\/da\/udflugter\/"},{"@type":"ListItem","position":3,"name":"4 dages hundesl\u00e6dek\u00f8rsel"}]},{"@type":"WebSite","@id":"https:\/\/arcticexcursions.com\/#website","url":"https:\/\/arcticexcursions.com\/","name":"Arctic Excursions","description":"New adventures. Every day.","publisher":{"@id":"https:\/\/arcticexcursions.com\/#organization"},"potentialAction":[{"@type":"SearchAction","target":{"@type":"EntryPoint","urlTemplate":"https:\/\/arcticexcursions.com\/?s={search_term_string}"},"query-input":{"@type":"PropertyValueSpecification","valueRequired":true,"valueName":"search_term_string"}}],"inLanguage":"da-DK"},{"@type":"Organization","@id":"https:\/\/arcticexcursions.com\/#organization","name":"Arctic Excursions","url":"https:\/\/arcticexcursions.com\/","logo":{"@type":"ImageObject","inLanguage":"da-DK","@id":"https:\/\/arcticexcursions.com\/#\/schema\/logo\/image\/","url":"https:\/\/arcticexcursions.com\/wp-content\/uploads\/2022\/11\/fb-logo.png","contentUrl":"https:\/\/arcticexcursions.com\/wp-content\/uploads\/2022\/11\/fb-logo.png","width":523,"height":523,"caption":"Arctic Excursions"},"image":{"@id":"https:\/\/arcticexcursions.com\/#\/schema\/logo\/image\/"}}]}},"_links":{"self":[{"href":"https:\/\/arcticexcursions.com\/da\/wp-json\/wp\/v2\/product\/41949"}],"collection":[{"href":"https:\/\/arcticexcursions.com\/da\/wp-json\/wp\/v2\/product"}],"about":[{"href":"https:\/\/arcticexcursions.com\/da\/wp-json\/wp\/v2\/types\/product"}],"replies":[{"embeddable":true,"href":"https:\/\/arcticexcursions.com\/da\/wp-json\/wp\/v2\/comments?post=41949"}],"wp:featuredmedia":[{"embeddable":true,"href":"https:\/\/arcticexcursions.com\/da\/wp-json\/wp\/v2\/media\/4634"}],"wp:attachment":[{"href":"https:\/\/arcticexcursions.com\/da\/wp-json\/wp\/v2\/media?parent=41949"}],"wp:term":[{"taxonomy":"product_brand","embeddable":true,"href":"https:\/\/arcticexcursions.com\/da\/wp-json\/wp\/v2\/product_brand?post=41949"},{"taxonomy":"product_cat","embeddable":true,"href":"https:\/\/arcticexcursions.com\/da\/wp-json\/wp\/v2\/product_cat?post=41949"},{"taxonomy":"product_tag","embeddable":true,"href":"https:\/\/arcticexcursions.com\/da\/wp-json\/wp\/v2\/product_tag?post=41949"}],"curies":[{"name":"wp","href":"https:\/\/api.w.org\/{rel}","templated":true}]}}