{"id":4195,"date":"2022-10-21T14:46:35","date_gmt":"2022-10-21T12:46:35","guid":{"rendered":"https:\/\/arcticexcursions.com\/?post_type=product&#038;p=4195"},"modified":"2026-04-07T13:32:15","modified_gmt":"2026-04-07T11:32:15","slug":"ilulissat-sightseeing","status":"publish","type":"product","link":"https:\/\/arcticexcursions.com\/da\/udflugter\/ilulissat-sightseeing\/","title":{"rendered":"Ilulissat Sightseeing &#8211; Helikoptertur"},"content":{"rendered":"<p>Vil du opleve Ilulissat, som du aldrig har oplevet byen f\u00f8r? F\u00e5 en spektakul\u00e6r oplevelse med en 20 minutter lang flyvetur med helikopter.<\/p>\n<p>Unik oplevelse fra en helikopter.<\/p>\n<p><b>Et minde for livet<\/b><\/p>\n<p><b>Varighed:<\/b> 30 minutter<\/p>\n<p><b>Deltagere:<\/b> Turen gennemf\u00f8res kun ved minimum 3 tilmeldte passagerer. Der vil deltage maksimalt 5 personer. <\/p>\n<p><b>Sprog:<\/b> Piloten taler et nordisk sprog og engelsk <\/p>\n<p><b>Flytype:<\/b> Typisk Airbus AS350 helikopter <\/p>\n<p><b>Praktisk info:<\/b> Piloten bestemmer siddepladser ud fra sikkerhedsm\u00e6ssige vurderinger. <\/p>\n<p><b>Anbefalet p\u00e5kl\u00e6dning:<\/b> Varmt t\u00f8j inkl. hue og handsker hele \u00e5ret. Solbriller. Solcreme om sommeren.<\/p>\n","protected":false},"excerpt":{"rendered":"<p>Ilulissat sightseeing med helikopter &#8211; en uforglemmelig oplevelse!<\/p>\n","protected":false},"featured_media":4126,"comment_status":"open","ping_status":"closed","template":"","meta":{"_acf_changed":false},"product_brand":[],"product_cat":[170],"product_tag":[159],"class_list":{"0":"post-4195","1":"product","2":"type-product","3":"status-publish","4":"has-post-thumbnail","6":"product_cat-udflugt","7":"product_tag-1-da","8":"pa_dato-423","9":"pa_dato-425","10":"pa_dato-256","11":"pa_dato-427","12":"pa_dato-428","13":"pa_dato-257","14":"pa_dato-429","15":"pa_dato-524","16":"pa_dato-526","17":"pa_dato-339","18":"pa_dato-371","19":"pa_dato-374","20":"pa_dato-377","21":"pa_dato-380","22":"pa_dato-390","23":"pa_dato-398","24":"pa_dato-626","25":"pa_dato-648","26":"pa_dato-660","27":"pa_dato-665","28":"pa_dato-667","29":"pa_dato-669","30":"pa_dato-673","31":"pa_dato-675","32":"pa_dato-539","33":"pa_dato-543","34":"pa_dato-772","35":"pa_dato-775","36":"pa_dato-778","37":"pa_dato-780","38":"pa_dato-783","39":"pa_dato-786","40":"pa_dato-789","41":"pa_dato-792","42":"pa_dato-795","43":"pa_dato-798","44":"pa_dato-801","45":"pa_dato-804","46":"pa_dato-807","47":"pa_dato-985","48":"pa_dato-1077","49":"pa_dato-903","50":"pa_dato-854","51":"pa_dato-870","52":"pa_dato-884","53":"pa_dato-858","54":"pa_dato-860","55":"pa_dato-888","56":"pa_dato-876","57":"pa_dato-1078","58":"pa_dato-898","59":"pa_dato-899","60":"pa_dato-6001","61":"pa_dato-5993","62":"pa_dato-5888","63":"pa_dato-6220","64":"pa_dato-6293","65":"pa_tidspunkt-72","66":"pa_tidspunkt-38","67":"pa_tidspunkt-40","68":"pa_tidspunkt-6310","69":"pa_tidspunkt-58","70":"pa_tidspunkt-304","71":"pa_tidspunkt-77","72":"pa_tidspunkt-221","73":"pa_tidspunkt-177","74":"pa_tidspunkt-229","75":"pa_tidspunkt-314","76":"pa_tidspunkt-478","77":"pa_tidspunkt-317","78":"pa_tidspunkt-227","79":"pa_tidspunkt-308","80":"pa_tidspunkt-431","81":"pa_tidspunkt-27","82":"pa_tidspunkt-430","83":"pa_tidspunkt-1087","84":"pa_tidspunkt-61","85":"pa_tidspunkt-1080","86":"pa_tidspunkt-83","87":"pa_tidspunkt-60","88":"pa_tidspunkt-426","89":"pa_tidspunkt-39","90":"pa_tidspunkt-57","91":"pa_tidspunkt-1082","92":"pa_tidspunkt-110","93":"pa_tidspunkt-69","94":"pa_tidspunkt-432","95":"pa_tidspunkt-6135","96":"pa_tidspunkt-6136","97":"tour_location-ilulissat-da","98":"tour_type-flightseeing","99":"tour_tickettype-arctic_excursions","100":"tour_operator-air-greenland-charter","102":"first","103":"instock","104":"shipping-taxable","105":"purchasable","106":"product-type-variable"},"acf":[],"yoast_head":"<!-- This site is optimized with the Yoast SEO plugin v23.6 - https:\/\/yoast.com\/wordpress\/plugins\/seo\/ -->\n<title>Arctic Excursions<\/title>\n<meta name=\"robots\" content=\"index, follow, max-snippet:-1, max-image-preview:large, max-video-preview:-1\" \/>\n<link rel=\"canonical\" href=\"https:\/\/arcticexcursions.com\/da\/udflugter\/ilulissat-sightseeing\/\" \/>\n<meta property=\"og:locale\" content=\"da_DK\" \/>\n<meta property=\"og:type\" content=\"article\" \/>\n<meta property=\"og:title\" content=\"Ilulissat Sightseeing - Helikoptertur - Arctic Excursions\" \/>\n<meta property=\"og:description\" content=\"Ilulissat sightseeing med helikopter - en uforglemmelig oplevelse!\" \/>\n<meta property=\"og:url\" content=\"https:\/\/arcticexcursions.com\/da\/udflugter\/ilulissat-sightseeing\/\" \/>\n<meta property=\"og:site_name\" content=\"Arctic Excursions\" \/>\n<meta property=\"article:modified_time\" content=\"2026-04-07T11:32:15+00:00\" \/>\n<meta property=\"og:image\" content=\"https:\/\/arcticexcursions.com\/wp-content\/uploads\/2022\/11\/313491210_1441536236336514_4921126851274889444_n-1.jpg\" \/>\n\t<meta property=\"og:image:width\" content=\"1536\" \/>\n\t<meta property=\"og:image:height\" content=\"2048\" \/>\n\t<meta property=\"og:image:type\" content=\"image\/jpeg\" \/>\n<meta name=\"twitter:card\" content=\"summary_large_image\" \/>\n<script type=\"application\/ld+json\" class=\"yoast-schema-graph\">{\"@context\":\"https:\/\/schema.org\",\"@graph\":[{\"@type\":\"WebPage\",\"@id\":\"https:\/\/arcticexcursions.com\/da\/udflugter\/ilulissat-sightseeing\/\",\"url\":\"https:\/\/arcticexcursions.com\/da\/udflugter\/ilulissat-sightseeing\/\",\"name\":\"Ilulissat Sightseeing - Helikoptertur - Arctic Excursions\",\"isPartOf\":{\"@id\":\"https:\/\/arcticexcursions.com\/#website\"},\"primaryImageOfPage\":{\"@id\":\"https:\/\/arcticexcursions.com\/da\/udflugter\/ilulissat-sightseeing\/#primaryimage\"},\"image\":{\"@id\":\"https:\/\/arcticexcursions.com\/da\/udflugter\/ilulissat-sightseeing\/#primaryimage\"},\"thumbnailUrl\":\"https:\/\/arcticexcursions.com\/wp-content\/uploads\/2022\/11\/313491210_1441536236336514_4921126851274889444_n-1.jpg\",\"datePublished\":\"2022-10-21T12:46:35+00:00\",\"dateModified\":\"2026-04-07T11:32:15+00:00\",\"breadcrumb\":{\"@id\":\"https:\/\/arcticexcursions.com\/da\/udflugter\/ilulissat-sightseeing\/#breadcrumb\"},\"inLanguage\":\"da-DK\",\"potentialAction\":[{\"@type\":\"ReadAction\",\"target\":[\"https:\/\/arcticexcursions.com\/da\/udflugter\/ilulissat-sightseeing\/\"]}]},{\"@type\":\"ImageObject\",\"inLanguage\":\"da-DK\",\"@id\":\"https:\/\/arcticexcursions.com\/da\/udflugter\/ilulissat-sightseeing\/#primaryimage\",\"url\":\"https:\/\/arcticexcursions.com\/wp-content\/uploads\/2022\/11\/313491210_1441536236336514_4921126851274889444_n-1.jpg\",\"contentUrl\":\"https:\/\/arcticexcursions.com\/wp-content\/uploads\/2022\/11\/313491210_1441536236336514_4921126851274889444_n-1.jpg\",\"width\":1536,\"height\":2048},{\"@type\":\"BreadcrumbList\",\"@id\":\"https:\/\/arcticexcursions.com\/da\/udflugter\/ilulissat-sightseeing\/#breadcrumb\",\"itemListElement\":[{\"@type\":\"ListItem\",\"position\":1,\"name\":\"Home\",\"item\":\"https:\/\/arcticexcursions.com\/da\/\"},{\"@type\":\"ListItem\",\"position\":2,\"name\":\"Udflugter i Gr\u00f8nland\",\"item\":\"https:\/\/arcticexcursions.com\/da\/udflugter\/\"},{\"@type\":\"ListItem\",\"position\":3,\"name\":\"Ilulissat Sightseeing &#8211; Helikoptertur\"}]},{\"@type\":\"WebSite\",\"@id\":\"https:\/\/arcticexcursions.com\/#website\",\"url\":\"https:\/\/arcticexcursions.com\/\",\"name\":\"Arctic Excursions\",\"description\":\"New adventures. Every day.\",\"publisher\":{\"@id\":\"https:\/\/arcticexcursions.com\/#organization\"},\"potentialAction\":[{\"@type\":\"SearchAction\",\"target\":{\"@type\":\"EntryPoint\",\"urlTemplate\":\"https:\/\/arcticexcursions.com\/?s={search_term_string}\"},\"query-input\":{\"@type\":\"PropertyValueSpecification\",\"valueRequired\":true,\"valueName\":\"search_term_string\"}}],\"inLanguage\":\"da-DK\"},{\"@type\":\"Organization\",\"@id\":\"https:\/\/arcticexcursions.com\/#organization\",\"name\":\"Arctic Excursions\",\"url\":\"https:\/\/arcticexcursions.com\/\",\"logo\":{\"@type\":\"ImageObject\",\"inLanguage\":\"da-DK\",\"@id\":\"https:\/\/arcticexcursions.com\/#\/schema\/logo\/image\/\",\"url\":\"https:\/\/arcticexcursions.com\/wp-content\/uploads\/2022\/11\/fb-logo.png\",\"contentUrl\":\"https:\/\/arcticexcursions.com\/wp-content\/uploads\/2022\/11\/fb-logo.png\",\"width\":523,\"height\":523,\"caption\":\"Arctic Excursions\"},\"image\":{\"@id\":\"https:\/\/arcticexcursions.com\/#\/schema\/logo\/image\/\"}}]}<\/script>\n<!-- \/ Yoast SEO plugin. -->","yoast_head_json":{"title":"Arctic Excursions","robots":{"index":"index","follow":"follow","max-snippet":"max-snippet:-1","max-image-preview":"max-image-preview:large","max-video-preview":"max-video-preview:-1"},"canonical":"https:\/\/arcticexcursions.com\/da\/udflugter\/ilulissat-sightseeing\/","og_locale":"da_DK","og_type":"article","og_title":"Ilulissat Sightseeing - Helikoptertur - Arctic Excursions","og_description":"Ilulissat sightseeing med helikopter - en uforglemmelig oplevelse!","og_url":"https:\/\/arcticexcursions.com\/da\/udflugter\/ilulissat-sightseeing\/","og_site_name":"Arctic Excursions","article_modified_time":"2026-04-07T11:32:15+00:00","og_image":[{"width":1536,"height":2048,"url":"https:\/\/arcticexcursions.com\/wp-content\/uploads\/2022\/11\/313491210_1441536236336514_4921126851274889444_n-1.jpg","type":"image\/jpeg"}],"twitter_card":"summary_large_image","schema":{"@context":"https:\/\/schema.org","@graph":[{"@type":"WebPage","@id":"https:\/\/arcticexcursions.com\/da\/udflugter\/ilulissat-sightseeing\/","url":"https:\/\/arcticexcursions.com\/da\/udflugter\/ilulissat-sightseeing\/","name":"Ilulissat Sightseeing - Helikoptertur - Arctic Excursions","isPartOf":{"@id":"https:\/\/arcticexcursions.com\/#website"},"primaryImageOfPage":{"@id":"https:\/\/arcticexcursions.com\/da\/udflugter\/ilulissat-sightseeing\/#primaryimage"},"image":{"@id":"https:\/\/arcticexcursions.com\/da\/udflugter\/ilulissat-sightseeing\/#primaryimage"},"thumbnailUrl":"https:\/\/arcticexcursions.com\/wp-content\/uploads\/2022\/11\/313491210_1441536236336514_4921126851274889444_n-1.jpg","datePublished":"2022-10-21T12:46:35+00:00","dateModified":"2026-04-07T11:32:15+00:00","breadcrumb":{"@id":"https:\/\/arcticexcursions.com\/da\/udflugter\/ilulissat-sightseeing\/#breadcrumb"},"inLanguage":"da-DK","potentialAction":[{"@type":"ReadAction","target":["https:\/\/arcticexcursions.com\/da\/udflugter\/ilulissat-sightseeing\/"]}]},{"@type":"ImageObject","inLanguage":"da-DK","@id":"https:\/\/arcticexcursions.com\/da\/udflugter\/ilulissat-sightseeing\/#primaryimage","url":"https:\/\/arcticexcursions.com\/wp-content\/uploads\/2022\/11\/313491210_1441536236336514_4921126851274889444_n-1.jpg","contentUrl":"https:\/\/arcticexcursions.com\/wp-content\/uploads\/2022\/11\/313491210_1441536236336514_4921126851274889444_n-1.jpg","width":1536,"height":2048},{"@type":"BreadcrumbList","@id":"https:\/\/arcticexcursions.com\/da\/udflugter\/ilulissat-sightseeing\/#breadcrumb","itemListElement":[{"@type":"ListItem","position":1,"name":"Home","item":"https:\/\/arcticexcursions.com\/da\/"},{"@type":"ListItem","position":2,"name":"Udflugter i Gr\u00f8nland","item":"https:\/\/arcticexcursions.com\/da\/udflugter\/"},{"@type":"ListItem","position":3,"name":"Ilulissat Sightseeing &#8211; Helikoptertur"}]},{"@type":"WebSite","@id":"https:\/\/arcticexcursions.com\/#website","url":"https:\/\/arcticexcursions.com\/","name":"Arctic Excursions","description":"New adventures. Every day.","publisher":{"@id":"https:\/\/arcticexcursions.com\/#organization"},"potentialAction":[{"@type":"SearchAction","target":{"@type":"EntryPoint","urlTemplate":"https:\/\/arcticexcursions.com\/?s={search_term_string}"},"query-input":{"@type":"PropertyValueSpecification","valueRequired":true,"valueName":"search_term_string"}}],"inLanguage":"da-DK"},{"@type":"Organization","@id":"https:\/\/arcticexcursions.com\/#organization","name":"Arctic Excursions","url":"https:\/\/arcticexcursions.com\/","logo":{"@type":"ImageObject","inLanguage":"da-DK","@id":"https:\/\/arcticexcursions.com\/#\/schema\/logo\/image\/","url":"https:\/\/arcticexcursions.com\/wp-content\/uploads\/2022\/11\/fb-logo.png","contentUrl":"https:\/\/arcticexcursions.com\/wp-content\/uploads\/2022\/11\/fb-logo.png","width":523,"height":523,"caption":"Arctic Excursions"},"image":{"@id":"https:\/\/arcticexcursions.com\/#\/schema\/logo\/image\/"}}]}},"_links":{"self":[{"href":"https:\/\/arcticexcursions.com\/da\/wp-json\/wp\/v2\/product\/4195"}],"collection":[{"href":"https:\/\/arcticexcursions.com\/da\/wp-json\/wp\/v2\/product"}],"about":[{"href":"https:\/\/arcticexcursions.com\/da\/wp-json\/wp\/v2\/types\/product"}],"replies":[{"embeddable":true,"href":"https:\/\/arcticexcursions.com\/da\/wp-json\/wp\/v2\/comments?post=4195"}],"wp:featuredmedia":[{"embeddable":true,"href":"https:\/\/arcticexcursions.com\/da\/wp-json\/wp\/v2\/media\/4126"}],"wp:attachment":[{"href":"https:\/\/arcticexcursions.com\/da\/wp-json\/wp\/v2\/media?parent=4195"}],"wp:term":[{"taxonomy":"product_brand","embeddable":true,"href":"https:\/\/arcticexcursions.com\/da\/wp-json\/wp\/v2\/product_brand?post=4195"},{"taxonomy":"product_cat","embeddable":true,"href":"https:\/\/arcticexcursions.com\/da\/wp-json\/wp\/v2\/product_cat?post=4195"},{"taxonomy":"product_tag","embeddable":true,"href":"https:\/\/arcticexcursions.com\/da\/wp-json\/wp\/v2\/product_tag?post=4195"}],"curies":[{"name":"wp","href":"https:\/\/api.w.org\/{rel}","templated":true}]}}