{"id":42034,"date":"2024-11-15T12:11:54","date_gmt":"2024-11-15T10:11:54","guid":{"rendered":"https:\/\/arcticexcursions.com\/?post_type=product&#038;p=42034"},"modified":"2025-11-03T18:42:56","modified_gmt":"2025-11-03T16:42:56","slug":"northern-lights-photography-tour-to-qoornoq","status":"publish","type":"product","link":"https:\/\/arcticexcursions.com\/da\/udflugter\/northern-lights-photography-tour-to-qoornoq\/","title":{"rendered":"Nordlys fototur til Qoornoq"},"content":{"rendered":"<p>N\u00e5r det bliver m\u00f8rkt, og stjernerne kommer frem, vil du v\u00e6re omgivet af den fredfyldte sk\u00f8nhed af isbjerge, der er strandet langs Qoornoqs kystlinje, og som hver is\u00e6r er unikke og skabt af naturen, hvilket giver fremragende forgrundsmotiver til nordlyset eller blot en stjerneklar nat.<\/p>\n<p>En professionel fotograf vil hj\u00e6lpe dig med at tage billeder af nordlyset, mens det bev\u00e6ger sig hen over den stjernefyldte himmel. Uanset om du er en erfaren fotograf eller lige er begyndt med en telefon, vil vores ekspert v\u00e6re der for at hj\u00e6lpe dig med at tage fremragende billeder, uanset om det er af dig med nordlyset i baggrunden eller blot give dig vejledning i, hvordan du betjener dit kamera korrekt.<\/p>\n<p>Qoornoq er et fantastisk sted til dette, da du kan fotografere sm\u00e5 hytter, is p\u00e5 forskellige m\u00e5der og betagende bjerge over hele \u00f8en.<\/p>\n<p>Denne tur er mere end bare at tage billeder; det er en mulighed for virkelig at se og opleve et af naturens mest betagende steder.<\/p>\n<p>Vi tilbringer ca. 1-2 timer ved Qoornoq, afh\u00e6ngigt af forholdene. Vi anbefaler helt klart at tage varmt t\u00f8j p\u00e5 under vores ophold p\u00e5 land. Sejladsen b\u00f8r vare omkring halvanden time hver vej, hvor vi af og til krydser isbjerge under den stjerneklare nattehimmel.<\/p>\n<p>Hvis du vil belyse nogle af isbjergene, skal du medbringe en ekstra lyskilde. Vi anbefaler ogs\u00e5 varme gummist\u00f8vler, da der er is p\u00e5 stranden.<\/p>\n<p><b>Varighed:<\/b> 5 timer.<\/p>\n<p><b>Deltagere:<\/b> Bem\u00e6rk venligst, at udflugten kun finder sted, hvis der er bestilt mindst 4 billetter i alt. Hvis du f.eks. bestiller 2 billetter, skal der s\u00e6lges mindst 2 ekstra billetter til andre kunder, for at turen kan gennemf\u00f8res. Der kan h\u00f8jst deltage 12 personer.<\/p>\n<p><b>Sprog:<\/b> Guiden\/kaptajnen taler dansk, engelsk og gr\u00f8nlandsk <\/p>\n<p><b>B\u00e5dtype:<\/b> Lukket b\u00e5d <\/p>\n<p><b>Toiletforhold:<\/b> Der er toilet p\u00e5 b\u00e5den <\/p>\n<p><b>Forplejning:<\/b> Kaffe og te serveres p\u00e5 b\u00e5den <\/p>\n<p><b>Anbefalet p\u00e5kl\u00e6dning:<\/b> Varmt t\u00f8j inkl. hue og handsker hele \u00e5ret. Solbriller. Solcreme om sommeren.<\/p>\n","protected":false},"excerpt":{"rendered":"<p>Tag en tur til den rolige \u00f8 Qoornoq med Nuuk Water Taxis nordlysfototur. <\/p>\n","protected":false},"featured_media":42030,"comment_status":"open","ping_status":"closed","template":"","meta":{"_acf_changed":false},"product_brand":[],"product_cat":[101,170],"product_tag":[],"class_list":{"0":"post-42034","1":"product","2":"type-product","3":"status-publish","4":"has-post-thumbnail","6":"product_cat-tour","7":"product_cat-udflugt","8":"tour_location-nuuk-da","9":"tour_type-nordlys","10":"tour_tickettype-arctic_excursions","11":"tour_operator-nuuk-water-taxi","13":"first","14":"outofstock","15":"shipping-taxable","16":"product-type-variable"},"acf":[],"yoast_head":"<!-- This site is optimized with the Yoast SEO plugin v23.6 - https:\/\/yoast.com\/wordpress\/plugins\/seo\/ -->\n<title>Arctic Excursions<\/title>\n<meta name=\"robots\" content=\"index, follow, max-snippet:-1, max-image-preview:large, max-video-preview:-1\" \/>\n<link rel=\"canonical\" href=\"https:\/\/arcticexcursions.com\/udflugter\/northern-lights-photography-tour-to-qoornoq\/\" \/>\n<meta property=\"og:locale\" content=\"da_DK\" \/>\n<meta property=\"og:type\" content=\"article\" \/>\n<meta property=\"og:title\" content=\"Nordlys fototur til Qoornoq - Arctic Excursions\" \/>\n<meta property=\"og:description\" content=\"Tag en tur til den rolige \u00f8 Qoornoq med Nuuk Water Taxis nordlysfototur.\" \/>\n<meta property=\"og:url\" content=\"https:\/\/arcticexcursions.com\/udflugter\/northern-lights-photography-tour-to-qoornoq\/\" \/>\n<meta property=\"og:site_name\" content=\"Arctic Excursions\" \/>\n<meta property=\"article:modified_time\" content=\"2025-11-03T16:42:56+00:00\" \/>\n<meta property=\"og:image\" content=\"https:\/\/arcticexcursions.com\/wp-content\/uploads\/2024\/11\/Nunaq.png\" \/>\n\t<meta property=\"og:image:width\" content=\"817\" \/>\n\t<meta property=\"og:image:height\" content=\"1219\" \/>\n\t<meta property=\"og:image:type\" content=\"image\/png\" \/>\n<meta name=\"twitter:card\" content=\"summary_large_image\" \/>\n<meta name=\"twitter:label1\" content=\"Estimeret l\u00e6setid\" \/>\n\t<meta name=\"twitter:data1\" content=\"2 minutter\" \/>\n<script type=\"application\/ld+json\" class=\"yoast-schema-graph\">{\"@context\":\"https:\/\/schema.org\",\"@graph\":[{\"@type\":\"WebPage\",\"@id\":\"https:\/\/arcticexcursions.com\/udflugter\/northern-lights-photography-tour-to-qoornoq\/\",\"url\":\"https:\/\/arcticexcursions.com\/udflugter\/northern-lights-photography-tour-to-qoornoq\/\",\"name\":\"Nordlys fototur til Qoornoq - Arctic Excursions\",\"isPartOf\":{\"@id\":\"https:\/\/arcticexcursions.com\/#website\"},\"primaryImageOfPage\":{\"@id\":\"https:\/\/arcticexcursions.com\/udflugter\/northern-lights-photography-tour-to-qoornoq\/#primaryimage\"},\"image\":{\"@id\":\"https:\/\/arcticexcursions.com\/udflugter\/northern-lights-photography-tour-to-qoornoq\/#primaryimage\"},\"thumbnailUrl\":\"https:\/\/arcticexcursions.com\/wp-content\/uploads\/2024\/11\/Nunaq.png\",\"datePublished\":\"2024-11-15T10:11:54+00:00\",\"dateModified\":\"2025-11-03T16:42:56+00:00\",\"breadcrumb\":{\"@id\":\"https:\/\/arcticexcursions.com\/udflugter\/northern-lights-photography-tour-to-qoornoq\/#breadcrumb\"},\"inLanguage\":\"da-DK\",\"potentialAction\":[{\"@type\":\"ReadAction\",\"target\":[\"https:\/\/arcticexcursions.com\/udflugter\/northern-lights-photography-tour-to-qoornoq\/\"]}]},{\"@type\":\"ImageObject\",\"inLanguage\":\"da-DK\",\"@id\":\"https:\/\/arcticexcursions.com\/udflugter\/northern-lights-photography-tour-to-qoornoq\/#primaryimage\",\"url\":\"https:\/\/arcticexcursions.com\/wp-content\/uploads\/2024\/11\/Nunaq.png\",\"contentUrl\":\"https:\/\/arcticexcursions.com\/wp-content\/uploads\/2024\/11\/Nunaq.png\",\"width\":817,\"height\":1219},{\"@type\":\"BreadcrumbList\",\"@id\":\"https:\/\/arcticexcursions.com\/udflugter\/northern-lights-photography-tour-to-qoornoq\/#breadcrumb\",\"itemListElement\":[{\"@type\":\"ListItem\",\"position\":1,\"name\":\"Home\",\"item\":\"https:\/\/arcticexcursions.com\/da\/\"},{\"@type\":\"ListItem\",\"position\":2,\"name\":\"Udflugter i Gr\u00f8nland\",\"item\":\"https:\/\/arcticexcursions.com\/da\/udflugter\/\"},{\"@type\":\"ListItem\",\"position\":3,\"name\":\"Nordlys fototur til Qoornoq\"}]},{\"@type\":\"WebSite\",\"@id\":\"https:\/\/arcticexcursions.com\/#website\",\"url\":\"https:\/\/arcticexcursions.com\/\",\"name\":\"Arctic Excursions\",\"description\":\"New adventures. Every day.\",\"publisher\":{\"@id\":\"https:\/\/arcticexcursions.com\/#organization\"},\"potentialAction\":[{\"@type\":\"SearchAction\",\"target\":{\"@type\":\"EntryPoint\",\"urlTemplate\":\"https:\/\/arcticexcursions.com\/?s={search_term_string}\"},\"query-input\":{\"@type\":\"PropertyValueSpecification\",\"valueRequired\":true,\"valueName\":\"search_term_string\"}}],\"inLanguage\":\"da-DK\"},{\"@type\":\"Organization\",\"@id\":\"https:\/\/arcticexcursions.com\/#organization\",\"name\":\"Arctic Excursions\",\"url\":\"https:\/\/arcticexcursions.com\/\",\"logo\":{\"@type\":\"ImageObject\",\"inLanguage\":\"da-DK\",\"@id\":\"https:\/\/arcticexcursions.com\/#\/schema\/logo\/image\/\",\"url\":\"https:\/\/arcticexcursions.com\/wp-content\/uploads\/2022\/11\/fb-logo.png\",\"contentUrl\":\"https:\/\/arcticexcursions.com\/wp-content\/uploads\/2022\/11\/fb-logo.png\",\"width\":523,\"height\":523,\"caption\":\"Arctic Excursions\"},\"image\":{\"@id\":\"https:\/\/arcticexcursions.com\/#\/schema\/logo\/image\/\"}}]}<\/script>\n<!-- \/ Yoast SEO plugin. -->","yoast_head_json":{"title":"Arctic Excursions","robots":{"index":"index","follow":"follow","max-snippet":"max-snippet:-1","max-image-preview":"max-image-preview:large","max-video-preview":"max-video-preview:-1"},"canonical":"https:\/\/arcticexcursions.com\/udflugter\/northern-lights-photography-tour-to-qoornoq\/","og_locale":"da_DK","og_type":"article","og_title":"Nordlys fototur til Qoornoq - Arctic Excursions","og_description":"Tag en tur til den rolige \u00f8 Qoornoq med Nuuk Water Taxis nordlysfototur.","og_url":"https:\/\/arcticexcursions.com\/udflugter\/northern-lights-photography-tour-to-qoornoq\/","og_site_name":"Arctic Excursions","article_modified_time":"2025-11-03T16:42:56+00:00","og_image":[{"width":817,"height":1219,"url":"https:\/\/arcticexcursions.com\/wp-content\/uploads\/2024\/11\/Nunaq.png","type":"image\/png"}],"twitter_card":"summary_large_image","twitter_misc":{"Estimeret l\u00e6setid":"2 minutter"},"schema":{"@context":"https:\/\/schema.org","@graph":[{"@type":"WebPage","@id":"https:\/\/arcticexcursions.com\/udflugter\/northern-lights-photography-tour-to-qoornoq\/","url":"https:\/\/arcticexcursions.com\/udflugter\/northern-lights-photography-tour-to-qoornoq\/","name":"Nordlys fototur til Qoornoq - Arctic Excursions","isPartOf":{"@id":"https:\/\/arcticexcursions.com\/#website"},"primaryImageOfPage":{"@id":"https:\/\/arcticexcursions.com\/udflugter\/northern-lights-photography-tour-to-qoornoq\/#primaryimage"},"image":{"@id":"https:\/\/arcticexcursions.com\/udflugter\/northern-lights-photography-tour-to-qoornoq\/#primaryimage"},"thumbnailUrl":"https:\/\/arcticexcursions.com\/wp-content\/uploads\/2024\/11\/Nunaq.png","datePublished":"2024-11-15T10:11:54+00:00","dateModified":"2025-11-03T16:42:56+00:00","breadcrumb":{"@id":"https:\/\/arcticexcursions.com\/udflugter\/northern-lights-photography-tour-to-qoornoq\/#breadcrumb"},"inLanguage":"da-DK","potentialAction":[{"@type":"ReadAction","target":["https:\/\/arcticexcursions.com\/udflugter\/northern-lights-photography-tour-to-qoornoq\/"]}]},{"@type":"ImageObject","inLanguage":"da-DK","@id":"https:\/\/arcticexcursions.com\/udflugter\/northern-lights-photography-tour-to-qoornoq\/#primaryimage","url":"https:\/\/arcticexcursions.com\/wp-content\/uploads\/2024\/11\/Nunaq.png","contentUrl":"https:\/\/arcticexcursions.com\/wp-content\/uploads\/2024\/11\/Nunaq.png","width":817,"height":1219},{"@type":"BreadcrumbList","@id":"https:\/\/arcticexcursions.com\/udflugter\/northern-lights-photography-tour-to-qoornoq\/#breadcrumb","itemListElement":[{"@type":"ListItem","position":1,"name":"Home","item":"https:\/\/arcticexcursions.com\/da\/"},{"@type":"ListItem","position":2,"name":"Udflugter i Gr\u00f8nland","item":"https:\/\/arcticexcursions.com\/da\/udflugter\/"},{"@type":"ListItem","position":3,"name":"Nordlys fototur til Qoornoq"}]},{"@type":"WebSite","@id":"https:\/\/arcticexcursions.com\/#website","url":"https:\/\/arcticexcursions.com\/","name":"Arctic Excursions","description":"New adventures. Every day.","publisher":{"@id":"https:\/\/arcticexcursions.com\/#organization"},"potentialAction":[{"@type":"SearchAction","target":{"@type":"EntryPoint","urlTemplate":"https:\/\/arcticexcursions.com\/?s={search_term_string}"},"query-input":{"@type":"PropertyValueSpecification","valueRequired":true,"valueName":"search_term_string"}}],"inLanguage":"da-DK"},{"@type":"Organization","@id":"https:\/\/arcticexcursions.com\/#organization","name":"Arctic Excursions","url":"https:\/\/arcticexcursions.com\/","logo":{"@type":"ImageObject","inLanguage":"da-DK","@id":"https:\/\/arcticexcursions.com\/#\/schema\/logo\/image\/","url":"https:\/\/arcticexcursions.com\/wp-content\/uploads\/2022\/11\/fb-logo.png","contentUrl":"https:\/\/arcticexcursions.com\/wp-content\/uploads\/2022\/11\/fb-logo.png","width":523,"height":523,"caption":"Arctic Excursions"},"image":{"@id":"https:\/\/arcticexcursions.com\/#\/schema\/logo\/image\/"}}]}},"_links":{"self":[{"href":"https:\/\/arcticexcursions.com\/da\/wp-json\/wp\/v2\/product\/42034"}],"collection":[{"href":"https:\/\/arcticexcursions.com\/da\/wp-json\/wp\/v2\/product"}],"about":[{"href":"https:\/\/arcticexcursions.com\/da\/wp-json\/wp\/v2\/types\/product"}],"replies":[{"embeddable":true,"href":"https:\/\/arcticexcursions.com\/da\/wp-json\/wp\/v2\/comments?post=42034"}],"wp:featuredmedia":[{"embeddable":true,"href":"https:\/\/arcticexcursions.com\/da\/wp-json\/wp\/v2\/media\/42030"}],"wp:attachment":[{"href":"https:\/\/arcticexcursions.com\/da\/wp-json\/wp\/v2\/media?parent=42034"}],"wp:term":[{"taxonomy":"product_brand","embeddable":true,"href":"https:\/\/arcticexcursions.com\/da\/wp-json\/wp\/v2\/product_brand?post=42034"},{"taxonomy":"product_cat","embeddable":true,"href":"https:\/\/arcticexcursions.com\/da\/wp-json\/wp\/v2\/product_cat?post=42034"},{"taxonomy":"product_tag","embeddable":true,"href":"https:\/\/arcticexcursions.com\/da\/wp-json\/wp\/v2\/product_tag?post=42034"}],"curies":[{"name":"wp","href":"https:\/\/api.w.org\/{rel}","templated":true}]}}