{"id":42638,"date":"2024-11-27T18:56:22","date_gmt":"2024-11-27T16:56:22","guid":{"rendered":"https:\/\/arcticexcursions.com\/?post_type=product&#038;p=42638"},"modified":"2025-07-26T13:04:05","modified_gmt":"2025-07-26T11:04:05","slug":"sermermiut-unesco-vandretur","status":"publish","type":"product","link":"https:\/\/arcticexcursions.com\/da\/udflugter\/sermermiut-unesco-vandretur\/","title":{"rendered":"Sermermiut UNESCO Vandretur"},"content":{"rendered":"<p>Begynd med en 2,6 km g\u00e5tur ad en tr\u00e6sti fra Kangiata Illorsuata, Isfjordscentret, til Nakkaavik, omgivet af en fantastisk udsigt over isfjorden og rig kulturarv.<\/p>\n<p>Omdrejningspunktet er Sermermiut, der engang var hjemsted for Saqqaq-, Dorset- og Thule-folket fra 4500 f.Kr. til 1850&#8217;erne. Guidet af din lokale guide, tager vi fat i historier om tidlige arktiske folk og den arv, de efterlod.<\/p>\n<p>Fordyb dig i arktisk kultur, n\u00e5r lokale guider deler myter, traditioner og indsigter, der er dybt forbundet med Sermermiuts historie. <\/p>\n<p><b>Transport:<\/b> G\u00e5ende<br \/>\n<b>Varighed:<\/b> 2 timer<br \/>\n<b>Deltagere:<\/b> Bem\u00e6rk venligst, at udflugten kun gennemf\u00f8res, hvis der er mindst 4 bookede billetter i alt. Hvis du for eksempel booker 1 billet, skal der s\u00e6lges mindst 3 yderligere billet til andre kunder, f\u00f8r turen kan finde sted.<\/p>\n","protected":false},"excerpt":{"rendered":"<p>Tag p\u00e5 en hyggelig g\u00e5tur, der blander naturlig sk\u00f8nhed, historie og kultur.<\/p>\n","protected":false},"featured_media":42643,"comment_status":"open","ping_status":"closed","template":"","meta":{"_acf_changed":false},"product_brand":[],"product_cat":[170],"product_tag":[],"class_list":{"0":"post-42638","1":"product","2":"type-product","3":"status-publish","4":"has-post-thumbnail","6":"product_cat-udflugt","7":"pa_dato-1304","8":"pa_dato-1357","9":"pa_dato-5974","10":"pa_dato-6030","11":"pa_dato-5954","12":"pa_tidspunkt-40","13":"tour_location-ilulissat-da","14":"tour_type-vandreture","15":"tour_state-allowed_prebooking","16":"tour_state-show_always","17":"tour_tickettype-arctic_excursions","18":"tour_operator-diskobay-tours","20":"first","21":"outofstock","22":"shipping-taxable","23":"product-type-variable"},"acf":[],"yoast_head":"<!-- This site is optimized with the Yoast SEO plugin v23.6 - https:\/\/yoast.com\/wordpress\/plugins\/seo\/ -->\n<title>Arctic Excursions<\/title>\n<meta name=\"robots\" content=\"index, follow, max-snippet:-1, max-image-preview:large, max-video-preview:-1\" \/>\n<link rel=\"canonical\" href=\"https:\/\/arcticexcursions.com\/udflugter\/sermermiut-unesco-vandretur\/\" \/>\n<meta property=\"og:locale\" content=\"da_DK\" \/>\n<meta property=\"og:type\" content=\"article\" \/>\n<meta property=\"og:title\" content=\"Sermermiut UNESCO Vandretur - Arctic Excursions\" \/>\n<meta property=\"og:description\" content=\"Tag p\u00e5 en hyggelig g\u00e5tur, der blander naturlig sk\u00f8nhed, historie og kultur.\" \/>\n<meta property=\"og:url\" content=\"https:\/\/arcticexcursions.com\/udflugter\/sermermiut-unesco-vandretur\/\" \/>\n<meta property=\"og:site_name\" content=\"Arctic Excursions\" \/>\n<meta property=\"article:modified_time\" content=\"2025-07-26T11:04:05+00:00\" \/>\n<meta property=\"og:image\" content=\"https:\/\/arcticexcursions.com\/wp-content\/uploads\/2024\/11\/DBT-Hike-2.jpg\" \/>\n\t<meta property=\"og:image:width\" content=\"2268\" \/>\n\t<meta property=\"og:image:height\" content=\"1643\" \/>\n\t<meta property=\"og:image:type\" content=\"image\/jpeg\" \/>\n<meta name=\"twitter:card\" content=\"summary_large_image\" \/>\n<meta name=\"twitter:label1\" content=\"Estimeret l\u00e6setid\" \/>\n\t<meta name=\"twitter:data1\" content=\"1 minut\" \/>\n<script type=\"application\/ld+json\" class=\"yoast-schema-graph\">{\"@context\":\"https:\/\/schema.org\",\"@graph\":[{\"@type\":\"WebPage\",\"@id\":\"https:\/\/arcticexcursions.com\/udflugter\/sermermiut-unesco-vandretur\/\",\"url\":\"https:\/\/arcticexcursions.com\/udflugter\/sermermiut-unesco-vandretur\/\",\"name\":\"Sermermiut UNESCO Vandretur - Arctic Excursions\",\"isPartOf\":{\"@id\":\"https:\/\/arcticexcursions.com\/#website\"},\"primaryImageOfPage\":{\"@id\":\"https:\/\/arcticexcursions.com\/udflugter\/sermermiut-unesco-vandretur\/#primaryimage\"},\"image\":{\"@id\":\"https:\/\/arcticexcursions.com\/udflugter\/sermermiut-unesco-vandretur\/#primaryimage\"},\"thumbnailUrl\":\"https:\/\/arcticexcursions.com\/wp-content\/uploads\/2024\/11\/DBT-Hike-2.jpg\",\"datePublished\":\"2024-11-27T16:56:22+00:00\",\"dateModified\":\"2025-07-26T11:04:05+00:00\",\"breadcrumb\":{\"@id\":\"https:\/\/arcticexcursions.com\/udflugter\/sermermiut-unesco-vandretur\/#breadcrumb\"},\"inLanguage\":\"da-DK\",\"potentialAction\":[{\"@type\":\"ReadAction\",\"target\":[\"https:\/\/arcticexcursions.com\/udflugter\/sermermiut-unesco-vandretur\/\"]}]},{\"@type\":\"ImageObject\",\"inLanguage\":\"da-DK\",\"@id\":\"https:\/\/arcticexcursions.com\/udflugter\/sermermiut-unesco-vandretur\/#primaryimage\",\"url\":\"https:\/\/arcticexcursions.com\/wp-content\/uploads\/2024\/11\/DBT-Hike-2.jpg\",\"contentUrl\":\"https:\/\/arcticexcursions.com\/wp-content\/uploads\/2024\/11\/DBT-Hike-2.jpg\",\"width\":2268,\"height\":1643},{\"@type\":\"BreadcrumbList\",\"@id\":\"https:\/\/arcticexcursions.com\/udflugter\/sermermiut-unesco-vandretur\/#breadcrumb\",\"itemListElement\":[{\"@type\":\"ListItem\",\"position\":1,\"name\":\"Home\",\"item\":\"https:\/\/arcticexcursions.com\/da\/\"},{\"@type\":\"ListItem\",\"position\":2,\"name\":\"Udflugter i Gr\u00f8nland\",\"item\":\"https:\/\/arcticexcursions.com\/da\/udflugter\/\"},{\"@type\":\"ListItem\",\"position\":3,\"name\":\"Sermermiut UNESCO Vandretur\"}]},{\"@type\":\"WebSite\",\"@id\":\"https:\/\/arcticexcursions.com\/#website\",\"url\":\"https:\/\/arcticexcursions.com\/\",\"name\":\"Arctic Excursions\",\"description\":\"New adventures. Every day.\",\"publisher\":{\"@id\":\"https:\/\/arcticexcursions.com\/#organization\"},\"potentialAction\":[{\"@type\":\"SearchAction\",\"target\":{\"@type\":\"EntryPoint\",\"urlTemplate\":\"https:\/\/arcticexcursions.com\/?s={search_term_string}\"},\"query-input\":{\"@type\":\"PropertyValueSpecification\",\"valueRequired\":true,\"valueName\":\"search_term_string\"}}],\"inLanguage\":\"da-DK\"},{\"@type\":\"Organization\",\"@id\":\"https:\/\/arcticexcursions.com\/#organization\",\"name\":\"Arctic Excursions\",\"url\":\"https:\/\/arcticexcursions.com\/\",\"logo\":{\"@type\":\"ImageObject\",\"inLanguage\":\"da-DK\",\"@id\":\"https:\/\/arcticexcursions.com\/#\/schema\/logo\/image\/\",\"url\":\"https:\/\/arcticexcursions.com\/wp-content\/uploads\/2022\/11\/fb-logo.png\",\"contentUrl\":\"https:\/\/arcticexcursions.com\/wp-content\/uploads\/2022\/11\/fb-logo.png\",\"width\":523,\"height\":523,\"caption\":\"Arctic Excursions\"},\"image\":{\"@id\":\"https:\/\/arcticexcursions.com\/#\/schema\/logo\/image\/\"}}]}<\/script>\n<!-- \/ Yoast SEO plugin. -->","yoast_head_json":{"title":"Arctic Excursions","robots":{"index":"index","follow":"follow","max-snippet":"max-snippet:-1","max-image-preview":"max-image-preview:large","max-video-preview":"max-video-preview:-1"},"canonical":"https:\/\/arcticexcursions.com\/udflugter\/sermermiut-unesco-vandretur\/","og_locale":"da_DK","og_type":"article","og_title":"Sermermiut UNESCO Vandretur - Arctic Excursions","og_description":"Tag p\u00e5 en hyggelig g\u00e5tur, der blander naturlig sk\u00f8nhed, historie og kultur.","og_url":"https:\/\/arcticexcursions.com\/udflugter\/sermermiut-unesco-vandretur\/","og_site_name":"Arctic Excursions","article_modified_time":"2025-07-26T11:04:05+00:00","og_image":[{"width":2268,"height":1643,"url":"https:\/\/arcticexcursions.com\/wp-content\/uploads\/2024\/11\/DBT-Hike-2.jpg","type":"image\/jpeg"}],"twitter_card":"summary_large_image","twitter_misc":{"Estimeret l\u00e6setid":"1 minut"},"schema":{"@context":"https:\/\/schema.org","@graph":[{"@type":"WebPage","@id":"https:\/\/arcticexcursions.com\/udflugter\/sermermiut-unesco-vandretur\/","url":"https:\/\/arcticexcursions.com\/udflugter\/sermermiut-unesco-vandretur\/","name":"Sermermiut UNESCO Vandretur - Arctic Excursions","isPartOf":{"@id":"https:\/\/arcticexcursions.com\/#website"},"primaryImageOfPage":{"@id":"https:\/\/arcticexcursions.com\/udflugter\/sermermiut-unesco-vandretur\/#primaryimage"},"image":{"@id":"https:\/\/arcticexcursions.com\/udflugter\/sermermiut-unesco-vandretur\/#primaryimage"},"thumbnailUrl":"https:\/\/arcticexcursions.com\/wp-content\/uploads\/2024\/11\/DBT-Hike-2.jpg","datePublished":"2024-11-27T16:56:22+00:00","dateModified":"2025-07-26T11:04:05+00:00","breadcrumb":{"@id":"https:\/\/arcticexcursions.com\/udflugter\/sermermiut-unesco-vandretur\/#breadcrumb"},"inLanguage":"da-DK","potentialAction":[{"@type":"ReadAction","target":["https:\/\/arcticexcursions.com\/udflugter\/sermermiut-unesco-vandretur\/"]}]},{"@type":"ImageObject","inLanguage":"da-DK","@id":"https:\/\/arcticexcursions.com\/udflugter\/sermermiut-unesco-vandretur\/#primaryimage","url":"https:\/\/arcticexcursions.com\/wp-content\/uploads\/2024\/11\/DBT-Hike-2.jpg","contentUrl":"https:\/\/arcticexcursions.com\/wp-content\/uploads\/2024\/11\/DBT-Hike-2.jpg","width":2268,"height":1643},{"@type":"BreadcrumbList","@id":"https:\/\/arcticexcursions.com\/udflugter\/sermermiut-unesco-vandretur\/#breadcrumb","itemListElement":[{"@type":"ListItem","position":1,"name":"Home","item":"https:\/\/arcticexcursions.com\/da\/"},{"@type":"ListItem","position":2,"name":"Udflugter i Gr\u00f8nland","item":"https:\/\/arcticexcursions.com\/da\/udflugter\/"},{"@type":"ListItem","position":3,"name":"Sermermiut UNESCO Vandretur"}]},{"@type":"WebSite","@id":"https:\/\/arcticexcursions.com\/#website","url":"https:\/\/arcticexcursions.com\/","name":"Arctic Excursions","description":"New adventures. Every day.","publisher":{"@id":"https:\/\/arcticexcursions.com\/#organization"},"potentialAction":[{"@type":"SearchAction","target":{"@type":"EntryPoint","urlTemplate":"https:\/\/arcticexcursions.com\/?s={search_term_string}"},"query-input":{"@type":"PropertyValueSpecification","valueRequired":true,"valueName":"search_term_string"}}],"inLanguage":"da-DK"},{"@type":"Organization","@id":"https:\/\/arcticexcursions.com\/#organization","name":"Arctic Excursions","url":"https:\/\/arcticexcursions.com\/","logo":{"@type":"ImageObject","inLanguage":"da-DK","@id":"https:\/\/arcticexcursions.com\/#\/schema\/logo\/image\/","url":"https:\/\/arcticexcursions.com\/wp-content\/uploads\/2022\/11\/fb-logo.png","contentUrl":"https:\/\/arcticexcursions.com\/wp-content\/uploads\/2022\/11\/fb-logo.png","width":523,"height":523,"caption":"Arctic Excursions"},"image":{"@id":"https:\/\/arcticexcursions.com\/#\/schema\/logo\/image\/"}}]}},"_links":{"self":[{"href":"https:\/\/arcticexcursions.com\/da\/wp-json\/wp\/v2\/product\/42638"}],"collection":[{"href":"https:\/\/arcticexcursions.com\/da\/wp-json\/wp\/v2\/product"}],"about":[{"href":"https:\/\/arcticexcursions.com\/da\/wp-json\/wp\/v2\/types\/product"}],"replies":[{"embeddable":true,"href":"https:\/\/arcticexcursions.com\/da\/wp-json\/wp\/v2\/comments?post=42638"}],"wp:featuredmedia":[{"embeddable":true,"href":"https:\/\/arcticexcursions.com\/da\/wp-json\/wp\/v2\/media\/42643"}],"wp:attachment":[{"href":"https:\/\/arcticexcursions.com\/da\/wp-json\/wp\/v2\/media?parent=42638"}],"wp:term":[{"taxonomy":"product_brand","embeddable":true,"href":"https:\/\/arcticexcursions.com\/da\/wp-json\/wp\/v2\/product_brand?post=42638"},{"taxonomy":"product_cat","embeddable":true,"href":"https:\/\/arcticexcursions.com\/da\/wp-json\/wp\/v2\/product_cat?post=42638"},{"taxonomy":"product_tag","embeddable":true,"href":"https:\/\/arcticexcursions.com\/da\/wp-json\/wp\/v2\/product_tag?post=42638"}],"curies":[{"name":"wp","href":"https:\/\/api.w.org\/{rel}","templated":true}]}}