{"id":42921,"date":"2024-12-16T16:44:22","date_gmt":"2024-12-16T14:44:22","guid":{"rendered":"https:\/\/arcticexcursions.com\/?post_type=product&#038;p=42921"},"modified":"2025-11-22T15:35:13","modified_gmt":"2025-11-22T13:35:13","slug":"helicopter-tour-kangia-classic","status":"publish","type":"product","link":"https:\/\/arcticexcursions.com\/da\/udflugter\/helicopter-tour-kangia-classic\/","title":{"rendered":"Kangia Classic &#8211; Helikoptertur"},"content":{"rendered":"<p>Tag med p\u00e5 en spektakul\u00e6r helikoptertur til et skattekammer af den Gr\u00f8nlandske Indlandsis og oplev naturens kr\u00e6fter helt t\u00e6t p\u00e5. Tag med os p\u00e5 en uforglemmelig rejse, hvor du sv\u00e6ver mellem de gigantiske isfjelde og lander ved Sermeq Kujalleq, den imponerende gletsjer, der er en af de mest aktive og produktive p\u00e5 den nordlige halvkugle.<\/p>\n<p>Under flyvningen vil du f\u00e5 en enest\u00e5ende udsigt til de dramatiske isformationer og det episke landskab, der str\u00e6kker sig s\u00e5 langt \u00f8jet kan se. Sermeq Kujalleq er ikke kun et naturvidunder \u2013 det er ogs\u00e5 et vigtigt forskningsomr\u00e5de for klimaforskere, der unders\u00f8ger, hvordan gletsjeren bidrager til Indlandsisens massetab.<\/p>\n<p>N\u00e5r vi lander ved kanten af Indlandsisen, \u00e5bner sig et betagende panorama over gletsjerlandskabet, hvor du f\u00e5r 30 minutter p\u00e5 fastlandet, til at tage alt det episke og oplevelsen ind. Her vil du f\u00e5 indsigt i gletsjerens betydning for klimaet, mens du nyder den fantastiske gr\u00f8nlandske friske og rene luft og den helt unikke atmosf\u00e6re.<\/p>\n<p>En helikoptertur er en oplevelse i sig selv, og sammen med den storsl\u00e5ede natur g\u00f8r det denne tur til en sand klassiker. Oplev Gr\u00f8nland p\u00e5 en helt ny m\u00e5de \u2013 et eventyr, du aldrig vil glemme!<\/p>\n<p><b>Varighed:<\/b> 1,5 time.<\/p>\n<p><b>Sprog:<\/b> Piloten taler et nordisk sprog og engelsk <\/p>\n<p><b>Flytype:<\/b> Typisk Airbus AS350 helikopter <\/p>\n<p><b>Praktisk info:<\/b> Piloten bestemmer siddepladser ud fra sikkerhedsm\u00e6ssige vurderinger. <\/p>\n<p><b>Anbefalet p\u00e5kl\u00e6dning:<\/b> Varmt t\u00f8j inkl. hue og handsker hele \u00e5ret. Solbriller. Solcreme om sommeren.<\/p>\n<p><b>Deltagere:<\/b> Maksimum 5 deltagere pr. afgang.<\/p>\n<p><b>S\u00e6son:<\/b> 1. juli &#8211; 30. september.<\/p>\n","protected":false},"excerpt":{"rendered":"<p>Helikoptertur til Indlandsisen \u2013 Et uforglemmeligt Eventyr<\/p>\n","protected":false},"featured_media":1971,"comment_status":"open","ping_status":"closed","template":"","meta":{"_acf_changed":false},"product_brand":[],"product_cat":[170],"product_tag":[],"class_list":{"0":"post-42921","1":"product","2":"type-product","3":"status-publish","4":"has-post-thumbnail","6":"product_cat-udflugt","7":"pa_dato-6102","8":"pa_dato-6112","9":"pa_dato-5927","10":"pa_dato-6068","11":"pa_dato-6069","12":"pa_dato-6103","13":"pa_dato-6049","14":"pa_dato-6092","15":"pa_dato-6083","16":"pa_dato-6104","17":"pa_dato-6039","18":"pa_dato-6040","19":"pa_dato-6029","20":"pa_dato-5917","21":"pa_dato-6041","22":"pa_dato-5919","23":"pa_dato-1373","24":"pa_dato-5922","25":"pa_dato-5881","26":"pa_dato-5923","27":"pa_dato-6042","28":"pa_dato-5891","29":"pa_dato-6043","30":"pa_dato-5890","31":"pa_dato-5916","32":"pa_dato-5934","33":"pa_dato-6072","34":"pa_dato-6066","35":"pa_dato-6071","36":"pa_dato-6075","37":"pa_dato-5993","38":"pa_dato-5936","39":"pa_dato-6070","40":"pa_dato-6019","41":"pa_dato-5947","42":"pa_dato-6064","43":"pa_dato-6047","44":"pa_dato-5932","45":"pa_dato-5999","46":"pa_dato-5895","47":"pa_dato-5952","48":"pa_dato-1193","49":"pa_dato-6056","50":"pa_dato-5892","51":"pa_dato-5951","52":"pa_dato-5879","53":"pa_dato-6020","54":"pa_dato-5948","55":"pa_dato-5933","56":"pa_dato-5949","57":"pa_dato-5966","58":"pa_dato-5983","59":"pa_dato-6000","60":"pa_dato-5882","61":"pa_dato-5925","62":"pa_dato-5953","63":"pa_dato-5965","64":"pa_dato-5975","65":"pa_dato-6021","66":"pa_dato-6051","67":"pa_dato-6046","68":"pa_dato-6030","69":"pa_dato-6087","70":"pa_dato-5954","71":"pa_dato-6022","72":"pa_dato-6058","73":"pa_dato-6059","74":"pa_dato-5937","75":"pa_dato-5964","76":"pa_dato-6067","77":"pa_dato-6024","78":"pa_dato-5931","79":"pa_dato-5926","80":"pa_dato-6006","81":"pa_dato-5955","82":"pa_dato-6062","83":"pa_dato-6025","84":"pa_dato-5883","85":"pa_dato-5929","86":"pa_dato-5928","87":"pa_dato-5888","88":"pa_dato-5988","89":"pa_dato-5924","90":"pa_dato-5946","91":"pa_dato-5889","92":"pa_dato-5958","93":"pa_dato-5938","94":"pa_dato-5963","95":"pa_dato-5956","96":"pa_dato-5977","97":"pa_dato-6002","98":"pa_dato-5961","99":"pa_dato-6060","100":"pa_dato-5939","101":"pa_dato-5918","102":"pa_dato-6026","103":"pa_dato-5990","104":"pa_dato-6061","105":"pa_dato-5940","106":"pa_dato-5941","107":"pa_dato-6003","108":"pa_dato-5957","109":"pa_dato-6074","110":"pa_dato-6081","111":"pa_dato-5942","112":"pa_dato-5943","113":"pa_dato-6078","114":"pa_dato-6028","115":"pa_dato-6088","116":"pa_dato-6094","117":"pa_dato-5992","118":"pa_dato-6090","119":"pa_dato-6091","120":"pa_dato-6080","121":"pa_dato-6089","122":"pa_dato-6073","123":"pa_dato-5944","124":"pa_dato-5945","125":"pa_dato-6106","126":"pa_dato-6105","127":"pa_dato-6119","128":"pa_dato-6169","129":"pa_dato-6168","130":"pa_dato-6182","131":"pa_dato-6132","132":"pa_dato-6164","133":"pa_dato-6139","134":"pa_dato-6122","135":"pa_dato-6137","136":"pa_dato-6152","137":"pa_dato-6187","138":"pa_dato-6190","139":"pa_dato-6150","140":"pa_dato-6111","141":"pa_dato-6252","142":"pa_dato-6253","143":"pa_dato-6254","144":"pa_dato-6255","145":"pa_dato-6157","146":"pa_dato-6186","147":"pa_tidspunkt-72","148":"pa_tidspunkt-6266","149":"pa_tidspunkt-6099","150":"pa_tidspunkt-38","151":"pa_tidspunkt-748","152":"pa_tidspunkt-304","153":"pa_tidspunkt-6126","154":"pa_tidspunkt-77","155":"pa_tidspunkt-314","156":"pa_tidspunkt-478","157":"pa_tidspunkt-317","158":"pa_tidspunkt-6125","159":"pa_tidspunkt-27","160":"pa_tidspunkt-430","161":"pa_tidspunkt-61","162":"pa_tidspunkt-60","163":"pa_tidspunkt-6146","164":"pa_tidspunkt-426","165":"pa_tidspunkt-57","166":"pa_tidspunkt-205","167":"pa_tidspunkt-6147","168":"pa_tidspunkt-86","169":"pa_tidspunkt-231","170":"tour_location-ilulissat-da","171":"tour_type-flightseeing","172":"tour_tickettype-arctic_excursions","173":"tour_operator-air-greenland-charter","175":"first","176":"outofstock","177":"shipping-taxable","178":"product-type-variable"},"acf":[],"yoast_head":"<!-- This site is optimized with the Yoast SEO plugin v23.6 - https:\/\/yoast.com\/wordpress\/plugins\/seo\/ -->\n<title>Arctic Excursions<\/title>\n<meta name=\"robots\" content=\"index, follow, max-snippet:-1, max-image-preview:large, max-video-preview:-1\" \/>\n<link rel=\"canonical\" href=\"https:\/\/arcticexcursions.com\/da\/udflugter\/helicopter-tour-kangia-classic\/\" \/>\n<meta property=\"og:locale\" content=\"da_DK\" \/>\n<meta property=\"og:type\" content=\"article\" \/>\n<meta property=\"og:title\" content=\"Kangia Classic - Helikoptertur - Arctic Excursions\" \/>\n<meta property=\"og:description\" content=\"Helikoptertur til Indlandsisen \u2013 Et uforglemmeligt Eventyr\" \/>\n<meta property=\"og:url\" content=\"https:\/\/arcticexcursions.com\/da\/udflugter\/helicopter-tour-kangia-classic\/\" \/>\n<meta property=\"og:site_name\" content=\"Arctic Excursions\" \/>\n<meta property=\"article:modified_time\" content=\"2025-11-22T13:35:13+00:00\" \/>\n<meta property=\"og:image\" content=\"https:\/\/arcticexcursions.com\/wp-content\/uploads\/2022\/05\/helitur-keld-ravn-hero.jpg\" \/>\n\t<meta property=\"og:image:width\" content=\"2000\" \/>\n\t<meta property=\"og:image:height\" content=\"1328\" \/>\n\t<meta property=\"og:image:type\" content=\"image\/jpeg\" \/>\n<meta name=\"twitter:card\" content=\"summary_large_image\" \/>\n<meta name=\"twitter:label1\" content=\"Estimeret l\u00e6setid\" \/>\n\t<meta name=\"twitter:data1\" content=\"1 minut\" \/>\n<script type=\"application\/ld+json\" class=\"yoast-schema-graph\">{\"@context\":\"https:\/\/schema.org\",\"@graph\":[{\"@type\":\"WebPage\",\"@id\":\"https:\/\/arcticexcursions.com\/da\/udflugter\/helicopter-tour-kangia-classic\/\",\"url\":\"https:\/\/arcticexcursions.com\/da\/udflugter\/helicopter-tour-kangia-classic\/\",\"name\":\"Kangia Classic - Helikoptertur - Arctic Excursions\",\"isPartOf\":{\"@id\":\"https:\/\/arcticexcursions.com\/#website\"},\"primaryImageOfPage\":{\"@id\":\"https:\/\/arcticexcursions.com\/da\/udflugter\/helicopter-tour-kangia-classic\/#primaryimage\"},\"image\":{\"@id\":\"https:\/\/arcticexcursions.com\/da\/udflugter\/helicopter-tour-kangia-classic\/#primaryimage\"},\"thumbnailUrl\":\"https:\/\/arcticexcursions.com\/wp-content\/uploads\/2022\/05\/helitur-keld-ravn-hero.jpg\",\"datePublished\":\"2024-12-16T14:44:22+00:00\",\"dateModified\":\"2025-11-22T13:35:13+00:00\",\"breadcrumb\":{\"@id\":\"https:\/\/arcticexcursions.com\/da\/udflugter\/helicopter-tour-kangia-classic\/#breadcrumb\"},\"inLanguage\":\"da-DK\",\"potentialAction\":[{\"@type\":\"ReadAction\",\"target\":[\"https:\/\/arcticexcursions.com\/da\/udflugter\/helicopter-tour-kangia-classic\/\"]}]},{\"@type\":\"ImageObject\",\"inLanguage\":\"da-DK\",\"@id\":\"https:\/\/arcticexcursions.com\/da\/udflugter\/helicopter-tour-kangia-classic\/#primaryimage\",\"url\":\"https:\/\/arcticexcursions.com\/wp-content\/uploads\/2022\/05\/helitur-keld-ravn-hero.jpg\",\"contentUrl\":\"https:\/\/arcticexcursions.com\/wp-content\/uploads\/2022\/05\/helitur-keld-ravn-hero.jpg\",\"width\":2000,\"height\":1328},{\"@type\":\"BreadcrumbList\",\"@id\":\"https:\/\/arcticexcursions.com\/da\/udflugter\/helicopter-tour-kangia-classic\/#breadcrumb\",\"itemListElement\":[{\"@type\":\"ListItem\",\"position\":1,\"name\":\"Home\",\"item\":\"https:\/\/arcticexcursions.com\/da\/\"},{\"@type\":\"ListItem\",\"position\":2,\"name\":\"Udflugter i Gr\u00f8nland\",\"item\":\"https:\/\/arcticexcursions.com\/da\/udflugter\/\"},{\"@type\":\"ListItem\",\"position\":3,\"name\":\"Kangia Classic &#8211; Helikoptertur\"}]},{\"@type\":\"WebSite\",\"@id\":\"https:\/\/arcticexcursions.com\/#website\",\"url\":\"https:\/\/arcticexcursions.com\/\",\"name\":\"Arctic Excursions\",\"description\":\"New adventures. Every day.\",\"publisher\":{\"@id\":\"https:\/\/arcticexcursions.com\/#organization\"},\"potentialAction\":[{\"@type\":\"SearchAction\",\"target\":{\"@type\":\"EntryPoint\",\"urlTemplate\":\"https:\/\/arcticexcursions.com\/?s={search_term_string}\"},\"query-input\":{\"@type\":\"PropertyValueSpecification\",\"valueRequired\":true,\"valueName\":\"search_term_string\"}}],\"inLanguage\":\"da-DK\"},{\"@type\":\"Organization\",\"@id\":\"https:\/\/arcticexcursions.com\/#organization\",\"name\":\"Arctic Excursions\",\"url\":\"https:\/\/arcticexcursions.com\/\",\"logo\":{\"@type\":\"ImageObject\",\"inLanguage\":\"da-DK\",\"@id\":\"https:\/\/arcticexcursions.com\/#\/schema\/logo\/image\/\",\"url\":\"https:\/\/arcticexcursions.com\/wp-content\/uploads\/2022\/11\/fb-logo.png\",\"contentUrl\":\"https:\/\/arcticexcursions.com\/wp-content\/uploads\/2022\/11\/fb-logo.png\",\"width\":523,\"height\":523,\"caption\":\"Arctic Excursions\"},\"image\":{\"@id\":\"https:\/\/arcticexcursions.com\/#\/schema\/logo\/image\/\"}}]}<\/script>\n<!-- \/ Yoast SEO plugin. -->","yoast_head_json":{"title":"Arctic Excursions","robots":{"index":"index","follow":"follow","max-snippet":"max-snippet:-1","max-image-preview":"max-image-preview:large","max-video-preview":"max-video-preview:-1"},"canonical":"https:\/\/arcticexcursions.com\/da\/udflugter\/helicopter-tour-kangia-classic\/","og_locale":"da_DK","og_type":"article","og_title":"Kangia Classic - Helikoptertur - Arctic Excursions","og_description":"Helikoptertur til Indlandsisen \u2013 Et uforglemmeligt Eventyr","og_url":"https:\/\/arcticexcursions.com\/da\/udflugter\/helicopter-tour-kangia-classic\/","og_site_name":"Arctic Excursions","article_modified_time":"2025-11-22T13:35:13+00:00","og_image":[{"width":2000,"height":1328,"url":"https:\/\/arcticexcursions.com\/wp-content\/uploads\/2022\/05\/helitur-keld-ravn-hero.jpg","type":"image\/jpeg"}],"twitter_card":"summary_large_image","twitter_misc":{"Estimeret l\u00e6setid":"1 minut"},"schema":{"@context":"https:\/\/schema.org","@graph":[{"@type":"WebPage","@id":"https:\/\/arcticexcursions.com\/da\/udflugter\/helicopter-tour-kangia-classic\/","url":"https:\/\/arcticexcursions.com\/da\/udflugter\/helicopter-tour-kangia-classic\/","name":"Kangia Classic - Helikoptertur - Arctic Excursions","isPartOf":{"@id":"https:\/\/arcticexcursions.com\/#website"},"primaryImageOfPage":{"@id":"https:\/\/arcticexcursions.com\/da\/udflugter\/helicopter-tour-kangia-classic\/#primaryimage"},"image":{"@id":"https:\/\/arcticexcursions.com\/da\/udflugter\/helicopter-tour-kangia-classic\/#primaryimage"},"thumbnailUrl":"https:\/\/arcticexcursions.com\/wp-content\/uploads\/2022\/05\/helitur-keld-ravn-hero.jpg","datePublished":"2024-12-16T14:44:22+00:00","dateModified":"2025-11-22T13:35:13+00:00","breadcrumb":{"@id":"https:\/\/arcticexcursions.com\/da\/udflugter\/helicopter-tour-kangia-classic\/#breadcrumb"},"inLanguage":"da-DK","potentialAction":[{"@type":"ReadAction","target":["https:\/\/arcticexcursions.com\/da\/udflugter\/helicopter-tour-kangia-classic\/"]}]},{"@type":"ImageObject","inLanguage":"da-DK","@id":"https:\/\/arcticexcursions.com\/da\/udflugter\/helicopter-tour-kangia-classic\/#primaryimage","url":"https:\/\/arcticexcursions.com\/wp-content\/uploads\/2022\/05\/helitur-keld-ravn-hero.jpg","contentUrl":"https:\/\/arcticexcursions.com\/wp-content\/uploads\/2022\/05\/helitur-keld-ravn-hero.jpg","width":2000,"height":1328},{"@type":"BreadcrumbList","@id":"https:\/\/arcticexcursions.com\/da\/udflugter\/helicopter-tour-kangia-classic\/#breadcrumb","itemListElement":[{"@type":"ListItem","position":1,"name":"Home","item":"https:\/\/arcticexcursions.com\/da\/"},{"@type":"ListItem","position":2,"name":"Udflugter i Gr\u00f8nland","item":"https:\/\/arcticexcursions.com\/da\/udflugter\/"},{"@type":"ListItem","position":3,"name":"Kangia Classic &#8211; Helikoptertur"}]},{"@type":"WebSite","@id":"https:\/\/arcticexcursions.com\/#website","url":"https:\/\/arcticexcursions.com\/","name":"Arctic Excursions","description":"New adventures. Every day.","publisher":{"@id":"https:\/\/arcticexcursions.com\/#organization"},"potentialAction":[{"@type":"SearchAction","target":{"@type":"EntryPoint","urlTemplate":"https:\/\/arcticexcursions.com\/?s={search_term_string}"},"query-input":{"@type":"PropertyValueSpecification","valueRequired":true,"valueName":"search_term_string"}}],"inLanguage":"da-DK"},{"@type":"Organization","@id":"https:\/\/arcticexcursions.com\/#organization","name":"Arctic Excursions","url":"https:\/\/arcticexcursions.com\/","logo":{"@type":"ImageObject","inLanguage":"da-DK","@id":"https:\/\/arcticexcursions.com\/#\/schema\/logo\/image\/","url":"https:\/\/arcticexcursions.com\/wp-content\/uploads\/2022\/11\/fb-logo.png","contentUrl":"https:\/\/arcticexcursions.com\/wp-content\/uploads\/2022\/11\/fb-logo.png","width":523,"height":523,"caption":"Arctic Excursions"},"image":{"@id":"https:\/\/arcticexcursions.com\/#\/schema\/logo\/image\/"}}]}},"_links":{"self":[{"href":"https:\/\/arcticexcursions.com\/da\/wp-json\/wp\/v2\/product\/42921"}],"collection":[{"href":"https:\/\/arcticexcursions.com\/da\/wp-json\/wp\/v2\/product"}],"about":[{"href":"https:\/\/arcticexcursions.com\/da\/wp-json\/wp\/v2\/types\/product"}],"replies":[{"embeddable":true,"href":"https:\/\/arcticexcursions.com\/da\/wp-json\/wp\/v2\/comments?post=42921"}],"wp:featuredmedia":[{"embeddable":true,"href":"https:\/\/arcticexcursions.com\/da\/wp-json\/wp\/v2\/media\/1971"}],"wp:attachment":[{"href":"https:\/\/arcticexcursions.com\/da\/wp-json\/wp\/v2\/media?parent=42921"}],"wp:term":[{"taxonomy":"product_brand","embeddable":true,"href":"https:\/\/arcticexcursions.com\/da\/wp-json\/wp\/v2\/product_brand?post=42921"},{"taxonomy":"product_cat","embeddable":true,"href":"https:\/\/arcticexcursions.com\/da\/wp-json\/wp\/v2\/product_cat?post=42921"},{"taxonomy":"product_tag","embeddable":true,"href":"https:\/\/arcticexcursions.com\/da\/wp-json\/wp\/v2\/product_tag?post=42921"}],"curies":[{"name":"wp","href":"https:\/\/api.w.org\/{rel}","templated":true}]}}