{"id":43763,"date":"2025-01-13T14:34:18","date_gmt":"2025-01-13T12:34:18","guid":{"rendered":"https:\/\/arcticexcursions.com\/?post_type=product&#038;p=43763"},"modified":"2025-11-05T15:06:24","modified_gmt":"2025-11-05T13:06:24","slug":"nordlys-tur-med-utv","status":"publish","type":"product","link":"https:\/\/arcticexcursions.com\/da\/udflugter\/nordlys-tur-med-utv\/","title":{"rendered":"Nordlystur med UTV"},"content":{"rendered":"<p>Oplev en uforglemmelig aften under det magiske nordlys p\u00e5 en sp\u00e6ndende UTV tur til toppen af Lille Malene.<\/p>\n<p>Turen starter i Inuk hotels, hvor man f\u00e5r Gr\u00f8nlandsk fiske suppe i vores Cafe\/Inuk Hostels, dog drikkevare k\u00f8bes i vores cafe<\/p>\n<p>Guiderne vil give en kort introduktion til UTV-k\u00f8rsel og sikkerhedsprocedurer.<br \/>\nHerefter begynder eventyret, hvor vi k\u00f8rer gennem det sned\u00e6kkede landskab, omgivet af den storsl\u00e5ede arktiske natur. <\/p>\n<p><b>Nordlys tur program:<\/b><br \/>\nTuren er inkl. Gr\u00f8nlandsk fiskesuppe i vores Cafe\/Inuk Hostels, dog drikkevare k\u00f8bes i vores cafe.<\/p>\n<p>M\u00f8dested er Inuk Hostels kl. 18.00 til fiskesuppe<\/p>\n<p>Vi k\u00f8rer fra Inuk Hostels ca. kl. 19.00 ud til skiliften.<\/p>\n<p><b>Varighed:<\/b> 3 timer.<\/p>\n<p><b>Deltagere:<\/b> Bem\u00e6rk venligst, at udflugten kun finder sted, hvis der er bestilt mindst 3 billetter i alt. Hvis du f.eks. bestiller 2 billetter, skal der s\u00e6lges mindst 1 ekstra billetter til andre kunder, for at turen kan gennemf\u00f8res. H\u00f8jst 6 personer kan deltage.<\/p>\n<p><b>Sprog:<\/b> Guiden taler dansk, engelsk og gr\u00f8nlandsk<\/p>\n<p><b>Anbefalet p\u00e5kl\u00e6dning:<\/b> Praktiske sko og varmt t\u00f8j, inkl. hue og handsker.<\/p>\n","protected":false},"excerpt":{"rendered":"<p>UTV Tur til Lille Malene: En aften under nordlyset<\/p>\n","protected":false},"featured_media":43757,"comment_status":"open","ping_status":"closed","template":"","meta":{"_acf_changed":false},"product_brand":[],"product_cat":[170],"product_tag":[],"class_list":{"0":"post-43763","1":"product","2":"type-product","3":"status-publish","4":"has-post-thumbnail","6":"product_cat-udflugt","7":"pa_dato-5986","8":"pa_dato-1366","9":"pa_tidspunkt-231","10":"tour_location-nuuk-da","11":"tour_type-nordlys","12":"tour_tickettype-arctic_excursions","13":"tour_operator-inuk-travel","15":"first","16":"outofstock","17":"shipping-taxable","18":"product-type-variable"},"acf":[],"yoast_head":"<!-- This site is optimized with the Yoast SEO plugin v23.6 - https:\/\/yoast.com\/wordpress\/plugins\/seo\/ -->\n<title>Arctic Excursions<\/title>\n<meta name=\"robots\" content=\"index, follow, max-snippet:-1, max-image-preview:large, max-video-preview:-1\" \/>\n<link rel=\"canonical\" href=\"https:\/\/arcticexcursions.com\/udflugter\/nordlys-tur-med-utv\/\" \/>\n<meta property=\"og:locale\" content=\"da_DK\" \/>\n<meta property=\"og:type\" content=\"article\" \/>\n<meta property=\"og:title\" content=\"Nordlystur med UTV - Arctic Excursions\" \/>\n<meta property=\"og:description\" content=\"UTV Tur til Lille Malene: En aften under nordlyset\" \/>\n<meta property=\"og:url\" content=\"https:\/\/arcticexcursions.com\/udflugter\/nordlys-tur-med-utv\/\" \/>\n<meta property=\"og:site_name\" content=\"Arctic Excursions\" \/>\n<meta property=\"article:modified_time\" content=\"2025-11-05T13:06:24+00:00\" \/>\n<meta property=\"og:image\" content=\"https:\/\/arcticexcursions.com\/wp-content\/uploads\/2025\/01\/Gert-Nordlys-4.jpg\" \/>\n\t<meta property=\"og:image:width\" content=\"640\" \/>\n\t<meta property=\"og:image:height\" content=\"480\" \/>\n\t<meta property=\"og:image:type\" content=\"image\/jpeg\" \/>\n<meta name=\"twitter:card\" content=\"summary_large_image\" \/>\n<meta name=\"twitter:label1\" content=\"Estimeret l\u00e6setid\" \/>\n\t<meta name=\"twitter:data1\" content=\"1 minut\" \/>\n<script type=\"application\/ld+json\" class=\"yoast-schema-graph\">{\"@context\":\"https:\/\/schema.org\",\"@graph\":[{\"@type\":\"WebPage\",\"@id\":\"https:\/\/arcticexcursions.com\/udflugter\/nordlys-tur-med-utv\/\",\"url\":\"https:\/\/arcticexcursions.com\/udflugter\/nordlys-tur-med-utv\/\",\"name\":\"Nordlystur med UTV - Arctic Excursions\",\"isPartOf\":{\"@id\":\"https:\/\/arcticexcursions.com\/#website\"},\"primaryImageOfPage\":{\"@id\":\"https:\/\/arcticexcursions.com\/udflugter\/nordlys-tur-med-utv\/#primaryimage\"},\"image\":{\"@id\":\"https:\/\/arcticexcursions.com\/udflugter\/nordlys-tur-med-utv\/#primaryimage\"},\"thumbnailUrl\":\"https:\/\/arcticexcursions.com\/wp-content\/uploads\/2025\/01\/Gert-Nordlys-4.jpg\",\"datePublished\":\"2025-01-13T12:34:18+00:00\",\"dateModified\":\"2025-11-05T13:06:24+00:00\",\"breadcrumb\":{\"@id\":\"https:\/\/arcticexcursions.com\/udflugter\/nordlys-tur-med-utv\/#breadcrumb\"},\"inLanguage\":\"da-DK\",\"potentialAction\":[{\"@type\":\"ReadAction\",\"target\":[\"https:\/\/arcticexcursions.com\/udflugter\/nordlys-tur-med-utv\/\"]}]},{\"@type\":\"ImageObject\",\"inLanguage\":\"da-DK\",\"@id\":\"https:\/\/arcticexcursions.com\/udflugter\/nordlys-tur-med-utv\/#primaryimage\",\"url\":\"https:\/\/arcticexcursions.com\/wp-content\/uploads\/2025\/01\/Gert-Nordlys-4.jpg\",\"contentUrl\":\"https:\/\/arcticexcursions.com\/wp-content\/uploads\/2025\/01\/Gert-Nordlys-4.jpg\",\"width\":640,\"height\":480},{\"@type\":\"BreadcrumbList\",\"@id\":\"https:\/\/arcticexcursions.com\/udflugter\/nordlys-tur-med-utv\/#breadcrumb\",\"itemListElement\":[{\"@type\":\"ListItem\",\"position\":1,\"name\":\"Home\",\"item\":\"https:\/\/arcticexcursions.com\/da\/\"},{\"@type\":\"ListItem\",\"position\":2,\"name\":\"Udflugter i Gr\u00f8nland\",\"item\":\"https:\/\/arcticexcursions.com\/da\/udflugter\/\"},{\"@type\":\"ListItem\",\"position\":3,\"name\":\"Nordlystur med UTV\"}]},{\"@type\":\"WebSite\",\"@id\":\"https:\/\/arcticexcursions.com\/#website\",\"url\":\"https:\/\/arcticexcursions.com\/\",\"name\":\"Arctic Excursions\",\"description\":\"New adventures. Every day.\",\"publisher\":{\"@id\":\"https:\/\/arcticexcursions.com\/#organization\"},\"potentialAction\":[{\"@type\":\"SearchAction\",\"target\":{\"@type\":\"EntryPoint\",\"urlTemplate\":\"https:\/\/arcticexcursions.com\/?s={search_term_string}\"},\"query-input\":{\"@type\":\"PropertyValueSpecification\",\"valueRequired\":true,\"valueName\":\"search_term_string\"}}],\"inLanguage\":\"da-DK\"},{\"@type\":\"Organization\",\"@id\":\"https:\/\/arcticexcursions.com\/#organization\",\"name\":\"Arctic Excursions\",\"url\":\"https:\/\/arcticexcursions.com\/\",\"logo\":{\"@type\":\"ImageObject\",\"inLanguage\":\"da-DK\",\"@id\":\"https:\/\/arcticexcursions.com\/#\/schema\/logo\/image\/\",\"url\":\"https:\/\/arcticexcursions.com\/wp-content\/uploads\/2022\/11\/fb-logo.png\",\"contentUrl\":\"https:\/\/arcticexcursions.com\/wp-content\/uploads\/2022\/11\/fb-logo.png\",\"width\":523,\"height\":523,\"caption\":\"Arctic Excursions\"},\"image\":{\"@id\":\"https:\/\/arcticexcursions.com\/#\/schema\/logo\/image\/\"}}]}<\/script>\n<!-- \/ Yoast SEO plugin. -->","yoast_head_json":{"title":"Arctic Excursions","robots":{"index":"index","follow":"follow","max-snippet":"max-snippet:-1","max-image-preview":"max-image-preview:large","max-video-preview":"max-video-preview:-1"},"canonical":"https:\/\/arcticexcursions.com\/udflugter\/nordlys-tur-med-utv\/","og_locale":"da_DK","og_type":"article","og_title":"Nordlystur med UTV - Arctic Excursions","og_description":"UTV Tur til Lille Malene: En aften under nordlyset","og_url":"https:\/\/arcticexcursions.com\/udflugter\/nordlys-tur-med-utv\/","og_site_name":"Arctic Excursions","article_modified_time":"2025-11-05T13:06:24+00:00","og_image":[{"width":640,"height":480,"url":"https:\/\/arcticexcursions.com\/wp-content\/uploads\/2025\/01\/Gert-Nordlys-4.jpg","type":"image\/jpeg"}],"twitter_card":"summary_large_image","twitter_misc":{"Estimeret l\u00e6setid":"1 minut"},"schema":{"@context":"https:\/\/schema.org","@graph":[{"@type":"WebPage","@id":"https:\/\/arcticexcursions.com\/udflugter\/nordlys-tur-med-utv\/","url":"https:\/\/arcticexcursions.com\/udflugter\/nordlys-tur-med-utv\/","name":"Nordlystur med UTV - Arctic Excursions","isPartOf":{"@id":"https:\/\/arcticexcursions.com\/#website"},"primaryImageOfPage":{"@id":"https:\/\/arcticexcursions.com\/udflugter\/nordlys-tur-med-utv\/#primaryimage"},"image":{"@id":"https:\/\/arcticexcursions.com\/udflugter\/nordlys-tur-med-utv\/#primaryimage"},"thumbnailUrl":"https:\/\/arcticexcursions.com\/wp-content\/uploads\/2025\/01\/Gert-Nordlys-4.jpg","datePublished":"2025-01-13T12:34:18+00:00","dateModified":"2025-11-05T13:06:24+00:00","breadcrumb":{"@id":"https:\/\/arcticexcursions.com\/udflugter\/nordlys-tur-med-utv\/#breadcrumb"},"inLanguage":"da-DK","potentialAction":[{"@type":"ReadAction","target":["https:\/\/arcticexcursions.com\/udflugter\/nordlys-tur-med-utv\/"]}]},{"@type":"ImageObject","inLanguage":"da-DK","@id":"https:\/\/arcticexcursions.com\/udflugter\/nordlys-tur-med-utv\/#primaryimage","url":"https:\/\/arcticexcursions.com\/wp-content\/uploads\/2025\/01\/Gert-Nordlys-4.jpg","contentUrl":"https:\/\/arcticexcursions.com\/wp-content\/uploads\/2025\/01\/Gert-Nordlys-4.jpg","width":640,"height":480},{"@type":"BreadcrumbList","@id":"https:\/\/arcticexcursions.com\/udflugter\/nordlys-tur-med-utv\/#breadcrumb","itemListElement":[{"@type":"ListItem","position":1,"name":"Home","item":"https:\/\/arcticexcursions.com\/da\/"},{"@type":"ListItem","position":2,"name":"Udflugter i Gr\u00f8nland","item":"https:\/\/arcticexcursions.com\/da\/udflugter\/"},{"@type":"ListItem","position":3,"name":"Nordlystur med UTV"}]},{"@type":"WebSite","@id":"https:\/\/arcticexcursions.com\/#website","url":"https:\/\/arcticexcursions.com\/","name":"Arctic Excursions","description":"New adventures. Every day.","publisher":{"@id":"https:\/\/arcticexcursions.com\/#organization"},"potentialAction":[{"@type":"SearchAction","target":{"@type":"EntryPoint","urlTemplate":"https:\/\/arcticexcursions.com\/?s={search_term_string}"},"query-input":{"@type":"PropertyValueSpecification","valueRequired":true,"valueName":"search_term_string"}}],"inLanguage":"da-DK"},{"@type":"Organization","@id":"https:\/\/arcticexcursions.com\/#organization","name":"Arctic Excursions","url":"https:\/\/arcticexcursions.com\/","logo":{"@type":"ImageObject","inLanguage":"da-DK","@id":"https:\/\/arcticexcursions.com\/#\/schema\/logo\/image\/","url":"https:\/\/arcticexcursions.com\/wp-content\/uploads\/2022\/11\/fb-logo.png","contentUrl":"https:\/\/arcticexcursions.com\/wp-content\/uploads\/2022\/11\/fb-logo.png","width":523,"height":523,"caption":"Arctic Excursions"},"image":{"@id":"https:\/\/arcticexcursions.com\/#\/schema\/logo\/image\/"}}]}},"_links":{"self":[{"href":"https:\/\/arcticexcursions.com\/da\/wp-json\/wp\/v2\/product\/43763"}],"collection":[{"href":"https:\/\/arcticexcursions.com\/da\/wp-json\/wp\/v2\/product"}],"about":[{"href":"https:\/\/arcticexcursions.com\/da\/wp-json\/wp\/v2\/types\/product"}],"replies":[{"embeddable":true,"href":"https:\/\/arcticexcursions.com\/da\/wp-json\/wp\/v2\/comments?post=43763"}],"wp:featuredmedia":[{"embeddable":true,"href":"https:\/\/arcticexcursions.com\/da\/wp-json\/wp\/v2\/media\/43757"}],"wp:attachment":[{"href":"https:\/\/arcticexcursions.com\/da\/wp-json\/wp\/v2\/media?parent=43763"}],"wp:term":[{"taxonomy":"product_brand","embeddable":true,"href":"https:\/\/arcticexcursions.com\/da\/wp-json\/wp\/v2\/product_brand?post=43763"},{"taxonomy":"product_cat","embeddable":true,"href":"https:\/\/arcticexcursions.com\/da\/wp-json\/wp\/v2\/product_cat?post=43763"},{"taxonomy":"product_tag","embeddable":true,"href":"https:\/\/arcticexcursions.com\/da\/wp-json\/wp\/v2\/product_tag?post=43763"}],"curies":[{"name":"wp","href":"https:\/\/api.w.org\/{rel}","templated":true}]}}