{"id":4402,"date":"2022-11-11T15:09:55","date_gmt":"2022-11-11T13:09:55","guid":{"rendered":"https:\/\/arcticexcursions.com\/?post_type=product&#038;p=4402"},"modified":"2026-03-13T13:00:54","modified_gmt":"2026-03-13T11:00:54","slug":"dagstur-med-snescooterkoersel-og-hundeslaedekoersel-4-5-timer","status":"publish","type":"product","link":"https:\/\/arcticexcursions.com\/da\/udflugter\/dagstur-med-snescooterkoersel-og-hundeslaedekoersel-4-5-timer\/","title":{"rendered":"Dagstur p\u00e5 snescooter og hundesl\u00e6de (4-5 timer)"},"content":{"rendered":"<p>Kunne du t\u00e6nke dig at opleve hundesl\u00e6dek\u00f8rsel p\u00e5 Ilulissat Isfjord? Isfjorden er p\u00e5 UNESCOs arveliste, og det er med god grund. Det er et af de smukkeste steder i verden, og det perfekte sted til et eventyr.<\/p>\n<p>Inden vi tager p\u00e5 hundesl\u00e6de p\u00e5 Isfjorden, k\u00f8rer vi dertil p\u00e5 snescootere. Isfjorden ligger omkring 25 km fra Ilulissat.<\/p>\n<p><b>Varighed:<\/b> 4-5 timer<\/p>\n<p><b>Sprog:<\/b> Guiden taler dansk, engelsk og gr\u00f8nlandsk<\/p>\n<p><b>Praktisk info:<\/b> Anbefales ikke til personer med sv\u00e6re rygproblemer<\/p>\n<p><b>Anbefalet p\u00e5kl\u00e6dning:<\/b> Praktiske sko og varmt t\u00f8j, inkl. hue og handsker<\/p>\n","protected":false},"excerpt":{"rendered":"<p>Oplev en dag med snescooterk\u00f8rsel og hundesl\u00e6dek\u00f8rsel i Ilulissat isfjord (UNESCOs naturarvsomr\u00e5de)<\/p>\n","protected":false},"featured_media":3807,"comment_status":"open","ping_status":"closed","template":"","meta":{"_acf_changed":false},"product_brand":[],"product_cat":[170],"product_tag":[160],"class_list":{"0":"post-4402","1":"product","2":"type-product","3":"status-publish","4":"has-post-thumbnail","6":"product_cat-udflugt","7":"product_tag-2-da","8":"pa_dato-337","9":"pa_dato-369","10":"pa_dato-370","11":"pa_dato-371","12":"pa_dato-345","13":"pa_dato-412","14":"pa_dato-346","15":"pa_dato-372","16":"pa_dato-373","17":"pa_dato-348","18":"pa_dato-413","19":"pa_dato-349","20":"pa_dato-903","21":"pa_dato-905","22":"pa_dato-870","23":"pa_dato-884","24":"pa_dato-858","25":"pa_dato-952","26":"pa_dato-1375","27":"pa_dato-1339","28":"pa_dato-5969","29":"pa_dato-1391","30":"pa_dato-6011","31":"pa_dato-5872","32":"pa_dato-6012","33":"pa_dato-6001","34":"pa_dato-5893","35":"pa_dato-6281","36":"pa_dato-6268","37":"pa_dato-6415","38":"pa_dato-6224","39":"pa_dato-6215","40":"pa_dato-6427","41":"pa_dato-6440","42":"pa_dato-6216","43":"pa_dato-6118","44":"pa_dato-6265","45":"pa_tidspunkt-35","46":"pa_tidspunkt-72","47":"pa_tidspunkt-40","48":"tour_location-ilulissat-da","49":"tour_type-hundeslaede","50":"tour_tickettype-arctic_excursions","51":"tour_operator-explore-ilulissat","53":"first","54":"outofstock","55":"shipping-taxable","56":"product-type-variable"},"acf":[],"yoast_head":"<!-- This site is optimized with the Yoast SEO plugin v23.6 - https:\/\/yoast.com\/wordpress\/plugins\/seo\/ -->\n<title>Arctic Excursions<\/title>\n<meta name=\"robots\" content=\"index, follow, max-snippet:-1, max-image-preview:large, max-video-preview:-1\" \/>\n<link rel=\"canonical\" href=\"https:\/\/arcticexcursions.com\/udflugter\/day-tour-snowmobiling-and-dogsledding\/\" \/>\n<meta property=\"og:locale\" content=\"da_DK\" \/>\n<meta property=\"og:type\" content=\"article\" \/>\n<meta property=\"og:title\" content=\"Dagstur p\u00e5 snescooter og hundesl\u00e6de (4-5 timer) - Arctic Excursions\" \/>\n<meta property=\"og:description\" content=\"Oplev en dag med snescooterk\u00f8rsel og hundesl\u00e6dek\u00f8rsel i Ilulissat isfjord (UNESCOs naturarvsomr\u00e5de)\" \/>\n<meta property=\"og:url\" content=\"https:\/\/arcticexcursions.com\/udflugter\/day-tour-snowmobiling-and-dogsledding\/\" \/>\n<meta property=\"og:site_name\" content=\"Arctic Excursions\" \/>\n<meta property=\"article:modified_time\" content=\"2026-03-13T11:00:54+00:00\" \/>\n<meta property=\"og:image\" content=\"https:\/\/arcticexcursions.com\/wp-content\/uploads\/2022\/10\/Skaermbillede-2022-10-24-kl.-15.53.07-1024x770.png\" \/>\n\t<meta property=\"og:image:width\" content=\"1024\" \/>\n\t<meta property=\"og:image:height\" content=\"770\" \/>\n\t<meta property=\"og:image:type\" content=\"image\/png\" \/>\n<meta name=\"twitter:card\" content=\"summary_large_image\" \/>\n<script type=\"application\/ld+json\" class=\"yoast-schema-graph\">{\"@context\":\"https:\/\/schema.org\",\"@graph\":[{\"@type\":\"WebPage\",\"@id\":\"https:\/\/arcticexcursions.com\/udflugter\/day-tour-snowmobiling-and-dogsledding\/\",\"url\":\"https:\/\/arcticexcursions.com\/udflugter\/day-tour-snowmobiling-and-dogsledding\/\",\"name\":\"Dagstur p\u00e5 snescooter og hundesl\u00e6de (4-5 timer) - Arctic Excursions\",\"isPartOf\":{\"@id\":\"https:\/\/arcticexcursions.com\/#website\"},\"primaryImageOfPage\":{\"@id\":\"https:\/\/arcticexcursions.com\/udflugter\/day-tour-snowmobiling-and-dogsledding\/#primaryimage\"},\"image\":{\"@id\":\"https:\/\/arcticexcursions.com\/udflugter\/day-tour-snowmobiling-and-dogsledding\/#primaryimage\"},\"thumbnailUrl\":\"https:\/\/arcticexcursions.com\/wp-content\/uploads\/2022\/10\/Skaermbillede-2022-10-24-kl.-15.53.07.png\",\"datePublished\":\"2022-11-11T13:09:55+00:00\",\"dateModified\":\"2026-03-13T11:00:54+00:00\",\"breadcrumb\":{\"@id\":\"https:\/\/arcticexcursions.com\/udflugter\/day-tour-snowmobiling-and-dogsledding\/#breadcrumb\"},\"inLanguage\":\"da-DK\",\"potentialAction\":[{\"@type\":\"ReadAction\",\"target\":[\"https:\/\/arcticexcursions.com\/udflugter\/day-tour-snowmobiling-and-dogsledding\/\"]}]},{\"@type\":\"ImageObject\",\"inLanguage\":\"da-DK\",\"@id\":\"https:\/\/arcticexcursions.com\/udflugter\/day-tour-snowmobiling-and-dogsledding\/#primaryimage\",\"url\":\"https:\/\/arcticexcursions.com\/wp-content\/uploads\/2022\/10\/Skaermbillede-2022-10-24-kl.-15.53.07.png\",\"contentUrl\":\"https:\/\/arcticexcursions.com\/wp-content\/uploads\/2022\/10\/Skaermbillede-2022-10-24-kl.-15.53.07.png\",\"width\":2394,\"height\":1800},{\"@type\":\"BreadcrumbList\",\"@id\":\"https:\/\/arcticexcursions.com\/udflugter\/day-tour-snowmobiling-and-dogsledding\/#breadcrumb\",\"itemListElement\":[{\"@type\":\"ListItem\",\"position\":1,\"name\":\"Home\",\"item\":\"https:\/\/arcticexcursions.com\/da\/\"},{\"@type\":\"ListItem\",\"position\":2,\"name\":\"Udflugter i Gr\u00f8nland\",\"item\":\"https:\/\/arcticexcursions.com\/da\/udflugter\/\"},{\"@type\":\"ListItem\",\"position\":3,\"name\":\"Dagstur p\u00e5 snescooter og hundesl\u00e6de (4-5 timer)\"}]},{\"@type\":\"WebSite\",\"@id\":\"https:\/\/arcticexcursions.com\/#website\",\"url\":\"https:\/\/arcticexcursions.com\/\",\"name\":\"Arctic Excursions\",\"description\":\"New adventures. Every day.\",\"publisher\":{\"@id\":\"https:\/\/arcticexcursions.com\/#organization\"},\"potentialAction\":[{\"@type\":\"SearchAction\",\"target\":{\"@type\":\"EntryPoint\",\"urlTemplate\":\"https:\/\/arcticexcursions.com\/?s={search_term_string}\"},\"query-input\":{\"@type\":\"PropertyValueSpecification\",\"valueRequired\":true,\"valueName\":\"search_term_string\"}}],\"inLanguage\":\"da-DK\"},{\"@type\":\"Organization\",\"@id\":\"https:\/\/arcticexcursions.com\/#organization\",\"name\":\"Arctic Excursions\",\"url\":\"https:\/\/arcticexcursions.com\/\",\"logo\":{\"@type\":\"ImageObject\",\"inLanguage\":\"da-DK\",\"@id\":\"https:\/\/arcticexcursions.com\/#\/schema\/logo\/image\/\",\"url\":\"https:\/\/arcticexcursions.com\/wp-content\/uploads\/2022\/11\/fb-logo.png\",\"contentUrl\":\"https:\/\/arcticexcursions.com\/wp-content\/uploads\/2022\/11\/fb-logo.png\",\"width\":523,\"height\":523,\"caption\":\"Arctic Excursions\"},\"image\":{\"@id\":\"https:\/\/arcticexcursions.com\/#\/schema\/logo\/image\/\"}}]}<\/script>\n<!-- \/ Yoast SEO plugin. -->","yoast_head_json":{"title":"Arctic Excursions","robots":{"index":"index","follow":"follow","max-snippet":"max-snippet:-1","max-image-preview":"max-image-preview:large","max-video-preview":"max-video-preview:-1"},"canonical":"https:\/\/arcticexcursions.com\/udflugter\/day-tour-snowmobiling-and-dogsledding\/","og_locale":"da_DK","og_type":"article","og_title":"Dagstur p\u00e5 snescooter og hundesl\u00e6de (4-5 timer) - Arctic Excursions","og_description":"Oplev en dag med snescooterk\u00f8rsel og hundesl\u00e6dek\u00f8rsel i Ilulissat isfjord (UNESCOs naturarvsomr\u00e5de)","og_url":"https:\/\/arcticexcursions.com\/udflugter\/day-tour-snowmobiling-and-dogsledding\/","og_site_name":"Arctic Excursions","article_modified_time":"2026-03-13T11:00:54+00:00","og_image":[{"width":1024,"height":770,"url":"https:\/\/arcticexcursions.com\/wp-content\/uploads\/2022\/10\/Skaermbillede-2022-10-24-kl.-15.53.07-1024x770.png","type":"image\/png"}],"twitter_card":"summary_large_image","schema":{"@context":"https:\/\/schema.org","@graph":[{"@type":"WebPage","@id":"https:\/\/arcticexcursions.com\/udflugter\/day-tour-snowmobiling-and-dogsledding\/","url":"https:\/\/arcticexcursions.com\/udflugter\/day-tour-snowmobiling-and-dogsledding\/","name":"Dagstur p\u00e5 snescooter og hundesl\u00e6de (4-5 timer) - Arctic Excursions","isPartOf":{"@id":"https:\/\/arcticexcursions.com\/#website"},"primaryImageOfPage":{"@id":"https:\/\/arcticexcursions.com\/udflugter\/day-tour-snowmobiling-and-dogsledding\/#primaryimage"},"image":{"@id":"https:\/\/arcticexcursions.com\/udflugter\/day-tour-snowmobiling-and-dogsledding\/#primaryimage"},"thumbnailUrl":"https:\/\/arcticexcursions.com\/wp-content\/uploads\/2022\/10\/Skaermbillede-2022-10-24-kl.-15.53.07.png","datePublished":"2022-11-11T13:09:55+00:00","dateModified":"2026-03-13T11:00:54+00:00","breadcrumb":{"@id":"https:\/\/arcticexcursions.com\/udflugter\/day-tour-snowmobiling-and-dogsledding\/#breadcrumb"},"inLanguage":"da-DK","potentialAction":[{"@type":"ReadAction","target":["https:\/\/arcticexcursions.com\/udflugter\/day-tour-snowmobiling-and-dogsledding\/"]}]},{"@type":"ImageObject","inLanguage":"da-DK","@id":"https:\/\/arcticexcursions.com\/udflugter\/day-tour-snowmobiling-and-dogsledding\/#primaryimage","url":"https:\/\/arcticexcursions.com\/wp-content\/uploads\/2022\/10\/Skaermbillede-2022-10-24-kl.-15.53.07.png","contentUrl":"https:\/\/arcticexcursions.com\/wp-content\/uploads\/2022\/10\/Skaermbillede-2022-10-24-kl.-15.53.07.png","width":2394,"height":1800},{"@type":"BreadcrumbList","@id":"https:\/\/arcticexcursions.com\/udflugter\/day-tour-snowmobiling-and-dogsledding\/#breadcrumb","itemListElement":[{"@type":"ListItem","position":1,"name":"Home","item":"https:\/\/arcticexcursions.com\/da\/"},{"@type":"ListItem","position":2,"name":"Udflugter i Gr\u00f8nland","item":"https:\/\/arcticexcursions.com\/da\/udflugter\/"},{"@type":"ListItem","position":3,"name":"Dagstur p\u00e5 snescooter og hundesl\u00e6de (4-5 timer)"}]},{"@type":"WebSite","@id":"https:\/\/arcticexcursions.com\/#website","url":"https:\/\/arcticexcursions.com\/","name":"Arctic Excursions","description":"New adventures. Every day.","publisher":{"@id":"https:\/\/arcticexcursions.com\/#organization"},"potentialAction":[{"@type":"SearchAction","target":{"@type":"EntryPoint","urlTemplate":"https:\/\/arcticexcursions.com\/?s={search_term_string}"},"query-input":{"@type":"PropertyValueSpecification","valueRequired":true,"valueName":"search_term_string"}}],"inLanguage":"da-DK"},{"@type":"Organization","@id":"https:\/\/arcticexcursions.com\/#organization","name":"Arctic Excursions","url":"https:\/\/arcticexcursions.com\/","logo":{"@type":"ImageObject","inLanguage":"da-DK","@id":"https:\/\/arcticexcursions.com\/#\/schema\/logo\/image\/","url":"https:\/\/arcticexcursions.com\/wp-content\/uploads\/2022\/11\/fb-logo.png","contentUrl":"https:\/\/arcticexcursions.com\/wp-content\/uploads\/2022\/11\/fb-logo.png","width":523,"height":523,"caption":"Arctic Excursions"},"image":{"@id":"https:\/\/arcticexcursions.com\/#\/schema\/logo\/image\/"}}]}},"_links":{"self":[{"href":"https:\/\/arcticexcursions.com\/da\/wp-json\/wp\/v2\/product\/4402"}],"collection":[{"href":"https:\/\/arcticexcursions.com\/da\/wp-json\/wp\/v2\/product"}],"about":[{"href":"https:\/\/arcticexcursions.com\/da\/wp-json\/wp\/v2\/types\/product"}],"replies":[{"embeddable":true,"href":"https:\/\/arcticexcursions.com\/da\/wp-json\/wp\/v2\/comments?post=4402"}],"wp:featuredmedia":[{"embeddable":true,"href":"https:\/\/arcticexcursions.com\/da\/wp-json\/wp\/v2\/media\/3807"}],"wp:attachment":[{"href":"https:\/\/arcticexcursions.com\/da\/wp-json\/wp\/v2\/media?parent=4402"}],"wp:term":[{"taxonomy":"product_brand","embeddable":true,"href":"https:\/\/arcticexcursions.com\/da\/wp-json\/wp\/v2\/product_brand?post=4402"},{"taxonomy":"product_cat","embeddable":true,"href":"https:\/\/arcticexcursions.com\/da\/wp-json\/wp\/v2\/product_cat?post=4402"},{"taxonomy":"product_tag","embeddable":true,"href":"https:\/\/arcticexcursions.com\/da\/wp-json\/wp\/v2\/product_tag?post=4402"}],"curies":[{"name":"wp","href":"https:\/\/api.w.org\/{rel}","templated":true}]}}