{"id":44206,"date":"2025-01-23T13:24:35","date_gmt":"2025-01-23T11:24:35","guid":{"rendered":"https:\/\/arcticexcursions.com\/?post_type=product&#038;p=44206"},"modified":"2025-10-29T17:11:39","modified_gmt":"2025-10-29T15:11:39","slug":"snowmobile-tour-to-ice-cap-lyngmarksbraeen","status":"publish","type":"product","link":"https:\/\/arcticexcursions.com\/da\/udflugter\/snowmobile-tour-to-ice-cap-lyngmarksbraeen\/","title":{"rendered":"Snescootertur til iskappen Lyngmarksbr\u00e6en"},"content":{"rendered":"<p>Tag med p\u00e5 en sp\u00e6ndende snescootertur til toppen af iskappen Lyngmarksbr\u00e6en, hvor en fantastisk udsigt over Disko Bugten og det omkringliggende landskab venter. I over 900 meters h\u00f8jde over havets overflade kan du nyde en betagende 360-graders panoramaudsigt over havet, isbjerge og havis.<\/p>\n<p>Dit eventyr starter lige fra din indkvartering, hvor vores erfarne lokale guide m\u00f8der dig og viser vejen. Undervejs s\u00f8rger din guide for din sikkerhed og deler interessante oplysninger om omr\u00e5det.<\/p>\n<p>For at g\u00f8re oplevelsen endnu bedre serverer vi kaffe, te og snacks, s\u00e5 du kan slappe af og nyde den fantastiske udsigt fra toppen.<\/p>\n<p><b>Varighed:<\/b> 2 timer<\/p>\n<p><b>Sprog:<\/b> Guiden taler engelsk, dansk og gr\u00f8nlandsk.<\/p>\n<p><b>Type tur:<\/b> Guiden k\u00f8rer snescooteren. Deltagerne er passagerer.<\/p>\n<p><b>Forplejning:<\/b> Der serveres kaffe og te.<\/p>\n<p><b>Inkluderet:<\/b><br \/>\n&#8211; Lokal guide<br \/>\n&#8211; Kaffe\/te og snacks<br \/>\n&#8211; Transport med snescooter<\/p>\n<p><b>Hvad skal du medbringe:<\/b><br \/>\n&#8211; Lagdelt t\u00f8j, der passer til vejret<br \/>\n&#8211; Solbriller<br \/>\n&#8211; Vandflaske<br \/>\n&#8211; Frokost og snacks, hvis du \u00f8nsker det<\/p>\n","protected":false},"excerpt":{"rendered":"<p>K\u00f8r til toppen &#8211; oplev Qeqertarsuaq fra toppen<\/p>\n","protected":false},"featured_media":44286,"comment_status":"open","ping_status":"closed","template":"","meta":{"_acf_changed":false},"product_brand":[],"product_cat":[101,170],"product_tag":[],"class_list":{"0":"post-44206","1":"product","2":"type-product","3":"status-publish","4":"has-post-thumbnail","6":"product_cat-tour","7":"product_cat-udflugt","8":"tour_location-qeqertarsuaq-da","9":"tour_type-snescooter","10":"tour_tickettype-arctic_excursions","11":"tour_operator-disko-adventures","13":"first","14":"outofstock","15":"shipping-taxable","16":"product-type-variable"},"acf":[],"yoast_head":"<!-- This site is optimized with the Yoast SEO plugin v23.6 - https:\/\/yoast.com\/wordpress\/plugins\/seo\/ -->\n<title>Arctic Excursions<\/title>\n<meta name=\"robots\" content=\"index, follow, max-snippet:-1, max-image-preview:large, max-video-preview:-1\" \/>\n<link rel=\"canonical\" href=\"https:\/\/arcticexcursions.com\/udflugter\/snowmobile-tour-to-ice-cap-lyngmarksbraeen\/\" \/>\n<meta property=\"og:locale\" content=\"da_DK\" \/>\n<meta property=\"og:type\" content=\"article\" \/>\n<meta property=\"og:title\" content=\"Snescootertur til iskappen Lyngmarksbr\u00e6en - Arctic Excursions\" \/>\n<meta property=\"og:description\" content=\"K\u00f8r til toppen - oplev Qeqertarsuaq fra toppen\" \/>\n<meta property=\"og:url\" content=\"https:\/\/arcticexcursions.com\/udflugter\/snowmobile-tour-to-ice-cap-lyngmarksbraeen\/\" \/>\n<meta property=\"og:site_name\" content=\"Arctic Excursions\" \/>\n<meta property=\"article:modified_time\" content=\"2025-10-29T15:11:39+00:00\" \/>\n<meta property=\"og:image\" content=\"https:\/\/arcticexcursions.com\/wp-content\/uploads\/2025\/01\/Snescooter-3.jpg\" \/>\n\t<meta property=\"og:image:width\" content=\"640\" \/>\n\t<meta property=\"og:image:height\" content=\"480\" \/>\n\t<meta property=\"og:image:type\" content=\"image\/jpeg\" \/>\n<meta name=\"twitter:card\" content=\"summary_large_image\" \/>\n<meta name=\"twitter:label1\" content=\"Estimeret l\u00e6setid\" \/>\n\t<meta name=\"twitter:data1\" content=\"1 minut\" \/>\n<script type=\"application\/ld+json\" class=\"yoast-schema-graph\">{\"@context\":\"https:\/\/schema.org\",\"@graph\":[{\"@type\":\"WebPage\",\"@id\":\"https:\/\/arcticexcursions.com\/udflugter\/snowmobile-tour-to-ice-cap-lyngmarksbraeen\/\",\"url\":\"https:\/\/arcticexcursions.com\/udflugter\/snowmobile-tour-to-ice-cap-lyngmarksbraeen\/\",\"name\":\"Snescootertur til iskappen Lyngmarksbr\u00e6en - Arctic Excursions\",\"isPartOf\":{\"@id\":\"https:\/\/arcticexcursions.com\/#website\"},\"primaryImageOfPage\":{\"@id\":\"https:\/\/arcticexcursions.com\/udflugter\/snowmobile-tour-to-ice-cap-lyngmarksbraeen\/#primaryimage\"},\"image\":{\"@id\":\"https:\/\/arcticexcursions.com\/udflugter\/snowmobile-tour-to-ice-cap-lyngmarksbraeen\/#primaryimage\"},\"thumbnailUrl\":\"https:\/\/arcticexcursions.com\/wp-content\/uploads\/2025\/01\/Snescooter-3.jpg\",\"datePublished\":\"2025-01-23T11:24:35+00:00\",\"dateModified\":\"2025-10-29T15:11:39+00:00\",\"breadcrumb\":{\"@id\":\"https:\/\/arcticexcursions.com\/udflugter\/snowmobile-tour-to-ice-cap-lyngmarksbraeen\/#breadcrumb\"},\"inLanguage\":\"da-DK\",\"potentialAction\":[{\"@type\":\"ReadAction\",\"target\":[\"https:\/\/arcticexcursions.com\/udflugter\/snowmobile-tour-to-ice-cap-lyngmarksbraeen\/\"]}]},{\"@type\":\"ImageObject\",\"inLanguage\":\"da-DK\",\"@id\":\"https:\/\/arcticexcursions.com\/udflugter\/snowmobile-tour-to-ice-cap-lyngmarksbraeen\/#primaryimage\",\"url\":\"https:\/\/arcticexcursions.com\/wp-content\/uploads\/2025\/01\/Snescooter-3.jpg\",\"contentUrl\":\"https:\/\/arcticexcursions.com\/wp-content\/uploads\/2025\/01\/Snescooter-3.jpg\",\"width\":640,\"height\":480},{\"@type\":\"BreadcrumbList\",\"@id\":\"https:\/\/arcticexcursions.com\/udflugter\/snowmobile-tour-to-ice-cap-lyngmarksbraeen\/#breadcrumb\",\"itemListElement\":[{\"@type\":\"ListItem\",\"position\":1,\"name\":\"Home\",\"item\":\"https:\/\/arcticexcursions.com\/da\/\"},{\"@type\":\"ListItem\",\"position\":2,\"name\":\"Udflugter i Gr\u00f8nland\",\"item\":\"https:\/\/arcticexcursions.com\/da\/udflugter\/\"},{\"@type\":\"ListItem\",\"position\":3,\"name\":\"Snescootertur til iskappen Lyngmarksbr\u00e6en\"}]},{\"@type\":\"WebSite\",\"@id\":\"https:\/\/arcticexcursions.com\/#website\",\"url\":\"https:\/\/arcticexcursions.com\/\",\"name\":\"Arctic Excursions\",\"description\":\"New adventures. Every day.\",\"publisher\":{\"@id\":\"https:\/\/arcticexcursions.com\/#organization\"},\"potentialAction\":[{\"@type\":\"SearchAction\",\"target\":{\"@type\":\"EntryPoint\",\"urlTemplate\":\"https:\/\/arcticexcursions.com\/?s={search_term_string}\"},\"query-input\":{\"@type\":\"PropertyValueSpecification\",\"valueRequired\":true,\"valueName\":\"search_term_string\"}}],\"inLanguage\":\"da-DK\"},{\"@type\":\"Organization\",\"@id\":\"https:\/\/arcticexcursions.com\/#organization\",\"name\":\"Arctic Excursions\",\"url\":\"https:\/\/arcticexcursions.com\/\",\"logo\":{\"@type\":\"ImageObject\",\"inLanguage\":\"da-DK\",\"@id\":\"https:\/\/arcticexcursions.com\/#\/schema\/logo\/image\/\",\"url\":\"https:\/\/arcticexcursions.com\/wp-content\/uploads\/2022\/11\/fb-logo.png\",\"contentUrl\":\"https:\/\/arcticexcursions.com\/wp-content\/uploads\/2022\/11\/fb-logo.png\",\"width\":523,\"height\":523,\"caption\":\"Arctic Excursions\"},\"image\":{\"@id\":\"https:\/\/arcticexcursions.com\/#\/schema\/logo\/image\/\"}}]}<\/script>\n<!-- \/ Yoast SEO plugin. -->","yoast_head_json":{"title":"Arctic Excursions","robots":{"index":"index","follow":"follow","max-snippet":"max-snippet:-1","max-image-preview":"max-image-preview:large","max-video-preview":"max-video-preview:-1"},"canonical":"https:\/\/arcticexcursions.com\/udflugter\/snowmobile-tour-to-ice-cap-lyngmarksbraeen\/","og_locale":"da_DK","og_type":"article","og_title":"Snescootertur til iskappen Lyngmarksbr\u00e6en - Arctic Excursions","og_description":"K\u00f8r til toppen - oplev Qeqertarsuaq fra toppen","og_url":"https:\/\/arcticexcursions.com\/udflugter\/snowmobile-tour-to-ice-cap-lyngmarksbraeen\/","og_site_name":"Arctic Excursions","article_modified_time":"2025-10-29T15:11:39+00:00","og_image":[{"width":640,"height":480,"url":"https:\/\/arcticexcursions.com\/wp-content\/uploads\/2025\/01\/Snescooter-3.jpg","type":"image\/jpeg"}],"twitter_card":"summary_large_image","twitter_misc":{"Estimeret l\u00e6setid":"1 minut"},"schema":{"@context":"https:\/\/schema.org","@graph":[{"@type":"WebPage","@id":"https:\/\/arcticexcursions.com\/udflugter\/snowmobile-tour-to-ice-cap-lyngmarksbraeen\/","url":"https:\/\/arcticexcursions.com\/udflugter\/snowmobile-tour-to-ice-cap-lyngmarksbraeen\/","name":"Snescootertur til iskappen Lyngmarksbr\u00e6en - Arctic Excursions","isPartOf":{"@id":"https:\/\/arcticexcursions.com\/#website"},"primaryImageOfPage":{"@id":"https:\/\/arcticexcursions.com\/udflugter\/snowmobile-tour-to-ice-cap-lyngmarksbraeen\/#primaryimage"},"image":{"@id":"https:\/\/arcticexcursions.com\/udflugter\/snowmobile-tour-to-ice-cap-lyngmarksbraeen\/#primaryimage"},"thumbnailUrl":"https:\/\/arcticexcursions.com\/wp-content\/uploads\/2025\/01\/Snescooter-3.jpg","datePublished":"2025-01-23T11:24:35+00:00","dateModified":"2025-10-29T15:11:39+00:00","breadcrumb":{"@id":"https:\/\/arcticexcursions.com\/udflugter\/snowmobile-tour-to-ice-cap-lyngmarksbraeen\/#breadcrumb"},"inLanguage":"da-DK","potentialAction":[{"@type":"ReadAction","target":["https:\/\/arcticexcursions.com\/udflugter\/snowmobile-tour-to-ice-cap-lyngmarksbraeen\/"]}]},{"@type":"ImageObject","inLanguage":"da-DK","@id":"https:\/\/arcticexcursions.com\/udflugter\/snowmobile-tour-to-ice-cap-lyngmarksbraeen\/#primaryimage","url":"https:\/\/arcticexcursions.com\/wp-content\/uploads\/2025\/01\/Snescooter-3.jpg","contentUrl":"https:\/\/arcticexcursions.com\/wp-content\/uploads\/2025\/01\/Snescooter-3.jpg","width":640,"height":480},{"@type":"BreadcrumbList","@id":"https:\/\/arcticexcursions.com\/udflugter\/snowmobile-tour-to-ice-cap-lyngmarksbraeen\/#breadcrumb","itemListElement":[{"@type":"ListItem","position":1,"name":"Home","item":"https:\/\/arcticexcursions.com\/da\/"},{"@type":"ListItem","position":2,"name":"Udflugter i Gr\u00f8nland","item":"https:\/\/arcticexcursions.com\/da\/udflugter\/"},{"@type":"ListItem","position":3,"name":"Snescootertur til iskappen Lyngmarksbr\u00e6en"}]},{"@type":"WebSite","@id":"https:\/\/arcticexcursions.com\/#website","url":"https:\/\/arcticexcursions.com\/","name":"Arctic Excursions","description":"New adventures. Every day.","publisher":{"@id":"https:\/\/arcticexcursions.com\/#organization"},"potentialAction":[{"@type":"SearchAction","target":{"@type":"EntryPoint","urlTemplate":"https:\/\/arcticexcursions.com\/?s={search_term_string}"},"query-input":{"@type":"PropertyValueSpecification","valueRequired":true,"valueName":"search_term_string"}}],"inLanguage":"da-DK"},{"@type":"Organization","@id":"https:\/\/arcticexcursions.com\/#organization","name":"Arctic Excursions","url":"https:\/\/arcticexcursions.com\/","logo":{"@type":"ImageObject","inLanguage":"da-DK","@id":"https:\/\/arcticexcursions.com\/#\/schema\/logo\/image\/","url":"https:\/\/arcticexcursions.com\/wp-content\/uploads\/2022\/11\/fb-logo.png","contentUrl":"https:\/\/arcticexcursions.com\/wp-content\/uploads\/2022\/11\/fb-logo.png","width":523,"height":523,"caption":"Arctic Excursions"},"image":{"@id":"https:\/\/arcticexcursions.com\/#\/schema\/logo\/image\/"}}]}},"_links":{"self":[{"href":"https:\/\/arcticexcursions.com\/da\/wp-json\/wp\/v2\/product\/44206"}],"collection":[{"href":"https:\/\/arcticexcursions.com\/da\/wp-json\/wp\/v2\/product"}],"about":[{"href":"https:\/\/arcticexcursions.com\/da\/wp-json\/wp\/v2\/types\/product"}],"replies":[{"embeddable":true,"href":"https:\/\/arcticexcursions.com\/da\/wp-json\/wp\/v2\/comments?post=44206"}],"wp:featuredmedia":[{"embeddable":true,"href":"https:\/\/arcticexcursions.com\/da\/wp-json\/wp\/v2\/media\/44286"}],"wp:attachment":[{"href":"https:\/\/arcticexcursions.com\/da\/wp-json\/wp\/v2\/media?parent=44206"}],"wp:term":[{"taxonomy":"product_brand","embeddable":true,"href":"https:\/\/arcticexcursions.com\/da\/wp-json\/wp\/v2\/product_brand?post=44206"},{"taxonomy":"product_cat","embeddable":true,"href":"https:\/\/arcticexcursions.com\/da\/wp-json\/wp\/v2\/product_cat?post=44206"},{"taxonomy":"product_tag","embeddable":true,"href":"https:\/\/arcticexcursions.com\/da\/wp-json\/wp\/v2\/product_tag?post=44206"}],"curies":[{"name":"wp","href":"https:\/\/api.w.org\/{rel}","templated":true}]}}