{"id":44225,"date":"2025-01-23T13:41:31","date_gmt":"2025-01-23T11:41:31","guid":{"rendered":"https:\/\/arcticexcursions.com\/?post_type=product&#038;p=44225"},"modified":"2025-04-03T13:02:27","modified_gmt":"2025-04-03T11:02:27","slug":"1-hour-dog-sledding","status":"publish","type":"product","link":"https:\/\/arcticexcursions.com\/da\/udflugter\/1-hour-dog-sledding\/","title":{"rendered":"1 times hundesl\u00e6dek\u00f8rsel"},"content":{"rendered":"<p>Denne tur er perfekt for begyndere og byder p\u00e5 b\u00e5de sp\u00e6nding og kultur, n\u00e5r du k\u00f8rer gennem det arktiske landskab. M\u00f8d de st\u00e6rke, ivrige hunde, der elsker at tr\u00e6kke sl\u00e6der, og nyd en fredelig flugt fra hverdagens st\u00f8j.<\/p>\n<p>Turen omfatter blide stigninger og sp\u00e6ndende nedk\u00f8rsler. For dem, der \u00f8nsker mere eventyr, er der ogs\u00e5 mulighed for l\u00e6ngere ture.<\/p>\n<p><b>Vejrforhold:<\/b> Forvent temperaturer fra 0 til -20 grader Celsius. Kl\u00e6d dig i lag-p\u00e5-lag t\u00f8j for at holde dig varm og komfortabel under hele oplevelsen.<\/p>\n<p><b>Fysisk aktivitet:<\/b> Deltagerne vil prim\u00e6rt sidde stille p\u00e5 sl\u00e6den og nyde turen, mens hundene navigerer i terr\u00e6net. Dog kan hundek\u00f8reren bede deltagerne om at g\u00e5 p\u00e5 siden af sl\u00e6den, hvis det er n\u00f8dvendigt, is\u00e6r p\u00e5 stejle stigninger, for at hj\u00e6lpe hundene.<\/p>\n<p><b>Forholdsregler ved kulde:<\/b> I betragtning af de potentielt kolde temperaturer anbefales det at b\u00e6re isoleret, vandt\u00e6t overt\u00f8j, herunder jakker, bukser, handsker, huer og passende fodt\u00f8j.<\/p>\n<p><b>Yderligere information:<\/b> Hundene holder typisk et j\u00e6vnt tempo uden hyppige stop eller pauser, indtil de n\u00e5r vendepunktet for hjemrejsen. Forvent en kontinuerlig sl\u00e6detur uden mange pauser undervejs.<\/p>\n<p><b>Hvad skal man medbringe?<\/b><br \/>\n&#8211; Lag-p\u00e5-lag-t\u00f8j<br \/>\n&#8211; Solbriller<br \/>\n&#8211; Kamera<\/p>\n<p><b>Inkluderet i prisen:<\/b> Lokal musher<\/p>\n<p><b>S\u00e6son:<\/b> Denne tur er tilg\u00e6ngelig, s\u00e5 l\u00e6nge sneforholdene tillader det.<\/p>\n","protected":false},"excerpt":{"rendered":"<p>Oplev traditionen med hundesl\u00e6dek\u00f8rsel med gr\u00f8nlandske sl\u00e6dehunde.<\/p>\n","protected":false},"featured_media":44211,"comment_status":"open","ping_status":"closed","template":"","meta":{"_acf_changed":false},"product_brand":[],"product_cat":[170],"product_tag":[],"class_list":{"0":"post-44225","1":"product","2":"type-product","3":"status-publish","4":"has-post-thumbnail","6":"product_cat-udflugt","7":"pa_dato-5971","8":"pa_dato-5984","9":"pa_dato-1158","10":"pa_dato-1370","11":"pa_dato-1369","12":"pa_tidspunkt-40","13":"pa_tidspunkt-426","14":"tour_location-qeqertarsuaq-da","15":"tour_type-hundeslaede","16":"tour_tickettype-arctic_excursions","17":"tour_tickettype-greenland_travel_tour","18":"tour_tickettype-greenland_travel_team","19":"tour_operator-disko-adventures","21":"first","22":"outofstock","23":"shipping-taxable","24":"product-type-variable"},"acf":[],"yoast_head":"<!-- This site is optimized with the Yoast SEO plugin v23.6 - https:\/\/yoast.com\/wordpress\/plugins\/seo\/ -->\n<title>Arctic Excursions<\/title>\n<meta name=\"robots\" content=\"index, follow, max-snippet:-1, max-image-preview:large, max-video-preview:-1\" \/>\n<link rel=\"canonical\" href=\"https:\/\/arcticexcursions.com\/da\/udflugter\/1-hour-dog-sledding\/\" \/>\n<meta property=\"og:locale\" content=\"da_DK\" \/>\n<meta property=\"og:type\" content=\"article\" \/>\n<meta property=\"og:title\" content=\"1 times hundesl\u00e6dek\u00f8rsel - Arctic Excursions\" \/>\n<meta property=\"og:description\" content=\"Oplev traditionen med hundesl\u00e6dek\u00f8rsel med gr\u00f8nlandske sl\u00e6dehunde.\" \/>\n<meta property=\"og:url\" content=\"https:\/\/arcticexcursions.com\/da\/udflugter\/1-hour-dog-sledding\/\" \/>\n<meta property=\"og:site_name\" content=\"Arctic Excursions\" \/>\n<meta property=\"article:modified_time\" content=\"2025-04-03T11:02:27+00:00\" \/>\n<meta property=\"og:image\" content=\"https:\/\/arcticexcursions.com\/wp-content\/uploads\/2025\/01\/Dog_Sledding_p4.webp\" \/>\n\t<meta property=\"og:image:width\" content=\"734\" \/>\n\t<meta property=\"og:image:height\" content=\"898\" \/>\n\t<meta property=\"og:image:type\" content=\"image\/webp\" \/>\n<meta name=\"twitter:card\" content=\"summary_large_image\" \/>\n<meta name=\"twitter:label1\" content=\"Estimeret l\u00e6setid\" \/>\n\t<meta name=\"twitter:data1\" content=\"1 minut\" \/>\n<script type=\"application\/ld+json\" class=\"yoast-schema-graph\">{\"@context\":\"https:\/\/schema.org\",\"@graph\":[{\"@type\":\"WebPage\",\"@id\":\"https:\/\/arcticexcursions.com\/da\/udflugter\/1-hour-dog-sledding\/\",\"url\":\"https:\/\/arcticexcursions.com\/da\/udflugter\/1-hour-dog-sledding\/\",\"name\":\"1 times hundesl\u00e6dek\u00f8rsel - Arctic Excursions\",\"isPartOf\":{\"@id\":\"https:\/\/arcticexcursions.com\/#website\"},\"primaryImageOfPage\":{\"@id\":\"https:\/\/arcticexcursions.com\/da\/udflugter\/1-hour-dog-sledding\/#primaryimage\"},\"image\":{\"@id\":\"https:\/\/arcticexcursions.com\/da\/udflugter\/1-hour-dog-sledding\/#primaryimage\"},\"thumbnailUrl\":\"https:\/\/arcticexcursions.com\/wp-content\/uploads\/2025\/01\/Dog_Sledding_p4.webp\",\"datePublished\":\"2025-01-23T11:41:31+00:00\",\"dateModified\":\"2025-04-03T11:02:27+00:00\",\"breadcrumb\":{\"@id\":\"https:\/\/arcticexcursions.com\/da\/udflugter\/1-hour-dog-sledding\/#breadcrumb\"},\"inLanguage\":\"da-DK\",\"potentialAction\":[{\"@type\":\"ReadAction\",\"target\":[\"https:\/\/arcticexcursions.com\/da\/udflugter\/1-hour-dog-sledding\/\"]}]},{\"@type\":\"ImageObject\",\"inLanguage\":\"da-DK\",\"@id\":\"https:\/\/arcticexcursions.com\/da\/udflugter\/1-hour-dog-sledding\/#primaryimage\",\"url\":\"https:\/\/arcticexcursions.com\/wp-content\/uploads\/2025\/01\/Dog_Sledding_p4.webp\",\"contentUrl\":\"https:\/\/arcticexcursions.com\/wp-content\/uploads\/2025\/01\/Dog_Sledding_p4.webp\",\"width\":734,\"height\":898},{\"@type\":\"BreadcrumbList\",\"@id\":\"https:\/\/arcticexcursions.com\/da\/udflugter\/1-hour-dog-sledding\/#breadcrumb\",\"itemListElement\":[{\"@type\":\"ListItem\",\"position\":1,\"name\":\"Home\",\"item\":\"https:\/\/arcticexcursions.com\/da\/\"},{\"@type\":\"ListItem\",\"position\":2,\"name\":\"Udflugter i Gr\u00f8nland\",\"item\":\"https:\/\/arcticexcursions.com\/da\/udflugter\/\"},{\"@type\":\"ListItem\",\"position\":3,\"name\":\"1 times hundesl\u00e6dek\u00f8rsel\"}]},{\"@type\":\"WebSite\",\"@id\":\"https:\/\/arcticexcursions.com\/#website\",\"url\":\"https:\/\/arcticexcursions.com\/\",\"name\":\"Arctic Excursions\",\"description\":\"New adventures. Every day.\",\"publisher\":{\"@id\":\"https:\/\/arcticexcursions.com\/#organization\"},\"potentialAction\":[{\"@type\":\"SearchAction\",\"target\":{\"@type\":\"EntryPoint\",\"urlTemplate\":\"https:\/\/arcticexcursions.com\/?s={search_term_string}\"},\"query-input\":{\"@type\":\"PropertyValueSpecification\",\"valueRequired\":true,\"valueName\":\"search_term_string\"}}],\"inLanguage\":\"da-DK\"},{\"@type\":\"Organization\",\"@id\":\"https:\/\/arcticexcursions.com\/#organization\",\"name\":\"Arctic Excursions\",\"url\":\"https:\/\/arcticexcursions.com\/\",\"logo\":{\"@type\":\"ImageObject\",\"inLanguage\":\"da-DK\",\"@id\":\"https:\/\/arcticexcursions.com\/#\/schema\/logo\/image\/\",\"url\":\"https:\/\/arcticexcursions.com\/wp-content\/uploads\/2022\/11\/fb-logo.png\",\"contentUrl\":\"https:\/\/arcticexcursions.com\/wp-content\/uploads\/2022\/11\/fb-logo.png\",\"width\":523,\"height\":523,\"caption\":\"Arctic Excursions\"},\"image\":{\"@id\":\"https:\/\/arcticexcursions.com\/#\/schema\/logo\/image\/\"}}]}<\/script>\n<!-- \/ Yoast SEO plugin. -->","yoast_head_json":{"title":"Arctic Excursions","robots":{"index":"index","follow":"follow","max-snippet":"max-snippet:-1","max-image-preview":"max-image-preview:large","max-video-preview":"max-video-preview:-1"},"canonical":"https:\/\/arcticexcursions.com\/da\/udflugter\/1-hour-dog-sledding\/","og_locale":"da_DK","og_type":"article","og_title":"1 times hundesl\u00e6dek\u00f8rsel - Arctic Excursions","og_description":"Oplev traditionen med hundesl\u00e6dek\u00f8rsel med gr\u00f8nlandske sl\u00e6dehunde.","og_url":"https:\/\/arcticexcursions.com\/da\/udflugter\/1-hour-dog-sledding\/","og_site_name":"Arctic Excursions","article_modified_time":"2025-04-03T11:02:27+00:00","og_image":[{"width":734,"height":898,"url":"https:\/\/arcticexcursions.com\/wp-content\/uploads\/2025\/01\/Dog_Sledding_p4.webp","type":"image\/webp"}],"twitter_card":"summary_large_image","twitter_misc":{"Estimeret l\u00e6setid":"1 minut"},"schema":{"@context":"https:\/\/schema.org","@graph":[{"@type":"WebPage","@id":"https:\/\/arcticexcursions.com\/da\/udflugter\/1-hour-dog-sledding\/","url":"https:\/\/arcticexcursions.com\/da\/udflugter\/1-hour-dog-sledding\/","name":"1 times hundesl\u00e6dek\u00f8rsel - Arctic Excursions","isPartOf":{"@id":"https:\/\/arcticexcursions.com\/#website"},"primaryImageOfPage":{"@id":"https:\/\/arcticexcursions.com\/da\/udflugter\/1-hour-dog-sledding\/#primaryimage"},"image":{"@id":"https:\/\/arcticexcursions.com\/da\/udflugter\/1-hour-dog-sledding\/#primaryimage"},"thumbnailUrl":"https:\/\/arcticexcursions.com\/wp-content\/uploads\/2025\/01\/Dog_Sledding_p4.webp","datePublished":"2025-01-23T11:41:31+00:00","dateModified":"2025-04-03T11:02:27+00:00","breadcrumb":{"@id":"https:\/\/arcticexcursions.com\/da\/udflugter\/1-hour-dog-sledding\/#breadcrumb"},"inLanguage":"da-DK","potentialAction":[{"@type":"ReadAction","target":["https:\/\/arcticexcursions.com\/da\/udflugter\/1-hour-dog-sledding\/"]}]},{"@type":"ImageObject","inLanguage":"da-DK","@id":"https:\/\/arcticexcursions.com\/da\/udflugter\/1-hour-dog-sledding\/#primaryimage","url":"https:\/\/arcticexcursions.com\/wp-content\/uploads\/2025\/01\/Dog_Sledding_p4.webp","contentUrl":"https:\/\/arcticexcursions.com\/wp-content\/uploads\/2025\/01\/Dog_Sledding_p4.webp","width":734,"height":898},{"@type":"BreadcrumbList","@id":"https:\/\/arcticexcursions.com\/da\/udflugter\/1-hour-dog-sledding\/#breadcrumb","itemListElement":[{"@type":"ListItem","position":1,"name":"Home","item":"https:\/\/arcticexcursions.com\/da\/"},{"@type":"ListItem","position":2,"name":"Udflugter i Gr\u00f8nland","item":"https:\/\/arcticexcursions.com\/da\/udflugter\/"},{"@type":"ListItem","position":3,"name":"1 times hundesl\u00e6dek\u00f8rsel"}]},{"@type":"WebSite","@id":"https:\/\/arcticexcursions.com\/#website","url":"https:\/\/arcticexcursions.com\/","name":"Arctic Excursions","description":"New adventures. Every day.","publisher":{"@id":"https:\/\/arcticexcursions.com\/#organization"},"potentialAction":[{"@type":"SearchAction","target":{"@type":"EntryPoint","urlTemplate":"https:\/\/arcticexcursions.com\/?s={search_term_string}"},"query-input":{"@type":"PropertyValueSpecification","valueRequired":true,"valueName":"search_term_string"}}],"inLanguage":"da-DK"},{"@type":"Organization","@id":"https:\/\/arcticexcursions.com\/#organization","name":"Arctic Excursions","url":"https:\/\/arcticexcursions.com\/","logo":{"@type":"ImageObject","inLanguage":"da-DK","@id":"https:\/\/arcticexcursions.com\/#\/schema\/logo\/image\/","url":"https:\/\/arcticexcursions.com\/wp-content\/uploads\/2022\/11\/fb-logo.png","contentUrl":"https:\/\/arcticexcursions.com\/wp-content\/uploads\/2022\/11\/fb-logo.png","width":523,"height":523,"caption":"Arctic Excursions"},"image":{"@id":"https:\/\/arcticexcursions.com\/#\/schema\/logo\/image\/"}}]}},"_links":{"self":[{"href":"https:\/\/arcticexcursions.com\/da\/wp-json\/wp\/v2\/product\/44225"}],"collection":[{"href":"https:\/\/arcticexcursions.com\/da\/wp-json\/wp\/v2\/product"}],"about":[{"href":"https:\/\/arcticexcursions.com\/da\/wp-json\/wp\/v2\/types\/product"}],"replies":[{"embeddable":true,"href":"https:\/\/arcticexcursions.com\/da\/wp-json\/wp\/v2\/comments?post=44225"}],"wp:featuredmedia":[{"embeddable":true,"href":"https:\/\/arcticexcursions.com\/da\/wp-json\/wp\/v2\/media\/44211"}],"wp:attachment":[{"href":"https:\/\/arcticexcursions.com\/da\/wp-json\/wp\/v2\/media?parent=44225"}],"wp:term":[{"taxonomy":"product_brand","embeddable":true,"href":"https:\/\/arcticexcursions.com\/da\/wp-json\/wp\/v2\/product_brand?post=44225"},{"taxonomy":"product_cat","embeddable":true,"href":"https:\/\/arcticexcursions.com\/da\/wp-json\/wp\/v2\/product_cat?post=44225"},{"taxonomy":"product_tag","embeddable":true,"href":"https:\/\/arcticexcursions.com\/da\/wp-json\/wp\/v2\/product_tag?post=44225"}],"curies":[{"name":"wp","href":"https:\/\/api.w.org\/{rel}","templated":true}]}}