{"id":44278,"date":"2025-02-06T17:05:32","date_gmt":"2025-02-06T15:05:32","guid":{"rendered":"https:\/\/arcticexcursions.com\/?post_type=product&#038;p=44278"},"modified":"2025-10-29T17:10:47","modified_gmt":"2025-10-29T15:10:47","slug":"meet-the-greenlandic-sled-dog","status":"publish","type":"product","link":"https:\/\/arcticexcursions.com\/da\/udflugter\/meet-the-greenlandic-sled-dog\/","title":{"rendered":"M\u00f8d den gr\u00f8nlandske sl\u00e6dehund"},"content":{"rendered":"<p>Tag med p\u00e5 vores fascinerende halvanden times tur, \u00bbM\u00f8d den gr\u00f8nlandske sl\u00e6dehund\u00ab, for at l\u00e6re mere om de gr\u00f8nlandske sl\u00e6dehundes rige historie.<br \/>\nVi starter vores rejse med at rejse til centrum af vores sl\u00e6dehundelejr, hvor de st\u00e6rke og h\u00e5rdf\u00f8re gr\u00f8nlandske sl\u00e6dehunde &#8211; direkte efterkommere af dem, der blev introduceret af Thule-kulturen &#8211; er sp\u00e6ndte p\u00e5 at fort\u00e6lle dig deres historie.<br \/>\nHvad du kan forvente<\/p>\n<p>Guidet udforskning: Du vil blive fuldst\u00e6ndig absorberet i den fascinerende verden af hundesl\u00e6dek\u00f8rsel i Gr\u00f8nland af vores erfarne guide. Oplev de kulturelle fort\u00e6llinger, den historiske betydning og den unikke livsstil for disse fantastiske hunde og deres sl\u00e6dekuske.<br \/>\nPraktisk erfaring: L\u00e6r om det n\u00f8dvendige udstyr til hundesl\u00e6dek\u00f8rsel og de vigtige pligter og forpligtelser, der er forbundet med at eje og opdrage disse fantastiske skabninger.<br \/>\nFodringstid: Oplev sp\u00e6ndingen ved fodringstiden, hvis du er heldig nok til at v\u00e6re der p\u00e5 det rigtige tidspunkt!   Nyd en sjov og informativ oplevelse, mens vores guide viser dig, hvordan du fodrer sl\u00e6dehundene.<\/p>\n<p><b>Varighed:<\/b> 2 timer<\/p>\n<p><b>Deltagere:<\/b> Bem\u00e6rk venligst, at udflugten kun gennemf\u00f8res, hvis der er mindst 4 bookede billetter i alt. Hvis du for eksempel booker 2 billetter, skal der s\u00e6lges mindst 2 yderligere billetter til andre kunder, f\u00f8r turen kan finde sted. Der vil deltage maksimalt 6 personer.<\/p>\n<p><b>Sprog:<\/b> Guiden taler dansk, engelsk og gr\u00f8nlandsk<\/p>\n","protected":false},"excerpt":{"rendered":"<p>Den gr\u00f8nlandske sl\u00e6dehund: En introduktion<\/p>\n","protected":false},"featured_media":44270,"comment_status":"open","ping_status":"closed","template":"","meta":{"_acf_changed":false},"product_brand":[],"product_cat":[101,170],"product_tag":[],"class_list":{"0":"post-44278","1":"product","2":"type-product","3":"status-publish","4":"has-post-thumbnail","6":"product_cat-tour","7":"product_cat-udflugt","8":"pa_dato-5931","9":"pa_dato-5926","10":"pa_dato-5956","11":"pa_dato-6026","12":"pa_dato-6061","13":"pa_tidspunkt-61","14":"tour_location-qeqertarsuaq-da","15":"tour_type-hundeslaede","16":"tour_tickettype-arctic_excursions","17":"tour_operator-infodiskoadventures-gl","19":"first","20":"outofstock","21":"shipping-taxable","22":"product-type-variable"},"acf":[],"yoast_head":"<!-- This site is optimized with the Yoast SEO plugin v23.6 - https:\/\/yoast.com\/wordpress\/plugins\/seo\/ -->\n<title>Arctic Excursions<\/title>\n<meta name=\"robots\" content=\"index, follow, max-snippet:-1, max-image-preview:large, max-video-preview:-1\" \/>\n<link rel=\"canonical\" href=\"https:\/\/arcticexcursions.com\/da\/udflugter\/meet-the-greenlandic-sled-dog\/\" \/>\n<meta property=\"og:locale\" content=\"da_DK\" \/>\n<meta property=\"og:type\" content=\"article\" \/>\n<meta property=\"og:title\" content=\"M\u00f8d den gr\u00f8nlandske sl\u00e6dehund - Arctic Excursions\" \/>\n<meta property=\"og:description\" content=\"Den gr\u00f8nlandske sl\u00e6dehund: En introduktion\" \/>\n<meta property=\"og:url\" content=\"https:\/\/arcticexcursions.com\/da\/udflugter\/meet-the-greenlandic-sled-dog\/\" \/>\n<meta property=\"og:site_name\" content=\"Arctic Excursions\" \/>\n<meta property=\"article:modified_time\" content=\"2025-10-29T15:10:47+00:00\" \/>\n<meta property=\"og:image\" content=\"https:\/\/arcticexcursions.com\/wp-content\/uploads\/2025\/01\/IMG_8063-scaled-e1717038489755.jpg\" \/>\n\t<meta property=\"og:image:width\" content=\"1681\" \/>\n\t<meta property=\"og:image:height\" content=\"1937\" \/>\n\t<meta property=\"og:image:type\" content=\"image\/jpeg\" \/>\n<meta name=\"twitter:card\" content=\"summary_large_image\" \/>\n<meta name=\"twitter:label1\" content=\"Estimeret l\u00e6setid\" \/>\n\t<meta name=\"twitter:data1\" content=\"1 minut\" \/>\n<script type=\"application\/ld+json\" class=\"yoast-schema-graph\">{\"@context\":\"https:\/\/schema.org\",\"@graph\":[{\"@type\":\"WebPage\",\"@id\":\"https:\/\/arcticexcursions.com\/da\/udflugter\/meet-the-greenlandic-sled-dog\/\",\"url\":\"https:\/\/arcticexcursions.com\/da\/udflugter\/meet-the-greenlandic-sled-dog\/\",\"name\":\"M\u00f8d den gr\u00f8nlandske sl\u00e6dehund - Arctic Excursions\",\"isPartOf\":{\"@id\":\"https:\/\/arcticexcursions.com\/#website\"},\"primaryImageOfPage\":{\"@id\":\"https:\/\/arcticexcursions.com\/da\/udflugter\/meet-the-greenlandic-sled-dog\/#primaryimage\"},\"image\":{\"@id\":\"https:\/\/arcticexcursions.com\/da\/udflugter\/meet-the-greenlandic-sled-dog\/#primaryimage\"},\"thumbnailUrl\":\"https:\/\/arcticexcursions.com\/wp-content\/uploads\/2025\/01\/IMG_8063-scaled-e1717038489755.jpg\",\"datePublished\":\"2025-02-06T15:05:32+00:00\",\"dateModified\":\"2025-10-29T15:10:47+00:00\",\"breadcrumb\":{\"@id\":\"https:\/\/arcticexcursions.com\/da\/udflugter\/meet-the-greenlandic-sled-dog\/#breadcrumb\"},\"inLanguage\":\"da-DK\",\"potentialAction\":[{\"@type\":\"ReadAction\",\"target\":[\"https:\/\/arcticexcursions.com\/da\/udflugter\/meet-the-greenlandic-sled-dog\/\"]}]},{\"@type\":\"ImageObject\",\"inLanguage\":\"da-DK\",\"@id\":\"https:\/\/arcticexcursions.com\/da\/udflugter\/meet-the-greenlandic-sled-dog\/#primaryimage\",\"url\":\"https:\/\/arcticexcursions.com\/wp-content\/uploads\/2025\/01\/IMG_8063-scaled-e1717038489755.jpg\",\"contentUrl\":\"https:\/\/arcticexcursions.com\/wp-content\/uploads\/2025\/01\/IMG_8063-scaled-e1717038489755.jpg\",\"width\":1681,\"height\":1937},{\"@type\":\"BreadcrumbList\",\"@id\":\"https:\/\/arcticexcursions.com\/da\/udflugter\/meet-the-greenlandic-sled-dog\/#breadcrumb\",\"itemListElement\":[{\"@type\":\"ListItem\",\"position\":1,\"name\":\"Home\",\"item\":\"https:\/\/arcticexcursions.com\/da\/\"},{\"@type\":\"ListItem\",\"position\":2,\"name\":\"Udflugter i Gr\u00f8nland\",\"item\":\"https:\/\/arcticexcursions.com\/da\/udflugter\/\"},{\"@type\":\"ListItem\",\"position\":3,\"name\":\"M\u00f8d den gr\u00f8nlandske sl\u00e6dehund\"}]},{\"@type\":\"WebSite\",\"@id\":\"https:\/\/arcticexcursions.com\/#website\",\"url\":\"https:\/\/arcticexcursions.com\/\",\"name\":\"Arctic Excursions\",\"description\":\"New adventures. Every day.\",\"publisher\":{\"@id\":\"https:\/\/arcticexcursions.com\/#organization\"},\"potentialAction\":[{\"@type\":\"SearchAction\",\"target\":{\"@type\":\"EntryPoint\",\"urlTemplate\":\"https:\/\/arcticexcursions.com\/?s={search_term_string}\"},\"query-input\":{\"@type\":\"PropertyValueSpecification\",\"valueRequired\":true,\"valueName\":\"search_term_string\"}}],\"inLanguage\":\"da-DK\"},{\"@type\":\"Organization\",\"@id\":\"https:\/\/arcticexcursions.com\/#organization\",\"name\":\"Arctic Excursions\",\"url\":\"https:\/\/arcticexcursions.com\/\",\"logo\":{\"@type\":\"ImageObject\",\"inLanguage\":\"da-DK\",\"@id\":\"https:\/\/arcticexcursions.com\/#\/schema\/logo\/image\/\",\"url\":\"https:\/\/arcticexcursions.com\/wp-content\/uploads\/2022\/11\/fb-logo.png\",\"contentUrl\":\"https:\/\/arcticexcursions.com\/wp-content\/uploads\/2022\/11\/fb-logo.png\",\"width\":523,\"height\":523,\"caption\":\"Arctic Excursions\"},\"image\":{\"@id\":\"https:\/\/arcticexcursions.com\/#\/schema\/logo\/image\/\"}}]}<\/script>\n<!-- \/ Yoast SEO plugin. -->","yoast_head_json":{"title":"Arctic Excursions","robots":{"index":"index","follow":"follow","max-snippet":"max-snippet:-1","max-image-preview":"max-image-preview:large","max-video-preview":"max-video-preview:-1"},"canonical":"https:\/\/arcticexcursions.com\/da\/udflugter\/meet-the-greenlandic-sled-dog\/","og_locale":"da_DK","og_type":"article","og_title":"M\u00f8d den gr\u00f8nlandske sl\u00e6dehund - Arctic Excursions","og_description":"Den gr\u00f8nlandske sl\u00e6dehund: En introduktion","og_url":"https:\/\/arcticexcursions.com\/da\/udflugter\/meet-the-greenlandic-sled-dog\/","og_site_name":"Arctic Excursions","article_modified_time":"2025-10-29T15:10:47+00:00","og_image":[{"width":1681,"height":1937,"url":"https:\/\/arcticexcursions.com\/wp-content\/uploads\/2025\/01\/IMG_8063-scaled-e1717038489755.jpg","type":"image\/jpeg"}],"twitter_card":"summary_large_image","twitter_misc":{"Estimeret l\u00e6setid":"1 minut"},"schema":{"@context":"https:\/\/schema.org","@graph":[{"@type":"WebPage","@id":"https:\/\/arcticexcursions.com\/da\/udflugter\/meet-the-greenlandic-sled-dog\/","url":"https:\/\/arcticexcursions.com\/da\/udflugter\/meet-the-greenlandic-sled-dog\/","name":"M\u00f8d den gr\u00f8nlandske sl\u00e6dehund - Arctic Excursions","isPartOf":{"@id":"https:\/\/arcticexcursions.com\/#website"},"primaryImageOfPage":{"@id":"https:\/\/arcticexcursions.com\/da\/udflugter\/meet-the-greenlandic-sled-dog\/#primaryimage"},"image":{"@id":"https:\/\/arcticexcursions.com\/da\/udflugter\/meet-the-greenlandic-sled-dog\/#primaryimage"},"thumbnailUrl":"https:\/\/arcticexcursions.com\/wp-content\/uploads\/2025\/01\/IMG_8063-scaled-e1717038489755.jpg","datePublished":"2025-02-06T15:05:32+00:00","dateModified":"2025-10-29T15:10:47+00:00","breadcrumb":{"@id":"https:\/\/arcticexcursions.com\/da\/udflugter\/meet-the-greenlandic-sled-dog\/#breadcrumb"},"inLanguage":"da-DK","potentialAction":[{"@type":"ReadAction","target":["https:\/\/arcticexcursions.com\/da\/udflugter\/meet-the-greenlandic-sled-dog\/"]}]},{"@type":"ImageObject","inLanguage":"da-DK","@id":"https:\/\/arcticexcursions.com\/da\/udflugter\/meet-the-greenlandic-sled-dog\/#primaryimage","url":"https:\/\/arcticexcursions.com\/wp-content\/uploads\/2025\/01\/IMG_8063-scaled-e1717038489755.jpg","contentUrl":"https:\/\/arcticexcursions.com\/wp-content\/uploads\/2025\/01\/IMG_8063-scaled-e1717038489755.jpg","width":1681,"height":1937},{"@type":"BreadcrumbList","@id":"https:\/\/arcticexcursions.com\/da\/udflugter\/meet-the-greenlandic-sled-dog\/#breadcrumb","itemListElement":[{"@type":"ListItem","position":1,"name":"Home","item":"https:\/\/arcticexcursions.com\/da\/"},{"@type":"ListItem","position":2,"name":"Udflugter i Gr\u00f8nland","item":"https:\/\/arcticexcursions.com\/da\/udflugter\/"},{"@type":"ListItem","position":3,"name":"M\u00f8d den gr\u00f8nlandske sl\u00e6dehund"}]},{"@type":"WebSite","@id":"https:\/\/arcticexcursions.com\/#website","url":"https:\/\/arcticexcursions.com\/","name":"Arctic Excursions","description":"New adventures. Every day.","publisher":{"@id":"https:\/\/arcticexcursions.com\/#organization"},"potentialAction":[{"@type":"SearchAction","target":{"@type":"EntryPoint","urlTemplate":"https:\/\/arcticexcursions.com\/?s={search_term_string}"},"query-input":{"@type":"PropertyValueSpecification","valueRequired":true,"valueName":"search_term_string"}}],"inLanguage":"da-DK"},{"@type":"Organization","@id":"https:\/\/arcticexcursions.com\/#organization","name":"Arctic Excursions","url":"https:\/\/arcticexcursions.com\/","logo":{"@type":"ImageObject","inLanguage":"da-DK","@id":"https:\/\/arcticexcursions.com\/#\/schema\/logo\/image\/","url":"https:\/\/arcticexcursions.com\/wp-content\/uploads\/2022\/11\/fb-logo.png","contentUrl":"https:\/\/arcticexcursions.com\/wp-content\/uploads\/2022\/11\/fb-logo.png","width":523,"height":523,"caption":"Arctic Excursions"},"image":{"@id":"https:\/\/arcticexcursions.com\/#\/schema\/logo\/image\/"}}]}},"_links":{"self":[{"href":"https:\/\/arcticexcursions.com\/da\/wp-json\/wp\/v2\/product\/44278"}],"collection":[{"href":"https:\/\/arcticexcursions.com\/da\/wp-json\/wp\/v2\/product"}],"about":[{"href":"https:\/\/arcticexcursions.com\/da\/wp-json\/wp\/v2\/types\/product"}],"replies":[{"embeddable":true,"href":"https:\/\/arcticexcursions.com\/da\/wp-json\/wp\/v2\/comments?post=44278"}],"wp:featuredmedia":[{"embeddable":true,"href":"https:\/\/arcticexcursions.com\/da\/wp-json\/wp\/v2\/media\/44270"}],"wp:attachment":[{"href":"https:\/\/arcticexcursions.com\/da\/wp-json\/wp\/v2\/media?parent=44278"}],"wp:term":[{"taxonomy":"product_brand","embeddable":true,"href":"https:\/\/arcticexcursions.com\/da\/wp-json\/wp\/v2\/product_brand?post=44278"},{"taxonomy":"product_cat","embeddable":true,"href":"https:\/\/arcticexcursions.com\/da\/wp-json\/wp\/v2\/product_cat?post=44278"},{"taxonomy":"product_tag","embeddable":true,"href":"https:\/\/arcticexcursions.com\/da\/wp-json\/wp\/v2\/product_tag?post=44278"}],"curies":[{"name":"wp","href":"https:\/\/api.w.org\/{rel}","templated":true}]}}