{"id":44322,"date":"2025-02-06T13:40:10","date_gmt":"2025-02-06T11:40:10","guid":{"rendered":"https:\/\/arcticexcursions.com\/?post_type=product&#038;p=44322"},"modified":"2026-03-04T08:00:47","modified_gmt":"2026-03-04T06:00:47","slug":"kayaking-to-kuannit","status":"publish","type":"product","link":"https:\/\/arcticexcursions.com\/da\/udflugter\/kayaking-to-kuannit\/","title":{"rendered":"Kajaksejlads til Kuannit"},"content":{"rendered":"<p>Tag med p\u00e5 en fantastisk kajaktur til \u00bbKuannit\u00ab, eller de vulkanske basalts\u00f8jler, langs Disko\u00f8ernes kyst. Med sine flydende isbjerge, forrevne basalts\u00f8jler og brusende kilder p\u00e5 frodige bakker er her natur, n\u00e5r den er bedst.<\/p>\n<p>Program: At se Disko\u00f8en fra havet er en helt enest\u00e5ende oplevelse. At glide blidt gennem vandet, mens man er omgivet af klippekyster, havfugle og isbjerge under en stor, \u00e5ben himmel. M\u00e5ske er vi s\u00e5 heldige at se livet i havet eller f\u00e5 et glimt af de lokale fiskere, der bruger deres joller til at fiske?<br \/>\nVi padlede langs kysten mod Kuannit om morgenen og startede ved byens velkendte sorte sandstrand. S\u00f8jler af st\u00f8rknet basalt vrider og vender sig i alle retninger, og kilder l\u00f8ber ned ad den stejle bjergside.<\/p>\n<p>Turen varer fire til fem timer, hvoraf to til tre timer er padletid. Vores f\u00f8lgeb\u00e5d vil v\u00e6re i n\u00e6rheden for ekstra sikkerhed.<\/p>\n<p><b>Varighed:<\/b> 4-5 timer<\/p>\n<p><b>Deltagere:<\/b> Bem\u00e6rk venligst, at udflugten kun gennemf\u00f8res, hvis der er mindst 4 bookede billetter i alt. Hvis du for eksempel booker 2 billetter, skal der s\u00e6lges mindst 2 yderligere billetter til andre kunder, f\u00f8r turen kan finde sted. Der vil deltage maksimalt 6 personer.<\/p>\n<p><b>Sprog:<\/b> Instrukt\u00f8ren taler dansk, engelsk og gr\u00f8nlandsk<\/p>\n<p><b>Anbefalet p\u00e5kl\u00e6dning:<\/b> Varmt, praktisk t\u00f8j. Sikkerhedsudstyr inkluderet.<\/p>\n<p>Bem\u00e6rk: Vi forbeholder os ret til at aflyse kajakaktiviteten, hvis vandet bliver usikkert.   Deltagerne vil f\u00e5 alle pengene tilbage, hvis vi er n\u00f8dt til at aflyse.<\/p>\n","protected":false},"excerpt":{"rendered":"<p>Padl til de ber\u00f8mte basalts\u00f8jler p\u00e5 Disko\u00f8erne fra Qeqertarsuaqs kyst. <\/p>\n","protected":false},"featured_media":44320,"comment_status":"open","ping_status":"closed","template":"","meta":{"_acf_changed":false},"product_brand":[],"product_cat":[101,170],"product_tag":[],"class_list":{"0":"post-44322","1":"product","2":"type-product","3":"status-publish","4":"has-post-thumbnail","6":"product_cat-tour","7":"product_cat-udflugt","8":"pa_dato-6317","9":"pa_tidspunkt-40","10":"tour_location-qeqertarsuaq-da","11":"tour_type-vandsport","12":"tour_tickettype-arctic_excursions","13":"tour_operator-infodiskoadventures-gl","15":"first","16":"instock","17":"shipping-taxable","18":"purchasable","19":"product-type-variable"},"acf":[],"yoast_head":"<!-- This site is optimized with the Yoast SEO plugin v23.6 - https:\/\/yoast.com\/wordpress\/plugins\/seo\/ -->\n<title>Arctic Excursions<\/title>\n<meta name=\"robots\" content=\"index, follow, max-snippet:-1, max-image-preview:large, max-video-preview:-1\" \/>\n<link rel=\"canonical\" href=\"https:\/\/arcticexcursions.com\/udflugter\/kayaking-to-kuannit\/\" \/>\n<meta property=\"og:locale\" content=\"da_DK\" \/>\n<meta property=\"og:type\" content=\"article\" \/>\n<meta property=\"og:title\" content=\"Kajaksejlads til Kuannit - Arctic Excursions\" \/>\n<meta property=\"og:description\" content=\"Padl til de ber\u00f8mte basalts\u00f8jler p\u00e5 Disko\u00f8erne fra Qeqertarsuaqs kyst.\" \/>\n<meta property=\"og:url\" content=\"https:\/\/arcticexcursions.com\/udflugter\/kayaking-to-kuannit\/\" \/>\n<meta property=\"og:site_name\" content=\"Arctic Excursions\" \/>\n<meta property=\"article:modified_time\" content=\"2026-03-04T06:00:47+00:00\" \/>\n<meta property=\"og:image\" content=\"https:\/\/arcticexcursions.com\/wp-content\/uploads\/2025\/01\/IMG_4069-3-300x225-2.jpg\" \/>\n\t<meta property=\"og:image:width\" content=\"300\" \/>\n\t<meta property=\"og:image:height\" content=\"225\" \/>\n\t<meta property=\"og:image:type\" content=\"image\/jpeg\" \/>\n<meta name=\"twitter:card\" content=\"summary_large_image\" \/>\n<meta name=\"twitter:label1\" content=\"Estimeret l\u00e6setid\" \/>\n\t<meta name=\"twitter:data1\" content=\"1 minut\" \/>\n<script type=\"application\/ld+json\" class=\"yoast-schema-graph\">{\"@context\":\"https:\/\/schema.org\",\"@graph\":[{\"@type\":\"WebPage\",\"@id\":\"https:\/\/arcticexcursions.com\/udflugter\/kayaking-to-kuannit\/\",\"url\":\"https:\/\/arcticexcursions.com\/udflugter\/kayaking-to-kuannit\/\",\"name\":\"Kajaksejlads til Kuannit - Arctic Excursions\",\"isPartOf\":{\"@id\":\"https:\/\/arcticexcursions.com\/#website\"},\"primaryImageOfPage\":{\"@id\":\"https:\/\/arcticexcursions.com\/udflugter\/kayaking-to-kuannit\/#primaryimage\"},\"image\":{\"@id\":\"https:\/\/arcticexcursions.com\/udflugter\/kayaking-to-kuannit\/#primaryimage\"},\"thumbnailUrl\":\"https:\/\/arcticexcursions.com\/wp-content\/uploads\/2025\/01\/IMG_4069-3-300x225-2.jpg\",\"datePublished\":\"2025-02-06T11:40:10+00:00\",\"dateModified\":\"2026-03-04T06:00:47+00:00\",\"breadcrumb\":{\"@id\":\"https:\/\/arcticexcursions.com\/udflugter\/kayaking-to-kuannit\/#breadcrumb\"},\"inLanguage\":\"da-DK\",\"potentialAction\":[{\"@type\":\"ReadAction\",\"target\":[\"https:\/\/arcticexcursions.com\/udflugter\/kayaking-to-kuannit\/\"]}]},{\"@type\":\"ImageObject\",\"inLanguage\":\"da-DK\",\"@id\":\"https:\/\/arcticexcursions.com\/udflugter\/kayaking-to-kuannit\/#primaryimage\",\"url\":\"https:\/\/arcticexcursions.com\/wp-content\/uploads\/2025\/01\/IMG_4069-3-300x225-2.jpg\",\"contentUrl\":\"https:\/\/arcticexcursions.com\/wp-content\/uploads\/2025\/01\/IMG_4069-3-300x225-2.jpg\",\"width\":300,\"height\":225},{\"@type\":\"BreadcrumbList\",\"@id\":\"https:\/\/arcticexcursions.com\/udflugter\/kayaking-to-kuannit\/#breadcrumb\",\"itemListElement\":[{\"@type\":\"ListItem\",\"position\":1,\"name\":\"Home\",\"item\":\"https:\/\/arcticexcursions.com\/da\/\"},{\"@type\":\"ListItem\",\"position\":2,\"name\":\"Udflugter i Gr\u00f8nland\",\"item\":\"https:\/\/arcticexcursions.com\/da\/udflugter\/\"},{\"@type\":\"ListItem\",\"position\":3,\"name\":\"Kajaksejlads til Kuannit\"}]},{\"@type\":\"WebSite\",\"@id\":\"https:\/\/arcticexcursions.com\/#website\",\"url\":\"https:\/\/arcticexcursions.com\/\",\"name\":\"Arctic Excursions\",\"description\":\"New adventures. Every day.\",\"publisher\":{\"@id\":\"https:\/\/arcticexcursions.com\/#organization\"},\"potentialAction\":[{\"@type\":\"SearchAction\",\"target\":{\"@type\":\"EntryPoint\",\"urlTemplate\":\"https:\/\/arcticexcursions.com\/?s={search_term_string}\"},\"query-input\":{\"@type\":\"PropertyValueSpecification\",\"valueRequired\":true,\"valueName\":\"search_term_string\"}}],\"inLanguage\":\"da-DK\"},{\"@type\":\"Organization\",\"@id\":\"https:\/\/arcticexcursions.com\/#organization\",\"name\":\"Arctic Excursions\",\"url\":\"https:\/\/arcticexcursions.com\/\",\"logo\":{\"@type\":\"ImageObject\",\"inLanguage\":\"da-DK\",\"@id\":\"https:\/\/arcticexcursions.com\/#\/schema\/logo\/image\/\",\"url\":\"https:\/\/arcticexcursions.com\/wp-content\/uploads\/2022\/11\/fb-logo.png\",\"contentUrl\":\"https:\/\/arcticexcursions.com\/wp-content\/uploads\/2022\/11\/fb-logo.png\",\"width\":523,\"height\":523,\"caption\":\"Arctic Excursions\"},\"image\":{\"@id\":\"https:\/\/arcticexcursions.com\/#\/schema\/logo\/image\/\"}}]}<\/script>\n<!-- \/ Yoast SEO plugin. -->","yoast_head_json":{"title":"Arctic Excursions","robots":{"index":"index","follow":"follow","max-snippet":"max-snippet:-1","max-image-preview":"max-image-preview:large","max-video-preview":"max-video-preview:-1"},"canonical":"https:\/\/arcticexcursions.com\/udflugter\/kayaking-to-kuannit\/","og_locale":"da_DK","og_type":"article","og_title":"Kajaksejlads til Kuannit - Arctic Excursions","og_description":"Padl til de ber\u00f8mte basalts\u00f8jler p\u00e5 Disko\u00f8erne fra Qeqertarsuaqs kyst.","og_url":"https:\/\/arcticexcursions.com\/udflugter\/kayaking-to-kuannit\/","og_site_name":"Arctic Excursions","article_modified_time":"2026-03-04T06:00:47+00:00","og_image":[{"width":300,"height":225,"url":"https:\/\/arcticexcursions.com\/wp-content\/uploads\/2025\/01\/IMG_4069-3-300x225-2.jpg","type":"image\/jpeg"}],"twitter_card":"summary_large_image","twitter_misc":{"Estimeret l\u00e6setid":"1 minut"},"schema":{"@context":"https:\/\/schema.org","@graph":[{"@type":"WebPage","@id":"https:\/\/arcticexcursions.com\/udflugter\/kayaking-to-kuannit\/","url":"https:\/\/arcticexcursions.com\/udflugter\/kayaking-to-kuannit\/","name":"Kajaksejlads til Kuannit - Arctic Excursions","isPartOf":{"@id":"https:\/\/arcticexcursions.com\/#website"},"primaryImageOfPage":{"@id":"https:\/\/arcticexcursions.com\/udflugter\/kayaking-to-kuannit\/#primaryimage"},"image":{"@id":"https:\/\/arcticexcursions.com\/udflugter\/kayaking-to-kuannit\/#primaryimage"},"thumbnailUrl":"https:\/\/arcticexcursions.com\/wp-content\/uploads\/2025\/01\/IMG_4069-3-300x225-2.jpg","datePublished":"2025-02-06T11:40:10+00:00","dateModified":"2026-03-04T06:00:47+00:00","breadcrumb":{"@id":"https:\/\/arcticexcursions.com\/udflugter\/kayaking-to-kuannit\/#breadcrumb"},"inLanguage":"da-DK","potentialAction":[{"@type":"ReadAction","target":["https:\/\/arcticexcursions.com\/udflugter\/kayaking-to-kuannit\/"]}]},{"@type":"ImageObject","inLanguage":"da-DK","@id":"https:\/\/arcticexcursions.com\/udflugter\/kayaking-to-kuannit\/#primaryimage","url":"https:\/\/arcticexcursions.com\/wp-content\/uploads\/2025\/01\/IMG_4069-3-300x225-2.jpg","contentUrl":"https:\/\/arcticexcursions.com\/wp-content\/uploads\/2025\/01\/IMG_4069-3-300x225-2.jpg","width":300,"height":225},{"@type":"BreadcrumbList","@id":"https:\/\/arcticexcursions.com\/udflugter\/kayaking-to-kuannit\/#breadcrumb","itemListElement":[{"@type":"ListItem","position":1,"name":"Home","item":"https:\/\/arcticexcursions.com\/da\/"},{"@type":"ListItem","position":2,"name":"Udflugter i Gr\u00f8nland","item":"https:\/\/arcticexcursions.com\/da\/udflugter\/"},{"@type":"ListItem","position":3,"name":"Kajaksejlads til Kuannit"}]},{"@type":"WebSite","@id":"https:\/\/arcticexcursions.com\/#website","url":"https:\/\/arcticexcursions.com\/","name":"Arctic Excursions","description":"New adventures. Every day.","publisher":{"@id":"https:\/\/arcticexcursions.com\/#organization"},"potentialAction":[{"@type":"SearchAction","target":{"@type":"EntryPoint","urlTemplate":"https:\/\/arcticexcursions.com\/?s={search_term_string}"},"query-input":{"@type":"PropertyValueSpecification","valueRequired":true,"valueName":"search_term_string"}}],"inLanguage":"da-DK"},{"@type":"Organization","@id":"https:\/\/arcticexcursions.com\/#organization","name":"Arctic Excursions","url":"https:\/\/arcticexcursions.com\/","logo":{"@type":"ImageObject","inLanguage":"da-DK","@id":"https:\/\/arcticexcursions.com\/#\/schema\/logo\/image\/","url":"https:\/\/arcticexcursions.com\/wp-content\/uploads\/2022\/11\/fb-logo.png","contentUrl":"https:\/\/arcticexcursions.com\/wp-content\/uploads\/2022\/11\/fb-logo.png","width":523,"height":523,"caption":"Arctic Excursions"},"image":{"@id":"https:\/\/arcticexcursions.com\/#\/schema\/logo\/image\/"}}]}},"_links":{"self":[{"href":"https:\/\/arcticexcursions.com\/da\/wp-json\/wp\/v2\/product\/44322"}],"collection":[{"href":"https:\/\/arcticexcursions.com\/da\/wp-json\/wp\/v2\/product"}],"about":[{"href":"https:\/\/arcticexcursions.com\/da\/wp-json\/wp\/v2\/types\/product"}],"replies":[{"embeddable":true,"href":"https:\/\/arcticexcursions.com\/da\/wp-json\/wp\/v2\/comments?post=44322"}],"wp:featuredmedia":[{"embeddable":true,"href":"https:\/\/arcticexcursions.com\/da\/wp-json\/wp\/v2\/media\/44320"}],"wp:attachment":[{"href":"https:\/\/arcticexcursions.com\/da\/wp-json\/wp\/v2\/media?parent=44322"}],"wp:term":[{"taxonomy":"product_brand","embeddable":true,"href":"https:\/\/arcticexcursions.com\/da\/wp-json\/wp\/v2\/product_brand?post=44322"},{"taxonomy":"product_cat","embeddable":true,"href":"https:\/\/arcticexcursions.com\/da\/wp-json\/wp\/v2\/product_cat?post=44322"},{"taxonomy":"product_tag","embeddable":true,"href":"https:\/\/arcticexcursions.com\/da\/wp-json\/wp\/v2\/product_tag?post=44322"}],"curies":[{"name":"wp","href":"https:\/\/api.w.org\/{rel}","templated":true}]}}