{"id":45066,"date":"2025-02-03T18:30:53","date_gmt":"2025-02-03T16:30:53","guid":{"rendered":"https:\/\/arcticexcursions.com\/?post_type=product&#038;p=45066"},"modified":"2025-03-24T15:50:21","modified_gmt":"2025-03-24T13:50:21","slug":"snowmobile-tour-to-aattartoq-and-walk-on-the-sea-ice","status":"publish","type":"product","link":"https:\/\/arcticexcursions.com\/da\/udflugter\/snowmobile-tour-to-aattartoq-and-walk-on-the-sea-ice\/","title":{"rendered":"Snescootertur til Aattartoq og g\u00e5tur p\u00e5 havisen"},"content":{"rendered":"<p>Snescooterturen til Aattartoq begynder ved m\u00f8destedet i Ilulissat. Du vil blive m\u00f8dt af den erfarne guide og modtage udstyret. Til denne udflugt sidder du som passager p\u00e5 snescooteren, mens guiden k\u00f8rer, s\u00e5 du bare kan l\u00e6ne dig tilbage og slappe af. Efter en hurtig sikkerhedsbriefing og instruktioner begynder den 1 times snescootertur til Aattartoq!<\/p>\n<p>N\u00e5r du k\u00f8rer med guiden, rejser du p\u00e5 tv\u00e6rs af det sned\u00e6kkede terr\u00e6n, kun tilg\u00e6ngeligt med snescooter og hundesl\u00e6de.<\/p>\n<p>P\u00e5 stedet kan du se fiskehytte, hunde-hundeplads, fiskeplads, isbjerge, ikke mindst udsigten. Lokale fiskere lever en enkel livsstil omgivet af barsk natur, og fisker efter deres egen helleflynder. I slutningen af \u200b\u200bturen vender du tilbage til udgangspunktet i Ilulissat i 1 time.<\/p>\n<p>Oplev Gr\u00f8nlands utrolige arktiske landskaber p\u00e5 denne snescootertur til Aattartoq fra Ilulissat!<\/p>\n<p><b>Hjelm:<\/b> Venligst noter \u00f8nskede hjelmst\u00f8rrelser i &#8220;Ordrenoter&#8221;-tekstfeltet p\u00e5 checkout-siden. Tilg\u00e6ngelige st\u00f8rrelser: M, L, XL, XXL.<\/p>\n","protected":false},"excerpt":{"rendered":"<p>Dette eventyr afg\u00e5r fra Ilulissat, du vil rejse til fiskestedet Aattartoq, der ligger cirka 20 kilometer nordp\u00e5.<\/p>\n","protected":false},"featured_media":44984,"comment_status":"open","ping_status":"closed","template":"","meta":{"_acf_changed":false},"product_brand":[],"product_cat":[101,170],"product_tag":[],"class_list":{"0":"post-45066","1":"product","2":"type-product","3":"status-publish","4":"has-post-thumbnail","6":"product_cat-tour","7":"product_cat-udflugt","8":"tour_location-ilulissat-da","9":"tour_type-snescooter","10":"tour_tickettype-arctic_excursions","11":"tour_operator-infouniquetours-gl","13":"first","14":"outofstock","15":"shipping-taxable","16":"product-type-variable"},"acf":[],"yoast_head":"<!-- This site is optimized with the Yoast SEO plugin v23.6 - https:\/\/yoast.com\/wordpress\/plugins\/seo\/ -->\n<title>Arctic Excursions<\/title>\n<meta name=\"robots\" content=\"index, follow, max-snippet:-1, max-image-preview:large, max-video-preview:-1\" \/>\n<link rel=\"canonical\" href=\"https:\/\/arcticexcursions.com\/da\/udflugter\/snowmobile-tour-to-aattartoq-and-walk-on-the-sea-ice\/\" \/>\n<meta property=\"og:locale\" content=\"da_DK\" \/>\n<meta property=\"og:type\" content=\"article\" \/>\n<meta property=\"og:title\" content=\"Snescootertur til Aattartoq og g\u00e5tur p\u00e5 havisen - Arctic Excursions\" \/>\n<meta property=\"og:description\" content=\"Dette eventyr afg\u00e5r fra Ilulissat, du vil rejse til fiskestedet Aattartoq, der ligger cirka 20 kilometer nordp\u00e5.\" \/>\n<meta property=\"og:url\" content=\"https:\/\/arcticexcursions.com\/da\/udflugter\/snowmobile-tour-to-aattartoq-and-walk-on-the-sea-ice\/\" \/>\n<meta property=\"og:site_name\" content=\"Arctic Excursions\" \/>\n<meta property=\"article:modified_time\" content=\"2025-03-24T13:50:21+00:00\" \/>\n<meta property=\"og:image\" content=\"https:\/\/arcticexcursions.com\/wp-content\/uploads\/2025\/02\/Fishing-hut-scaled.jpeg\" \/>\n\t<meta property=\"og:image:width\" content=\"1920\" \/>\n\t<meta property=\"og:image:height\" content=\"2560\" \/>\n\t<meta property=\"og:image:type\" content=\"image\/jpeg\" \/>\n<meta name=\"twitter:card\" content=\"summary_large_image\" \/>\n<meta name=\"twitter:label1\" content=\"Estimeret l\u00e6setid\" \/>\n\t<meta name=\"twitter:data1\" content=\"1 minut\" \/>\n<script type=\"application\/ld+json\" class=\"yoast-schema-graph\">{\"@context\":\"https:\/\/schema.org\",\"@graph\":[{\"@type\":\"WebPage\",\"@id\":\"https:\/\/arcticexcursions.com\/da\/udflugter\/snowmobile-tour-to-aattartoq-and-walk-on-the-sea-ice\/\",\"url\":\"https:\/\/arcticexcursions.com\/da\/udflugter\/snowmobile-tour-to-aattartoq-and-walk-on-the-sea-ice\/\",\"name\":\"Snescootertur til Aattartoq og g\u00e5tur p\u00e5 havisen - Arctic Excursions\",\"isPartOf\":{\"@id\":\"https:\/\/arcticexcursions.com\/#website\"},\"primaryImageOfPage\":{\"@id\":\"https:\/\/arcticexcursions.com\/da\/udflugter\/snowmobile-tour-to-aattartoq-and-walk-on-the-sea-ice\/#primaryimage\"},\"image\":{\"@id\":\"https:\/\/arcticexcursions.com\/da\/udflugter\/snowmobile-tour-to-aattartoq-and-walk-on-the-sea-ice\/#primaryimage\"},\"thumbnailUrl\":\"https:\/\/arcticexcursions.com\/wp-content\/uploads\/2025\/02\/Fishing-hut-scaled.jpeg\",\"datePublished\":\"2025-02-03T16:30:53+00:00\",\"dateModified\":\"2025-03-24T13:50:21+00:00\",\"breadcrumb\":{\"@id\":\"https:\/\/arcticexcursions.com\/da\/udflugter\/snowmobile-tour-to-aattartoq-and-walk-on-the-sea-ice\/#breadcrumb\"},\"inLanguage\":\"da-DK\",\"potentialAction\":[{\"@type\":\"ReadAction\",\"target\":[\"https:\/\/arcticexcursions.com\/da\/udflugter\/snowmobile-tour-to-aattartoq-and-walk-on-the-sea-ice\/\"]}]},{\"@type\":\"ImageObject\",\"inLanguage\":\"da-DK\",\"@id\":\"https:\/\/arcticexcursions.com\/da\/udflugter\/snowmobile-tour-to-aattartoq-and-walk-on-the-sea-ice\/#primaryimage\",\"url\":\"https:\/\/arcticexcursions.com\/wp-content\/uploads\/2025\/02\/Fishing-hut-scaled.jpeg\",\"contentUrl\":\"https:\/\/arcticexcursions.com\/wp-content\/uploads\/2025\/02\/Fishing-hut-scaled.jpeg\",\"width\":1920,\"height\":2560},{\"@type\":\"BreadcrumbList\",\"@id\":\"https:\/\/arcticexcursions.com\/da\/udflugter\/snowmobile-tour-to-aattartoq-and-walk-on-the-sea-ice\/#breadcrumb\",\"itemListElement\":[{\"@type\":\"ListItem\",\"position\":1,\"name\":\"Home\",\"item\":\"https:\/\/arcticexcursions.com\/da\/\"},{\"@type\":\"ListItem\",\"position\":2,\"name\":\"Udflugter i Gr\u00f8nland\",\"item\":\"https:\/\/arcticexcursions.com\/da\/udflugter\/\"},{\"@type\":\"ListItem\",\"position\":3,\"name\":\"Snescootertur til Aattartoq og g\u00e5tur p\u00e5 havisen\"}]},{\"@type\":\"WebSite\",\"@id\":\"https:\/\/arcticexcursions.com\/#website\",\"url\":\"https:\/\/arcticexcursions.com\/\",\"name\":\"Arctic Excursions\",\"description\":\"New adventures. Every day.\",\"publisher\":{\"@id\":\"https:\/\/arcticexcursions.com\/#organization\"},\"potentialAction\":[{\"@type\":\"SearchAction\",\"target\":{\"@type\":\"EntryPoint\",\"urlTemplate\":\"https:\/\/arcticexcursions.com\/?s={search_term_string}\"},\"query-input\":{\"@type\":\"PropertyValueSpecification\",\"valueRequired\":true,\"valueName\":\"search_term_string\"}}],\"inLanguage\":\"da-DK\"},{\"@type\":\"Organization\",\"@id\":\"https:\/\/arcticexcursions.com\/#organization\",\"name\":\"Arctic Excursions\",\"url\":\"https:\/\/arcticexcursions.com\/\",\"logo\":{\"@type\":\"ImageObject\",\"inLanguage\":\"da-DK\",\"@id\":\"https:\/\/arcticexcursions.com\/#\/schema\/logo\/image\/\",\"url\":\"https:\/\/arcticexcursions.com\/wp-content\/uploads\/2022\/11\/fb-logo.png\",\"contentUrl\":\"https:\/\/arcticexcursions.com\/wp-content\/uploads\/2022\/11\/fb-logo.png\",\"width\":523,\"height\":523,\"caption\":\"Arctic Excursions\"},\"image\":{\"@id\":\"https:\/\/arcticexcursions.com\/#\/schema\/logo\/image\/\"}}]}<\/script>\n<!-- \/ Yoast SEO plugin. -->","yoast_head_json":{"title":"Arctic Excursions","robots":{"index":"index","follow":"follow","max-snippet":"max-snippet:-1","max-image-preview":"max-image-preview:large","max-video-preview":"max-video-preview:-1"},"canonical":"https:\/\/arcticexcursions.com\/da\/udflugter\/snowmobile-tour-to-aattartoq-and-walk-on-the-sea-ice\/","og_locale":"da_DK","og_type":"article","og_title":"Snescootertur til Aattartoq og g\u00e5tur p\u00e5 havisen - Arctic Excursions","og_description":"Dette eventyr afg\u00e5r fra Ilulissat, du vil rejse til fiskestedet Aattartoq, der ligger cirka 20 kilometer nordp\u00e5.","og_url":"https:\/\/arcticexcursions.com\/da\/udflugter\/snowmobile-tour-to-aattartoq-and-walk-on-the-sea-ice\/","og_site_name":"Arctic Excursions","article_modified_time":"2025-03-24T13:50:21+00:00","og_image":[{"width":1920,"height":2560,"url":"https:\/\/arcticexcursions.com\/wp-content\/uploads\/2025\/02\/Fishing-hut-scaled.jpeg","type":"image\/jpeg"}],"twitter_card":"summary_large_image","twitter_misc":{"Estimeret l\u00e6setid":"1 minut"},"schema":{"@context":"https:\/\/schema.org","@graph":[{"@type":"WebPage","@id":"https:\/\/arcticexcursions.com\/da\/udflugter\/snowmobile-tour-to-aattartoq-and-walk-on-the-sea-ice\/","url":"https:\/\/arcticexcursions.com\/da\/udflugter\/snowmobile-tour-to-aattartoq-and-walk-on-the-sea-ice\/","name":"Snescootertur til Aattartoq og g\u00e5tur p\u00e5 havisen - Arctic Excursions","isPartOf":{"@id":"https:\/\/arcticexcursions.com\/#website"},"primaryImageOfPage":{"@id":"https:\/\/arcticexcursions.com\/da\/udflugter\/snowmobile-tour-to-aattartoq-and-walk-on-the-sea-ice\/#primaryimage"},"image":{"@id":"https:\/\/arcticexcursions.com\/da\/udflugter\/snowmobile-tour-to-aattartoq-and-walk-on-the-sea-ice\/#primaryimage"},"thumbnailUrl":"https:\/\/arcticexcursions.com\/wp-content\/uploads\/2025\/02\/Fishing-hut-scaled.jpeg","datePublished":"2025-02-03T16:30:53+00:00","dateModified":"2025-03-24T13:50:21+00:00","breadcrumb":{"@id":"https:\/\/arcticexcursions.com\/da\/udflugter\/snowmobile-tour-to-aattartoq-and-walk-on-the-sea-ice\/#breadcrumb"},"inLanguage":"da-DK","potentialAction":[{"@type":"ReadAction","target":["https:\/\/arcticexcursions.com\/da\/udflugter\/snowmobile-tour-to-aattartoq-and-walk-on-the-sea-ice\/"]}]},{"@type":"ImageObject","inLanguage":"da-DK","@id":"https:\/\/arcticexcursions.com\/da\/udflugter\/snowmobile-tour-to-aattartoq-and-walk-on-the-sea-ice\/#primaryimage","url":"https:\/\/arcticexcursions.com\/wp-content\/uploads\/2025\/02\/Fishing-hut-scaled.jpeg","contentUrl":"https:\/\/arcticexcursions.com\/wp-content\/uploads\/2025\/02\/Fishing-hut-scaled.jpeg","width":1920,"height":2560},{"@type":"BreadcrumbList","@id":"https:\/\/arcticexcursions.com\/da\/udflugter\/snowmobile-tour-to-aattartoq-and-walk-on-the-sea-ice\/#breadcrumb","itemListElement":[{"@type":"ListItem","position":1,"name":"Home","item":"https:\/\/arcticexcursions.com\/da\/"},{"@type":"ListItem","position":2,"name":"Udflugter i Gr\u00f8nland","item":"https:\/\/arcticexcursions.com\/da\/udflugter\/"},{"@type":"ListItem","position":3,"name":"Snescootertur til Aattartoq og g\u00e5tur p\u00e5 havisen"}]},{"@type":"WebSite","@id":"https:\/\/arcticexcursions.com\/#website","url":"https:\/\/arcticexcursions.com\/","name":"Arctic Excursions","description":"New adventures. Every day.","publisher":{"@id":"https:\/\/arcticexcursions.com\/#organization"},"potentialAction":[{"@type":"SearchAction","target":{"@type":"EntryPoint","urlTemplate":"https:\/\/arcticexcursions.com\/?s={search_term_string}"},"query-input":{"@type":"PropertyValueSpecification","valueRequired":true,"valueName":"search_term_string"}}],"inLanguage":"da-DK"},{"@type":"Organization","@id":"https:\/\/arcticexcursions.com\/#organization","name":"Arctic Excursions","url":"https:\/\/arcticexcursions.com\/","logo":{"@type":"ImageObject","inLanguage":"da-DK","@id":"https:\/\/arcticexcursions.com\/#\/schema\/logo\/image\/","url":"https:\/\/arcticexcursions.com\/wp-content\/uploads\/2022\/11\/fb-logo.png","contentUrl":"https:\/\/arcticexcursions.com\/wp-content\/uploads\/2022\/11\/fb-logo.png","width":523,"height":523,"caption":"Arctic Excursions"},"image":{"@id":"https:\/\/arcticexcursions.com\/#\/schema\/logo\/image\/"}}]}},"_links":{"self":[{"href":"https:\/\/arcticexcursions.com\/da\/wp-json\/wp\/v2\/product\/45066"}],"collection":[{"href":"https:\/\/arcticexcursions.com\/da\/wp-json\/wp\/v2\/product"}],"about":[{"href":"https:\/\/arcticexcursions.com\/da\/wp-json\/wp\/v2\/types\/product"}],"replies":[{"embeddable":true,"href":"https:\/\/arcticexcursions.com\/da\/wp-json\/wp\/v2\/comments?post=45066"}],"wp:featuredmedia":[{"embeddable":true,"href":"https:\/\/arcticexcursions.com\/da\/wp-json\/wp\/v2\/media\/44984"}],"wp:attachment":[{"href":"https:\/\/arcticexcursions.com\/da\/wp-json\/wp\/v2\/media?parent=45066"}],"wp:term":[{"taxonomy":"product_brand","embeddable":true,"href":"https:\/\/arcticexcursions.com\/da\/wp-json\/wp\/v2\/product_brand?post=45066"},{"taxonomy":"product_cat","embeddable":true,"href":"https:\/\/arcticexcursions.com\/da\/wp-json\/wp\/v2\/product_cat?post=45066"},{"taxonomy":"product_tag","embeddable":true,"href":"https:\/\/arcticexcursions.com\/da\/wp-json\/wp\/v2\/product_tag?post=45066"}],"curies":[{"name":"wp","href":"https:\/\/api.w.org\/{rel}","templated":true}]}}