{"id":4558,"date":"2022-11-16T10:56:28","date_gmt":"2022-11-16T08:56:28","guid":{"rendered":"https:\/\/arcticexcursions.com\/?post_type=product&#038;p=4558"},"modified":"2025-12-15T19:57:49","modified_gmt":"2025-12-15T17:57:49","slug":"hvalsafari-2","status":"publish","type":"product","link":"https:\/\/arcticexcursions.com\/da\/udflugter\/hvalsafari-2\/","title":{"rendered":"Hvalsafari &#8211; 2.5 timer"},"content":{"rendered":"<p>Kom med p\u00e5 vores hvalsafari og oplev lyden af hvalen der bl\u00e6ser.<br \/>\nVi sejler stille og roligt forbi hvalen som har normalt ryg stikket op over vandoverfladen.<br \/>\nMan f\u00e5r ogs\u00e5 muligheden for at se isbjerge og byen fra havet p\u00e5 denne b\u00e5dtur. <\/p>\n<p><b>Varighed:<\/b> 2 timer og 30 min. <\/p>\n<p><b>Deltagere:<\/b> Bem\u00e6rk venligst, at udflugten kun gennemf\u00f8res, hvis der er mindst 4 bookede billetter i alt. Hvis du for eksempel booker 2 billetter, skal der s\u00e6lges mindst 2 yderligere billetter til andre kunder, f\u00f8r turen kan finde sted. Der vil deltage maksimalt 12 personer.<\/p>\n<p><b>Sprog:<\/b> Guiden\/kaptajnen taler dansk, engelsk og gr\u00f8nlandsk<\/p>\n<p><b>B\u00e5dtype:<\/b> Lukket b\u00e5d<\/p>\n<p><b>Toiletforhold:<\/b> Der er toilet p\u00e5 b\u00e5den<\/p>\n<p><b>Forplejning:<\/b> Kaffe og te serveres p\u00e5 b\u00e5den<\/p>\n<p><b>Anbefalet p\u00e5kl\u00e6dning:<\/b> Varmt t\u00f8j inkl. hue og handsker hele \u00e5ret. Solbriller. Solcreme om sommeren.<\/p>\n","protected":false},"excerpt":{"rendered":"<p>Oplev lyden af hvalerne p\u00e5 hvalsafari.<\/p>\n","protected":false},"featured_media":4554,"comment_status":"open","ping_status":"closed","template":"","meta":{"_acf_changed":false},"product_brand":[],"product_cat":[170],"product_tag":[159],"class_list":{"0":"post-4558","1":"product","2":"type-product","3":"status-publish","4":"has-post-thumbnail","6":"product_cat-udflugt","7":"product_tag-1-da","8":"pa_dato-576","9":"pa_dato-583","10":"pa_dato-585","11":"pa_dato-586","12":"pa_dato-676","13":"pa_dato-647","14":"pa_dato-653","15":"pa_dato-654","16":"pa_dato-584","17":"pa_dato-655","18":"pa_dato-658","19":"pa_dato-1061","20":"pa_dato-1062","21":"pa_dato-1063","22":"pa_dato-1064","23":"pa_dato-1065","24":"pa_dato-1066","25":"pa_dato-901","26":"pa_dato-898","27":"pa_dato-1067","28":"pa_dato-912","29":"pa_dato-1125","30":"pa_dato-1126","31":"pa_dato-1127","32":"pa_dato-902","33":"pa_dato-1173","34":"pa_dato-1174","35":"pa_dato-963","36":"pa_dato-1128","37":"pa_dato-1129","38":"pa_dato-1130","39":"pa_dato-1141","40":"pa_dato-1023","41":"pa_dato-1024","42":"pa_dato-966","43":"pa_dato-1025","44":"pa_dato-1026","45":"pa_dato-1027","46":"pa_dato-1028","47":"pa_dato-1029","48":"pa_dato-1030","49":"pa_dato-1031","50":"pa_dato-1032","51":"pa_dato-988","52":"pa_dato-990","53":"pa_dato-989","54":"pa_dato-991","55":"pa_dato-992","56":"pa_dato-967","57":"pa_dato-994","58":"pa_dato-995","59":"pa_dato-1034","60":"pa_dato-996","61":"pa_dato-964","62":"pa_dato-1035","63":"pa_dato-997","64":"pa_dato-998","65":"pa_dato-999","66":"pa_dato-1000","67":"pa_dato-1001","68":"pa_dato-1002","69":"pa_dato-1003","70":"pa_dato-1004","71":"pa_dato-1005","72":"pa_dato-1006","73":"pa_dato-1007","74":"pa_dato-1036","75":"pa_dato-1037","76":"pa_dato-1038","77":"pa_dato-1039","78":"pa_dato-1040","79":"pa_dato-1008","80":"pa_dato-1009","81":"pa_dato-1010","82":"pa_dato-968","83":"pa_dato-1011","84":"pa_dato-1012","85":"pa_dato-1013","86":"pa_dato-1014","87":"pa_dato-1015","88":"pa_dato-1016","89":"pa_dato-965","90":"pa_dato-1041","91":"pa_dato-1017","92":"pa_dato-1018","93":"pa_dato-1019","94":"pa_dato-1020","95":"pa_dato-1021","96":"pa_dato-1044","97":"pa_dato-1045","98":"pa_dato-899","99":"pa_dato-1046","100":"pa_dato-1047","101":"pa_dato-1049","102":"pa_dato-1050","103":"pa_dato-1052","104":"pa_dato-1055","105":"pa_dato-1373","106":"pa_dato-5922","107":"pa_dato-5923","108":"pa_dato-5921","109":"pa_dato-5891","110":"pa_dato-6043","111":"pa_dato-5934","112":"pa_dato-6072","113":"pa_dato-6066","114":"pa_dato-5878","115":"pa_dato-6017","116":"pa_dato-5936","117":"pa_dato-6070","118":"pa_dato-6018","119":"pa_dato-6019","120":"pa_dato-5947","121":"pa_dato-5999","122":"pa_dato-6005","123":"pa_dato-5895","124":"pa_dato-5952","125":"pa_dato-6056","126":"pa_dato-5892","127":"pa_dato-5951","128":"pa_dato-5879","129":"pa_dato-6020","130":"pa_dato-5948","131":"pa_dato-5933","132":"pa_dato-5949","133":"pa_dato-5966","134":"pa_dato-5983","135":"pa_dato-5974","136":"pa_dato-6000","137":"pa_dato-5882","138":"pa_dato-5925","139":"pa_dato-5953","140":"pa_dato-5965","141":"pa_dato-5975","142":"pa_dato-6051","143":"pa_dato-6046","144":"pa_dato-5954","145":"pa_dato-5880","146":"pa_dato-6022","147":"pa_dato-6058","148":"pa_dato-6059","149":"pa_dato-5964","150":"pa_dato-6067","151":"pa_dato-6023","152":"pa_dato-5931","153":"pa_dato-5926","154":"pa_dato-6006","155":"pa_dato-5955","156":"pa_dato-6062","157":"pa_dato-5930","158":"pa_dato-5883","159":"pa_dato-5929","160":"pa_dato-5928","161":"pa_dato-5888","162":"pa_dato-5988","163":"pa_dato-5924","164":"pa_dato-5946","165":"pa_dato-5889","166":"pa_dato-5958","167":"pa_dato-5938","168":"pa_dato-5963","169":"pa_dato-5956","170":"pa_dato-5980","171":"pa_dato-5977","172":"pa_dato-6002","173":"pa_dato-5961","174":"pa_dato-6060","175":"pa_dato-5939","176":"pa_dato-5918","177":"pa_dato-6094","178":"pa_dato-6080","179":"pa_dato-6089","180":"pa_dato-6073","181":"pa_dato-5945","182":"pa_dato-6106","183":"pa_dato-6188","184":"pa_dato-6267","185":"pa_dato-6247","186":"pa_dato-6322","187":"pa_dato-6248","188":"pa_dato-6271","189":"pa_dato-6273","190":"pa_tidspunkt-40","191":"pa_tidspunkt-177","192":"pa_tidspunkt-190","193":"pa_tidspunkt-61","194":"pa_tidspunkt-60","195":"pa_tidspunkt-69","196":"tour_location-ilulissat-da","197":"tour_type-hvalsafari","198":"tour_tickettype-arctic_excursions","199":"tour_operator-unique-tours","201":"first","202":"instock","203":"shipping-taxable","204":"purchasable","205":"product-type-variable"},"acf":[],"yoast_head":"<!-- This site is optimized with the Yoast SEO plugin v23.6 - https:\/\/yoast.com\/wordpress\/plugins\/seo\/ -->\n<title>Arctic Excursions<\/title>\n<meta name=\"robots\" content=\"index, follow, max-snippet:-1, max-image-preview:large, max-video-preview:-1\" \/>\n<link rel=\"canonical\" href=\"https:\/\/arcticexcursions.com\/udflugter\/hval-safari\/\" \/>\n<meta property=\"og:locale\" content=\"da_DK\" \/>\n<meta property=\"og:type\" content=\"article\" \/>\n<meta property=\"og:title\" content=\"Hvalsafari - 2.5 timer - Arctic Excursions\" \/>\n<meta property=\"og:description\" content=\"Oplev lyden af hvalerne p\u00e5 hvalsafari.\" \/>\n<meta property=\"og:url\" content=\"https:\/\/arcticexcursions.com\/udflugter\/hval-safari\/\" \/>\n<meta property=\"og:site_name\" content=\"Arctic Excursions\" \/>\n<meta property=\"article:modified_time\" content=\"2025-12-15T17:57:49+00:00\" \/>\n<meta property=\"og:image\" content=\"https:\/\/arcticexcursions.com\/wp-content\/uploads\/2022\/11\/Unique-Tours-Hvalsafari.jpg\" \/>\n\t<meta property=\"og:image:width\" content=\"1024\" \/>\n\t<meta property=\"og:image:height\" content=\"1022\" \/>\n\t<meta property=\"og:image:type\" content=\"image\/jpeg\" \/>\n<meta name=\"twitter:card\" content=\"summary_large_image\" \/>\n<meta name=\"twitter:label1\" content=\"Estimeret l\u00e6setid\" \/>\n\t<meta name=\"twitter:data1\" content=\"1 minut\" \/>\n<script type=\"application\/ld+json\" class=\"yoast-schema-graph\">{\"@context\":\"https:\/\/schema.org\",\"@graph\":[{\"@type\":\"WebPage\",\"@id\":\"https:\/\/arcticexcursions.com\/udflugter\/hval-safari\/\",\"url\":\"https:\/\/arcticexcursions.com\/udflugter\/hval-safari\/\",\"name\":\"Hvalsafari - 2.5 timer - Arctic Excursions\",\"isPartOf\":{\"@id\":\"https:\/\/arcticexcursions.com\/#website\"},\"primaryImageOfPage\":{\"@id\":\"https:\/\/arcticexcursions.com\/udflugter\/hval-safari\/#primaryimage\"},\"image\":{\"@id\":\"https:\/\/arcticexcursions.com\/udflugter\/hval-safari\/#primaryimage\"},\"thumbnailUrl\":\"https:\/\/arcticexcursions.com\/wp-content\/uploads\/2022\/11\/Unique-Tours-Hvalsafari.jpg\",\"datePublished\":\"2022-11-16T08:56:28+00:00\",\"dateModified\":\"2025-12-15T17:57:49+00:00\",\"breadcrumb\":{\"@id\":\"https:\/\/arcticexcursions.com\/udflugter\/hval-safari\/#breadcrumb\"},\"inLanguage\":\"da-DK\",\"potentialAction\":[{\"@type\":\"ReadAction\",\"target\":[\"https:\/\/arcticexcursions.com\/udflugter\/hval-safari\/\"]}]},{\"@type\":\"ImageObject\",\"inLanguage\":\"da-DK\",\"@id\":\"https:\/\/arcticexcursions.com\/udflugter\/hval-safari\/#primaryimage\",\"url\":\"https:\/\/arcticexcursions.com\/wp-content\/uploads\/2022\/11\/Unique-Tours-Hvalsafari.jpg\",\"contentUrl\":\"https:\/\/arcticexcursions.com\/wp-content\/uploads\/2022\/11\/Unique-Tours-Hvalsafari.jpg\",\"width\":1024,\"height\":1022},{\"@type\":\"BreadcrumbList\",\"@id\":\"https:\/\/arcticexcursions.com\/udflugter\/hval-safari\/#breadcrumb\",\"itemListElement\":[{\"@type\":\"ListItem\",\"position\":1,\"name\":\"Home\",\"item\":\"https:\/\/arcticexcursions.com\/da\/\"},{\"@type\":\"ListItem\",\"position\":2,\"name\":\"Udflugter i Gr\u00f8nland\",\"item\":\"https:\/\/arcticexcursions.com\/da\/udflugter\/\"},{\"@type\":\"ListItem\",\"position\":3,\"name\":\"Hvalsafari &#8211; 2.5 timer\"}]},{\"@type\":\"WebSite\",\"@id\":\"https:\/\/arcticexcursions.com\/#website\",\"url\":\"https:\/\/arcticexcursions.com\/\",\"name\":\"Arctic Excursions\",\"description\":\"New adventures. Every day.\",\"publisher\":{\"@id\":\"https:\/\/arcticexcursions.com\/#organization\"},\"potentialAction\":[{\"@type\":\"SearchAction\",\"target\":{\"@type\":\"EntryPoint\",\"urlTemplate\":\"https:\/\/arcticexcursions.com\/?s={search_term_string}\"},\"query-input\":{\"@type\":\"PropertyValueSpecification\",\"valueRequired\":true,\"valueName\":\"search_term_string\"}}],\"inLanguage\":\"da-DK\"},{\"@type\":\"Organization\",\"@id\":\"https:\/\/arcticexcursions.com\/#organization\",\"name\":\"Arctic Excursions\",\"url\":\"https:\/\/arcticexcursions.com\/\",\"logo\":{\"@type\":\"ImageObject\",\"inLanguage\":\"da-DK\",\"@id\":\"https:\/\/arcticexcursions.com\/#\/schema\/logo\/image\/\",\"url\":\"https:\/\/arcticexcursions.com\/wp-content\/uploads\/2022\/11\/fb-logo.png\",\"contentUrl\":\"https:\/\/arcticexcursions.com\/wp-content\/uploads\/2022\/11\/fb-logo.png\",\"width\":523,\"height\":523,\"caption\":\"Arctic Excursions\"},\"image\":{\"@id\":\"https:\/\/arcticexcursions.com\/#\/schema\/logo\/image\/\"}}]}<\/script>\n<!-- \/ Yoast SEO plugin. -->","yoast_head_json":{"title":"Arctic Excursions","robots":{"index":"index","follow":"follow","max-snippet":"max-snippet:-1","max-image-preview":"max-image-preview:large","max-video-preview":"max-video-preview:-1"},"canonical":"https:\/\/arcticexcursions.com\/udflugter\/hval-safari\/","og_locale":"da_DK","og_type":"article","og_title":"Hvalsafari - 2.5 timer - Arctic Excursions","og_description":"Oplev lyden af hvalerne p\u00e5 hvalsafari.","og_url":"https:\/\/arcticexcursions.com\/udflugter\/hval-safari\/","og_site_name":"Arctic Excursions","article_modified_time":"2025-12-15T17:57:49+00:00","og_image":[{"width":1024,"height":1022,"url":"https:\/\/arcticexcursions.com\/wp-content\/uploads\/2022\/11\/Unique-Tours-Hvalsafari.jpg","type":"image\/jpeg"}],"twitter_card":"summary_large_image","twitter_misc":{"Estimeret l\u00e6setid":"1 minut"},"schema":{"@context":"https:\/\/schema.org","@graph":[{"@type":"WebPage","@id":"https:\/\/arcticexcursions.com\/udflugter\/hval-safari\/","url":"https:\/\/arcticexcursions.com\/udflugter\/hval-safari\/","name":"Hvalsafari - 2.5 timer - Arctic Excursions","isPartOf":{"@id":"https:\/\/arcticexcursions.com\/#website"},"primaryImageOfPage":{"@id":"https:\/\/arcticexcursions.com\/udflugter\/hval-safari\/#primaryimage"},"image":{"@id":"https:\/\/arcticexcursions.com\/udflugter\/hval-safari\/#primaryimage"},"thumbnailUrl":"https:\/\/arcticexcursions.com\/wp-content\/uploads\/2022\/11\/Unique-Tours-Hvalsafari.jpg","datePublished":"2022-11-16T08:56:28+00:00","dateModified":"2025-12-15T17:57:49+00:00","breadcrumb":{"@id":"https:\/\/arcticexcursions.com\/udflugter\/hval-safari\/#breadcrumb"},"inLanguage":"da-DK","potentialAction":[{"@type":"ReadAction","target":["https:\/\/arcticexcursions.com\/udflugter\/hval-safari\/"]}]},{"@type":"ImageObject","inLanguage":"da-DK","@id":"https:\/\/arcticexcursions.com\/udflugter\/hval-safari\/#primaryimage","url":"https:\/\/arcticexcursions.com\/wp-content\/uploads\/2022\/11\/Unique-Tours-Hvalsafari.jpg","contentUrl":"https:\/\/arcticexcursions.com\/wp-content\/uploads\/2022\/11\/Unique-Tours-Hvalsafari.jpg","width":1024,"height":1022},{"@type":"BreadcrumbList","@id":"https:\/\/arcticexcursions.com\/udflugter\/hval-safari\/#breadcrumb","itemListElement":[{"@type":"ListItem","position":1,"name":"Home","item":"https:\/\/arcticexcursions.com\/da\/"},{"@type":"ListItem","position":2,"name":"Udflugter i Gr\u00f8nland","item":"https:\/\/arcticexcursions.com\/da\/udflugter\/"},{"@type":"ListItem","position":3,"name":"Hvalsafari &#8211; 2.5 timer"}]},{"@type":"WebSite","@id":"https:\/\/arcticexcursions.com\/#website","url":"https:\/\/arcticexcursions.com\/","name":"Arctic Excursions","description":"New adventures. Every day.","publisher":{"@id":"https:\/\/arcticexcursions.com\/#organization"},"potentialAction":[{"@type":"SearchAction","target":{"@type":"EntryPoint","urlTemplate":"https:\/\/arcticexcursions.com\/?s={search_term_string}"},"query-input":{"@type":"PropertyValueSpecification","valueRequired":true,"valueName":"search_term_string"}}],"inLanguage":"da-DK"},{"@type":"Organization","@id":"https:\/\/arcticexcursions.com\/#organization","name":"Arctic Excursions","url":"https:\/\/arcticexcursions.com\/","logo":{"@type":"ImageObject","inLanguage":"da-DK","@id":"https:\/\/arcticexcursions.com\/#\/schema\/logo\/image\/","url":"https:\/\/arcticexcursions.com\/wp-content\/uploads\/2022\/11\/fb-logo.png","contentUrl":"https:\/\/arcticexcursions.com\/wp-content\/uploads\/2022\/11\/fb-logo.png","width":523,"height":523,"caption":"Arctic Excursions"},"image":{"@id":"https:\/\/arcticexcursions.com\/#\/schema\/logo\/image\/"}}]}},"_links":{"self":[{"href":"https:\/\/arcticexcursions.com\/da\/wp-json\/wp\/v2\/product\/4558"}],"collection":[{"href":"https:\/\/arcticexcursions.com\/da\/wp-json\/wp\/v2\/product"}],"about":[{"href":"https:\/\/arcticexcursions.com\/da\/wp-json\/wp\/v2\/types\/product"}],"replies":[{"embeddable":true,"href":"https:\/\/arcticexcursions.com\/da\/wp-json\/wp\/v2\/comments?post=4558"}],"wp:featuredmedia":[{"embeddable":true,"href":"https:\/\/arcticexcursions.com\/da\/wp-json\/wp\/v2\/media\/4554"}],"wp:attachment":[{"href":"https:\/\/arcticexcursions.com\/da\/wp-json\/wp\/v2\/media?parent=4558"}],"wp:term":[{"taxonomy":"product_brand","embeddable":true,"href":"https:\/\/arcticexcursions.com\/da\/wp-json\/wp\/v2\/product_brand?post=4558"},{"taxonomy":"product_cat","embeddable":true,"href":"https:\/\/arcticexcursions.com\/da\/wp-json\/wp\/v2\/product_cat?post=4558"},{"taxonomy":"product_tag","embeddable":true,"href":"https:\/\/arcticexcursions.com\/da\/wp-json\/wp\/v2\/product_tag?post=4558"}],"curies":[{"name":"wp","href":"https:\/\/api.w.org\/{rel}","templated":true}]}}