{"id":4704,"date":"2022-11-21T11:55:15","date_gmt":"2022-11-21T09:55:15","guid":{"rendered":"https:\/\/arcticexcursions.com\/?post_type=product&#038;p=4704"},"modified":"2026-03-14T15:01:22","modified_gmt":"2026-03-14T13:01:22","slug":"2-hours-dogsledding","status":"publish","type":"product","link":"https:\/\/arcticexcursions.com\/da\/udflugter\/2-hours-dogsledding\/","title":{"rendered":"2 timers hundesl\u00e6detur"},"content":{"rendered":"<p>Kunne du t\u00e6nke dig at opleve et hundesl\u00e6deeventyr med en lokal fisker? S\u00e5 er denne tur som skabt til dig. <\/p>\n<p>Under turen vil din guide vise dig alle de fantastiske fiskesteder og jagtomr\u00e5der.<\/p>\n<p>Du vil f\u00e5 en masse frisk luft, som vil forny din energi!<\/p>\n<p>Din guide viser dig ogs\u00e5 omr\u00e5derne, hvor du kan tage de allerbedste billeder af det vidunderlige vinterlandskab.<\/p>\n<p>Hundesl\u00e6dek\u00f8rsel er en del af den gr\u00f8nlandske kultur, og hvis du kunne t\u00e6nke dig at opleve inuitternes m\u00e5de at rejse p\u00e5, s\u00e5 skal du helt sikkert med ud p\u00e5 en tur. <\/p>\n<p><b>Varighed:<\/b> 2 timer<\/p>\n<p><b>Sprog:<\/b> Guiden taler dansk, engelsk og gr\u00f8nlandsk<\/p>\n<p><b>Praktisk info:<\/b> Anbefales ikke til personer med sv\u00e6re rygproblemer<\/p>\n<p><b>Forplejning:<\/b> Kaffe og te serveres<\/p>\n<p><b>Bem\u00e6rk:<\/b> Medbring varmt t\u00f8j<\/p>\n","protected":false},"excerpt":{"rendered":"<p>Oplev en 2 timers hundesl\u00e6detur! <\/p>\n","protected":false},"featured_media":4634,"comment_status":"open","ping_status":"closed","template":"","meta":{"_acf_changed":false},"product_brand":[],"product_cat":[170],"product_tag":[160],"class_list":{"0":"post-4704","1":"product","2":"type-product","3":"status-publish","4":"has-post-thumbnail","6":"product_cat-udflugt","7":"product_tag-2-da","8":"pa_dato-55","9":"pa_dato-365","10":"pa_dato-338","11":"pa_dato-410","12":"pa_dato-366","13":"pa_dato-343","14":"pa_dato-350","15":"pa_dato-947","16":"pa_dato-948","17":"pa_dato-888","18":"pa_dato-875","19":"pa_dato-863","20":"pa_dato-1380","21":"pa_dato-6331","22":"pa_dato-6314","23":"pa_dato-6377","24":"pa_dato-6300","25":"pa_tidspunkt-64","26":"pa_tidspunkt-40","27":"pa_tidspunkt-304","28":"pa_tidspunkt-61","29":"tour_location-uummannaq-da","30":"tour_type-hundeslaede","31":"tour_tickettype-arctic_excursions","32":"tour_operator-uummannaq-seasafaris","34":"first","35":"instock","36":"shipping-taxable","37":"purchasable","38":"product-type-variable"},"acf":[],"yoast_head":"<!-- This site is optimized with the Yoast SEO plugin v23.6 - https:\/\/yoast.com\/wordpress\/plugins\/seo\/ -->\n<title>Arctic Excursions<\/title>\n<meta name=\"robots\" content=\"index, follow, max-snippet:-1, max-image-preview:large, max-video-preview:-1\" \/>\n<link rel=\"canonical\" href=\"https:\/\/arcticexcursions.com\/da\/udflugter\/2-hours-dogsledding\/\" \/>\n<meta property=\"og:locale\" content=\"da_DK\" \/>\n<meta property=\"og:type\" content=\"article\" \/>\n<meta property=\"og:title\" content=\"2 timers hundesl\u00e6detur - Arctic Excursions\" \/>\n<meta property=\"og:description\" content=\"Oplev en 2 timers hundesl\u00e6detur!\" \/>\n<meta property=\"og:url\" content=\"https:\/\/arcticexcursions.com\/da\/udflugter\/2-hours-dogsledding\/\" \/>\n<meta property=\"og:site_name\" content=\"Arctic Excursions\" \/>\n<meta property=\"article:modified_time\" content=\"2026-03-14T13:01:22+00:00\" \/>\n<meta property=\"og:image\" content=\"https:\/\/arcticexcursions.com\/wp-content\/uploads\/2022\/11\/DJI_0948-scaled.jpg\" \/>\n\t<meta property=\"og:image:width\" content=\"2560\" \/>\n\t<meta property=\"og:image:height\" content=\"1438\" \/>\n\t<meta property=\"og:image:type\" content=\"image\/jpeg\" \/>\n<meta name=\"twitter:card\" content=\"summary_large_image\" \/>\n<meta name=\"twitter:label1\" content=\"Estimeret l\u00e6setid\" \/>\n\t<meta name=\"twitter:data1\" content=\"1 minut\" \/>\n<script type=\"application\/ld+json\" class=\"yoast-schema-graph\">{\"@context\":\"https:\/\/schema.org\",\"@graph\":[{\"@type\":\"WebPage\",\"@id\":\"https:\/\/arcticexcursions.com\/da\/udflugter\/2-hours-dogsledding\/\",\"url\":\"https:\/\/arcticexcursions.com\/da\/udflugter\/2-hours-dogsledding\/\",\"name\":\"2 timers hundesl\u00e6detur - Arctic Excursions\",\"isPartOf\":{\"@id\":\"https:\/\/arcticexcursions.com\/#website\"},\"primaryImageOfPage\":{\"@id\":\"https:\/\/arcticexcursions.com\/da\/udflugter\/2-hours-dogsledding\/#primaryimage\"},\"image\":{\"@id\":\"https:\/\/arcticexcursions.com\/da\/udflugter\/2-hours-dogsledding\/#primaryimage\"},\"thumbnailUrl\":\"https:\/\/arcticexcursions.com\/wp-content\/uploads\/2022\/11\/DJI_0948-scaled.jpg\",\"datePublished\":\"2022-11-21T09:55:15+00:00\",\"dateModified\":\"2026-03-14T13:01:22+00:00\",\"breadcrumb\":{\"@id\":\"https:\/\/arcticexcursions.com\/da\/udflugter\/2-hours-dogsledding\/#breadcrumb\"},\"inLanguage\":\"da-DK\",\"potentialAction\":[{\"@type\":\"ReadAction\",\"target\":[\"https:\/\/arcticexcursions.com\/da\/udflugter\/2-hours-dogsledding\/\"]}]},{\"@type\":\"ImageObject\",\"inLanguage\":\"da-DK\",\"@id\":\"https:\/\/arcticexcursions.com\/da\/udflugter\/2-hours-dogsledding\/#primaryimage\",\"url\":\"https:\/\/arcticexcursions.com\/wp-content\/uploads\/2022\/11\/DJI_0948-scaled.jpg\",\"contentUrl\":\"https:\/\/arcticexcursions.com\/wp-content\/uploads\/2022\/11\/DJI_0948-scaled.jpg\",\"width\":2560,\"height\":1438},{\"@type\":\"BreadcrumbList\",\"@id\":\"https:\/\/arcticexcursions.com\/da\/udflugter\/2-hours-dogsledding\/#breadcrumb\",\"itemListElement\":[{\"@type\":\"ListItem\",\"position\":1,\"name\":\"Home\",\"item\":\"https:\/\/arcticexcursions.com\/da\/\"},{\"@type\":\"ListItem\",\"position\":2,\"name\":\"Udflugter i Gr\u00f8nland\",\"item\":\"https:\/\/arcticexcursions.com\/da\/udflugter\/\"},{\"@type\":\"ListItem\",\"position\":3,\"name\":\"2 timers hundesl\u00e6detur\"}]},{\"@type\":\"WebSite\",\"@id\":\"https:\/\/arcticexcursions.com\/#website\",\"url\":\"https:\/\/arcticexcursions.com\/\",\"name\":\"Arctic Excursions\",\"description\":\"New adventures. Every day.\",\"publisher\":{\"@id\":\"https:\/\/arcticexcursions.com\/#organization\"},\"potentialAction\":[{\"@type\":\"SearchAction\",\"target\":{\"@type\":\"EntryPoint\",\"urlTemplate\":\"https:\/\/arcticexcursions.com\/?s={search_term_string}\"},\"query-input\":{\"@type\":\"PropertyValueSpecification\",\"valueRequired\":true,\"valueName\":\"search_term_string\"}}],\"inLanguage\":\"da-DK\"},{\"@type\":\"Organization\",\"@id\":\"https:\/\/arcticexcursions.com\/#organization\",\"name\":\"Arctic Excursions\",\"url\":\"https:\/\/arcticexcursions.com\/\",\"logo\":{\"@type\":\"ImageObject\",\"inLanguage\":\"da-DK\",\"@id\":\"https:\/\/arcticexcursions.com\/#\/schema\/logo\/image\/\",\"url\":\"https:\/\/arcticexcursions.com\/wp-content\/uploads\/2022\/11\/fb-logo.png\",\"contentUrl\":\"https:\/\/arcticexcursions.com\/wp-content\/uploads\/2022\/11\/fb-logo.png\",\"width\":523,\"height\":523,\"caption\":\"Arctic Excursions\"},\"image\":{\"@id\":\"https:\/\/arcticexcursions.com\/#\/schema\/logo\/image\/\"}}]}<\/script>\n<!-- \/ Yoast SEO plugin. -->","yoast_head_json":{"title":"Arctic Excursions","robots":{"index":"index","follow":"follow","max-snippet":"max-snippet:-1","max-image-preview":"max-image-preview:large","max-video-preview":"max-video-preview:-1"},"canonical":"https:\/\/arcticexcursions.com\/da\/udflugter\/2-hours-dogsledding\/","og_locale":"da_DK","og_type":"article","og_title":"2 timers hundesl\u00e6detur - Arctic Excursions","og_description":"Oplev en 2 timers hundesl\u00e6detur!","og_url":"https:\/\/arcticexcursions.com\/da\/udflugter\/2-hours-dogsledding\/","og_site_name":"Arctic Excursions","article_modified_time":"2026-03-14T13:01:22+00:00","og_image":[{"width":2560,"height":1438,"url":"https:\/\/arcticexcursions.com\/wp-content\/uploads\/2022\/11\/DJI_0948-scaled.jpg","type":"image\/jpeg"}],"twitter_card":"summary_large_image","twitter_misc":{"Estimeret l\u00e6setid":"1 minut"},"schema":{"@context":"https:\/\/schema.org","@graph":[{"@type":"WebPage","@id":"https:\/\/arcticexcursions.com\/da\/udflugter\/2-hours-dogsledding\/","url":"https:\/\/arcticexcursions.com\/da\/udflugter\/2-hours-dogsledding\/","name":"2 timers hundesl\u00e6detur - Arctic Excursions","isPartOf":{"@id":"https:\/\/arcticexcursions.com\/#website"},"primaryImageOfPage":{"@id":"https:\/\/arcticexcursions.com\/da\/udflugter\/2-hours-dogsledding\/#primaryimage"},"image":{"@id":"https:\/\/arcticexcursions.com\/da\/udflugter\/2-hours-dogsledding\/#primaryimage"},"thumbnailUrl":"https:\/\/arcticexcursions.com\/wp-content\/uploads\/2022\/11\/DJI_0948-scaled.jpg","datePublished":"2022-11-21T09:55:15+00:00","dateModified":"2026-03-14T13:01:22+00:00","breadcrumb":{"@id":"https:\/\/arcticexcursions.com\/da\/udflugter\/2-hours-dogsledding\/#breadcrumb"},"inLanguage":"da-DK","potentialAction":[{"@type":"ReadAction","target":["https:\/\/arcticexcursions.com\/da\/udflugter\/2-hours-dogsledding\/"]}]},{"@type":"ImageObject","inLanguage":"da-DK","@id":"https:\/\/arcticexcursions.com\/da\/udflugter\/2-hours-dogsledding\/#primaryimage","url":"https:\/\/arcticexcursions.com\/wp-content\/uploads\/2022\/11\/DJI_0948-scaled.jpg","contentUrl":"https:\/\/arcticexcursions.com\/wp-content\/uploads\/2022\/11\/DJI_0948-scaled.jpg","width":2560,"height":1438},{"@type":"BreadcrumbList","@id":"https:\/\/arcticexcursions.com\/da\/udflugter\/2-hours-dogsledding\/#breadcrumb","itemListElement":[{"@type":"ListItem","position":1,"name":"Home","item":"https:\/\/arcticexcursions.com\/da\/"},{"@type":"ListItem","position":2,"name":"Udflugter i Gr\u00f8nland","item":"https:\/\/arcticexcursions.com\/da\/udflugter\/"},{"@type":"ListItem","position":3,"name":"2 timers hundesl\u00e6detur"}]},{"@type":"WebSite","@id":"https:\/\/arcticexcursions.com\/#website","url":"https:\/\/arcticexcursions.com\/","name":"Arctic Excursions","description":"New adventures. Every day.","publisher":{"@id":"https:\/\/arcticexcursions.com\/#organization"},"potentialAction":[{"@type":"SearchAction","target":{"@type":"EntryPoint","urlTemplate":"https:\/\/arcticexcursions.com\/?s={search_term_string}"},"query-input":{"@type":"PropertyValueSpecification","valueRequired":true,"valueName":"search_term_string"}}],"inLanguage":"da-DK"},{"@type":"Organization","@id":"https:\/\/arcticexcursions.com\/#organization","name":"Arctic Excursions","url":"https:\/\/arcticexcursions.com\/","logo":{"@type":"ImageObject","inLanguage":"da-DK","@id":"https:\/\/arcticexcursions.com\/#\/schema\/logo\/image\/","url":"https:\/\/arcticexcursions.com\/wp-content\/uploads\/2022\/11\/fb-logo.png","contentUrl":"https:\/\/arcticexcursions.com\/wp-content\/uploads\/2022\/11\/fb-logo.png","width":523,"height":523,"caption":"Arctic Excursions"},"image":{"@id":"https:\/\/arcticexcursions.com\/#\/schema\/logo\/image\/"}}]}},"_links":{"self":[{"href":"https:\/\/arcticexcursions.com\/da\/wp-json\/wp\/v2\/product\/4704"}],"collection":[{"href":"https:\/\/arcticexcursions.com\/da\/wp-json\/wp\/v2\/product"}],"about":[{"href":"https:\/\/arcticexcursions.com\/da\/wp-json\/wp\/v2\/types\/product"}],"replies":[{"embeddable":true,"href":"https:\/\/arcticexcursions.com\/da\/wp-json\/wp\/v2\/comments?post=4704"}],"wp:featuredmedia":[{"embeddable":true,"href":"https:\/\/arcticexcursions.com\/da\/wp-json\/wp\/v2\/media\/4634"}],"wp:attachment":[{"href":"https:\/\/arcticexcursions.com\/da\/wp-json\/wp\/v2\/media?parent=4704"}],"wp:term":[{"taxonomy":"product_brand","embeddable":true,"href":"https:\/\/arcticexcursions.com\/da\/wp-json\/wp\/v2\/product_brand?post=4704"},{"taxonomy":"product_cat","embeddable":true,"href":"https:\/\/arcticexcursions.com\/da\/wp-json\/wp\/v2\/product_cat?post=4704"},{"taxonomy":"product_tag","embeddable":true,"href":"https:\/\/arcticexcursions.com\/da\/wp-json\/wp\/v2\/product_tag?post=4704"}],"curies":[{"name":"wp","href":"https:\/\/api.w.org\/{rel}","templated":true}]}}