{"id":47752,"date":"2025-03-10T13:00:36","date_gmt":"2025-03-10T11:00:36","guid":{"rendered":"https:\/\/arcticexcursions.com\/?post_type=product&#038;p=47752"},"modified":"2025-11-03T14:04:22","modified_gmt":"2025-11-03T12:04:22","slug":"atlantic-puffin-island","status":"publish","type":"product","link":"https:\/\/arcticexcursions.com\/da\/udflugter\/atlantic-puffin-island\/","title":{"rendered":"Atlantic Puffin Island"},"content":{"rendered":"<p><b>M\u00f8d de charmerende s\u00f8papeg\u00f8jer i Nuuk-regionen<\/b> <\/p>\n<p>Tag med os p\u00e5 en betagende b\u00e5dtur til en afsidesliggende \u00f8, hvor hundredvis af lunder og andre arter som sort lomvie og alke yngler i sommerm\u00e5nederne. Disse elskede havfugle er med deres farverige n\u00e6b og legende natur et sandt symbol p\u00e5 Arktis. Mens vi krydser syd for Nuuk, vil du opleve fantastiske landskaber, rigt fugleliv og chancen for at se disse karismatiske v\u00e6sner t\u00e6t p\u00e5 i deres naturlige habitat.<br \/>\n<b>Et havfuglereservat i Arktis<\/b><br \/>\nRejsen begynder med en natursk\u00f8n 1 times b\u00e5dtur, der passerer t\u00e5rnh\u00f8je klipper og uber\u00f8rt vand, mens vi navigerer mod lunde\u00f8en. Dette lille, forrevne fremspring bliver et travlt centrum for livet om sommeren, da hundredvis af s\u00f8papeg\u00f8jer, alke og lomvier samles her for at yngle. N\u00e5r vi ankommer, s\u00e6tter vi farten ned og observerer disse fascinerende fugle p\u00e5 respektfuld afstand, mens de dykker efter fisk, vralter langs de klippefyldte kyster og interagerer med deres koloni. Lundefugle er utroligt adr\u00e6tte i luften og suser hurtigt mellem deres redegrave og det \u00e5bne hav. Med en kikkert og kamera i h\u00e5nden har du den perfekte mulighed for at se deres charmerende levem\u00e5de t\u00e6t p\u00e5.<\/p>\n<p><b>Din rejseplan:<\/b><br \/>\n&#8211; M\u00f8dested \u2013 Samles ved tidevandstrappen (Tidevandstrappen) i Nuuk havn, hvor vores bes\u00e6tning byder jer velkommen ombord p\u00e5 vores lukkede Targa-b\u00e5d.<br \/>\n&#8211; S\u00e6t sejl \u2013 Vi forlader Nuuk og sejler syd om fjorden p\u00e5 en times rejse mod lunde\u00f8en.<br \/>\n&#8211; Ankomst til Puffin Colony &#8211; Vi s\u00e6tter farten ned og bruger en time til halvanden time p\u00e5 at observere lunder i deres naturlige habitat.<br \/>\n&#8211; Tilbage til Nuuk \u2013 Efter en autentisk dyrelivsoplevelse s\u00e6tter vi kursen tilbage mod Nuuk og nyder det arktiske landskab p\u00e5 vejen.<\/p>\n<p><b>Varighed:<\/b> 3 timer <\/p>\n<p><b>Deltagere:<\/b> Bem\u00e6rk venligst, at udflugten kun gennemf\u00f8res, hvis der er mindst 4 bookede billetter i alt. Hvis du for eksempel booker 2 billetter, skal der s\u00e6lges mindst 2 yderligere billetter til andre kunder, f\u00f8r turen kan finde sted. Der vil deltage maksimalt 6 personer. <\/p>\n<p><b>Sprog:<\/b> Guiden\/kaptajnen taler dansk, engelsk og gr\u00f8nlandsk <\/p>\n<p><b>B\u00e5dtype:<\/b> Lukket b\u00e5d <\/p>\n<p><b>Toiletforhold:<\/b> Der er toilet p\u00e5 b\u00e5den <\/p>\n<p><b>Forplejning:<\/b> Kaffe og te serveres p\u00e5 b\u00e5den <\/p>\n<p><b>Anbefalet p\u00e5kl\u00e6dning:<\/b> Varmt t\u00f8j inkl. hue og handsker hele \u00e5ret. Solbriller. Solcreme om sommeren.<\/p>\n","protected":false},"excerpt":{"rendered":"<p>Sejl til hjertet af Gr\u00f8nlands vilde Arktis og oplev dens mest ikoniske havfugl i dens betagende naturlige habitat.<\/p>\n","protected":false},"featured_media":46646,"comment_status":"open","ping_status":"closed","template":"","meta":{"_acf_changed":false},"product_brand":[],"product_cat":[101,170],"product_tag":[],"class_list":{"0":"post-47752","1":"product","2":"type-product","3":"status-publish","4":"has-post-thumbnail","6":"product_cat-tour","7":"product_cat-udflugt","8":"pa_dato-6043","9":"pa_dato-6065","10":"pa_dato-5878","11":"pa_dato-6075","12":"pa_dato-6070","13":"pa_dato-6018","14":"pa_dato-6064","15":"pa_dato-5999","16":"pa_dato-6005","17":"pa_dato-5879","18":"pa_dato-5933","19":"pa_dato-5966","20":"pa_dato-5983","21":"pa_dato-5882","22":"pa_dato-5965","23":"pa_dato-6021","24":"pa_dato-6046","25":"pa_dato-6030","26":"pa_dato-6087","27":"pa_dato-5954","28":"pa_dato-5880","29":"pa_dato-5964","30":"pa_dato-6067","31":"pa_dato-5926","32":"pa_dato-6062","33":"pa_dato-5930","34":"pa_dato-5929","35":"pa_dato-5928","36":"pa_dato-5888","37":"pa_dato-5988","38":"pa_dato-5924","39":"pa_dato-5958","40":"pa_dato-5963","41":"pa_dato-5956","42":"pa_dato-5980","43":"pa_dato-5944","44":"pa_tidspunkt-70","45":"pa_tidspunkt-72","46":"pa_tidspunkt-40","47":"pa_tidspunkt-314","48":"pa_tidspunkt-317","49":"pa_tidspunkt-60","50":"pa_tidspunkt-426","51":"pa_tidspunkt-57","52":"pa_tidspunkt-110","53":"pa_tidspunkt-69","54":"pa_tidspunkt-205","55":"pa_tidspunkt-770","56":"pa_tidspunkt-255","57":"pa_tidspunkt-1175","58":"pa_tidspunkt-828","59":"pa_tidspunkt-86","60":"tour_location-nuuk-da","61":"tour_type-baadture","62":"tour_tickettype-arctic_excursions","63":"tour_tickettype-greenland_travel_tour","64":"tour_tickettype-greenland_travel_team","65":"tour_operator-inforawarctic-com","67":"first","68":"outofstock","69":"shipping-taxable","70":"product-type-variable"},"acf":[],"yoast_head":"<!-- This site is optimized with the Yoast SEO plugin v23.6 - https:\/\/yoast.com\/wordpress\/plugins\/seo\/ -->\n<title>Arctic Excursions<\/title>\n<meta name=\"robots\" content=\"index, follow, max-snippet:-1, max-image-preview:large, max-video-preview:-1\" \/>\n<link rel=\"canonical\" href=\"https:\/\/arcticexcursions.com\/da\/udflugter\/atlantic-puffin-island\/\" \/>\n<meta property=\"og:locale\" content=\"da_DK\" \/>\n<meta property=\"og:type\" content=\"article\" \/>\n<meta property=\"og:title\" content=\"Atlantic Puffin Island - Arctic Excursions\" \/>\n<meta property=\"og:description\" content=\"Sejl til hjertet af Gr\u00f8nlands vilde Arktis og oplev dens mest ikoniske havfugl i dens betagende naturlige habitat.\" \/>\n<meta property=\"og:url\" content=\"https:\/\/arcticexcursions.com\/da\/udflugter\/atlantic-puffin-island\/\" \/>\n<meta property=\"og:site_name\" content=\"Arctic Excursions\" \/>\n<meta property=\"article:modified_time\" content=\"2025-11-03T12:04:22+00:00\" \/>\n<meta property=\"og:image\" content=\"https:\/\/arcticexcursions.com\/wp-content\/uploads\/2025\/03\/Atlantic_Puffin_Rawarcticgreenland-greenland-exploring-02-1.jpg\" \/>\n\t<meta property=\"og:image:width\" content=\"1741\" \/>\n\t<meta property=\"og:image:height\" content=\"1200\" \/>\n\t<meta property=\"og:image:type\" content=\"image\/jpeg\" \/>\n<meta name=\"twitter:card\" content=\"summary_large_image\" \/>\n<meta name=\"twitter:label1\" content=\"Estimeret l\u00e6setid\" \/>\n\t<meta name=\"twitter:data1\" content=\"2 minutter\" \/>\n<script type=\"application\/ld+json\" class=\"yoast-schema-graph\">{\"@context\":\"https:\/\/schema.org\",\"@graph\":[{\"@type\":\"WebPage\",\"@id\":\"https:\/\/arcticexcursions.com\/da\/udflugter\/atlantic-puffin-island\/\",\"url\":\"https:\/\/arcticexcursions.com\/da\/udflugter\/atlantic-puffin-island\/\",\"name\":\"Atlantic Puffin Island - Arctic Excursions\",\"isPartOf\":{\"@id\":\"https:\/\/arcticexcursions.com\/#website\"},\"primaryImageOfPage\":{\"@id\":\"https:\/\/arcticexcursions.com\/da\/udflugter\/atlantic-puffin-island\/#primaryimage\"},\"image\":{\"@id\":\"https:\/\/arcticexcursions.com\/da\/udflugter\/atlantic-puffin-island\/#primaryimage\"},\"thumbnailUrl\":\"https:\/\/arcticexcursions.com\/wp-content\/uploads\/2025\/03\/Atlantic_Puffin_Rawarcticgreenland-greenland-exploring-02-1.jpg\",\"datePublished\":\"2025-03-10T11:00:36+00:00\",\"dateModified\":\"2025-11-03T12:04:22+00:00\",\"breadcrumb\":{\"@id\":\"https:\/\/arcticexcursions.com\/da\/udflugter\/atlantic-puffin-island\/#breadcrumb\"},\"inLanguage\":\"da-DK\",\"potentialAction\":[{\"@type\":\"ReadAction\",\"target\":[\"https:\/\/arcticexcursions.com\/da\/udflugter\/atlantic-puffin-island\/\"]}]},{\"@type\":\"ImageObject\",\"inLanguage\":\"da-DK\",\"@id\":\"https:\/\/arcticexcursions.com\/da\/udflugter\/atlantic-puffin-island\/#primaryimage\",\"url\":\"https:\/\/arcticexcursions.com\/wp-content\/uploads\/2025\/03\/Atlantic_Puffin_Rawarcticgreenland-greenland-exploring-02-1.jpg\",\"contentUrl\":\"https:\/\/arcticexcursions.com\/wp-content\/uploads\/2025\/03\/Atlantic_Puffin_Rawarcticgreenland-greenland-exploring-02-1.jpg\",\"width\":1741,\"height\":1200},{\"@type\":\"BreadcrumbList\",\"@id\":\"https:\/\/arcticexcursions.com\/da\/udflugter\/atlantic-puffin-island\/#breadcrumb\",\"itemListElement\":[{\"@type\":\"ListItem\",\"position\":1,\"name\":\"Home\",\"item\":\"https:\/\/arcticexcursions.com\/da\/\"},{\"@type\":\"ListItem\",\"position\":2,\"name\":\"Udflugter i Gr\u00f8nland\",\"item\":\"https:\/\/arcticexcursions.com\/da\/udflugter\/\"},{\"@type\":\"ListItem\",\"position\":3,\"name\":\"Atlantic Puffin Island\"}]},{\"@type\":\"WebSite\",\"@id\":\"https:\/\/arcticexcursions.com\/#website\",\"url\":\"https:\/\/arcticexcursions.com\/\",\"name\":\"Arctic Excursions\",\"description\":\"New adventures. Every day.\",\"publisher\":{\"@id\":\"https:\/\/arcticexcursions.com\/#organization\"},\"potentialAction\":[{\"@type\":\"SearchAction\",\"target\":{\"@type\":\"EntryPoint\",\"urlTemplate\":\"https:\/\/arcticexcursions.com\/?s={search_term_string}\"},\"query-input\":{\"@type\":\"PropertyValueSpecification\",\"valueRequired\":true,\"valueName\":\"search_term_string\"}}],\"inLanguage\":\"da-DK\"},{\"@type\":\"Organization\",\"@id\":\"https:\/\/arcticexcursions.com\/#organization\",\"name\":\"Arctic Excursions\",\"url\":\"https:\/\/arcticexcursions.com\/\",\"logo\":{\"@type\":\"ImageObject\",\"inLanguage\":\"da-DK\",\"@id\":\"https:\/\/arcticexcursions.com\/#\/schema\/logo\/image\/\",\"url\":\"https:\/\/arcticexcursions.com\/wp-content\/uploads\/2022\/11\/fb-logo.png\",\"contentUrl\":\"https:\/\/arcticexcursions.com\/wp-content\/uploads\/2022\/11\/fb-logo.png\",\"width\":523,\"height\":523,\"caption\":\"Arctic Excursions\"},\"image\":{\"@id\":\"https:\/\/arcticexcursions.com\/#\/schema\/logo\/image\/\"}}]}<\/script>\n<!-- \/ Yoast SEO plugin. -->","yoast_head_json":{"title":"Arctic Excursions","robots":{"index":"index","follow":"follow","max-snippet":"max-snippet:-1","max-image-preview":"max-image-preview:large","max-video-preview":"max-video-preview:-1"},"canonical":"https:\/\/arcticexcursions.com\/da\/udflugter\/atlantic-puffin-island\/","og_locale":"da_DK","og_type":"article","og_title":"Atlantic Puffin Island - Arctic Excursions","og_description":"Sejl til hjertet af Gr\u00f8nlands vilde Arktis og oplev dens mest ikoniske havfugl i dens betagende naturlige habitat.","og_url":"https:\/\/arcticexcursions.com\/da\/udflugter\/atlantic-puffin-island\/","og_site_name":"Arctic Excursions","article_modified_time":"2025-11-03T12:04:22+00:00","og_image":[{"width":1741,"height":1200,"url":"https:\/\/arcticexcursions.com\/wp-content\/uploads\/2025\/03\/Atlantic_Puffin_Rawarcticgreenland-greenland-exploring-02-1.jpg","type":"image\/jpeg"}],"twitter_card":"summary_large_image","twitter_misc":{"Estimeret l\u00e6setid":"2 minutter"},"schema":{"@context":"https:\/\/schema.org","@graph":[{"@type":"WebPage","@id":"https:\/\/arcticexcursions.com\/da\/udflugter\/atlantic-puffin-island\/","url":"https:\/\/arcticexcursions.com\/da\/udflugter\/atlantic-puffin-island\/","name":"Atlantic Puffin Island - Arctic Excursions","isPartOf":{"@id":"https:\/\/arcticexcursions.com\/#website"},"primaryImageOfPage":{"@id":"https:\/\/arcticexcursions.com\/da\/udflugter\/atlantic-puffin-island\/#primaryimage"},"image":{"@id":"https:\/\/arcticexcursions.com\/da\/udflugter\/atlantic-puffin-island\/#primaryimage"},"thumbnailUrl":"https:\/\/arcticexcursions.com\/wp-content\/uploads\/2025\/03\/Atlantic_Puffin_Rawarcticgreenland-greenland-exploring-02-1.jpg","datePublished":"2025-03-10T11:00:36+00:00","dateModified":"2025-11-03T12:04:22+00:00","breadcrumb":{"@id":"https:\/\/arcticexcursions.com\/da\/udflugter\/atlantic-puffin-island\/#breadcrumb"},"inLanguage":"da-DK","potentialAction":[{"@type":"ReadAction","target":["https:\/\/arcticexcursions.com\/da\/udflugter\/atlantic-puffin-island\/"]}]},{"@type":"ImageObject","inLanguage":"da-DK","@id":"https:\/\/arcticexcursions.com\/da\/udflugter\/atlantic-puffin-island\/#primaryimage","url":"https:\/\/arcticexcursions.com\/wp-content\/uploads\/2025\/03\/Atlantic_Puffin_Rawarcticgreenland-greenland-exploring-02-1.jpg","contentUrl":"https:\/\/arcticexcursions.com\/wp-content\/uploads\/2025\/03\/Atlantic_Puffin_Rawarcticgreenland-greenland-exploring-02-1.jpg","width":1741,"height":1200},{"@type":"BreadcrumbList","@id":"https:\/\/arcticexcursions.com\/da\/udflugter\/atlantic-puffin-island\/#breadcrumb","itemListElement":[{"@type":"ListItem","position":1,"name":"Home","item":"https:\/\/arcticexcursions.com\/da\/"},{"@type":"ListItem","position":2,"name":"Udflugter i Gr\u00f8nland","item":"https:\/\/arcticexcursions.com\/da\/udflugter\/"},{"@type":"ListItem","position":3,"name":"Atlantic Puffin Island"}]},{"@type":"WebSite","@id":"https:\/\/arcticexcursions.com\/#website","url":"https:\/\/arcticexcursions.com\/","name":"Arctic Excursions","description":"New adventures. Every day.","publisher":{"@id":"https:\/\/arcticexcursions.com\/#organization"},"potentialAction":[{"@type":"SearchAction","target":{"@type":"EntryPoint","urlTemplate":"https:\/\/arcticexcursions.com\/?s={search_term_string}"},"query-input":{"@type":"PropertyValueSpecification","valueRequired":true,"valueName":"search_term_string"}}],"inLanguage":"da-DK"},{"@type":"Organization","@id":"https:\/\/arcticexcursions.com\/#organization","name":"Arctic Excursions","url":"https:\/\/arcticexcursions.com\/","logo":{"@type":"ImageObject","inLanguage":"da-DK","@id":"https:\/\/arcticexcursions.com\/#\/schema\/logo\/image\/","url":"https:\/\/arcticexcursions.com\/wp-content\/uploads\/2022\/11\/fb-logo.png","contentUrl":"https:\/\/arcticexcursions.com\/wp-content\/uploads\/2022\/11\/fb-logo.png","width":523,"height":523,"caption":"Arctic Excursions"},"image":{"@id":"https:\/\/arcticexcursions.com\/#\/schema\/logo\/image\/"}}]}},"_links":{"self":[{"href":"https:\/\/arcticexcursions.com\/da\/wp-json\/wp\/v2\/product\/47752"}],"collection":[{"href":"https:\/\/arcticexcursions.com\/da\/wp-json\/wp\/v2\/product"}],"about":[{"href":"https:\/\/arcticexcursions.com\/da\/wp-json\/wp\/v2\/types\/product"}],"replies":[{"embeddable":true,"href":"https:\/\/arcticexcursions.com\/da\/wp-json\/wp\/v2\/comments?post=47752"}],"wp:featuredmedia":[{"embeddable":true,"href":"https:\/\/arcticexcursions.com\/da\/wp-json\/wp\/v2\/media\/46646"}],"wp:attachment":[{"href":"https:\/\/arcticexcursions.com\/da\/wp-json\/wp\/v2\/media?parent=47752"}],"wp:term":[{"taxonomy":"product_brand","embeddable":true,"href":"https:\/\/arcticexcursions.com\/da\/wp-json\/wp\/v2\/product_brand?post=47752"},{"taxonomy":"product_cat","embeddable":true,"href":"https:\/\/arcticexcursions.com\/da\/wp-json\/wp\/v2\/product_cat?post=47752"},{"taxonomy":"product_tag","embeddable":true,"href":"https:\/\/arcticexcursions.com\/da\/wp-json\/wp\/v2\/product_tag?post=47752"}],"curies":[{"name":"wp","href":"https:\/\/api.w.org\/{rel}","templated":true}]}}