{"id":47753,"date":"2025-03-10T12:46:55","date_gmt":"2025-03-10T10:46:55","guid":{"rendered":"https:\/\/arcticexcursions.com\/?post_type=product&#038;p=47753"},"modified":"2025-11-03T14:11:02","modified_gmt":"2025-11-03T12:11:02","slug":"icefjord-bay-adventure","status":"publish","type":"product","link":"https:\/\/arcticexcursions.com\/da\/udflugter\/icefjord-bay-adventure\/","title":{"rendered":"Isfjords Eventyr"},"content":{"rendered":"<p><b>Isfjords Eventyr: En rejse ind i hjertet af den arktiske vildmark<\/b><br \/>\nTag med vores erfarne guider p\u00e5 vores isfjordseventyr, en heldagsoplevelse, der tager dig dybt ind i Nuuks isfjord og afsl\u00f8rer den betagende sk\u00f8nhed i det arktiske landskab.<\/p>\n<p>S\u00e6t sejl gennem det iskolde vand, og naviger mellem t\u00e5rnh\u00f8je isbjerge &#8211; hver is\u00e6r en frossen skulptur, formet af tid og natur. Jo dybere vi begiver os, jo mere dybtg\u00e5ende bliver stilheden, kun afbrudt af den fjerne lyd af is, der k\u00e6lver ned i havet.<\/p>\n<p>N\u00e5r vi tr\u00e6der i land i bunden af fjorden, begiver vi os ud p\u00e5 en blid vandretur gennem det arktiske terr\u00e6n, der f\u00f8rer til et enest\u00e5ende udsigtspunkt over bugten. P\u00e5 rejsens h\u00f8jdepunkt ankommer vi til bugten &#8211; et afsondret fristed, hvor is m\u00f8der himmel i en betagende visning. Her, omgivet af en endel\u00f8s flade af isbjerge, vil du f\u00f8le stilheden i Arktis som aldrig f\u00f8r.<br \/>\nBrug et \u00f8jeblik p\u00e5 at tr\u00e6kke vejret i den spr\u00f8de, rene luft, lyt til ekkoerne af kn\u00e6kkende is, og lad st\u00f8rrelsen af denne frosne vildmark synke ind.\u200d<\/p>\n<p><\u200db>H\u00f8jdepunkter<\/b><br \/>\n&#8211; Natursk\u00f8n sejlads: Nyd en to-timers b\u00e5dtur fra Nuuk til Kapisillit, med en fantastisk kystudsigt.<br \/>\n&#8211; Guidet vandretur: Udforsk isfjordsbugten med vores erfarne guider og l\u00e6r om dette vidunderlige landskab.<br \/>\n&#8211; Isfjordsudsigtspunkt: N\u00e5 eksklusive udsigtspunkter med en betagende udsigt over den isd\u00e6kkede fjord.<br \/>\n&#8211; M\u00f8der med vilde dyr: Mulighed for at observere arktisk flora og fauna i deres naturlige habitat.<br \/>\n&#8211; Kulturel indsigt: L\u00e6r om Gr\u00f8nlands unikke milj\u00f8 og traditioner fra lokale guider.<\/p>\n<p><b>Din rejseplan<\/b><br \/>\n&#8211; Meeting Point \u2013 Samles ved tidevandstrappen i Nuuk havn, hvor vores bes\u00e6tning byder dig velkommen ombord p\u00e5 vores lukkede Targa-b\u00e5d.<br \/>\n&#8211; S\u00e6t sejl \u2013 Vi navigerer gennem Nuuk Fjord, passerer iskvalt vand og t\u00e5rnh\u00f8je bjerge p\u00e5 en to-timers rejse.<br \/>\n&#8211; Ankomst til Kapisillit Fjord \u2013 B\u00e5den ankrer, og vi g\u00e5r i land for at begynde vores guidede vandretur til Crystal Bay.<br \/>\n&#8211; Guidet vandretur &#8211; En 45-60 minutters langsom vandring gennem arktisk tundra og let terr\u00e6n, der f\u00f8rer til en betagende isbugt.<br \/>\n&#8211; Oplev Crystal Bay &#8211; Nyd stilheden, lyt til de fjerne lyde af k\u00e6lvende gletsjere, og nyd en frisk frokost midt i den arktiske vildmark.<br \/>\n&#8211; Vandretur tilbage &#8211; Efter et par timer ved bugten, tr\u00e6kker vi tilbage til b\u00e5den.<br \/>\n&#8211; Retur til Nuuk &#8211; Slap af p\u00e5 den to timer lange b\u00e5dtur tilbage, og reflekter over en uforglemmelig dag p\u00e5 et af Gr\u00f8nlands mest isolerede steder.<\/p>\n<p><b>Varighed:<\/b> 8 timer <\/p>\n<p><b>Deltagere:<\/b> Bem\u00e6rk venligst, at udflugten kun gennemf\u00f8res, hvis der er mindst 4 bookede billetter i alt. Hvis du for eksempel booker 2 billetter, skal der s\u00e6lges mindst 2 yderligere billetter til andre kunder, f\u00f8r turen kan finde sted. Der vil deltage maksimalt 6 personer. <\/p>\n<p><b>Sprog:<\/b> Guiden\/kaptajnen taler dansk, engelsk og gr\u00f8nlandsk <\/p>\n<p><b>B\u00e5dtype:<\/b> Lukket b\u00e5d <\/p>\n<p><b>Toiletforhold:<\/b> Der er toilet p\u00e5 b\u00e5den <\/p>\n<p><b>Forplejning:<\/b> Kaffe, te og frokost serveres p\u00e5 b\u00e5den.<\/p>\n<p><b>Sv\u00e6rhedsgrad:<\/b> Begyndervenlig tur. Anbefales ikke hvis du har rygproblemer. <\/p>\n<p><b>Anbefalet p\u00e5kl\u00e6dning:<\/b> Varmt t\u00f8j inkl. hue og handsker hele \u00e5ret. Solbriller. Solcreme om sommeren.<\/p>\n","protected":false},"excerpt":{"rendered":"<p>Tag p\u00e5 et heldagseventyr gennem Nuuk Fjord, sejl forbi isfyldt farvand, f\u00f8r du g\u00e5r til Isfjordsbugten, et afsidesliggende fristed, hvor t\u00e5rnh\u00f8je gletsjere m\u00f8der arktisk stilhed.<\/p>\n","protected":false},"featured_media":46546,"comment_status":"open","ping_status":"closed","template":"","meta":{"_acf_changed":false},"product_brand":[],"product_cat":[101,170],"product_tag":[],"class_list":{"0":"post-47753","1":"product","2":"type-product","3":"status-publish","4":"has-post-thumbnail","6":"product_cat-tour","7":"product_cat-udflugt","8":"pa_dato-6104","9":"pa_dato-5917","10":"pa_dato-5921","11":"pa_dato-6072","12":"pa_dato-6017","13":"pa_dato-5993","14":"pa_dato-6019","15":"pa_dato-6047","16":"pa_dato-6056","17":"pa_dato-6020","18":"pa_dato-5975","19":"pa_dato-6023","20":"pa_dato-6024","21":"pa_dato-6006","22":"pa_dato-6025","23":"pa_dato-5928","24":"pa_dato-5946","25":"pa_dato-5938","26":"pa_dato-5977","27":"pa_dato-5918","28":"pa_dato-6026","29":"pa_dato-6061","30":"pa_dato-5940","31":"pa_dato-5942","32":"pa_dato-5982","33":"pa_dato-6028","34":"pa_dato-5992","35":"pa_dato-6090","36":"pa_dato-6080","37":"pa_dato-5944","38":"pa_tidspunkt-72","39":"pa_tidspunkt-317","40":"tour_location-nuuk-da","41":"tour_type-baadture","42":"tour_tickettype-arctic_excursions","43":"tour_tickettype-greenland_travel_tour","44":"tour_tickettype-greenland_travel_team","45":"tour_operator-inforawarctic-com","47":"first","48":"outofstock","49":"shipping-taxable","50":"product-type-variable"},"acf":[],"yoast_head":"<!-- This site is optimized with the Yoast SEO plugin v23.6 - https:\/\/yoast.com\/wordpress\/plugins\/seo\/ -->\n<title>Arctic Excursions<\/title>\n<meta name=\"robots\" content=\"index, follow, max-snippet:-1, max-image-preview:large, max-video-preview:-1\" \/>\n<link rel=\"canonical\" href=\"https:\/\/arcticexcursions.com\/da\/udflugter\/icefjord-bay-adventure\/\" \/>\n<meta property=\"og:locale\" content=\"da_DK\" \/>\n<meta property=\"og:type\" content=\"article\" \/>\n<meta property=\"og:title\" content=\"Isfjords Eventyr - Arctic Excursions\" \/>\n<meta property=\"og:description\" content=\"Tag p\u00e5 et heldagseventyr gennem Nuuk Fjord, sejl forbi isfyldt farvand, f\u00f8r du g\u00e5r til Isfjordsbugten, et afsidesliggende fristed, hvor t\u00e5rnh\u00f8je gletsjere m\u00f8der arktisk stilhed.\" \/>\n<meta property=\"og:url\" content=\"https:\/\/arcticexcursions.com\/da\/udflugter\/icefjord-bay-adventure\/\" \/>\n<meta property=\"og:site_name\" content=\"Arctic Excursions\" \/>\n<meta property=\"article:modified_time\" content=\"2025-11-03T12:11:02+00:00\" \/>\n<meta property=\"og:image\" content=\"https:\/\/arcticexcursions.com\/wp-content\/uploads\/2025\/03\/Caribou_Hunting_Rawarcticgreenland-greenland-exploring-33.jpg\" \/>\n\t<meta property=\"og:image:width\" content=\"1800\" \/>\n\t<meta property=\"og:image:height\" content=\"1200\" \/>\n\t<meta property=\"og:image:type\" content=\"image\/jpeg\" \/>\n<meta name=\"twitter:card\" content=\"summary_large_image\" \/>\n<meta name=\"twitter:label1\" content=\"Estimeret l\u00e6setid\" \/>\n\t<meta name=\"twitter:data1\" content=\"3 minutter\" \/>\n<script type=\"application\/ld+json\" class=\"yoast-schema-graph\">{\"@context\":\"https:\/\/schema.org\",\"@graph\":[{\"@type\":\"WebPage\",\"@id\":\"https:\/\/arcticexcursions.com\/da\/udflugter\/icefjord-bay-adventure\/\",\"url\":\"https:\/\/arcticexcursions.com\/da\/udflugter\/icefjord-bay-adventure\/\",\"name\":\"Isfjords Eventyr - Arctic Excursions\",\"isPartOf\":{\"@id\":\"https:\/\/arcticexcursions.com\/#website\"},\"primaryImageOfPage\":{\"@id\":\"https:\/\/arcticexcursions.com\/da\/udflugter\/icefjord-bay-adventure\/#primaryimage\"},\"image\":{\"@id\":\"https:\/\/arcticexcursions.com\/da\/udflugter\/icefjord-bay-adventure\/#primaryimage\"},\"thumbnailUrl\":\"https:\/\/arcticexcursions.com\/wp-content\/uploads\/2025\/03\/Caribou_Hunting_Rawarcticgreenland-greenland-exploring-33.jpg\",\"datePublished\":\"2025-03-10T10:46:55+00:00\",\"dateModified\":\"2025-11-03T12:11:02+00:00\",\"breadcrumb\":{\"@id\":\"https:\/\/arcticexcursions.com\/da\/udflugter\/icefjord-bay-adventure\/#breadcrumb\"},\"inLanguage\":\"da-DK\",\"potentialAction\":[{\"@type\":\"ReadAction\",\"target\":[\"https:\/\/arcticexcursions.com\/da\/udflugter\/icefjord-bay-adventure\/\"]}]},{\"@type\":\"ImageObject\",\"inLanguage\":\"da-DK\",\"@id\":\"https:\/\/arcticexcursions.com\/da\/udflugter\/icefjord-bay-adventure\/#primaryimage\",\"url\":\"https:\/\/arcticexcursions.com\/wp-content\/uploads\/2025\/03\/Caribou_Hunting_Rawarcticgreenland-greenland-exploring-33.jpg\",\"contentUrl\":\"https:\/\/arcticexcursions.com\/wp-content\/uploads\/2025\/03\/Caribou_Hunting_Rawarcticgreenland-greenland-exploring-33.jpg\",\"width\":1800,\"height\":1200},{\"@type\":\"BreadcrumbList\",\"@id\":\"https:\/\/arcticexcursions.com\/da\/udflugter\/icefjord-bay-adventure\/#breadcrumb\",\"itemListElement\":[{\"@type\":\"ListItem\",\"position\":1,\"name\":\"Home\",\"item\":\"https:\/\/arcticexcursions.com\/da\/\"},{\"@type\":\"ListItem\",\"position\":2,\"name\":\"Udflugter i Gr\u00f8nland\",\"item\":\"https:\/\/arcticexcursions.com\/da\/udflugter\/\"},{\"@type\":\"ListItem\",\"position\":3,\"name\":\"Isfjords Eventyr\"}]},{\"@type\":\"WebSite\",\"@id\":\"https:\/\/arcticexcursions.com\/#website\",\"url\":\"https:\/\/arcticexcursions.com\/\",\"name\":\"Arctic Excursions\",\"description\":\"New adventures. Every day.\",\"publisher\":{\"@id\":\"https:\/\/arcticexcursions.com\/#organization\"},\"potentialAction\":[{\"@type\":\"SearchAction\",\"target\":{\"@type\":\"EntryPoint\",\"urlTemplate\":\"https:\/\/arcticexcursions.com\/?s={search_term_string}\"},\"query-input\":{\"@type\":\"PropertyValueSpecification\",\"valueRequired\":true,\"valueName\":\"search_term_string\"}}],\"inLanguage\":\"da-DK\"},{\"@type\":\"Organization\",\"@id\":\"https:\/\/arcticexcursions.com\/#organization\",\"name\":\"Arctic Excursions\",\"url\":\"https:\/\/arcticexcursions.com\/\",\"logo\":{\"@type\":\"ImageObject\",\"inLanguage\":\"da-DK\",\"@id\":\"https:\/\/arcticexcursions.com\/#\/schema\/logo\/image\/\",\"url\":\"https:\/\/arcticexcursions.com\/wp-content\/uploads\/2022\/11\/fb-logo.png\",\"contentUrl\":\"https:\/\/arcticexcursions.com\/wp-content\/uploads\/2022\/11\/fb-logo.png\",\"width\":523,\"height\":523,\"caption\":\"Arctic Excursions\"},\"image\":{\"@id\":\"https:\/\/arcticexcursions.com\/#\/schema\/logo\/image\/\"}}]}<\/script>\n<!-- \/ Yoast SEO plugin. -->","yoast_head_json":{"title":"Arctic Excursions","robots":{"index":"index","follow":"follow","max-snippet":"max-snippet:-1","max-image-preview":"max-image-preview:large","max-video-preview":"max-video-preview:-1"},"canonical":"https:\/\/arcticexcursions.com\/da\/udflugter\/icefjord-bay-adventure\/","og_locale":"da_DK","og_type":"article","og_title":"Isfjords Eventyr - Arctic Excursions","og_description":"Tag p\u00e5 et heldagseventyr gennem Nuuk Fjord, sejl forbi isfyldt farvand, f\u00f8r du g\u00e5r til Isfjordsbugten, et afsidesliggende fristed, hvor t\u00e5rnh\u00f8je gletsjere m\u00f8der arktisk stilhed.","og_url":"https:\/\/arcticexcursions.com\/da\/udflugter\/icefjord-bay-adventure\/","og_site_name":"Arctic Excursions","article_modified_time":"2025-11-03T12:11:02+00:00","og_image":[{"width":1800,"height":1200,"url":"https:\/\/arcticexcursions.com\/wp-content\/uploads\/2025\/03\/Caribou_Hunting_Rawarcticgreenland-greenland-exploring-33.jpg","type":"image\/jpeg"}],"twitter_card":"summary_large_image","twitter_misc":{"Estimeret l\u00e6setid":"3 minutter"},"schema":{"@context":"https:\/\/schema.org","@graph":[{"@type":"WebPage","@id":"https:\/\/arcticexcursions.com\/da\/udflugter\/icefjord-bay-adventure\/","url":"https:\/\/arcticexcursions.com\/da\/udflugter\/icefjord-bay-adventure\/","name":"Isfjords Eventyr - Arctic Excursions","isPartOf":{"@id":"https:\/\/arcticexcursions.com\/#website"},"primaryImageOfPage":{"@id":"https:\/\/arcticexcursions.com\/da\/udflugter\/icefjord-bay-adventure\/#primaryimage"},"image":{"@id":"https:\/\/arcticexcursions.com\/da\/udflugter\/icefjord-bay-adventure\/#primaryimage"},"thumbnailUrl":"https:\/\/arcticexcursions.com\/wp-content\/uploads\/2025\/03\/Caribou_Hunting_Rawarcticgreenland-greenland-exploring-33.jpg","datePublished":"2025-03-10T10:46:55+00:00","dateModified":"2025-11-03T12:11:02+00:00","breadcrumb":{"@id":"https:\/\/arcticexcursions.com\/da\/udflugter\/icefjord-bay-adventure\/#breadcrumb"},"inLanguage":"da-DK","potentialAction":[{"@type":"ReadAction","target":["https:\/\/arcticexcursions.com\/da\/udflugter\/icefjord-bay-adventure\/"]}]},{"@type":"ImageObject","inLanguage":"da-DK","@id":"https:\/\/arcticexcursions.com\/da\/udflugter\/icefjord-bay-adventure\/#primaryimage","url":"https:\/\/arcticexcursions.com\/wp-content\/uploads\/2025\/03\/Caribou_Hunting_Rawarcticgreenland-greenland-exploring-33.jpg","contentUrl":"https:\/\/arcticexcursions.com\/wp-content\/uploads\/2025\/03\/Caribou_Hunting_Rawarcticgreenland-greenland-exploring-33.jpg","width":1800,"height":1200},{"@type":"BreadcrumbList","@id":"https:\/\/arcticexcursions.com\/da\/udflugter\/icefjord-bay-adventure\/#breadcrumb","itemListElement":[{"@type":"ListItem","position":1,"name":"Home","item":"https:\/\/arcticexcursions.com\/da\/"},{"@type":"ListItem","position":2,"name":"Udflugter i Gr\u00f8nland","item":"https:\/\/arcticexcursions.com\/da\/udflugter\/"},{"@type":"ListItem","position":3,"name":"Isfjords Eventyr"}]},{"@type":"WebSite","@id":"https:\/\/arcticexcursions.com\/#website","url":"https:\/\/arcticexcursions.com\/","name":"Arctic Excursions","description":"New adventures. Every day.","publisher":{"@id":"https:\/\/arcticexcursions.com\/#organization"},"potentialAction":[{"@type":"SearchAction","target":{"@type":"EntryPoint","urlTemplate":"https:\/\/arcticexcursions.com\/?s={search_term_string}"},"query-input":{"@type":"PropertyValueSpecification","valueRequired":true,"valueName":"search_term_string"}}],"inLanguage":"da-DK"},{"@type":"Organization","@id":"https:\/\/arcticexcursions.com\/#organization","name":"Arctic Excursions","url":"https:\/\/arcticexcursions.com\/","logo":{"@type":"ImageObject","inLanguage":"da-DK","@id":"https:\/\/arcticexcursions.com\/#\/schema\/logo\/image\/","url":"https:\/\/arcticexcursions.com\/wp-content\/uploads\/2022\/11\/fb-logo.png","contentUrl":"https:\/\/arcticexcursions.com\/wp-content\/uploads\/2022\/11\/fb-logo.png","width":523,"height":523,"caption":"Arctic Excursions"},"image":{"@id":"https:\/\/arcticexcursions.com\/#\/schema\/logo\/image\/"}}]}},"_links":{"self":[{"href":"https:\/\/arcticexcursions.com\/da\/wp-json\/wp\/v2\/product\/47753"}],"collection":[{"href":"https:\/\/arcticexcursions.com\/da\/wp-json\/wp\/v2\/product"}],"about":[{"href":"https:\/\/arcticexcursions.com\/da\/wp-json\/wp\/v2\/types\/product"}],"replies":[{"embeddable":true,"href":"https:\/\/arcticexcursions.com\/da\/wp-json\/wp\/v2\/comments?post=47753"}],"wp:featuredmedia":[{"embeddable":true,"href":"https:\/\/arcticexcursions.com\/da\/wp-json\/wp\/v2\/media\/46546"}],"wp:attachment":[{"href":"https:\/\/arcticexcursions.com\/da\/wp-json\/wp\/v2\/media?parent=47753"}],"wp:term":[{"taxonomy":"product_brand","embeddable":true,"href":"https:\/\/arcticexcursions.com\/da\/wp-json\/wp\/v2\/product_brand?post=47753"},{"taxonomy":"product_cat","embeddable":true,"href":"https:\/\/arcticexcursions.com\/da\/wp-json\/wp\/v2\/product_cat?post=47753"},{"taxonomy":"product_tag","embeddable":true,"href":"https:\/\/arcticexcursions.com\/da\/wp-json\/wp\/v2\/product_tag?post=47753"}],"curies":[{"name":"wp","href":"https:\/\/api.w.org\/{rel}","templated":true}]}}