{"id":47755,"date":"2025-03-10T12:44:38","date_gmt":"2025-03-10T10:44:38","guid":{"rendered":"https:\/\/arcticexcursions.com\/?post_type=product&#038;p=47755"},"modified":"2025-11-03T14:26:16","modified_gmt":"2025-11-03T12:26:16","slug":"whale-safari-3","status":"publish","type":"product","link":"https:\/\/arcticexcursions.com\/da\/udflugter\/whale-safari-3\/","title":{"rendered":"Hval Safari"},"content":{"rendered":"<p><b>Et uforglemmeligt m\u00f8de med det arktiske dyreliv<\/b><br \/>\nNuuk Fjord er en af Gr\u00f8nlands f\u00f8rende hvalsafari-destinationer, hvor pukkelhvaler vender tilbage hver sommer for at feste i dets kolde, n\u00e6ringsrige farvande. Disse majest\u00e6tiske giganter rejser tusindvis af kilometer for at n\u00e5 disse foderpladser, og de viser betagende udstillinger, n\u00e5r de bryder ud, sl\u00e5r med halen og glider ubesv\u00e6ret gennem fjorden. Mens vi sejler gennem disse uber\u00f8rte farvande, skal du holde \u00f8je med, at t\u00e5gen af deres \u00e5nde stiger op mod den arktiske himmel og den yndefulde bue af deres ryg, mens de dykker ned under overfladen.<\/p>\n<p>Men denne rejse er mere end bare hvaler \u2013 Nuuk Fjord er et blomstrende \u00f8kosystem fyldt med mangfoldigt arktisk dyreliv. Se p\u00e5 klipperne og himlen for hav\u00f8rne, der sv\u00e6ver h\u00f8jt oppe, og deres skarpe \u00f8jne s\u00f8ger efter fisk. S\u00e6ler ses nogle gange duppe i vandet eller slappe af p\u00e5 flydende is, hvilket bidrager til magien i denne fjerntliggende vildmark. Hver tur er unik og giver et nyt perspektiv p\u00e5 Gr\u00f8nlands uber\u00f8rte natur.<\/p>\n<p><b>Midnatssol og hvaler \u2013 en betagende kombination<\/b><br \/>\nI h\u00f8js\u00e6sonen for hvalerne tilbyder et krydstogt om aftenen en oplevelse som ingen anden. Under midnatssolens gyldne sk\u00e6r forvandles det arktiske landskab til et surrealistisk dr\u00f8mmelandskab. De varme nuancer af tusm\u00f8rket reflekterer vandet og skaber den perfekte baggrund, n\u00e5r vi s\u00f8ger efter hvaler. Uanset om det er en hale, der svirper gennem det glitrende hav eller den fredelige stilhed i fjorden badet i endel\u00f8st dagslys, er dette en scene, der vil forblive hos dig l\u00e6nge efter, at din rejse slutter.<br \/>\n<\u200db>Din rejseplan:<\/b><br \/>\n&#8211; M\u00f8dested \u2013 Samles ved tidevandstrappen i Nuuk havn (Tidevandstrappen), hvor vores bes\u00e6tning byder velkommen ombord p\u00e5 vores lukkede Targa-b\u00e5d.<br \/>\n&#8211; S\u00e6t sejl \u2013 Vi afg\u00e5r fra Nuuk og sejler ind mod fjordens hjerte og lader byen st\u00e5 bagved.<br \/>\n&#8211; Efters\u00f8gningen begynder &#8211; Med ekspert\u00f8jne p\u00e5 vandet begynder vi at scanne efter pukkelhvaler, n\u00e5r de kommer til overfladen for at tr\u00e6kke vejret.<br \/>\n&#8211; M\u00f8der p\u00e5 vilde dyr &#8211; Undervejs kan vi se hav\u00f8rne, der sv\u00e6ver over eller s\u00e6ler, der bryder overfladen.<br \/>\n&#8211; N\u00e5r vi spotter hvalerne &#8211; Vi n\u00e6rmer os giganterne med lethed og slukker motoren med respekt for deres privatliv. Tr\u00e6d ud p\u00e5 d\u00e6kket og beundre vidunderne.<br \/>\n&#8211; Tilbage til Nuuk \u2013 N\u00e5r eventyret n\u00e6rmer sig sin afslutning, sejler vi tilbage mod havnen og tager de sidste \u00f8jeblikke af dette arktiske skue ind.<\/p>\n<p><b>Varighed:<\/b> 3 timer <\/p>\n<p><b>Deltagere:<\/b> Bem\u00e6rk venligst, at udflugten kun gennemf\u00f8res, hvis der er mindst 4 bookede billetter i alt. Hvis du for eksempel booker 2 billetter, skal der s\u00e6lges mindst 2 yderligere billetter til andre kunder, f\u00f8r turen kan finde sted. Der vil deltage maksimalt 6 personer. <\/p>\n<p><b>Sprog:<\/b> Guiden\/kaptajnen taler dansk, engelsk og gr\u00f8nlandsk <\/p>\n<p><b>B\u00e5dtype:<\/b> Lukket b\u00e5d <\/p>\n<p><b>Toiletforhold:<\/b> Der er toilet p\u00e5 b\u00e5den <\/p>\n<p><b>Forplejning:<\/b> Kaffe og te serveres p\u00e5 b\u00e5den <\/p>\n<p><b>Anbefalet p\u00e5kl\u00e6dning:<\/b> Varmt t\u00f8j inkl. hue og handsker hele \u00e5ret. Solbriller. Solcreme om sommeren.<\/p>\n","protected":false},"excerpt":{"rendered":"<p>Krydstogt gennem Nuuk Fjord, hvor t\u00e5rnh\u00f8je bjerge m\u00f8der iskolde vand. Se, hvordan pukkelhvaler bryder frem, et kraftfuldt indblik i Gr\u00f8nlands vilde sk\u00f8nhed.<\/p>\n","protected":false},"featured_media":46603,"comment_status":"open","ping_status":"closed","template":"","meta":{"_acf_changed":false},"product_brand":[],"product_cat":[101,170],"product_tag":[],"class_list":{"0":"post-47755","1":"product","2":"type-product","3":"status-publish","4":"has-post-thumbnail","6":"product_cat-tour","7":"product_cat-udflugt","8":"pa_dato-5922","9":"pa_dato-5923","10":"pa_dato-5921","11":"pa_dato-6042","12":"pa_dato-5890","13":"pa_dato-5916","14":"pa_dato-6066","15":"pa_dato-6017","16":"pa_dato-6071","17":"pa_dato-6075","18":"pa_dato-5993","19":"pa_dato-5936","20":"pa_dato-5947","21":"pa_dato-6047","22":"pa_dato-5932","23":"pa_dato-5895","24":"pa_dato-5952","25":"pa_dato-6056","26":"pa_dato-6020","27":"pa_dato-5948","28":"pa_dato-5933","29":"pa_dato-5949","30":"pa_dato-5966","31":"pa_dato-5882","32":"pa_dato-5925","33":"pa_dato-5953","34":"pa_dato-5965","35":"pa_dato-6051","36":"pa_dato-6030","37":"pa_dato-6087","38":"pa_dato-5954","39":"pa_dato-5880","40":"pa_dato-6022","41":"pa_dato-5937","42":"pa_dato-5964","43":"pa_dato-6023","44":"pa_dato-6024","45":"pa_dato-5931","46":"pa_dato-5926","47":"pa_dato-5955","48":"pa_dato-6062","49":"pa_dato-5930","50":"pa_dato-6025","51":"pa_dato-5883","52":"pa_dato-5929","53":"pa_dato-5928","54":"pa_dato-5888","55":"pa_dato-5924","56":"pa_dato-5946","57":"pa_dato-5889","58":"pa_dato-5958","59":"pa_dato-5938","60":"pa_dato-5963","61":"pa_dato-5980","62":"pa_dato-5977","63":"pa_dato-6002","64":"pa_dato-5961","65":"pa_dato-6060","66":"pa_dato-5939","67":"pa_dato-5918","68":"pa_dato-6026","69":"pa_dato-5990","70":"pa_dato-6061","71":"pa_dato-5940","72":"pa_dato-6003","73":"pa_dato-5957","74":"pa_dato-6074","75":"pa_dato-6081","76":"pa_dato-5942","77":"pa_dato-5943","78":"pa_dato-6078","79":"pa_dato-6028","80":"pa_dato-6088","81":"pa_dato-6094","82":"pa_dato-6089","83":"pa_dato-6073","84":"pa_tidspunkt-6154","85":"pa_tidspunkt-70","86":"pa_tidspunkt-72","87":"pa_tidspunkt-38","88":"pa_tidspunkt-40","89":"pa_tidspunkt-27","90":"pa_tidspunkt-61","91":"pa_tidspunkt-60","92":"pa_tidspunkt-426","93":"pa_tidspunkt-39","94":"pa_tidspunkt-57","95":"pa_tidspunkt-68","96":"pa_tidspunkt-110","97":"pa_tidspunkt-686","98":"pa_tidspunkt-69","99":"pa_tidspunkt-205","100":"pa_tidspunkt-770","101":"pa_tidspunkt-255","102":"pa_tidspunkt-1175","103":"pa_tidspunkt-828","104":"pa_tidspunkt-86","105":"pa_tidspunkt-80","106":"tour_location-nuuk-da","107":"tour_type-hvalsafari","108":"tour_tickettype-arctic_excursions","109":"tour_tickettype-greenland_travel_tour","110":"tour_tickettype-greenland_travel_team","111":"tour_operator-inforawarctic-com","113":"first","114":"outofstock","115":"shipping-taxable","116":"product-type-variable"},"acf":[],"yoast_head":"<!-- This site is optimized with the Yoast SEO plugin v23.6 - https:\/\/yoast.com\/wordpress\/plugins\/seo\/ -->\n<title>Arctic Excursions<\/title>\n<meta name=\"robots\" content=\"index, follow, max-snippet:-1, max-image-preview:large, max-video-preview:-1\" \/>\n<link rel=\"canonical\" href=\"https:\/\/arcticexcursions.com\/udflugter\/whale-safari-5\/\" \/>\n<meta property=\"og:locale\" content=\"da_DK\" \/>\n<meta property=\"og:type\" content=\"article\" \/>\n<meta property=\"og:title\" content=\"Hval Safari - Arctic Excursions\" \/>\n<meta property=\"og:description\" content=\"Krydstogt gennem Nuuk Fjord, hvor t\u00e5rnh\u00f8je bjerge m\u00f8der iskolde vand. Se, hvordan pukkelhvaler bryder frem, et kraftfuldt indblik i Gr\u00f8nlands vilde sk\u00f8nhed.\" \/>\n<meta property=\"og:url\" content=\"https:\/\/arcticexcursions.com\/udflugter\/whale-safari-5\/\" \/>\n<meta property=\"og:site_name\" content=\"Arctic Excursions\" \/>\n<meta property=\"article:modified_time\" content=\"2025-11-03T12:26:16+00:00\" \/>\n<meta property=\"og:image\" content=\"https:\/\/arcticexcursions.com\/wp-content\/uploads\/2025\/03\/whale-scaled.jpg\" \/>\n\t<meta property=\"og:image:width\" content=\"2560\" \/>\n\t<meta property=\"og:image:height\" content=\"1347\" \/>\n\t<meta property=\"og:image:type\" content=\"image\/jpeg\" \/>\n<meta name=\"twitter:card\" content=\"summary_large_image\" \/>\n<meta name=\"twitter:label1\" content=\"Estimeret l\u00e6setid\" \/>\n\t<meta name=\"twitter:data1\" content=\"3 minutter\" \/>\n<script type=\"application\/ld+json\" class=\"yoast-schema-graph\">{\"@context\":\"https:\/\/schema.org\",\"@graph\":[{\"@type\":\"WebPage\",\"@id\":\"https:\/\/arcticexcursions.com\/udflugter\/whale-safari-5\/\",\"url\":\"https:\/\/arcticexcursions.com\/udflugter\/whale-safari-5\/\",\"name\":\"Hval Safari - Arctic Excursions\",\"isPartOf\":{\"@id\":\"https:\/\/arcticexcursions.com\/#website\"},\"primaryImageOfPage\":{\"@id\":\"https:\/\/arcticexcursions.com\/udflugter\/whale-safari-5\/#primaryimage\"},\"image\":{\"@id\":\"https:\/\/arcticexcursions.com\/udflugter\/whale-safari-5\/#primaryimage\"},\"thumbnailUrl\":\"https:\/\/arcticexcursions.com\/wp-content\/uploads\/2025\/03\/whale-scaled.jpg\",\"datePublished\":\"2025-03-10T10:44:38+00:00\",\"dateModified\":\"2025-11-03T12:26:16+00:00\",\"breadcrumb\":{\"@id\":\"https:\/\/arcticexcursions.com\/udflugter\/whale-safari-5\/#breadcrumb\"},\"inLanguage\":\"da-DK\",\"potentialAction\":[{\"@type\":\"ReadAction\",\"target\":[\"https:\/\/arcticexcursions.com\/udflugter\/whale-safari-5\/\"]}]},{\"@type\":\"ImageObject\",\"inLanguage\":\"da-DK\",\"@id\":\"https:\/\/arcticexcursions.com\/udflugter\/whale-safari-5\/#primaryimage\",\"url\":\"https:\/\/arcticexcursions.com\/wp-content\/uploads\/2025\/03\/whale-scaled.jpg\",\"contentUrl\":\"https:\/\/arcticexcursions.com\/wp-content\/uploads\/2025\/03\/whale-scaled.jpg\",\"width\":2560,\"height\":1347},{\"@type\":\"BreadcrumbList\",\"@id\":\"https:\/\/arcticexcursions.com\/udflugter\/whale-safari-5\/#breadcrumb\",\"itemListElement\":[{\"@type\":\"ListItem\",\"position\":1,\"name\":\"Home\",\"item\":\"https:\/\/arcticexcursions.com\/da\/\"},{\"@type\":\"ListItem\",\"position\":2,\"name\":\"Udflugter i Gr\u00f8nland\",\"item\":\"https:\/\/arcticexcursions.com\/da\/udflugter\/\"},{\"@type\":\"ListItem\",\"position\":3,\"name\":\"Hval Safari\"}]},{\"@type\":\"WebSite\",\"@id\":\"https:\/\/arcticexcursions.com\/#website\",\"url\":\"https:\/\/arcticexcursions.com\/\",\"name\":\"Arctic Excursions\",\"description\":\"New adventures. Every day.\",\"publisher\":{\"@id\":\"https:\/\/arcticexcursions.com\/#organization\"},\"potentialAction\":[{\"@type\":\"SearchAction\",\"target\":{\"@type\":\"EntryPoint\",\"urlTemplate\":\"https:\/\/arcticexcursions.com\/?s={search_term_string}\"},\"query-input\":{\"@type\":\"PropertyValueSpecification\",\"valueRequired\":true,\"valueName\":\"search_term_string\"}}],\"inLanguage\":\"da-DK\"},{\"@type\":\"Organization\",\"@id\":\"https:\/\/arcticexcursions.com\/#organization\",\"name\":\"Arctic Excursions\",\"url\":\"https:\/\/arcticexcursions.com\/\",\"logo\":{\"@type\":\"ImageObject\",\"inLanguage\":\"da-DK\",\"@id\":\"https:\/\/arcticexcursions.com\/#\/schema\/logo\/image\/\",\"url\":\"https:\/\/arcticexcursions.com\/wp-content\/uploads\/2022\/11\/fb-logo.png\",\"contentUrl\":\"https:\/\/arcticexcursions.com\/wp-content\/uploads\/2022\/11\/fb-logo.png\",\"width\":523,\"height\":523,\"caption\":\"Arctic Excursions\"},\"image\":{\"@id\":\"https:\/\/arcticexcursions.com\/#\/schema\/logo\/image\/\"}}]}<\/script>\n<!-- \/ Yoast SEO plugin. -->","yoast_head_json":{"title":"Arctic Excursions","robots":{"index":"index","follow":"follow","max-snippet":"max-snippet:-1","max-image-preview":"max-image-preview:large","max-video-preview":"max-video-preview:-1"},"canonical":"https:\/\/arcticexcursions.com\/udflugter\/whale-safari-5\/","og_locale":"da_DK","og_type":"article","og_title":"Hval Safari - Arctic Excursions","og_description":"Krydstogt gennem Nuuk Fjord, hvor t\u00e5rnh\u00f8je bjerge m\u00f8der iskolde vand. Se, hvordan pukkelhvaler bryder frem, et kraftfuldt indblik i Gr\u00f8nlands vilde sk\u00f8nhed.","og_url":"https:\/\/arcticexcursions.com\/udflugter\/whale-safari-5\/","og_site_name":"Arctic Excursions","article_modified_time":"2025-11-03T12:26:16+00:00","og_image":[{"width":2560,"height":1347,"url":"https:\/\/arcticexcursions.com\/wp-content\/uploads\/2025\/03\/whale-scaled.jpg","type":"image\/jpeg"}],"twitter_card":"summary_large_image","twitter_misc":{"Estimeret l\u00e6setid":"3 minutter"},"schema":{"@context":"https:\/\/schema.org","@graph":[{"@type":"WebPage","@id":"https:\/\/arcticexcursions.com\/udflugter\/whale-safari-5\/","url":"https:\/\/arcticexcursions.com\/udflugter\/whale-safari-5\/","name":"Hval Safari - Arctic Excursions","isPartOf":{"@id":"https:\/\/arcticexcursions.com\/#website"},"primaryImageOfPage":{"@id":"https:\/\/arcticexcursions.com\/udflugter\/whale-safari-5\/#primaryimage"},"image":{"@id":"https:\/\/arcticexcursions.com\/udflugter\/whale-safari-5\/#primaryimage"},"thumbnailUrl":"https:\/\/arcticexcursions.com\/wp-content\/uploads\/2025\/03\/whale-scaled.jpg","datePublished":"2025-03-10T10:44:38+00:00","dateModified":"2025-11-03T12:26:16+00:00","breadcrumb":{"@id":"https:\/\/arcticexcursions.com\/udflugter\/whale-safari-5\/#breadcrumb"},"inLanguage":"da-DK","potentialAction":[{"@type":"ReadAction","target":["https:\/\/arcticexcursions.com\/udflugter\/whale-safari-5\/"]}]},{"@type":"ImageObject","inLanguage":"da-DK","@id":"https:\/\/arcticexcursions.com\/udflugter\/whale-safari-5\/#primaryimage","url":"https:\/\/arcticexcursions.com\/wp-content\/uploads\/2025\/03\/whale-scaled.jpg","contentUrl":"https:\/\/arcticexcursions.com\/wp-content\/uploads\/2025\/03\/whale-scaled.jpg","width":2560,"height":1347},{"@type":"BreadcrumbList","@id":"https:\/\/arcticexcursions.com\/udflugter\/whale-safari-5\/#breadcrumb","itemListElement":[{"@type":"ListItem","position":1,"name":"Home","item":"https:\/\/arcticexcursions.com\/da\/"},{"@type":"ListItem","position":2,"name":"Udflugter i Gr\u00f8nland","item":"https:\/\/arcticexcursions.com\/da\/udflugter\/"},{"@type":"ListItem","position":3,"name":"Hval Safari"}]},{"@type":"WebSite","@id":"https:\/\/arcticexcursions.com\/#website","url":"https:\/\/arcticexcursions.com\/","name":"Arctic Excursions","description":"New adventures. Every day.","publisher":{"@id":"https:\/\/arcticexcursions.com\/#organization"},"potentialAction":[{"@type":"SearchAction","target":{"@type":"EntryPoint","urlTemplate":"https:\/\/arcticexcursions.com\/?s={search_term_string}"},"query-input":{"@type":"PropertyValueSpecification","valueRequired":true,"valueName":"search_term_string"}}],"inLanguage":"da-DK"},{"@type":"Organization","@id":"https:\/\/arcticexcursions.com\/#organization","name":"Arctic Excursions","url":"https:\/\/arcticexcursions.com\/","logo":{"@type":"ImageObject","inLanguage":"da-DK","@id":"https:\/\/arcticexcursions.com\/#\/schema\/logo\/image\/","url":"https:\/\/arcticexcursions.com\/wp-content\/uploads\/2022\/11\/fb-logo.png","contentUrl":"https:\/\/arcticexcursions.com\/wp-content\/uploads\/2022\/11\/fb-logo.png","width":523,"height":523,"caption":"Arctic Excursions"},"image":{"@id":"https:\/\/arcticexcursions.com\/#\/schema\/logo\/image\/"}}]}},"_links":{"self":[{"href":"https:\/\/arcticexcursions.com\/da\/wp-json\/wp\/v2\/product\/47755"}],"collection":[{"href":"https:\/\/arcticexcursions.com\/da\/wp-json\/wp\/v2\/product"}],"about":[{"href":"https:\/\/arcticexcursions.com\/da\/wp-json\/wp\/v2\/types\/product"}],"replies":[{"embeddable":true,"href":"https:\/\/arcticexcursions.com\/da\/wp-json\/wp\/v2\/comments?post=47755"}],"wp:featuredmedia":[{"embeddable":true,"href":"https:\/\/arcticexcursions.com\/da\/wp-json\/wp\/v2\/media\/46603"}],"wp:attachment":[{"href":"https:\/\/arcticexcursions.com\/da\/wp-json\/wp\/v2\/media?parent=47755"}],"wp:term":[{"taxonomy":"product_brand","embeddable":true,"href":"https:\/\/arcticexcursions.com\/da\/wp-json\/wp\/v2\/product_brand?post=47755"},{"taxonomy":"product_cat","embeddable":true,"href":"https:\/\/arcticexcursions.com\/da\/wp-json\/wp\/v2\/product_cat?post=47755"},{"taxonomy":"product_tag","embeddable":true,"href":"https:\/\/arcticexcursions.com\/da\/wp-json\/wp\/v2\/product_tag?post=47755"}],"curies":[{"name":"wp","href":"https:\/\/api.w.org\/{rel}","templated":true}]}}