{"id":49032,"date":"2025-04-01T20:00:06","date_gmt":"2025-04-01T18:00:06","guid":{"rendered":"https:\/\/arcticexcursions.com\/?post_type=product&#038;p=49032"},"modified":"2025-11-04T16:11:46","modified_gmt":"2025-11-04T14:11:46","slug":"master-explorer","status":"publish","type":"product","link":"https:\/\/arcticexcursions.com\/da\/udflugter\/master-explorer\/","title":{"rendered":"Master Explorer, 1time 40 min."},"content":{"rendered":"<p>Efter opstigningen over gletsjeren forts\u00e6tter vi flyveturen sydp\u00e5 over iskappen mod UNESCO-omr\u00e5det og Sermeq Kujalleq. Vi f\u00f8lger derefter isfjorden hele vejen ud til bugten. Ved udmundingen af isfjorden afslutter vi eventyret med hvalkig og udsigt til de gigantiske isbjerge samt byen Ilulissat.<\/p>\n<p><b>Varighed:<\/b> ca. 1time og 40 minutter<\/p>\n<p><b>Deltagere:<\/b> Bem\u00e6rk venligst, at udflugten kun finder sted, hvis der i alt er booket mindst 4 billetter. For eksempel, hvis du booker 2 billetter, skal der s\u00e6lges mindst 2 yderligere billetter til andre kunder, for at turen kan gennemf\u00f8res. Der deltager maksimalt 5 personer (eller 400 kg).<\/p>\n<p><b>Praktisk info:<\/b> Piloten bestemmer siddepladserne ud fra en sikkerhedsvurdering.<\/p>\n<p><b>Bem\u00e6rk venligst:<\/b> Vi beder dig venligst oplyse din v\u00e6gt i kommentarfeltet ved bestilling p\u00e5 betalingssiden.<\/p>\n<p><b>Anbefalet p\u00e5kl\u00e6dning:<\/b> Varmt t\u00f8j inkl. hue og handsker \u00e5ret rundt. Solbriller. Solcreme om sommeren.<\/p>\n<p><b>Sprog:<\/b> Piloten taler dansk og engelsk.<\/p>\n<p><b>Bem\u00e6rk venligst:<\/b> Uden for lufthavnens \u00e5bningstider (mandag\u2013l\u00f8rdag kl. 08.00\u201317.00) opkr\u00e6ves et \u00e5bningsgebyr p\u00e5 650 DKK.<\/p>\n","protected":false},"excerpt":{"rendered":"<p>Denne tur tager dig til Eqi-gletsjeren, popul\u00e6rt kendt som \u201cDen K\u00e6lvende Gletsjer\u201d. Som den eneste gletsjer n\u00e6r Ilulissat, der kan n\u00e5s med b\u00e5d, g\u00f8r den skarpe kontrast mellem havet og den h\u00f8je isv\u00e6g ved gletsjerfronten denne gletsjer helt unik.<\/p>\n","protected":false},"featured_media":51539,"comment_status":"open","ping_status":"closed","template":"","meta":{"_acf_changed":false},"product_brand":[],"product_cat":[101,170],"product_tag":[],"class_list":{"0":"post-49032","1":"product","2":"type-product","3":"status-publish","4":"has-post-thumbnail","6":"product_cat-tour","7":"product_cat-udflugt","8":"pa_dato-1370","9":"pa_dato-6010","10":"pa_dato-6086","11":"pa_dato-6031","12":"pa_dato-5950","13":"pa_dato-6107","14":"pa_dato-6103","15":"pa_dato-6040","16":"pa_dato-6041","17":"pa_tidspunkt-70","18":"pa_tidspunkt-72","19":"pa_tidspunkt-40","20":"pa_tidspunkt-304","21":"pa_tidspunkt-177","22":"pa_tidspunkt-314","23":"pa_tidspunkt-308","24":"pa_tidspunkt-61","25":"tour_location-ilulissat-da","26":"tour_type-flightseeing","27":"tour_tickettype-arctic_excursions","28":"tour_operator-airzafari","30":"first","31":"outofstock","32":"shipping-taxable","33":"product-type-variable"},"acf":[],"yoast_head":"<!-- This site is optimized with the Yoast SEO plugin v23.6 - https:\/\/yoast.com\/wordpress\/plugins\/seo\/ -->\n<title>Arctic Excursions<\/title>\n<meta name=\"robots\" content=\"index, follow, max-snippet:-1, max-image-preview:large, max-video-preview:-1\" \/>\n<link rel=\"canonical\" href=\"https:\/\/arcticexcursions.com\/udflugter\/master-explorer\/\" \/>\n<meta property=\"og:locale\" content=\"da_DK\" \/>\n<meta property=\"og:type\" content=\"article\" \/>\n<meta property=\"og:title\" content=\"Master Explorer, 1time 40 min. - Arctic Excursions\" \/>\n<meta property=\"og:description\" content=\"Denne tur tager dig til Eqi-gletsjeren, popul\u00e6rt kendt som \u201cDen K\u00e6lvende Gletsjer\u201d. Som den eneste gletsjer n\u00e6r Ilulissat, der kan n\u00e5s med b\u00e5d, g\u00f8r den skarpe kontrast mellem havet og den h\u00f8je isv\u00e6g ved gletsjerfronten denne gletsjer helt unik.\" \/>\n<meta property=\"og:url\" content=\"https:\/\/arcticexcursions.com\/udflugter\/master-explorer\/\" \/>\n<meta property=\"og:site_name\" content=\"Arctic Excursions\" \/>\n<meta property=\"article:modified_time\" content=\"2025-11-04T14:11:46+00:00\" \/>\n<meta property=\"og:image\" content=\"https:\/\/arcticexcursions.com\/wp-content\/uploads\/2025\/04\/e77391f8-c1e1-46d2-8a63-3ee29a359f00.webp\" \/>\n\t<meta property=\"og:image:width\" content=\"1536\" \/>\n\t<meta property=\"og:image:height\" content=\"1920\" \/>\n\t<meta property=\"og:image:type\" content=\"image\/webp\" \/>\n<meta name=\"twitter:card\" content=\"summary_large_image\" \/>\n<meta name=\"twitter:label1\" content=\"Estimeret l\u00e6setid\" \/>\n\t<meta name=\"twitter:data1\" content=\"1 minut\" \/>\n<script type=\"application\/ld+json\" class=\"yoast-schema-graph\">{\"@context\":\"https:\/\/schema.org\",\"@graph\":[{\"@type\":\"WebPage\",\"@id\":\"https:\/\/arcticexcursions.com\/udflugter\/master-explorer\/\",\"url\":\"https:\/\/arcticexcursions.com\/udflugter\/master-explorer\/\",\"name\":\"Master Explorer, 1time 40 min. - Arctic Excursions\",\"isPartOf\":{\"@id\":\"https:\/\/arcticexcursions.com\/#website\"},\"primaryImageOfPage\":{\"@id\":\"https:\/\/arcticexcursions.com\/udflugter\/master-explorer\/#primaryimage\"},\"image\":{\"@id\":\"https:\/\/arcticexcursions.com\/udflugter\/master-explorer\/#primaryimage\"},\"thumbnailUrl\":\"https:\/\/arcticexcursions.com\/wp-content\/uploads\/2025\/04\/e77391f8-c1e1-46d2-8a63-3ee29a359f00.webp\",\"datePublished\":\"2025-04-01T18:00:06+00:00\",\"dateModified\":\"2025-11-04T14:11:46+00:00\",\"breadcrumb\":{\"@id\":\"https:\/\/arcticexcursions.com\/udflugter\/master-explorer\/#breadcrumb\"},\"inLanguage\":\"da-DK\",\"potentialAction\":[{\"@type\":\"ReadAction\",\"target\":[\"https:\/\/arcticexcursions.com\/udflugter\/master-explorer\/\"]}]},{\"@type\":\"ImageObject\",\"inLanguage\":\"da-DK\",\"@id\":\"https:\/\/arcticexcursions.com\/udflugter\/master-explorer\/#primaryimage\",\"url\":\"https:\/\/arcticexcursions.com\/wp-content\/uploads\/2025\/04\/e77391f8-c1e1-46d2-8a63-3ee29a359f00.webp\",\"contentUrl\":\"https:\/\/arcticexcursions.com\/wp-content\/uploads\/2025\/04\/e77391f8-c1e1-46d2-8a63-3ee29a359f00.webp\",\"width\":1536,\"height\":1920},{\"@type\":\"BreadcrumbList\",\"@id\":\"https:\/\/arcticexcursions.com\/udflugter\/master-explorer\/#breadcrumb\",\"itemListElement\":[{\"@type\":\"ListItem\",\"position\":1,\"name\":\"Home\",\"item\":\"https:\/\/arcticexcursions.com\/da\/\"},{\"@type\":\"ListItem\",\"position\":2,\"name\":\"Udflugter i Gr\u00f8nland\",\"item\":\"https:\/\/arcticexcursions.com\/da\/udflugter\/\"},{\"@type\":\"ListItem\",\"position\":3,\"name\":\"Master Explorer, 1time 40 min.\"}]},{\"@type\":\"WebSite\",\"@id\":\"https:\/\/arcticexcursions.com\/#website\",\"url\":\"https:\/\/arcticexcursions.com\/\",\"name\":\"Arctic Excursions\",\"description\":\"New adventures. Every day.\",\"publisher\":{\"@id\":\"https:\/\/arcticexcursions.com\/#organization\"},\"potentialAction\":[{\"@type\":\"SearchAction\",\"target\":{\"@type\":\"EntryPoint\",\"urlTemplate\":\"https:\/\/arcticexcursions.com\/?s={search_term_string}\"},\"query-input\":{\"@type\":\"PropertyValueSpecification\",\"valueRequired\":true,\"valueName\":\"search_term_string\"}}],\"inLanguage\":\"da-DK\"},{\"@type\":\"Organization\",\"@id\":\"https:\/\/arcticexcursions.com\/#organization\",\"name\":\"Arctic Excursions\",\"url\":\"https:\/\/arcticexcursions.com\/\",\"logo\":{\"@type\":\"ImageObject\",\"inLanguage\":\"da-DK\",\"@id\":\"https:\/\/arcticexcursions.com\/#\/schema\/logo\/image\/\",\"url\":\"https:\/\/arcticexcursions.com\/wp-content\/uploads\/2022\/11\/fb-logo.png\",\"contentUrl\":\"https:\/\/arcticexcursions.com\/wp-content\/uploads\/2022\/11\/fb-logo.png\",\"width\":523,\"height\":523,\"caption\":\"Arctic Excursions\"},\"image\":{\"@id\":\"https:\/\/arcticexcursions.com\/#\/schema\/logo\/image\/\"}}]}<\/script>\n<!-- \/ Yoast SEO plugin. -->","yoast_head_json":{"title":"Arctic Excursions","robots":{"index":"index","follow":"follow","max-snippet":"max-snippet:-1","max-image-preview":"max-image-preview:large","max-video-preview":"max-video-preview:-1"},"canonical":"https:\/\/arcticexcursions.com\/udflugter\/master-explorer\/","og_locale":"da_DK","og_type":"article","og_title":"Master Explorer, 1time 40 min. - Arctic Excursions","og_description":"Denne tur tager dig til Eqi-gletsjeren, popul\u00e6rt kendt som \u201cDen K\u00e6lvende Gletsjer\u201d. Som den eneste gletsjer n\u00e6r Ilulissat, der kan n\u00e5s med b\u00e5d, g\u00f8r den skarpe kontrast mellem havet og den h\u00f8je isv\u00e6g ved gletsjerfronten denne gletsjer helt unik.","og_url":"https:\/\/arcticexcursions.com\/udflugter\/master-explorer\/","og_site_name":"Arctic Excursions","article_modified_time":"2025-11-04T14:11:46+00:00","og_image":[{"width":1536,"height":1920,"url":"https:\/\/arcticexcursions.com\/wp-content\/uploads\/2025\/04\/e77391f8-c1e1-46d2-8a63-3ee29a359f00.webp","type":"image\/webp"}],"twitter_card":"summary_large_image","twitter_misc":{"Estimeret l\u00e6setid":"1 minut"},"schema":{"@context":"https:\/\/schema.org","@graph":[{"@type":"WebPage","@id":"https:\/\/arcticexcursions.com\/udflugter\/master-explorer\/","url":"https:\/\/arcticexcursions.com\/udflugter\/master-explorer\/","name":"Master Explorer, 1time 40 min. - Arctic Excursions","isPartOf":{"@id":"https:\/\/arcticexcursions.com\/#website"},"primaryImageOfPage":{"@id":"https:\/\/arcticexcursions.com\/udflugter\/master-explorer\/#primaryimage"},"image":{"@id":"https:\/\/arcticexcursions.com\/udflugter\/master-explorer\/#primaryimage"},"thumbnailUrl":"https:\/\/arcticexcursions.com\/wp-content\/uploads\/2025\/04\/e77391f8-c1e1-46d2-8a63-3ee29a359f00.webp","datePublished":"2025-04-01T18:00:06+00:00","dateModified":"2025-11-04T14:11:46+00:00","breadcrumb":{"@id":"https:\/\/arcticexcursions.com\/udflugter\/master-explorer\/#breadcrumb"},"inLanguage":"da-DK","potentialAction":[{"@type":"ReadAction","target":["https:\/\/arcticexcursions.com\/udflugter\/master-explorer\/"]}]},{"@type":"ImageObject","inLanguage":"da-DK","@id":"https:\/\/arcticexcursions.com\/udflugter\/master-explorer\/#primaryimage","url":"https:\/\/arcticexcursions.com\/wp-content\/uploads\/2025\/04\/e77391f8-c1e1-46d2-8a63-3ee29a359f00.webp","contentUrl":"https:\/\/arcticexcursions.com\/wp-content\/uploads\/2025\/04\/e77391f8-c1e1-46d2-8a63-3ee29a359f00.webp","width":1536,"height":1920},{"@type":"BreadcrumbList","@id":"https:\/\/arcticexcursions.com\/udflugter\/master-explorer\/#breadcrumb","itemListElement":[{"@type":"ListItem","position":1,"name":"Home","item":"https:\/\/arcticexcursions.com\/da\/"},{"@type":"ListItem","position":2,"name":"Udflugter i Gr\u00f8nland","item":"https:\/\/arcticexcursions.com\/da\/udflugter\/"},{"@type":"ListItem","position":3,"name":"Master Explorer, 1time 40 min."}]},{"@type":"WebSite","@id":"https:\/\/arcticexcursions.com\/#website","url":"https:\/\/arcticexcursions.com\/","name":"Arctic Excursions","description":"New adventures. Every day.","publisher":{"@id":"https:\/\/arcticexcursions.com\/#organization"},"potentialAction":[{"@type":"SearchAction","target":{"@type":"EntryPoint","urlTemplate":"https:\/\/arcticexcursions.com\/?s={search_term_string}"},"query-input":{"@type":"PropertyValueSpecification","valueRequired":true,"valueName":"search_term_string"}}],"inLanguage":"da-DK"},{"@type":"Organization","@id":"https:\/\/arcticexcursions.com\/#organization","name":"Arctic Excursions","url":"https:\/\/arcticexcursions.com\/","logo":{"@type":"ImageObject","inLanguage":"da-DK","@id":"https:\/\/arcticexcursions.com\/#\/schema\/logo\/image\/","url":"https:\/\/arcticexcursions.com\/wp-content\/uploads\/2022\/11\/fb-logo.png","contentUrl":"https:\/\/arcticexcursions.com\/wp-content\/uploads\/2022\/11\/fb-logo.png","width":523,"height":523,"caption":"Arctic Excursions"},"image":{"@id":"https:\/\/arcticexcursions.com\/#\/schema\/logo\/image\/"}}]}},"_links":{"self":[{"href":"https:\/\/arcticexcursions.com\/da\/wp-json\/wp\/v2\/product\/49032"}],"collection":[{"href":"https:\/\/arcticexcursions.com\/da\/wp-json\/wp\/v2\/product"}],"about":[{"href":"https:\/\/arcticexcursions.com\/da\/wp-json\/wp\/v2\/types\/product"}],"replies":[{"embeddable":true,"href":"https:\/\/arcticexcursions.com\/da\/wp-json\/wp\/v2\/comments?post=49032"}],"wp:featuredmedia":[{"embeddable":true,"href":"https:\/\/arcticexcursions.com\/da\/wp-json\/wp\/v2\/media\/51539"}],"wp:attachment":[{"href":"https:\/\/arcticexcursions.com\/da\/wp-json\/wp\/v2\/media?parent=49032"}],"wp:term":[{"taxonomy":"product_brand","embeddable":true,"href":"https:\/\/arcticexcursions.com\/da\/wp-json\/wp\/v2\/product_brand?post=49032"},{"taxonomy":"product_cat","embeddable":true,"href":"https:\/\/arcticexcursions.com\/da\/wp-json\/wp\/v2\/product_cat?post=49032"},{"taxonomy":"product_tag","embeddable":true,"href":"https:\/\/arcticexcursions.com\/da\/wp-json\/wp\/v2\/product_tag?post=49032"}],"curies":[{"name":"wp","href":"https:\/\/api.w.org\/{rel}","templated":true}]}}