{"id":5027,"date":"2022-12-13T12:37:11","date_gmt":"2022-12-13T10:37:11","guid":{"rendered":"https:\/\/arcticexcursions.com\/?post_type=product&#038;p=5027"},"modified":"2025-11-03T18:45:09","modified_gmt":"2025-11-03T16:45:09","slug":"nordlystur-2","status":"publish","type":"product","link":"https:\/\/arcticexcursions.com\/da\/udflugter\/nordlystur-2\/","title":{"rendered":"Nordlystur"},"content":{"rendered":"<p>Tag med os p\u00e5 en nordlystur ude i havet, hvor m\u00f8rket virkelig kan m\u00e6rkes og nordlyses farver er meget mere tydlige. <\/p>\n<p>Nordlyset er en naturligt f\u00e6nomen og derfor kan det v\u00e6re sv\u00e6rt at forudsige hvorn\u00e5r de dukker op i himlen. Men klar himmel og m\u00f8rke er gode foruds\u00e6tninger for nordlys. <\/p>\n<p>Derfor kan vi ikke garantere, at man f\u00e5r oplevet nordlys p\u00e5 denne b\u00e5dtur. <\/p>\n<p>Hvis der er overskyet kan vi v\u00e6re n\u00f8dt til at annullere turen i sidste \u00f8jeblik. Det er derfor vigtigt at f\u00f8lge med vejret i l\u00f8bet af dagen. <\/p>\n<p>Der er toilet ombord p\u00e5 b\u00e5den.<\/p>\n<p><b>Varighed:<\/b> 3 timer<\/p>\n<p><b>Deltagere:<\/b> Bem\u00e6rk venligst, at udflugten kun gennemf\u00f8res, hvis der er mindst 4 bookede billetter i alt. Hvis du for eksempel booker 2 billetter, skal der s\u00e6lges mindst 2 yderligere billetter til andre kunder, f\u00f8r turen kan finde sted. Der vil deltage maksimalt 8 personer. <\/p>\n<p><b>Chance for nordlys:<\/b> Hvis det vurderes usandsynligt, at vi f\u00e5r nordlyset at se, ombookes eller aflyses turen. <\/p>\n<p><b>Sprog:<\/b> Guiden\/kaptajnen taler dansk, engelsk og gr\u00f8nlandsk <\/p>\n<p><b>Transporttype:<\/b> Lukket b\u00e5d <\/p>\n<p><b>Toiletforhold:<\/b> Der er toilet p\u00e5 b\u00e5den <\/p>\n<p><b>Forplejning:<\/b> Kaffe og te serveres p\u00e5 b\u00e5den <\/p>\n<p><b>Anbefalet p\u00e5kl\u00e6dning:<\/b> Varmt t\u00f8j inkl. hue og handsker hele \u00e5ret.<\/p>\n","protected":false},"excerpt":{"rendered":"<p>Kom med p\u00e5 den perfekte m\u00e5de at opleve nordlyset p\u00e5, v\u00e6k fra alt gadelys p\u00e5 en b\u00e5d uge i det \u00e5bne hav.<\/p>\n","protected":false},"featured_media":5021,"comment_status":"open","ping_status":"closed","template":"","meta":{"_acf_changed":false},"product_brand":[],"product_cat":[170],"product_tag":[],"class_list":{"0":"post-5027","1":"product","2":"type-product","3":"status-publish","4":"has-post-thumbnail","6":"product_cat-udflugt","7":"pa_dato-369","8":"pa_dato-344","9":"pa_dato-979","10":"pa_dato-916","11":"pa_dato-925","12":"pa_dato-790","13":"pa_dato-980","14":"pa_dato-914","15":"pa_dato-841","16":"pa_dato-794","17":"pa_dato-982","18":"pa_dato-802","19":"pa_dato-1069","20":"pa_dato-803","21":"pa_dato-940","22":"pa_dato-985","23":"pa_dato-1165","24":"pa_dato-941","25":"pa_dato-942","26":"pa_dato-943","27":"pa_dato-911","28":"pa_dato-1166","29":"pa_dato-1077","30":"pa_dato-1167","31":"pa_dato-810","32":"pa_dato-811","33":"pa_dato-812","34":"pa_dato-813","35":"pa_dato-814","36":"pa_dato-903","37":"pa_dato-905","38":"pa_dato-815","39":"pa_dato-816","40":"pa_dato-944","41":"pa_dato-907","42":"pa_dato-906","43":"pa_dato-854","44":"pa_dato-869","45":"pa_dato-946","46":"pa_dato-1145","47":"pa_dato-945","48":"pa_dato-1169","49":"pa_dato-1055","50":"pa_dato-1057","51":"pa_dato-1143","52":"pa_dato-1132","53":"pa_dato-1185","54":"pa_dato-1146","55":"pa_dato-1161","56":"pa_dato-1198","57":"pa_dato-1207","58":"pa_dato-1251","59":"pa_dato-1149","60":"pa_dato-1254","61":"pa_dato-1255","62":"pa_dato-1256","63":"pa_dato-1238","64":"pa_dato-1243","65":"pa_dato-6004","66":"pa_dato-1267","67":"pa_dato-1352","68":"pa_dato-1268","69":"pa_dato-1391","70":"pa_dato-6012","71":"pa_tidspunkt-205","72":"pa_tidspunkt-255","73":"pa_tidspunkt-86","74":"pa_tidspunkt-231","75":"tour_location-nuuk-da","76":"tour_type-baadture","77":"tour_tickettype-arctic_excursions","78":"tour_operator-nuuk-water-taxi","80":"first","81":"outofstock","82":"shipping-taxable","83":"product-type-variable"},"acf":[],"yoast_head":"<!-- This site is optimized with the Yoast SEO plugin v23.6 - https:\/\/yoast.com\/wordpress\/plugins\/seo\/ -->\n<title>Arctic Excursions<\/title>\n<meta name=\"robots\" content=\"index, follow, max-snippet:-1, max-image-preview:large, max-video-preview:-1\" \/>\n<link rel=\"canonical\" href=\"https:\/\/arcticexcursions.com\/udflugter\/nordlystur\/\" \/>\n<meta property=\"og:locale\" content=\"da_DK\" \/>\n<meta property=\"og:type\" content=\"article\" \/>\n<meta property=\"og:title\" content=\"Nordlystur - Arctic Excursions\" \/>\n<meta property=\"og:description\" content=\"Kom med p\u00e5 den perfekte m\u00e5de at opleve nordlyset p\u00e5, v\u00e6k fra alt gadelys p\u00e5 en b\u00e5d uge i det \u00e5bne hav.\" \/>\n<meta property=\"og:url\" content=\"https:\/\/arcticexcursions.com\/udflugter\/nordlystur\/\" \/>\n<meta property=\"og:site_name\" content=\"Arctic Excursions\" \/>\n<meta property=\"article:modified_time\" content=\"2025-11-03T16:45:09+00:00\" \/>\n<meta property=\"og:image\" content=\"https:\/\/arcticexcursions.com\/wp-content\/uploads\/2022\/11\/Kapisillit-september-Lasse-Kyed-2037-scaled.jpg\" \/>\n\t<meta property=\"og:image:width\" content=\"2560\" \/>\n\t<meta property=\"og:image:height\" content=\"1707\" \/>\n\t<meta property=\"og:image:type\" content=\"image\/jpeg\" \/>\n<meta name=\"twitter:card\" content=\"summary_large_image\" \/>\n<meta name=\"twitter:label1\" content=\"Estimeret l\u00e6setid\" \/>\n\t<meta name=\"twitter:data1\" content=\"1 minut\" \/>\n<script type=\"application\/ld+json\" class=\"yoast-schema-graph\">{\"@context\":\"https:\/\/schema.org\",\"@graph\":[{\"@type\":\"WebPage\",\"@id\":\"https:\/\/arcticexcursions.com\/udflugter\/nordlystur\/\",\"url\":\"https:\/\/arcticexcursions.com\/udflugter\/nordlystur\/\",\"name\":\"Nordlystur - Arctic Excursions\",\"isPartOf\":{\"@id\":\"https:\/\/arcticexcursions.com\/#website\"},\"primaryImageOfPage\":{\"@id\":\"https:\/\/arcticexcursions.com\/udflugter\/nordlystur\/#primaryimage\"},\"image\":{\"@id\":\"https:\/\/arcticexcursions.com\/udflugter\/nordlystur\/#primaryimage\"},\"thumbnailUrl\":\"https:\/\/arcticexcursions.com\/wp-content\/uploads\/2022\/11\/Kapisillit-september-Lasse-Kyed-2037-scaled.jpg\",\"datePublished\":\"2022-12-13T10:37:11+00:00\",\"dateModified\":\"2025-11-03T16:45:09+00:00\",\"breadcrumb\":{\"@id\":\"https:\/\/arcticexcursions.com\/udflugter\/nordlystur\/#breadcrumb\"},\"inLanguage\":\"da-DK\",\"potentialAction\":[{\"@type\":\"ReadAction\",\"target\":[\"https:\/\/arcticexcursions.com\/udflugter\/nordlystur\/\"]}]},{\"@type\":\"ImageObject\",\"inLanguage\":\"da-DK\",\"@id\":\"https:\/\/arcticexcursions.com\/udflugter\/nordlystur\/#primaryimage\",\"url\":\"https:\/\/arcticexcursions.com\/wp-content\/uploads\/2022\/11\/Kapisillit-september-Lasse-Kyed-2037-scaled.jpg\",\"contentUrl\":\"https:\/\/arcticexcursions.com\/wp-content\/uploads\/2022\/11\/Kapisillit-september-Lasse-Kyed-2037-scaled.jpg\",\"width\":2560,\"height\":1707},{\"@type\":\"BreadcrumbList\",\"@id\":\"https:\/\/arcticexcursions.com\/udflugter\/nordlystur\/#breadcrumb\",\"itemListElement\":[{\"@type\":\"ListItem\",\"position\":1,\"name\":\"Home\",\"item\":\"https:\/\/arcticexcursions.com\/da\/\"},{\"@type\":\"ListItem\",\"position\":2,\"name\":\"Udflugter i Gr\u00f8nland\",\"item\":\"https:\/\/arcticexcursions.com\/da\/udflugter\/\"},{\"@type\":\"ListItem\",\"position\":3,\"name\":\"Nordlystur\"}]},{\"@type\":\"WebSite\",\"@id\":\"https:\/\/arcticexcursions.com\/#website\",\"url\":\"https:\/\/arcticexcursions.com\/\",\"name\":\"Arctic Excursions\",\"description\":\"New adventures. Every day.\",\"publisher\":{\"@id\":\"https:\/\/arcticexcursions.com\/#organization\"},\"potentialAction\":[{\"@type\":\"SearchAction\",\"target\":{\"@type\":\"EntryPoint\",\"urlTemplate\":\"https:\/\/arcticexcursions.com\/?s={search_term_string}\"},\"query-input\":{\"@type\":\"PropertyValueSpecification\",\"valueRequired\":true,\"valueName\":\"search_term_string\"}}],\"inLanguage\":\"da-DK\"},{\"@type\":\"Organization\",\"@id\":\"https:\/\/arcticexcursions.com\/#organization\",\"name\":\"Arctic Excursions\",\"url\":\"https:\/\/arcticexcursions.com\/\",\"logo\":{\"@type\":\"ImageObject\",\"inLanguage\":\"da-DK\",\"@id\":\"https:\/\/arcticexcursions.com\/#\/schema\/logo\/image\/\",\"url\":\"https:\/\/arcticexcursions.com\/wp-content\/uploads\/2022\/11\/fb-logo.png\",\"contentUrl\":\"https:\/\/arcticexcursions.com\/wp-content\/uploads\/2022\/11\/fb-logo.png\",\"width\":523,\"height\":523,\"caption\":\"Arctic Excursions\"},\"image\":{\"@id\":\"https:\/\/arcticexcursions.com\/#\/schema\/logo\/image\/\"}}]}<\/script>\n<!-- \/ Yoast SEO plugin. -->","yoast_head_json":{"title":"Arctic Excursions","robots":{"index":"index","follow":"follow","max-snippet":"max-snippet:-1","max-image-preview":"max-image-preview:large","max-video-preview":"max-video-preview:-1"},"canonical":"https:\/\/arcticexcursions.com\/udflugter\/nordlystur\/","og_locale":"da_DK","og_type":"article","og_title":"Nordlystur - Arctic Excursions","og_description":"Kom med p\u00e5 den perfekte m\u00e5de at opleve nordlyset p\u00e5, v\u00e6k fra alt gadelys p\u00e5 en b\u00e5d uge i det \u00e5bne hav.","og_url":"https:\/\/arcticexcursions.com\/udflugter\/nordlystur\/","og_site_name":"Arctic Excursions","article_modified_time":"2025-11-03T16:45:09+00:00","og_image":[{"width":2560,"height":1707,"url":"https:\/\/arcticexcursions.com\/wp-content\/uploads\/2022\/11\/Kapisillit-september-Lasse-Kyed-2037-scaled.jpg","type":"image\/jpeg"}],"twitter_card":"summary_large_image","twitter_misc":{"Estimeret l\u00e6setid":"1 minut"},"schema":{"@context":"https:\/\/schema.org","@graph":[{"@type":"WebPage","@id":"https:\/\/arcticexcursions.com\/udflugter\/nordlystur\/","url":"https:\/\/arcticexcursions.com\/udflugter\/nordlystur\/","name":"Nordlystur - Arctic Excursions","isPartOf":{"@id":"https:\/\/arcticexcursions.com\/#website"},"primaryImageOfPage":{"@id":"https:\/\/arcticexcursions.com\/udflugter\/nordlystur\/#primaryimage"},"image":{"@id":"https:\/\/arcticexcursions.com\/udflugter\/nordlystur\/#primaryimage"},"thumbnailUrl":"https:\/\/arcticexcursions.com\/wp-content\/uploads\/2022\/11\/Kapisillit-september-Lasse-Kyed-2037-scaled.jpg","datePublished":"2022-12-13T10:37:11+00:00","dateModified":"2025-11-03T16:45:09+00:00","breadcrumb":{"@id":"https:\/\/arcticexcursions.com\/udflugter\/nordlystur\/#breadcrumb"},"inLanguage":"da-DK","potentialAction":[{"@type":"ReadAction","target":["https:\/\/arcticexcursions.com\/udflugter\/nordlystur\/"]}]},{"@type":"ImageObject","inLanguage":"da-DK","@id":"https:\/\/arcticexcursions.com\/udflugter\/nordlystur\/#primaryimage","url":"https:\/\/arcticexcursions.com\/wp-content\/uploads\/2022\/11\/Kapisillit-september-Lasse-Kyed-2037-scaled.jpg","contentUrl":"https:\/\/arcticexcursions.com\/wp-content\/uploads\/2022\/11\/Kapisillit-september-Lasse-Kyed-2037-scaled.jpg","width":2560,"height":1707},{"@type":"BreadcrumbList","@id":"https:\/\/arcticexcursions.com\/udflugter\/nordlystur\/#breadcrumb","itemListElement":[{"@type":"ListItem","position":1,"name":"Home","item":"https:\/\/arcticexcursions.com\/da\/"},{"@type":"ListItem","position":2,"name":"Udflugter i Gr\u00f8nland","item":"https:\/\/arcticexcursions.com\/da\/udflugter\/"},{"@type":"ListItem","position":3,"name":"Nordlystur"}]},{"@type":"WebSite","@id":"https:\/\/arcticexcursions.com\/#website","url":"https:\/\/arcticexcursions.com\/","name":"Arctic Excursions","description":"New adventures. Every day.","publisher":{"@id":"https:\/\/arcticexcursions.com\/#organization"},"potentialAction":[{"@type":"SearchAction","target":{"@type":"EntryPoint","urlTemplate":"https:\/\/arcticexcursions.com\/?s={search_term_string}"},"query-input":{"@type":"PropertyValueSpecification","valueRequired":true,"valueName":"search_term_string"}}],"inLanguage":"da-DK"},{"@type":"Organization","@id":"https:\/\/arcticexcursions.com\/#organization","name":"Arctic Excursions","url":"https:\/\/arcticexcursions.com\/","logo":{"@type":"ImageObject","inLanguage":"da-DK","@id":"https:\/\/arcticexcursions.com\/#\/schema\/logo\/image\/","url":"https:\/\/arcticexcursions.com\/wp-content\/uploads\/2022\/11\/fb-logo.png","contentUrl":"https:\/\/arcticexcursions.com\/wp-content\/uploads\/2022\/11\/fb-logo.png","width":523,"height":523,"caption":"Arctic Excursions"},"image":{"@id":"https:\/\/arcticexcursions.com\/#\/schema\/logo\/image\/"}}]}},"_links":{"self":[{"href":"https:\/\/arcticexcursions.com\/da\/wp-json\/wp\/v2\/product\/5027"}],"collection":[{"href":"https:\/\/arcticexcursions.com\/da\/wp-json\/wp\/v2\/product"}],"about":[{"href":"https:\/\/arcticexcursions.com\/da\/wp-json\/wp\/v2\/types\/product"}],"replies":[{"embeddable":true,"href":"https:\/\/arcticexcursions.com\/da\/wp-json\/wp\/v2\/comments?post=5027"}],"wp:featuredmedia":[{"embeddable":true,"href":"https:\/\/arcticexcursions.com\/da\/wp-json\/wp\/v2\/media\/5021"}],"wp:attachment":[{"href":"https:\/\/arcticexcursions.com\/da\/wp-json\/wp\/v2\/media?parent=5027"}],"wp:term":[{"taxonomy":"product_brand","embeddable":true,"href":"https:\/\/arcticexcursions.com\/da\/wp-json\/wp\/v2\/product_brand?post=5027"},{"taxonomy":"product_cat","embeddable":true,"href":"https:\/\/arcticexcursions.com\/da\/wp-json\/wp\/v2\/product_cat?post=5027"},{"taxonomy":"product_tag","embeddable":true,"href":"https:\/\/arcticexcursions.com\/da\/wp-json\/wp\/v2\/product_tag?post=5027"}],"curies":[{"name":"wp","href":"https:\/\/api.w.org\/{rel}","templated":true}]}}