{"id":50382,"date":"2025-04-17T20:56:27","date_gmt":"2025-04-17T18:56:27","guid":{"rendered":"https:\/\/arcticexcursions.com\/?post_type=product&#038;p=50382"},"modified":"2025-11-04T19:13:32","modified_gmt":"2025-11-04T17:13:32","slug":"icefjord-boat-tour-with-a-closed-boat-2-hours","status":"publish","type":"product","link":"https:\/\/arcticexcursions.com\/da\/udflugter\/icefjord-boat-tour-with-a-closed-boat-2-hours\/","title":{"rendered":"Isfjordssejlads i lukket b\u00e5d &#8211; 2 timer"},"content":{"rendered":"<p>Vi sejler ud mod de majest\u00e6tiske isbjerge, der hviler lige ud for kysten n\u00e6r Ilulissats isfjord \u2013 og din kaptajn tager dig med p\u00e5 en uforglemmelig rejse.<\/p>\n<p>Du v\u00e6lger selv, om du vil sidde udenfor eller indenfor \u2013 alt efter hvad der f\u00f8les mest behageligt. Udenfor kan du m\u00e6rke den friske arktiske luft, dufte havet og h\u00f8re isen knirke stille omkring dig.<\/p>\n<p><b>Varighed:<\/b> 2 timer<\/p>\n<p><b>Deltagere:<\/b> Bem\u00e6rk venligst, at udflugten kun gennemf\u00f8res, hvis der er mindst 5 bookede billetter i alt. Hvis du for eksempel booker 3 billetter, skal der s\u00e6lges mindst 2 yderligere billetter til andre kunder, f\u00f8r turen kan finde sted. Der vil deltage maksimalt 12 personer.<\/p>\n<p><b>Sprog:<\/b> Guiden\/kaptajnen taler dansk, engelsk og gr\u00f8nlandsk<\/p>\n<p><b>B\u00e5dtype:<\/b> Lukket b\u00e5d<\/p>\n<p><b>Toiletforhold:<\/b> Der er toilet p\u00e5 b\u00e5den<\/p>\n<p><b>Forplejning:<\/b> Kaffe og te serveres p\u00e5 b\u00e5den<\/p>\n<p><b>Anbefalet p\u00e5kl\u00e6dning:<\/b> Varmt t\u00f8j inkl. hue og handsker hele \u00e5ret. Solbriller. Solcreme om sommeren.<\/p>\n","protected":false},"excerpt":{"rendered":"<p>Ilulissat er ber\u00f8mt for sine isbjerge \u2013 og med god grund.<br \/>\nVi tilbyder ture til isfjorden i en komfortabel, overd\u00e6kket b\u00e5d.<\/p>\n","protected":false},"featured_media":50372,"comment_status":"open","ping_status":"closed","template":"","meta":{"_acf_changed":false},"product_brand":[],"product_cat":[101,170],"product_tag":[],"class_list":{"0":"post-50382","1":"product","2":"type-product","3":"status-publish","4":"has-post-thumbnail","6":"product_cat-tour","7":"product_cat-udflugt","8":"pa_dato-6100","9":"pa_dato-6112","10":"pa_dato-6068","11":"pa_dato-6107","12":"pa_dato-1373","13":"pa_dato-6017","14":"pa_dato-5895","15":"pa_dato-5892","16":"pa_dato-5933","17":"pa_dato-5966","18":"pa_dato-5953","19":"pa_dato-6021","20":"pa_dato-5880","21":"pa_dato-6022","22":"pa_dato-6059","23":"pa_tidspunkt-61","24":"pa_tidspunkt-426","25":"pa_tidspunkt-231","26":"tour_location-ilulissat-da","27":"tour_type-icebergs","28":"tour_type-isbjerge","29":"tour_type-baadture","30":"tour_state-allowed_prebooking","31":"tour_state-show_always","32":"tour_tickettype-arctic_excursions","33":"tour_tickettype-greenland_travel_tour","34":"tour_tickettype-greenland_travel_team","35":"tour_operator-i-love-ilulissat-tours","37":"first","38":"outofstock","39":"shipping-taxable","40":"product-type-variable"},"acf":[],"yoast_head":"<!-- This site is optimized with the Yoast SEO plugin v23.6 - https:\/\/yoast.com\/wordpress\/plugins\/seo\/ -->\n<title>Arctic Excursions<\/title>\n<meta name=\"robots\" content=\"index, follow, max-snippet:-1, max-image-preview:large, max-video-preview:-1\" \/>\n<link rel=\"canonical\" href=\"https:\/\/arcticexcursions.com\/udflugter\/icefjord-boat-tour-with-a-closed-boat-2-hours\/\" \/>\n<meta property=\"og:locale\" content=\"da_DK\" \/>\n<meta property=\"og:type\" content=\"article\" \/>\n<meta property=\"og:title\" content=\"Isfjordssejlads i lukket b\u00e5d - 2 timer - Arctic Excursions\" \/>\n<meta property=\"og:description\" content=\"Ilulissat er ber\u00f8mt for sine isbjerge \u2013 og med god grund. Vi tilbyder ture til isfjorden i en komfortabel, overd\u00e6kket b\u00e5d.\" \/>\n<meta property=\"og:url\" content=\"https:\/\/arcticexcursions.com\/udflugter\/icefjord-boat-tour-with-a-closed-boat-2-hours\/\" \/>\n<meta property=\"og:site_name\" content=\"Arctic Excursions\" \/>\n<meta property=\"article:modified_time\" content=\"2025-11-04T17:13:32+00:00\" \/>\n<meta property=\"og:image\" content=\"https:\/\/arcticexcursions.com\/wp-content\/uploads\/2025\/04\/Screenshot_20250413_215826_Instagram.jpg\" \/>\n\t<meta property=\"og:image:width\" content=\"1079\" \/>\n\t<meta property=\"og:image:height\" content=\"805\" \/>\n\t<meta property=\"og:image:type\" content=\"image\/jpeg\" \/>\n<meta name=\"twitter:card\" content=\"summary_large_image\" \/>\n<meta name=\"twitter:label1\" content=\"Estimeret l\u00e6setid\" \/>\n\t<meta name=\"twitter:data1\" content=\"1 minut\" \/>\n<script type=\"application\/ld+json\" class=\"yoast-schema-graph\">{\"@context\":\"https:\/\/schema.org\",\"@graph\":[{\"@type\":\"WebPage\",\"@id\":\"https:\/\/arcticexcursions.com\/udflugter\/icefjord-boat-tour-with-a-closed-boat-2-hours\/\",\"url\":\"https:\/\/arcticexcursions.com\/udflugter\/icefjord-boat-tour-with-a-closed-boat-2-hours\/\",\"name\":\"Isfjordssejlads i lukket b\u00e5d - 2 timer - Arctic Excursions\",\"isPartOf\":{\"@id\":\"https:\/\/arcticexcursions.com\/#website\"},\"primaryImageOfPage\":{\"@id\":\"https:\/\/arcticexcursions.com\/udflugter\/icefjord-boat-tour-with-a-closed-boat-2-hours\/#primaryimage\"},\"image\":{\"@id\":\"https:\/\/arcticexcursions.com\/udflugter\/icefjord-boat-tour-with-a-closed-boat-2-hours\/#primaryimage\"},\"thumbnailUrl\":\"https:\/\/arcticexcursions.com\/wp-content\/uploads\/2025\/04\/Screenshot_20250413_215826_Instagram.jpg\",\"datePublished\":\"2025-04-17T18:56:27+00:00\",\"dateModified\":\"2025-11-04T17:13:32+00:00\",\"breadcrumb\":{\"@id\":\"https:\/\/arcticexcursions.com\/udflugter\/icefjord-boat-tour-with-a-closed-boat-2-hours\/#breadcrumb\"},\"inLanguage\":\"da-DK\",\"potentialAction\":[{\"@type\":\"ReadAction\",\"target\":[\"https:\/\/arcticexcursions.com\/udflugter\/icefjord-boat-tour-with-a-closed-boat-2-hours\/\"]}]},{\"@type\":\"ImageObject\",\"inLanguage\":\"da-DK\",\"@id\":\"https:\/\/arcticexcursions.com\/udflugter\/icefjord-boat-tour-with-a-closed-boat-2-hours\/#primaryimage\",\"url\":\"https:\/\/arcticexcursions.com\/wp-content\/uploads\/2025\/04\/Screenshot_20250413_215826_Instagram.jpg\",\"contentUrl\":\"https:\/\/arcticexcursions.com\/wp-content\/uploads\/2025\/04\/Screenshot_20250413_215826_Instagram.jpg\",\"width\":1079,\"height\":805},{\"@type\":\"BreadcrumbList\",\"@id\":\"https:\/\/arcticexcursions.com\/udflugter\/icefjord-boat-tour-with-a-closed-boat-2-hours\/#breadcrumb\",\"itemListElement\":[{\"@type\":\"ListItem\",\"position\":1,\"name\":\"Home\",\"item\":\"https:\/\/arcticexcursions.com\/da\/\"},{\"@type\":\"ListItem\",\"position\":2,\"name\":\"Udflugter i Gr\u00f8nland\",\"item\":\"https:\/\/arcticexcursions.com\/da\/udflugter\/\"},{\"@type\":\"ListItem\",\"position\":3,\"name\":\"Isfjordssejlads i lukket b\u00e5d &#8211; 2 timer\"}]},{\"@type\":\"WebSite\",\"@id\":\"https:\/\/arcticexcursions.com\/#website\",\"url\":\"https:\/\/arcticexcursions.com\/\",\"name\":\"Arctic Excursions\",\"description\":\"New adventures. Every day.\",\"publisher\":{\"@id\":\"https:\/\/arcticexcursions.com\/#organization\"},\"potentialAction\":[{\"@type\":\"SearchAction\",\"target\":{\"@type\":\"EntryPoint\",\"urlTemplate\":\"https:\/\/arcticexcursions.com\/?s={search_term_string}\"},\"query-input\":{\"@type\":\"PropertyValueSpecification\",\"valueRequired\":true,\"valueName\":\"search_term_string\"}}],\"inLanguage\":\"da-DK\"},{\"@type\":\"Organization\",\"@id\":\"https:\/\/arcticexcursions.com\/#organization\",\"name\":\"Arctic Excursions\",\"url\":\"https:\/\/arcticexcursions.com\/\",\"logo\":{\"@type\":\"ImageObject\",\"inLanguage\":\"da-DK\",\"@id\":\"https:\/\/arcticexcursions.com\/#\/schema\/logo\/image\/\",\"url\":\"https:\/\/arcticexcursions.com\/wp-content\/uploads\/2022\/11\/fb-logo.png\",\"contentUrl\":\"https:\/\/arcticexcursions.com\/wp-content\/uploads\/2022\/11\/fb-logo.png\",\"width\":523,\"height\":523,\"caption\":\"Arctic Excursions\"},\"image\":{\"@id\":\"https:\/\/arcticexcursions.com\/#\/schema\/logo\/image\/\"}}]}<\/script>\n<!-- \/ Yoast SEO plugin. -->","yoast_head_json":{"title":"Arctic Excursions","robots":{"index":"index","follow":"follow","max-snippet":"max-snippet:-1","max-image-preview":"max-image-preview:large","max-video-preview":"max-video-preview:-1"},"canonical":"https:\/\/arcticexcursions.com\/udflugter\/icefjord-boat-tour-with-a-closed-boat-2-hours\/","og_locale":"da_DK","og_type":"article","og_title":"Isfjordssejlads i lukket b\u00e5d - 2 timer - Arctic Excursions","og_description":"Ilulissat er ber\u00f8mt for sine isbjerge \u2013 og med god grund. Vi tilbyder ture til isfjorden i en komfortabel, overd\u00e6kket b\u00e5d.","og_url":"https:\/\/arcticexcursions.com\/udflugter\/icefjord-boat-tour-with-a-closed-boat-2-hours\/","og_site_name":"Arctic Excursions","article_modified_time":"2025-11-04T17:13:32+00:00","og_image":[{"width":1079,"height":805,"url":"https:\/\/arcticexcursions.com\/wp-content\/uploads\/2025\/04\/Screenshot_20250413_215826_Instagram.jpg","type":"image\/jpeg"}],"twitter_card":"summary_large_image","twitter_misc":{"Estimeret l\u00e6setid":"1 minut"},"schema":{"@context":"https:\/\/schema.org","@graph":[{"@type":"WebPage","@id":"https:\/\/arcticexcursions.com\/udflugter\/icefjord-boat-tour-with-a-closed-boat-2-hours\/","url":"https:\/\/arcticexcursions.com\/udflugter\/icefjord-boat-tour-with-a-closed-boat-2-hours\/","name":"Isfjordssejlads i lukket b\u00e5d - 2 timer - Arctic Excursions","isPartOf":{"@id":"https:\/\/arcticexcursions.com\/#website"},"primaryImageOfPage":{"@id":"https:\/\/arcticexcursions.com\/udflugter\/icefjord-boat-tour-with-a-closed-boat-2-hours\/#primaryimage"},"image":{"@id":"https:\/\/arcticexcursions.com\/udflugter\/icefjord-boat-tour-with-a-closed-boat-2-hours\/#primaryimage"},"thumbnailUrl":"https:\/\/arcticexcursions.com\/wp-content\/uploads\/2025\/04\/Screenshot_20250413_215826_Instagram.jpg","datePublished":"2025-04-17T18:56:27+00:00","dateModified":"2025-11-04T17:13:32+00:00","breadcrumb":{"@id":"https:\/\/arcticexcursions.com\/udflugter\/icefjord-boat-tour-with-a-closed-boat-2-hours\/#breadcrumb"},"inLanguage":"da-DK","potentialAction":[{"@type":"ReadAction","target":["https:\/\/arcticexcursions.com\/udflugter\/icefjord-boat-tour-with-a-closed-boat-2-hours\/"]}]},{"@type":"ImageObject","inLanguage":"da-DK","@id":"https:\/\/arcticexcursions.com\/udflugter\/icefjord-boat-tour-with-a-closed-boat-2-hours\/#primaryimage","url":"https:\/\/arcticexcursions.com\/wp-content\/uploads\/2025\/04\/Screenshot_20250413_215826_Instagram.jpg","contentUrl":"https:\/\/arcticexcursions.com\/wp-content\/uploads\/2025\/04\/Screenshot_20250413_215826_Instagram.jpg","width":1079,"height":805},{"@type":"BreadcrumbList","@id":"https:\/\/arcticexcursions.com\/udflugter\/icefjord-boat-tour-with-a-closed-boat-2-hours\/#breadcrumb","itemListElement":[{"@type":"ListItem","position":1,"name":"Home","item":"https:\/\/arcticexcursions.com\/da\/"},{"@type":"ListItem","position":2,"name":"Udflugter i Gr\u00f8nland","item":"https:\/\/arcticexcursions.com\/da\/udflugter\/"},{"@type":"ListItem","position":3,"name":"Isfjordssejlads i lukket b\u00e5d &#8211; 2 timer"}]},{"@type":"WebSite","@id":"https:\/\/arcticexcursions.com\/#website","url":"https:\/\/arcticexcursions.com\/","name":"Arctic Excursions","description":"New adventures. Every day.","publisher":{"@id":"https:\/\/arcticexcursions.com\/#organization"},"potentialAction":[{"@type":"SearchAction","target":{"@type":"EntryPoint","urlTemplate":"https:\/\/arcticexcursions.com\/?s={search_term_string}"},"query-input":{"@type":"PropertyValueSpecification","valueRequired":true,"valueName":"search_term_string"}}],"inLanguage":"da-DK"},{"@type":"Organization","@id":"https:\/\/arcticexcursions.com\/#organization","name":"Arctic Excursions","url":"https:\/\/arcticexcursions.com\/","logo":{"@type":"ImageObject","inLanguage":"da-DK","@id":"https:\/\/arcticexcursions.com\/#\/schema\/logo\/image\/","url":"https:\/\/arcticexcursions.com\/wp-content\/uploads\/2022\/11\/fb-logo.png","contentUrl":"https:\/\/arcticexcursions.com\/wp-content\/uploads\/2022\/11\/fb-logo.png","width":523,"height":523,"caption":"Arctic Excursions"},"image":{"@id":"https:\/\/arcticexcursions.com\/#\/schema\/logo\/image\/"}}]}},"_links":{"self":[{"href":"https:\/\/arcticexcursions.com\/da\/wp-json\/wp\/v2\/product\/50382"}],"collection":[{"href":"https:\/\/arcticexcursions.com\/da\/wp-json\/wp\/v2\/product"}],"about":[{"href":"https:\/\/arcticexcursions.com\/da\/wp-json\/wp\/v2\/types\/product"}],"replies":[{"embeddable":true,"href":"https:\/\/arcticexcursions.com\/da\/wp-json\/wp\/v2\/comments?post=50382"}],"wp:featuredmedia":[{"embeddable":true,"href":"https:\/\/arcticexcursions.com\/da\/wp-json\/wp\/v2\/media\/50372"}],"wp:attachment":[{"href":"https:\/\/arcticexcursions.com\/da\/wp-json\/wp\/v2\/media?parent=50382"}],"wp:term":[{"taxonomy":"product_brand","embeddable":true,"href":"https:\/\/arcticexcursions.com\/da\/wp-json\/wp\/v2\/product_brand?post=50382"},{"taxonomy":"product_cat","embeddable":true,"href":"https:\/\/arcticexcursions.com\/da\/wp-json\/wp\/v2\/product_cat?post=50382"},{"taxonomy":"product_tag","embeddable":true,"href":"https:\/\/arcticexcursions.com\/da\/wp-json\/wp\/v2\/product_tag?post=50382"}],"curies":[{"name":"wp","href":"https:\/\/api.w.org\/{rel}","templated":true}]}}