{"id":50449,"date":"2025-04-19T16:55:05","date_gmt":"2025-04-19T14:55:05","guid":{"rendered":"https:\/\/arcticexcursions.com\/?post_type=product&#038;p=50449"},"modified":"2026-03-30T12:19:49","modified_gmt":"2026-03-30T10:19:49","slug":"whale-safari-4","status":"publish","type":"product","link":"https:\/\/arcticexcursions.com\/da\/udflugter\/whale-safari-4\/","title":{"rendered":"Hvalsafari"},"content":{"rendered":"<p>P\u00e5 vores hvalsafari tur i Godth\u00e5bsfjorden, kan du v\u00e6re heldig at se den majest\u00e6tiske bardehval, nemlig pukkelhvalen, som befinder sig i Gr\u00f8nland fra omtrent starten af juni til slutningen af september for at spise sig m\u00e6tte i krill og andre sm\u00e5fisk. Hunnen yngler i vinterhalv\u00e5ret. Derfor ville man ofte se en hun og en unge sv\u00f8mme sammen i sommerperioden.<\/p>\n<p>Kendetegnet ved pukkelhvalen er dens puklede rygfinne samt den flotte hale, som ligesom er dens DNA. Man har f.eks. set den samme pukkelhval sv\u00f8mme rundt i Nuuk Fjorden siden 1980\u2019erne blot ud fra halens afm\u00e6rkninger.<\/p>\n<p>Pukkelhvalen kan af egen fri vilje finde p\u00e5 at komme helt t\u00e6t p\u00e5 b\u00e5dene og lege lidt. Dette skyldes formentlig, at Nuuk omr\u00e5det er det eneste sted i Gr\u00f8nland, hvor pukkelhvalen faktisk er fredet, og kan v\u00e6re mere im\u00f8dekommende end andre steder.<\/p>\n<p> <b>VARIGHED:<\/b> 3 timer<\/p>\n<p><b>Deltagere:<\/b> Bem\u00e6rk venligst, at udflugten kun gennemf\u00f8res, hvis der er mindst 4 bookede billetter i alt. Hvis du for eksempel booker 2 billetter, skal der s\u00e6lges mindst 2 yderligere billetter til andre kunder, f\u00f8r turen kan finde sted. Der vil deltage maksimalt 12 personer.<\/p>\n<p><b>Sprog:<\/b> Guiden\/kaptajnen taler dansk, engelsk og gr\u00f8nlandsk<\/p>\n<p><b>B\u00c5DE:<\/b> Targa 25 (med toilet) og Arronet 24,5 (uden toilet)<br \/>\n<b>B\u00e5dtype:<\/b> lukket b\u00e5d<\/p>\n<p><b>Forplejning:<\/b> Kaffe og te serveres p\u00e5 b\u00e5den<\/p>\n<p><b>Anbefalet p\u00e5kl\u00e6dning:<\/b> Varmt t\u00f8j inkl. hue og handsker hele \u00e5ret. Solbriller. Solcreme om sommeren.<\/p>\n","protected":false},"excerpt":{"rendered":"<p>Tag med p\u00e5 en kort tur og nyd synet af de smukke bardehvaler i Godth\u00e5bsfjorden<\/p>\n","protected":false},"featured_media":50445,"comment_status":"open","ping_status":"closed","template":"","meta":{"_acf_changed":false},"product_brand":[],"product_cat":[101,170],"product_tag":[],"class_list":{"0":"post-50449","1":"product","2":"type-product","3":"status-publish","4":"has-post-thumbnail","6":"product_cat-tour","7":"product_cat-udflugt","8":"pa_dato-6102","9":"pa_dato-6085","10":"pa_dato-6086","11":"pa_dato-6031","12":"pa_dato-5950","13":"pa_dato-6103","14":"pa_dato-6048","15":"pa_dato-6049","16":"pa_dato-6092","17":"pa_dato-6083","18":"pa_dato-6104","19":"pa_dato-6038","20":"pa_dato-6039","21":"pa_dato-6040","22":"pa_dato-6029","23":"pa_dato-5917","24":"pa_dato-6041","25":"pa_dato-5919","26":"pa_dato-5881","27":"pa_dato-5923","28":"pa_dato-5921","29":"pa_dato-5891","30":"pa_dato-5890","31":"pa_dato-5916","32":"pa_dato-5934","33":"pa_dato-6065","34":"pa_dato-6071","35":"pa_dato-5993","36":"pa_dato-6070","37":"pa_dato-6019","38":"pa_dato-5947","39":"pa_dato-6064","40":"pa_dato-6047","41":"pa_dato-5999","42":"pa_dato-5895","43":"pa_dato-5952","44":"pa_dato-5951","45":"pa_dato-6020","46":"pa_dato-5948","47":"pa_dato-5949","48":"pa_dato-5983","49":"pa_dato-5882","50":"pa_dato-6051","51":"pa_dato-6046","52":"pa_dato-6030","53":"pa_dato-6022","54":"pa_dato-6058","55":"pa_dato-6067","56":"pa_dato-6023","57":"pa_dato-6024","58":"pa_dato-5926","59":"pa_dato-6025","60":"pa_dato-5883","61":"pa_dato-5929","62":"pa_dato-5946","63":"pa_dato-5889","64":"pa_dato-5958","65":"pa_dato-5942","66":"pa_dato-5982","67":"pa_dato-6465","68":"pa_dato-6241","69":"pa_dato-6366","70":"pa_dato-6156","71":"pa_dato-6110","72":"pa_dato-6493","73":"pa_tidspunkt-72","74":"pa_tidspunkt-40","75":"pa_tidspunkt-304","76":"pa_tidspunkt-77","77":"pa_tidspunkt-177","78":"pa_tidspunkt-229","79":"pa_tidspunkt-317","80":"pa_tidspunkt-426","81":"pa_tidspunkt-57","82":"pa_tidspunkt-110","83":"pa_tidspunkt-205","84":"pa_tidspunkt-770","85":"pa_tidspunkt-255","86":"tour_location-nuuk-da","87":"tour_type-baadture","88":"tour_tickettype-arctic_excursions","89":"tour_operator-kang-tourism","91":"first","92":"instock","93":"shipping-taxable","94":"purchasable","95":"product-type-variable"},"acf":[],"yoast_head":"<!-- This site is optimized with the Yoast SEO plugin v23.6 - https:\/\/yoast.com\/wordpress\/plugins\/seo\/ -->\n<title>Arctic Excursions<\/title>\n<meta name=\"robots\" content=\"index, follow, max-snippet:-1, max-image-preview:large, max-video-preview:-1\" \/>\n<link rel=\"canonical\" href=\"https:\/\/arcticexcursions.com\/udflugter\/whale-safari-6\/\" \/>\n<meta property=\"og:locale\" content=\"da_DK\" \/>\n<meta property=\"og:type\" content=\"article\" \/>\n<meta property=\"og:title\" content=\"Hvalsafari - Arctic Excursions\" \/>\n<meta property=\"og:description\" content=\"Tag med p\u00e5 en kort tur og nyd synet af de smukke bardehvaler i Godth\u00e5bsfjorden\" \/>\n<meta property=\"og:url\" content=\"https:\/\/arcticexcursions.com\/udflugter\/whale-safari-6\/\" \/>\n<meta property=\"og:site_name\" content=\"Arctic Excursions\" \/>\n<meta property=\"article:modified_time\" content=\"2026-03-30T10:19:49+00:00\" \/>\n<meta property=\"og:image\" content=\"https:\/\/arcticexcursions.com\/wp-content\/uploads\/2025\/04\/440946050_931836632085157_1142899144753497714_n.jpg\" \/>\n\t<meta property=\"og:image:width\" content=\"2048\" \/>\n\t<meta property=\"og:image:height\" content=\"1536\" \/>\n\t<meta property=\"og:image:type\" content=\"image\/jpeg\" \/>\n<meta name=\"twitter:card\" content=\"summary_large_image\" \/>\n<meta name=\"twitter:label1\" content=\"Estimeret l\u00e6setid\" \/>\n\t<meta name=\"twitter:data1\" content=\"1 minut\" \/>\n<script type=\"application\/ld+json\" class=\"yoast-schema-graph\">{\"@context\":\"https:\/\/schema.org\",\"@graph\":[{\"@type\":\"WebPage\",\"@id\":\"https:\/\/arcticexcursions.com\/udflugter\/whale-safari-6\/\",\"url\":\"https:\/\/arcticexcursions.com\/udflugter\/whale-safari-6\/\",\"name\":\"Hvalsafari - Arctic Excursions\",\"isPartOf\":{\"@id\":\"https:\/\/arcticexcursions.com\/#website\"},\"primaryImageOfPage\":{\"@id\":\"https:\/\/arcticexcursions.com\/udflugter\/whale-safari-6\/#primaryimage\"},\"image\":{\"@id\":\"https:\/\/arcticexcursions.com\/udflugter\/whale-safari-6\/#primaryimage\"},\"thumbnailUrl\":\"https:\/\/arcticexcursions.com\/wp-content\/uploads\/2025\/04\/440946050_931836632085157_1142899144753497714_n.jpg\",\"datePublished\":\"2025-04-19T14:55:05+00:00\",\"dateModified\":\"2026-03-30T10:19:49+00:00\",\"breadcrumb\":{\"@id\":\"https:\/\/arcticexcursions.com\/udflugter\/whale-safari-6\/#breadcrumb\"},\"inLanguage\":\"da-DK\",\"potentialAction\":[{\"@type\":\"ReadAction\",\"target\":[\"https:\/\/arcticexcursions.com\/udflugter\/whale-safari-6\/\"]}]},{\"@type\":\"ImageObject\",\"inLanguage\":\"da-DK\",\"@id\":\"https:\/\/arcticexcursions.com\/udflugter\/whale-safari-6\/#primaryimage\",\"url\":\"https:\/\/arcticexcursions.com\/wp-content\/uploads\/2025\/04\/440946050_931836632085157_1142899144753497714_n.jpg\",\"contentUrl\":\"https:\/\/arcticexcursions.com\/wp-content\/uploads\/2025\/04\/440946050_931836632085157_1142899144753497714_n.jpg\",\"width\":2048,\"height\":1536},{\"@type\":\"BreadcrumbList\",\"@id\":\"https:\/\/arcticexcursions.com\/udflugter\/whale-safari-6\/#breadcrumb\",\"itemListElement\":[{\"@type\":\"ListItem\",\"position\":1,\"name\":\"Home\",\"item\":\"https:\/\/arcticexcursions.com\/da\/\"},{\"@type\":\"ListItem\",\"position\":2,\"name\":\"Udflugter i Gr\u00f8nland\",\"item\":\"https:\/\/arcticexcursions.com\/da\/udflugter\/\"},{\"@type\":\"ListItem\",\"position\":3,\"name\":\"Hvalsafari\"}]},{\"@type\":\"WebSite\",\"@id\":\"https:\/\/arcticexcursions.com\/#website\",\"url\":\"https:\/\/arcticexcursions.com\/\",\"name\":\"Arctic Excursions\",\"description\":\"New adventures. Every day.\",\"publisher\":{\"@id\":\"https:\/\/arcticexcursions.com\/#organization\"},\"potentialAction\":[{\"@type\":\"SearchAction\",\"target\":{\"@type\":\"EntryPoint\",\"urlTemplate\":\"https:\/\/arcticexcursions.com\/?s={search_term_string}\"},\"query-input\":{\"@type\":\"PropertyValueSpecification\",\"valueRequired\":true,\"valueName\":\"search_term_string\"}}],\"inLanguage\":\"da-DK\"},{\"@type\":\"Organization\",\"@id\":\"https:\/\/arcticexcursions.com\/#organization\",\"name\":\"Arctic Excursions\",\"url\":\"https:\/\/arcticexcursions.com\/\",\"logo\":{\"@type\":\"ImageObject\",\"inLanguage\":\"da-DK\",\"@id\":\"https:\/\/arcticexcursions.com\/#\/schema\/logo\/image\/\",\"url\":\"https:\/\/arcticexcursions.com\/wp-content\/uploads\/2022\/11\/fb-logo.png\",\"contentUrl\":\"https:\/\/arcticexcursions.com\/wp-content\/uploads\/2022\/11\/fb-logo.png\",\"width\":523,\"height\":523,\"caption\":\"Arctic Excursions\"},\"image\":{\"@id\":\"https:\/\/arcticexcursions.com\/#\/schema\/logo\/image\/\"}}]}<\/script>\n<!-- \/ Yoast SEO plugin. -->","yoast_head_json":{"title":"Arctic Excursions","robots":{"index":"index","follow":"follow","max-snippet":"max-snippet:-1","max-image-preview":"max-image-preview:large","max-video-preview":"max-video-preview:-1"},"canonical":"https:\/\/arcticexcursions.com\/udflugter\/whale-safari-6\/","og_locale":"da_DK","og_type":"article","og_title":"Hvalsafari - Arctic Excursions","og_description":"Tag med p\u00e5 en kort tur og nyd synet af de smukke bardehvaler i Godth\u00e5bsfjorden","og_url":"https:\/\/arcticexcursions.com\/udflugter\/whale-safari-6\/","og_site_name":"Arctic Excursions","article_modified_time":"2026-03-30T10:19:49+00:00","og_image":[{"width":2048,"height":1536,"url":"https:\/\/arcticexcursions.com\/wp-content\/uploads\/2025\/04\/440946050_931836632085157_1142899144753497714_n.jpg","type":"image\/jpeg"}],"twitter_card":"summary_large_image","twitter_misc":{"Estimeret l\u00e6setid":"1 minut"},"schema":{"@context":"https:\/\/schema.org","@graph":[{"@type":"WebPage","@id":"https:\/\/arcticexcursions.com\/udflugter\/whale-safari-6\/","url":"https:\/\/arcticexcursions.com\/udflugter\/whale-safari-6\/","name":"Hvalsafari - Arctic Excursions","isPartOf":{"@id":"https:\/\/arcticexcursions.com\/#website"},"primaryImageOfPage":{"@id":"https:\/\/arcticexcursions.com\/udflugter\/whale-safari-6\/#primaryimage"},"image":{"@id":"https:\/\/arcticexcursions.com\/udflugter\/whale-safari-6\/#primaryimage"},"thumbnailUrl":"https:\/\/arcticexcursions.com\/wp-content\/uploads\/2025\/04\/440946050_931836632085157_1142899144753497714_n.jpg","datePublished":"2025-04-19T14:55:05+00:00","dateModified":"2026-03-30T10:19:49+00:00","breadcrumb":{"@id":"https:\/\/arcticexcursions.com\/udflugter\/whale-safari-6\/#breadcrumb"},"inLanguage":"da-DK","potentialAction":[{"@type":"ReadAction","target":["https:\/\/arcticexcursions.com\/udflugter\/whale-safari-6\/"]}]},{"@type":"ImageObject","inLanguage":"da-DK","@id":"https:\/\/arcticexcursions.com\/udflugter\/whale-safari-6\/#primaryimage","url":"https:\/\/arcticexcursions.com\/wp-content\/uploads\/2025\/04\/440946050_931836632085157_1142899144753497714_n.jpg","contentUrl":"https:\/\/arcticexcursions.com\/wp-content\/uploads\/2025\/04\/440946050_931836632085157_1142899144753497714_n.jpg","width":2048,"height":1536},{"@type":"BreadcrumbList","@id":"https:\/\/arcticexcursions.com\/udflugter\/whale-safari-6\/#breadcrumb","itemListElement":[{"@type":"ListItem","position":1,"name":"Home","item":"https:\/\/arcticexcursions.com\/da\/"},{"@type":"ListItem","position":2,"name":"Udflugter i Gr\u00f8nland","item":"https:\/\/arcticexcursions.com\/da\/udflugter\/"},{"@type":"ListItem","position":3,"name":"Hvalsafari"}]},{"@type":"WebSite","@id":"https:\/\/arcticexcursions.com\/#website","url":"https:\/\/arcticexcursions.com\/","name":"Arctic Excursions","description":"New adventures. Every day.","publisher":{"@id":"https:\/\/arcticexcursions.com\/#organization"},"potentialAction":[{"@type":"SearchAction","target":{"@type":"EntryPoint","urlTemplate":"https:\/\/arcticexcursions.com\/?s={search_term_string}"},"query-input":{"@type":"PropertyValueSpecification","valueRequired":true,"valueName":"search_term_string"}}],"inLanguage":"da-DK"},{"@type":"Organization","@id":"https:\/\/arcticexcursions.com\/#organization","name":"Arctic Excursions","url":"https:\/\/arcticexcursions.com\/","logo":{"@type":"ImageObject","inLanguage":"da-DK","@id":"https:\/\/arcticexcursions.com\/#\/schema\/logo\/image\/","url":"https:\/\/arcticexcursions.com\/wp-content\/uploads\/2022\/11\/fb-logo.png","contentUrl":"https:\/\/arcticexcursions.com\/wp-content\/uploads\/2022\/11\/fb-logo.png","width":523,"height":523,"caption":"Arctic Excursions"},"image":{"@id":"https:\/\/arcticexcursions.com\/#\/schema\/logo\/image\/"}}]}},"_links":{"self":[{"href":"https:\/\/arcticexcursions.com\/da\/wp-json\/wp\/v2\/product\/50449"}],"collection":[{"href":"https:\/\/arcticexcursions.com\/da\/wp-json\/wp\/v2\/product"}],"about":[{"href":"https:\/\/arcticexcursions.com\/da\/wp-json\/wp\/v2\/types\/product"}],"replies":[{"embeddable":true,"href":"https:\/\/arcticexcursions.com\/da\/wp-json\/wp\/v2\/comments?post=50449"}],"wp:featuredmedia":[{"embeddable":true,"href":"https:\/\/arcticexcursions.com\/da\/wp-json\/wp\/v2\/media\/50445"}],"wp:attachment":[{"href":"https:\/\/arcticexcursions.com\/da\/wp-json\/wp\/v2\/media?parent=50449"}],"wp:term":[{"taxonomy":"product_brand","embeddable":true,"href":"https:\/\/arcticexcursions.com\/da\/wp-json\/wp\/v2\/product_brand?post=50449"},{"taxonomy":"product_cat","embeddable":true,"href":"https:\/\/arcticexcursions.com\/da\/wp-json\/wp\/v2\/product_cat?post=50449"},{"taxonomy":"product_tag","embeddable":true,"href":"https:\/\/arcticexcursions.com\/da\/wp-json\/wp\/v2\/product_tag?post=50449"}],"curies":[{"name":"wp","href":"https:\/\/api.w.org\/{rel}","templated":true}]}}