{"id":5053,"date":"2022-12-06T12:36:06","date_gmt":"2022-12-06T10:36:06","guid":{"rendered":"https:\/\/arcticexcursions.com\/?post_type=product&#038;p=5053"},"modified":"2025-11-03T18:22:42","modified_gmt":"2025-11-03T16:22:42","slug":"fjordeventyr","status":"publish","type":"product","link":"https:\/\/arcticexcursions.com\/da\/udflugter\/fjordeventyr\/","title":{"rendered":"Fjordeventyr"},"content":{"rendered":"<p>Vi har planlagt en rute p\u00e5 forh\u00e5nd og typisk sejler vi rundt om Sermitsiaq, men hvis vi skulle spotte noget sp\u00e6ndende dyreliv eller flotte isbjerge s\u00e5 fokuserer vi p\u00e5 det. <\/p>\n<p>Nyd stilheden og oplev fjorden uden afbrydelser, uden telefonsignal i den vilde natur. <\/p>\n<p>Vi g\u00e5r typisk i fodsporene p\u00e5 inuitterne, da vores sejle rute er omkring de bedste fangstomr\u00e5der. <\/p>\n<p>Vi inviterer dig p\u00e5 en kort b\u00e5dtur men fuld med oplevelser og eventyr i den smukke Nuuk fjord. <\/p>\n<p>Denne b\u00e5dtur er perfekt til familier med b\u00f8rn, da selve sejlturen ikke er for lang. <\/p>\n<p>Der er toilet ombord.<\/p>\n<p><b>Varighed:<\/b> 2-3 timer<\/p>\n<p><b>Deltagere:<\/b> Bem\u00e6rk venligst, at udflugten kun gennemf\u00f8res, hvis der er mindst 4 bookede billetter i alt. Hvis du for eksempel booker 2 billetter, skal der s\u00e6lges mindst 2 yderligere billetter til andre kunder, f\u00f8r turen kan finde sted. <\/p>\n<p><b>Sprog:<\/b> Guiden\/kaptajnen taler dansk, engelsk og gr\u00f8nlandsk <\/p>\n<p><b>B\u00e5dtype:<\/b> Lukket b\u00e5d <\/p>\n<p><b>Toiletforhold:<\/b> Der er toilet p\u00e5 b\u00e5den <\/p>\n<p><b>Forplejning:<\/b> Kaffe og te serveres p\u00e5 b\u00e5den <\/p>\n<p><b>Anbefalet p\u00e5kl\u00e6dning:<\/b> Varmt t\u00f8j inkl. hue og handsker hele \u00e5ret. Solbriller. Solcreme om sommeren.<\/p>\n","protected":false},"excerpt":{"rendered":"<p>Kom med p\u00e5 vores fjord eventyr og oplev den smukke natur i Nuuk fjord<\/p>\n","protected":false},"featured_media":5045,"comment_status":"open","ping_status":"closed","template":"","meta":{"_acf_changed":false},"product_brand":[],"product_cat":[170],"product_tag":[159],"class_list":{"0":"post-5053","1":"product","2":"type-product","3":"status-publish","4":"has-post-thumbnail","6":"product_cat-udflugt","7":"product_tag-1-da","8":"pa_dato-404","9":"pa_dato-377","10":"pa_dato-380","11":"pa_dato-540","12":"pa_dato-556","13":"pa_dato-788","14":"pa_dato-1061","15":"pa_dato-898","16":"pa_dato-1173","17":"pa_dato-1023","18":"pa_dato-1029","19":"pa_dato-1033","20":"pa_dato-1004","21":"pa_dato-1013","22":"pa_dato-1015","23":"pa_dato-1044","24":"pa_dato-1048","25":"pa_dato-1207","26":"pa_dato-1208","27":"pa_dato-1147","28":"pa_dato-1212","29":"pa_dato-1214","30":"pa_dato-1213","31":"pa_dato-1221","32":"pa_dato-1251","33":"pa_dato-1377","34":"pa_dato-1279","35":"pa_dato-1280","36":"pa_dato-1297","37":"pa_dato-1314","38":"pa_dato-1252","39":"pa_dato-5884","40":"pa_dato-1298","41":"pa_dato-1253","42":"pa_dato-1383","43":"pa_dato-1254","44":"pa_dato-5886","45":"pa_dato-1285","46":"pa_dato-1255","47":"pa_dato-1384","48":"pa_dato-1287","49":"pa_dato-1256","50":"pa_dato-1154","51":"pa_dato-1385","52":"pa_dato-1258","53":"pa_dato-1292","54":"pa_dato-1344","55":"pa_dato-1193","56":"pa_dato-6056","57":"pa_dato-6021","58":"pa_tidspunkt-40","59":"pa_tidspunkt-177","60":"pa_tidspunkt-314","61":"pa_tidspunkt-317","62":"pa_tidspunkt-27","63":"pa_tidspunkt-61","64":"pa_tidspunkt-60","65":"pa_tidspunkt-69","66":"pa_tidspunkt-86","67":"tour_location-nuuk-da","68":"tour_type-baadture","69":"tour_tickettype-arctic_excursions","70":"tour_operator-nuuk-water-taxi","72":"first","73":"outofstock","74":"shipping-taxable","75":"product-type-variable"},"acf":[],"yoast_head":"<!-- This site is optimized with the Yoast SEO plugin v23.6 - https:\/\/yoast.com\/wordpress\/plugins\/seo\/ -->\n<title>Arctic Excursions<\/title>\n<meta name=\"robots\" content=\"index, follow, max-snippet:-1, max-image-preview:large, max-video-preview:-1\" \/>\n<link rel=\"canonical\" href=\"https:\/\/arcticexcursions.com\/udflugter\/fjord-eventyr\/\" \/>\n<meta property=\"og:locale\" content=\"da_DK\" \/>\n<meta property=\"og:type\" content=\"article\" \/>\n<meta property=\"og:title\" content=\"Fjordeventyr - Arctic Excursions\" \/>\n<meta property=\"og:description\" content=\"Kom med p\u00e5 vores fjord eventyr og oplev den smukke natur i Nuuk fjord\" \/>\n<meta property=\"og:url\" content=\"https:\/\/arcticexcursions.com\/udflugter\/fjord-eventyr\/\" \/>\n<meta property=\"og:site_name\" content=\"Arctic Excursions\" \/>\n<meta property=\"article:modified_time\" content=\"2025-11-03T16:22:42+00:00\" \/>\n<meta property=\"og:image\" content=\"https:\/\/arcticexcursions.com\/wp-content\/uploads\/2022\/11\/Icefiord-Cruise-september-Lasse-16-of-70-scaled.jpg\" \/>\n\t<meta property=\"og:image:width\" content=\"2560\" \/>\n\t<meta property=\"og:image:height\" content=\"1707\" \/>\n\t<meta property=\"og:image:type\" content=\"image\/jpeg\" \/>\n<meta name=\"twitter:card\" content=\"summary_large_image\" \/>\n<meta name=\"twitter:label1\" content=\"Estimeret l\u00e6setid\" \/>\n\t<meta name=\"twitter:data1\" content=\"1 minut\" \/>\n<script type=\"application\/ld+json\" class=\"yoast-schema-graph\">{\"@context\":\"https:\/\/schema.org\",\"@graph\":[{\"@type\":\"WebPage\",\"@id\":\"https:\/\/arcticexcursions.com\/udflugter\/fjord-eventyr\/\",\"url\":\"https:\/\/arcticexcursions.com\/udflugter\/fjord-eventyr\/\",\"name\":\"Fjordeventyr - Arctic Excursions\",\"isPartOf\":{\"@id\":\"https:\/\/arcticexcursions.com\/#website\"},\"primaryImageOfPage\":{\"@id\":\"https:\/\/arcticexcursions.com\/udflugter\/fjord-eventyr\/#primaryimage\"},\"image\":{\"@id\":\"https:\/\/arcticexcursions.com\/udflugter\/fjord-eventyr\/#primaryimage\"},\"thumbnailUrl\":\"https:\/\/arcticexcursions.com\/wp-content\/uploads\/2022\/11\/Icefiord-Cruise-september-Lasse-16-of-70-scaled.jpg\",\"datePublished\":\"2022-12-06T10:36:06+00:00\",\"dateModified\":\"2025-11-03T16:22:42+00:00\",\"breadcrumb\":{\"@id\":\"https:\/\/arcticexcursions.com\/udflugter\/fjord-eventyr\/#breadcrumb\"},\"inLanguage\":\"da-DK\",\"potentialAction\":[{\"@type\":\"ReadAction\",\"target\":[\"https:\/\/arcticexcursions.com\/udflugter\/fjord-eventyr\/\"]}]},{\"@type\":\"ImageObject\",\"inLanguage\":\"da-DK\",\"@id\":\"https:\/\/arcticexcursions.com\/udflugter\/fjord-eventyr\/#primaryimage\",\"url\":\"https:\/\/arcticexcursions.com\/wp-content\/uploads\/2022\/11\/Icefiord-Cruise-september-Lasse-16-of-70-scaled.jpg\",\"contentUrl\":\"https:\/\/arcticexcursions.com\/wp-content\/uploads\/2022\/11\/Icefiord-Cruise-september-Lasse-16-of-70-scaled.jpg\",\"width\":2560,\"height\":1707},{\"@type\":\"BreadcrumbList\",\"@id\":\"https:\/\/arcticexcursions.com\/udflugter\/fjord-eventyr\/#breadcrumb\",\"itemListElement\":[{\"@type\":\"ListItem\",\"position\":1,\"name\":\"Home\",\"item\":\"https:\/\/arcticexcursions.com\/da\/\"},{\"@type\":\"ListItem\",\"position\":2,\"name\":\"Udflugter i Gr\u00f8nland\",\"item\":\"https:\/\/arcticexcursions.com\/da\/udflugter\/\"},{\"@type\":\"ListItem\",\"position\":3,\"name\":\"Fjordeventyr\"}]},{\"@type\":\"WebSite\",\"@id\":\"https:\/\/arcticexcursions.com\/#website\",\"url\":\"https:\/\/arcticexcursions.com\/\",\"name\":\"Arctic Excursions\",\"description\":\"New adventures. Every day.\",\"publisher\":{\"@id\":\"https:\/\/arcticexcursions.com\/#organization\"},\"potentialAction\":[{\"@type\":\"SearchAction\",\"target\":{\"@type\":\"EntryPoint\",\"urlTemplate\":\"https:\/\/arcticexcursions.com\/?s={search_term_string}\"},\"query-input\":{\"@type\":\"PropertyValueSpecification\",\"valueRequired\":true,\"valueName\":\"search_term_string\"}}],\"inLanguage\":\"da-DK\"},{\"@type\":\"Organization\",\"@id\":\"https:\/\/arcticexcursions.com\/#organization\",\"name\":\"Arctic Excursions\",\"url\":\"https:\/\/arcticexcursions.com\/\",\"logo\":{\"@type\":\"ImageObject\",\"inLanguage\":\"da-DK\",\"@id\":\"https:\/\/arcticexcursions.com\/#\/schema\/logo\/image\/\",\"url\":\"https:\/\/arcticexcursions.com\/wp-content\/uploads\/2022\/11\/fb-logo.png\",\"contentUrl\":\"https:\/\/arcticexcursions.com\/wp-content\/uploads\/2022\/11\/fb-logo.png\",\"width\":523,\"height\":523,\"caption\":\"Arctic Excursions\"},\"image\":{\"@id\":\"https:\/\/arcticexcursions.com\/#\/schema\/logo\/image\/\"}}]}<\/script>\n<!-- \/ Yoast SEO plugin. -->","yoast_head_json":{"title":"Arctic Excursions","robots":{"index":"index","follow":"follow","max-snippet":"max-snippet:-1","max-image-preview":"max-image-preview:large","max-video-preview":"max-video-preview:-1"},"canonical":"https:\/\/arcticexcursions.com\/udflugter\/fjord-eventyr\/","og_locale":"da_DK","og_type":"article","og_title":"Fjordeventyr - Arctic Excursions","og_description":"Kom med p\u00e5 vores fjord eventyr og oplev den smukke natur i Nuuk fjord","og_url":"https:\/\/arcticexcursions.com\/udflugter\/fjord-eventyr\/","og_site_name":"Arctic Excursions","article_modified_time":"2025-11-03T16:22:42+00:00","og_image":[{"width":2560,"height":1707,"url":"https:\/\/arcticexcursions.com\/wp-content\/uploads\/2022\/11\/Icefiord-Cruise-september-Lasse-16-of-70-scaled.jpg","type":"image\/jpeg"}],"twitter_card":"summary_large_image","twitter_misc":{"Estimeret l\u00e6setid":"1 minut"},"schema":{"@context":"https:\/\/schema.org","@graph":[{"@type":"WebPage","@id":"https:\/\/arcticexcursions.com\/udflugter\/fjord-eventyr\/","url":"https:\/\/arcticexcursions.com\/udflugter\/fjord-eventyr\/","name":"Fjordeventyr - Arctic Excursions","isPartOf":{"@id":"https:\/\/arcticexcursions.com\/#website"},"primaryImageOfPage":{"@id":"https:\/\/arcticexcursions.com\/udflugter\/fjord-eventyr\/#primaryimage"},"image":{"@id":"https:\/\/arcticexcursions.com\/udflugter\/fjord-eventyr\/#primaryimage"},"thumbnailUrl":"https:\/\/arcticexcursions.com\/wp-content\/uploads\/2022\/11\/Icefiord-Cruise-september-Lasse-16-of-70-scaled.jpg","datePublished":"2022-12-06T10:36:06+00:00","dateModified":"2025-11-03T16:22:42+00:00","breadcrumb":{"@id":"https:\/\/arcticexcursions.com\/udflugter\/fjord-eventyr\/#breadcrumb"},"inLanguage":"da-DK","potentialAction":[{"@type":"ReadAction","target":["https:\/\/arcticexcursions.com\/udflugter\/fjord-eventyr\/"]}]},{"@type":"ImageObject","inLanguage":"da-DK","@id":"https:\/\/arcticexcursions.com\/udflugter\/fjord-eventyr\/#primaryimage","url":"https:\/\/arcticexcursions.com\/wp-content\/uploads\/2022\/11\/Icefiord-Cruise-september-Lasse-16-of-70-scaled.jpg","contentUrl":"https:\/\/arcticexcursions.com\/wp-content\/uploads\/2022\/11\/Icefiord-Cruise-september-Lasse-16-of-70-scaled.jpg","width":2560,"height":1707},{"@type":"BreadcrumbList","@id":"https:\/\/arcticexcursions.com\/udflugter\/fjord-eventyr\/#breadcrumb","itemListElement":[{"@type":"ListItem","position":1,"name":"Home","item":"https:\/\/arcticexcursions.com\/da\/"},{"@type":"ListItem","position":2,"name":"Udflugter i Gr\u00f8nland","item":"https:\/\/arcticexcursions.com\/da\/udflugter\/"},{"@type":"ListItem","position":3,"name":"Fjordeventyr"}]},{"@type":"WebSite","@id":"https:\/\/arcticexcursions.com\/#website","url":"https:\/\/arcticexcursions.com\/","name":"Arctic Excursions","description":"New adventures. Every day.","publisher":{"@id":"https:\/\/arcticexcursions.com\/#organization"},"potentialAction":[{"@type":"SearchAction","target":{"@type":"EntryPoint","urlTemplate":"https:\/\/arcticexcursions.com\/?s={search_term_string}"},"query-input":{"@type":"PropertyValueSpecification","valueRequired":true,"valueName":"search_term_string"}}],"inLanguage":"da-DK"},{"@type":"Organization","@id":"https:\/\/arcticexcursions.com\/#organization","name":"Arctic Excursions","url":"https:\/\/arcticexcursions.com\/","logo":{"@type":"ImageObject","inLanguage":"da-DK","@id":"https:\/\/arcticexcursions.com\/#\/schema\/logo\/image\/","url":"https:\/\/arcticexcursions.com\/wp-content\/uploads\/2022\/11\/fb-logo.png","contentUrl":"https:\/\/arcticexcursions.com\/wp-content\/uploads\/2022\/11\/fb-logo.png","width":523,"height":523,"caption":"Arctic Excursions"},"image":{"@id":"https:\/\/arcticexcursions.com\/#\/schema\/logo\/image\/"}}]}},"_links":{"self":[{"href":"https:\/\/arcticexcursions.com\/da\/wp-json\/wp\/v2\/product\/5053"}],"collection":[{"href":"https:\/\/arcticexcursions.com\/da\/wp-json\/wp\/v2\/product"}],"about":[{"href":"https:\/\/arcticexcursions.com\/da\/wp-json\/wp\/v2\/types\/product"}],"replies":[{"embeddable":true,"href":"https:\/\/arcticexcursions.com\/da\/wp-json\/wp\/v2\/comments?post=5053"}],"wp:featuredmedia":[{"embeddable":true,"href":"https:\/\/arcticexcursions.com\/da\/wp-json\/wp\/v2\/media\/5045"}],"wp:attachment":[{"href":"https:\/\/arcticexcursions.com\/da\/wp-json\/wp\/v2\/media?parent=5053"}],"wp:term":[{"taxonomy":"product_brand","embeddable":true,"href":"https:\/\/arcticexcursions.com\/da\/wp-json\/wp\/v2\/product_brand?post=5053"},{"taxonomy":"product_cat","embeddable":true,"href":"https:\/\/arcticexcursions.com\/da\/wp-json\/wp\/v2\/product_cat?post=5053"},{"taxonomy":"product_tag","embeddable":true,"href":"https:\/\/arcticexcursions.com\/da\/wp-json\/wp\/v2\/product_tag?post=5053"}],"curies":[{"name":"wp","href":"https:\/\/api.w.org\/{rel}","templated":true}]}}