{"id":50867,"date":"2025-04-24T23:40:24","date_gmt":"2025-04-24T21:40:24","guid":{"rendered":"https:\/\/arcticexcursions.com\/?post_type=product&#038;p=50867"},"modified":"2025-11-04T19:09:01","modified_gmt":"2025-11-04T17:09:01","slug":"vitamin-g-tour-with-a-closed-boat-25-hour","status":"publish","type":"product","link":"https:\/\/arcticexcursions.com\/da\/udflugter\/vitamin-g-tour-with-a-closed-boat-25-hour\/","title":{"rendered":"Vitamin G-tur med lukket b\u00e5d \u2013 2,5 time"},"content":{"rendered":"<p>Undervejs f\u00e5r du mulighed for at smage lokale specialiteter og komme helt t\u00e6t p\u00e5 kulturen. Turen afsluttes ved den storsl\u00e5ede Ilulissat Isfjord \u2013 et af Gr\u00f8nlands mest ikoniske og betagende naturvidundere.<\/p>\n<p>P\u00e5 denne rejse f\u00e5r du et unikt indblik i den traditionelle gr\u00f8nlandske livsstil, som den var for mange \u00e5r siden. Du vil h\u00f8re fort\u00e6llinger om, hvordan folk levede og fangede deres mad gennem \u00e5rets skiftende \u00e5rstider.<\/p>\n<p>Undervejs f\u00e5r du ogs\u00e5 mulighed for at smage gr\u00f8nlandske specialiteter \u2013 hvis du har lyst \u2013 og opleve kulturen med alle sanser. Turen kulminerer med et bes\u00f8g ved den majest\u00e6tiske Ilulissat Isfjord, et af Gr\u00f8nlands mest ikoniske og betagende naturvidundere.<\/p>\n<p><b>Varighed:<\/b> 2,5 time<\/p>\n<p><b>Deltagere:<\/b> Bem\u00e6rk venligst, at udflugten kun gennemf\u00f8res, hvis der er mindst 5 bookede billetter i alt. Hvis du for eksempel booker 3 billetter, skal der s\u00e6lges mindst 2 yderligere billetter til andre kunder, f\u00f8r turen kan finde sted. Der vil deltage maksimalt 12 personer.<\/p>\n<p><b>Sprog:<\/b> Guiden\/kaptajnen taler dansk, engelsk og gr\u00f8nlandsk<\/p>\n<p><b>B\u00e5dtype:<\/b> Lukket b\u00e5d<\/p>\n<p><b>Toiletforhold:<\/b> Der er toilet p\u00e5 b\u00e5den<\/p>\n<p><b>Forplejning:<\/b> Kaffe og te serveres p\u00e5 b\u00e5den<\/p>\n<p><b>Anbefalet p\u00e5kl\u00e6dning:<\/b> Varmt t\u00f8j inkl. hue og handsker hele \u00e5ret. Solbriller. Solcreme om sommeren.<\/p>\n","protected":false},"excerpt":{"rendered":"<p>Vitamin G er en koncepttur, hvor &#8220;G&#8221; st\u00e5r for Gr\u00f8nland. Turen giver et indblik i den traditionelle gr\u00f8nlandske livsstil og hvordan man tidligere fangede sin mad \u00e5ret rundt.<\/p>\n","protected":false},"featured_media":50865,"comment_status":"open","ping_status":"closed","template":"","meta":{"_acf_changed":false},"product_brand":[],"product_cat":[101,170],"product_tag":[],"class_list":{"0":"post-50867","1":"product","2":"type-product","3":"status-publish","4":"has-post-thumbnail","6":"product_cat-tour","7":"product_cat-udflugt","8":"pa_dato-6051","9":"pa_dato-6006","10":"pa_dato-6062","11":"pa_dato-5889","12":"pa_dato-5938","13":"pa_dato-5956","14":"pa_dato-6002","15":"pa_dato-6060","16":"pa_dato-5918","17":"pa_dato-5940","18":"pa_dato-6003","19":"pa_dato-5942","20":"pa_dato-6078","21":"pa_tidspunkt-110","22":"pa_tidspunkt-828","23":"tour_location-ilulissat-da","24":"tour_type-baadture","25":"tour_state-allowed_prebooking","26":"tour_state-show_always","27":"tour_tickettype-arctic_excursions","28":"tour_tickettype-greenland_travel_tour","29":"tour_tickettype-greenland_travel_team","30":"tour_operator-i-love-ilulissat-tours","32":"first","33":"outofstock","34":"shipping-taxable","35":"product-type-variable"},"acf":[],"yoast_head":"<!-- This site is optimized with the Yoast SEO plugin v23.6 - https:\/\/yoast.com\/wordpress\/plugins\/seo\/ -->\n<title>Arctic Excursions<\/title>\n<meta name=\"robots\" content=\"index, follow, max-snippet:-1, max-image-preview:large, max-video-preview:-1\" \/>\n<link rel=\"canonical\" href=\"https:\/\/arcticexcursions.com\/udflugter\/vitamin-g-tour-with-a-closed-boat-25-hour\/\" \/>\n<meta property=\"og:locale\" content=\"da_DK\" \/>\n<meta property=\"og:type\" content=\"article\" \/>\n<meta property=\"og:title\" content=\"Vitamin G-tur med lukket b\u00e5d \u2013 2,5 time - Arctic Excursions\" \/>\n<meta property=\"og:description\" content=\"Vitamin G er en koncepttur, hvor &quot;G&quot; st\u00e5r for Gr\u00f8nland. Turen giver et indblik i den traditionelle gr\u00f8nlandske livsstil og hvordan man tidligere fangede sin mad \u00e5ret rundt.\" \/>\n<meta property=\"og:url\" content=\"https:\/\/arcticexcursions.com\/udflugter\/vitamin-g-tour-with-a-closed-boat-25-hour\/\" \/>\n<meta property=\"og:site_name\" content=\"Arctic Excursions\" \/>\n<meta property=\"article:modified_time\" content=\"2025-11-04T17:09:01+00:00\" \/>\n<meta property=\"og:image\" content=\"https:\/\/arcticexcursions.com\/wp-content\/uploads\/2025\/04\/g-tour-scaled.jpg\" \/>\n\t<meta property=\"og:image:width\" content=\"2560\" \/>\n\t<meta property=\"og:image:height\" content=\"1928\" \/>\n\t<meta property=\"og:image:type\" content=\"image\/jpeg\" \/>\n<meta name=\"twitter:card\" content=\"summary_large_image\" \/>\n<meta name=\"twitter:label1\" content=\"Estimeret l\u00e6setid\" \/>\n\t<meta name=\"twitter:data1\" content=\"1 minut\" \/>\n<script type=\"application\/ld+json\" class=\"yoast-schema-graph\">{\"@context\":\"https:\/\/schema.org\",\"@graph\":[{\"@type\":\"WebPage\",\"@id\":\"https:\/\/arcticexcursions.com\/udflugter\/vitamin-g-tour-with-a-closed-boat-25-hour\/\",\"url\":\"https:\/\/arcticexcursions.com\/udflugter\/vitamin-g-tour-with-a-closed-boat-25-hour\/\",\"name\":\"Vitamin G-tur med lukket b\u00e5d \u2013 2,5 time - Arctic Excursions\",\"isPartOf\":{\"@id\":\"https:\/\/arcticexcursions.com\/#website\"},\"primaryImageOfPage\":{\"@id\":\"https:\/\/arcticexcursions.com\/udflugter\/vitamin-g-tour-with-a-closed-boat-25-hour\/#primaryimage\"},\"image\":{\"@id\":\"https:\/\/arcticexcursions.com\/udflugter\/vitamin-g-tour-with-a-closed-boat-25-hour\/#primaryimage\"},\"thumbnailUrl\":\"https:\/\/arcticexcursions.com\/wp-content\/uploads\/2025\/04\/g-tour-scaled.jpg\",\"datePublished\":\"2025-04-24T21:40:24+00:00\",\"dateModified\":\"2025-11-04T17:09:01+00:00\",\"breadcrumb\":{\"@id\":\"https:\/\/arcticexcursions.com\/udflugter\/vitamin-g-tour-with-a-closed-boat-25-hour\/#breadcrumb\"},\"inLanguage\":\"da-DK\",\"potentialAction\":[{\"@type\":\"ReadAction\",\"target\":[\"https:\/\/arcticexcursions.com\/udflugter\/vitamin-g-tour-with-a-closed-boat-25-hour\/\"]}]},{\"@type\":\"ImageObject\",\"inLanguage\":\"da-DK\",\"@id\":\"https:\/\/arcticexcursions.com\/udflugter\/vitamin-g-tour-with-a-closed-boat-25-hour\/#primaryimage\",\"url\":\"https:\/\/arcticexcursions.com\/wp-content\/uploads\/2025\/04\/g-tour-scaled.jpg\",\"contentUrl\":\"https:\/\/arcticexcursions.com\/wp-content\/uploads\/2025\/04\/g-tour-scaled.jpg\",\"width\":2560,\"height\":1928},{\"@type\":\"BreadcrumbList\",\"@id\":\"https:\/\/arcticexcursions.com\/udflugter\/vitamin-g-tour-with-a-closed-boat-25-hour\/#breadcrumb\",\"itemListElement\":[{\"@type\":\"ListItem\",\"position\":1,\"name\":\"Home\",\"item\":\"https:\/\/arcticexcursions.com\/da\/\"},{\"@type\":\"ListItem\",\"position\":2,\"name\":\"Udflugter i Gr\u00f8nland\",\"item\":\"https:\/\/arcticexcursions.com\/da\/udflugter\/\"},{\"@type\":\"ListItem\",\"position\":3,\"name\":\"Vitamin G-tur med lukket b\u00e5d \u2013 2,5 time\"}]},{\"@type\":\"WebSite\",\"@id\":\"https:\/\/arcticexcursions.com\/#website\",\"url\":\"https:\/\/arcticexcursions.com\/\",\"name\":\"Arctic Excursions\",\"description\":\"New adventures. Every day.\",\"publisher\":{\"@id\":\"https:\/\/arcticexcursions.com\/#organization\"},\"potentialAction\":[{\"@type\":\"SearchAction\",\"target\":{\"@type\":\"EntryPoint\",\"urlTemplate\":\"https:\/\/arcticexcursions.com\/?s={search_term_string}\"},\"query-input\":{\"@type\":\"PropertyValueSpecification\",\"valueRequired\":true,\"valueName\":\"search_term_string\"}}],\"inLanguage\":\"da-DK\"},{\"@type\":\"Organization\",\"@id\":\"https:\/\/arcticexcursions.com\/#organization\",\"name\":\"Arctic Excursions\",\"url\":\"https:\/\/arcticexcursions.com\/\",\"logo\":{\"@type\":\"ImageObject\",\"inLanguage\":\"da-DK\",\"@id\":\"https:\/\/arcticexcursions.com\/#\/schema\/logo\/image\/\",\"url\":\"https:\/\/arcticexcursions.com\/wp-content\/uploads\/2022\/11\/fb-logo.png\",\"contentUrl\":\"https:\/\/arcticexcursions.com\/wp-content\/uploads\/2022\/11\/fb-logo.png\",\"width\":523,\"height\":523,\"caption\":\"Arctic Excursions\"},\"image\":{\"@id\":\"https:\/\/arcticexcursions.com\/#\/schema\/logo\/image\/\"}}]}<\/script>\n<!-- \/ Yoast SEO plugin. -->","yoast_head_json":{"title":"Arctic Excursions","robots":{"index":"index","follow":"follow","max-snippet":"max-snippet:-1","max-image-preview":"max-image-preview:large","max-video-preview":"max-video-preview:-1"},"canonical":"https:\/\/arcticexcursions.com\/udflugter\/vitamin-g-tour-with-a-closed-boat-25-hour\/","og_locale":"da_DK","og_type":"article","og_title":"Vitamin G-tur med lukket b\u00e5d \u2013 2,5 time - Arctic Excursions","og_description":"Vitamin G er en koncepttur, hvor \"G\" st\u00e5r for Gr\u00f8nland. Turen giver et indblik i den traditionelle gr\u00f8nlandske livsstil og hvordan man tidligere fangede sin mad \u00e5ret rundt.","og_url":"https:\/\/arcticexcursions.com\/udflugter\/vitamin-g-tour-with-a-closed-boat-25-hour\/","og_site_name":"Arctic Excursions","article_modified_time":"2025-11-04T17:09:01+00:00","og_image":[{"width":2560,"height":1928,"url":"https:\/\/arcticexcursions.com\/wp-content\/uploads\/2025\/04\/g-tour-scaled.jpg","type":"image\/jpeg"}],"twitter_card":"summary_large_image","twitter_misc":{"Estimeret l\u00e6setid":"1 minut"},"schema":{"@context":"https:\/\/schema.org","@graph":[{"@type":"WebPage","@id":"https:\/\/arcticexcursions.com\/udflugter\/vitamin-g-tour-with-a-closed-boat-25-hour\/","url":"https:\/\/arcticexcursions.com\/udflugter\/vitamin-g-tour-with-a-closed-boat-25-hour\/","name":"Vitamin G-tur med lukket b\u00e5d \u2013 2,5 time - Arctic Excursions","isPartOf":{"@id":"https:\/\/arcticexcursions.com\/#website"},"primaryImageOfPage":{"@id":"https:\/\/arcticexcursions.com\/udflugter\/vitamin-g-tour-with-a-closed-boat-25-hour\/#primaryimage"},"image":{"@id":"https:\/\/arcticexcursions.com\/udflugter\/vitamin-g-tour-with-a-closed-boat-25-hour\/#primaryimage"},"thumbnailUrl":"https:\/\/arcticexcursions.com\/wp-content\/uploads\/2025\/04\/g-tour-scaled.jpg","datePublished":"2025-04-24T21:40:24+00:00","dateModified":"2025-11-04T17:09:01+00:00","breadcrumb":{"@id":"https:\/\/arcticexcursions.com\/udflugter\/vitamin-g-tour-with-a-closed-boat-25-hour\/#breadcrumb"},"inLanguage":"da-DK","potentialAction":[{"@type":"ReadAction","target":["https:\/\/arcticexcursions.com\/udflugter\/vitamin-g-tour-with-a-closed-boat-25-hour\/"]}]},{"@type":"ImageObject","inLanguage":"da-DK","@id":"https:\/\/arcticexcursions.com\/udflugter\/vitamin-g-tour-with-a-closed-boat-25-hour\/#primaryimage","url":"https:\/\/arcticexcursions.com\/wp-content\/uploads\/2025\/04\/g-tour-scaled.jpg","contentUrl":"https:\/\/arcticexcursions.com\/wp-content\/uploads\/2025\/04\/g-tour-scaled.jpg","width":2560,"height":1928},{"@type":"BreadcrumbList","@id":"https:\/\/arcticexcursions.com\/udflugter\/vitamin-g-tour-with-a-closed-boat-25-hour\/#breadcrumb","itemListElement":[{"@type":"ListItem","position":1,"name":"Home","item":"https:\/\/arcticexcursions.com\/da\/"},{"@type":"ListItem","position":2,"name":"Udflugter i Gr\u00f8nland","item":"https:\/\/arcticexcursions.com\/da\/udflugter\/"},{"@type":"ListItem","position":3,"name":"Vitamin G-tur med lukket b\u00e5d \u2013 2,5 time"}]},{"@type":"WebSite","@id":"https:\/\/arcticexcursions.com\/#website","url":"https:\/\/arcticexcursions.com\/","name":"Arctic Excursions","description":"New adventures. Every day.","publisher":{"@id":"https:\/\/arcticexcursions.com\/#organization"},"potentialAction":[{"@type":"SearchAction","target":{"@type":"EntryPoint","urlTemplate":"https:\/\/arcticexcursions.com\/?s={search_term_string}"},"query-input":{"@type":"PropertyValueSpecification","valueRequired":true,"valueName":"search_term_string"}}],"inLanguage":"da-DK"},{"@type":"Organization","@id":"https:\/\/arcticexcursions.com\/#organization","name":"Arctic Excursions","url":"https:\/\/arcticexcursions.com\/","logo":{"@type":"ImageObject","inLanguage":"da-DK","@id":"https:\/\/arcticexcursions.com\/#\/schema\/logo\/image\/","url":"https:\/\/arcticexcursions.com\/wp-content\/uploads\/2022\/11\/fb-logo.png","contentUrl":"https:\/\/arcticexcursions.com\/wp-content\/uploads\/2022\/11\/fb-logo.png","width":523,"height":523,"caption":"Arctic Excursions"},"image":{"@id":"https:\/\/arcticexcursions.com\/#\/schema\/logo\/image\/"}}]}},"_links":{"self":[{"href":"https:\/\/arcticexcursions.com\/da\/wp-json\/wp\/v2\/product\/50867"}],"collection":[{"href":"https:\/\/arcticexcursions.com\/da\/wp-json\/wp\/v2\/product"}],"about":[{"href":"https:\/\/arcticexcursions.com\/da\/wp-json\/wp\/v2\/types\/product"}],"replies":[{"embeddable":true,"href":"https:\/\/arcticexcursions.com\/da\/wp-json\/wp\/v2\/comments?post=50867"}],"wp:featuredmedia":[{"embeddable":true,"href":"https:\/\/arcticexcursions.com\/da\/wp-json\/wp\/v2\/media\/50865"}],"wp:attachment":[{"href":"https:\/\/arcticexcursions.com\/da\/wp-json\/wp\/v2\/media?parent=50867"}],"wp:term":[{"taxonomy":"product_brand","embeddable":true,"href":"https:\/\/arcticexcursions.com\/da\/wp-json\/wp\/v2\/product_brand?post=50867"},{"taxonomy":"product_cat","embeddable":true,"href":"https:\/\/arcticexcursions.com\/da\/wp-json\/wp\/v2\/product_cat?post=50867"},{"taxonomy":"product_tag","embeddable":true,"href":"https:\/\/arcticexcursions.com\/da\/wp-json\/wp\/v2\/product_tag?post=50867"}],"curies":[{"name":"wp","href":"https:\/\/api.w.org\/{rel}","templated":true}]}}