{"id":50872,"date":"2025-04-25T00:23:51","date_gmt":"2025-04-24T22:23:51","guid":{"rendered":"https:\/\/arcticexcursions.com\/?post_type=product&#038;p=50872"},"modified":"2025-11-04T19:02:19","modified_gmt":"2025-11-04T17:02:19","slug":"enjoy-a-whale-watching-adventure-in-ilulissat-from-the-warmth-of-a-closed-boat-2-5-hours","status":"publish","type":"product","link":"https:\/\/arcticexcursions.com\/da\/udflugter\/enjoy-a-whale-watching-adventure-in-ilulissat-from-the-warmth-of-a-closed-boat-2-5-hours\/","title":{"rendered":"Hvalsafari-eventyr i Ilulissat i lukket b\u00e5d &#8211; 2,5 time"},"content":{"rendered":"<p><b>Oplev en uforglemmelig hvalsafari i Ilulissat-omr\u00e5det!<\/b><br \/>\nSejl gennem de iskolde arktiske farvande og kom helt t\u00e6t p\u00e5 naturens sk\u00f8nhed. Omr\u00e5det er s\u00e6rligt kendt for pukkelhvaler, som ofte ses lege og jage t\u00e6t ved b\u00e5den. Fra komforten i en lukket b\u00e5d kan du nyde udsigten til drivende isbjerge og den magiske stemning i Diskobugten \u2013 en sand oplevelse for livet.<\/p>\n<p>Undervejs kan du varme dig med kaffe, te, sm\u00e5kager og andre forfriskninger serveret ombord. En hyggelig og magisk tur, du sent vil glemme!<\/p>\n<p><b>Varighed:<\/b> 2,5 time<\/p>\n<p><b>Deltagere:<\/b> Bem\u00e6rk venligst, at udflugten kun gennemf\u00f8res, hvis der er mindst 5 bookede billetter i alt. Hvis du for eksempel booker 3 billetter, skal der s\u00e6lges mindst 2 yderligere billetter til andre kunder, f\u00f8r turen kan finde sted. Der vil deltage maksimalt 12 personer.<\/p>\n<p><b>Sprog:<\/b> Guiden\/kaptajnen taler dansk, engelsk og gr\u00f8nlandsk<\/p>\n<p><b>B\u00e5dtype:<\/b> Lukket b\u00e5d<\/p>\n<p><b>Toiletforhold:<\/b> Der er toilet p\u00e5 b\u00e5den<\/p>\n<p><b>Forplejning:<\/b> Kaffe og te serveres p\u00e5 b\u00e5den<\/p>\n<p><b>Anbefalet p\u00e5kl\u00e6dning:<\/b> Varmt t\u00f8j inkl. hue og handsker hele \u00e5ret. Solbriller. Solcreme om sommeren.<\/p>\n","protected":false},"excerpt":{"rendered":"<p>Tag med p\u00e5 en hyggelig b\u00e5dtur gennem Diskobugtens iskolde farvande, hvor pukkelhvaler ofte kan opleves p\u00e5 n\u00e6rt hold. Nyd det magiske arktiske landskab med drivende isbjerge, og varm dig med kaffe, te, sm\u00e5kager og andre forfriskninger ombord. En oplevelse du sent vil glemme!<\/p>\n","protected":false},"featured_media":50870,"comment_status":"open","ping_status":"closed","template":"","meta":{"_acf_changed":false},"product_brand":[],"product_cat":[170],"product_tag":[],"class_list":{"0":"post-50872","1":"product","2":"type-product","3":"status-publish","4":"has-post-thumbnail","6":"product_cat-udflugt","7":"pa_dato-5878","8":"pa_dato-6071","9":"pa_dato-6018","10":"pa_dato-5947","11":"pa_dato-6020","12":"pa_dato-5948","13":"pa_dato-5933","14":"pa_dato-5949","15":"pa_dato-6000","16":"pa_dato-5882","17":"pa_dato-5953","18":"pa_dato-5965","19":"pa_dato-5975","20":"pa_dato-5976","21":"pa_dato-6051","22":"pa_dato-6046","23":"pa_dato-6058","24":"pa_dato-6059","25":"pa_dato-5937","26":"pa_dato-5964","27":"pa_dato-6067","28":"pa_dato-6024","29":"pa_dato-6006","30":"pa_dato-5955","31":"pa_dato-6062","32":"pa_dato-5929","33":"pa_tidspunkt-40","34":"pa_tidspunkt-314","35":"pa_tidspunkt-426","36":"pa_tidspunkt-255","37":"tour_location-ilulissat-da","38":"tour_type-hvalsafari","39":"tour_state-show_always","40":"tour_state-allowed_prebooking","41":"tour_tickettype-greenland_travel_tour","42":"tour_tickettype-greenland_travel_team","43":"tour_tickettype-arctic_excursions","44":"tour_operator-i-love-ilulissat-tours","46":"first","47":"outofstock","48":"shipping-taxable","49":"product-type-variable"},"acf":[],"yoast_head":"<!-- This site is optimized with the Yoast SEO plugin v23.6 - https:\/\/yoast.com\/wordpress\/plugins\/seo\/ -->\n<title>Arctic Excursions<\/title>\n<meta name=\"robots\" content=\"index, follow, max-snippet:-1, max-image-preview:large, max-video-preview:-1\" \/>\n<link rel=\"canonical\" href=\"https:\/\/arcticexcursions.com\/udflugter\/enjoy-a-whale-watching-adventure-in-ilulissat-from-the-warmth-of-a-closed-boat-2-5-hours\/\" \/>\n<meta property=\"og:locale\" content=\"da_DK\" \/>\n<meta property=\"og:type\" content=\"article\" \/>\n<meta property=\"og:title\" content=\"Hvalsafari-eventyr i Ilulissat i lukket b\u00e5d - 2,5 time - Arctic Excursions\" \/>\n<meta property=\"og:description\" content=\"Tag med p\u00e5 en hyggelig b\u00e5dtur gennem Diskobugtens iskolde farvande, hvor pukkelhvaler ofte kan opleves p\u00e5 n\u00e6rt hold. Nyd det magiske arktiske landskab med drivende isbjerge, og varm dig med kaffe, te, sm\u00e5kager og andre forfriskninger ombord. En oplevelse du sent vil glemme!\" \/>\n<meta property=\"og:url\" content=\"https:\/\/arcticexcursions.com\/udflugter\/enjoy-a-whale-watching-adventure-in-ilulissat-from-the-warmth-of-a-closed-boat-2-5-hours\/\" \/>\n<meta property=\"og:site_name\" content=\"Arctic Excursions\" \/>\n<meta property=\"article:modified_time\" content=\"2025-11-04T17:02:19+00:00\" \/>\n<meta property=\"og:image\" content=\"https:\/\/arcticexcursions.com\/wp-content\/uploads\/2025\/04\/private-whale-safari-ilulissat-disko-bay-Guide-to-Greenland1.jpg\" \/>\n\t<meta property=\"og:image:width\" content=\"926\" \/>\n\t<meta property=\"og:image:height\" content=\"617\" \/>\n\t<meta property=\"og:image:type\" content=\"image\/jpeg\" \/>\n<meta name=\"twitter:card\" content=\"summary_large_image\" \/>\n<meta name=\"twitter:label1\" content=\"Estimeret l\u00e6setid\" \/>\n\t<meta name=\"twitter:data1\" content=\"1 minut\" \/>\n<script type=\"application\/ld+json\" class=\"yoast-schema-graph\">{\"@context\":\"https:\/\/schema.org\",\"@graph\":[{\"@type\":\"WebPage\",\"@id\":\"https:\/\/arcticexcursions.com\/udflugter\/enjoy-a-whale-watching-adventure-in-ilulissat-from-the-warmth-of-a-closed-boat-2-5-hours\/\",\"url\":\"https:\/\/arcticexcursions.com\/udflugter\/enjoy-a-whale-watching-adventure-in-ilulissat-from-the-warmth-of-a-closed-boat-2-5-hours\/\",\"name\":\"Hvalsafari-eventyr i Ilulissat i lukket b\u00e5d - 2,5 time - Arctic Excursions\",\"isPartOf\":{\"@id\":\"https:\/\/arcticexcursions.com\/#website\"},\"primaryImageOfPage\":{\"@id\":\"https:\/\/arcticexcursions.com\/udflugter\/enjoy-a-whale-watching-adventure-in-ilulissat-from-the-warmth-of-a-closed-boat-2-5-hours\/#primaryimage\"},\"image\":{\"@id\":\"https:\/\/arcticexcursions.com\/udflugter\/enjoy-a-whale-watching-adventure-in-ilulissat-from-the-warmth-of-a-closed-boat-2-5-hours\/#primaryimage\"},\"thumbnailUrl\":\"https:\/\/arcticexcursions.com\/wp-content\/uploads\/2025\/04\/private-whale-safari-ilulissat-disko-bay-Guide-to-Greenland1.jpg\",\"datePublished\":\"2025-04-24T22:23:51+00:00\",\"dateModified\":\"2025-11-04T17:02:19+00:00\",\"breadcrumb\":{\"@id\":\"https:\/\/arcticexcursions.com\/udflugter\/enjoy-a-whale-watching-adventure-in-ilulissat-from-the-warmth-of-a-closed-boat-2-5-hours\/#breadcrumb\"},\"inLanguage\":\"da-DK\",\"potentialAction\":[{\"@type\":\"ReadAction\",\"target\":[\"https:\/\/arcticexcursions.com\/udflugter\/enjoy-a-whale-watching-adventure-in-ilulissat-from-the-warmth-of-a-closed-boat-2-5-hours\/\"]}]},{\"@type\":\"ImageObject\",\"inLanguage\":\"da-DK\",\"@id\":\"https:\/\/arcticexcursions.com\/udflugter\/enjoy-a-whale-watching-adventure-in-ilulissat-from-the-warmth-of-a-closed-boat-2-5-hours\/#primaryimage\",\"url\":\"https:\/\/arcticexcursions.com\/wp-content\/uploads\/2025\/04\/private-whale-safari-ilulissat-disko-bay-Guide-to-Greenland1.jpg\",\"contentUrl\":\"https:\/\/arcticexcursions.com\/wp-content\/uploads\/2025\/04\/private-whale-safari-ilulissat-disko-bay-Guide-to-Greenland1.jpg\",\"width\":926,\"height\":617},{\"@type\":\"BreadcrumbList\",\"@id\":\"https:\/\/arcticexcursions.com\/udflugter\/enjoy-a-whale-watching-adventure-in-ilulissat-from-the-warmth-of-a-closed-boat-2-5-hours\/#breadcrumb\",\"itemListElement\":[{\"@type\":\"ListItem\",\"position\":1,\"name\":\"Home\",\"item\":\"https:\/\/arcticexcursions.com\/da\/\"},{\"@type\":\"ListItem\",\"position\":2,\"name\":\"Udflugter i Gr\u00f8nland\",\"item\":\"https:\/\/arcticexcursions.com\/da\/udflugter\/\"},{\"@type\":\"ListItem\",\"position\":3,\"name\":\"Hvalsafari-eventyr i Ilulissat i lukket b\u00e5d &#8211; 2,5 time\"}]},{\"@type\":\"WebSite\",\"@id\":\"https:\/\/arcticexcursions.com\/#website\",\"url\":\"https:\/\/arcticexcursions.com\/\",\"name\":\"Arctic Excursions\",\"description\":\"New adventures. Every day.\",\"publisher\":{\"@id\":\"https:\/\/arcticexcursions.com\/#organization\"},\"potentialAction\":[{\"@type\":\"SearchAction\",\"target\":{\"@type\":\"EntryPoint\",\"urlTemplate\":\"https:\/\/arcticexcursions.com\/?s={search_term_string}\"},\"query-input\":{\"@type\":\"PropertyValueSpecification\",\"valueRequired\":true,\"valueName\":\"search_term_string\"}}],\"inLanguage\":\"da-DK\"},{\"@type\":\"Organization\",\"@id\":\"https:\/\/arcticexcursions.com\/#organization\",\"name\":\"Arctic Excursions\",\"url\":\"https:\/\/arcticexcursions.com\/\",\"logo\":{\"@type\":\"ImageObject\",\"inLanguage\":\"da-DK\",\"@id\":\"https:\/\/arcticexcursions.com\/#\/schema\/logo\/image\/\",\"url\":\"https:\/\/arcticexcursions.com\/wp-content\/uploads\/2022\/11\/fb-logo.png\",\"contentUrl\":\"https:\/\/arcticexcursions.com\/wp-content\/uploads\/2022\/11\/fb-logo.png\",\"width\":523,\"height\":523,\"caption\":\"Arctic Excursions\"},\"image\":{\"@id\":\"https:\/\/arcticexcursions.com\/#\/schema\/logo\/image\/\"}}]}<\/script>\n<!-- \/ Yoast SEO plugin. -->","yoast_head_json":{"title":"Arctic Excursions","robots":{"index":"index","follow":"follow","max-snippet":"max-snippet:-1","max-image-preview":"max-image-preview:large","max-video-preview":"max-video-preview:-1"},"canonical":"https:\/\/arcticexcursions.com\/udflugter\/enjoy-a-whale-watching-adventure-in-ilulissat-from-the-warmth-of-a-closed-boat-2-5-hours\/","og_locale":"da_DK","og_type":"article","og_title":"Hvalsafari-eventyr i Ilulissat i lukket b\u00e5d - 2,5 time - Arctic Excursions","og_description":"Tag med p\u00e5 en hyggelig b\u00e5dtur gennem Diskobugtens iskolde farvande, hvor pukkelhvaler ofte kan opleves p\u00e5 n\u00e6rt hold. Nyd det magiske arktiske landskab med drivende isbjerge, og varm dig med kaffe, te, sm\u00e5kager og andre forfriskninger ombord. En oplevelse du sent vil glemme!","og_url":"https:\/\/arcticexcursions.com\/udflugter\/enjoy-a-whale-watching-adventure-in-ilulissat-from-the-warmth-of-a-closed-boat-2-5-hours\/","og_site_name":"Arctic Excursions","article_modified_time":"2025-11-04T17:02:19+00:00","og_image":[{"width":926,"height":617,"url":"https:\/\/arcticexcursions.com\/wp-content\/uploads\/2025\/04\/private-whale-safari-ilulissat-disko-bay-Guide-to-Greenland1.jpg","type":"image\/jpeg"}],"twitter_card":"summary_large_image","twitter_misc":{"Estimeret l\u00e6setid":"1 minut"},"schema":{"@context":"https:\/\/schema.org","@graph":[{"@type":"WebPage","@id":"https:\/\/arcticexcursions.com\/udflugter\/enjoy-a-whale-watching-adventure-in-ilulissat-from-the-warmth-of-a-closed-boat-2-5-hours\/","url":"https:\/\/arcticexcursions.com\/udflugter\/enjoy-a-whale-watching-adventure-in-ilulissat-from-the-warmth-of-a-closed-boat-2-5-hours\/","name":"Hvalsafari-eventyr i Ilulissat i lukket b\u00e5d - 2,5 time - Arctic Excursions","isPartOf":{"@id":"https:\/\/arcticexcursions.com\/#website"},"primaryImageOfPage":{"@id":"https:\/\/arcticexcursions.com\/udflugter\/enjoy-a-whale-watching-adventure-in-ilulissat-from-the-warmth-of-a-closed-boat-2-5-hours\/#primaryimage"},"image":{"@id":"https:\/\/arcticexcursions.com\/udflugter\/enjoy-a-whale-watching-adventure-in-ilulissat-from-the-warmth-of-a-closed-boat-2-5-hours\/#primaryimage"},"thumbnailUrl":"https:\/\/arcticexcursions.com\/wp-content\/uploads\/2025\/04\/private-whale-safari-ilulissat-disko-bay-Guide-to-Greenland1.jpg","datePublished":"2025-04-24T22:23:51+00:00","dateModified":"2025-11-04T17:02:19+00:00","breadcrumb":{"@id":"https:\/\/arcticexcursions.com\/udflugter\/enjoy-a-whale-watching-adventure-in-ilulissat-from-the-warmth-of-a-closed-boat-2-5-hours\/#breadcrumb"},"inLanguage":"da-DK","potentialAction":[{"@type":"ReadAction","target":["https:\/\/arcticexcursions.com\/udflugter\/enjoy-a-whale-watching-adventure-in-ilulissat-from-the-warmth-of-a-closed-boat-2-5-hours\/"]}]},{"@type":"ImageObject","inLanguage":"da-DK","@id":"https:\/\/arcticexcursions.com\/udflugter\/enjoy-a-whale-watching-adventure-in-ilulissat-from-the-warmth-of-a-closed-boat-2-5-hours\/#primaryimage","url":"https:\/\/arcticexcursions.com\/wp-content\/uploads\/2025\/04\/private-whale-safari-ilulissat-disko-bay-Guide-to-Greenland1.jpg","contentUrl":"https:\/\/arcticexcursions.com\/wp-content\/uploads\/2025\/04\/private-whale-safari-ilulissat-disko-bay-Guide-to-Greenland1.jpg","width":926,"height":617},{"@type":"BreadcrumbList","@id":"https:\/\/arcticexcursions.com\/udflugter\/enjoy-a-whale-watching-adventure-in-ilulissat-from-the-warmth-of-a-closed-boat-2-5-hours\/#breadcrumb","itemListElement":[{"@type":"ListItem","position":1,"name":"Home","item":"https:\/\/arcticexcursions.com\/da\/"},{"@type":"ListItem","position":2,"name":"Udflugter i Gr\u00f8nland","item":"https:\/\/arcticexcursions.com\/da\/udflugter\/"},{"@type":"ListItem","position":3,"name":"Hvalsafari-eventyr i Ilulissat i lukket b\u00e5d &#8211; 2,5 time"}]},{"@type":"WebSite","@id":"https:\/\/arcticexcursions.com\/#website","url":"https:\/\/arcticexcursions.com\/","name":"Arctic Excursions","description":"New adventures. Every day.","publisher":{"@id":"https:\/\/arcticexcursions.com\/#organization"},"potentialAction":[{"@type":"SearchAction","target":{"@type":"EntryPoint","urlTemplate":"https:\/\/arcticexcursions.com\/?s={search_term_string}"},"query-input":{"@type":"PropertyValueSpecification","valueRequired":true,"valueName":"search_term_string"}}],"inLanguage":"da-DK"},{"@type":"Organization","@id":"https:\/\/arcticexcursions.com\/#organization","name":"Arctic Excursions","url":"https:\/\/arcticexcursions.com\/","logo":{"@type":"ImageObject","inLanguage":"da-DK","@id":"https:\/\/arcticexcursions.com\/#\/schema\/logo\/image\/","url":"https:\/\/arcticexcursions.com\/wp-content\/uploads\/2022\/11\/fb-logo.png","contentUrl":"https:\/\/arcticexcursions.com\/wp-content\/uploads\/2022\/11\/fb-logo.png","width":523,"height":523,"caption":"Arctic Excursions"},"image":{"@id":"https:\/\/arcticexcursions.com\/#\/schema\/logo\/image\/"}}]}},"_links":{"self":[{"href":"https:\/\/arcticexcursions.com\/da\/wp-json\/wp\/v2\/product\/50872"}],"collection":[{"href":"https:\/\/arcticexcursions.com\/da\/wp-json\/wp\/v2\/product"}],"about":[{"href":"https:\/\/arcticexcursions.com\/da\/wp-json\/wp\/v2\/types\/product"}],"replies":[{"embeddable":true,"href":"https:\/\/arcticexcursions.com\/da\/wp-json\/wp\/v2\/comments?post=50872"}],"wp:featuredmedia":[{"embeddable":true,"href":"https:\/\/arcticexcursions.com\/da\/wp-json\/wp\/v2\/media\/50870"}],"wp:attachment":[{"href":"https:\/\/arcticexcursions.com\/da\/wp-json\/wp\/v2\/media?parent=50872"}],"wp:term":[{"taxonomy":"product_brand","embeddable":true,"href":"https:\/\/arcticexcursions.com\/da\/wp-json\/wp\/v2\/product_brand?post=50872"},{"taxonomy":"product_cat","embeddable":true,"href":"https:\/\/arcticexcursions.com\/da\/wp-json\/wp\/v2\/product_cat?post=50872"},{"taxonomy":"product_tag","embeddable":true,"href":"https:\/\/arcticexcursions.com\/da\/wp-json\/wp\/v2\/product_tag?post=50872"}],"curies":[{"name":"wp","href":"https:\/\/api.w.org\/{rel}","templated":true}]}}