{"id":52256,"date":"2025-05-04T04:51:19","date_gmt":"2025-05-04T02:51:19","guid":{"rendered":"https:\/\/arcticexcursions.com\/?post_type=product&#038;p=52256"},"modified":"2025-11-04T19:12:14","modified_gmt":"2025-11-04T17:12:14","slug":"midnight-cruise-2","status":"publish","type":"product","link":"https:\/\/arcticexcursions.com\/da\/udflugter\/midnight-cruise-2\/","title":{"rendered":"Midnats-cruise 2 timer i lukket b\u00e5d"},"content":{"rendered":"<p>Vi begynder vores rolige sejlads fra Ilulissat Havn med kurs mod den storsl\u00e5ede Isfjord. Denne komfortable og natursk\u00f8nne b\u00e5dtur giver dig en enest\u00e5ende mulighed for at opleve Gr\u00f8nlands smukke natur i et afslappet tempo.<\/p>\n<p>B\u00e5den er fuldt lukket og opvarmet, s\u00e5 du er godt beskyttet mod vejret, samtidig med at du kan nyde udsigten gennem de store panoramavinduer. For dem, der \u00f8nsker at m\u00e6rke den friske arktiske luft, er der adgang til et udend\u00f8rs d\u00e6k \u2013 vi anbefaler at medbringe varmt t\u00f8j, hvis du vil opholde dig udenfor.<\/p>\n<p>Der er toilet ombord for din bekvemmelighed, og der vil v\u00e6re gratis kaffe og te tilg\u00e6ngeligt under hele turen.<\/p>\n<p>Dette er en fantastisk mulighed for at opleve Isfjorden i komfort og ro, med god tid til at nyde stilheden, lyset og det imponerende landskab omkring dig.<\/p>\n<p><b>Varighed:<\/b> 2 timer<\/p>\n<p><b>Deltagere:<\/b> Bem\u00e6rk venligst, at udflugten kun gennemf\u00f8res, hvis der er mindst 5 bookede billetter i alt. Hvis du for eksempel booker 3 billetter, skal der s\u00e6lges mindst 2 yderligere billetter til andre kunder, f\u00f8r turen kan finde sted. Der vil deltage maksimalt 12 personer.<\/p>\n<p><b>Sprog:<\/b> Guiden\/kaptajnen taler dansk, engelsk og gr\u00f8nlandsk<\/p>\n<p><b>B\u00e5dtype:<\/b> Lukket b\u00e5d<\/p>\n<p><b>Toiletforhold:<\/b> Der er toilet p\u00e5 b\u00e5den<\/p>\n<p><b>Forplejning:<\/b> Kaffe og te serveres p\u00e5 b\u00e5den<\/p>\n<p><b>Anbefalet p\u00e5kl\u00e6dning:<\/b> Varmt t\u00f8j inkl. hue og handsker hele \u00e5ret. Solbriller. Solcreme om sommeren.<\/p>\n","protected":false},"excerpt":{"rendered":"<p>Vi sejler stille og roligt ud fra Ilulissat Havn med kurs mod Isfjorden. Der vil v\u00e6re rig mulighed for at nyde den betagende udsigt og de fredelige omgivelser.<\/p>\n","protected":false},"featured_media":52244,"comment_status":"open","ping_status":"closed","template":"","meta":{"_acf_changed":false},"product_brand":[],"product_cat":[101,170],"product_tag":[],"class_list":{"0":"post-52256","1":"product","2":"type-product","3":"status-publish","4":"has-post-thumbnail","6":"product_cat-tour","7":"product_cat-udflugt","8":"pa_dato-6101","9":"pa_dato-6038","10":"pa_dato-6019","11":"pa_dato-5947","12":"pa_dato-6064","13":"pa_dato-5999","14":"pa_dato-5952","15":"pa_dato-5879","16":"pa_dato-5975","17":"pa_dato-5976","18":"pa_dato-6051","19":"pa_dato-5937","20":"pa_dato-5964","21":"pa_dato-6024","22":"pa_dato-5931","23":"pa_dato-6006","24":"pa_dato-6062","25":"pa_dato-5929","26":"pa_dato-5888","27":"pa_dato-5988","28":"pa_dato-5946","29":"pa_dato-5889","30":"pa_dato-5958","31":"pa_dato-5938","32":"pa_dato-5963","33":"pa_dato-5956","34":"pa_dato-5980","35":"pa_dato-5977","36":"pa_dato-6002","37":"pa_dato-5961","38":"pa_dato-6060","39":"pa_dato-5939","40":"pa_dato-5918","41":"pa_dato-5978","42":"pa_dato-5990","43":"pa_dato-6061","44":"pa_dato-6003","45":"pa_dato-6027","46":"pa_dato-5957","47":"pa_dato-6078","48":"pa_dato-6028","49":"pa_dato-6090","50":"pa_dato-6148","51":"pa_dato-6073","52":"pa_tidspunkt-231","53":"tour_location-ilulissat","54":"tour_location-ilulissat-da","55":"tour_type-boat-trip","56":"tour_type-baadture","57":"tour_state-allowed_prebooking","58":"tour_state-show_always","59":"tour_tickettype-arctic_excursions","60":"tour_tickettype-greenland_travel_tour","61":"tour_tickettype-greenland_travel_team","62":"tour_operator-i-love-ilulissat-tours","64":"first","65":"outofstock","66":"shipping-taxable","67":"product-type-variable"},"acf":[],"yoast_head":"<!-- This site is optimized with the Yoast SEO plugin v23.6 - https:\/\/yoast.com\/wordpress\/plugins\/seo\/ -->\n<title>Arctic Excursions<\/title>\n<meta name=\"robots\" content=\"index, follow, max-snippet:-1, max-image-preview:large, max-video-preview:-1\" \/>\n<link rel=\"canonical\" href=\"https:\/\/arcticexcursions.com\/udflugter\/midnight-cruise-2\/\" \/>\n<meta property=\"og:locale\" content=\"da_DK\" \/>\n<meta property=\"og:type\" content=\"article\" \/>\n<meta property=\"og:title\" content=\"Midnats-cruise 2 timer i lukket b\u00e5d - Arctic Excursions\" \/>\n<meta property=\"og:description\" content=\"Vi sejler stille og roligt ud fra Ilulissat Havn med kurs mod Isfjorden. Der vil v\u00e6re rig mulighed for at nyde den betagende udsigt og de fredelige omgivelser.\" \/>\n<meta property=\"og:url\" content=\"https:\/\/arcticexcursions.com\/udflugter\/midnight-cruise-2\/\" \/>\n<meta property=\"og:site_name\" content=\"Arctic Excursions\" \/>\n<meta property=\"article:modified_time\" content=\"2025-11-04T17:12:14+00:00\" \/>\n<meta property=\"og:image\" content=\"https:\/\/arcticexcursions.com\/wp-content\/uploads\/2025\/05\/IMG_20250418_212325-scaled.jpg\" \/>\n\t<meta property=\"og:image:width\" content=\"2560\" \/>\n\t<meta property=\"og:image:height\" content=\"1928\" \/>\n\t<meta property=\"og:image:type\" content=\"image\/jpeg\" \/>\n<meta name=\"twitter:card\" content=\"summary_large_image\" \/>\n<meta name=\"twitter:label1\" content=\"Estimeret l\u00e6setid\" \/>\n\t<meta name=\"twitter:data1\" content=\"1 minut\" \/>\n<script type=\"application\/ld+json\" class=\"yoast-schema-graph\">{\"@context\":\"https:\/\/schema.org\",\"@graph\":[{\"@type\":\"WebPage\",\"@id\":\"https:\/\/arcticexcursions.com\/udflugter\/midnight-cruise-2\/\",\"url\":\"https:\/\/arcticexcursions.com\/udflugter\/midnight-cruise-2\/\",\"name\":\"Midnats-cruise 2 timer i lukket b\u00e5d - Arctic Excursions\",\"isPartOf\":{\"@id\":\"https:\/\/arcticexcursions.com\/#website\"},\"primaryImageOfPage\":{\"@id\":\"https:\/\/arcticexcursions.com\/udflugter\/midnight-cruise-2\/#primaryimage\"},\"image\":{\"@id\":\"https:\/\/arcticexcursions.com\/udflugter\/midnight-cruise-2\/#primaryimage\"},\"thumbnailUrl\":\"https:\/\/arcticexcursions.com\/wp-content\/uploads\/2025\/05\/IMG_20250418_212325-scaled.jpg\",\"datePublished\":\"2025-05-04T02:51:19+00:00\",\"dateModified\":\"2025-11-04T17:12:14+00:00\",\"breadcrumb\":{\"@id\":\"https:\/\/arcticexcursions.com\/udflugter\/midnight-cruise-2\/#breadcrumb\"},\"inLanguage\":\"da-DK\",\"potentialAction\":[{\"@type\":\"ReadAction\",\"target\":[\"https:\/\/arcticexcursions.com\/udflugter\/midnight-cruise-2\/\"]}]},{\"@type\":\"ImageObject\",\"inLanguage\":\"da-DK\",\"@id\":\"https:\/\/arcticexcursions.com\/udflugter\/midnight-cruise-2\/#primaryimage\",\"url\":\"https:\/\/arcticexcursions.com\/wp-content\/uploads\/2025\/05\/IMG_20250418_212325-scaled.jpg\",\"contentUrl\":\"https:\/\/arcticexcursions.com\/wp-content\/uploads\/2025\/05\/IMG_20250418_212325-scaled.jpg\",\"width\":2560,\"height\":1928},{\"@type\":\"BreadcrumbList\",\"@id\":\"https:\/\/arcticexcursions.com\/udflugter\/midnight-cruise-2\/#breadcrumb\",\"itemListElement\":[{\"@type\":\"ListItem\",\"position\":1,\"name\":\"Home\",\"item\":\"https:\/\/arcticexcursions.com\/da\/\"},{\"@type\":\"ListItem\",\"position\":2,\"name\":\"Udflugter i Gr\u00f8nland\",\"item\":\"https:\/\/arcticexcursions.com\/da\/udflugter\/\"},{\"@type\":\"ListItem\",\"position\":3,\"name\":\"Midnats-cruise 2 timer i lukket b\u00e5d\"}]},{\"@type\":\"WebSite\",\"@id\":\"https:\/\/arcticexcursions.com\/#website\",\"url\":\"https:\/\/arcticexcursions.com\/\",\"name\":\"Arctic Excursions\",\"description\":\"New adventures. Every day.\",\"publisher\":{\"@id\":\"https:\/\/arcticexcursions.com\/#organization\"},\"potentialAction\":[{\"@type\":\"SearchAction\",\"target\":{\"@type\":\"EntryPoint\",\"urlTemplate\":\"https:\/\/arcticexcursions.com\/?s={search_term_string}\"},\"query-input\":{\"@type\":\"PropertyValueSpecification\",\"valueRequired\":true,\"valueName\":\"search_term_string\"}}],\"inLanguage\":\"da-DK\"},{\"@type\":\"Organization\",\"@id\":\"https:\/\/arcticexcursions.com\/#organization\",\"name\":\"Arctic Excursions\",\"url\":\"https:\/\/arcticexcursions.com\/\",\"logo\":{\"@type\":\"ImageObject\",\"inLanguage\":\"da-DK\",\"@id\":\"https:\/\/arcticexcursions.com\/#\/schema\/logo\/image\/\",\"url\":\"https:\/\/arcticexcursions.com\/wp-content\/uploads\/2022\/11\/fb-logo.png\",\"contentUrl\":\"https:\/\/arcticexcursions.com\/wp-content\/uploads\/2022\/11\/fb-logo.png\",\"width\":523,\"height\":523,\"caption\":\"Arctic Excursions\"},\"image\":{\"@id\":\"https:\/\/arcticexcursions.com\/#\/schema\/logo\/image\/\"}}]}<\/script>\n<!-- \/ Yoast SEO plugin. -->","yoast_head_json":{"title":"Arctic Excursions","robots":{"index":"index","follow":"follow","max-snippet":"max-snippet:-1","max-image-preview":"max-image-preview:large","max-video-preview":"max-video-preview:-1"},"canonical":"https:\/\/arcticexcursions.com\/udflugter\/midnight-cruise-2\/","og_locale":"da_DK","og_type":"article","og_title":"Midnats-cruise 2 timer i lukket b\u00e5d - Arctic Excursions","og_description":"Vi sejler stille og roligt ud fra Ilulissat Havn med kurs mod Isfjorden. Der vil v\u00e6re rig mulighed for at nyde den betagende udsigt og de fredelige omgivelser.","og_url":"https:\/\/arcticexcursions.com\/udflugter\/midnight-cruise-2\/","og_site_name":"Arctic Excursions","article_modified_time":"2025-11-04T17:12:14+00:00","og_image":[{"width":2560,"height":1928,"url":"https:\/\/arcticexcursions.com\/wp-content\/uploads\/2025\/05\/IMG_20250418_212325-scaled.jpg","type":"image\/jpeg"}],"twitter_card":"summary_large_image","twitter_misc":{"Estimeret l\u00e6setid":"1 minut"},"schema":{"@context":"https:\/\/schema.org","@graph":[{"@type":"WebPage","@id":"https:\/\/arcticexcursions.com\/udflugter\/midnight-cruise-2\/","url":"https:\/\/arcticexcursions.com\/udflugter\/midnight-cruise-2\/","name":"Midnats-cruise 2 timer i lukket b\u00e5d - Arctic Excursions","isPartOf":{"@id":"https:\/\/arcticexcursions.com\/#website"},"primaryImageOfPage":{"@id":"https:\/\/arcticexcursions.com\/udflugter\/midnight-cruise-2\/#primaryimage"},"image":{"@id":"https:\/\/arcticexcursions.com\/udflugter\/midnight-cruise-2\/#primaryimage"},"thumbnailUrl":"https:\/\/arcticexcursions.com\/wp-content\/uploads\/2025\/05\/IMG_20250418_212325-scaled.jpg","datePublished":"2025-05-04T02:51:19+00:00","dateModified":"2025-11-04T17:12:14+00:00","breadcrumb":{"@id":"https:\/\/arcticexcursions.com\/udflugter\/midnight-cruise-2\/#breadcrumb"},"inLanguage":"da-DK","potentialAction":[{"@type":"ReadAction","target":["https:\/\/arcticexcursions.com\/udflugter\/midnight-cruise-2\/"]}]},{"@type":"ImageObject","inLanguage":"da-DK","@id":"https:\/\/arcticexcursions.com\/udflugter\/midnight-cruise-2\/#primaryimage","url":"https:\/\/arcticexcursions.com\/wp-content\/uploads\/2025\/05\/IMG_20250418_212325-scaled.jpg","contentUrl":"https:\/\/arcticexcursions.com\/wp-content\/uploads\/2025\/05\/IMG_20250418_212325-scaled.jpg","width":2560,"height":1928},{"@type":"BreadcrumbList","@id":"https:\/\/arcticexcursions.com\/udflugter\/midnight-cruise-2\/#breadcrumb","itemListElement":[{"@type":"ListItem","position":1,"name":"Home","item":"https:\/\/arcticexcursions.com\/da\/"},{"@type":"ListItem","position":2,"name":"Udflugter i Gr\u00f8nland","item":"https:\/\/arcticexcursions.com\/da\/udflugter\/"},{"@type":"ListItem","position":3,"name":"Midnats-cruise 2 timer i lukket b\u00e5d"}]},{"@type":"WebSite","@id":"https:\/\/arcticexcursions.com\/#website","url":"https:\/\/arcticexcursions.com\/","name":"Arctic Excursions","description":"New adventures. Every day.","publisher":{"@id":"https:\/\/arcticexcursions.com\/#organization"},"potentialAction":[{"@type":"SearchAction","target":{"@type":"EntryPoint","urlTemplate":"https:\/\/arcticexcursions.com\/?s={search_term_string}"},"query-input":{"@type":"PropertyValueSpecification","valueRequired":true,"valueName":"search_term_string"}}],"inLanguage":"da-DK"},{"@type":"Organization","@id":"https:\/\/arcticexcursions.com\/#organization","name":"Arctic Excursions","url":"https:\/\/arcticexcursions.com\/","logo":{"@type":"ImageObject","inLanguage":"da-DK","@id":"https:\/\/arcticexcursions.com\/#\/schema\/logo\/image\/","url":"https:\/\/arcticexcursions.com\/wp-content\/uploads\/2022\/11\/fb-logo.png","contentUrl":"https:\/\/arcticexcursions.com\/wp-content\/uploads\/2022\/11\/fb-logo.png","width":523,"height":523,"caption":"Arctic Excursions"},"image":{"@id":"https:\/\/arcticexcursions.com\/#\/schema\/logo\/image\/"}}]}},"_links":{"self":[{"href":"https:\/\/arcticexcursions.com\/da\/wp-json\/wp\/v2\/product\/52256"}],"collection":[{"href":"https:\/\/arcticexcursions.com\/da\/wp-json\/wp\/v2\/product"}],"about":[{"href":"https:\/\/arcticexcursions.com\/da\/wp-json\/wp\/v2\/types\/product"}],"replies":[{"embeddable":true,"href":"https:\/\/arcticexcursions.com\/da\/wp-json\/wp\/v2\/comments?post=52256"}],"wp:featuredmedia":[{"embeddable":true,"href":"https:\/\/arcticexcursions.com\/da\/wp-json\/wp\/v2\/media\/52244"}],"wp:attachment":[{"href":"https:\/\/arcticexcursions.com\/da\/wp-json\/wp\/v2\/media?parent=52256"}],"wp:term":[{"taxonomy":"product_brand","embeddable":true,"href":"https:\/\/arcticexcursions.com\/da\/wp-json\/wp\/v2\/product_brand?post=52256"},{"taxonomy":"product_cat","embeddable":true,"href":"https:\/\/arcticexcursions.com\/da\/wp-json\/wp\/v2\/product_cat?post=52256"},{"taxonomy":"product_tag","embeddable":true,"href":"https:\/\/arcticexcursions.com\/da\/wp-json\/wp\/v2\/product_tag?post=52256"}],"curies":[{"name":"wp","href":"https:\/\/api.w.org\/{rel}","templated":true}]}}