{"id":52338,"date":"2025-05-03T14:44:31","date_gmt":"2025-05-03T12:44:31","guid":{"rendered":"https:\/\/arcticexcursions.com\/?post_type=product&#038;p=52338"},"modified":"2025-11-04T16:08:12","modified_gmt":"2025-11-04T14:08:12","slug":"xl-ice-cap-and-blue-lakes","status":"publish","type":"product","link":"https:\/\/arcticexcursions.com\/da\/udflugter\/xl-ice-cap-and-blue-lakes\/","title":{"rendered":"XL Indlandsis og Bl\u00e5 S\u00f8er"},"content":{"rendered":"<p>Ud over at v\u00e6re hjemsted for de ber\u00f8mte moskusokser byder dalene p\u00e5 et farvespil i s\u00e6sonen, og vi udforsker dem samt omr\u00e5dets dyreliv sammen med dig. Desert Valley leder os derefter tilbage til Kangerlussuaq for landing.<\/p>\n<p><b>Varighed:<\/b> ca. 40 minutter<\/p>\n<p><b>Deltagere:<\/b> Bem\u00e6rk venligst, at udflugten kun finder sted, hvis der i alt er booket mindst 4 billetter. For eksempel, hvis du booker 2 billetter, skal der s\u00e6lges mindst 2 yderligere billetter til andre kunder, for at turen kan gennemf\u00f8res. Der deltager maksimalt 5 personer (eller 400 kg).<\/p>\n<p><b>Praktisk info:<\/b> Piloten bestemmer siddepladserne ud fra en sikkerhedsvurdering.<\/p>\n<p><b>Bem\u00e6rk venligst:<\/b> Vi beder dig venligst oplyse din v\u00e6gt i kommentarfeltet ved bestilling p\u00e5 betalingssiden.<\/p>\n<p><b>Anbefalet p\u00e5kl\u00e6dning:<\/b> Varmt t\u00f8j inkl. hue og handsker \u00e5ret rundt. Solbriller. Solcreme om sommeren.<\/p>\n<p><b>Sprog:<\/b> Piloten taler dansk og engelsk.<\/p>\n<p><b>Bem\u00e6rk venligst:<\/b> Uden for lufthavnens \u00e5bningstider (mandag\u2013l\u00f8rdag kl. 08.00\u201317.00) opkr\u00e6ves et \u00e5bningsgebyr p\u00e5 650 DKK.<\/p>\n","protected":false},"excerpt":{"rendered":"<p>Den storsl\u00e5ede indlandsis venter p\u00e5 dit bes\u00f8g p\u00e5 denne unikke sightseeingtur, som starter med den utrolige iskappe. Efter at have oplevet den uendelige is flyver vi forbi Navigators Rock og bev\u00e6ger os ind i dalene med smeltevandsfloderne.<\/p>\n","protected":false},"featured_media":0,"comment_status":"open","ping_status":"closed","template":"","meta":{"_acf_changed":false},"product_brand":[],"product_cat":[101,170],"product_tag":[],"class_list":{"0":"post-52338","1":"product","2":"type-product","3":"status-publish","5":"product_cat-tour","6":"product_cat-udflugt","7":"tour_location-kangerlussuaq-da","8":"tour_type-flightseeing","9":"tour_tickettype-arctic_excursions","10":"tour_operator-infoairzafari-com","12":"first","13":"outofstock","14":"shipping-taxable","15":"product-type-variable"},"acf":[],"yoast_head":"<!-- This site is optimized with the Yoast SEO plugin v23.6 - https:\/\/yoast.com\/wordpress\/plugins\/seo\/ -->\n<title>Arctic Excursions<\/title>\n<meta name=\"robots\" content=\"index, follow, max-snippet:-1, max-image-preview:large, max-video-preview:-1\" \/>\n<link rel=\"canonical\" href=\"https:\/\/arcticexcursions.com\/da\/udflugter\/xl-ice-cap-and-blue-lakes\/\" \/>\n<meta property=\"og:locale\" content=\"da_DK\" \/>\n<meta property=\"og:type\" content=\"article\" \/>\n<meta property=\"og:title\" content=\"XL Indlandsis og Bl\u00e5 S\u00f8er - Arctic Excursions\" \/>\n<meta property=\"og:description\" content=\"Den storsl\u00e5ede indlandsis venter p\u00e5 dit bes\u00f8g p\u00e5 denne unikke sightseeingtur, som starter med den utrolige iskappe. Efter at have oplevet den uendelige is flyver vi forbi Navigators Rock og bev\u00e6ger os ind i dalene med smeltevandsfloderne.\" \/>\n<meta property=\"og:url\" content=\"https:\/\/arcticexcursions.com\/da\/udflugter\/xl-ice-cap-and-blue-lakes\/\" \/>\n<meta property=\"og:site_name\" content=\"Arctic Excursions\" \/>\n<meta property=\"article:modified_time\" content=\"2025-11-04T14:08:12+00:00\" \/>\n<meta name=\"twitter:card\" content=\"summary_large_image\" \/>\n<meta name=\"twitter:label1\" content=\"Estimeret l\u00e6setid\" \/>\n\t<meta name=\"twitter:data1\" content=\"1 minut\" \/>\n<script type=\"application\/ld+json\" class=\"yoast-schema-graph\">{\"@context\":\"https:\/\/schema.org\",\"@graph\":[{\"@type\":\"WebPage\",\"@id\":\"https:\/\/arcticexcursions.com\/da\/udflugter\/xl-ice-cap-and-blue-lakes\/\",\"url\":\"https:\/\/arcticexcursions.com\/da\/udflugter\/xl-ice-cap-and-blue-lakes\/\",\"name\":\"XL Indlandsis og Bl\u00e5 S\u00f8er - Arctic Excursions\",\"isPartOf\":{\"@id\":\"https:\/\/arcticexcursions.com\/#website\"},\"datePublished\":\"2025-05-03T12:44:31+00:00\",\"dateModified\":\"2025-11-04T14:08:12+00:00\",\"breadcrumb\":{\"@id\":\"https:\/\/arcticexcursions.com\/da\/udflugter\/xl-ice-cap-and-blue-lakes\/#breadcrumb\"},\"inLanguage\":\"da-DK\",\"potentialAction\":[{\"@type\":\"ReadAction\",\"target\":[\"https:\/\/arcticexcursions.com\/da\/udflugter\/xl-ice-cap-and-blue-lakes\/\"]}]},{\"@type\":\"BreadcrumbList\",\"@id\":\"https:\/\/arcticexcursions.com\/da\/udflugter\/xl-ice-cap-and-blue-lakes\/#breadcrumb\",\"itemListElement\":[{\"@type\":\"ListItem\",\"position\":1,\"name\":\"Home\",\"item\":\"https:\/\/arcticexcursions.com\/da\/\"},{\"@type\":\"ListItem\",\"position\":2,\"name\":\"Udflugter i Gr\u00f8nland\",\"item\":\"https:\/\/arcticexcursions.com\/da\/udflugter\/\"},{\"@type\":\"ListItem\",\"position\":3,\"name\":\"XL Indlandsis og Bl\u00e5 S\u00f8er\"}]},{\"@type\":\"WebSite\",\"@id\":\"https:\/\/arcticexcursions.com\/#website\",\"url\":\"https:\/\/arcticexcursions.com\/\",\"name\":\"Arctic Excursions\",\"description\":\"New adventures. Every day.\",\"publisher\":{\"@id\":\"https:\/\/arcticexcursions.com\/#organization\"},\"potentialAction\":[{\"@type\":\"SearchAction\",\"target\":{\"@type\":\"EntryPoint\",\"urlTemplate\":\"https:\/\/arcticexcursions.com\/?s={search_term_string}\"},\"query-input\":{\"@type\":\"PropertyValueSpecification\",\"valueRequired\":true,\"valueName\":\"search_term_string\"}}],\"inLanguage\":\"da-DK\"},{\"@type\":\"Organization\",\"@id\":\"https:\/\/arcticexcursions.com\/#organization\",\"name\":\"Arctic Excursions\",\"url\":\"https:\/\/arcticexcursions.com\/\",\"logo\":{\"@type\":\"ImageObject\",\"inLanguage\":\"da-DK\",\"@id\":\"https:\/\/arcticexcursions.com\/#\/schema\/logo\/image\/\",\"url\":\"https:\/\/arcticexcursions.com\/wp-content\/uploads\/2022\/11\/fb-logo.png\",\"contentUrl\":\"https:\/\/arcticexcursions.com\/wp-content\/uploads\/2022\/11\/fb-logo.png\",\"width\":523,\"height\":523,\"caption\":\"Arctic Excursions\"},\"image\":{\"@id\":\"https:\/\/arcticexcursions.com\/#\/schema\/logo\/image\/\"}}]}<\/script>\n<!-- \/ Yoast SEO plugin. -->","yoast_head_json":{"title":"Arctic Excursions","robots":{"index":"index","follow":"follow","max-snippet":"max-snippet:-1","max-image-preview":"max-image-preview:large","max-video-preview":"max-video-preview:-1"},"canonical":"https:\/\/arcticexcursions.com\/da\/udflugter\/xl-ice-cap-and-blue-lakes\/","og_locale":"da_DK","og_type":"article","og_title":"XL Indlandsis og Bl\u00e5 S\u00f8er - Arctic Excursions","og_description":"Den storsl\u00e5ede indlandsis venter p\u00e5 dit bes\u00f8g p\u00e5 denne unikke sightseeingtur, som starter med den utrolige iskappe. Efter at have oplevet den uendelige is flyver vi forbi Navigators Rock og bev\u00e6ger os ind i dalene med smeltevandsfloderne.","og_url":"https:\/\/arcticexcursions.com\/da\/udflugter\/xl-ice-cap-and-blue-lakes\/","og_site_name":"Arctic Excursions","article_modified_time":"2025-11-04T14:08:12+00:00","twitter_card":"summary_large_image","twitter_misc":{"Estimeret l\u00e6setid":"1 minut"},"schema":{"@context":"https:\/\/schema.org","@graph":[{"@type":"WebPage","@id":"https:\/\/arcticexcursions.com\/da\/udflugter\/xl-ice-cap-and-blue-lakes\/","url":"https:\/\/arcticexcursions.com\/da\/udflugter\/xl-ice-cap-and-blue-lakes\/","name":"XL Indlandsis og Bl\u00e5 S\u00f8er - Arctic Excursions","isPartOf":{"@id":"https:\/\/arcticexcursions.com\/#website"},"datePublished":"2025-05-03T12:44:31+00:00","dateModified":"2025-11-04T14:08:12+00:00","breadcrumb":{"@id":"https:\/\/arcticexcursions.com\/da\/udflugter\/xl-ice-cap-and-blue-lakes\/#breadcrumb"},"inLanguage":"da-DK","potentialAction":[{"@type":"ReadAction","target":["https:\/\/arcticexcursions.com\/da\/udflugter\/xl-ice-cap-and-blue-lakes\/"]}]},{"@type":"BreadcrumbList","@id":"https:\/\/arcticexcursions.com\/da\/udflugter\/xl-ice-cap-and-blue-lakes\/#breadcrumb","itemListElement":[{"@type":"ListItem","position":1,"name":"Home","item":"https:\/\/arcticexcursions.com\/da\/"},{"@type":"ListItem","position":2,"name":"Udflugter i Gr\u00f8nland","item":"https:\/\/arcticexcursions.com\/da\/udflugter\/"},{"@type":"ListItem","position":3,"name":"XL Indlandsis og Bl\u00e5 S\u00f8er"}]},{"@type":"WebSite","@id":"https:\/\/arcticexcursions.com\/#website","url":"https:\/\/arcticexcursions.com\/","name":"Arctic Excursions","description":"New adventures. Every day.","publisher":{"@id":"https:\/\/arcticexcursions.com\/#organization"},"potentialAction":[{"@type":"SearchAction","target":{"@type":"EntryPoint","urlTemplate":"https:\/\/arcticexcursions.com\/?s={search_term_string}"},"query-input":{"@type":"PropertyValueSpecification","valueRequired":true,"valueName":"search_term_string"}}],"inLanguage":"da-DK"},{"@type":"Organization","@id":"https:\/\/arcticexcursions.com\/#organization","name":"Arctic Excursions","url":"https:\/\/arcticexcursions.com\/","logo":{"@type":"ImageObject","inLanguage":"da-DK","@id":"https:\/\/arcticexcursions.com\/#\/schema\/logo\/image\/","url":"https:\/\/arcticexcursions.com\/wp-content\/uploads\/2022\/11\/fb-logo.png","contentUrl":"https:\/\/arcticexcursions.com\/wp-content\/uploads\/2022\/11\/fb-logo.png","width":523,"height":523,"caption":"Arctic Excursions"},"image":{"@id":"https:\/\/arcticexcursions.com\/#\/schema\/logo\/image\/"}}]}},"_links":{"self":[{"href":"https:\/\/arcticexcursions.com\/da\/wp-json\/wp\/v2\/product\/52338"}],"collection":[{"href":"https:\/\/arcticexcursions.com\/da\/wp-json\/wp\/v2\/product"}],"about":[{"href":"https:\/\/arcticexcursions.com\/da\/wp-json\/wp\/v2\/types\/product"}],"replies":[{"embeddable":true,"href":"https:\/\/arcticexcursions.com\/da\/wp-json\/wp\/v2\/comments?post=52338"}],"wp:attachment":[{"href":"https:\/\/arcticexcursions.com\/da\/wp-json\/wp\/v2\/media?parent=52338"}],"wp:term":[{"taxonomy":"product_brand","embeddable":true,"href":"https:\/\/arcticexcursions.com\/da\/wp-json\/wp\/v2\/product_brand?post=52338"},{"taxonomy":"product_cat","embeddable":true,"href":"https:\/\/arcticexcursions.com\/da\/wp-json\/wp\/v2\/product_cat?post=52338"},{"taxonomy":"product_tag","embeddable":true,"href":"https:\/\/arcticexcursions.com\/da\/wp-json\/wp\/v2\/product_tag?post=52338"}],"curies":[{"name":"wp","href":"https:\/\/api.w.org\/{rel}","templated":true}]}}