{"id":5325,"date":"2022-12-14T14:42:42","date_gmt":"2022-12-14T12:42:42","guid":{"rendered":"https:\/\/arcticexcursions.com\/?post_type=product&#038;p=5325"},"modified":"2025-11-03T18:29:02","modified_gmt":"2025-11-03T16:29:02","slug":"hvalsafari-4","status":"publish","type":"product","link":"https:\/\/arcticexcursions.com\/da\/udflugter\/hvalsafari-4\/","title":{"rendered":"Hvalsafari"},"content":{"rendered":"<p>P\u00e5 denne tur pr\u00f8ver vi at finde pukkelhvaler, som kommer om sommeren til Nuuks fjordsystem. <\/p>\n<p>Som noget helt unikt er Nuuk det eneste sted i Gr\u00f8nland, hvor pukkelhvalerne er fredet. <\/p>\n<p>Vi kan selvf\u00f8lgelig ikke garantere, at vi kommer til at se pukkelhvaler p\u00e5 selve turen. <\/p>\n<p>Men vi kan garantere dig for, at vi pr\u00f8ver at finde dem til jer p\u00e5 de forskellige gode omr\u00e5der, som skipperen kender. <\/p>\n<p>Der er toilet ombord<\/p>\n<p><b>Varighed:<\/b> 3 timer<\/p>\n<p><b>Deltagere:<\/b> Bem\u00e6rk venligst, at udflugten kun gennemf\u00f8res, hvis der er mindst 4 bookede billetter i alt. Hvis du for eksempel booker 2 billetter, skal der s\u00e6lges mindst 2 yderligere billetter til andre kunder, f\u00f8r turen kan finde sted. Der vil deltage maksimalt 12 personer. <\/p>\n<p><b>Sprog:<\/b> Guiden\/kaptajnen taler dansk, engelsk og gr\u00f8nlandsk <\/p>\n<p><b>B\u00e5dtype:<\/b> Lukket b\u00e5d <\/p>\n<p><b>Toiletforhold:<\/b> Der er toilet p\u00e5 b\u00e5den <\/p>\n<p><b>Forplejning:<\/b> Kaffe og te serveres p\u00e5 b\u00e5den <\/p>\n<p><b>Anbefalet p\u00e5kl\u00e6dning:<\/b> Varmt t\u00f8j inkl. hue og handsker hele \u00e5ret. Solbriller. Solcreme om sommeren.<\/p>\n","protected":false},"excerpt":{"rendered":"<p>Tag med os p\u00e5 en hvalsafari p\u00e5 3 timer i Nuuks fjordsystem. <\/p>\n","protected":false},"featured_media":5072,"comment_status":"open","ping_status":"closed","template":"","meta":{"_acf_changed":false},"product_brand":[],"product_cat":[170],"product_tag":[],"class_list":{"0":"post-5325","1":"product","2":"type-product","3":"status-publish","4":"has-post-thumbnail","6":"product_cat-udflugt","7":"pa_dato-389","8":"pa_dato-634","9":"pa_dato-222","10":"pa_dato-675","11":"pa_dato-554","12":"pa_dato-597","13":"pa_dato-1061","14":"pa_dato-1063","15":"pa_dato-1064","16":"pa_dato-898","17":"pa_dato-1127","18":"pa_dato-1173","19":"pa_dato-1130","20":"pa_dato-966","21":"pa_dato-1026","22":"pa_dato-1033","23":"pa_dato-998","24":"pa_dato-999","25":"pa_dato-1006","26":"pa_dato-1041","27":"pa_dato-1020","28":"pa_dato-1021","29":"pa_dato-1044","30":"pa_dato-1049","31":"pa_dato-1052","32":"pa_dato-1133","33":"pa_dato-1136","34":"pa_dato-6107","35":"pa_dato-1373","36":"pa_dato-5922","37":"pa_dato-5890","38":"pa_dato-6075","39":"pa_dato-5993","40":"pa_dato-5936","41":"pa_dato-6070","42":"pa_dato-6018","43":"pa_dato-6019","44":"pa_dato-6064","45":"pa_dato-5952","46":"pa_dato-1193","47":"pa_dato-6056","48":"pa_dato-5892","49":"pa_dato-5951","50":"pa_dato-5983","51":"pa_dato-5953","52":"pa_dato-5954","53":"pa_dato-5880","54":"pa_dato-6006","55":"pa_dato-5955","56":"pa_dato-5883","57":"pa_dato-5928","58":"pa_dato-5946","59":"pa_dato-5889","60":"pa_dato-5956","61":"pa_dato-6060","62":"pa_tidspunkt-187","63":"pa_tidspunkt-72","64":"pa_tidspunkt-304","65":"pa_tidspunkt-229","66":"pa_tidspunkt-308","67":"pa_tidspunkt-60","68":"pa_tidspunkt-57","69":"pa_tidspunkt-110","70":"pa_tidspunkt-69","71":"pa_tidspunkt-205","72":"pa_tidspunkt-770","73":"pa_tidspunkt-255","74":"pa_tidspunkt-86","75":"tour_location-nuuk-da","76":"tour_type-baadture","77":"tour_tickettype-arctic_excursions","78":"tour_operator-nuuk-water-taxi","80":"first","81":"outofstock","82":"shipping-taxable","83":"product-type-variable"},"acf":[],"yoast_head":"<!-- This site is optimized with the Yoast SEO plugin v23.6 - https:\/\/yoast.com\/wordpress\/plugins\/seo\/ -->\n<title>Arctic Excursions<\/title>\n<meta name=\"robots\" content=\"index, follow, max-snippet:-1, max-image-preview:large, max-video-preview:-1\" \/>\n<link rel=\"canonical\" href=\"https:\/\/arcticexcursions.com\/udflugter\/whale-safari-2\/\" \/>\n<meta property=\"og:locale\" content=\"da_DK\" \/>\n<meta property=\"og:type\" content=\"article\" \/>\n<meta property=\"og:title\" content=\"Hvalsafari - Arctic Excursions\" \/>\n<meta property=\"og:description\" content=\"Tag med os p\u00e5 en hvalsafari p\u00e5 3 timer i Nuuks fjordsystem.\" \/>\n<meta property=\"og:url\" content=\"https:\/\/arcticexcursions.com\/udflugter\/whale-safari-2\/\" \/>\n<meta property=\"og:site_name\" content=\"Arctic Excursions\" \/>\n<meta property=\"article:modified_time\" content=\"2025-11-03T16:29:02+00:00\" \/>\n<meta property=\"og:image\" content=\"https:\/\/arcticexcursions.com\/wp-content\/uploads\/2022\/11\/Whale-Near-Nuuk-Water-Taxi.-Photo-Aningaaq-R.-Carlsen-Visit-Greenland-1024x683.jpg\" \/>\n\t<meta property=\"og:image:width\" content=\"1024\" \/>\n\t<meta property=\"og:image:height\" content=\"683\" \/>\n\t<meta property=\"og:image:type\" content=\"image\/jpeg\" \/>\n<meta name=\"twitter:card\" content=\"summary_large_image\" \/>\n<meta name=\"twitter:label1\" content=\"Estimeret l\u00e6setid\" \/>\n\t<meta name=\"twitter:data1\" content=\"1 minut\" \/>\n<script type=\"application\/ld+json\" class=\"yoast-schema-graph\">{\"@context\":\"https:\/\/schema.org\",\"@graph\":[{\"@type\":\"WebPage\",\"@id\":\"https:\/\/arcticexcursions.com\/udflugter\/whale-safari-2\/\",\"url\":\"https:\/\/arcticexcursions.com\/udflugter\/whale-safari-2\/\",\"name\":\"Hvalsafari - Arctic Excursions\",\"isPartOf\":{\"@id\":\"https:\/\/arcticexcursions.com\/#website\"},\"primaryImageOfPage\":{\"@id\":\"https:\/\/arcticexcursions.com\/udflugter\/whale-safari-2\/#primaryimage\"},\"image\":{\"@id\":\"https:\/\/arcticexcursions.com\/udflugter\/whale-safari-2\/#primaryimage\"},\"thumbnailUrl\":\"https:\/\/arcticexcursions.com\/wp-content\/uploads\/2022\/11\/Whale-Near-Nuuk-Water-Taxi.-Photo-Aningaaq-R.-Carlsen-Visit-Greenland.jpg\",\"datePublished\":\"2022-12-14T12:42:42+00:00\",\"dateModified\":\"2025-11-03T16:29:02+00:00\",\"breadcrumb\":{\"@id\":\"https:\/\/arcticexcursions.com\/udflugter\/whale-safari-2\/#breadcrumb\"},\"inLanguage\":\"da-DK\",\"potentialAction\":[{\"@type\":\"ReadAction\",\"target\":[\"https:\/\/arcticexcursions.com\/udflugter\/whale-safari-2\/\"]}]},{\"@type\":\"ImageObject\",\"inLanguage\":\"da-DK\",\"@id\":\"https:\/\/arcticexcursions.com\/udflugter\/whale-safari-2\/#primaryimage\",\"url\":\"https:\/\/arcticexcursions.com\/wp-content\/uploads\/2022\/11\/Whale-Near-Nuuk-Water-Taxi.-Photo-Aningaaq-R.-Carlsen-Visit-Greenland.jpg\",\"contentUrl\":\"https:\/\/arcticexcursions.com\/wp-content\/uploads\/2022\/11\/Whale-Near-Nuuk-Water-Taxi.-Photo-Aningaaq-R.-Carlsen-Visit-Greenland.jpg\",\"width\":2400,\"height\":1600,\"caption\":\"Crediting is required when using photos from our galleries. This means you have to credit both the photographer and Visit Greenland (http:\/\/vg.gl\/accr) Photo by Aningaaq R Carlsen - Visit Greenland This photo is licensed under Visit Greenland License Agreement. Please refer to the license agreement for more info about the rights of use associated with the image. Download the agreement here: http:\/\/vg.gl\/vglicense When downloading or sharing this image you enter into an agreement with Visit Greenland A\/S about the use of the image under this license. If you want to apply for extended user rights for downloads on this database please read these guidelines: http:\/\/vg.gl\/guidel\"},{\"@type\":\"BreadcrumbList\",\"@id\":\"https:\/\/arcticexcursions.com\/udflugter\/whale-safari-2\/#breadcrumb\",\"itemListElement\":[{\"@type\":\"ListItem\",\"position\":1,\"name\":\"Home\",\"item\":\"https:\/\/arcticexcursions.com\/da\/\"},{\"@type\":\"ListItem\",\"position\":2,\"name\":\"Udflugter i Gr\u00f8nland\",\"item\":\"https:\/\/arcticexcursions.com\/da\/udflugter\/\"},{\"@type\":\"ListItem\",\"position\":3,\"name\":\"Hvalsafari\"}]},{\"@type\":\"WebSite\",\"@id\":\"https:\/\/arcticexcursions.com\/#website\",\"url\":\"https:\/\/arcticexcursions.com\/\",\"name\":\"Arctic Excursions\",\"description\":\"New adventures. Every day.\",\"publisher\":{\"@id\":\"https:\/\/arcticexcursions.com\/#organization\"},\"potentialAction\":[{\"@type\":\"SearchAction\",\"target\":{\"@type\":\"EntryPoint\",\"urlTemplate\":\"https:\/\/arcticexcursions.com\/?s={search_term_string}\"},\"query-input\":{\"@type\":\"PropertyValueSpecification\",\"valueRequired\":true,\"valueName\":\"search_term_string\"}}],\"inLanguage\":\"da-DK\"},{\"@type\":\"Organization\",\"@id\":\"https:\/\/arcticexcursions.com\/#organization\",\"name\":\"Arctic Excursions\",\"url\":\"https:\/\/arcticexcursions.com\/\",\"logo\":{\"@type\":\"ImageObject\",\"inLanguage\":\"da-DK\",\"@id\":\"https:\/\/arcticexcursions.com\/#\/schema\/logo\/image\/\",\"url\":\"https:\/\/arcticexcursions.com\/wp-content\/uploads\/2022\/11\/fb-logo.png\",\"contentUrl\":\"https:\/\/arcticexcursions.com\/wp-content\/uploads\/2022\/11\/fb-logo.png\",\"width\":523,\"height\":523,\"caption\":\"Arctic Excursions\"},\"image\":{\"@id\":\"https:\/\/arcticexcursions.com\/#\/schema\/logo\/image\/\"}}]}<\/script>\n<!-- \/ Yoast SEO plugin. -->","yoast_head_json":{"title":"Arctic Excursions","robots":{"index":"index","follow":"follow","max-snippet":"max-snippet:-1","max-image-preview":"max-image-preview:large","max-video-preview":"max-video-preview:-1"},"canonical":"https:\/\/arcticexcursions.com\/udflugter\/whale-safari-2\/","og_locale":"da_DK","og_type":"article","og_title":"Hvalsafari - Arctic Excursions","og_description":"Tag med os p\u00e5 en hvalsafari p\u00e5 3 timer i Nuuks fjordsystem.","og_url":"https:\/\/arcticexcursions.com\/udflugter\/whale-safari-2\/","og_site_name":"Arctic Excursions","article_modified_time":"2025-11-03T16:29:02+00:00","og_image":[{"width":1024,"height":683,"url":"https:\/\/arcticexcursions.com\/wp-content\/uploads\/2022\/11\/Whale-Near-Nuuk-Water-Taxi.-Photo-Aningaaq-R.-Carlsen-Visit-Greenland-1024x683.jpg","type":"image\/jpeg"}],"twitter_card":"summary_large_image","twitter_misc":{"Estimeret l\u00e6setid":"1 minut"},"schema":{"@context":"https:\/\/schema.org","@graph":[{"@type":"WebPage","@id":"https:\/\/arcticexcursions.com\/udflugter\/whale-safari-2\/","url":"https:\/\/arcticexcursions.com\/udflugter\/whale-safari-2\/","name":"Hvalsafari - Arctic Excursions","isPartOf":{"@id":"https:\/\/arcticexcursions.com\/#website"},"primaryImageOfPage":{"@id":"https:\/\/arcticexcursions.com\/udflugter\/whale-safari-2\/#primaryimage"},"image":{"@id":"https:\/\/arcticexcursions.com\/udflugter\/whale-safari-2\/#primaryimage"},"thumbnailUrl":"https:\/\/arcticexcursions.com\/wp-content\/uploads\/2022\/11\/Whale-Near-Nuuk-Water-Taxi.-Photo-Aningaaq-R.-Carlsen-Visit-Greenland.jpg","datePublished":"2022-12-14T12:42:42+00:00","dateModified":"2025-11-03T16:29:02+00:00","breadcrumb":{"@id":"https:\/\/arcticexcursions.com\/udflugter\/whale-safari-2\/#breadcrumb"},"inLanguage":"da-DK","potentialAction":[{"@type":"ReadAction","target":["https:\/\/arcticexcursions.com\/udflugter\/whale-safari-2\/"]}]},{"@type":"ImageObject","inLanguage":"da-DK","@id":"https:\/\/arcticexcursions.com\/udflugter\/whale-safari-2\/#primaryimage","url":"https:\/\/arcticexcursions.com\/wp-content\/uploads\/2022\/11\/Whale-Near-Nuuk-Water-Taxi.-Photo-Aningaaq-R.-Carlsen-Visit-Greenland.jpg","contentUrl":"https:\/\/arcticexcursions.com\/wp-content\/uploads\/2022\/11\/Whale-Near-Nuuk-Water-Taxi.-Photo-Aningaaq-R.-Carlsen-Visit-Greenland.jpg","width":2400,"height":1600,"caption":"Crediting is required when using photos from our galleries. This means you have to credit both the photographer and Visit Greenland (http:\/\/vg.gl\/accr) Photo by Aningaaq R Carlsen - Visit Greenland This photo is licensed under Visit Greenland License Agreement. Please refer to the license agreement for more info about the rights of use associated with the image. Download the agreement here: http:\/\/vg.gl\/vglicense When downloading or sharing this image you enter into an agreement with Visit Greenland A\/S about the use of the image under this license. If you want to apply for extended user rights for downloads on this database please read these guidelines: http:\/\/vg.gl\/guidel"},{"@type":"BreadcrumbList","@id":"https:\/\/arcticexcursions.com\/udflugter\/whale-safari-2\/#breadcrumb","itemListElement":[{"@type":"ListItem","position":1,"name":"Home","item":"https:\/\/arcticexcursions.com\/da\/"},{"@type":"ListItem","position":2,"name":"Udflugter i Gr\u00f8nland","item":"https:\/\/arcticexcursions.com\/da\/udflugter\/"},{"@type":"ListItem","position":3,"name":"Hvalsafari"}]},{"@type":"WebSite","@id":"https:\/\/arcticexcursions.com\/#website","url":"https:\/\/arcticexcursions.com\/","name":"Arctic Excursions","description":"New adventures. Every day.","publisher":{"@id":"https:\/\/arcticexcursions.com\/#organization"},"potentialAction":[{"@type":"SearchAction","target":{"@type":"EntryPoint","urlTemplate":"https:\/\/arcticexcursions.com\/?s={search_term_string}"},"query-input":{"@type":"PropertyValueSpecification","valueRequired":true,"valueName":"search_term_string"}}],"inLanguage":"da-DK"},{"@type":"Organization","@id":"https:\/\/arcticexcursions.com\/#organization","name":"Arctic Excursions","url":"https:\/\/arcticexcursions.com\/","logo":{"@type":"ImageObject","inLanguage":"da-DK","@id":"https:\/\/arcticexcursions.com\/#\/schema\/logo\/image\/","url":"https:\/\/arcticexcursions.com\/wp-content\/uploads\/2022\/11\/fb-logo.png","contentUrl":"https:\/\/arcticexcursions.com\/wp-content\/uploads\/2022\/11\/fb-logo.png","width":523,"height":523,"caption":"Arctic Excursions"},"image":{"@id":"https:\/\/arcticexcursions.com\/#\/schema\/logo\/image\/"}}]}},"_links":{"self":[{"href":"https:\/\/arcticexcursions.com\/da\/wp-json\/wp\/v2\/product\/5325"}],"collection":[{"href":"https:\/\/arcticexcursions.com\/da\/wp-json\/wp\/v2\/product"}],"about":[{"href":"https:\/\/arcticexcursions.com\/da\/wp-json\/wp\/v2\/types\/product"}],"replies":[{"embeddable":true,"href":"https:\/\/arcticexcursions.com\/da\/wp-json\/wp\/v2\/comments?post=5325"}],"wp:featuredmedia":[{"embeddable":true,"href":"https:\/\/arcticexcursions.com\/da\/wp-json\/wp\/v2\/media\/5072"}],"wp:attachment":[{"href":"https:\/\/arcticexcursions.com\/da\/wp-json\/wp\/v2\/media?parent=5325"}],"wp:term":[{"taxonomy":"product_brand","embeddable":true,"href":"https:\/\/arcticexcursions.com\/da\/wp-json\/wp\/v2\/product_brand?post=5325"},{"taxonomy":"product_cat","embeddable":true,"href":"https:\/\/arcticexcursions.com\/da\/wp-json\/wp\/v2\/product_cat?post=5325"},{"taxonomy":"product_tag","embeddable":true,"href":"https:\/\/arcticexcursions.com\/da\/wp-json\/wp\/v2\/product_tag?post=5325"}],"curies":[{"name":"wp","href":"https:\/\/api.w.org\/{rel}","templated":true}]}}