{"id":5334,"date":"2022-12-07T15:30:23","date_gmt":"2022-12-07T13:30:23","guid":{"rendered":"https:\/\/arcticexcursions.com\/?post_type=product&#038;p=5334"},"modified":"2025-11-03T18:30:56","modified_gmt":"2025-11-03T16:30:56","slug":"isfjordsejlads","status":"publish","type":"product","link":"https:\/\/arcticexcursions.com\/da\/udflugter\/isfjordsejlads\/","title":{"rendered":"Isfjordsejlads"},"content":{"rendered":"<p>P\u00e5 grund af sikkerhed kan skipperen v\u00e6lge at ikke at komme helt t\u00e6t p\u00e5, hvis der for eksempel er for meget is i havet. <\/p>\n<p>Sejlturen tager cirka 2 timer for at n\u00e5 ind til isfjorden, og man kan v\u00e6re heldig at m\u00f8de forskellige dyreliv. <\/p>\n<p>Vi stopper motoren og nyder udsigten mens vi spiser vores medbragte frokost ombord. <\/p>\n<p>Vi sejler med en opvarmet kabine og indend\u00f8rs siddepladser til alle passagerer.<\/p>\n<p>Vi anbefaler at man medbringer frokost til sig selv, da det er en l\u00e6ngere b\u00e5dtur og man kan blive l\u00e6kker sulten. <\/p>\n<p>Der vil selvf\u00f8lgelig v\u00e6re kaffe\/te, kakao ombord. <\/p>\n<p>Ombord p\u00e5 b\u00e5den er der toilet.<\/p>\n<p><b>Varighed:<\/b> 6 timer<\/p>\n<p><b>Deltagere:<\/b> Bem\u00e6rk venligst, at udflugten kun gennemf\u00f8res, hvis der er mindst 4 bookede billetter i alt. Hvis du for eksempel booker 2 billetter, skal der s\u00e6lges mindst 2 yderligere billetter til andre kunder, f\u00f8r turen kan finde sted. Der vil deltage maksimalt 12 personer. <\/p>\n<p><b>Sprog:<\/b> Guiden\/kaptajnen taler dansk, engelsk og gr\u00f8nlandsk <\/p>\n<p><b>B\u00e5dtype:<\/b> Lukket b\u00e5d <\/p>\n<p><b>Toiletforhold:<\/b> Der er toilet p\u00e5 b\u00e5den <\/p>\n<p><b>Forplejning:<\/b> Kaffe og te serveres p\u00e5 b\u00e5den <\/p>\n<p><b>Anbefalet p\u00e5kl\u00e6dning:<\/b> Varmt t\u00f8j inkl. hue og handsker hele \u00e5ret. Solbriller. Solcreme om sommeren.<\/p>\n","protected":false},"excerpt":{"rendered":"<p>P\u00e5 denne b\u00e5dtur sejler vi helt ind til Nuuks isfjord, skipperen pr\u00f8ver at komme t\u00e6t p\u00e5 til gletjseren \u201dNarsap Sermia\u201d<\/p>\n","protected":false},"featured_media":5328,"comment_status":"open","ping_status":"closed","template":"","meta":{"_acf_changed":false},"product_brand":[],"product_cat":[170],"product_tag":[159],"class_list":{"0":"post-5334","1":"product","2":"type-product","3":"status-publish","4":"has-post-thumbnail","6":"product_cat-udflugt","7":"product_tag-1-da","8":"pa_dato-390","9":"pa_dato-589","10":"pa_dato-789","11":"pa_dato-792","12":"pa_dato-793","13":"pa_dato-933","14":"pa_dato-802","15":"pa_dato-803","16":"pa_dato-806","17":"pa_dato-940","18":"pa_dato-1165","19":"pa_dato-942","20":"pa_dato-1166","21":"pa_dato-1167","22":"pa_dato-811","23":"pa_dato-814","24":"pa_dato-905","25":"pa_dato-906","26":"pa_dato-869","27":"pa_dato-1145","28":"pa_dato-1157","29":"pa_dato-1102","30":"pa_dato-1116","31":"pa_dato-1120","32":"pa_dato-1121","33":"pa_dato-1125","34":"pa_dato-1174","35":"pa_dato-1032","36":"pa_dato-994","37":"pa_dato-995","38":"pa_dato-964","39":"pa_dato-1035","40":"pa_dato-1003","41":"pa_dato-1004","42":"pa_dato-1005","43":"pa_dato-1038","44":"pa_dato-1039","45":"pa_dato-1040","46":"pa_dato-1008","47":"pa_dato-1012","48":"pa_dato-1013","49":"pa_dato-1015","50":"pa_dato-965","51":"pa_dato-1041","52":"pa_dato-1017","53":"pa_dato-1018","54":"pa_dato-1042","55":"pa_dato-899","56":"pa_dato-1047","57":"pa_dato-1048","58":"pa_dato-1050","59":"pa_dato-1051","60":"pa_dato-1052","61":"pa_dato-1135","62":"pa_dato-1185","63":"pa_dato-1194","64":"pa_dato-1200","65":"pa_dato-1359","66":"pa_dato-1356","67":"pa_dato-6100","68":"pa_dato-6077","69":"pa_dato-6101","70":"pa_dato-5927","71":"pa_dato-6031","72":"pa_dato-6068","73":"pa_dato-6069","74":"pa_dato-6107","75":"pa_dato-6103","76":"pa_dato-6049","77":"pa_dato-6083","78":"pa_dato-6029","79":"pa_dato-5917","80":"pa_dato-6041","81":"pa_dato-5919","82":"pa_dato-1373","83":"pa_dato-5922","84":"pa_dato-6042","85":"pa_dato-5891","86":"pa_dato-5916","87":"pa_dato-6072","88":"pa_dato-6066","89":"pa_dato-6017","90":"pa_dato-6075","91":"pa_dato-5993","92":"pa_dato-5936","93":"pa_dato-6070","94":"pa_dato-6018","95":"pa_dato-6019","96":"pa_dato-5947","97":"pa_dato-5932","98":"pa_dato-5999","99":"pa_dato-6056","100":"pa_dato-5892","101":"pa_dato-5951","102":"pa_dato-5879","103":"pa_dato-6020","104":"pa_dato-5948","105":"pa_dato-5925","106":"pa_dato-5953","107":"pa_dato-5965","108":"pa_dato-5954","109":"pa_dato-5880","110":"pa_dato-6022","111":"pa_dato-5937","112":"pa_dato-5964","113":"pa_dato-6024","114":"pa_dato-6006","115":"pa_dato-5955","116":"pa_dato-6062","117":"pa_dato-5930","118":"pa_dato-6025","119":"pa_dato-5883","120":"pa_dato-5928","121":"pa_dato-5888","122":"pa_dato-5924","123":"pa_dato-5946","124":"pa_dato-5889","125":"pa_dato-5956","126":"pa_dato-6002","127":"pa_dato-6003","128":"pa_dato-5957","129":"pa_tidspunkt-72","130":"pa_tidspunkt-38","131":"pa_tidspunkt-40","132":"pa_tidspunkt-77","133":"pa_tidspunkt-317","134":"pa_tidspunkt-60","135":"pa_tidspunkt-426","136":"tour_location-nuuk-da","137":"tour_type-baadture","138":"tour_tickettype-arctic_excursions","139":"tour_operator-nuuk-water-taxi","141":"first","142":"outofstock","143":"shipping-taxable","144":"product-type-variable"},"acf":[],"yoast_head":"<!-- This site is optimized with the Yoast SEO plugin v23.6 - https:\/\/yoast.com\/wordpress\/plugins\/seo\/ -->\n<title>Arctic Excursions<\/title>\n<meta name=\"robots\" content=\"index, follow, max-snippet:-1, max-image-preview:large, max-video-preview:-1\" \/>\n<link rel=\"canonical\" href=\"https:\/\/arcticexcursions.com\/udflugter\/icefiord-cruise\/\" \/>\n<meta property=\"og:locale\" content=\"da_DK\" \/>\n<meta property=\"og:type\" content=\"article\" \/>\n<meta property=\"og:title\" content=\"Isfjordsejlads - Arctic Excursions\" \/>\n<meta property=\"og:description\" content=\"P\u00e5 denne b\u00e5dtur sejler vi helt ind til Nuuks isfjord, skipperen pr\u00f8ver at komme t\u00e6t p\u00e5 til gletjseren \u201dNarsap Sermia\u201d\" \/>\n<meta property=\"og:url\" content=\"https:\/\/arcticexcursions.com\/udflugter\/icefiord-cruise\/\" \/>\n<meta property=\"og:site_name\" content=\"Arctic Excursions\" \/>\n<meta property=\"article:modified_time\" content=\"2025-11-03T16:30:56+00:00\" \/>\n<meta property=\"og:image\" content=\"https:\/\/arcticexcursions.com\/wp-content\/uploads\/2022\/12\/INA_8256-scaled.jpg\" \/>\n\t<meta property=\"og:image:width\" content=\"2560\" \/>\n\t<meta property=\"og:image:height\" content=\"1707\" \/>\n\t<meta property=\"og:image:type\" content=\"image\/jpeg\" \/>\n<meta name=\"twitter:card\" content=\"summary_large_image\" \/>\n<meta name=\"twitter:label1\" content=\"Estimeret l\u00e6setid\" \/>\n\t<meta name=\"twitter:data1\" content=\"1 minut\" \/>\n<script type=\"application\/ld+json\" class=\"yoast-schema-graph\">{\"@context\":\"https:\/\/schema.org\",\"@graph\":[{\"@type\":\"WebPage\",\"@id\":\"https:\/\/arcticexcursions.com\/udflugter\/icefiord-cruise\/\",\"url\":\"https:\/\/arcticexcursions.com\/udflugter\/icefiord-cruise\/\",\"name\":\"Isfjordsejlads - Arctic Excursions\",\"isPartOf\":{\"@id\":\"https:\/\/arcticexcursions.com\/#website\"},\"primaryImageOfPage\":{\"@id\":\"https:\/\/arcticexcursions.com\/udflugter\/icefiord-cruise\/#primaryimage\"},\"image\":{\"@id\":\"https:\/\/arcticexcursions.com\/udflugter\/icefiord-cruise\/#primaryimage\"},\"thumbnailUrl\":\"https:\/\/arcticexcursions.com\/wp-content\/uploads\/2022\/12\/INA_8256-scaled.jpg\",\"datePublished\":\"2022-12-07T13:30:23+00:00\",\"dateModified\":\"2025-11-03T16:30:56+00:00\",\"breadcrumb\":{\"@id\":\"https:\/\/arcticexcursions.com\/udflugter\/icefiord-cruise\/#breadcrumb\"},\"inLanguage\":\"da-DK\",\"potentialAction\":[{\"@type\":\"ReadAction\",\"target\":[\"https:\/\/arcticexcursions.com\/udflugter\/icefiord-cruise\/\"]}]},{\"@type\":\"ImageObject\",\"inLanguage\":\"da-DK\",\"@id\":\"https:\/\/arcticexcursions.com\/udflugter\/icefiord-cruise\/#primaryimage\",\"url\":\"https:\/\/arcticexcursions.com\/wp-content\/uploads\/2022\/12\/INA_8256-scaled.jpg\",\"contentUrl\":\"https:\/\/arcticexcursions.com\/wp-content\/uploads\/2022\/12\/INA_8256-scaled.jpg\",\"width\":2560,\"height\":1707},{\"@type\":\"BreadcrumbList\",\"@id\":\"https:\/\/arcticexcursions.com\/udflugter\/icefiord-cruise\/#breadcrumb\",\"itemListElement\":[{\"@type\":\"ListItem\",\"position\":1,\"name\":\"Home\",\"item\":\"https:\/\/arcticexcursions.com\/da\/\"},{\"@type\":\"ListItem\",\"position\":2,\"name\":\"Udflugter i Gr\u00f8nland\",\"item\":\"https:\/\/arcticexcursions.com\/da\/udflugter\/\"},{\"@type\":\"ListItem\",\"position\":3,\"name\":\"Isfjordsejlads\"}]},{\"@type\":\"WebSite\",\"@id\":\"https:\/\/arcticexcursions.com\/#website\",\"url\":\"https:\/\/arcticexcursions.com\/\",\"name\":\"Arctic Excursions\",\"description\":\"New adventures. Every day.\",\"publisher\":{\"@id\":\"https:\/\/arcticexcursions.com\/#organization\"},\"potentialAction\":[{\"@type\":\"SearchAction\",\"target\":{\"@type\":\"EntryPoint\",\"urlTemplate\":\"https:\/\/arcticexcursions.com\/?s={search_term_string}\"},\"query-input\":{\"@type\":\"PropertyValueSpecification\",\"valueRequired\":true,\"valueName\":\"search_term_string\"}}],\"inLanguage\":\"da-DK\"},{\"@type\":\"Organization\",\"@id\":\"https:\/\/arcticexcursions.com\/#organization\",\"name\":\"Arctic Excursions\",\"url\":\"https:\/\/arcticexcursions.com\/\",\"logo\":{\"@type\":\"ImageObject\",\"inLanguage\":\"da-DK\",\"@id\":\"https:\/\/arcticexcursions.com\/#\/schema\/logo\/image\/\",\"url\":\"https:\/\/arcticexcursions.com\/wp-content\/uploads\/2022\/11\/fb-logo.png\",\"contentUrl\":\"https:\/\/arcticexcursions.com\/wp-content\/uploads\/2022\/11\/fb-logo.png\",\"width\":523,\"height\":523,\"caption\":\"Arctic Excursions\"},\"image\":{\"@id\":\"https:\/\/arcticexcursions.com\/#\/schema\/logo\/image\/\"}}]}<\/script>\n<!-- \/ Yoast SEO plugin. -->","yoast_head_json":{"title":"Arctic Excursions","robots":{"index":"index","follow":"follow","max-snippet":"max-snippet:-1","max-image-preview":"max-image-preview:large","max-video-preview":"max-video-preview:-1"},"canonical":"https:\/\/arcticexcursions.com\/udflugter\/icefiord-cruise\/","og_locale":"da_DK","og_type":"article","og_title":"Isfjordsejlads - Arctic Excursions","og_description":"P\u00e5 denne b\u00e5dtur sejler vi helt ind til Nuuks isfjord, skipperen pr\u00f8ver at komme t\u00e6t p\u00e5 til gletjseren \u201dNarsap Sermia\u201d","og_url":"https:\/\/arcticexcursions.com\/udflugter\/icefiord-cruise\/","og_site_name":"Arctic Excursions","article_modified_time":"2025-11-03T16:30:56+00:00","og_image":[{"width":2560,"height":1707,"url":"https:\/\/arcticexcursions.com\/wp-content\/uploads\/2022\/12\/INA_8256-scaled.jpg","type":"image\/jpeg"}],"twitter_card":"summary_large_image","twitter_misc":{"Estimeret l\u00e6setid":"1 minut"},"schema":{"@context":"https:\/\/schema.org","@graph":[{"@type":"WebPage","@id":"https:\/\/arcticexcursions.com\/udflugter\/icefiord-cruise\/","url":"https:\/\/arcticexcursions.com\/udflugter\/icefiord-cruise\/","name":"Isfjordsejlads - Arctic Excursions","isPartOf":{"@id":"https:\/\/arcticexcursions.com\/#website"},"primaryImageOfPage":{"@id":"https:\/\/arcticexcursions.com\/udflugter\/icefiord-cruise\/#primaryimage"},"image":{"@id":"https:\/\/arcticexcursions.com\/udflugter\/icefiord-cruise\/#primaryimage"},"thumbnailUrl":"https:\/\/arcticexcursions.com\/wp-content\/uploads\/2022\/12\/INA_8256-scaled.jpg","datePublished":"2022-12-07T13:30:23+00:00","dateModified":"2025-11-03T16:30:56+00:00","breadcrumb":{"@id":"https:\/\/arcticexcursions.com\/udflugter\/icefiord-cruise\/#breadcrumb"},"inLanguage":"da-DK","potentialAction":[{"@type":"ReadAction","target":["https:\/\/arcticexcursions.com\/udflugter\/icefiord-cruise\/"]}]},{"@type":"ImageObject","inLanguage":"da-DK","@id":"https:\/\/arcticexcursions.com\/udflugter\/icefiord-cruise\/#primaryimage","url":"https:\/\/arcticexcursions.com\/wp-content\/uploads\/2022\/12\/INA_8256-scaled.jpg","contentUrl":"https:\/\/arcticexcursions.com\/wp-content\/uploads\/2022\/12\/INA_8256-scaled.jpg","width":2560,"height":1707},{"@type":"BreadcrumbList","@id":"https:\/\/arcticexcursions.com\/udflugter\/icefiord-cruise\/#breadcrumb","itemListElement":[{"@type":"ListItem","position":1,"name":"Home","item":"https:\/\/arcticexcursions.com\/da\/"},{"@type":"ListItem","position":2,"name":"Udflugter i Gr\u00f8nland","item":"https:\/\/arcticexcursions.com\/da\/udflugter\/"},{"@type":"ListItem","position":3,"name":"Isfjordsejlads"}]},{"@type":"WebSite","@id":"https:\/\/arcticexcursions.com\/#website","url":"https:\/\/arcticexcursions.com\/","name":"Arctic Excursions","description":"New adventures. Every day.","publisher":{"@id":"https:\/\/arcticexcursions.com\/#organization"},"potentialAction":[{"@type":"SearchAction","target":{"@type":"EntryPoint","urlTemplate":"https:\/\/arcticexcursions.com\/?s={search_term_string}"},"query-input":{"@type":"PropertyValueSpecification","valueRequired":true,"valueName":"search_term_string"}}],"inLanguage":"da-DK"},{"@type":"Organization","@id":"https:\/\/arcticexcursions.com\/#organization","name":"Arctic Excursions","url":"https:\/\/arcticexcursions.com\/","logo":{"@type":"ImageObject","inLanguage":"da-DK","@id":"https:\/\/arcticexcursions.com\/#\/schema\/logo\/image\/","url":"https:\/\/arcticexcursions.com\/wp-content\/uploads\/2022\/11\/fb-logo.png","contentUrl":"https:\/\/arcticexcursions.com\/wp-content\/uploads\/2022\/11\/fb-logo.png","width":523,"height":523,"caption":"Arctic Excursions"},"image":{"@id":"https:\/\/arcticexcursions.com\/#\/schema\/logo\/image\/"}}]}},"_links":{"self":[{"href":"https:\/\/arcticexcursions.com\/da\/wp-json\/wp\/v2\/product\/5334"}],"collection":[{"href":"https:\/\/arcticexcursions.com\/da\/wp-json\/wp\/v2\/product"}],"about":[{"href":"https:\/\/arcticexcursions.com\/da\/wp-json\/wp\/v2\/types\/product"}],"replies":[{"embeddable":true,"href":"https:\/\/arcticexcursions.com\/da\/wp-json\/wp\/v2\/comments?post=5334"}],"wp:featuredmedia":[{"embeddable":true,"href":"https:\/\/arcticexcursions.com\/da\/wp-json\/wp\/v2\/media\/5328"}],"wp:attachment":[{"href":"https:\/\/arcticexcursions.com\/da\/wp-json\/wp\/v2\/media?parent=5334"}],"wp:term":[{"taxonomy":"product_brand","embeddable":true,"href":"https:\/\/arcticexcursions.com\/da\/wp-json\/wp\/v2\/product_brand?post=5334"},{"taxonomy":"product_cat","embeddable":true,"href":"https:\/\/arcticexcursions.com\/da\/wp-json\/wp\/v2\/product_cat?post=5334"},{"taxonomy":"product_tag","embeddable":true,"href":"https:\/\/arcticexcursions.com\/da\/wp-json\/wp\/v2\/product_tag?post=5334"}],"curies":[{"name":"wp","href":"https:\/\/api.w.org\/{rel}","templated":true}]}}