{"id":53887,"date":"2025-05-14T23:34:02","date_gmt":"2025-05-14T21:34:02","guid":{"rendered":"https:\/\/arcticexcursions.com\/?post_type=product&#038;p=53887"},"modified":"2025-11-04T19:00:20","modified_gmt":"2025-11-04T17:00:20","slug":"boat-tour-to-amazing-eqi-glacier","status":"publish","type":"product","link":"https:\/\/arcticexcursions.com\/da\/udflugter\/boat-tour-to-amazing-eqi-glacier\/","title":{"rendered":"B\u00e5dtur til den fantastiske Eqi-Gletsjer"},"content":{"rendered":"<p>Tag med p\u00e5 en uforglemmelig tur til Eqi-gletsjeren, nord for Ilulissat.<br \/>\nSejlturen tager knap to timer hver vej og byder p\u00e5 fantastiske naturoplevelser undervejs.<\/p>\n<p>Dette er en oplevelse, du ikke m\u00e5 g\u00e5 glip af, n\u00e5r du bes\u00f8ger Ilulissat.<\/p>\n<p>Fra sikker afstand ser vi gletsjeren k\u00e6lve, et dramatisk syn, n\u00e5r store isblokke br\u00e6kker af og styrter i havet. Vi slukker motoren for at nyde stilheden og lyden af isen, der br\u00e6kker og falder i vandet.<\/p>\n<p><b>Varighed:<b> 6 timer.<\/p>\n<p><b>Deltagere:<\/b> Bem\u00e6rk venligst, at udflugten kun gennemf\u00f8res, hvis der er mindst 5 bookede billetter i alt. Hvis du for eksempel booker 3 billetter, skal der s\u00e6lges mindst 2 yderligere billetter til andre kunder, f\u00f8r turen kan finde sted. Der vil deltage maksimalt 12 personer.<\/p>\n<p><b>Sprog:<\/b> Guiden\/kaptajnen taler dansk, engelsk og gr\u00f8nlandsk<\/p>\n<p><b>B\u00e5dtype:<\/b> Lukket b\u00e5d<\/p>\n<p><b>Toiletforhold:<\/b> Der er toilet p\u00e5 b\u00e5den<\/p>\n<p><b>Forplejning:<\/b> Kaffe og te serveres p\u00e5 b\u00e5den<\/p>\n<p><b>Anbefalet p\u00e5kl\u00e6dning:<\/b> Varmt t\u00f8j inkl. hue og handsker hele \u00e5ret. Solbriller. Solcreme om sommeren.<\/p>\n","protected":false},"excerpt":{"rendered":"<p>Den 6-timers b\u00e5dtur byder p\u00e5 storsl\u00e5ede udsigter ved Eqi-gletsjeren.<br \/>\nP\u00e5 sikker afstand oplever vi gletsjeren k\u00e6lve \u2013 et imponerende syn, n\u00e5r isen styrter i havet. Vi slukker motoren undervejs for at nyde stilheden og lyden af is, der br\u00e6kker og falder i vandet.<\/p>\n","protected":false},"featured_media":50316,"comment_status":"open","ping_status":"closed","template":"","meta":{"_acf_changed":false},"product_brand":[],"product_cat":[101,170],"product_tag":[],"class_list":{"0":"post-53887","1":"product","2":"type-product","3":"status-publish","4":"has-post-thumbnail","6":"product_cat-tour","7":"product_cat-udflugt","8":"pa_dato-5951","9":"pa_dato-5975","10":"pa_dato-6021","11":"pa_dato-6030","12":"pa_dato-5937","13":"pa_dato-6024","14":"pa_dato-6006","15":"pa_dato-5938","16":"pa_dato-5956","17":"pa_dato-5977","18":"pa_dato-6060","19":"pa_dato-5918","20":"pa_dato-5957","21":"pa_dato-6078","22":"pa_dato-6028","23":"pa_dato-6106","24":"pa_dato-6105","25":"pa_tidspunkt-72","26":"tour_location-ilulissat-da","27":"tour_type-baadture","28":"tour_state-allowed_prebooking","29":"tour_state-show_always","30":"tour_tickettype-arctic_excursions","31":"tour_tickettype-greenland_travel_tour","32":"tour_tickettype-greenland_travel_team","33":"tour_operator-i-love-ilulissat-tours","35":"first","36":"outofstock","37":"shipping-taxable","38":"product-type-variable"},"acf":[],"yoast_head":"<!-- This site is optimized with the Yoast SEO plugin v23.6 - https:\/\/yoast.com\/wordpress\/plugins\/seo\/ -->\n<title>Arctic Excursions<\/title>\n<meta name=\"robots\" content=\"index, follow, max-snippet:-1, max-image-preview:large, max-video-preview:-1\" \/>\n<link rel=\"canonical\" href=\"https:\/\/arcticexcursions.com\/da\/udflugter\/boat-tour-to-amazing-eqi-glacier\/\" \/>\n<meta property=\"og:locale\" content=\"da_DK\" \/>\n<meta property=\"og:type\" content=\"article\" \/>\n<meta property=\"og:title\" content=\"B\u00e5dtur til den fantastiske Eqi-Gletsjer - Arctic Excursions\" \/>\n<meta property=\"og:description\" content=\"Den 6-timers b\u00e5dtur byder p\u00e5 storsl\u00e5ede udsigter ved Eqi-gletsjeren. P\u00e5 sikker afstand oplever vi gletsjeren k\u00e6lve \u2013 et imponerende syn, n\u00e5r isen styrter i havet. Vi slukker motoren undervejs for at nyde stilheden og lyden af is, der br\u00e6kker og falder i vandet.\" \/>\n<meta property=\"og:url\" content=\"https:\/\/arcticexcursions.com\/da\/udflugter\/boat-tour-to-amazing-eqi-glacier\/\" \/>\n<meta property=\"og:site_name\" content=\"Arctic Excursions\" \/>\n<meta property=\"article:modified_time\" content=\"2025-11-04T17:00:20+00:00\" \/>\n<meta property=\"og:image\" content=\"https:\/\/arcticexcursions.com\/wp-content\/uploads\/2025\/04\/Messenger_creation_5bf575bc-a4f1-4239-b998-6ee56bbf96ce.jpeg\" \/>\n\t<meta property=\"og:image:width\" content=\"2048\" \/>\n\t<meta property=\"og:image:height\" content=\"970\" \/>\n\t<meta property=\"og:image:type\" content=\"image\/jpeg\" \/>\n<meta name=\"twitter:card\" content=\"summary_large_image\" \/>\n<meta name=\"twitter:label1\" content=\"Estimeret l\u00e6setid\" \/>\n\t<meta name=\"twitter:data1\" content=\"1 minut\" \/>\n<script type=\"application\/ld+json\" class=\"yoast-schema-graph\">{\"@context\":\"https:\/\/schema.org\",\"@graph\":[{\"@type\":\"WebPage\",\"@id\":\"https:\/\/arcticexcursions.com\/da\/udflugter\/boat-tour-to-amazing-eqi-glacier\/\",\"url\":\"https:\/\/arcticexcursions.com\/da\/udflugter\/boat-tour-to-amazing-eqi-glacier\/\",\"name\":\"B\u00e5dtur til den fantastiske Eqi-Gletsjer - Arctic Excursions\",\"isPartOf\":{\"@id\":\"https:\/\/arcticexcursions.com\/#website\"},\"primaryImageOfPage\":{\"@id\":\"https:\/\/arcticexcursions.com\/da\/udflugter\/boat-tour-to-amazing-eqi-glacier\/#primaryimage\"},\"image\":{\"@id\":\"https:\/\/arcticexcursions.com\/da\/udflugter\/boat-tour-to-amazing-eqi-glacier\/#primaryimage\"},\"thumbnailUrl\":\"https:\/\/arcticexcursions.com\/wp-content\/uploads\/2025\/04\/Messenger_creation_5bf575bc-a4f1-4239-b998-6ee56bbf96ce.jpeg\",\"datePublished\":\"2025-05-14T21:34:02+00:00\",\"dateModified\":\"2025-11-04T17:00:20+00:00\",\"breadcrumb\":{\"@id\":\"https:\/\/arcticexcursions.com\/da\/udflugter\/boat-tour-to-amazing-eqi-glacier\/#breadcrumb\"},\"inLanguage\":\"da-DK\",\"potentialAction\":[{\"@type\":\"ReadAction\",\"target\":[\"https:\/\/arcticexcursions.com\/da\/udflugter\/boat-tour-to-amazing-eqi-glacier\/\"]}]},{\"@type\":\"ImageObject\",\"inLanguage\":\"da-DK\",\"@id\":\"https:\/\/arcticexcursions.com\/da\/udflugter\/boat-tour-to-amazing-eqi-glacier\/#primaryimage\",\"url\":\"https:\/\/arcticexcursions.com\/wp-content\/uploads\/2025\/04\/Messenger_creation_5bf575bc-a4f1-4239-b998-6ee56bbf96ce.jpeg\",\"contentUrl\":\"https:\/\/arcticexcursions.com\/wp-content\/uploads\/2025\/04\/Messenger_creation_5bf575bc-a4f1-4239-b998-6ee56bbf96ce.jpeg\",\"width\":2048,\"height\":970},{\"@type\":\"BreadcrumbList\",\"@id\":\"https:\/\/arcticexcursions.com\/da\/udflugter\/boat-tour-to-amazing-eqi-glacier\/#breadcrumb\",\"itemListElement\":[{\"@type\":\"ListItem\",\"position\":1,\"name\":\"Home\",\"item\":\"https:\/\/arcticexcursions.com\/da\/\"},{\"@type\":\"ListItem\",\"position\":2,\"name\":\"Udflugter i Gr\u00f8nland\",\"item\":\"https:\/\/arcticexcursions.com\/da\/udflugter\/\"},{\"@type\":\"ListItem\",\"position\":3,\"name\":\"B\u00e5dtur til den fantastiske Eqi-Gletsjer\"}]},{\"@type\":\"WebSite\",\"@id\":\"https:\/\/arcticexcursions.com\/#website\",\"url\":\"https:\/\/arcticexcursions.com\/\",\"name\":\"Arctic Excursions\",\"description\":\"New adventures. Every day.\",\"publisher\":{\"@id\":\"https:\/\/arcticexcursions.com\/#organization\"},\"potentialAction\":[{\"@type\":\"SearchAction\",\"target\":{\"@type\":\"EntryPoint\",\"urlTemplate\":\"https:\/\/arcticexcursions.com\/?s={search_term_string}\"},\"query-input\":{\"@type\":\"PropertyValueSpecification\",\"valueRequired\":true,\"valueName\":\"search_term_string\"}}],\"inLanguage\":\"da-DK\"},{\"@type\":\"Organization\",\"@id\":\"https:\/\/arcticexcursions.com\/#organization\",\"name\":\"Arctic Excursions\",\"url\":\"https:\/\/arcticexcursions.com\/\",\"logo\":{\"@type\":\"ImageObject\",\"inLanguage\":\"da-DK\",\"@id\":\"https:\/\/arcticexcursions.com\/#\/schema\/logo\/image\/\",\"url\":\"https:\/\/arcticexcursions.com\/wp-content\/uploads\/2022\/11\/fb-logo.png\",\"contentUrl\":\"https:\/\/arcticexcursions.com\/wp-content\/uploads\/2022\/11\/fb-logo.png\",\"width\":523,\"height\":523,\"caption\":\"Arctic Excursions\"},\"image\":{\"@id\":\"https:\/\/arcticexcursions.com\/#\/schema\/logo\/image\/\"}}]}<\/script>\n<!-- \/ Yoast SEO plugin. -->","yoast_head_json":{"title":"Arctic Excursions","robots":{"index":"index","follow":"follow","max-snippet":"max-snippet:-1","max-image-preview":"max-image-preview:large","max-video-preview":"max-video-preview:-1"},"canonical":"https:\/\/arcticexcursions.com\/da\/udflugter\/boat-tour-to-amazing-eqi-glacier\/","og_locale":"da_DK","og_type":"article","og_title":"B\u00e5dtur til den fantastiske Eqi-Gletsjer - Arctic Excursions","og_description":"Den 6-timers b\u00e5dtur byder p\u00e5 storsl\u00e5ede udsigter ved Eqi-gletsjeren. P\u00e5 sikker afstand oplever vi gletsjeren k\u00e6lve \u2013 et imponerende syn, n\u00e5r isen styrter i havet. Vi slukker motoren undervejs for at nyde stilheden og lyden af is, der br\u00e6kker og falder i vandet.","og_url":"https:\/\/arcticexcursions.com\/da\/udflugter\/boat-tour-to-amazing-eqi-glacier\/","og_site_name":"Arctic Excursions","article_modified_time":"2025-11-04T17:00:20+00:00","og_image":[{"width":2048,"height":970,"url":"https:\/\/arcticexcursions.com\/wp-content\/uploads\/2025\/04\/Messenger_creation_5bf575bc-a4f1-4239-b998-6ee56bbf96ce.jpeg","type":"image\/jpeg"}],"twitter_card":"summary_large_image","twitter_misc":{"Estimeret l\u00e6setid":"1 minut"},"schema":{"@context":"https:\/\/schema.org","@graph":[{"@type":"WebPage","@id":"https:\/\/arcticexcursions.com\/da\/udflugter\/boat-tour-to-amazing-eqi-glacier\/","url":"https:\/\/arcticexcursions.com\/da\/udflugter\/boat-tour-to-amazing-eqi-glacier\/","name":"B\u00e5dtur til den fantastiske Eqi-Gletsjer - Arctic Excursions","isPartOf":{"@id":"https:\/\/arcticexcursions.com\/#website"},"primaryImageOfPage":{"@id":"https:\/\/arcticexcursions.com\/da\/udflugter\/boat-tour-to-amazing-eqi-glacier\/#primaryimage"},"image":{"@id":"https:\/\/arcticexcursions.com\/da\/udflugter\/boat-tour-to-amazing-eqi-glacier\/#primaryimage"},"thumbnailUrl":"https:\/\/arcticexcursions.com\/wp-content\/uploads\/2025\/04\/Messenger_creation_5bf575bc-a4f1-4239-b998-6ee56bbf96ce.jpeg","datePublished":"2025-05-14T21:34:02+00:00","dateModified":"2025-11-04T17:00:20+00:00","breadcrumb":{"@id":"https:\/\/arcticexcursions.com\/da\/udflugter\/boat-tour-to-amazing-eqi-glacier\/#breadcrumb"},"inLanguage":"da-DK","potentialAction":[{"@type":"ReadAction","target":["https:\/\/arcticexcursions.com\/da\/udflugter\/boat-tour-to-amazing-eqi-glacier\/"]}]},{"@type":"ImageObject","inLanguage":"da-DK","@id":"https:\/\/arcticexcursions.com\/da\/udflugter\/boat-tour-to-amazing-eqi-glacier\/#primaryimage","url":"https:\/\/arcticexcursions.com\/wp-content\/uploads\/2025\/04\/Messenger_creation_5bf575bc-a4f1-4239-b998-6ee56bbf96ce.jpeg","contentUrl":"https:\/\/arcticexcursions.com\/wp-content\/uploads\/2025\/04\/Messenger_creation_5bf575bc-a4f1-4239-b998-6ee56bbf96ce.jpeg","width":2048,"height":970},{"@type":"BreadcrumbList","@id":"https:\/\/arcticexcursions.com\/da\/udflugter\/boat-tour-to-amazing-eqi-glacier\/#breadcrumb","itemListElement":[{"@type":"ListItem","position":1,"name":"Home","item":"https:\/\/arcticexcursions.com\/da\/"},{"@type":"ListItem","position":2,"name":"Udflugter i Gr\u00f8nland","item":"https:\/\/arcticexcursions.com\/da\/udflugter\/"},{"@type":"ListItem","position":3,"name":"B\u00e5dtur til den fantastiske Eqi-Gletsjer"}]},{"@type":"WebSite","@id":"https:\/\/arcticexcursions.com\/#website","url":"https:\/\/arcticexcursions.com\/","name":"Arctic Excursions","description":"New adventures. Every day.","publisher":{"@id":"https:\/\/arcticexcursions.com\/#organization"},"potentialAction":[{"@type":"SearchAction","target":{"@type":"EntryPoint","urlTemplate":"https:\/\/arcticexcursions.com\/?s={search_term_string}"},"query-input":{"@type":"PropertyValueSpecification","valueRequired":true,"valueName":"search_term_string"}}],"inLanguage":"da-DK"},{"@type":"Organization","@id":"https:\/\/arcticexcursions.com\/#organization","name":"Arctic Excursions","url":"https:\/\/arcticexcursions.com\/","logo":{"@type":"ImageObject","inLanguage":"da-DK","@id":"https:\/\/arcticexcursions.com\/#\/schema\/logo\/image\/","url":"https:\/\/arcticexcursions.com\/wp-content\/uploads\/2022\/11\/fb-logo.png","contentUrl":"https:\/\/arcticexcursions.com\/wp-content\/uploads\/2022\/11\/fb-logo.png","width":523,"height":523,"caption":"Arctic Excursions"},"image":{"@id":"https:\/\/arcticexcursions.com\/#\/schema\/logo\/image\/"}}]}},"_links":{"self":[{"href":"https:\/\/arcticexcursions.com\/da\/wp-json\/wp\/v2\/product\/53887"}],"collection":[{"href":"https:\/\/arcticexcursions.com\/da\/wp-json\/wp\/v2\/product"}],"about":[{"href":"https:\/\/arcticexcursions.com\/da\/wp-json\/wp\/v2\/types\/product"}],"replies":[{"embeddable":true,"href":"https:\/\/arcticexcursions.com\/da\/wp-json\/wp\/v2\/comments?post=53887"}],"wp:featuredmedia":[{"embeddable":true,"href":"https:\/\/arcticexcursions.com\/da\/wp-json\/wp\/v2\/media\/50316"}],"wp:attachment":[{"href":"https:\/\/arcticexcursions.com\/da\/wp-json\/wp\/v2\/media?parent=53887"}],"wp:term":[{"taxonomy":"product_brand","embeddable":true,"href":"https:\/\/arcticexcursions.com\/da\/wp-json\/wp\/v2\/product_brand?post=53887"},{"taxonomy":"product_cat","embeddable":true,"href":"https:\/\/arcticexcursions.com\/da\/wp-json\/wp\/v2\/product_cat?post=53887"},{"taxonomy":"product_tag","embeddable":true,"href":"https:\/\/arcticexcursions.com\/da\/wp-json\/wp\/v2\/product_tag?post=53887"}],"curies":[{"name":"wp","href":"https:\/\/api.w.org\/{rel}","templated":true}]}}