{"id":55133,"date":"2025-05-27T14:23:02","date_gmt":"2025-05-27T12:23:02","guid":{"rendered":"https:\/\/arcticexcursions.com\/?post_type=product&#038;p=55133"},"modified":"2025-11-04T19:07:06","modified_gmt":"2025-11-04T17:07:06","slug":"whale-safari-6","status":"publish","type":"product","link":"https:\/\/arcticexcursions.com\/da\/udflugter\/whale-safari-6\/","title":{"rendered":"Hvalsafari"},"content":{"rendered":"<p>Ilulissat er kendt for at have mange forskellige hvaler i deres farvande. <\/p>\n<p>Kom med os p\u00e5 en hvalsafari, hvor vi pr\u00f8ver at finde disse k\u00e6mpe hvaler som Ilulissat er kendt for. <\/p>\n<p><b>Varighed:<\/b> 3 timer<\/p>\n<p><b>Deltagere:<\/b> Bem\u00e6rk venligst, at udflugten kun gennemf\u00f8res, hvis der er mindst 4 bookede billetter i alt. Hvis du for eksempel booker 2 billetter, skal der s\u00e6lges mindst 2 yderligere billetter til andre kunder, f\u00f8r turen kan finde sted. Der vil deltage maksimalt 6 personer.<\/p>\n<p><b>Sprog:<\/b> Guiden\/kaptajnen taler dansk, engelsk og gr\u00f8nlandsk<\/p>\n<p><b>B\u00e5dtype:<\/b> lukket b\u00e5d<\/p>\n<p><b>Toiletforhold:<\/b> Der er toilet p\u00e5 b\u00e5den<\/p>\n<p><b>Forplejning:<\/b> Kaffe og te serveres p\u00e5 b\u00e5den<\/p>\n<p><b>Anbefalet p\u00e5kl\u00e6dning:<\/b> Varmt t\u00f8j inkl. hue og handsker hele \u00e5ret. Solbriller. Solcreme om sommeren.<\/p>\n","protected":false},"excerpt":{"rendered":"<p>Oplev en hvalsafari med lukket b\u00e5d<\/p>\n","protected":false},"featured_media":55308,"comment_status":"open","ping_status":"closed","template":"","meta":{"_acf_changed":false},"product_brand":[],"product_cat":[101,170],"product_tag":[],"class_list":{"0":"post-55133","1":"product","2":"type-product","3":"status-publish","4":"has-post-thumbnail","6":"product_cat-tour","7":"product_cat-udflugt","8":"pa_dato-5891","9":"pa_dato-6043","10":"pa_dato-5890","11":"pa_dato-5916","12":"pa_dato-5934","13":"pa_dato-6072","14":"pa_dato-6066","15":"pa_dato-6065","16":"pa_dato-5878","17":"pa_dato-6017","18":"pa_dato-6071","19":"pa_dato-6075","20":"pa_dato-5993","21":"pa_dato-5936","22":"pa_dato-6070","23":"pa_dato-6018","24":"pa_dato-6019","25":"pa_dato-5947","26":"pa_dato-6064","27":"pa_dato-6047","28":"pa_dato-5932","29":"pa_dato-5999","30":"pa_dato-6005","31":"pa_dato-5895","32":"pa_dato-5952","33":"pa_dato-1193","34":"pa_dato-6056","35":"pa_dato-5892","36":"pa_dato-5951","37":"pa_dato-5879","38":"pa_dato-6020","39":"pa_dato-5948","40":"pa_dato-5933","41":"pa_dato-5949","42":"pa_dato-5966","43":"pa_dato-5983","44":"pa_dato-5974","45":"pa_dato-6000","46":"pa_dato-5882","47":"pa_dato-5925","48":"pa_dato-5953","49":"pa_dato-5965","50":"pa_dato-5975","51":"pa_dato-5976","52":"pa_dato-6021","53":"pa_dato-6051","54":"pa_dato-6046","55":"pa_dato-5880","56":"pa_dato-6022","57":"pa_dato-6058","58":"pa_dato-6059","59":"pa_dato-5937","60":"pa_dato-6067","61":"pa_dato-6023","62":"pa_dato-6024","63":"pa_dato-5931","64":"pa_dato-5926","65":"pa_dato-5955","66":"pa_dato-6062","67":"pa_dato-5930","68":"pa_dato-6025","69":"pa_dato-5883","70":"pa_dato-5888","71":"pa_dato-5988","72":"pa_dato-5924","73":"pa_dato-5946","74":"pa_dato-5889","75":"pa_dato-5938","76":"pa_dato-5963","77":"pa_dato-5956","78":"pa_dato-5980","79":"pa_dato-6060","80":"pa_dato-5939","81":"pa_dato-5918","82":"pa_dato-5978","83":"pa_dato-5990","84":"pa_dato-6061","85":"pa_dato-5940","86":"pa_dato-5941","87":"pa_dato-6027","88":"pa_dato-5957","89":"pa_dato-6074","90":"pa_dato-5942","91":"pa_dato-5943","92":"pa_dato-6078","93":"pa_dato-6028","94":"pa_dato-6088","95":"pa_dato-6094","96":"pa_dato-5992","97":"pa_dato-6090","98":"pa_dato-6091","99":"pa_tidspunkt-72","100":"pa_tidspunkt-40","101":"pa_tidspunkt-177","102":"pa_tidspunkt-190","103":"pa_tidspunkt-314","104":"pa_tidspunkt-61","105":"tour_location-ilulissat-da","106":"tour_type-hvalsafari","107":"tour_tickettype-arctic_excursions","108":"tour_tickettype-greenland_travel_tour","109":"tour_tickettype-greenland_travel_team","110":"tour_operator-ilulissat-water-tours","112":"first","113":"outofstock","114":"shipping-taxable","115":"product-type-variable"},"acf":[],"yoast_head":"<!-- This site is optimized with the Yoast SEO plugin v23.6 - https:\/\/yoast.com\/wordpress\/plugins\/seo\/ -->\n<title>Arctic Excursions<\/title>\n<meta name=\"robots\" content=\"index, follow, max-snippet:-1, max-image-preview:large, max-video-preview:-1\" \/>\n<link rel=\"canonical\" href=\"https:\/\/arcticexcursions.com\/da\/udflugter\/whale-safari-6\/\" \/>\n<meta property=\"og:locale\" content=\"da_DK\" \/>\n<meta property=\"og:type\" content=\"article\" \/>\n<meta property=\"og:title\" content=\"Hvalsafari - Arctic Excursions\" \/>\n<meta property=\"og:description\" content=\"Oplev en hvalsafari med lukket b\u00e5d\" \/>\n<meta property=\"og:url\" content=\"https:\/\/arcticexcursions.com\/da\/udflugter\/whale-safari-6\/\" \/>\n<meta property=\"og:site_name\" content=\"Arctic Excursions\" \/>\n<meta property=\"article:modified_time\" content=\"2025-11-04T17:07:06+00:00\" \/>\n<meta property=\"og:image\" content=\"https:\/\/arcticexcursions.com\/wp-content\/uploads\/2025\/05\/1000002829-scaled.jpg\" \/>\n\t<meta property=\"og:image:width\" content=\"2560\" \/>\n\t<meta property=\"og:image:height\" content=\"1196\" \/>\n\t<meta property=\"og:image:type\" content=\"image\/jpeg\" \/>\n<meta name=\"twitter:card\" content=\"summary_large_image\" \/>\n<meta name=\"twitter:label1\" content=\"Estimeret l\u00e6setid\" \/>\n\t<meta name=\"twitter:data1\" content=\"1 minut\" \/>\n<script type=\"application\/ld+json\" class=\"yoast-schema-graph\">{\"@context\":\"https:\/\/schema.org\",\"@graph\":[{\"@type\":\"WebPage\",\"@id\":\"https:\/\/arcticexcursions.com\/da\/udflugter\/whale-safari-6\/\",\"url\":\"https:\/\/arcticexcursions.com\/da\/udflugter\/whale-safari-6\/\",\"name\":\"Hvalsafari - Arctic Excursions\",\"isPartOf\":{\"@id\":\"https:\/\/arcticexcursions.com\/#website\"},\"primaryImageOfPage\":{\"@id\":\"https:\/\/arcticexcursions.com\/da\/udflugter\/whale-safari-6\/#primaryimage\"},\"image\":{\"@id\":\"https:\/\/arcticexcursions.com\/da\/udflugter\/whale-safari-6\/#primaryimage\"},\"thumbnailUrl\":\"https:\/\/arcticexcursions.com\/wp-content\/uploads\/2025\/05\/1000002829-scaled.jpg\",\"datePublished\":\"2025-05-27T12:23:02+00:00\",\"dateModified\":\"2025-11-04T17:07:06+00:00\",\"breadcrumb\":{\"@id\":\"https:\/\/arcticexcursions.com\/da\/udflugter\/whale-safari-6\/#breadcrumb\"},\"inLanguage\":\"da-DK\",\"potentialAction\":[{\"@type\":\"ReadAction\",\"target\":[\"https:\/\/arcticexcursions.com\/da\/udflugter\/whale-safari-6\/\"]}]},{\"@type\":\"ImageObject\",\"inLanguage\":\"da-DK\",\"@id\":\"https:\/\/arcticexcursions.com\/da\/udflugter\/whale-safari-6\/#primaryimage\",\"url\":\"https:\/\/arcticexcursions.com\/wp-content\/uploads\/2025\/05\/1000002829-scaled.jpg\",\"contentUrl\":\"https:\/\/arcticexcursions.com\/wp-content\/uploads\/2025\/05\/1000002829-scaled.jpg\",\"width\":2560,\"height\":1196},{\"@type\":\"BreadcrumbList\",\"@id\":\"https:\/\/arcticexcursions.com\/da\/udflugter\/whale-safari-6\/#breadcrumb\",\"itemListElement\":[{\"@type\":\"ListItem\",\"position\":1,\"name\":\"Home\",\"item\":\"https:\/\/arcticexcursions.com\/da\/\"},{\"@type\":\"ListItem\",\"position\":2,\"name\":\"Udflugter i Gr\u00f8nland\",\"item\":\"https:\/\/arcticexcursions.com\/da\/udflugter\/\"},{\"@type\":\"ListItem\",\"position\":3,\"name\":\"Hvalsafari\"}]},{\"@type\":\"WebSite\",\"@id\":\"https:\/\/arcticexcursions.com\/#website\",\"url\":\"https:\/\/arcticexcursions.com\/\",\"name\":\"Arctic Excursions\",\"description\":\"New adventures. Every day.\",\"publisher\":{\"@id\":\"https:\/\/arcticexcursions.com\/#organization\"},\"potentialAction\":[{\"@type\":\"SearchAction\",\"target\":{\"@type\":\"EntryPoint\",\"urlTemplate\":\"https:\/\/arcticexcursions.com\/?s={search_term_string}\"},\"query-input\":{\"@type\":\"PropertyValueSpecification\",\"valueRequired\":true,\"valueName\":\"search_term_string\"}}],\"inLanguage\":\"da-DK\"},{\"@type\":\"Organization\",\"@id\":\"https:\/\/arcticexcursions.com\/#organization\",\"name\":\"Arctic Excursions\",\"url\":\"https:\/\/arcticexcursions.com\/\",\"logo\":{\"@type\":\"ImageObject\",\"inLanguage\":\"da-DK\",\"@id\":\"https:\/\/arcticexcursions.com\/#\/schema\/logo\/image\/\",\"url\":\"https:\/\/arcticexcursions.com\/wp-content\/uploads\/2022\/11\/fb-logo.png\",\"contentUrl\":\"https:\/\/arcticexcursions.com\/wp-content\/uploads\/2022\/11\/fb-logo.png\",\"width\":523,\"height\":523,\"caption\":\"Arctic Excursions\"},\"image\":{\"@id\":\"https:\/\/arcticexcursions.com\/#\/schema\/logo\/image\/\"}}]}<\/script>\n<!-- \/ Yoast SEO plugin. -->","yoast_head_json":{"title":"Arctic Excursions","robots":{"index":"index","follow":"follow","max-snippet":"max-snippet:-1","max-image-preview":"max-image-preview:large","max-video-preview":"max-video-preview:-1"},"canonical":"https:\/\/arcticexcursions.com\/da\/udflugter\/whale-safari-6\/","og_locale":"da_DK","og_type":"article","og_title":"Hvalsafari - Arctic Excursions","og_description":"Oplev en hvalsafari med lukket b\u00e5d","og_url":"https:\/\/arcticexcursions.com\/da\/udflugter\/whale-safari-6\/","og_site_name":"Arctic Excursions","article_modified_time":"2025-11-04T17:07:06+00:00","og_image":[{"width":2560,"height":1196,"url":"https:\/\/arcticexcursions.com\/wp-content\/uploads\/2025\/05\/1000002829-scaled.jpg","type":"image\/jpeg"}],"twitter_card":"summary_large_image","twitter_misc":{"Estimeret l\u00e6setid":"1 minut"},"schema":{"@context":"https:\/\/schema.org","@graph":[{"@type":"WebPage","@id":"https:\/\/arcticexcursions.com\/da\/udflugter\/whale-safari-6\/","url":"https:\/\/arcticexcursions.com\/da\/udflugter\/whale-safari-6\/","name":"Hvalsafari - Arctic Excursions","isPartOf":{"@id":"https:\/\/arcticexcursions.com\/#website"},"primaryImageOfPage":{"@id":"https:\/\/arcticexcursions.com\/da\/udflugter\/whale-safari-6\/#primaryimage"},"image":{"@id":"https:\/\/arcticexcursions.com\/da\/udflugter\/whale-safari-6\/#primaryimage"},"thumbnailUrl":"https:\/\/arcticexcursions.com\/wp-content\/uploads\/2025\/05\/1000002829-scaled.jpg","datePublished":"2025-05-27T12:23:02+00:00","dateModified":"2025-11-04T17:07:06+00:00","breadcrumb":{"@id":"https:\/\/arcticexcursions.com\/da\/udflugter\/whale-safari-6\/#breadcrumb"},"inLanguage":"da-DK","potentialAction":[{"@type":"ReadAction","target":["https:\/\/arcticexcursions.com\/da\/udflugter\/whale-safari-6\/"]}]},{"@type":"ImageObject","inLanguage":"da-DK","@id":"https:\/\/arcticexcursions.com\/da\/udflugter\/whale-safari-6\/#primaryimage","url":"https:\/\/arcticexcursions.com\/wp-content\/uploads\/2025\/05\/1000002829-scaled.jpg","contentUrl":"https:\/\/arcticexcursions.com\/wp-content\/uploads\/2025\/05\/1000002829-scaled.jpg","width":2560,"height":1196},{"@type":"BreadcrumbList","@id":"https:\/\/arcticexcursions.com\/da\/udflugter\/whale-safari-6\/#breadcrumb","itemListElement":[{"@type":"ListItem","position":1,"name":"Home","item":"https:\/\/arcticexcursions.com\/da\/"},{"@type":"ListItem","position":2,"name":"Udflugter i Gr\u00f8nland","item":"https:\/\/arcticexcursions.com\/da\/udflugter\/"},{"@type":"ListItem","position":3,"name":"Hvalsafari"}]},{"@type":"WebSite","@id":"https:\/\/arcticexcursions.com\/#website","url":"https:\/\/arcticexcursions.com\/","name":"Arctic Excursions","description":"New adventures. Every day.","publisher":{"@id":"https:\/\/arcticexcursions.com\/#organization"},"potentialAction":[{"@type":"SearchAction","target":{"@type":"EntryPoint","urlTemplate":"https:\/\/arcticexcursions.com\/?s={search_term_string}"},"query-input":{"@type":"PropertyValueSpecification","valueRequired":true,"valueName":"search_term_string"}}],"inLanguage":"da-DK"},{"@type":"Organization","@id":"https:\/\/arcticexcursions.com\/#organization","name":"Arctic Excursions","url":"https:\/\/arcticexcursions.com\/","logo":{"@type":"ImageObject","inLanguage":"da-DK","@id":"https:\/\/arcticexcursions.com\/#\/schema\/logo\/image\/","url":"https:\/\/arcticexcursions.com\/wp-content\/uploads\/2022\/11\/fb-logo.png","contentUrl":"https:\/\/arcticexcursions.com\/wp-content\/uploads\/2022\/11\/fb-logo.png","width":523,"height":523,"caption":"Arctic Excursions"},"image":{"@id":"https:\/\/arcticexcursions.com\/#\/schema\/logo\/image\/"}}]}},"_links":{"self":[{"href":"https:\/\/arcticexcursions.com\/da\/wp-json\/wp\/v2\/product\/55133"}],"collection":[{"href":"https:\/\/arcticexcursions.com\/da\/wp-json\/wp\/v2\/product"}],"about":[{"href":"https:\/\/arcticexcursions.com\/da\/wp-json\/wp\/v2\/types\/product"}],"replies":[{"embeddable":true,"href":"https:\/\/arcticexcursions.com\/da\/wp-json\/wp\/v2\/comments?post=55133"}],"wp:featuredmedia":[{"embeddable":true,"href":"https:\/\/arcticexcursions.com\/da\/wp-json\/wp\/v2\/media\/55308"}],"wp:attachment":[{"href":"https:\/\/arcticexcursions.com\/da\/wp-json\/wp\/v2\/media?parent=55133"}],"wp:term":[{"taxonomy":"product_brand","embeddable":true,"href":"https:\/\/arcticexcursions.com\/da\/wp-json\/wp\/v2\/product_brand?post=55133"},{"taxonomy":"product_cat","embeddable":true,"href":"https:\/\/arcticexcursions.com\/da\/wp-json\/wp\/v2\/product_cat?post=55133"},{"taxonomy":"product_tag","embeddable":true,"href":"https:\/\/arcticexcursions.com\/da\/wp-json\/wp\/v2\/product_tag?post=55133"}],"curies":[{"name":"wp","href":"https:\/\/api.w.org\/{rel}","templated":true}]}}