{"id":5573,"date":"2022-12-06T12:48:29","date_gmt":"2022-12-06T10:48:29","guid":{"rendered":"https:\/\/arcticexcursions.com\/?post_type=product&#038;p=5573"},"modified":"2025-11-03T18:25:54","modified_gmt":"2025-11-03T16:25:54","slug":"nuuk-fiord-all-day-adventure","status":"publish","type":"product","link":"https:\/\/arcticexcursions.com\/da\/udflugter\/nuuk-fiord-all-day-adventure\/","title":{"rendered":"Heldags fjord-eventyr i Nuuk"},"content":{"rendered":"<p>Vi har 12 timer til at tilbringe p\u00e5 dette smukke fjordsystem i Nuuk fjord. <\/p>\n<p>Tag med os p\u00e5 en oplevelsestur i verdens n\u00e6stst\u00f8rste fjordsystem. <\/p>\n<p>Vi starter med at sejle til Qoornoq, som er en forladt bebyggelse, men som fungerer som sommerhus for mange af de lokale indbyggere, der bor i Nuuk.<\/p>\n<p>Der er mulighed for at s\u00e6tte af og bruge tid p\u00e5 at g\u00e5 rundt i den forladte bebyggelse. <\/p>\n<p>Derefter sejler vi til isfjorden &#8220;Narsap Sermia&#8221; hvor det er muligt at se gletsjeren. Skipperen bestemmer hvor t\u00e6t vi sejler p\u00e5 selve dagen, da der kan v\u00e6re meget is. Sikkerhed f\u00f8rst. <\/p>\n<p>Motoren slukkes, frokosten serveres, og vi nyder stilheden sammen. <\/p>\n<p>Efter frokost sejler vi videre til Qooqqut, hvor du kan fiske, og efter at have fanget nogle fisk, ankommer vi til Qooqqut, hvor din fangst bliver tilberedt af restauranten. <\/p>\n<p>Denne tur er for en familie, der gerne vil opleve hele pakken p\u00e5 12 timer.<\/p>\n<p>Frokost og aftensmad er inkluderet i prisen.  <\/p>\n<p><b>Varighed:<\/b> 12 timer<\/p>\n<p><b>Deltagere:<\/b> Bem\u00e6rk venligst, at udflugten kun gennemf\u00f8res, hvis der er mindst 4 bookede billetter i alt. Hvis du for eksempel booker 2 billetter, skal der s\u00e6lges mindst 2 yderligere billetter til andre kunder, f\u00f8r turen kan finde sted. Der vil deltage maksimalt 12 personer. <\/p>\n<p><b>Sprog:<\/b> Guiden\/kaptajnen taler dansk, engelsk og gr\u00f8nlandsk <\/p>\n<p><b>B\u00e5dtype:<\/b> Lukket b\u00e5d <\/p>\n<p><b>Toiletforhold:<\/b> Der er toilet p\u00e5 b\u00e5den <\/p>\n<p><b>Forplejning:<\/b> Kaffe, te, frokost og aftensmad serveres p\u00e5 b\u00e5den <\/p>\n<p><b>Anbefalet p\u00e5kl\u00e6dning:<\/b> Varmt t\u00f8j inkl. hue og handsker hele \u00e5ret. Solbriller. Solcreme om sommeren.<\/p>\n","protected":false},"excerpt":{"rendered":"<p>Denne tur er for dem, der \u00f8nsker at tilbringe en heldig dag p\u00e5 Nuuk-fjorden.<\/p>\n","protected":false},"featured_media":5587,"comment_status":"open","ping_status":"closed","template":"","meta":{"_acf_changed":false},"product_brand":[],"product_cat":[170],"product_tag":[159],"class_list":{"0":"post-5573","1":"product","2":"type-product","3":"status-publish","4":"has-post-thumbnail","6":"product_cat-udflugt","7":"product_tag-1-da","8":"tour_location-nuuk-da","9":"tour_type-baadture","10":"tour_tickettype-arctic_excursions","11":"tour_operator-nuuk-water-taxi","13":"first","14":"outofstock","15":"shipping-taxable","16":"product-type-variable"},"acf":[],"yoast_head":"<!-- This site is optimized with the Yoast SEO plugin v23.6 - https:\/\/yoast.com\/wordpress\/plugins\/seo\/ -->\n<title>Arctic Excursions<\/title>\n<meta name=\"robots\" content=\"index, follow, max-snippet:-1, max-image-preview:large, max-video-preview:-1\" \/>\n<link rel=\"canonical\" href=\"https:\/\/arcticexcursions.com\/udflugter\/heldagstur-i-nuuk-fjord\/\" \/>\n<meta property=\"og:locale\" content=\"da_DK\" \/>\n<meta property=\"og:type\" content=\"article\" \/>\n<meta property=\"og:title\" content=\"Heldags fjord-eventyr i Nuuk - Arctic Excursions\" \/>\n<meta property=\"og:description\" content=\"Denne tur er for dem, der \u00f8nsker at tilbringe en heldig dag p\u00e5 Nuuk-fjorden.\" \/>\n<meta property=\"og:url\" content=\"https:\/\/arcticexcursions.com\/udflugter\/heldagstur-i-nuuk-fjord\/\" \/>\n<meta property=\"og:site_name\" content=\"Arctic Excursions\" \/>\n<meta property=\"article:modified_time\" content=\"2025-11-03T16:25:54+00:00\" \/>\n<meta property=\"og:image\" content=\"https:\/\/arcticexcursions.com\/wp-content\/uploads\/2022\/12\/Aerial-of-Qoornoq-Coastline.-Photo-Elia-Locardi-Visit-Greenland-1024x768.jpg\" \/>\n\t<meta property=\"og:image:width\" content=\"1024\" \/>\n\t<meta property=\"og:image:height\" content=\"768\" \/>\n\t<meta property=\"og:image:type\" content=\"image\/jpeg\" \/>\n<meta name=\"twitter:card\" content=\"summary_large_image\" \/>\n<meta name=\"twitter:label1\" content=\"Estimeret l\u00e6setid\" \/>\n\t<meta name=\"twitter:data1\" content=\"1 minut\" \/>\n<script type=\"application\/ld+json\" class=\"yoast-schema-graph\">{\"@context\":\"https:\/\/schema.org\",\"@graph\":[{\"@type\":\"WebPage\",\"@id\":\"https:\/\/arcticexcursions.com\/udflugter\/heldagstur-i-nuuk-fjord\/\",\"url\":\"https:\/\/arcticexcursions.com\/udflugter\/heldagstur-i-nuuk-fjord\/\",\"name\":\"Heldags fjord-eventyr i Nuuk - Arctic Excursions\",\"isPartOf\":{\"@id\":\"https:\/\/arcticexcursions.com\/#website\"},\"primaryImageOfPage\":{\"@id\":\"https:\/\/arcticexcursions.com\/udflugter\/heldagstur-i-nuuk-fjord\/#primaryimage\"},\"image\":{\"@id\":\"https:\/\/arcticexcursions.com\/udflugter\/heldagstur-i-nuuk-fjord\/#primaryimage\"},\"thumbnailUrl\":\"https:\/\/arcticexcursions.com\/wp-content\/uploads\/2022\/12\/Aerial-of-Qoornoq-Coastline.-Photo-Elia-Locardi-Visit-Greenland.jpg\",\"datePublished\":\"2022-12-06T10:48:29+00:00\",\"dateModified\":\"2025-11-03T16:25:54+00:00\",\"breadcrumb\":{\"@id\":\"https:\/\/arcticexcursions.com\/udflugter\/heldagstur-i-nuuk-fjord\/#breadcrumb\"},\"inLanguage\":\"da-DK\",\"potentialAction\":[{\"@type\":\"ReadAction\",\"target\":[\"https:\/\/arcticexcursions.com\/udflugter\/heldagstur-i-nuuk-fjord\/\"]}]},{\"@type\":\"ImageObject\",\"inLanguage\":\"da-DK\",\"@id\":\"https:\/\/arcticexcursions.com\/udflugter\/heldagstur-i-nuuk-fjord\/#primaryimage\",\"url\":\"https:\/\/arcticexcursions.com\/wp-content\/uploads\/2022\/12\/Aerial-of-Qoornoq-Coastline.-Photo-Elia-Locardi-Visit-Greenland.jpg\",\"contentUrl\":\"https:\/\/arcticexcursions.com\/wp-content\/uploads\/2022\/12\/Aerial-of-Qoornoq-Coastline.-Photo-Elia-Locardi-Visit-Greenland.jpg\",\"width\":2400,\"height\":1799,\"caption\":\"Crediting is required when using photos from our galleries. This means you have to credit both the photographer and Visit Greenland (http:\/\/vg.gl\/accr) Photo by Elia Locardi - Visit Greenland This photo is licensed under Visit Greenland License Agreement. Please refer to the license agreement for more info about the rights of use associated with the image. Download the agreement here: http:\/\/vg.gl\/vglicense When downloading or sharing this image you enter into an agreement with Visit Greenland A\/S about the use of the image under this license. If you want to apply for extended user rights for downloads on this database please read these guidelines: http:\/\/vg.gl\/guidel\"},{\"@type\":\"BreadcrumbList\",\"@id\":\"https:\/\/arcticexcursions.com\/udflugter\/heldagstur-i-nuuk-fjord\/#breadcrumb\",\"itemListElement\":[{\"@type\":\"ListItem\",\"position\":1,\"name\":\"Home\",\"item\":\"https:\/\/arcticexcursions.com\/da\/\"},{\"@type\":\"ListItem\",\"position\":2,\"name\":\"Udflugter i Gr\u00f8nland\",\"item\":\"https:\/\/arcticexcursions.com\/da\/udflugter\/\"},{\"@type\":\"ListItem\",\"position\":3,\"name\":\"Heldags fjord-eventyr i Nuuk\"}]},{\"@type\":\"WebSite\",\"@id\":\"https:\/\/arcticexcursions.com\/#website\",\"url\":\"https:\/\/arcticexcursions.com\/\",\"name\":\"Arctic Excursions\",\"description\":\"New adventures. Every day.\",\"publisher\":{\"@id\":\"https:\/\/arcticexcursions.com\/#organization\"},\"potentialAction\":[{\"@type\":\"SearchAction\",\"target\":{\"@type\":\"EntryPoint\",\"urlTemplate\":\"https:\/\/arcticexcursions.com\/?s={search_term_string}\"},\"query-input\":{\"@type\":\"PropertyValueSpecification\",\"valueRequired\":true,\"valueName\":\"search_term_string\"}}],\"inLanguage\":\"da-DK\"},{\"@type\":\"Organization\",\"@id\":\"https:\/\/arcticexcursions.com\/#organization\",\"name\":\"Arctic Excursions\",\"url\":\"https:\/\/arcticexcursions.com\/\",\"logo\":{\"@type\":\"ImageObject\",\"inLanguage\":\"da-DK\",\"@id\":\"https:\/\/arcticexcursions.com\/#\/schema\/logo\/image\/\",\"url\":\"https:\/\/arcticexcursions.com\/wp-content\/uploads\/2022\/11\/fb-logo.png\",\"contentUrl\":\"https:\/\/arcticexcursions.com\/wp-content\/uploads\/2022\/11\/fb-logo.png\",\"width\":523,\"height\":523,\"caption\":\"Arctic Excursions\"},\"image\":{\"@id\":\"https:\/\/arcticexcursions.com\/#\/schema\/logo\/image\/\"}}]}<\/script>\n<!-- \/ Yoast SEO plugin. -->","yoast_head_json":{"title":"Arctic Excursions","robots":{"index":"index","follow":"follow","max-snippet":"max-snippet:-1","max-image-preview":"max-image-preview:large","max-video-preview":"max-video-preview:-1"},"canonical":"https:\/\/arcticexcursions.com\/udflugter\/heldagstur-i-nuuk-fjord\/","og_locale":"da_DK","og_type":"article","og_title":"Heldags fjord-eventyr i Nuuk - Arctic Excursions","og_description":"Denne tur er for dem, der \u00f8nsker at tilbringe en heldig dag p\u00e5 Nuuk-fjorden.","og_url":"https:\/\/arcticexcursions.com\/udflugter\/heldagstur-i-nuuk-fjord\/","og_site_name":"Arctic Excursions","article_modified_time":"2025-11-03T16:25:54+00:00","og_image":[{"width":1024,"height":768,"url":"https:\/\/arcticexcursions.com\/wp-content\/uploads\/2022\/12\/Aerial-of-Qoornoq-Coastline.-Photo-Elia-Locardi-Visit-Greenland-1024x768.jpg","type":"image\/jpeg"}],"twitter_card":"summary_large_image","twitter_misc":{"Estimeret l\u00e6setid":"1 minut"},"schema":{"@context":"https:\/\/schema.org","@graph":[{"@type":"WebPage","@id":"https:\/\/arcticexcursions.com\/udflugter\/heldagstur-i-nuuk-fjord\/","url":"https:\/\/arcticexcursions.com\/udflugter\/heldagstur-i-nuuk-fjord\/","name":"Heldags fjord-eventyr i Nuuk - Arctic Excursions","isPartOf":{"@id":"https:\/\/arcticexcursions.com\/#website"},"primaryImageOfPage":{"@id":"https:\/\/arcticexcursions.com\/udflugter\/heldagstur-i-nuuk-fjord\/#primaryimage"},"image":{"@id":"https:\/\/arcticexcursions.com\/udflugter\/heldagstur-i-nuuk-fjord\/#primaryimage"},"thumbnailUrl":"https:\/\/arcticexcursions.com\/wp-content\/uploads\/2022\/12\/Aerial-of-Qoornoq-Coastline.-Photo-Elia-Locardi-Visit-Greenland.jpg","datePublished":"2022-12-06T10:48:29+00:00","dateModified":"2025-11-03T16:25:54+00:00","breadcrumb":{"@id":"https:\/\/arcticexcursions.com\/udflugter\/heldagstur-i-nuuk-fjord\/#breadcrumb"},"inLanguage":"da-DK","potentialAction":[{"@type":"ReadAction","target":["https:\/\/arcticexcursions.com\/udflugter\/heldagstur-i-nuuk-fjord\/"]}]},{"@type":"ImageObject","inLanguage":"da-DK","@id":"https:\/\/arcticexcursions.com\/udflugter\/heldagstur-i-nuuk-fjord\/#primaryimage","url":"https:\/\/arcticexcursions.com\/wp-content\/uploads\/2022\/12\/Aerial-of-Qoornoq-Coastline.-Photo-Elia-Locardi-Visit-Greenland.jpg","contentUrl":"https:\/\/arcticexcursions.com\/wp-content\/uploads\/2022\/12\/Aerial-of-Qoornoq-Coastline.-Photo-Elia-Locardi-Visit-Greenland.jpg","width":2400,"height":1799,"caption":"Crediting is required when using photos from our galleries. This means you have to credit both the photographer and Visit Greenland (http:\/\/vg.gl\/accr) Photo by Elia Locardi - Visit Greenland This photo is licensed under Visit Greenland License Agreement. Please refer to the license agreement for more info about the rights of use associated with the image. Download the agreement here: http:\/\/vg.gl\/vglicense When downloading or sharing this image you enter into an agreement with Visit Greenland A\/S about the use of the image under this license. If you want to apply for extended user rights for downloads on this database please read these guidelines: http:\/\/vg.gl\/guidel"},{"@type":"BreadcrumbList","@id":"https:\/\/arcticexcursions.com\/udflugter\/heldagstur-i-nuuk-fjord\/#breadcrumb","itemListElement":[{"@type":"ListItem","position":1,"name":"Home","item":"https:\/\/arcticexcursions.com\/da\/"},{"@type":"ListItem","position":2,"name":"Udflugter i Gr\u00f8nland","item":"https:\/\/arcticexcursions.com\/da\/udflugter\/"},{"@type":"ListItem","position":3,"name":"Heldags fjord-eventyr i Nuuk"}]},{"@type":"WebSite","@id":"https:\/\/arcticexcursions.com\/#website","url":"https:\/\/arcticexcursions.com\/","name":"Arctic Excursions","description":"New adventures. Every day.","publisher":{"@id":"https:\/\/arcticexcursions.com\/#organization"},"potentialAction":[{"@type":"SearchAction","target":{"@type":"EntryPoint","urlTemplate":"https:\/\/arcticexcursions.com\/?s={search_term_string}"},"query-input":{"@type":"PropertyValueSpecification","valueRequired":true,"valueName":"search_term_string"}}],"inLanguage":"da-DK"},{"@type":"Organization","@id":"https:\/\/arcticexcursions.com\/#organization","name":"Arctic Excursions","url":"https:\/\/arcticexcursions.com\/","logo":{"@type":"ImageObject","inLanguage":"da-DK","@id":"https:\/\/arcticexcursions.com\/#\/schema\/logo\/image\/","url":"https:\/\/arcticexcursions.com\/wp-content\/uploads\/2022\/11\/fb-logo.png","contentUrl":"https:\/\/arcticexcursions.com\/wp-content\/uploads\/2022\/11\/fb-logo.png","width":523,"height":523,"caption":"Arctic Excursions"},"image":{"@id":"https:\/\/arcticexcursions.com\/#\/schema\/logo\/image\/"}}]}},"_links":{"self":[{"href":"https:\/\/arcticexcursions.com\/da\/wp-json\/wp\/v2\/product\/5573"}],"collection":[{"href":"https:\/\/arcticexcursions.com\/da\/wp-json\/wp\/v2\/product"}],"about":[{"href":"https:\/\/arcticexcursions.com\/da\/wp-json\/wp\/v2\/types\/product"}],"replies":[{"embeddable":true,"href":"https:\/\/arcticexcursions.com\/da\/wp-json\/wp\/v2\/comments?post=5573"}],"wp:featuredmedia":[{"embeddable":true,"href":"https:\/\/arcticexcursions.com\/da\/wp-json\/wp\/v2\/media\/5587"}],"wp:attachment":[{"href":"https:\/\/arcticexcursions.com\/da\/wp-json\/wp\/v2\/media?parent=5573"}],"wp:term":[{"taxonomy":"product_brand","embeddable":true,"href":"https:\/\/arcticexcursions.com\/da\/wp-json\/wp\/v2\/product_brand?post=5573"},{"taxonomy":"product_cat","embeddable":true,"href":"https:\/\/arcticexcursions.com\/da\/wp-json\/wp\/v2\/product_cat?post=5573"},{"taxonomy":"product_tag","embeddable":true,"href":"https:\/\/arcticexcursions.com\/da\/wp-json\/wp\/v2\/product_tag?post=5573"}],"curies":[{"name":"wp","href":"https:\/\/api.w.org\/{rel}","templated":true}]}}