{"id":56026,"date":"2025-06-04T14:25:27","date_gmt":"2025-06-04T12:25:27","guid":{"rendered":"https:\/\/arcticexcursions.com\/?post_type=product&#038;p=56026"},"modified":"2025-10-24T12:46:20","modified_gmt":"2025-10-24T10:46:20","slug":"skysafari","status":"publish","type":"product","link":"https:\/\/arcticexcursions.com\/da\/udflugter\/skysafari\/","title":{"rendered":"SkySafari &#8211; Helikoptertur"},"content":{"rendered":"<p>Oplev den storsl\u00e5ede natur omkring Nuuk fra luften p\u00e5 denne unikke hvalsafari med helikopter. Turen tager dig med over det smukke Nuuk Fjord, hvor du har mulighed for at spotte hvaler i deres naturlige omgivelser.<\/p>\n<p>Selvom vi ofte ser hvaler i omr\u00e5det, kan vi ikke garantere observationer p\u00e5 hver tur, da det afh\u00e6nger af dyrenes bev\u00e6gelser og vejrforholdene.<\/p>\n<p>Turen er perfekt for naturelskere, eventyrlystne og dem, der \u00f8nsker at opleve Gr\u00f8nlands vilde sk\u00f8nhed fra et helt nyt perspektiv.<\/p>\n<p><b>Varighed:<\/b> 30 minutter<\/p>\n<p><b>Deltagere:<\/b> Turen gennemf\u00f8res kun ved minimum 3 tilmeldte passagerer. Der vil deltage maksimalt 5 personer. <\/p>\n<p><b>Sprog:<\/b> Piloten taler et nordisk sprog og engelsk <\/p>\n<p><b>Flytype:<\/b> Typisk Airbus AS350 helikopter <\/p>\n<p><b>Praktisk info:<\/b> Piloten bestemmer siddepladser ud fra sikkerhedsm\u00e6ssige vurderinger. <\/p>\n<p><b>Anbefalet p\u00e5kl\u00e6dning:<\/b> Varmt t\u00f8j inkl. hue og handsker hele \u00e5ret. Solbriller. Solcreme om sommeren.<\/p>\n","protected":false},"excerpt":{"rendered":"<p>SkySafari &#8211; En hvalsafari du aldrig glemmer<\/p>\n","protected":false},"featured_media":56027,"comment_status":"open","ping_status":"closed","template":"","meta":{"_acf_changed":false},"product_brand":[],"product_cat":[101,170],"product_tag":[],"class_list":{"0":"post-56026","1":"product","2":"type-product","3":"status-publish","4":"has-post-thumbnail","6":"product_cat-tour","7":"product_cat-udflugt","8":"pa_dato-6070","9":"pa_dato-5895","10":"pa_dato-5952","11":"pa_dato-1193","12":"pa_dato-6056","13":"pa_dato-5892","14":"pa_dato-6020","15":"pa_dato-5948","16":"pa_dato-5933","17":"pa_dato-5966","18":"pa_dato-5983","19":"pa_dato-5925","20":"pa_dato-5975","21":"pa_dato-6051","22":"pa_dato-6030","23":"pa_dato-6022","24":"pa_dato-6025","25":"pa_dato-5929","26":"pa_dato-5928","27":"pa_dato-5963","28":"pa_dato-6091","29":"pa_dato-6080","30":"pa_dato-6089","31":"pa_dato-6073","32":"pa_dato-5944","33":"pa_dato-6106","34":"pa_dato-6093","35":"pa_dato-6163","36":"pa_dato-6168","37":"pa_dato-6182","38":"pa_dato-6164","39":"pa_dato-6179","40":"pa_dato-6139","41":"pa_dato-6122","42":"pa_dato-6137","43":"pa_dato-6189","44":"pa_dato-6152","45":"pa_tidspunkt-177","46":"pa_tidspunkt-308","47":"pa_tidspunkt-426","48":"pa_tidspunkt-57","49":"tour_location-nuuk-da","50":"tour_type-flightseeing","51":"tour_tickettype-arctic_excursions","52":"tour_operator-air-greenland-charter","54":"first","55":"outofstock","56":"shipping-taxable","57":"product-type-variable"},"acf":[],"yoast_head":"<!-- This site is optimized with the Yoast SEO plugin v23.6 - https:\/\/yoast.com\/wordpress\/plugins\/seo\/ -->\n<title>Arctic Excursions<\/title>\n<meta name=\"robots\" content=\"index, follow, max-snippet:-1, max-image-preview:large, max-video-preview:-1\" \/>\n<link rel=\"canonical\" href=\"https:\/\/arcticexcursions.com\/da\/udflugter\/skysafari\/\" \/>\n<meta property=\"og:locale\" content=\"da_DK\" \/>\n<meta property=\"og:type\" content=\"article\" \/>\n<meta property=\"og:title\" content=\"SkySafari - Helikoptertur - Arctic Excursions\" \/>\n<meta property=\"og:description\" content=\"SkySafari - En hvalsafari du aldrig glemmer\" \/>\n<meta property=\"og:url\" content=\"https:\/\/arcticexcursions.com\/da\/udflugter\/skysafari\/\" \/>\n<meta property=\"og:site_name\" content=\"Arctic Excursions\" \/>\n<meta property=\"article:modified_time\" content=\"2025-10-24T10:46:20+00:00\" \/>\n<meta property=\"og:image\" content=\"https:\/\/arcticexcursions.com\/wp-content\/uploads\/2025\/06\/Whale-by-the-icefjord-ice.-Photo-Florian-Gurtner-Visit-Greenland-1-1.jpg\" \/>\n\t<meta property=\"og:image:width\" content=\"2400\" \/>\n\t<meta property=\"og:image:height\" content=\"1799\" \/>\n\t<meta property=\"og:image:type\" content=\"image\/jpeg\" \/>\n<meta name=\"twitter:card\" content=\"summary_large_image\" \/>\n<meta name=\"twitter:label1\" content=\"Estimeret l\u00e6setid\" \/>\n\t<meta name=\"twitter:data1\" content=\"1 minut\" \/>\n<script type=\"application\/ld+json\" class=\"yoast-schema-graph\">{\"@context\":\"https:\/\/schema.org\",\"@graph\":[{\"@type\":\"WebPage\",\"@id\":\"https:\/\/arcticexcursions.com\/da\/udflugter\/skysafari\/\",\"url\":\"https:\/\/arcticexcursions.com\/da\/udflugter\/skysafari\/\",\"name\":\"SkySafari - Helikoptertur - Arctic Excursions\",\"isPartOf\":{\"@id\":\"https:\/\/arcticexcursions.com\/#website\"},\"primaryImageOfPage\":{\"@id\":\"https:\/\/arcticexcursions.com\/da\/udflugter\/skysafari\/#primaryimage\"},\"image\":{\"@id\":\"https:\/\/arcticexcursions.com\/da\/udflugter\/skysafari\/#primaryimage\"},\"thumbnailUrl\":\"https:\/\/arcticexcursions.com\/wp-content\/uploads\/2025\/06\/Whale-by-the-icefjord-ice.-Photo-Florian-Gurtner-Visit-Greenland-1-1.jpg\",\"datePublished\":\"2025-06-04T12:25:27+00:00\",\"dateModified\":\"2025-10-24T10:46:20+00:00\",\"breadcrumb\":{\"@id\":\"https:\/\/arcticexcursions.com\/da\/udflugter\/skysafari\/#breadcrumb\"},\"inLanguage\":\"da-DK\",\"potentialAction\":[{\"@type\":\"ReadAction\",\"target\":[\"https:\/\/arcticexcursions.com\/da\/udflugter\/skysafari\/\"]}]},{\"@type\":\"ImageObject\",\"inLanguage\":\"da-DK\",\"@id\":\"https:\/\/arcticexcursions.com\/da\/udflugter\/skysafari\/#primaryimage\",\"url\":\"https:\/\/arcticexcursions.com\/wp-content\/uploads\/2025\/06\/Whale-by-the-icefjord-ice.-Photo-Florian-Gurtner-Visit-Greenland-1-1.jpg\",\"contentUrl\":\"https:\/\/arcticexcursions.com\/wp-content\/uploads\/2025\/06\/Whale-by-the-icefjord-ice.-Photo-Florian-Gurtner-Visit-Greenland-1-1.jpg\",\"width\":2400,\"height\":1799},{\"@type\":\"BreadcrumbList\",\"@id\":\"https:\/\/arcticexcursions.com\/da\/udflugter\/skysafari\/#breadcrumb\",\"itemListElement\":[{\"@type\":\"ListItem\",\"position\":1,\"name\":\"Home\",\"item\":\"https:\/\/arcticexcursions.com\/da\/\"},{\"@type\":\"ListItem\",\"position\":2,\"name\":\"Udflugter i Gr\u00f8nland\",\"item\":\"https:\/\/arcticexcursions.com\/da\/udflugter\/\"},{\"@type\":\"ListItem\",\"position\":3,\"name\":\"SkySafari &#8211; Helikoptertur\"}]},{\"@type\":\"WebSite\",\"@id\":\"https:\/\/arcticexcursions.com\/#website\",\"url\":\"https:\/\/arcticexcursions.com\/\",\"name\":\"Arctic Excursions\",\"description\":\"New adventures. Every day.\",\"publisher\":{\"@id\":\"https:\/\/arcticexcursions.com\/#organization\"},\"potentialAction\":[{\"@type\":\"SearchAction\",\"target\":{\"@type\":\"EntryPoint\",\"urlTemplate\":\"https:\/\/arcticexcursions.com\/?s={search_term_string}\"},\"query-input\":{\"@type\":\"PropertyValueSpecification\",\"valueRequired\":true,\"valueName\":\"search_term_string\"}}],\"inLanguage\":\"da-DK\"},{\"@type\":\"Organization\",\"@id\":\"https:\/\/arcticexcursions.com\/#organization\",\"name\":\"Arctic Excursions\",\"url\":\"https:\/\/arcticexcursions.com\/\",\"logo\":{\"@type\":\"ImageObject\",\"inLanguage\":\"da-DK\",\"@id\":\"https:\/\/arcticexcursions.com\/#\/schema\/logo\/image\/\",\"url\":\"https:\/\/arcticexcursions.com\/wp-content\/uploads\/2022\/11\/fb-logo.png\",\"contentUrl\":\"https:\/\/arcticexcursions.com\/wp-content\/uploads\/2022\/11\/fb-logo.png\",\"width\":523,\"height\":523,\"caption\":\"Arctic Excursions\"},\"image\":{\"@id\":\"https:\/\/arcticexcursions.com\/#\/schema\/logo\/image\/\"}}]}<\/script>\n<!-- \/ Yoast SEO plugin. -->","yoast_head_json":{"title":"Arctic Excursions","robots":{"index":"index","follow":"follow","max-snippet":"max-snippet:-1","max-image-preview":"max-image-preview:large","max-video-preview":"max-video-preview:-1"},"canonical":"https:\/\/arcticexcursions.com\/da\/udflugter\/skysafari\/","og_locale":"da_DK","og_type":"article","og_title":"SkySafari - Helikoptertur - Arctic Excursions","og_description":"SkySafari - En hvalsafari du aldrig glemmer","og_url":"https:\/\/arcticexcursions.com\/da\/udflugter\/skysafari\/","og_site_name":"Arctic Excursions","article_modified_time":"2025-10-24T10:46:20+00:00","og_image":[{"width":2400,"height":1799,"url":"https:\/\/arcticexcursions.com\/wp-content\/uploads\/2025\/06\/Whale-by-the-icefjord-ice.-Photo-Florian-Gurtner-Visit-Greenland-1-1.jpg","type":"image\/jpeg"}],"twitter_card":"summary_large_image","twitter_misc":{"Estimeret l\u00e6setid":"1 minut"},"schema":{"@context":"https:\/\/schema.org","@graph":[{"@type":"WebPage","@id":"https:\/\/arcticexcursions.com\/da\/udflugter\/skysafari\/","url":"https:\/\/arcticexcursions.com\/da\/udflugter\/skysafari\/","name":"SkySafari - Helikoptertur - Arctic Excursions","isPartOf":{"@id":"https:\/\/arcticexcursions.com\/#website"},"primaryImageOfPage":{"@id":"https:\/\/arcticexcursions.com\/da\/udflugter\/skysafari\/#primaryimage"},"image":{"@id":"https:\/\/arcticexcursions.com\/da\/udflugter\/skysafari\/#primaryimage"},"thumbnailUrl":"https:\/\/arcticexcursions.com\/wp-content\/uploads\/2025\/06\/Whale-by-the-icefjord-ice.-Photo-Florian-Gurtner-Visit-Greenland-1-1.jpg","datePublished":"2025-06-04T12:25:27+00:00","dateModified":"2025-10-24T10:46:20+00:00","breadcrumb":{"@id":"https:\/\/arcticexcursions.com\/da\/udflugter\/skysafari\/#breadcrumb"},"inLanguage":"da-DK","potentialAction":[{"@type":"ReadAction","target":["https:\/\/arcticexcursions.com\/da\/udflugter\/skysafari\/"]}]},{"@type":"ImageObject","inLanguage":"da-DK","@id":"https:\/\/arcticexcursions.com\/da\/udflugter\/skysafari\/#primaryimage","url":"https:\/\/arcticexcursions.com\/wp-content\/uploads\/2025\/06\/Whale-by-the-icefjord-ice.-Photo-Florian-Gurtner-Visit-Greenland-1-1.jpg","contentUrl":"https:\/\/arcticexcursions.com\/wp-content\/uploads\/2025\/06\/Whale-by-the-icefjord-ice.-Photo-Florian-Gurtner-Visit-Greenland-1-1.jpg","width":2400,"height":1799},{"@type":"BreadcrumbList","@id":"https:\/\/arcticexcursions.com\/da\/udflugter\/skysafari\/#breadcrumb","itemListElement":[{"@type":"ListItem","position":1,"name":"Home","item":"https:\/\/arcticexcursions.com\/da\/"},{"@type":"ListItem","position":2,"name":"Udflugter i Gr\u00f8nland","item":"https:\/\/arcticexcursions.com\/da\/udflugter\/"},{"@type":"ListItem","position":3,"name":"SkySafari &#8211; Helikoptertur"}]},{"@type":"WebSite","@id":"https:\/\/arcticexcursions.com\/#website","url":"https:\/\/arcticexcursions.com\/","name":"Arctic Excursions","description":"New adventures. Every day.","publisher":{"@id":"https:\/\/arcticexcursions.com\/#organization"},"potentialAction":[{"@type":"SearchAction","target":{"@type":"EntryPoint","urlTemplate":"https:\/\/arcticexcursions.com\/?s={search_term_string}"},"query-input":{"@type":"PropertyValueSpecification","valueRequired":true,"valueName":"search_term_string"}}],"inLanguage":"da-DK"},{"@type":"Organization","@id":"https:\/\/arcticexcursions.com\/#organization","name":"Arctic Excursions","url":"https:\/\/arcticexcursions.com\/","logo":{"@type":"ImageObject","inLanguage":"da-DK","@id":"https:\/\/arcticexcursions.com\/#\/schema\/logo\/image\/","url":"https:\/\/arcticexcursions.com\/wp-content\/uploads\/2022\/11\/fb-logo.png","contentUrl":"https:\/\/arcticexcursions.com\/wp-content\/uploads\/2022\/11\/fb-logo.png","width":523,"height":523,"caption":"Arctic Excursions"},"image":{"@id":"https:\/\/arcticexcursions.com\/#\/schema\/logo\/image\/"}}]}},"_links":{"self":[{"href":"https:\/\/arcticexcursions.com\/da\/wp-json\/wp\/v2\/product\/56026"}],"collection":[{"href":"https:\/\/arcticexcursions.com\/da\/wp-json\/wp\/v2\/product"}],"about":[{"href":"https:\/\/arcticexcursions.com\/da\/wp-json\/wp\/v2\/types\/product"}],"replies":[{"embeddable":true,"href":"https:\/\/arcticexcursions.com\/da\/wp-json\/wp\/v2\/comments?post=56026"}],"wp:featuredmedia":[{"embeddable":true,"href":"https:\/\/arcticexcursions.com\/da\/wp-json\/wp\/v2\/media\/56027"}],"wp:attachment":[{"href":"https:\/\/arcticexcursions.com\/da\/wp-json\/wp\/v2\/media?parent=56026"}],"wp:term":[{"taxonomy":"product_brand","embeddable":true,"href":"https:\/\/arcticexcursions.com\/da\/wp-json\/wp\/v2\/product_brand?post=56026"},{"taxonomy":"product_cat","embeddable":true,"href":"https:\/\/arcticexcursions.com\/da\/wp-json\/wp\/v2\/product_cat?post=56026"},{"taxonomy":"product_tag","embeddable":true,"href":"https:\/\/arcticexcursions.com\/da\/wp-json\/wp\/v2\/product_tag?post=56026"}],"curies":[{"name":"wp","href":"https:\/\/api.w.org\/{rel}","templated":true}]}}