{"id":5686,"date":"2022-12-07T16:24:46","date_gmt":"2022-12-07T14:24:46","guid":{"rendered":"https:\/\/arcticexcursions.com\/?post_type=product&#038;p=5686"},"modified":"2025-11-03T18:13:39","modified_gmt":"2025-11-03T16:13:39","slug":"camp-kangiusaq","status":"publish","type":"product","link":"https:\/\/arcticexcursions.com\/da\/udflugter\/camp-kangiusaq\/","title":{"rendered":"Camp Kangiusaq (1 nat)"},"content":{"rendered":"<p>Til dem der har brug for at v\u00e6re \u00e9t med naturen igen, er det helt oplagt at tage  p\u00e5 vores camp og tilbringe en nat. <\/p>\n<p>Der er fine muligheder for at vandre i omr\u00e5det, og hvis der er brug for det, kan en af vores guider g\u00e5 med dig. <\/p>\n<p>Du kan ogs\u00e5 tilk\u00f8be aktiviteter s\u00e5som kajak eller paddleboarding ude i campen. <\/p>\n<p>Det tager ca. 2,5 time at sejle til Camp Kangisuaq, p\u00e5 vejen er der chance for at m\u00f8de dyreliv, fx s\u00e6l, pukkelhval og endda \u00f8rne.<\/p>\n<p>N\u00e5r vi ankommer til campen, vil guiderne byde dig velkommen og vise dig vejen til dit telt og fort\u00e6lle dig mere om omr\u00e5det. <\/p>\n<p>I prisen er sejlads, morgenmad, frokost og aftensmad inkluderet.  <\/p>\n<p><b>Varighed:<\/b> Der skal bookes 1 billet pr. nat.  <\/p>\n<p><b>Deltagere:<\/b> Hytten kan rumme 2 overnattende g\u00e6ster. <\/p>\n<p><b>Faciliteter:<\/b> K\u00f8kken, badev\u00e6relse, sengelinned og h\u00e5ndkl\u00e6der, br\u00e6ndeovn <\/p>\n<p><b>Check-in og check-out:<\/b> Hentes p\u00e5 m\u00f8dested p\u00e5 det valgte afgangstidspunkt. V\u00e6r klar til returtransport kl. 10.00.<\/p>\n","protected":false},"excerpt":{"rendered":"<p>Tag med ud til isfjorden og udforsk vores smukke tundra, og hvis du er heldig, kan du komme til at m\u00f8de noget dyreliv.<\/p>\n","protected":false},"featured_media":5672,"comment_status":"open","ping_status":"closed","template":"","meta":{"_acf_changed":false},"product_brand":[],"product_cat":[170],"product_tag":[159],"class_list":{"0":"post-5686","1":"product","2":"type-product","3":"status-publish","4":"has-post-thumbnail","6":"product_cat-udflugt","7":"product_tag-1-da","8":"pa_dato-653","9":"pa_dato-654","10":"pa_dato-1063","11":"pa_dato-5936","12":"pa_dato-5932","13":"pa_dato-5966","14":"pa_dato-5965","15":"pa_dato-5888","16":"pa_dato-5963","17":"pa_tidspunkt-72","18":"tour_location-nuuk-da","19":"tour_type-ophold","20":"tour_tickettype-arctic_excursions","21":"tour_operator-nuuk-water-taxi","23":"first","24":"outofstock","25":"shipping-taxable","26":"product-type-variable"},"acf":[],"yoast_head":"<!-- This site is optimized with the Yoast SEO plugin v23.6 - https:\/\/yoast.com\/wordpress\/plugins\/seo\/ -->\n<title>Arctic Excursions<\/title>\n<meta name=\"robots\" content=\"index, follow, max-snippet:-1, max-image-preview:large, max-video-preview:-1\" \/>\n<link rel=\"canonical\" href=\"https:\/\/arcticexcursions.com\/udflugter\/camp-kangiusaq\/\" \/>\n<meta property=\"og:locale\" content=\"da_DK\" \/>\n<meta property=\"og:type\" content=\"article\" \/>\n<meta property=\"og:title\" content=\"Camp Kangiusaq (1 nat) - Arctic Excursions\" \/>\n<meta property=\"og:description\" content=\"Tag med ud til isfjorden og udforsk vores smukke tundra, og hvis du er heldig, kan du komme til at m\u00f8de noget dyreliv.\" \/>\n<meta property=\"og:url\" content=\"https:\/\/arcticexcursions.com\/udflugter\/camp-kangiusaq\/\" \/>\n<meta property=\"og:site_name\" content=\"Arctic Excursions\" \/>\n<meta property=\"article:modified_time\" content=\"2025-11-03T16:13:39+00:00\" \/>\n<meta property=\"og:image\" content=\"https:\/\/arcticexcursions.com\/wp-content\/uploads\/2022\/12\/H8A4892-scaled.jpg\" \/>\n\t<meta property=\"og:image:width\" content=\"2560\" \/>\n\t<meta property=\"og:image:height\" content=\"1707\" \/>\n\t<meta property=\"og:image:type\" content=\"image\/jpeg\" \/>\n<meta name=\"twitter:card\" content=\"summary_large_image\" \/>\n<meta name=\"twitter:label1\" content=\"Estimeret l\u00e6setid\" \/>\n\t<meta name=\"twitter:data1\" content=\"1 minut\" \/>\n<script type=\"application\/ld+json\" class=\"yoast-schema-graph\">{\"@context\":\"https:\/\/schema.org\",\"@graph\":[{\"@type\":\"WebPage\",\"@id\":\"https:\/\/arcticexcursions.com\/udflugter\/camp-kangiusaq\/\",\"url\":\"https:\/\/arcticexcursions.com\/udflugter\/camp-kangiusaq\/\",\"name\":\"Camp Kangiusaq (1 nat) - Arctic Excursions\",\"isPartOf\":{\"@id\":\"https:\/\/arcticexcursions.com\/#website\"},\"primaryImageOfPage\":{\"@id\":\"https:\/\/arcticexcursions.com\/udflugter\/camp-kangiusaq\/#primaryimage\"},\"image\":{\"@id\":\"https:\/\/arcticexcursions.com\/udflugter\/camp-kangiusaq\/#primaryimage\"},\"thumbnailUrl\":\"https:\/\/arcticexcursions.com\/wp-content\/uploads\/2022\/12\/H8A4892-scaled.jpg\",\"datePublished\":\"2022-12-07T14:24:46+00:00\",\"dateModified\":\"2025-11-03T16:13:39+00:00\",\"breadcrumb\":{\"@id\":\"https:\/\/arcticexcursions.com\/udflugter\/camp-kangiusaq\/#breadcrumb\"},\"inLanguage\":\"da-DK\",\"potentialAction\":[{\"@type\":\"ReadAction\",\"target\":[\"https:\/\/arcticexcursions.com\/udflugter\/camp-kangiusaq\/\"]}]},{\"@type\":\"ImageObject\",\"inLanguage\":\"da-DK\",\"@id\":\"https:\/\/arcticexcursions.com\/udflugter\/camp-kangiusaq\/#primaryimage\",\"url\":\"https:\/\/arcticexcursions.com\/wp-content\/uploads\/2022\/12\/H8A4892-scaled.jpg\",\"contentUrl\":\"https:\/\/arcticexcursions.com\/wp-content\/uploads\/2022\/12\/H8A4892-scaled.jpg\",\"width\":2560,\"height\":1707},{\"@type\":\"BreadcrumbList\",\"@id\":\"https:\/\/arcticexcursions.com\/udflugter\/camp-kangiusaq\/#breadcrumb\",\"itemListElement\":[{\"@type\":\"ListItem\",\"position\":1,\"name\":\"Home\",\"item\":\"https:\/\/arcticexcursions.com\/da\/\"},{\"@type\":\"ListItem\",\"position\":2,\"name\":\"Udflugter i Gr\u00f8nland\",\"item\":\"https:\/\/arcticexcursions.com\/da\/udflugter\/\"},{\"@type\":\"ListItem\",\"position\":3,\"name\":\"Camp Kangiusaq (1 nat)\"}]},{\"@type\":\"WebSite\",\"@id\":\"https:\/\/arcticexcursions.com\/#website\",\"url\":\"https:\/\/arcticexcursions.com\/\",\"name\":\"Arctic Excursions\",\"description\":\"New adventures. Every day.\",\"publisher\":{\"@id\":\"https:\/\/arcticexcursions.com\/#organization\"},\"potentialAction\":[{\"@type\":\"SearchAction\",\"target\":{\"@type\":\"EntryPoint\",\"urlTemplate\":\"https:\/\/arcticexcursions.com\/?s={search_term_string}\"},\"query-input\":{\"@type\":\"PropertyValueSpecification\",\"valueRequired\":true,\"valueName\":\"search_term_string\"}}],\"inLanguage\":\"da-DK\"},{\"@type\":\"Organization\",\"@id\":\"https:\/\/arcticexcursions.com\/#organization\",\"name\":\"Arctic Excursions\",\"url\":\"https:\/\/arcticexcursions.com\/\",\"logo\":{\"@type\":\"ImageObject\",\"inLanguage\":\"da-DK\",\"@id\":\"https:\/\/arcticexcursions.com\/#\/schema\/logo\/image\/\",\"url\":\"https:\/\/arcticexcursions.com\/wp-content\/uploads\/2022\/11\/fb-logo.png\",\"contentUrl\":\"https:\/\/arcticexcursions.com\/wp-content\/uploads\/2022\/11\/fb-logo.png\",\"width\":523,\"height\":523,\"caption\":\"Arctic Excursions\"},\"image\":{\"@id\":\"https:\/\/arcticexcursions.com\/#\/schema\/logo\/image\/\"}}]}<\/script>\n<!-- \/ Yoast SEO plugin. -->","yoast_head_json":{"title":"Arctic Excursions","robots":{"index":"index","follow":"follow","max-snippet":"max-snippet:-1","max-image-preview":"max-image-preview:large","max-video-preview":"max-video-preview:-1"},"canonical":"https:\/\/arcticexcursions.com\/udflugter\/camp-kangiusaq\/","og_locale":"da_DK","og_type":"article","og_title":"Camp Kangiusaq (1 nat) - Arctic Excursions","og_description":"Tag med ud til isfjorden og udforsk vores smukke tundra, og hvis du er heldig, kan du komme til at m\u00f8de noget dyreliv.","og_url":"https:\/\/arcticexcursions.com\/udflugter\/camp-kangiusaq\/","og_site_name":"Arctic Excursions","article_modified_time":"2025-11-03T16:13:39+00:00","og_image":[{"width":2560,"height":1707,"url":"https:\/\/arcticexcursions.com\/wp-content\/uploads\/2022\/12\/H8A4892-scaled.jpg","type":"image\/jpeg"}],"twitter_card":"summary_large_image","twitter_misc":{"Estimeret l\u00e6setid":"1 minut"},"schema":{"@context":"https:\/\/schema.org","@graph":[{"@type":"WebPage","@id":"https:\/\/arcticexcursions.com\/udflugter\/camp-kangiusaq\/","url":"https:\/\/arcticexcursions.com\/udflugter\/camp-kangiusaq\/","name":"Camp Kangiusaq (1 nat) - Arctic Excursions","isPartOf":{"@id":"https:\/\/arcticexcursions.com\/#website"},"primaryImageOfPage":{"@id":"https:\/\/arcticexcursions.com\/udflugter\/camp-kangiusaq\/#primaryimage"},"image":{"@id":"https:\/\/arcticexcursions.com\/udflugter\/camp-kangiusaq\/#primaryimage"},"thumbnailUrl":"https:\/\/arcticexcursions.com\/wp-content\/uploads\/2022\/12\/H8A4892-scaled.jpg","datePublished":"2022-12-07T14:24:46+00:00","dateModified":"2025-11-03T16:13:39+00:00","breadcrumb":{"@id":"https:\/\/arcticexcursions.com\/udflugter\/camp-kangiusaq\/#breadcrumb"},"inLanguage":"da-DK","potentialAction":[{"@type":"ReadAction","target":["https:\/\/arcticexcursions.com\/udflugter\/camp-kangiusaq\/"]}]},{"@type":"ImageObject","inLanguage":"da-DK","@id":"https:\/\/arcticexcursions.com\/udflugter\/camp-kangiusaq\/#primaryimage","url":"https:\/\/arcticexcursions.com\/wp-content\/uploads\/2022\/12\/H8A4892-scaled.jpg","contentUrl":"https:\/\/arcticexcursions.com\/wp-content\/uploads\/2022\/12\/H8A4892-scaled.jpg","width":2560,"height":1707},{"@type":"BreadcrumbList","@id":"https:\/\/arcticexcursions.com\/udflugter\/camp-kangiusaq\/#breadcrumb","itemListElement":[{"@type":"ListItem","position":1,"name":"Home","item":"https:\/\/arcticexcursions.com\/da\/"},{"@type":"ListItem","position":2,"name":"Udflugter i Gr\u00f8nland","item":"https:\/\/arcticexcursions.com\/da\/udflugter\/"},{"@type":"ListItem","position":3,"name":"Camp Kangiusaq (1 nat)"}]},{"@type":"WebSite","@id":"https:\/\/arcticexcursions.com\/#website","url":"https:\/\/arcticexcursions.com\/","name":"Arctic Excursions","description":"New adventures. Every day.","publisher":{"@id":"https:\/\/arcticexcursions.com\/#organization"},"potentialAction":[{"@type":"SearchAction","target":{"@type":"EntryPoint","urlTemplate":"https:\/\/arcticexcursions.com\/?s={search_term_string}"},"query-input":{"@type":"PropertyValueSpecification","valueRequired":true,"valueName":"search_term_string"}}],"inLanguage":"da-DK"},{"@type":"Organization","@id":"https:\/\/arcticexcursions.com\/#organization","name":"Arctic Excursions","url":"https:\/\/arcticexcursions.com\/","logo":{"@type":"ImageObject","inLanguage":"da-DK","@id":"https:\/\/arcticexcursions.com\/#\/schema\/logo\/image\/","url":"https:\/\/arcticexcursions.com\/wp-content\/uploads\/2022\/11\/fb-logo.png","contentUrl":"https:\/\/arcticexcursions.com\/wp-content\/uploads\/2022\/11\/fb-logo.png","width":523,"height":523,"caption":"Arctic Excursions"},"image":{"@id":"https:\/\/arcticexcursions.com\/#\/schema\/logo\/image\/"}}]}},"_links":{"self":[{"href":"https:\/\/arcticexcursions.com\/da\/wp-json\/wp\/v2\/product\/5686"}],"collection":[{"href":"https:\/\/arcticexcursions.com\/da\/wp-json\/wp\/v2\/product"}],"about":[{"href":"https:\/\/arcticexcursions.com\/da\/wp-json\/wp\/v2\/types\/product"}],"replies":[{"embeddable":true,"href":"https:\/\/arcticexcursions.com\/da\/wp-json\/wp\/v2\/comments?post=5686"}],"wp:featuredmedia":[{"embeddable":true,"href":"https:\/\/arcticexcursions.com\/da\/wp-json\/wp\/v2\/media\/5672"}],"wp:attachment":[{"href":"https:\/\/arcticexcursions.com\/da\/wp-json\/wp\/v2\/media?parent=5686"}],"wp:term":[{"taxonomy":"product_brand","embeddable":true,"href":"https:\/\/arcticexcursions.com\/da\/wp-json\/wp\/v2\/product_brand?post=5686"},{"taxonomy":"product_cat","embeddable":true,"href":"https:\/\/arcticexcursions.com\/da\/wp-json\/wp\/v2\/product_cat?post=5686"},{"taxonomy":"product_tag","embeddable":true,"href":"https:\/\/arcticexcursions.com\/da\/wp-json\/wp\/v2\/product_tag?post=5686"}],"curies":[{"name":"wp","href":"https:\/\/api.w.org\/{rel}","templated":true}]}}