{"id":57263,"date":"2025-06-11T16:27:47","date_gmt":"2025-06-11T14:27:47","guid":{"rendered":"https:\/\/arcticexcursions.com\/?post_type=product&#038;p=57263"},"modified":"2025-10-23T16:56:30","modified_gmt":"2025-10-23T14:56:30","slug":"fjordtur","status":"publish","type":"product","link":"https:\/\/arcticexcursions.com\/da\/udflugter\/fjordtur\/","title":{"rendered":"Fjordtur"},"content":{"rendered":"<p>Tag med p\u00e5 en 2-timers fjordtur i Nuuk og oplev Gr\u00f8nlands smukke natur fra en komfortabel lukket b\u00e5d. Nyd roen p\u00e5 vandet, mens den venlige bes\u00e6tning s\u00f8rger for en hyggelig stemning. Undervejs kan du se vandfald, der l\u00f8ber ned ad klipperne, og hvis du er heldig, m\u00e5ske endda hvaler, der dukker op i fjorden. Hvis der er isfjelde p\u00e5 ruten, stopper vi ogs\u00e5 for at tage et n\u00e6rmere kig og nyde det imponerende syn.<\/p>\n<p><b>Varighed:<\/b> 2 timer<\/p>\n<p><b>Sprog:<\/b> Gr\u00f8nlandsk, Dansk &#038; Engelsk<\/p>\n<p><b>Toiletfaciliteter:<\/b> Der er toilet ombord<\/p>\n<p><b>Inkluderet:<\/b> Kaffe &#038; te<\/p>\n","protected":false},"excerpt":{"rendered":"<p>F\u00e5 dit n\u00e6ste eventyr hos Lynges Boat. Med lokale skippere og motrosser, sejler vi i en opvarmet kabineb\u00e5d med walk-around d\u00e6k, s\u00e5 du kan komme helt t\u00e6t p\u00e5 oplevelsen.<\/p>\n","protected":false},"featured_media":57250,"comment_status":"open","ping_status":"closed","template":"","meta":{"_acf_changed":false},"product_brand":[],"product_cat":[170],"product_tag":[],"class_list":{"0":"post-57263","1":"product","2":"type-product","3":"status-publish","4":"has-post-thumbnail","6":"product_cat-udflugt","7":"pa_dato-5932","8":"pa_dato-5892","9":"pa_dato-5951","10":"pa_tidspunkt-682","11":"pa_tidspunkt-70","12":"pa_tidspunkt-72","13":"pa_tidspunkt-37","14":"pa_tidspunkt-40","15":"pa_tidspunkt-304","16":"pa_tidspunkt-77","17":"pa_tidspunkt-177","18":"pa_tidspunkt-314","19":"pa_tidspunkt-308","20":"pa_tidspunkt-61","21":"pa_tidspunkt-426","22":"tour_location-nuuk-da","23":"tour_type-baadture","24":"tour_tickettype-arctic_excursions","25":"tour_tickettype-greenland_travel_tour","26":"tour_tickettype-greenland_travel_team","27":"tour_operator-lynges-boat","29":"first","30":"outofstock","31":"shipping-taxable","32":"product-type-variable"},"acf":[],"yoast_head":"<!-- This site is optimized with the Yoast SEO plugin v23.6 - https:\/\/yoast.com\/wordpress\/plugins\/seo\/ -->\n<title>Arctic Excursions<\/title>\n<meta name=\"robots\" content=\"index, follow, max-snippet:-1, max-image-preview:large, max-video-preview:-1\" \/>\n<link rel=\"canonical\" href=\"https:\/\/arcticexcursions.com\/udflugter\/fjordtur\/\" \/>\n<meta property=\"og:locale\" content=\"da_DK\" \/>\n<meta property=\"og:type\" content=\"article\" \/>\n<meta property=\"og:title\" content=\"Fjordtur - Arctic Excursions\" \/>\n<meta property=\"og:description\" content=\"F\u00e5 dit n\u00e6ste eventyr hos Lynges Boat. Med lokale skippere og motrosser, sejler vi i en opvarmet kabineb\u00e5d med walk-around d\u00e6k, s\u00e5 du kan komme helt t\u00e6t p\u00e5 oplevelsen.\" \/>\n<meta property=\"og:url\" content=\"https:\/\/arcticexcursions.com\/udflugter\/fjordtur\/\" \/>\n<meta property=\"og:site_name\" content=\"Arctic Excursions\" \/>\n<meta property=\"article:modified_time\" content=\"2025-10-23T14:56:30+00:00\" \/>\n<meta property=\"og:image\" content=\"https:\/\/arcticexcursions.com\/wp-content\/uploads\/2025\/06\/Lyngesboat.jpg\" \/>\n\t<meta property=\"og:image:width\" content=\"1920\" \/>\n\t<meta property=\"og:image:height\" content=\"1080\" \/>\n\t<meta property=\"og:image:type\" content=\"image\/jpeg\" \/>\n<meta name=\"twitter:card\" content=\"summary_large_image\" \/>\n<script type=\"application\/ld+json\" class=\"yoast-schema-graph\">{\"@context\":\"https:\/\/schema.org\",\"@graph\":[{\"@type\":\"WebPage\",\"@id\":\"https:\/\/arcticexcursions.com\/udflugter\/fjordtur\/\",\"url\":\"https:\/\/arcticexcursions.com\/udflugter\/fjordtur\/\",\"name\":\"Fjordtur - Arctic Excursions\",\"isPartOf\":{\"@id\":\"https:\/\/arcticexcursions.com\/#website\"},\"primaryImageOfPage\":{\"@id\":\"https:\/\/arcticexcursions.com\/udflugter\/fjordtur\/#primaryimage\"},\"image\":{\"@id\":\"https:\/\/arcticexcursions.com\/udflugter\/fjordtur\/#primaryimage\"},\"thumbnailUrl\":\"https:\/\/arcticexcursions.com\/wp-content\/uploads\/2025\/06\/Lyngesboat.jpg\",\"datePublished\":\"2025-06-11T14:27:47+00:00\",\"dateModified\":\"2025-10-23T14:56:30+00:00\",\"breadcrumb\":{\"@id\":\"https:\/\/arcticexcursions.com\/udflugter\/fjordtur\/#breadcrumb\"},\"inLanguage\":\"da-DK\",\"potentialAction\":[{\"@type\":\"ReadAction\",\"target\":[\"https:\/\/arcticexcursions.com\/udflugter\/fjordtur\/\"]}]},{\"@type\":\"ImageObject\",\"inLanguage\":\"da-DK\",\"@id\":\"https:\/\/arcticexcursions.com\/udflugter\/fjordtur\/#primaryimage\",\"url\":\"https:\/\/arcticexcursions.com\/wp-content\/uploads\/2025\/06\/Lyngesboat.jpg\",\"contentUrl\":\"https:\/\/arcticexcursions.com\/wp-content\/uploads\/2025\/06\/Lyngesboat.jpg\",\"width\":1920,\"height\":1080},{\"@type\":\"BreadcrumbList\",\"@id\":\"https:\/\/arcticexcursions.com\/udflugter\/fjordtur\/#breadcrumb\",\"itemListElement\":[{\"@type\":\"ListItem\",\"position\":1,\"name\":\"Home\",\"item\":\"https:\/\/arcticexcursions.com\/da\/\"},{\"@type\":\"ListItem\",\"position\":2,\"name\":\"Udflugter i Gr\u00f8nland\",\"item\":\"https:\/\/arcticexcursions.com\/da\/udflugter\/\"},{\"@type\":\"ListItem\",\"position\":3,\"name\":\"Fjordtur\"}]},{\"@type\":\"WebSite\",\"@id\":\"https:\/\/arcticexcursions.com\/#website\",\"url\":\"https:\/\/arcticexcursions.com\/\",\"name\":\"Arctic Excursions\",\"description\":\"New adventures. Every day.\",\"publisher\":{\"@id\":\"https:\/\/arcticexcursions.com\/#organization\"},\"potentialAction\":[{\"@type\":\"SearchAction\",\"target\":{\"@type\":\"EntryPoint\",\"urlTemplate\":\"https:\/\/arcticexcursions.com\/?s={search_term_string}\"},\"query-input\":{\"@type\":\"PropertyValueSpecification\",\"valueRequired\":true,\"valueName\":\"search_term_string\"}}],\"inLanguage\":\"da-DK\"},{\"@type\":\"Organization\",\"@id\":\"https:\/\/arcticexcursions.com\/#organization\",\"name\":\"Arctic Excursions\",\"url\":\"https:\/\/arcticexcursions.com\/\",\"logo\":{\"@type\":\"ImageObject\",\"inLanguage\":\"da-DK\",\"@id\":\"https:\/\/arcticexcursions.com\/#\/schema\/logo\/image\/\",\"url\":\"https:\/\/arcticexcursions.com\/wp-content\/uploads\/2022\/11\/fb-logo.png\",\"contentUrl\":\"https:\/\/arcticexcursions.com\/wp-content\/uploads\/2022\/11\/fb-logo.png\",\"width\":523,\"height\":523,\"caption\":\"Arctic Excursions\"},\"image\":{\"@id\":\"https:\/\/arcticexcursions.com\/#\/schema\/logo\/image\/\"}}]}<\/script>\n<!-- \/ Yoast SEO plugin. -->","yoast_head_json":{"title":"Arctic Excursions","robots":{"index":"index","follow":"follow","max-snippet":"max-snippet:-1","max-image-preview":"max-image-preview:large","max-video-preview":"max-video-preview:-1"},"canonical":"https:\/\/arcticexcursions.com\/udflugter\/fjordtur\/","og_locale":"da_DK","og_type":"article","og_title":"Fjordtur - Arctic Excursions","og_description":"F\u00e5 dit n\u00e6ste eventyr hos Lynges Boat. Med lokale skippere og motrosser, sejler vi i en opvarmet kabineb\u00e5d med walk-around d\u00e6k, s\u00e5 du kan komme helt t\u00e6t p\u00e5 oplevelsen.","og_url":"https:\/\/arcticexcursions.com\/udflugter\/fjordtur\/","og_site_name":"Arctic Excursions","article_modified_time":"2025-10-23T14:56:30+00:00","og_image":[{"width":1920,"height":1080,"url":"https:\/\/arcticexcursions.com\/wp-content\/uploads\/2025\/06\/Lyngesboat.jpg","type":"image\/jpeg"}],"twitter_card":"summary_large_image","schema":{"@context":"https:\/\/schema.org","@graph":[{"@type":"WebPage","@id":"https:\/\/arcticexcursions.com\/udflugter\/fjordtur\/","url":"https:\/\/arcticexcursions.com\/udflugter\/fjordtur\/","name":"Fjordtur - Arctic Excursions","isPartOf":{"@id":"https:\/\/arcticexcursions.com\/#website"},"primaryImageOfPage":{"@id":"https:\/\/arcticexcursions.com\/udflugter\/fjordtur\/#primaryimage"},"image":{"@id":"https:\/\/arcticexcursions.com\/udflugter\/fjordtur\/#primaryimage"},"thumbnailUrl":"https:\/\/arcticexcursions.com\/wp-content\/uploads\/2025\/06\/Lyngesboat.jpg","datePublished":"2025-06-11T14:27:47+00:00","dateModified":"2025-10-23T14:56:30+00:00","breadcrumb":{"@id":"https:\/\/arcticexcursions.com\/udflugter\/fjordtur\/#breadcrumb"},"inLanguage":"da-DK","potentialAction":[{"@type":"ReadAction","target":["https:\/\/arcticexcursions.com\/udflugter\/fjordtur\/"]}]},{"@type":"ImageObject","inLanguage":"da-DK","@id":"https:\/\/arcticexcursions.com\/udflugter\/fjordtur\/#primaryimage","url":"https:\/\/arcticexcursions.com\/wp-content\/uploads\/2025\/06\/Lyngesboat.jpg","contentUrl":"https:\/\/arcticexcursions.com\/wp-content\/uploads\/2025\/06\/Lyngesboat.jpg","width":1920,"height":1080},{"@type":"BreadcrumbList","@id":"https:\/\/arcticexcursions.com\/udflugter\/fjordtur\/#breadcrumb","itemListElement":[{"@type":"ListItem","position":1,"name":"Home","item":"https:\/\/arcticexcursions.com\/da\/"},{"@type":"ListItem","position":2,"name":"Udflugter i Gr\u00f8nland","item":"https:\/\/arcticexcursions.com\/da\/udflugter\/"},{"@type":"ListItem","position":3,"name":"Fjordtur"}]},{"@type":"WebSite","@id":"https:\/\/arcticexcursions.com\/#website","url":"https:\/\/arcticexcursions.com\/","name":"Arctic Excursions","description":"New adventures. Every day.","publisher":{"@id":"https:\/\/arcticexcursions.com\/#organization"},"potentialAction":[{"@type":"SearchAction","target":{"@type":"EntryPoint","urlTemplate":"https:\/\/arcticexcursions.com\/?s={search_term_string}"},"query-input":{"@type":"PropertyValueSpecification","valueRequired":true,"valueName":"search_term_string"}}],"inLanguage":"da-DK"},{"@type":"Organization","@id":"https:\/\/arcticexcursions.com\/#organization","name":"Arctic Excursions","url":"https:\/\/arcticexcursions.com\/","logo":{"@type":"ImageObject","inLanguage":"da-DK","@id":"https:\/\/arcticexcursions.com\/#\/schema\/logo\/image\/","url":"https:\/\/arcticexcursions.com\/wp-content\/uploads\/2022\/11\/fb-logo.png","contentUrl":"https:\/\/arcticexcursions.com\/wp-content\/uploads\/2022\/11\/fb-logo.png","width":523,"height":523,"caption":"Arctic Excursions"},"image":{"@id":"https:\/\/arcticexcursions.com\/#\/schema\/logo\/image\/"}}]}},"_links":{"self":[{"href":"https:\/\/arcticexcursions.com\/da\/wp-json\/wp\/v2\/product\/57263"}],"collection":[{"href":"https:\/\/arcticexcursions.com\/da\/wp-json\/wp\/v2\/product"}],"about":[{"href":"https:\/\/arcticexcursions.com\/da\/wp-json\/wp\/v2\/types\/product"}],"replies":[{"embeddable":true,"href":"https:\/\/arcticexcursions.com\/da\/wp-json\/wp\/v2\/comments?post=57263"}],"wp:featuredmedia":[{"embeddable":true,"href":"https:\/\/arcticexcursions.com\/da\/wp-json\/wp\/v2\/media\/57250"}],"wp:attachment":[{"href":"https:\/\/arcticexcursions.com\/da\/wp-json\/wp\/v2\/media?parent=57263"}],"wp:term":[{"taxonomy":"product_brand","embeddable":true,"href":"https:\/\/arcticexcursions.com\/da\/wp-json\/wp\/v2\/product_brand?post=57263"},{"taxonomy":"product_cat","embeddable":true,"href":"https:\/\/arcticexcursions.com\/da\/wp-json\/wp\/v2\/product_cat?post=57263"},{"taxonomy":"product_tag","embeddable":true,"href":"https:\/\/arcticexcursions.com\/da\/wp-json\/wp\/v2\/product_tag?post=57263"}],"curies":[{"name":"wp","href":"https:\/\/api.w.org\/{rel}","templated":true}]}}