{"id":57570,"date":"2025-06-11T19:46:06","date_gmt":"2025-06-11T17:46:06","guid":{"rendered":"https:\/\/arcticexcursions.com\/?post_type=product&#038;p=57570"},"modified":"2025-11-03T14:28:46","modified_gmt":"2025-11-03T12:28:46","slug":"whale-safari-2-hours-cruise-ship-friendly","status":"publish","type":"product","link":"https:\/\/arcticexcursions.com\/da\/udflugter\/whale-safari-2-hours-cruise-ship-friendly\/","title":{"rendered":"Hvalsafari 2 timer &#8211; Krydstogtskibsvenlig"},"content":{"rendered":"<p><b>Uforglemmeligt m\u00f8de med det arktiske dyreliv<\/b><br \/>\nNuuk Fjord er en af Gr\u00f8nlands f\u00f8rende hvalsafari-destinationer, hvor pukkelhvaler vender tilbage hver sommer for at spise i det kolde, n\u00e6ringsrige vand. Disse majest\u00e6tiske k\u00e6mper rejser tusindvis af kilometer for at n\u00e5 frem til disse f\u00f8deomr\u00e5der, hvor de giver en betagende opvisning, n\u00e5r de bryder, sl\u00e5r med halen og glider ubesv\u00e6ret gennem fjorden. N\u00e5r vi sejler gennem disse uber\u00f8rte farvande, skal du holde \u00f8je med t\u00e5gen fra deres \u00e5nde, der stiger op mod den arktiske himmel, og den yndefulde bue p\u00e5 deres rygge, n\u00e5r de dykker ned under overfladen.<\/p>\n<p>Men denne rejse er mere end bare hvaler &#8211; Nuuk Fjord er et blomstrende \u00f8kosystem fyldt med et mangfoldigt arktisk dyreliv. Kig p\u00e5 klipperne og himlen efter hav\u00f8rne, der sv\u00e6ver h\u00f8jt oppe, mens deres skarpe \u00f8jne scanner efter fisk. Nogle gange ser man s\u00e6ler, der vugger i vandet eller slapper af p\u00e5 den flydende is, hvilket bidrager til magien i denne afsidesliggende vildmark. Hver tur er unik og giver et nyt perspektiv p\u00e5 Gr\u00f8nlands uber\u00f8rte natur.<\/p>\n<p><b>Midnatssol og hvaler &#8211; en betagende kombination<\/b><br \/>\nI hvals\u00e6sonen er et krydstogt sent p\u00e5 aftenen en oplevelse som ingen anden. Under midnatssolens gyldne sk\u00e6r forvandles det arktiske landskab til et surrealistisk dr\u00f8mmelandskab. Skumringens varme nuancer reflekteres i vandet og skaber den perfekte kulisse, mens vi leder efter hvaler. Uanset om det er en hale, der sl\u00e5r gennem det glitrende hav, eller den fredfyldte stilhed i fjorden badet i endel\u00f8st dagslys, er det en scene, der vil blive hos dig, l\u00e6nge efter at din rejse er slut.<\/p>\n<p><\u200db>Din rejseplan:<\/b><br \/>\n&#8211; M\u00f8dested &#8211; M\u00f8d op ved Tidevandstrappen i Nuuk havn, hvor vores bes\u00e6tning byder dig velkommen om bord p\u00e5 vores lukkede Targa-b\u00e5d.<br \/>\n&#8211; Vi s\u00e6tter sejl &#8211; Vi afg\u00e5r fra Nuuk og sejler mod hjertet af fjorden, mens vi lader byen bag os.<br \/>\n&#8211; Efters\u00f8gningen begynder &#8211; Med ekspert\u00f8jne p\u00e5 vandet begynder vi at scanne efter pukkelhvaler, n\u00e5r de kommer op til overfladen for at tr\u00e6kke vejret.<br \/>\n&#8211; M\u00f8der med dyrelivet &#8211; Undervejs ser vi m\u00e5ske hav\u00f8rne, der sv\u00e6ver over os, eller s\u00e6ler, der bryder overfladen.<br \/>\n&#8211; N\u00e5r vi ser hvalerne &#8211; Vi n\u00e6rmer os k\u00e6mperne med lethed og slukker motoren for at respektere deres privatliv. Tr\u00e6d ud p\u00e5 d\u00e6kket og beundr vidunderet.<br \/>\n&#8211; Tilbage til Nuuk &#8211; N\u00e5r eventyret n\u00e6rmer sig sin afslutning, sejler vi tilbage mod havnen og nyder de sidste \u00f8jeblikke af dette arktiske skuespil.<\/p>\n<p><b>Varighed:<\/b> 2 timer <\/p>\n<p><b>Deltagere:<\/b> Bem\u00e6rk venligst, at udflugten kun gennemf\u00f8res, hvis der er mindst 4 bookede billetter i alt. Hvis du for eksempel booker 2 billetter, skal der s\u00e6lges mindst 2 yderligere billetter til andre kunder, f\u00f8r turen kan finde sted. Der vil deltage maksimalt 6 personer. <\/p>\n<p><b>Sprog:<\/b> Guiden\/kaptajnen taler dansk, engelsk og gr\u00f8nlandsk <\/p>\n<p><b>B\u00e5dtype:<\/b> Lukket b\u00e5d <\/p>\n<p><b>Toiletforhold:<\/b> Der er toilet p\u00e5 b\u00e5den <\/p>\n<p><b>Forplejning:<\/b> Kaffe og te serveres p\u00e5 b\u00e5den <\/p>\n<p><b>Anbefalet p\u00e5kl\u00e6dning:<\/b> Varmt t\u00f8j inkl. hue og handsker hele \u00e5ret. Solbriller. Solcreme om sommeren.<\/p>\n","protected":false},"excerpt":{"rendered":"<p>Sejl gennem Nuuk Fjord, hvor t\u00e5rnh\u00f8je bjerge m\u00f8der iskoldt vand. Se pukkelhvalerne bryde igennem, et st\u00e6rkt indblik i Gr\u00f8nlands vilde sk\u00f8nhed.<\/p>\n","protected":false},"featured_media":46603,"comment_status":"open","ping_status":"closed","template":"","meta":{"_acf_changed":false},"product_brand":[],"product_cat":[101,170],"product_tag":[],"class_list":{"0":"post-57570","1":"product","2":"type-product","3":"status-publish","4":"has-post-thumbnail","6":"product_cat-tour","7":"product_cat-udflugt","8":"pa_dato-6075","9":"pa_dato-5932","10":"pa_dato-5892","11":"pa_dato-5951","12":"pa_dato-5879","13":"pa_dato-5953","14":"pa_dato-5965","15":"pa_dato-5975","16":"pa_dato-6058","17":"pa_dato-5937","18":"pa_dato-6006","19":"pa_tidspunkt-70","20":"pa_tidspunkt-35","21":"pa_tidspunkt-72","22":"pa_tidspunkt-38","23":"pa_tidspunkt-77","24":"pa_tidspunkt-177","25":"pa_tidspunkt-314","26":"pa_tidspunkt-308","27":"pa_tidspunkt-431","28":"pa_tidspunkt-60","29":"pa_tidspunkt-426","30":"pa_tidspunkt-57","31":"pa_tidspunkt-722","32":"pa_tidspunkt-80","33":"tour_location-nuuk-da","34":"tour_type-hvalsafari","35":"tour_type-baadture","36":"tour_tickettype-arctic_excursions","37":"tour_tickettype-greenland_travel_tour","38":"tour_tickettype-greenland_travel_team","39":"tour_operator-raw-arctic","41":"first","42":"outofstock","43":"shipping-taxable","44":"product-type-variable"},"acf":[],"yoast_head":"<!-- This site is optimized with the Yoast SEO plugin v23.6 - https:\/\/yoast.com\/wordpress\/plugins\/seo\/ -->\n<title>Arctic Excursions<\/title>\n<meta name=\"robots\" content=\"index, follow, max-snippet:-1, max-image-preview:large, max-video-preview:-1\" \/>\n<link rel=\"canonical\" href=\"https:\/\/arcticexcursions.com\/udflugter\/whale-safari-2-hours-cruise-ship-friendly\/\" \/>\n<meta property=\"og:locale\" content=\"da_DK\" \/>\n<meta property=\"og:type\" content=\"article\" \/>\n<meta property=\"og:title\" content=\"Hvalsafari 2 timer - Krydstogtskibsvenlig - Arctic Excursions\" \/>\n<meta property=\"og:description\" content=\"Sejl gennem Nuuk Fjord, hvor t\u00e5rnh\u00f8je bjerge m\u00f8der iskoldt vand. Se pukkelhvalerne bryde igennem, et st\u00e6rkt indblik i Gr\u00f8nlands vilde sk\u00f8nhed.\" \/>\n<meta property=\"og:url\" content=\"https:\/\/arcticexcursions.com\/udflugter\/whale-safari-2-hours-cruise-ship-friendly\/\" \/>\n<meta property=\"og:site_name\" content=\"Arctic Excursions\" \/>\n<meta property=\"article:modified_time\" content=\"2025-11-03T12:28:46+00:00\" \/>\n<meta property=\"og:image\" content=\"https:\/\/arcticexcursions.com\/wp-content\/uploads\/2025\/03\/whale-scaled.jpg\" \/>\n\t<meta property=\"og:image:width\" content=\"2560\" \/>\n\t<meta property=\"og:image:height\" content=\"1347\" \/>\n\t<meta property=\"og:image:type\" content=\"image\/jpeg\" \/>\n<meta name=\"twitter:card\" content=\"summary_large_image\" \/>\n<meta name=\"twitter:label1\" content=\"Estimeret l\u00e6setid\" \/>\n\t<meta name=\"twitter:data1\" content=\"3 minutter\" \/>\n<script type=\"application\/ld+json\" class=\"yoast-schema-graph\">{\"@context\":\"https:\/\/schema.org\",\"@graph\":[{\"@type\":\"WebPage\",\"@id\":\"https:\/\/arcticexcursions.com\/udflugter\/whale-safari-2-hours-cruise-ship-friendly\/\",\"url\":\"https:\/\/arcticexcursions.com\/udflugter\/whale-safari-2-hours-cruise-ship-friendly\/\",\"name\":\"Hvalsafari 2 timer - Krydstogtskibsvenlig - Arctic Excursions\",\"isPartOf\":{\"@id\":\"https:\/\/arcticexcursions.com\/#website\"},\"primaryImageOfPage\":{\"@id\":\"https:\/\/arcticexcursions.com\/udflugter\/whale-safari-2-hours-cruise-ship-friendly\/#primaryimage\"},\"image\":{\"@id\":\"https:\/\/arcticexcursions.com\/udflugter\/whale-safari-2-hours-cruise-ship-friendly\/#primaryimage\"},\"thumbnailUrl\":\"https:\/\/arcticexcursions.com\/wp-content\/uploads\/2025\/03\/whale-scaled.jpg\",\"datePublished\":\"2025-06-11T17:46:06+00:00\",\"dateModified\":\"2025-11-03T12:28:46+00:00\",\"breadcrumb\":{\"@id\":\"https:\/\/arcticexcursions.com\/udflugter\/whale-safari-2-hours-cruise-ship-friendly\/#breadcrumb\"},\"inLanguage\":\"da-DK\",\"potentialAction\":[{\"@type\":\"ReadAction\",\"target\":[\"https:\/\/arcticexcursions.com\/udflugter\/whale-safari-2-hours-cruise-ship-friendly\/\"]}]},{\"@type\":\"ImageObject\",\"inLanguage\":\"da-DK\",\"@id\":\"https:\/\/arcticexcursions.com\/udflugter\/whale-safari-2-hours-cruise-ship-friendly\/#primaryimage\",\"url\":\"https:\/\/arcticexcursions.com\/wp-content\/uploads\/2025\/03\/whale-scaled.jpg\",\"contentUrl\":\"https:\/\/arcticexcursions.com\/wp-content\/uploads\/2025\/03\/whale-scaled.jpg\",\"width\":2560,\"height\":1347},{\"@type\":\"BreadcrumbList\",\"@id\":\"https:\/\/arcticexcursions.com\/udflugter\/whale-safari-2-hours-cruise-ship-friendly\/#breadcrumb\",\"itemListElement\":[{\"@type\":\"ListItem\",\"position\":1,\"name\":\"Home\",\"item\":\"https:\/\/arcticexcursions.com\/da\/\"},{\"@type\":\"ListItem\",\"position\":2,\"name\":\"Udflugter i Gr\u00f8nland\",\"item\":\"https:\/\/arcticexcursions.com\/da\/udflugter\/\"},{\"@type\":\"ListItem\",\"position\":3,\"name\":\"Hvalsafari 2 timer &#8211; Krydstogtskibsvenlig\"}]},{\"@type\":\"WebSite\",\"@id\":\"https:\/\/arcticexcursions.com\/#website\",\"url\":\"https:\/\/arcticexcursions.com\/\",\"name\":\"Arctic Excursions\",\"description\":\"New adventures. Every day.\",\"publisher\":{\"@id\":\"https:\/\/arcticexcursions.com\/#organization\"},\"potentialAction\":[{\"@type\":\"SearchAction\",\"target\":{\"@type\":\"EntryPoint\",\"urlTemplate\":\"https:\/\/arcticexcursions.com\/?s={search_term_string}\"},\"query-input\":{\"@type\":\"PropertyValueSpecification\",\"valueRequired\":true,\"valueName\":\"search_term_string\"}}],\"inLanguage\":\"da-DK\"},{\"@type\":\"Organization\",\"@id\":\"https:\/\/arcticexcursions.com\/#organization\",\"name\":\"Arctic Excursions\",\"url\":\"https:\/\/arcticexcursions.com\/\",\"logo\":{\"@type\":\"ImageObject\",\"inLanguage\":\"da-DK\",\"@id\":\"https:\/\/arcticexcursions.com\/#\/schema\/logo\/image\/\",\"url\":\"https:\/\/arcticexcursions.com\/wp-content\/uploads\/2022\/11\/fb-logo.png\",\"contentUrl\":\"https:\/\/arcticexcursions.com\/wp-content\/uploads\/2022\/11\/fb-logo.png\",\"width\":523,\"height\":523,\"caption\":\"Arctic Excursions\"},\"image\":{\"@id\":\"https:\/\/arcticexcursions.com\/#\/schema\/logo\/image\/\"}}]}<\/script>\n<!-- \/ Yoast SEO plugin. -->","yoast_head_json":{"title":"Arctic Excursions","robots":{"index":"index","follow":"follow","max-snippet":"max-snippet:-1","max-image-preview":"max-image-preview:large","max-video-preview":"max-video-preview:-1"},"canonical":"https:\/\/arcticexcursions.com\/udflugter\/whale-safari-2-hours-cruise-ship-friendly\/","og_locale":"da_DK","og_type":"article","og_title":"Hvalsafari 2 timer - Krydstogtskibsvenlig - Arctic Excursions","og_description":"Sejl gennem Nuuk Fjord, hvor t\u00e5rnh\u00f8je bjerge m\u00f8der iskoldt vand. Se pukkelhvalerne bryde igennem, et st\u00e6rkt indblik i Gr\u00f8nlands vilde sk\u00f8nhed.","og_url":"https:\/\/arcticexcursions.com\/udflugter\/whale-safari-2-hours-cruise-ship-friendly\/","og_site_name":"Arctic Excursions","article_modified_time":"2025-11-03T12:28:46+00:00","og_image":[{"width":2560,"height":1347,"url":"https:\/\/arcticexcursions.com\/wp-content\/uploads\/2025\/03\/whale-scaled.jpg","type":"image\/jpeg"}],"twitter_card":"summary_large_image","twitter_misc":{"Estimeret l\u00e6setid":"3 minutter"},"schema":{"@context":"https:\/\/schema.org","@graph":[{"@type":"WebPage","@id":"https:\/\/arcticexcursions.com\/udflugter\/whale-safari-2-hours-cruise-ship-friendly\/","url":"https:\/\/arcticexcursions.com\/udflugter\/whale-safari-2-hours-cruise-ship-friendly\/","name":"Hvalsafari 2 timer - Krydstogtskibsvenlig - Arctic Excursions","isPartOf":{"@id":"https:\/\/arcticexcursions.com\/#website"},"primaryImageOfPage":{"@id":"https:\/\/arcticexcursions.com\/udflugter\/whale-safari-2-hours-cruise-ship-friendly\/#primaryimage"},"image":{"@id":"https:\/\/arcticexcursions.com\/udflugter\/whale-safari-2-hours-cruise-ship-friendly\/#primaryimage"},"thumbnailUrl":"https:\/\/arcticexcursions.com\/wp-content\/uploads\/2025\/03\/whale-scaled.jpg","datePublished":"2025-06-11T17:46:06+00:00","dateModified":"2025-11-03T12:28:46+00:00","breadcrumb":{"@id":"https:\/\/arcticexcursions.com\/udflugter\/whale-safari-2-hours-cruise-ship-friendly\/#breadcrumb"},"inLanguage":"da-DK","potentialAction":[{"@type":"ReadAction","target":["https:\/\/arcticexcursions.com\/udflugter\/whale-safari-2-hours-cruise-ship-friendly\/"]}]},{"@type":"ImageObject","inLanguage":"da-DK","@id":"https:\/\/arcticexcursions.com\/udflugter\/whale-safari-2-hours-cruise-ship-friendly\/#primaryimage","url":"https:\/\/arcticexcursions.com\/wp-content\/uploads\/2025\/03\/whale-scaled.jpg","contentUrl":"https:\/\/arcticexcursions.com\/wp-content\/uploads\/2025\/03\/whale-scaled.jpg","width":2560,"height":1347},{"@type":"BreadcrumbList","@id":"https:\/\/arcticexcursions.com\/udflugter\/whale-safari-2-hours-cruise-ship-friendly\/#breadcrumb","itemListElement":[{"@type":"ListItem","position":1,"name":"Home","item":"https:\/\/arcticexcursions.com\/da\/"},{"@type":"ListItem","position":2,"name":"Udflugter i Gr\u00f8nland","item":"https:\/\/arcticexcursions.com\/da\/udflugter\/"},{"@type":"ListItem","position":3,"name":"Hvalsafari 2 timer &#8211; Krydstogtskibsvenlig"}]},{"@type":"WebSite","@id":"https:\/\/arcticexcursions.com\/#website","url":"https:\/\/arcticexcursions.com\/","name":"Arctic Excursions","description":"New adventures. Every day.","publisher":{"@id":"https:\/\/arcticexcursions.com\/#organization"},"potentialAction":[{"@type":"SearchAction","target":{"@type":"EntryPoint","urlTemplate":"https:\/\/arcticexcursions.com\/?s={search_term_string}"},"query-input":{"@type":"PropertyValueSpecification","valueRequired":true,"valueName":"search_term_string"}}],"inLanguage":"da-DK"},{"@type":"Organization","@id":"https:\/\/arcticexcursions.com\/#organization","name":"Arctic Excursions","url":"https:\/\/arcticexcursions.com\/","logo":{"@type":"ImageObject","inLanguage":"da-DK","@id":"https:\/\/arcticexcursions.com\/#\/schema\/logo\/image\/","url":"https:\/\/arcticexcursions.com\/wp-content\/uploads\/2022\/11\/fb-logo.png","contentUrl":"https:\/\/arcticexcursions.com\/wp-content\/uploads\/2022\/11\/fb-logo.png","width":523,"height":523,"caption":"Arctic Excursions"},"image":{"@id":"https:\/\/arcticexcursions.com\/#\/schema\/logo\/image\/"}}]}},"_links":{"self":[{"href":"https:\/\/arcticexcursions.com\/da\/wp-json\/wp\/v2\/product\/57570"}],"collection":[{"href":"https:\/\/arcticexcursions.com\/da\/wp-json\/wp\/v2\/product"}],"about":[{"href":"https:\/\/arcticexcursions.com\/da\/wp-json\/wp\/v2\/types\/product"}],"replies":[{"embeddable":true,"href":"https:\/\/arcticexcursions.com\/da\/wp-json\/wp\/v2\/comments?post=57570"}],"wp:featuredmedia":[{"embeddable":true,"href":"https:\/\/arcticexcursions.com\/da\/wp-json\/wp\/v2\/media\/46603"}],"wp:attachment":[{"href":"https:\/\/arcticexcursions.com\/da\/wp-json\/wp\/v2\/media?parent=57570"}],"wp:term":[{"taxonomy":"product_brand","embeddable":true,"href":"https:\/\/arcticexcursions.com\/da\/wp-json\/wp\/v2\/product_brand?post=57570"},{"taxonomy":"product_cat","embeddable":true,"href":"https:\/\/arcticexcursions.com\/da\/wp-json\/wp\/v2\/product_cat?post=57570"},{"taxonomy":"product_tag","embeddable":true,"href":"https:\/\/arcticexcursions.com\/da\/wp-json\/wp\/v2\/product_tag?post=57570"}],"curies":[{"name":"wp","href":"https:\/\/api.w.org\/{rel}","templated":true}]}}