{"id":58433,"date":"2025-06-24T13:23:41","date_gmt":"2025-06-24T11:23:41","guid":{"rendered":"https:\/\/arcticexcursions.com\/?post_type=product&#038;p=58433"},"modified":"2026-04-22T15:00:10","modified_gmt":"2026-04-22T13:00:10","slug":"glacier-escape","status":"publish","type":"product","link":"https:\/\/arcticexcursions.com\/da\/udflugter\/glacier-escape\/","title":{"rendered":"Glacier Escape &#8211; Helikoptertur"},"content":{"rendered":"<p>Tag p\u00e5 en eksklusiv helikoptertur over Gr\u00f8nlands r\u00e5 og uber\u00f8rte sk\u00f8nhed, direkte ind i hjertet af isens rige.<\/p>\n<p>Vi sv\u00e6ver over det fantastisk smukke Nuuk Fjordsystem, det st\u00f8rste fjordlandskab i Vestgr\u00f8nland, f\u00f8r vi lander n\u00e6r den imponerende isv\u00e6g Narsap Sermia.<\/p>\n<p>Du er velkommen til at medbringe drikkevarer, snacks og hvad du ellers har lyst til p\u00e5 turen.<\/p>\n<p><b>Varighed:<\/b> 2 timer<\/p>\n<p><b>Sprog:<\/b> Piloten taler et nordisk sprog og engelsk <\/p>\n<p><b>Flytype:<\/b> Typisk Airbus AS350 helikopter <\/p>\n<p><b>Praktisk info:<\/b> Piloten bestemmer siddepladser ud fra sikkerhedsm\u00e6ssige vurderinger. <\/p>\n<p><b>Anbefalet p\u00e5kl\u00e6dning:<\/b> Varmt t\u00f8j inkl. hue og handsker hele \u00e5ret. Solbriller. Solcreme om sommeren. <\/p>\n<p><b>Bem\u00e6rk:<\/b> Turen gennemf\u00f8res kun ved minimum 3 tilmeldte passagerer. Der vil deltage maksimalt 5 personer eller 450 kg.<\/p>\n","protected":false},"excerpt":{"rendered":"<p>Glacier Escape &#8211; Flyv over Nuuk Fjord og land ved isv\u00e6ggen Narsap Sermia med helikopter<\/p>\n","protected":false},"featured_media":58416,"comment_status":"open","ping_status":"closed","template":"","meta":{"_acf_changed":false},"product_brand":[],"product_cat":[101,170],"product_tag":[],"class_list":{"0":"post-58433","1":"product","2":"type-product","3":"status-publish","4":"has-post-thumbnail","6":"product_cat-tour","7":"product_cat-udflugt","8":"pa_dato-1193","9":"pa_dato-5892","10":"pa_dato-5948","11":"pa_dato-5966","12":"pa_dato-5983","13":"pa_dato-5882","14":"pa_dato-5953","15":"pa_dato-5965","16":"pa_dato-5975","17":"pa_dato-6021","18":"pa_dato-6051","19":"pa_dato-6030","20":"pa_dato-6022","21":"pa_dato-6058","22":"pa_dato-5955","23":"pa_dato-6062","24":"pa_dato-6025","25":"pa_dato-5929","26":"pa_dato-5928","27":"pa_dato-5963","28":"pa_dato-6091","29":"pa_dato-6080","30":"pa_dato-6089","31":"pa_dato-6073","32":"pa_dato-5944","33":"pa_dato-6106","34":"pa_dato-6093","35":"pa_dato-6163","36":"pa_dato-6168","37":"pa_dato-6182","38":"pa_dato-6179","39":"pa_dato-6139","40":"pa_dato-6122","41":"pa_dato-6189","42":"pa_dato-6152","43":"pa_dato-6149","44":"pa_dato-6196","45":"pa_dato-6120","46":"pa_dato-6353","47":"pa_dato-6235","48":"pa_dato-6293","49":"pa_dato-6176","50":"pa_dato-6355","51":"pa_dato-6231","52":"pa_dato-6381","53":"pa_dato-6347","54":"pa_dato-6429","55":"pa_dato-6260","56":"pa_dato-6412","57":"pa_dato-6394","58":"pa_dato-6406","59":"pa_dato-6296","60":"pa_dato-6417","61":"pa_dato-6410","62":"pa_dato-6409","63":"pa_dato-6365","64":"pa_dato-6250","65":"pa_dato-6503","66":"pa_dato-6346","67":"pa_dato-6414","68":"pa_dato-6246","69":"pa_dato-6397","70":"pa_tidspunkt-229","71":"pa_tidspunkt-314","72":"pa_tidspunkt-317","73":"pa_tidspunkt-308","74":"pa_tidspunkt-6275","75":"pa_tidspunkt-27","76":"pa_tidspunkt-6462","77":"pa_tidspunkt-60","78":"pa_tidspunkt-205","79":"tour_location-nuuk-da","80":"tour_type-flightseeing","81":"tour_tickettype-arctic_excursions","82":"tour_operator-air-greenland-charter","84":"first","85":"instock","86":"shipping-taxable","87":"purchasable","88":"product-type-variable"},"acf":[],"yoast_head":"<!-- This site is optimized with the Yoast SEO plugin v23.6 - https:\/\/yoast.com\/wordpress\/plugins\/seo\/ -->\n<title>Arctic Excursions<\/title>\n<meta name=\"robots\" content=\"index, follow, max-snippet:-1, max-image-preview:large, max-video-preview:-1\" \/>\n<link rel=\"canonical\" href=\"https:\/\/arcticexcursions.com\/da\/udflugter\/glacier-escape\/\" \/>\n<meta property=\"og:locale\" content=\"da_DK\" \/>\n<meta property=\"og:type\" content=\"article\" \/>\n<meta property=\"og:title\" content=\"Glacier Escape - Helikoptertur - Arctic Excursions\" \/>\n<meta property=\"og:description\" content=\"Glacier Escape - Flyv over Nuuk Fjord og land ved isv\u00e6ggen Narsap Sermia med helikopter\" \/>\n<meta property=\"og:url\" content=\"https:\/\/arcticexcursions.com\/da\/udflugter\/glacier-escape\/\" \/>\n<meta property=\"og:site_name\" content=\"Arctic Excursions\" \/>\n<meta property=\"article:modified_time\" content=\"2026-04-22T13:00:10+00:00\" \/>\n<meta property=\"og:image\" content=\"https:\/\/arcticexcursions.com\/wp-content\/uploads\/2025\/06\/20250523_145747-scaled.jpg\" \/>\n\t<meta property=\"og:image:width\" content=\"2560\" \/>\n\t<meta property=\"og:image:height\" content=\"1920\" \/>\n\t<meta property=\"og:image:type\" content=\"image\/jpeg\" \/>\n<meta name=\"twitter:card\" content=\"summary_large_image\" \/>\n<meta name=\"twitter:label1\" content=\"Estimeret l\u00e6setid\" \/>\n\t<meta name=\"twitter:data1\" content=\"1 minut\" \/>\n<script type=\"application\/ld+json\" class=\"yoast-schema-graph\">{\"@context\":\"https:\/\/schema.org\",\"@graph\":[{\"@type\":\"WebPage\",\"@id\":\"https:\/\/arcticexcursions.com\/da\/udflugter\/glacier-escape\/\",\"url\":\"https:\/\/arcticexcursions.com\/da\/udflugter\/glacier-escape\/\",\"name\":\"Glacier Escape - Helikoptertur - Arctic Excursions\",\"isPartOf\":{\"@id\":\"https:\/\/arcticexcursions.com\/#website\"},\"primaryImageOfPage\":{\"@id\":\"https:\/\/arcticexcursions.com\/da\/udflugter\/glacier-escape\/#primaryimage\"},\"image\":{\"@id\":\"https:\/\/arcticexcursions.com\/da\/udflugter\/glacier-escape\/#primaryimage\"},\"thumbnailUrl\":\"https:\/\/arcticexcursions.com\/wp-content\/uploads\/2025\/06\/20250523_145747-scaled.jpg\",\"datePublished\":\"2025-06-24T11:23:41+00:00\",\"dateModified\":\"2026-04-22T13:00:10+00:00\",\"breadcrumb\":{\"@id\":\"https:\/\/arcticexcursions.com\/da\/udflugter\/glacier-escape\/#breadcrumb\"},\"inLanguage\":\"da-DK\",\"potentialAction\":[{\"@type\":\"ReadAction\",\"target\":[\"https:\/\/arcticexcursions.com\/da\/udflugter\/glacier-escape\/\"]}]},{\"@type\":\"ImageObject\",\"inLanguage\":\"da-DK\",\"@id\":\"https:\/\/arcticexcursions.com\/da\/udflugter\/glacier-escape\/#primaryimage\",\"url\":\"https:\/\/arcticexcursions.com\/wp-content\/uploads\/2025\/06\/20250523_145747-scaled.jpg\",\"contentUrl\":\"https:\/\/arcticexcursions.com\/wp-content\/uploads\/2025\/06\/20250523_145747-scaled.jpg\",\"width\":2560,\"height\":1920},{\"@type\":\"BreadcrumbList\",\"@id\":\"https:\/\/arcticexcursions.com\/da\/udflugter\/glacier-escape\/#breadcrumb\",\"itemListElement\":[{\"@type\":\"ListItem\",\"position\":1,\"name\":\"Home\",\"item\":\"https:\/\/arcticexcursions.com\/da\/\"},{\"@type\":\"ListItem\",\"position\":2,\"name\":\"Udflugter i Gr\u00f8nland\",\"item\":\"https:\/\/arcticexcursions.com\/da\/udflugter\/\"},{\"@type\":\"ListItem\",\"position\":3,\"name\":\"Glacier Escape &#8211; Helikoptertur\"}]},{\"@type\":\"WebSite\",\"@id\":\"https:\/\/arcticexcursions.com\/#website\",\"url\":\"https:\/\/arcticexcursions.com\/\",\"name\":\"Arctic Excursions\",\"description\":\"New adventures. Every day.\",\"publisher\":{\"@id\":\"https:\/\/arcticexcursions.com\/#organization\"},\"potentialAction\":[{\"@type\":\"SearchAction\",\"target\":{\"@type\":\"EntryPoint\",\"urlTemplate\":\"https:\/\/arcticexcursions.com\/?s={search_term_string}\"},\"query-input\":{\"@type\":\"PropertyValueSpecification\",\"valueRequired\":true,\"valueName\":\"search_term_string\"}}],\"inLanguage\":\"da-DK\"},{\"@type\":\"Organization\",\"@id\":\"https:\/\/arcticexcursions.com\/#organization\",\"name\":\"Arctic Excursions\",\"url\":\"https:\/\/arcticexcursions.com\/\",\"logo\":{\"@type\":\"ImageObject\",\"inLanguage\":\"da-DK\",\"@id\":\"https:\/\/arcticexcursions.com\/#\/schema\/logo\/image\/\",\"url\":\"https:\/\/arcticexcursions.com\/wp-content\/uploads\/2022\/11\/fb-logo.png\",\"contentUrl\":\"https:\/\/arcticexcursions.com\/wp-content\/uploads\/2022\/11\/fb-logo.png\",\"width\":523,\"height\":523,\"caption\":\"Arctic Excursions\"},\"image\":{\"@id\":\"https:\/\/arcticexcursions.com\/#\/schema\/logo\/image\/\"}}]}<\/script>\n<!-- \/ Yoast SEO plugin. -->","yoast_head_json":{"title":"Arctic Excursions","robots":{"index":"index","follow":"follow","max-snippet":"max-snippet:-1","max-image-preview":"max-image-preview:large","max-video-preview":"max-video-preview:-1"},"canonical":"https:\/\/arcticexcursions.com\/da\/udflugter\/glacier-escape\/","og_locale":"da_DK","og_type":"article","og_title":"Glacier Escape - Helikoptertur - Arctic Excursions","og_description":"Glacier Escape - Flyv over Nuuk Fjord og land ved isv\u00e6ggen Narsap Sermia med helikopter","og_url":"https:\/\/arcticexcursions.com\/da\/udflugter\/glacier-escape\/","og_site_name":"Arctic Excursions","article_modified_time":"2026-04-22T13:00:10+00:00","og_image":[{"width":2560,"height":1920,"url":"https:\/\/arcticexcursions.com\/wp-content\/uploads\/2025\/06\/20250523_145747-scaled.jpg","type":"image\/jpeg"}],"twitter_card":"summary_large_image","twitter_misc":{"Estimeret l\u00e6setid":"1 minut"},"schema":{"@context":"https:\/\/schema.org","@graph":[{"@type":"WebPage","@id":"https:\/\/arcticexcursions.com\/da\/udflugter\/glacier-escape\/","url":"https:\/\/arcticexcursions.com\/da\/udflugter\/glacier-escape\/","name":"Glacier Escape - Helikoptertur - Arctic Excursions","isPartOf":{"@id":"https:\/\/arcticexcursions.com\/#website"},"primaryImageOfPage":{"@id":"https:\/\/arcticexcursions.com\/da\/udflugter\/glacier-escape\/#primaryimage"},"image":{"@id":"https:\/\/arcticexcursions.com\/da\/udflugter\/glacier-escape\/#primaryimage"},"thumbnailUrl":"https:\/\/arcticexcursions.com\/wp-content\/uploads\/2025\/06\/20250523_145747-scaled.jpg","datePublished":"2025-06-24T11:23:41+00:00","dateModified":"2026-04-22T13:00:10+00:00","breadcrumb":{"@id":"https:\/\/arcticexcursions.com\/da\/udflugter\/glacier-escape\/#breadcrumb"},"inLanguage":"da-DK","potentialAction":[{"@type":"ReadAction","target":["https:\/\/arcticexcursions.com\/da\/udflugter\/glacier-escape\/"]}]},{"@type":"ImageObject","inLanguage":"da-DK","@id":"https:\/\/arcticexcursions.com\/da\/udflugter\/glacier-escape\/#primaryimage","url":"https:\/\/arcticexcursions.com\/wp-content\/uploads\/2025\/06\/20250523_145747-scaled.jpg","contentUrl":"https:\/\/arcticexcursions.com\/wp-content\/uploads\/2025\/06\/20250523_145747-scaled.jpg","width":2560,"height":1920},{"@type":"BreadcrumbList","@id":"https:\/\/arcticexcursions.com\/da\/udflugter\/glacier-escape\/#breadcrumb","itemListElement":[{"@type":"ListItem","position":1,"name":"Home","item":"https:\/\/arcticexcursions.com\/da\/"},{"@type":"ListItem","position":2,"name":"Udflugter i Gr\u00f8nland","item":"https:\/\/arcticexcursions.com\/da\/udflugter\/"},{"@type":"ListItem","position":3,"name":"Glacier Escape &#8211; Helikoptertur"}]},{"@type":"WebSite","@id":"https:\/\/arcticexcursions.com\/#website","url":"https:\/\/arcticexcursions.com\/","name":"Arctic Excursions","description":"New adventures. Every day.","publisher":{"@id":"https:\/\/arcticexcursions.com\/#organization"},"potentialAction":[{"@type":"SearchAction","target":{"@type":"EntryPoint","urlTemplate":"https:\/\/arcticexcursions.com\/?s={search_term_string}"},"query-input":{"@type":"PropertyValueSpecification","valueRequired":true,"valueName":"search_term_string"}}],"inLanguage":"da-DK"},{"@type":"Organization","@id":"https:\/\/arcticexcursions.com\/#organization","name":"Arctic Excursions","url":"https:\/\/arcticexcursions.com\/","logo":{"@type":"ImageObject","inLanguage":"da-DK","@id":"https:\/\/arcticexcursions.com\/#\/schema\/logo\/image\/","url":"https:\/\/arcticexcursions.com\/wp-content\/uploads\/2022\/11\/fb-logo.png","contentUrl":"https:\/\/arcticexcursions.com\/wp-content\/uploads\/2022\/11\/fb-logo.png","width":523,"height":523,"caption":"Arctic Excursions"},"image":{"@id":"https:\/\/arcticexcursions.com\/#\/schema\/logo\/image\/"}}]}},"_links":{"self":[{"href":"https:\/\/arcticexcursions.com\/da\/wp-json\/wp\/v2\/product\/58433"}],"collection":[{"href":"https:\/\/arcticexcursions.com\/da\/wp-json\/wp\/v2\/product"}],"about":[{"href":"https:\/\/arcticexcursions.com\/da\/wp-json\/wp\/v2\/types\/product"}],"replies":[{"embeddable":true,"href":"https:\/\/arcticexcursions.com\/da\/wp-json\/wp\/v2\/comments?post=58433"}],"wp:featuredmedia":[{"embeddable":true,"href":"https:\/\/arcticexcursions.com\/da\/wp-json\/wp\/v2\/media\/58416"}],"wp:attachment":[{"href":"https:\/\/arcticexcursions.com\/da\/wp-json\/wp\/v2\/media?parent=58433"}],"wp:term":[{"taxonomy":"product_brand","embeddable":true,"href":"https:\/\/arcticexcursions.com\/da\/wp-json\/wp\/v2\/product_brand?post=58433"},{"taxonomy":"product_cat","embeddable":true,"href":"https:\/\/arcticexcursions.com\/da\/wp-json\/wp\/v2\/product_cat?post=58433"},{"taxonomy":"product_tag","embeddable":true,"href":"https:\/\/arcticexcursions.com\/da\/wp-json\/wp\/v2\/product_tag?post=58433"}],"curies":[{"name":"wp","href":"https:\/\/api.w.org\/{rel}","templated":true}]}}