{"id":59327,"date":"2025-06-24T14:01:31","date_gmt":"2025-06-24T12:01:31","guid":{"rendered":"https:\/\/arcticexcursions.com\/?post_type=product&#038;p=59327"},"modified":"2026-01-31T16:17:43","modified_gmt":"2026-01-31T14:17:43","slug":"luxury-trip-to-eqi","status":"publish","type":"product","link":"https:\/\/arcticexcursions.com\/da\/udflugter\/luxury-trip-to-eqi\/","title":{"rendered":"Luksustur til Eqi"},"content":{"rendered":"<p>Eqi-gletsjeren \u2013 p\u00e5 gr\u00f8nlandsk Eqip Sermia \u2013 er et sj\u00e6ldent naturf\u00e6nomen: den eneste k\u00e6lvegletsjer i Gr\u00f8nland, som kan n\u00e5s med b\u00e5d. Den ligger cirka 80 km nord for Ilulissat og producerer ikke de enorme isbjerge, man ser andre steder, men byder p\u00e5 en lige s\u00e5 spektakul\u00e6r oplevelse. Her kan man komme bem\u00e6rkelsesv\u00e6rdigt t\u00e6t p\u00e5 gletsjerens m\u00e6gtige front og opleve det dramatiske syn og lyd, n\u00e5r isen brager ned i havet. De tordnende brag og dybe rumlen skaber en sanseoplevelse, man sent vil glemme.<\/p>\n<p>Sejlturen mod gletsjeren er i sig selv betagende. Vi passerer den charmerende bygd Oqaatsut, forladte bos\u00e6ttelser med historisk pr\u00e6g, stejle fjelde, smukke vandfald og isbjerge i alle former, st\u00f8rrelser og farver. Med lidt held f\u00e5r vi ogs\u00e5 \u00f8je p\u00e5 s\u00e6ler og hvaler undervejs.<\/p>\n<p>Et af turens mest storsl\u00e5ede \u00f8jeblikke indtr\u00e6ffer, n\u00e5r vi runder det sidste fjeld \u2013 og to gletsjere samt den enorme Indlandsis \u00e5benbarer sig i horisonten.<\/p>\n<p>Vi sejler t\u00e6t p\u00e5, men holder en sikker afstand, s\u00e5 vi trygt kan nyde synet af isens k\u00e6lven. Undervejs serveres en f\u00f8rsteklasses frokost fra Hotel Arctics ber\u00f8mte k\u00f8kken \u2013 en luksuri\u00f8s detalje p\u00e5 denne enest\u00e5ende oplevelse.<\/p>\n<p><b>Varighed:<\/b> 5\u20136 timer<\/p>\n<p><b>Deltagere:<\/b> Bem\u00e6rk, at turen kun gennemf\u00f8res, hvis der i alt er booket minimum 4 billetter. Hvis du f.eks. booker 2 billetter, skal der s\u00e6lges mindst 2 yderligere til andre g\u00e6ster, for at turen bliver til noget. Maksimalt 8 personer deltager.<\/p>\n<p><b>Sprog:<\/b> Guiden\/kaptajnen taler engelsk, dansk og gr\u00f8nlandsk.<\/p>\n<p><b>B\u00e5dtype:<\/b> Lukket b\u00e5d<\/p>\n<p><b>Toiletforhold:<\/b> Toilet findes ombord<\/p>\n<p><b>Forplejning:<\/b> Kaffe og te serveres ombord<\/p>\n<p><b>Anbefalet p\u00e5kl\u00e6dning:<\/b> Varmt t\u00f8j inkl. hue og handsker \u00e5ret rundt. Solbriller. Solcreme om sommeren.<\/p>\n","protected":false},"excerpt":{"rendered":"<p>Frokost ombord med udsigt til k\u00e6lvede gletsjere<\/p>\n","protected":false},"featured_media":59364,"comment_status":"open","ping_status":"closed","template":"","meta":{"_acf_changed":false},"product_brand":[],"product_cat":[101,170],"product_tag":[],"class_list":{"0":"post-59327","1":"product","2":"type-product","3":"status-publish","4":"has-post-thumbnail","6":"product_cat-tour","7":"product_cat-udflugt","8":"pa_dato-5925","9":"pa_dato-5926","10":"pa_dato-5980","11":"pa_dato-5961","12":"pa_dato-6061","13":"pa_dato-6081","14":"pa_dato-6188","15":"pa_tidspunkt-72","16":"pa_tidspunkt-38","17":"tour_location-ilulissat-da","18":"tour_type-baadture","19":"tour_tickettype-arctic_excursions","20":"tour_tickettype-greenland_travel_tour","21":"tour_tickettype-greenland_travel_team","22":"tour_operator-icecap-explore","24":"first","25":"instock","26":"shipping-taxable","27":"purchasable","28":"product-type-variable"},"acf":[],"yoast_head":"<!-- This site is optimized with the Yoast SEO plugin v23.6 - https:\/\/yoast.com\/wordpress\/plugins\/seo\/ -->\n<title>Arctic Excursions<\/title>\n<meta name=\"robots\" content=\"index, follow, max-snippet:-1, max-image-preview:large, max-video-preview:-1\" \/>\n<link rel=\"canonical\" href=\"https:\/\/arcticexcursions.com\/udflugter\/luxury-trip-to-eqi\/\" \/>\n<meta property=\"og:locale\" content=\"da_DK\" \/>\n<meta property=\"og:type\" content=\"article\" \/>\n<meta property=\"og:title\" content=\"Luksustur til Eqi - Arctic Excursions\" \/>\n<meta property=\"og:description\" content=\"Frokost ombord med udsigt til k\u00e6lvede gletsjere\" \/>\n<meta property=\"og:url\" content=\"https:\/\/arcticexcursions.com\/udflugter\/luxury-trip-to-eqi\/\" \/>\n<meta property=\"og:site_name\" content=\"Arctic Excursions\" \/>\n<meta property=\"article:modified_time\" content=\"2026-01-31T14:17:43+00:00\" \/>\n<meta property=\"og:image\" content=\"https:\/\/arcticexcursions.com\/wp-content\/uploads\/2025\/06\/1400x900_1_IceCapExplore-1310x842-1.jpg\" \/>\n\t<meta property=\"og:image:width\" content=\"1310\" \/>\n\t<meta property=\"og:image:height\" content=\"842\" \/>\n\t<meta property=\"og:image:type\" content=\"image\/jpeg\" \/>\n<meta name=\"twitter:card\" content=\"summary_large_image\" \/>\n<meta name=\"twitter:label1\" content=\"Estimeret l\u00e6setid\" \/>\n\t<meta name=\"twitter:data1\" content=\"1 minut\" \/>\n<script type=\"application\/ld+json\" class=\"yoast-schema-graph\">{\"@context\":\"https:\/\/schema.org\",\"@graph\":[{\"@type\":\"WebPage\",\"@id\":\"https:\/\/arcticexcursions.com\/udflugter\/luxury-trip-to-eqi\/\",\"url\":\"https:\/\/arcticexcursions.com\/udflugter\/luxury-trip-to-eqi\/\",\"name\":\"Luksustur til Eqi - Arctic Excursions\",\"isPartOf\":{\"@id\":\"https:\/\/arcticexcursions.com\/#website\"},\"primaryImageOfPage\":{\"@id\":\"https:\/\/arcticexcursions.com\/udflugter\/luxury-trip-to-eqi\/#primaryimage\"},\"image\":{\"@id\":\"https:\/\/arcticexcursions.com\/udflugter\/luxury-trip-to-eqi\/#primaryimage\"},\"thumbnailUrl\":\"https:\/\/arcticexcursions.com\/wp-content\/uploads\/2025\/06\/1400x900_1_IceCapExplore-1310x842-1.jpg\",\"datePublished\":\"2025-06-24T12:01:31+00:00\",\"dateModified\":\"2026-01-31T14:17:43+00:00\",\"breadcrumb\":{\"@id\":\"https:\/\/arcticexcursions.com\/udflugter\/luxury-trip-to-eqi\/#breadcrumb\"},\"inLanguage\":\"da-DK\",\"potentialAction\":[{\"@type\":\"ReadAction\",\"target\":[\"https:\/\/arcticexcursions.com\/udflugter\/luxury-trip-to-eqi\/\"]}]},{\"@type\":\"ImageObject\",\"inLanguage\":\"da-DK\",\"@id\":\"https:\/\/arcticexcursions.com\/udflugter\/luxury-trip-to-eqi\/#primaryimage\",\"url\":\"https:\/\/arcticexcursions.com\/wp-content\/uploads\/2025\/06\/1400x900_1_IceCapExplore-1310x842-1.jpg\",\"contentUrl\":\"https:\/\/arcticexcursions.com\/wp-content\/uploads\/2025\/06\/1400x900_1_IceCapExplore-1310x842-1.jpg\",\"width\":1310,\"height\":842},{\"@type\":\"BreadcrumbList\",\"@id\":\"https:\/\/arcticexcursions.com\/udflugter\/luxury-trip-to-eqi\/#breadcrumb\",\"itemListElement\":[{\"@type\":\"ListItem\",\"position\":1,\"name\":\"Home\",\"item\":\"https:\/\/arcticexcursions.com\/da\/\"},{\"@type\":\"ListItem\",\"position\":2,\"name\":\"Udflugter i Gr\u00f8nland\",\"item\":\"https:\/\/arcticexcursions.com\/da\/udflugter\/\"},{\"@type\":\"ListItem\",\"position\":3,\"name\":\"Luksustur til Eqi\"}]},{\"@type\":\"WebSite\",\"@id\":\"https:\/\/arcticexcursions.com\/#website\",\"url\":\"https:\/\/arcticexcursions.com\/\",\"name\":\"Arctic Excursions\",\"description\":\"New adventures. Every day.\",\"publisher\":{\"@id\":\"https:\/\/arcticexcursions.com\/#organization\"},\"potentialAction\":[{\"@type\":\"SearchAction\",\"target\":{\"@type\":\"EntryPoint\",\"urlTemplate\":\"https:\/\/arcticexcursions.com\/?s={search_term_string}\"},\"query-input\":{\"@type\":\"PropertyValueSpecification\",\"valueRequired\":true,\"valueName\":\"search_term_string\"}}],\"inLanguage\":\"da-DK\"},{\"@type\":\"Organization\",\"@id\":\"https:\/\/arcticexcursions.com\/#organization\",\"name\":\"Arctic Excursions\",\"url\":\"https:\/\/arcticexcursions.com\/\",\"logo\":{\"@type\":\"ImageObject\",\"inLanguage\":\"da-DK\",\"@id\":\"https:\/\/arcticexcursions.com\/#\/schema\/logo\/image\/\",\"url\":\"https:\/\/arcticexcursions.com\/wp-content\/uploads\/2022\/11\/fb-logo.png\",\"contentUrl\":\"https:\/\/arcticexcursions.com\/wp-content\/uploads\/2022\/11\/fb-logo.png\",\"width\":523,\"height\":523,\"caption\":\"Arctic Excursions\"},\"image\":{\"@id\":\"https:\/\/arcticexcursions.com\/#\/schema\/logo\/image\/\"}}]}<\/script>\n<!-- \/ Yoast SEO plugin. -->","yoast_head_json":{"title":"Arctic Excursions","robots":{"index":"index","follow":"follow","max-snippet":"max-snippet:-1","max-image-preview":"max-image-preview:large","max-video-preview":"max-video-preview:-1"},"canonical":"https:\/\/arcticexcursions.com\/udflugter\/luxury-trip-to-eqi\/","og_locale":"da_DK","og_type":"article","og_title":"Luksustur til Eqi - Arctic Excursions","og_description":"Frokost ombord med udsigt til k\u00e6lvede gletsjere","og_url":"https:\/\/arcticexcursions.com\/udflugter\/luxury-trip-to-eqi\/","og_site_name":"Arctic Excursions","article_modified_time":"2026-01-31T14:17:43+00:00","og_image":[{"width":1310,"height":842,"url":"https:\/\/arcticexcursions.com\/wp-content\/uploads\/2025\/06\/1400x900_1_IceCapExplore-1310x842-1.jpg","type":"image\/jpeg"}],"twitter_card":"summary_large_image","twitter_misc":{"Estimeret l\u00e6setid":"1 minut"},"schema":{"@context":"https:\/\/schema.org","@graph":[{"@type":"WebPage","@id":"https:\/\/arcticexcursions.com\/udflugter\/luxury-trip-to-eqi\/","url":"https:\/\/arcticexcursions.com\/udflugter\/luxury-trip-to-eqi\/","name":"Luksustur til Eqi - Arctic Excursions","isPartOf":{"@id":"https:\/\/arcticexcursions.com\/#website"},"primaryImageOfPage":{"@id":"https:\/\/arcticexcursions.com\/udflugter\/luxury-trip-to-eqi\/#primaryimage"},"image":{"@id":"https:\/\/arcticexcursions.com\/udflugter\/luxury-trip-to-eqi\/#primaryimage"},"thumbnailUrl":"https:\/\/arcticexcursions.com\/wp-content\/uploads\/2025\/06\/1400x900_1_IceCapExplore-1310x842-1.jpg","datePublished":"2025-06-24T12:01:31+00:00","dateModified":"2026-01-31T14:17:43+00:00","breadcrumb":{"@id":"https:\/\/arcticexcursions.com\/udflugter\/luxury-trip-to-eqi\/#breadcrumb"},"inLanguage":"da-DK","potentialAction":[{"@type":"ReadAction","target":["https:\/\/arcticexcursions.com\/udflugter\/luxury-trip-to-eqi\/"]}]},{"@type":"ImageObject","inLanguage":"da-DK","@id":"https:\/\/arcticexcursions.com\/udflugter\/luxury-trip-to-eqi\/#primaryimage","url":"https:\/\/arcticexcursions.com\/wp-content\/uploads\/2025\/06\/1400x900_1_IceCapExplore-1310x842-1.jpg","contentUrl":"https:\/\/arcticexcursions.com\/wp-content\/uploads\/2025\/06\/1400x900_1_IceCapExplore-1310x842-1.jpg","width":1310,"height":842},{"@type":"BreadcrumbList","@id":"https:\/\/arcticexcursions.com\/udflugter\/luxury-trip-to-eqi\/#breadcrumb","itemListElement":[{"@type":"ListItem","position":1,"name":"Home","item":"https:\/\/arcticexcursions.com\/da\/"},{"@type":"ListItem","position":2,"name":"Udflugter i Gr\u00f8nland","item":"https:\/\/arcticexcursions.com\/da\/udflugter\/"},{"@type":"ListItem","position":3,"name":"Luksustur til Eqi"}]},{"@type":"WebSite","@id":"https:\/\/arcticexcursions.com\/#website","url":"https:\/\/arcticexcursions.com\/","name":"Arctic Excursions","description":"New adventures. Every day.","publisher":{"@id":"https:\/\/arcticexcursions.com\/#organization"},"potentialAction":[{"@type":"SearchAction","target":{"@type":"EntryPoint","urlTemplate":"https:\/\/arcticexcursions.com\/?s={search_term_string}"},"query-input":{"@type":"PropertyValueSpecification","valueRequired":true,"valueName":"search_term_string"}}],"inLanguage":"da-DK"},{"@type":"Organization","@id":"https:\/\/arcticexcursions.com\/#organization","name":"Arctic Excursions","url":"https:\/\/arcticexcursions.com\/","logo":{"@type":"ImageObject","inLanguage":"da-DK","@id":"https:\/\/arcticexcursions.com\/#\/schema\/logo\/image\/","url":"https:\/\/arcticexcursions.com\/wp-content\/uploads\/2022\/11\/fb-logo.png","contentUrl":"https:\/\/arcticexcursions.com\/wp-content\/uploads\/2022\/11\/fb-logo.png","width":523,"height":523,"caption":"Arctic Excursions"},"image":{"@id":"https:\/\/arcticexcursions.com\/#\/schema\/logo\/image\/"}}]}},"_links":{"self":[{"href":"https:\/\/arcticexcursions.com\/da\/wp-json\/wp\/v2\/product\/59327"}],"collection":[{"href":"https:\/\/arcticexcursions.com\/da\/wp-json\/wp\/v2\/product"}],"about":[{"href":"https:\/\/arcticexcursions.com\/da\/wp-json\/wp\/v2\/types\/product"}],"replies":[{"embeddable":true,"href":"https:\/\/arcticexcursions.com\/da\/wp-json\/wp\/v2\/comments?post=59327"}],"wp:featuredmedia":[{"embeddable":true,"href":"https:\/\/arcticexcursions.com\/da\/wp-json\/wp\/v2\/media\/59364"}],"wp:attachment":[{"href":"https:\/\/arcticexcursions.com\/da\/wp-json\/wp\/v2\/media?parent=59327"}],"wp:term":[{"taxonomy":"product_brand","embeddable":true,"href":"https:\/\/arcticexcursions.com\/da\/wp-json\/wp\/v2\/product_brand?post=59327"},{"taxonomy":"product_cat","embeddable":true,"href":"https:\/\/arcticexcursions.com\/da\/wp-json\/wp\/v2\/product_cat?post=59327"},{"taxonomy":"product_tag","embeddable":true,"href":"https:\/\/arcticexcursions.com\/da\/wp-json\/wp\/v2\/product_tag?post=59327"}],"curies":[{"name":"wp","href":"https:\/\/api.w.org\/{rel}","templated":true}]}}