{"id":59330,"date":"2025-06-24T13:58:34","date_gmt":"2025-06-24T11:58:34","guid":{"rendered":"https:\/\/arcticexcursions.com\/?post_type=product&#038;p=59330"},"modified":"2026-03-24T04:10:25","modified_gmt":"2026-03-24T02:10:25","slug":"midnight-sailing-in-disko-bay","status":"publish","type":"product","link":"https:\/\/arcticexcursions.com\/da\/udflugter\/midnight-sailing-in-disko-bay\/","title":{"rendered":"Midnatssejlads i Diskobugten"},"content":{"rendered":"<p>Lys er liv, og nord for polarcirklen bades sommerdagene i det. Under midnatssolens gyldne sk\u00e6r sejler vi mod Isfjorden, hvor majest\u00e6tiske isbjerge driver i stilfuld ro. Ingen to ture er ens \u2013 de iskolde k\u00e6mper \u00e6ndrer form og st\u00f8rrelse, og det evigt skiftende lys maler dem i et fortryllende farvespil. Fra kridhvidt og isbl\u00e5t til varme gule, gl\u00f8dende r\u00f8de og bl\u00f8de violette nuancer \u2013 solens bev\u00e6gelse skaber et betagende syn.<\/p>\n<p>Undervejs stopper vi op \u2013 motoren slukkes \u2013 for at nyde stilheden og det \u00e6teriske sk\u00e6r fra den arktiske nat. M\u00e5ske med en k\u00f8lig drink eller en smagspr\u00f8ve p\u00e5 rent gr\u00f8nlandsk vand i h\u00e5nden. Med lidt held f\u00e5r vi selskab af s\u00e6ler eller hvaler, som tilf\u00f8jer et strejf af vild magi til en i forvejen uforglemmelig sejlads.<\/p>\n<p><b>Varighed:<\/b> 2\u00bd time<\/p>\n<p><b>B\u00e5dtype:<\/b> Lukket b\u00e5d<\/p>\n<p><b>Toiletforhold:<\/b> Toilet findes ombord<\/p>\n<p><b>Forplejning:<\/b> Kaffe og te serveres ombord<\/p>\n<p><b>Anbefalet p\u00e5kl\u00e6dning:<\/b> Varmt t\u00f8j inkl. hue og handsker \u00e5ret rundt. Solbriller. Solcreme om sommeren.<\/p>\n","protected":false},"excerpt":{"rendered":"<p>Lys er liv, og nord for polarcirklen flyder sommerdagene over med begge dele i str\u00e5lende overflod.<\/p>\n","protected":false},"featured_media":59360,"comment_status":"open","ping_status":"closed","template":"","meta":{"_acf_changed":false},"product_brand":[],"product_cat":[101,170],"product_tag":[],"class_list":{"0":"post-59330","1":"product","2":"type-product","3":"status-publish","4":"has-post-thumbnail","6":"product_cat-tour","7":"product_cat-udflugt","8":"pa_dato-5956","9":"pa_dato-5939","10":"pa_dato-6245","11":"pa_dato-6357","12":"pa_dato-6344","13":"pa_tidspunkt-82","14":"pa_tidspunkt-81","15":"tour_location-ilulissat-da","16":"tour_type-baadture","17":"tour_tickettype-arctic_excursions","18":"tour_tickettype-greenland_travel_tour","19":"tour_tickettype-greenland_travel_team","20":"tour_operator-icecap-explore","22":"first","23":"instock","24":"shipping-taxable","25":"purchasable","26":"product-type-variable"},"acf":[],"yoast_head":"<!-- This site is optimized with the Yoast SEO plugin v23.6 - https:\/\/yoast.com\/wordpress\/plugins\/seo\/ -->\n<title>Arctic Excursions<\/title>\n<meta name=\"robots\" content=\"index, follow, max-snippet:-1, max-image-preview:large, max-video-preview:-1\" \/>\n<link rel=\"canonical\" href=\"https:\/\/arcticexcursions.com\/udflugter\/midnight-sailing-in-disko-bay\/\" \/>\n<meta property=\"og:locale\" content=\"da_DK\" \/>\n<meta property=\"og:type\" content=\"article\" \/>\n<meta property=\"og:title\" content=\"Midnatssejlads i Diskobugten - Arctic Excursions\" \/>\n<meta property=\"og:description\" content=\"Lys er liv, og nord for polarcirklen flyder sommerdagene over med begge dele i str\u00e5lende overflod.\" \/>\n<meta property=\"og:url\" content=\"https:\/\/arcticexcursions.com\/udflugter\/midnight-sailing-in-disko-bay\/\" \/>\n<meta property=\"og:site_name\" content=\"Arctic Excursions\" \/>\n<meta property=\"article:modified_time\" content=\"2026-03-24T02:10:25+00:00\" \/>\n<meta property=\"og:image\" content=\"https:\/\/arcticexcursions.com\/wp-content\/uploads\/2025\/06\/isbjerg2.jpg\" \/>\n\t<meta property=\"og:image:width\" content=\"750\" \/>\n\t<meta property=\"og:image:height\" content=\"750\" \/>\n\t<meta property=\"og:image:type\" content=\"image\/jpeg\" \/>\n<meta name=\"twitter:card\" content=\"summary_large_image\" \/>\n<meta name=\"twitter:label1\" content=\"Estimeret l\u00e6setid\" \/>\n\t<meta name=\"twitter:data1\" content=\"1 minut\" \/>\n<script type=\"application\/ld+json\" class=\"yoast-schema-graph\">{\"@context\":\"https:\/\/schema.org\",\"@graph\":[{\"@type\":\"WebPage\",\"@id\":\"https:\/\/arcticexcursions.com\/udflugter\/midnight-sailing-in-disko-bay\/\",\"url\":\"https:\/\/arcticexcursions.com\/udflugter\/midnight-sailing-in-disko-bay\/\",\"name\":\"Midnatssejlads i Diskobugten - Arctic Excursions\",\"isPartOf\":{\"@id\":\"https:\/\/arcticexcursions.com\/#website\"},\"primaryImageOfPage\":{\"@id\":\"https:\/\/arcticexcursions.com\/udflugter\/midnight-sailing-in-disko-bay\/#primaryimage\"},\"image\":{\"@id\":\"https:\/\/arcticexcursions.com\/udflugter\/midnight-sailing-in-disko-bay\/#primaryimage\"},\"thumbnailUrl\":\"https:\/\/arcticexcursions.com\/wp-content\/uploads\/2025\/06\/isbjerg2.jpg\",\"datePublished\":\"2025-06-24T11:58:34+00:00\",\"dateModified\":\"2026-03-24T02:10:25+00:00\",\"breadcrumb\":{\"@id\":\"https:\/\/arcticexcursions.com\/udflugter\/midnight-sailing-in-disko-bay\/#breadcrumb\"},\"inLanguage\":\"da-DK\",\"potentialAction\":[{\"@type\":\"ReadAction\",\"target\":[\"https:\/\/arcticexcursions.com\/udflugter\/midnight-sailing-in-disko-bay\/\"]}]},{\"@type\":\"ImageObject\",\"inLanguage\":\"da-DK\",\"@id\":\"https:\/\/arcticexcursions.com\/udflugter\/midnight-sailing-in-disko-bay\/#primaryimage\",\"url\":\"https:\/\/arcticexcursions.com\/wp-content\/uploads\/2025\/06\/isbjerg2.jpg\",\"contentUrl\":\"https:\/\/arcticexcursions.com\/wp-content\/uploads\/2025\/06\/isbjerg2.jpg\",\"width\":750,\"height\":750},{\"@type\":\"BreadcrumbList\",\"@id\":\"https:\/\/arcticexcursions.com\/udflugter\/midnight-sailing-in-disko-bay\/#breadcrumb\",\"itemListElement\":[{\"@type\":\"ListItem\",\"position\":1,\"name\":\"Home\",\"item\":\"https:\/\/arcticexcursions.com\/da\/\"},{\"@type\":\"ListItem\",\"position\":2,\"name\":\"Udflugter i Gr\u00f8nland\",\"item\":\"https:\/\/arcticexcursions.com\/da\/udflugter\/\"},{\"@type\":\"ListItem\",\"position\":3,\"name\":\"Midnatssejlads i Diskobugten\"}]},{\"@type\":\"WebSite\",\"@id\":\"https:\/\/arcticexcursions.com\/#website\",\"url\":\"https:\/\/arcticexcursions.com\/\",\"name\":\"Arctic Excursions\",\"description\":\"New adventures. Every day.\",\"publisher\":{\"@id\":\"https:\/\/arcticexcursions.com\/#organization\"},\"potentialAction\":[{\"@type\":\"SearchAction\",\"target\":{\"@type\":\"EntryPoint\",\"urlTemplate\":\"https:\/\/arcticexcursions.com\/?s={search_term_string}\"},\"query-input\":{\"@type\":\"PropertyValueSpecification\",\"valueRequired\":true,\"valueName\":\"search_term_string\"}}],\"inLanguage\":\"da-DK\"},{\"@type\":\"Organization\",\"@id\":\"https:\/\/arcticexcursions.com\/#organization\",\"name\":\"Arctic Excursions\",\"url\":\"https:\/\/arcticexcursions.com\/\",\"logo\":{\"@type\":\"ImageObject\",\"inLanguage\":\"da-DK\",\"@id\":\"https:\/\/arcticexcursions.com\/#\/schema\/logo\/image\/\",\"url\":\"https:\/\/arcticexcursions.com\/wp-content\/uploads\/2022\/11\/fb-logo.png\",\"contentUrl\":\"https:\/\/arcticexcursions.com\/wp-content\/uploads\/2022\/11\/fb-logo.png\",\"width\":523,\"height\":523,\"caption\":\"Arctic Excursions\"},\"image\":{\"@id\":\"https:\/\/arcticexcursions.com\/#\/schema\/logo\/image\/\"}}]}<\/script>\n<!-- \/ Yoast SEO plugin. -->","yoast_head_json":{"title":"Arctic Excursions","robots":{"index":"index","follow":"follow","max-snippet":"max-snippet:-1","max-image-preview":"max-image-preview:large","max-video-preview":"max-video-preview:-1"},"canonical":"https:\/\/arcticexcursions.com\/udflugter\/midnight-sailing-in-disko-bay\/","og_locale":"da_DK","og_type":"article","og_title":"Midnatssejlads i Diskobugten - Arctic Excursions","og_description":"Lys er liv, og nord for polarcirklen flyder sommerdagene over med begge dele i str\u00e5lende overflod.","og_url":"https:\/\/arcticexcursions.com\/udflugter\/midnight-sailing-in-disko-bay\/","og_site_name":"Arctic Excursions","article_modified_time":"2026-03-24T02:10:25+00:00","og_image":[{"width":750,"height":750,"url":"https:\/\/arcticexcursions.com\/wp-content\/uploads\/2025\/06\/isbjerg2.jpg","type":"image\/jpeg"}],"twitter_card":"summary_large_image","twitter_misc":{"Estimeret l\u00e6setid":"1 minut"},"schema":{"@context":"https:\/\/schema.org","@graph":[{"@type":"WebPage","@id":"https:\/\/arcticexcursions.com\/udflugter\/midnight-sailing-in-disko-bay\/","url":"https:\/\/arcticexcursions.com\/udflugter\/midnight-sailing-in-disko-bay\/","name":"Midnatssejlads i Diskobugten - Arctic Excursions","isPartOf":{"@id":"https:\/\/arcticexcursions.com\/#website"},"primaryImageOfPage":{"@id":"https:\/\/arcticexcursions.com\/udflugter\/midnight-sailing-in-disko-bay\/#primaryimage"},"image":{"@id":"https:\/\/arcticexcursions.com\/udflugter\/midnight-sailing-in-disko-bay\/#primaryimage"},"thumbnailUrl":"https:\/\/arcticexcursions.com\/wp-content\/uploads\/2025\/06\/isbjerg2.jpg","datePublished":"2025-06-24T11:58:34+00:00","dateModified":"2026-03-24T02:10:25+00:00","breadcrumb":{"@id":"https:\/\/arcticexcursions.com\/udflugter\/midnight-sailing-in-disko-bay\/#breadcrumb"},"inLanguage":"da-DK","potentialAction":[{"@type":"ReadAction","target":["https:\/\/arcticexcursions.com\/udflugter\/midnight-sailing-in-disko-bay\/"]}]},{"@type":"ImageObject","inLanguage":"da-DK","@id":"https:\/\/arcticexcursions.com\/udflugter\/midnight-sailing-in-disko-bay\/#primaryimage","url":"https:\/\/arcticexcursions.com\/wp-content\/uploads\/2025\/06\/isbjerg2.jpg","contentUrl":"https:\/\/arcticexcursions.com\/wp-content\/uploads\/2025\/06\/isbjerg2.jpg","width":750,"height":750},{"@type":"BreadcrumbList","@id":"https:\/\/arcticexcursions.com\/udflugter\/midnight-sailing-in-disko-bay\/#breadcrumb","itemListElement":[{"@type":"ListItem","position":1,"name":"Home","item":"https:\/\/arcticexcursions.com\/da\/"},{"@type":"ListItem","position":2,"name":"Udflugter i Gr\u00f8nland","item":"https:\/\/arcticexcursions.com\/da\/udflugter\/"},{"@type":"ListItem","position":3,"name":"Midnatssejlads i Diskobugten"}]},{"@type":"WebSite","@id":"https:\/\/arcticexcursions.com\/#website","url":"https:\/\/arcticexcursions.com\/","name":"Arctic Excursions","description":"New adventures. Every day.","publisher":{"@id":"https:\/\/arcticexcursions.com\/#organization"},"potentialAction":[{"@type":"SearchAction","target":{"@type":"EntryPoint","urlTemplate":"https:\/\/arcticexcursions.com\/?s={search_term_string}"},"query-input":{"@type":"PropertyValueSpecification","valueRequired":true,"valueName":"search_term_string"}}],"inLanguage":"da-DK"},{"@type":"Organization","@id":"https:\/\/arcticexcursions.com\/#organization","name":"Arctic Excursions","url":"https:\/\/arcticexcursions.com\/","logo":{"@type":"ImageObject","inLanguage":"da-DK","@id":"https:\/\/arcticexcursions.com\/#\/schema\/logo\/image\/","url":"https:\/\/arcticexcursions.com\/wp-content\/uploads\/2022\/11\/fb-logo.png","contentUrl":"https:\/\/arcticexcursions.com\/wp-content\/uploads\/2022\/11\/fb-logo.png","width":523,"height":523,"caption":"Arctic Excursions"},"image":{"@id":"https:\/\/arcticexcursions.com\/#\/schema\/logo\/image\/"}}]}},"_links":{"self":[{"href":"https:\/\/arcticexcursions.com\/da\/wp-json\/wp\/v2\/product\/59330"}],"collection":[{"href":"https:\/\/arcticexcursions.com\/da\/wp-json\/wp\/v2\/product"}],"about":[{"href":"https:\/\/arcticexcursions.com\/da\/wp-json\/wp\/v2\/types\/product"}],"replies":[{"embeddable":true,"href":"https:\/\/arcticexcursions.com\/da\/wp-json\/wp\/v2\/comments?post=59330"}],"wp:featuredmedia":[{"embeddable":true,"href":"https:\/\/arcticexcursions.com\/da\/wp-json\/wp\/v2\/media\/59360"}],"wp:attachment":[{"href":"https:\/\/arcticexcursions.com\/da\/wp-json\/wp\/v2\/media?parent=59330"}],"wp:term":[{"taxonomy":"product_brand","embeddable":true,"href":"https:\/\/arcticexcursions.com\/da\/wp-json\/wp\/v2\/product_brand?post=59330"},{"taxonomy":"product_cat","embeddable":true,"href":"https:\/\/arcticexcursions.com\/da\/wp-json\/wp\/v2\/product_cat?post=59330"},{"taxonomy":"product_tag","embeddable":true,"href":"https:\/\/arcticexcursions.com\/da\/wp-json\/wp\/v2\/product_tag?post=59330"}],"curies":[{"name":"wp","href":"https:\/\/api.w.org\/{rel}","templated":true}]}}