{"id":61465,"date":"2025-07-06T23:49:33","date_gmt":"2025-07-06T21:49:33","guid":{"rendered":"https:\/\/arcticexcursions.com\/?post_type=product&#038;p=61465"},"modified":"2026-02-02T15:10:09","modified_gmt":"2026-02-02T13:10:09","slug":"whale-watching-tour-2","status":"publish","type":"product","link":"https:\/\/arcticexcursions.com\/da\/udflugter\/whale-watching-tour-2\/","title":{"rendered":"Hval Safari"},"content":{"rendered":"<p><b>Oplev havets karismatiske k\u00e6mper fra en \u00e5ben b\u00e5d med 360\u00b0 udsigt<\/b><br \/>\nI sommers\u00e6sonen er pukkelhval, v\u00e5gehval og finhval de mest almindelige arter. Pukkelhvalen er akrobaten blandt de store hvaler, trods dens enorme st\u00f8rrelse p\u00e5 op til 18 meter og 30 tons. N\u00e5r en pukkelhval hopper, kan den kaste hele kroppen op af vandet og sl\u00e5 ned i overfladen med hale og finner. Den er let at genkende p\u00e5 puklen p\u00e5 ryggen og de lange hvide finner.<br \/>\nVores skipper er altid opdateret p\u00e5 de seneste hvalobservationer i Diskobugten, s\u00e5 det tager som regel ikke lang tid, f\u00f8r vi f\u00e5r \u00f8je p\u00e5 den f\u00f8rste hval!<br \/>\nMed Greenland Sea Safari er du garanteret en personlig og unik oplevelse i sm\u00e5 grupper ombord p\u00e5 vores 7-personers b\u00e5d. At se hvaler fra en mindre b\u00e5d betyder, at vi kan komme t\u00e6ttere p\u00e5 dyrene uden at forstyrre deres naturlige liv &#8211; hvilket understreger vores engagement for b\u00e6redygtig og ansvarlig turisme.<\/p>\n<p><b>Det f\u00e5r du<b \/><br \/>\nHvalsafarien varer cirka 2 timer.<br \/>\nMed Greenland Sea Safari er du garanteret en personlig og unik oplevelse i sm\u00e5 grupper ombord p\u00e5 vores 7-personers b\u00e5d, t\u00e6t p\u00e5 b\u00e5de vandet og isen.<\/p>\n<p><b>Husk at medbringe<b \/><br \/>\nHusk varmt t\u00f8j, handsker og hue \u2013 det er koldt p\u00e5 Isfjorden, selv om sommeren.<br \/>\nDu er meget velkommen til at medbringe egen mad eller drikke til turen \u2013 vi samler gerne op gletsjer is op, hvis det \u00f8nskes!<\/p>\n<p><b>Bem\u00e6rk<b \/><br \/>\nMinimum 2 deltagere for at gennemf\u00f8re turen.<\/p>\n<p><b>Sprog:<\/b> Guiden\/kaptajnen taler dansk, engelsk.<\/p>\n<p><b>B\u00e5dtype:<\/b> \u00c5ben b\u00e5d <\/p>\n<p><b>Toiletforhold:<\/b> Der er ikke toilet p\u00e5 b\u00e5den <\/p>\n<p><b>Forplejning:<\/b> Kaffe og te serveres p\u00e5 b\u00e5den<\/p>\n","protected":false},"excerpt":{"rendered":"<p><b>Oplev havets karismatiske k\u00e6mper<\/b><\/p>\n","protected":false},"featured_media":61364,"comment_status":"open","ping_status":"closed","template":"","meta":{"_acf_changed":false},"product_brand":[],"product_cat":[101,170],"product_tag":[],"class_list":{"0":"post-61465","1":"product","2":"type-product","3":"status-publish","4":"has-post-thumbnail","6":"product_cat-tour","7":"product_cat-udflugt","8":"pa_dato-5974","9":"pa_dato-5975","10":"pa_dato-5976","11":"pa_dato-6021","12":"pa_dato-6051","13":"pa_dato-6030","14":"pa_dato-6087","15":"pa_dato-6059","16":"pa_dato-5937","17":"pa_dato-6067","18":"pa_dato-5931","19":"pa_dato-6006","20":"pa_dato-5955","21":"pa_dato-5930","22":"pa_dato-5929","23":"pa_dato-5888","24":"pa_dato-5889","25":"pa_dato-5958","26":"pa_dato-5938","27":"pa_dato-5963","28":"pa_dato-5956","29":"pa_dato-5980","30":"pa_dato-5977","31":"pa_dato-6026","32":"pa_dato-5990","33":"pa_dato-5940","34":"pa_dato-5941","35":"pa_dato-6074","36":"pa_dato-5942","37":"pa_dato-5943","38":"pa_dato-6078","39":"pa_dato-5982","40":"pa_dato-6028","41":"pa_dato-6088","42":"pa_dato-6094","43":"pa_dato-6090","44":"pa_dato-6080","45":"pa_dato-6084","46":"pa_dato-6156","47":"pa_dato-6277","48":"pa_tidspunkt-76","49":"pa_tidspunkt-304","50":"pa_tidspunkt-177","51":"pa_tidspunkt-27","52":"tour_location-ilulissat-da","53":"tour_type-baadture","54":"tour_tickettype-arctic_excursions","55":"tour_operator-greenlandseasafarioutlook-com","57":"first","58":"outofstock","59":"shipping-taxable","60":"product-type-variable"},"acf":[],"yoast_head":"<!-- This site is optimized with the Yoast SEO plugin v23.6 - https:\/\/yoast.com\/wordpress\/plugins\/seo\/ -->\n<title>Arctic Excursions<\/title>\n<meta name=\"robots\" content=\"index, follow, max-snippet:-1, max-image-preview:large, max-video-preview:-1\" \/>\n<link rel=\"canonical\" href=\"https:\/\/arcticexcursions.com\/udflugter\/whale-watching-tour-2\/\" \/>\n<meta property=\"og:locale\" content=\"da_DK\" \/>\n<meta property=\"og:type\" content=\"article\" \/>\n<meta property=\"og:title\" content=\"Hval Safari - Arctic Excursions\" \/>\n<meta property=\"og:description\" content=\"Oplev havets karismatiske k\u00e6mper\" \/>\n<meta property=\"og:url\" content=\"https:\/\/arcticexcursions.com\/udflugter\/whale-watching-tour-2\/\" \/>\n<meta property=\"og:site_name\" content=\"Arctic Excursions\" \/>\n<meta property=\"article:modified_time\" content=\"2026-02-02T13:10:09+00:00\" \/>\n<meta name=\"twitter:card\" content=\"summary_large_image\" \/>\n<meta name=\"twitter:label1\" content=\"Estimeret l\u00e6setid\" \/>\n\t<meta name=\"twitter:data1\" content=\"1 minut\" \/>\n<script type=\"application\/ld+json\" class=\"yoast-schema-graph\">{\"@context\":\"https:\/\/schema.org\",\"@graph\":[{\"@type\":\"WebPage\",\"@id\":\"https:\/\/arcticexcursions.com\/udflugter\/whale-watching-tour-2\/\",\"url\":\"https:\/\/arcticexcursions.com\/udflugter\/whale-watching-tour-2\/\",\"name\":\"Hval Safari - Arctic Excursions\",\"isPartOf\":{\"@id\":\"https:\/\/arcticexcursions.com\/#website\"},\"primaryImageOfPage\":{\"@id\":\"https:\/\/arcticexcursions.com\/udflugter\/whale-watching-tour-2\/#primaryimage\"},\"image\":{\"@id\":\"https:\/\/arcticexcursions.com\/udflugter\/whale-watching-tour-2\/#primaryimage\"},\"thumbnailUrl\":\"https:\/\/arcticexcursions.com\/wp-content\/uploads\/2025\/07\/c6fe6bc7-0365-4327-96ac-102dcf94a074.avif\",\"datePublished\":\"2025-07-06T21:49:33+00:00\",\"dateModified\":\"2026-02-02T13:10:09+00:00\",\"breadcrumb\":{\"@id\":\"https:\/\/arcticexcursions.com\/udflugter\/whale-watching-tour-2\/#breadcrumb\"},\"inLanguage\":\"da-DK\",\"potentialAction\":[{\"@type\":\"ReadAction\",\"target\":[\"https:\/\/arcticexcursions.com\/udflugter\/whale-watching-tour-2\/\"]}]},{\"@type\":\"ImageObject\",\"inLanguage\":\"da-DK\",\"@id\":\"https:\/\/arcticexcursions.com\/udflugter\/whale-watching-tour-2\/#primaryimage\",\"url\":\"https:\/\/arcticexcursions.com\/wp-content\/uploads\/2025\/07\/c6fe6bc7-0365-4327-96ac-102dcf94a074.avif\",\"contentUrl\":\"https:\/\/arcticexcursions.com\/wp-content\/uploads\/2025\/07\/c6fe6bc7-0365-4327-96ac-102dcf94a074.avif\",\"width\":300,\"height\":240},{\"@type\":\"BreadcrumbList\",\"@id\":\"https:\/\/arcticexcursions.com\/udflugter\/whale-watching-tour-2\/#breadcrumb\",\"itemListElement\":[{\"@type\":\"ListItem\",\"position\":1,\"name\":\"Home\",\"item\":\"https:\/\/arcticexcursions.com\/da\/\"},{\"@type\":\"ListItem\",\"position\":2,\"name\":\"Udflugter i Gr\u00f8nland\",\"item\":\"https:\/\/arcticexcursions.com\/da\/udflugter\/\"},{\"@type\":\"ListItem\",\"position\":3,\"name\":\"Hval Safari\"}]},{\"@type\":\"WebSite\",\"@id\":\"https:\/\/arcticexcursions.com\/#website\",\"url\":\"https:\/\/arcticexcursions.com\/\",\"name\":\"Arctic Excursions\",\"description\":\"New adventures. Every day.\",\"publisher\":{\"@id\":\"https:\/\/arcticexcursions.com\/#organization\"},\"potentialAction\":[{\"@type\":\"SearchAction\",\"target\":{\"@type\":\"EntryPoint\",\"urlTemplate\":\"https:\/\/arcticexcursions.com\/?s={search_term_string}\"},\"query-input\":{\"@type\":\"PropertyValueSpecification\",\"valueRequired\":true,\"valueName\":\"search_term_string\"}}],\"inLanguage\":\"da-DK\"},{\"@type\":\"Organization\",\"@id\":\"https:\/\/arcticexcursions.com\/#organization\",\"name\":\"Arctic Excursions\",\"url\":\"https:\/\/arcticexcursions.com\/\",\"logo\":{\"@type\":\"ImageObject\",\"inLanguage\":\"da-DK\",\"@id\":\"https:\/\/arcticexcursions.com\/#\/schema\/logo\/image\/\",\"url\":\"https:\/\/arcticexcursions.com\/wp-content\/uploads\/2022\/11\/fb-logo.png\",\"contentUrl\":\"https:\/\/arcticexcursions.com\/wp-content\/uploads\/2022\/11\/fb-logo.png\",\"width\":523,\"height\":523,\"caption\":\"Arctic Excursions\"},\"image\":{\"@id\":\"https:\/\/arcticexcursions.com\/#\/schema\/logo\/image\/\"}}]}<\/script>\n<!-- \/ Yoast SEO plugin. -->","yoast_head_json":{"title":"Arctic Excursions","robots":{"index":"index","follow":"follow","max-snippet":"max-snippet:-1","max-image-preview":"max-image-preview:large","max-video-preview":"max-video-preview:-1"},"canonical":"https:\/\/arcticexcursions.com\/udflugter\/whale-watching-tour-2\/","og_locale":"da_DK","og_type":"article","og_title":"Hval Safari - Arctic Excursions","og_description":"Oplev havets karismatiske k\u00e6mper","og_url":"https:\/\/arcticexcursions.com\/udflugter\/whale-watching-tour-2\/","og_site_name":"Arctic Excursions","article_modified_time":"2026-02-02T13:10:09+00:00","twitter_card":"summary_large_image","twitter_misc":{"Estimeret l\u00e6setid":"1 minut"},"schema":{"@context":"https:\/\/schema.org","@graph":[{"@type":"WebPage","@id":"https:\/\/arcticexcursions.com\/udflugter\/whale-watching-tour-2\/","url":"https:\/\/arcticexcursions.com\/udflugter\/whale-watching-tour-2\/","name":"Hval Safari - Arctic Excursions","isPartOf":{"@id":"https:\/\/arcticexcursions.com\/#website"},"primaryImageOfPage":{"@id":"https:\/\/arcticexcursions.com\/udflugter\/whale-watching-tour-2\/#primaryimage"},"image":{"@id":"https:\/\/arcticexcursions.com\/udflugter\/whale-watching-tour-2\/#primaryimage"},"thumbnailUrl":"https:\/\/arcticexcursions.com\/wp-content\/uploads\/2025\/07\/c6fe6bc7-0365-4327-96ac-102dcf94a074.avif","datePublished":"2025-07-06T21:49:33+00:00","dateModified":"2026-02-02T13:10:09+00:00","breadcrumb":{"@id":"https:\/\/arcticexcursions.com\/udflugter\/whale-watching-tour-2\/#breadcrumb"},"inLanguage":"da-DK","potentialAction":[{"@type":"ReadAction","target":["https:\/\/arcticexcursions.com\/udflugter\/whale-watching-tour-2\/"]}]},{"@type":"ImageObject","inLanguage":"da-DK","@id":"https:\/\/arcticexcursions.com\/udflugter\/whale-watching-tour-2\/#primaryimage","url":"https:\/\/arcticexcursions.com\/wp-content\/uploads\/2025\/07\/c6fe6bc7-0365-4327-96ac-102dcf94a074.avif","contentUrl":"https:\/\/arcticexcursions.com\/wp-content\/uploads\/2025\/07\/c6fe6bc7-0365-4327-96ac-102dcf94a074.avif","width":300,"height":240},{"@type":"BreadcrumbList","@id":"https:\/\/arcticexcursions.com\/udflugter\/whale-watching-tour-2\/#breadcrumb","itemListElement":[{"@type":"ListItem","position":1,"name":"Home","item":"https:\/\/arcticexcursions.com\/da\/"},{"@type":"ListItem","position":2,"name":"Udflugter i Gr\u00f8nland","item":"https:\/\/arcticexcursions.com\/da\/udflugter\/"},{"@type":"ListItem","position":3,"name":"Hval Safari"}]},{"@type":"WebSite","@id":"https:\/\/arcticexcursions.com\/#website","url":"https:\/\/arcticexcursions.com\/","name":"Arctic Excursions","description":"New adventures. Every day.","publisher":{"@id":"https:\/\/arcticexcursions.com\/#organization"},"potentialAction":[{"@type":"SearchAction","target":{"@type":"EntryPoint","urlTemplate":"https:\/\/arcticexcursions.com\/?s={search_term_string}"},"query-input":{"@type":"PropertyValueSpecification","valueRequired":true,"valueName":"search_term_string"}}],"inLanguage":"da-DK"},{"@type":"Organization","@id":"https:\/\/arcticexcursions.com\/#organization","name":"Arctic Excursions","url":"https:\/\/arcticexcursions.com\/","logo":{"@type":"ImageObject","inLanguage":"da-DK","@id":"https:\/\/arcticexcursions.com\/#\/schema\/logo\/image\/","url":"https:\/\/arcticexcursions.com\/wp-content\/uploads\/2022\/11\/fb-logo.png","contentUrl":"https:\/\/arcticexcursions.com\/wp-content\/uploads\/2022\/11\/fb-logo.png","width":523,"height":523,"caption":"Arctic Excursions"},"image":{"@id":"https:\/\/arcticexcursions.com\/#\/schema\/logo\/image\/"}}]}},"_links":{"self":[{"href":"https:\/\/arcticexcursions.com\/da\/wp-json\/wp\/v2\/product\/61465"}],"collection":[{"href":"https:\/\/arcticexcursions.com\/da\/wp-json\/wp\/v2\/product"}],"about":[{"href":"https:\/\/arcticexcursions.com\/da\/wp-json\/wp\/v2\/types\/product"}],"replies":[{"embeddable":true,"href":"https:\/\/arcticexcursions.com\/da\/wp-json\/wp\/v2\/comments?post=61465"}],"wp:featuredmedia":[{"embeddable":true,"href":"https:\/\/arcticexcursions.com\/da\/wp-json\/wp\/v2\/media\/61364"}],"wp:attachment":[{"href":"https:\/\/arcticexcursions.com\/da\/wp-json\/wp\/v2\/media?parent=61465"}],"wp:term":[{"taxonomy":"product_brand","embeddable":true,"href":"https:\/\/arcticexcursions.com\/da\/wp-json\/wp\/v2\/product_brand?post=61465"},{"taxonomy":"product_cat","embeddable":true,"href":"https:\/\/arcticexcursions.com\/da\/wp-json\/wp\/v2\/product_cat?post=61465"},{"taxonomy":"product_tag","embeddable":true,"href":"https:\/\/arcticexcursions.com\/da\/wp-json\/wp\/v2\/product_tag?post=61465"}],"curies":[{"name":"wp","href":"https:\/\/api.w.org\/{rel}","templated":true}]}}