{"id":61478,"date":"2025-07-06T16:00:36","date_gmt":"2025-07-06T14:00:36","guid":{"rendered":"https:\/\/arcticexcursions.com\/?post_type=product&#038;p=61478"},"modified":"2026-02-02T15:09:37","modified_gmt":"2026-02-02T13:09:37","slug":"icefjord-sailing-daytime-midnight-tour","status":"publish","type":"product","link":"https:\/\/arcticexcursions.com\/da\/udflugter\/icefjord-sailing-daytime-midnight-tour\/","title":{"rendered":"Isfjord-Sejlads \u2013 Dag- &amp; Midnats-ture"},"content":{"rendered":"<p><b>Deltag i vores dagture til Ilulissat Isfjord og oplev de k\u00e6mpem\u00e6ssige, betagende isbjerge<\/b><br \/>\nIsfjorden er i konstant forandring; i klart solskin er kontrasterne fantastiske, mens uendelige bl\u00e5 nuancer dukker op p\u00e5 overskyede dage. Om dagen kan vi se fiskere i arbejde, og der er st\u00f8rre sandsynlighed for at se isbjerge k\u00e6lve. Der er ogs\u00e5 gode chancer for at spotte hvaler.<\/p>\n<p><b>Deltag i vores midnatstur til Ilulissat Isfjord og oplev de k\u00e6mpem\u00e6ssige, betagende isbjerge<\/b><br \/>\nVi tilbringer aftenen med at sejle blandt de imponerende isbjerge. De lave str\u00e5ler fra den fortryllende midnatssol forvandler Isfjorden til et magisk sted. Ogs\u00e5 her er der gode chancer for at se hvaler.<\/p>\n<p><b>Det f\u00e5r du<\/b><br \/>\nIsfjordsejladsen varer cirka 2 timer.<br \/>\nMed Greenland Sea Safari er du garanteret en personlig og unik oplevelse i en lille gruppe ombord p\u00e5 vores 7-personers b\u00e5d, t\u00e6t p\u00e5 b\u00e5de vandet og isen.<\/p>\n<p><b>Medbring<\/b><br \/>\nHusk varmt t\u00f8j, handsker og hue \u2013 det er koldt p\u00e5 Isfjorden, selv om sommeren.<br \/>\nDu er meget velkommen til at tage egen mad eller drikkevarer med ombord \u2013 vi samler gerne is op fra gletsjeren, hvis det \u00f8nskes!<\/p>\n<p><b>Bem\u00e6rk<\/b><br \/>\nMinimum 2 deltagere for at gennemf\u00f8re turen.<\/p>\n<p><b>Sprog:<\/b> Guiden\/kaptajnen taler dansk, engelsk.<\/p>\n<p><b>B\u00e5dtype:<\/b> \u00c5ben b\u00e5d <\/p>\n<p><b>Toiletforhold:<\/b> Der er ikke toilet p\u00e5 b\u00e5den <\/p>\n<p><b>Forplejning:<\/b> Kaffe og te serveres p\u00e5 b\u00e5den<\/p>\n","protected":false},"excerpt":{"rendered":"<p>Oplev de enorme, betagende og imponerende isbjerge ved Ilulissat Isfjord<\/p>\n","protected":false},"featured_media":61181,"comment_status":"open","ping_status":"closed","template":"","meta":{"_acf_changed":false},"product_brand":[],"product_cat":[101,170],"product_tag":[],"class_list":{"0":"post-61478","1":"product","2":"type-product","3":"status-publish","4":"has-post-thumbnail","6":"product_cat-tour","7":"product_cat-udflugt","8":"pa_dato-6020","9":"pa_dato-5949","10":"pa_dato-5974","11":"pa_dato-5965","12":"pa_dato-5975","13":"pa_dato-5976","14":"pa_dato-5880","15":"pa_dato-6058","16":"pa_dato-6059","17":"pa_dato-5937","18":"pa_dato-5964","19":"pa_dato-6067","20":"pa_dato-6023","21":"pa_dato-5931","22":"pa_dato-5926","23":"pa_dato-6006","24":"pa_dato-5955","25":"pa_dato-6062","26":"pa_dato-5930","27":"pa_dato-6025","28":"pa_dato-5883","29":"pa_dato-5928","30":"pa_dato-5888","31":"pa_dato-5924","32":"pa_dato-5889","33":"pa_dato-5958","34":"pa_dato-5938","35":"pa_dato-5963","36":"pa_dato-5956","37":"pa_dato-5980","38":"pa_dato-5977","39":"pa_dato-5961","40":"pa_dato-6060","41":"pa_dato-5939","42":"pa_dato-6026","43":"pa_dato-5990","44":"pa_dato-5940","45":"pa_dato-6027","46":"pa_dato-5957","47":"pa_dato-6074","48":"pa_dato-6081","49":"pa_dato-5942","50":"pa_dato-5943","51":"pa_dato-6078","52":"pa_dato-5982","53":"pa_dato-6028","54":"pa_dato-6094","55":"pa_dato-5992","56":"pa_dato-6091","57":"pa_dato-6148","58":"pa_dato-6080","59":"pa_dato-6106","60":"pa_dato-6411","61":"pa_dato-6156","62":"pa_dato-6277","63":"pa_dato-6278","64":"pa_dato-6279","65":"pa_dato-6419","66":"pa_dato-6421","67":"pa_tidspunkt-177","68":"pa_tidspunkt-229","69":"pa_tidspunkt-314","70":"pa_tidspunkt-308","71":"pa_tidspunkt-27","72":"pa_tidspunkt-426","73":"pa_tidspunkt-255","74":"pa_tidspunkt-828","75":"pa_tidspunkt-86","76":"pa_tidspunkt-80","77":"pa_tidspunkt-231","78":"pa_tidspunkt-463","79":"pa_tidspunkt-820","80":"tour_location-ilulissat-da","81":"tour_type-baadture","82":"tour_tickettype-arctic_excursions","83":"tour_operator-greenlandseasafarioutlook-com","85":"first","86":"instock","87":"shipping-taxable","88":"purchasable","89":"product-type-variable"},"acf":[],"yoast_head":"<!-- This site is optimized with the Yoast SEO plugin v23.6 - https:\/\/yoast.com\/wordpress\/plugins\/seo\/ -->\n<title>Arctic Excursions<\/title>\n<meta name=\"robots\" content=\"index, follow, max-snippet:-1, max-image-preview:large, max-video-preview:-1\" \/>\n<link rel=\"canonical\" href=\"https:\/\/arcticexcursions.com\/udflugter\/icefjord-sailing-daytime-midnight-tour\/\" \/>\n<meta property=\"og:locale\" content=\"da_DK\" \/>\n<meta property=\"og:type\" content=\"article\" \/>\n<meta property=\"og:title\" content=\"Isfjord-Sejlads \u2013 Dag- &amp; Midnats-ture - Arctic Excursions\" \/>\n<meta property=\"og:description\" content=\"Oplev de enorme, betagende og imponerende isbjerge ved Ilulissat Isfjord\" \/>\n<meta property=\"og:url\" content=\"https:\/\/arcticexcursions.com\/udflugter\/icefjord-sailing-daytime-midnight-tour\/\" \/>\n<meta property=\"og:site_name\" content=\"Arctic Excursions\" \/>\n<meta property=\"article:modified_time\" content=\"2026-02-02T13:09:37+00:00\" \/>\n<meta name=\"twitter:card\" content=\"summary_large_image\" \/>\n<meta name=\"twitter:label1\" content=\"Estimeret l\u00e6setid\" \/>\n\t<meta name=\"twitter:data1\" content=\"1 minut\" \/>\n<script type=\"application\/ld+json\" class=\"yoast-schema-graph\">{\"@context\":\"https:\/\/schema.org\",\"@graph\":[{\"@type\":\"WebPage\",\"@id\":\"https:\/\/arcticexcursions.com\/udflugter\/icefjord-sailing-daytime-midnight-tour\/\",\"url\":\"https:\/\/arcticexcursions.com\/udflugter\/icefjord-sailing-daytime-midnight-tour\/\",\"name\":\"Isfjord-Sejlads \u2013 Dag- &amp; Midnats-ture - Arctic Excursions\",\"isPartOf\":{\"@id\":\"https:\/\/arcticexcursions.com\/#website\"},\"primaryImageOfPage\":{\"@id\":\"https:\/\/arcticexcursions.com\/udflugter\/icefjord-sailing-daytime-midnight-tour\/#primaryimage\"},\"image\":{\"@id\":\"https:\/\/arcticexcursions.com\/udflugter\/icefjord-sailing-daytime-midnight-tour\/#primaryimage\"},\"thumbnailUrl\":\"https:\/\/arcticexcursions.com\/wp-content\/uploads\/2025\/07\/a90bfb37-e580-4303-9191-6573e262f337-7.avif\",\"datePublished\":\"2025-07-06T14:00:36+00:00\",\"dateModified\":\"2026-02-02T13:09:37+00:00\",\"breadcrumb\":{\"@id\":\"https:\/\/arcticexcursions.com\/udflugter\/icefjord-sailing-daytime-midnight-tour\/#breadcrumb\"},\"inLanguage\":\"da-DK\",\"potentialAction\":[{\"@type\":\"ReadAction\",\"target\":[\"https:\/\/arcticexcursions.com\/udflugter\/icefjord-sailing-daytime-midnight-tour\/\"]}]},{\"@type\":\"ImageObject\",\"inLanguage\":\"da-DK\",\"@id\":\"https:\/\/arcticexcursions.com\/udflugter\/icefjord-sailing-daytime-midnight-tour\/#primaryimage\",\"url\":\"https:\/\/arcticexcursions.com\/wp-content\/uploads\/2025\/07\/a90bfb37-e580-4303-9191-6573e262f337-7.avif\",\"contentUrl\":\"https:\/\/arcticexcursions.com\/wp-content\/uploads\/2025\/07\/a90bfb37-e580-4303-9191-6573e262f337-7.avif\",\"width\":300,\"height\":240},{\"@type\":\"BreadcrumbList\",\"@id\":\"https:\/\/arcticexcursions.com\/udflugter\/icefjord-sailing-daytime-midnight-tour\/#breadcrumb\",\"itemListElement\":[{\"@type\":\"ListItem\",\"position\":1,\"name\":\"Home\",\"item\":\"https:\/\/arcticexcursions.com\/da\/\"},{\"@type\":\"ListItem\",\"position\":2,\"name\":\"Udflugter i Gr\u00f8nland\",\"item\":\"https:\/\/arcticexcursions.com\/da\/udflugter\/\"},{\"@type\":\"ListItem\",\"position\":3,\"name\":\"Isfjord-Sejlads \u2013 Dag- &amp; Midnats-ture\"}]},{\"@type\":\"WebSite\",\"@id\":\"https:\/\/arcticexcursions.com\/#website\",\"url\":\"https:\/\/arcticexcursions.com\/\",\"name\":\"Arctic Excursions\",\"description\":\"New adventures. Every day.\",\"publisher\":{\"@id\":\"https:\/\/arcticexcursions.com\/#organization\"},\"potentialAction\":[{\"@type\":\"SearchAction\",\"target\":{\"@type\":\"EntryPoint\",\"urlTemplate\":\"https:\/\/arcticexcursions.com\/?s={search_term_string}\"},\"query-input\":{\"@type\":\"PropertyValueSpecification\",\"valueRequired\":true,\"valueName\":\"search_term_string\"}}],\"inLanguage\":\"da-DK\"},{\"@type\":\"Organization\",\"@id\":\"https:\/\/arcticexcursions.com\/#organization\",\"name\":\"Arctic Excursions\",\"url\":\"https:\/\/arcticexcursions.com\/\",\"logo\":{\"@type\":\"ImageObject\",\"inLanguage\":\"da-DK\",\"@id\":\"https:\/\/arcticexcursions.com\/#\/schema\/logo\/image\/\",\"url\":\"https:\/\/arcticexcursions.com\/wp-content\/uploads\/2022\/11\/fb-logo.png\",\"contentUrl\":\"https:\/\/arcticexcursions.com\/wp-content\/uploads\/2022\/11\/fb-logo.png\",\"width\":523,\"height\":523,\"caption\":\"Arctic Excursions\"},\"image\":{\"@id\":\"https:\/\/arcticexcursions.com\/#\/schema\/logo\/image\/\"}}]}<\/script>\n<!-- \/ Yoast SEO plugin. -->","yoast_head_json":{"title":"Arctic Excursions","robots":{"index":"index","follow":"follow","max-snippet":"max-snippet:-1","max-image-preview":"max-image-preview:large","max-video-preview":"max-video-preview:-1"},"canonical":"https:\/\/arcticexcursions.com\/udflugter\/icefjord-sailing-daytime-midnight-tour\/","og_locale":"da_DK","og_type":"article","og_title":"Isfjord-Sejlads \u2013 Dag- &amp; Midnats-ture - Arctic Excursions","og_description":"Oplev de enorme, betagende og imponerende isbjerge ved Ilulissat Isfjord","og_url":"https:\/\/arcticexcursions.com\/udflugter\/icefjord-sailing-daytime-midnight-tour\/","og_site_name":"Arctic Excursions","article_modified_time":"2026-02-02T13:09:37+00:00","twitter_card":"summary_large_image","twitter_misc":{"Estimeret l\u00e6setid":"1 minut"},"schema":{"@context":"https:\/\/schema.org","@graph":[{"@type":"WebPage","@id":"https:\/\/arcticexcursions.com\/udflugter\/icefjord-sailing-daytime-midnight-tour\/","url":"https:\/\/arcticexcursions.com\/udflugter\/icefjord-sailing-daytime-midnight-tour\/","name":"Isfjord-Sejlads \u2013 Dag- &amp; Midnats-ture - Arctic Excursions","isPartOf":{"@id":"https:\/\/arcticexcursions.com\/#website"},"primaryImageOfPage":{"@id":"https:\/\/arcticexcursions.com\/udflugter\/icefjord-sailing-daytime-midnight-tour\/#primaryimage"},"image":{"@id":"https:\/\/arcticexcursions.com\/udflugter\/icefjord-sailing-daytime-midnight-tour\/#primaryimage"},"thumbnailUrl":"https:\/\/arcticexcursions.com\/wp-content\/uploads\/2025\/07\/a90bfb37-e580-4303-9191-6573e262f337-7.avif","datePublished":"2025-07-06T14:00:36+00:00","dateModified":"2026-02-02T13:09:37+00:00","breadcrumb":{"@id":"https:\/\/arcticexcursions.com\/udflugter\/icefjord-sailing-daytime-midnight-tour\/#breadcrumb"},"inLanguage":"da-DK","potentialAction":[{"@type":"ReadAction","target":["https:\/\/arcticexcursions.com\/udflugter\/icefjord-sailing-daytime-midnight-tour\/"]}]},{"@type":"ImageObject","inLanguage":"da-DK","@id":"https:\/\/arcticexcursions.com\/udflugter\/icefjord-sailing-daytime-midnight-tour\/#primaryimage","url":"https:\/\/arcticexcursions.com\/wp-content\/uploads\/2025\/07\/a90bfb37-e580-4303-9191-6573e262f337-7.avif","contentUrl":"https:\/\/arcticexcursions.com\/wp-content\/uploads\/2025\/07\/a90bfb37-e580-4303-9191-6573e262f337-7.avif","width":300,"height":240},{"@type":"BreadcrumbList","@id":"https:\/\/arcticexcursions.com\/udflugter\/icefjord-sailing-daytime-midnight-tour\/#breadcrumb","itemListElement":[{"@type":"ListItem","position":1,"name":"Home","item":"https:\/\/arcticexcursions.com\/da\/"},{"@type":"ListItem","position":2,"name":"Udflugter i Gr\u00f8nland","item":"https:\/\/arcticexcursions.com\/da\/udflugter\/"},{"@type":"ListItem","position":3,"name":"Isfjord-Sejlads \u2013 Dag- &amp; Midnats-ture"}]},{"@type":"WebSite","@id":"https:\/\/arcticexcursions.com\/#website","url":"https:\/\/arcticexcursions.com\/","name":"Arctic Excursions","description":"New adventures. Every day.","publisher":{"@id":"https:\/\/arcticexcursions.com\/#organization"},"potentialAction":[{"@type":"SearchAction","target":{"@type":"EntryPoint","urlTemplate":"https:\/\/arcticexcursions.com\/?s={search_term_string}"},"query-input":{"@type":"PropertyValueSpecification","valueRequired":true,"valueName":"search_term_string"}}],"inLanguage":"da-DK"},{"@type":"Organization","@id":"https:\/\/arcticexcursions.com\/#organization","name":"Arctic Excursions","url":"https:\/\/arcticexcursions.com\/","logo":{"@type":"ImageObject","inLanguage":"da-DK","@id":"https:\/\/arcticexcursions.com\/#\/schema\/logo\/image\/","url":"https:\/\/arcticexcursions.com\/wp-content\/uploads\/2022\/11\/fb-logo.png","contentUrl":"https:\/\/arcticexcursions.com\/wp-content\/uploads\/2022\/11\/fb-logo.png","width":523,"height":523,"caption":"Arctic Excursions"},"image":{"@id":"https:\/\/arcticexcursions.com\/#\/schema\/logo\/image\/"}}]}},"_links":{"self":[{"href":"https:\/\/arcticexcursions.com\/da\/wp-json\/wp\/v2\/product\/61478"}],"collection":[{"href":"https:\/\/arcticexcursions.com\/da\/wp-json\/wp\/v2\/product"}],"about":[{"href":"https:\/\/arcticexcursions.com\/da\/wp-json\/wp\/v2\/types\/product"}],"replies":[{"embeddable":true,"href":"https:\/\/arcticexcursions.com\/da\/wp-json\/wp\/v2\/comments?post=61478"}],"wp:featuredmedia":[{"embeddable":true,"href":"https:\/\/arcticexcursions.com\/da\/wp-json\/wp\/v2\/media\/61181"}],"wp:attachment":[{"href":"https:\/\/arcticexcursions.com\/da\/wp-json\/wp\/v2\/media?parent=61478"}],"wp:term":[{"taxonomy":"product_brand","embeddable":true,"href":"https:\/\/arcticexcursions.com\/da\/wp-json\/wp\/v2\/product_brand?post=61478"},{"taxonomy":"product_cat","embeddable":true,"href":"https:\/\/arcticexcursions.com\/da\/wp-json\/wp\/v2\/product_cat?post=61478"},{"taxonomy":"product_tag","embeddable":true,"href":"https:\/\/arcticexcursions.com\/da\/wp-json\/wp\/v2\/product_tag?post=61478"}],"curies":[{"name":"wp","href":"https:\/\/api.w.org\/{rel}","templated":true}]}}