{"id":61479,"date":"2025-07-06T23:05:54","date_gmt":"2025-07-06T21:05:54","guid":{"rendered":"https:\/\/arcticexcursions.com\/?post_type=product&#038;p=61479"},"modified":"2026-02-02T15:08:40","modified_gmt":"2026-02-02T13:08:40","slug":"fishing-tour","status":"publish","type":"product","link":"https:\/\/arcticexcursions.com\/da\/udflugter\/fishing-tour\/","title":{"rendered":"Fisketur"},"content":{"rendered":"<p><b>Pr\u00f8v at fiske som de lokale<\/b><br \/>\nFiskeri er hovedbesk\u00e6ftigelsen i Ilulissat, is\u00e6r med fokus p\u00e5 den delikate hellefisk og rejer. Men omr\u00e5det byder p\u00e5 meget mere end hellefisk. Diskobugten er kendt for sine rene fisk og skaldyr \u2013 og vi pr\u00f8ver lykken efter b\u00e5de torsk, havkat og r\u00f8dfisk.<br \/>\nFor at sikre en autentisk oplevelse sejler vi i en \u00e5ben b\u00e5d. Vi benytter forskellige fiskemetoder s\u00e5som traditionel pilk og &#8216;snelle&#8217;. Fangsterne kan variere fra dag til dag &amp; du kan beholde din fangst.<\/p>\n<p><b>Det f\u00e5r du<\/b><br \/>\nFisketuren varer cirka 2 timer og 30 minutter.<br \/>\nMed Greenland Sea Safari er du garanteret en personlig og unik oplevelse i en lille gruppe ombord p\u00e5 vores 7-personers b\u00e5d, t\u00e6t p\u00e5 b\u00e5de vandet og isen.<\/p>\n<p><b>Medbring<\/b><br \/>\nHusk varmt t\u00f8j, handsker og hue \u2013 det er koldt p\u00e5 Isfjorden, selv om sommeren.<br \/>\nDu er meget velkommen til at tage egen mad eller drikkevarer med ombord \u2013 vi samler gerne is op fra gletsjeren, hvis det \u00f8nskes!<\/p>\n<p><b>Bem\u00e6rk<\/b><br \/>\nMinimum 2 deltagere for at gennemf\u00f8re turen.<\/p>\n<p><b>Sprog:<\/b> Guiden\/kaptajnen taler dansk, engelsk.<\/p>\n<p><b>B\u00e5dtype:<\/b> \u00c5ben b\u00e5d <\/p>\n<p><b>Toiletforhold:<\/b> Der er ikke toilet p\u00e5 b\u00e5den <\/p>\n<p><b>Forplejning:<\/b> Kaffe og te serveres p\u00e5 b\u00e5den <\/p>\n<p><b>Anbefalet p\u00e5kl\u00e6dning:<\/b> Varmt t\u00f8j inkl. hue og handsker hele \u00e5ret. Solbriller. Solcreme om sommeren.<\/p>\n","protected":false},"excerpt":{"rendered":"<p>Pr\u00f8v at fiske som de lokale<\/p>\n","protected":false},"featured_media":61357,"comment_status":"open","ping_status":"closed","template":"","meta":{"_acf_changed":false},"product_brand":[],"product_cat":[101,170],"product_tag":[],"class_list":{"0":"post-61479","1":"product","2":"type-product","3":"status-publish","4":"has-post-thumbnail","6":"product_cat-tour","7":"product_cat-udflugt","8":"pa_dato-5933","9":"pa_dato-6156","10":"pa_dato-6277","11":"pa_dato-6278","12":"pa_dato-6279","13":"pa_tidspunkt-38","14":"pa_tidspunkt-61","15":"tour_location-ilulissat-da","16":"tour_type-baadture","17":"tour_state-allowed_prebooking","18":"tour_tickettype-arctic_excursions","19":"tour_operator-greenlandseasafarioutlook-com","21":"first","22":"outofstock","23":"shipping-taxable","24":"product-type-variable"},"acf":[],"yoast_head":"<!-- This site is optimized with the Yoast SEO plugin v23.6 - https:\/\/yoast.com\/wordpress\/plugins\/seo\/ -->\n<title>Arctic Excursions<\/title>\n<meta name=\"robots\" content=\"index, follow, max-snippet:-1, max-image-preview:large, max-video-preview:-1\" \/>\n<link rel=\"canonical\" href=\"https:\/\/arcticexcursions.com\/udflugter\/fishing-tour\/\" \/>\n<meta property=\"og:locale\" content=\"da_DK\" \/>\n<meta property=\"og:type\" content=\"article\" \/>\n<meta property=\"og:title\" content=\"Fisketur - Arctic Excursions\" \/>\n<meta property=\"og:description\" content=\"Pr\u00f8v at fiske som de lokale\" \/>\n<meta property=\"og:url\" content=\"https:\/\/arcticexcursions.com\/udflugter\/fishing-tour\/\" \/>\n<meta property=\"og:site_name\" content=\"Arctic Excursions\" \/>\n<meta property=\"article:modified_time\" content=\"2026-02-02T13:08:40+00:00\" \/>\n<meta name=\"twitter:card\" content=\"summary_large_image\" \/>\n<meta name=\"twitter:label1\" content=\"Estimeret l\u00e6setid\" \/>\n\t<meta name=\"twitter:data1\" content=\"1 minut\" \/>\n<script type=\"application\/ld+json\" class=\"yoast-schema-graph\">{\"@context\":\"https:\/\/schema.org\",\"@graph\":[{\"@type\":\"WebPage\",\"@id\":\"https:\/\/arcticexcursions.com\/udflugter\/fishing-tour\/\",\"url\":\"https:\/\/arcticexcursions.com\/udflugter\/fishing-tour\/\",\"name\":\"Fisketur - Arctic Excursions\",\"isPartOf\":{\"@id\":\"https:\/\/arcticexcursions.com\/#website\"},\"primaryImageOfPage\":{\"@id\":\"https:\/\/arcticexcursions.com\/udflugter\/fishing-tour\/#primaryimage\"},\"image\":{\"@id\":\"https:\/\/arcticexcursions.com\/udflugter\/fishing-tour\/#primaryimage\"},\"thumbnailUrl\":\"https:\/\/arcticexcursions.com\/wp-content\/uploads\/2025\/07\/4de77bae-6c7a-4039-8c5c-a7ebd8f532d9.avif\",\"datePublished\":\"2025-07-06T21:05:54+00:00\",\"dateModified\":\"2026-02-02T13:08:40+00:00\",\"breadcrumb\":{\"@id\":\"https:\/\/arcticexcursions.com\/udflugter\/fishing-tour\/#breadcrumb\"},\"inLanguage\":\"da-DK\",\"potentialAction\":[{\"@type\":\"ReadAction\",\"target\":[\"https:\/\/arcticexcursions.com\/udflugter\/fishing-tour\/\"]}]},{\"@type\":\"ImageObject\",\"inLanguage\":\"da-DK\",\"@id\":\"https:\/\/arcticexcursions.com\/udflugter\/fishing-tour\/#primaryimage\",\"url\":\"https:\/\/arcticexcursions.com\/wp-content\/uploads\/2025\/07\/4de77bae-6c7a-4039-8c5c-a7ebd8f532d9.avif\",\"contentUrl\":\"https:\/\/arcticexcursions.com\/wp-content\/uploads\/2025\/07\/4de77bae-6c7a-4039-8c5c-a7ebd8f532d9.avif\",\"width\":300,\"height\":240},{\"@type\":\"BreadcrumbList\",\"@id\":\"https:\/\/arcticexcursions.com\/udflugter\/fishing-tour\/#breadcrumb\",\"itemListElement\":[{\"@type\":\"ListItem\",\"position\":1,\"name\":\"Home\",\"item\":\"https:\/\/arcticexcursions.com\/da\/\"},{\"@type\":\"ListItem\",\"position\":2,\"name\":\"Udflugter i Gr\u00f8nland\",\"item\":\"https:\/\/arcticexcursions.com\/da\/udflugter\/\"},{\"@type\":\"ListItem\",\"position\":3,\"name\":\"Fisketur\"}]},{\"@type\":\"WebSite\",\"@id\":\"https:\/\/arcticexcursions.com\/#website\",\"url\":\"https:\/\/arcticexcursions.com\/\",\"name\":\"Arctic Excursions\",\"description\":\"New adventures. Every day.\",\"publisher\":{\"@id\":\"https:\/\/arcticexcursions.com\/#organization\"},\"potentialAction\":[{\"@type\":\"SearchAction\",\"target\":{\"@type\":\"EntryPoint\",\"urlTemplate\":\"https:\/\/arcticexcursions.com\/?s={search_term_string}\"},\"query-input\":{\"@type\":\"PropertyValueSpecification\",\"valueRequired\":true,\"valueName\":\"search_term_string\"}}],\"inLanguage\":\"da-DK\"},{\"@type\":\"Organization\",\"@id\":\"https:\/\/arcticexcursions.com\/#organization\",\"name\":\"Arctic Excursions\",\"url\":\"https:\/\/arcticexcursions.com\/\",\"logo\":{\"@type\":\"ImageObject\",\"inLanguage\":\"da-DK\",\"@id\":\"https:\/\/arcticexcursions.com\/#\/schema\/logo\/image\/\",\"url\":\"https:\/\/arcticexcursions.com\/wp-content\/uploads\/2022\/11\/fb-logo.png\",\"contentUrl\":\"https:\/\/arcticexcursions.com\/wp-content\/uploads\/2022\/11\/fb-logo.png\",\"width\":523,\"height\":523,\"caption\":\"Arctic Excursions\"},\"image\":{\"@id\":\"https:\/\/arcticexcursions.com\/#\/schema\/logo\/image\/\"}}]}<\/script>\n<!-- \/ Yoast SEO plugin. -->","yoast_head_json":{"title":"Arctic Excursions","robots":{"index":"index","follow":"follow","max-snippet":"max-snippet:-1","max-image-preview":"max-image-preview:large","max-video-preview":"max-video-preview:-1"},"canonical":"https:\/\/arcticexcursions.com\/udflugter\/fishing-tour\/","og_locale":"da_DK","og_type":"article","og_title":"Fisketur - Arctic Excursions","og_description":"Pr\u00f8v at fiske som de lokale","og_url":"https:\/\/arcticexcursions.com\/udflugter\/fishing-tour\/","og_site_name":"Arctic Excursions","article_modified_time":"2026-02-02T13:08:40+00:00","twitter_card":"summary_large_image","twitter_misc":{"Estimeret l\u00e6setid":"1 minut"},"schema":{"@context":"https:\/\/schema.org","@graph":[{"@type":"WebPage","@id":"https:\/\/arcticexcursions.com\/udflugter\/fishing-tour\/","url":"https:\/\/arcticexcursions.com\/udflugter\/fishing-tour\/","name":"Fisketur - Arctic Excursions","isPartOf":{"@id":"https:\/\/arcticexcursions.com\/#website"},"primaryImageOfPage":{"@id":"https:\/\/arcticexcursions.com\/udflugter\/fishing-tour\/#primaryimage"},"image":{"@id":"https:\/\/arcticexcursions.com\/udflugter\/fishing-tour\/#primaryimage"},"thumbnailUrl":"https:\/\/arcticexcursions.com\/wp-content\/uploads\/2025\/07\/4de77bae-6c7a-4039-8c5c-a7ebd8f532d9.avif","datePublished":"2025-07-06T21:05:54+00:00","dateModified":"2026-02-02T13:08:40+00:00","breadcrumb":{"@id":"https:\/\/arcticexcursions.com\/udflugter\/fishing-tour\/#breadcrumb"},"inLanguage":"da-DK","potentialAction":[{"@type":"ReadAction","target":["https:\/\/arcticexcursions.com\/udflugter\/fishing-tour\/"]}]},{"@type":"ImageObject","inLanguage":"da-DK","@id":"https:\/\/arcticexcursions.com\/udflugter\/fishing-tour\/#primaryimage","url":"https:\/\/arcticexcursions.com\/wp-content\/uploads\/2025\/07\/4de77bae-6c7a-4039-8c5c-a7ebd8f532d9.avif","contentUrl":"https:\/\/arcticexcursions.com\/wp-content\/uploads\/2025\/07\/4de77bae-6c7a-4039-8c5c-a7ebd8f532d9.avif","width":300,"height":240},{"@type":"BreadcrumbList","@id":"https:\/\/arcticexcursions.com\/udflugter\/fishing-tour\/#breadcrumb","itemListElement":[{"@type":"ListItem","position":1,"name":"Home","item":"https:\/\/arcticexcursions.com\/da\/"},{"@type":"ListItem","position":2,"name":"Udflugter i Gr\u00f8nland","item":"https:\/\/arcticexcursions.com\/da\/udflugter\/"},{"@type":"ListItem","position":3,"name":"Fisketur"}]},{"@type":"WebSite","@id":"https:\/\/arcticexcursions.com\/#website","url":"https:\/\/arcticexcursions.com\/","name":"Arctic Excursions","description":"New adventures. Every day.","publisher":{"@id":"https:\/\/arcticexcursions.com\/#organization"},"potentialAction":[{"@type":"SearchAction","target":{"@type":"EntryPoint","urlTemplate":"https:\/\/arcticexcursions.com\/?s={search_term_string}"},"query-input":{"@type":"PropertyValueSpecification","valueRequired":true,"valueName":"search_term_string"}}],"inLanguage":"da-DK"},{"@type":"Organization","@id":"https:\/\/arcticexcursions.com\/#organization","name":"Arctic Excursions","url":"https:\/\/arcticexcursions.com\/","logo":{"@type":"ImageObject","inLanguage":"da-DK","@id":"https:\/\/arcticexcursions.com\/#\/schema\/logo\/image\/","url":"https:\/\/arcticexcursions.com\/wp-content\/uploads\/2022\/11\/fb-logo.png","contentUrl":"https:\/\/arcticexcursions.com\/wp-content\/uploads\/2022\/11\/fb-logo.png","width":523,"height":523,"caption":"Arctic Excursions"},"image":{"@id":"https:\/\/arcticexcursions.com\/#\/schema\/logo\/image\/"}}]}},"_links":{"self":[{"href":"https:\/\/arcticexcursions.com\/da\/wp-json\/wp\/v2\/product\/61479"}],"collection":[{"href":"https:\/\/arcticexcursions.com\/da\/wp-json\/wp\/v2\/product"}],"about":[{"href":"https:\/\/arcticexcursions.com\/da\/wp-json\/wp\/v2\/types\/product"}],"replies":[{"embeddable":true,"href":"https:\/\/arcticexcursions.com\/da\/wp-json\/wp\/v2\/comments?post=61479"}],"wp:featuredmedia":[{"embeddable":true,"href":"https:\/\/arcticexcursions.com\/da\/wp-json\/wp\/v2\/media\/61357"}],"wp:attachment":[{"href":"https:\/\/arcticexcursions.com\/da\/wp-json\/wp\/v2\/media?parent=61479"}],"wp:term":[{"taxonomy":"product_brand","embeddable":true,"href":"https:\/\/arcticexcursions.com\/da\/wp-json\/wp\/v2\/product_brand?post=61479"},{"taxonomy":"product_cat","embeddable":true,"href":"https:\/\/arcticexcursions.com\/da\/wp-json\/wp\/v2\/product_cat?post=61479"},{"taxonomy":"product_tag","embeddable":true,"href":"https:\/\/arcticexcursions.com\/da\/wp-json\/wp\/v2\/product_tag?post=61479"}],"curies":[{"name":"wp","href":"https:\/\/api.w.org\/{rel}","templated":true}]}}