{"id":61482,"date":"2025-07-07T00:13:27","date_gmt":"2025-07-06T22:13:27","guid":{"rendered":"https:\/\/arcticexcursions.com\/?post_type=product&#038;p=61482"},"modified":"2026-03-20T02:16:33","modified_gmt":"2026-03-20T00:16:33","slug":"boat-shuttle-between-ilulissat-and-oqaatsut","status":"publish","type":"product","link":"https:\/\/arcticexcursions.com\/da\/udflugter\/boat-shuttle-between-ilulissat-and-oqaatsut\/","title":{"rendered":"B\u00e5d-shuttle mellem Ilulissat og Oqaatsut"},"content":{"rendered":"<p><b>B\u00e5dtransfer mellem Ilulissat og Oqaatsut<\/b><br \/>\nHvis du har brug for hurtig og nem transport mellem Ilulissat &#038; Oqaatsut, er vores b\u00e5dtransfer det ideelle valg. Sejlturen til\/fra Oqaatsut tager cirka 30 minutter, men vi har afsat 1 time til din tur.<\/p>\n<p>Mange bes\u00f8ger Oqaatsut for at opleve hverdagslivet i en afsides bygd, hvor jagt og fiskeri er de prim\u00e6re erhverv. Der findes ogs\u00e5 en ber\u00f8mt vandrerute mellem Ilulissat og Oqaatsut, kendt som \u201cDen Gamle Postrute\u201d.<\/p>\n<p>Er du til vandreture, er dette et must! Ruten er markeret med orange prikker \ud83d\udfe0 og er cirka 20 kilometer lang (12,5 miles) og kan gennemf\u00f8res p\u00e5 6-7 timer hver vej. Med vores transfer kan du starte din vandretur tilbage fra Oqaatsut om morgenen.<\/p>\n<p>N\u00e5r du booker, skal du sikre dig, hvilken retning du booker\/rejser (FRA Ilulissat TIL Oqaatsut eller FRA Oqaatsut TIL Ilulissat).<\/p>\n<p><b>Dette f\u00e5r du<\/b><br \/>\nB\u00e5d-transferen mellem Ilulissat og Oqaatsut tager cirka 1 time.<br \/>\nMed Greenland Sea Safari er du garanteret en personlig og unik oplevelse i sm\u00e5 grupper ombord p\u00e5 vores 7-personers b\u00e5d, t\u00e6t p\u00e5 vandet og isen.<\/p>\n<p><b>Det skal du medbringe<\/b><br \/>\nHusk varmt t\u00f8j, handsker og hue \u2013 det er koldt i Diskobugten, selv om sommeren.<br \/>\nDu er mere end velkommen til at medbringe egen mad eller drikkevarer p\u00e5 turen \u2013 vi samler gerne op p\u00e5 gletsjeris, hvis der er behov!<\/p>\n<p><b>Bem\u00e6rk venligst<\/b><br \/>\nMinimum 2 deltagere for at gennemf\u00f8re turen.<\/p>\n<p><b>Sprog:<\/b> Guiden\/kaptajnen taler dansk, engelsk.<\/p>\n<p><b>B\u00e5dtype:<\/b> \u00c5ben\/lukket b\u00e5d <\/p>\n<p><b>Toiletforhold:<\/b> Der er ikke toilet p\u00e5 b\u00e5den <\/p>\n<p><b>Forplejning:<\/b> Kaffe og te serveres p\u00e5 b\u00e5den <\/p>\n<p><b>Anbefalet p\u00e5kl\u00e6dning:<\/b> Varmt t\u00f8j inkl. hue og handsker hele \u00e5ret. Solbriller. Solcreme om sommeren.<\/p>\n","protected":false},"excerpt":{"rendered":"<p>Hurtig og nem transport mellem Ilulissat og Oqaatsut<\/p>\n","protected":false},"featured_media":61373,"comment_status":"open","ping_status":"closed","template":"","meta":{"_acf_changed":false},"product_brand":[],"product_cat":[101,170],"product_tag":[],"class_list":{"0":"post-61482","1":"product","2":"type-product","3":"status-publish","4":"has-post-thumbnail","6":"product_cat-tour","7":"product_cat-udflugt","8":"pa_dato-5974","9":"pa_dato-6000","10":"pa_dato-6087","11":"pa_dato-6067","12":"pa_dato-5931","13":"pa_dato-5926","14":"pa_dato-6006","15":"pa_dato-5928","16":"pa_dato-5889","17":"pa_dato-5958","18":"pa_dato-5938","19":"pa_dato-5963","20":"pa_dato-5961","21":"pa_dato-5978","22":"pa_dato-6026","23":"pa_dato-5940","24":"pa_dato-5941","25":"pa_dato-5943","26":"pa_dato-6078","27":"pa_dato-6094","28":"pa_dato-5992","29":"pa_dato-6091","30":"pa_dato-6073","31":"pa_dato-6394","32":"pa_dato-6156","33":"pa_dato-6277","34":"pa_dato-6497","35":"pa_dato-6278","36":"pa_dato-6279","37":"pa_dato-6329","38":"pa_tidspunkt-70","39":"pa_tidspunkt-35","40":"pa_tidspunkt-72","41":"pa_tidspunkt-38","42":"pa_tidspunkt-304","43":"pa_tidspunkt-770","44":"pa_tidspunkt-255","45":"pa_tidspunkt-86","46":"tour_location-ilulissat-da","47":"tour_type-baadture","48":"tour_tickettype-arctic_excursions","49":"tour_operator-greenlandseasafarioutlook-com","51":"first","52":"instock","53":"shipping-taxable","54":"purchasable","55":"product-type-variable"},"acf":[],"yoast_head":"<!-- This site is optimized with the Yoast SEO plugin v23.6 - https:\/\/yoast.com\/wordpress\/plugins\/seo\/ -->\n<title>Arctic Excursions<\/title>\n<meta name=\"robots\" content=\"index, follow, max-snippet:-1, max-image-preview:large, max-video-preview:-1\" \/>\n<link rel=\"canonical\" href=\"https:\/\/arcticexcursions.com\/da\/udflugter\/boat-shuttle-between-ilulissat-and-oqaatsut\/\" \/>\n<meta property=\"og:locale\" content=\"da_DK\" \/>\n<meta property=\"og:type\" content=\"article\" \/>\n<meta property=\"og:title\" content=\"B\u00e5d-shuttle mellem Ilulissat og Oqaatsut - Arctic Excursions\" \/>\n<meta property=\"og:description\" content=\"Hurtig og nem transport mellem Ilulissat og Oqaatsut\" \/>\n<meta property=\"og:url\" content=\"https:\/\/arcticexcursions.com\/da\/udflugter\/boat-shuttle-between-ilulissat-and-oqaatsut\/\" \/>\n<meta property=\"og:site_name\" content=\"Arctic Excursions\" \/>\n<meta property=\"article:modified_time\" content=\"2026-03-20T00:16:33+00:00\" \/>\n<meta name=\"twitter:card\" content=\"summary_large_image\" \/>\n<meta name=\"twitter:label1\" content=\"Estimeret l\u00e6setid\" \/>\n\t<meta name=\"twitter:data1\" content=\"1 minut\" \/>\n<script type=\"application\/ld+json\" class=\"yoast-schema-graph\">{\"@context\":\"https:\/\/schema.org\",\"@graph\":[{\"@type\":\"WebPage\",\"@id\":\"https:\/\/arcticexcursions.com\/da\/udflugter\/boat-shuttle-between-ilulissat-and-oqaatsut\/\",\"url\":\"https:\/\/arcticexcursions.com\/da\/udflugter\/boat-shuttle-between-ilulissat-and-oqaatsut\/\",\"name\":\"B\u00e5d-shuttle mellem Ilulissat og Oqaatsut - Arctic Excursions\",\"isPartOf\":{\"@id\":\"https:\/\/arcticexcursions.com\/#website\"},\"primaryImageOfPage\":{\"@id\":\"https:\/\/arcticexcursions.com\/da\/udflugter\/boat-shuttle-between-ilulissat-and-oqaatsut\/#primaryimage\"},\"image\":{\"@id\":\"https:\/\/arcticexcursions.com\/da\/udflugter\/boat-shuttle-between-ilulissat-and-oqaatsut\/#primaryimage\"},\"thumbnailUrl\":\"https:\/\/arcticexcursions.com\/wp-content\/uploads\/2025\/07\/07d082b0-4bb5-4192-aec3-a770103433da.avif\",\"datePublished\":\"2025-07-06T22:13:27+00:00\",\"dateModified\":\"2026-03-20T00:16:33+00:00\",\"breadcrumb\":{\"@id\":\"https:\/\/arcticexcursions.com\/da\/udflugter\/boat-shuttle-between-ilulissat-and-oqaatsut\/#breadcrumb\"},\"inLanguage\":\"da-DK\",\"potentialAction\":[{\"@type\":\"ReadAction\",\"target\":[\"https:\/\/arcticexcursions.com\/da\/udflugter\/boat-shuttle-between-ilulissat-and-oqaatsut\/\"]}]},{\"@type\":\"ImageObject\",\"inLanguage\":\"da-DK\",\"@id\":\"https:\/\/arcticexcursions.com\/da\/udflugter\/boat-shuttle-between-ilulissat-and-oqaatsut\/#primaryimage\",\"url\":\"https:\/\/arcticexcursions.com\/wp-content\/uploads\/2025\/07\/07d082b0-4bb5-4192-aec3-a770103433da.avif\",\"contentUrl\":\"https:\/\/arcticexcursions.com\/wp-content\/uploads\/2025\/07\/07d082b0-4bb5-4192-aec3-a770103433da.avif\",\"width\":300,\"height\":240},{\"@type\":\"BreadcrumbList\",\"@id\":\"https:\/\/arcticexcursions.com\/da\/udflugter\/boat-shuttle-between-ilulissat-and-oqaatsut\/#breadcrumb\",\"itemListElement\":[{\"@type\":\"ListItem\",\"position\":1,\"name\":\"Home\",\"item\":\"https:\/\/arcticexcursions.com\/da\/\"},{\"@type\":\"ListItem\",\"position\":2,\"name\":\"Udflugter i Gr\u00f8nland\",\"item\":\"https:\/\/arcticexcursions.com\/da\/udflugter\/\"},{\"@type\":\"ListItem\",\"position\":3,\"name\":\"B\u00e5d-shuttle mellem Ilulissat og Oqaatsut\"}]},{\"@type\":\"WebSite\",\"@id\":\"https:\/\/arcticexcursions.com\/#website\",\"url\":\"https:\/\/arcticexcursions.com\/\",\"name\":\"Arctic Excursions\",\"description\":\"New adventures. Every day.\",\"publisher\":{\"@id\":\"https:\/\/arcticexcursions.com\/#organization\"},\"potentialAction\":[{\"@type\":\"SearchAction\",\"target\":{\"@type\":\"EntryPoint\",\"urlTemplate\":\"https:\/\/arcticexcursions.com\/?s={search_term_string}\"},\"query-input\":{\"@type\":\"PropertyValueSpecification\",\"valueRequired\":true,\"valueName\":\"search_term_string\"}}],\"inLanguage\":\"da-DK\"},{\"@type\":\"Organization\",\"@id\":\"https:\/\/arcticexcursions.com\/#organization\",\"name\":\"Arctic Excursions\",\"url\":\"https:\/\/arcticexcursions.com\/\",\"logo\":{\"@type\":\"ImageObject\",\"inLanguage\":\"da-DK\",\"@id\":\"https:\/\/arcticexcursions.com\/#\/schema\/logo\/image\/\",\"url\":\"https:\/\/arcticexcursions.com\/wp-content\/uploads\/2022\/11\/fb-logo.png\",\"contentUrl\":\"https:\/\/arcticexcursions.com\/wp-content\/uploads\/2022\/11\/fb-logo.png\",\"width\":523,\"height\":523,\"caption\":\"Arctic Excursions\"},\"image\":{\"@id\":\"https:\/\/arcticexcursions.com\/#\/schema\/logo\/image\/\"}}]}<\/script>\n<!-- \/ Yoast SEO plugin. -->","yoast_head_json":{"title":"Arctic Excursions","robots":{"index":"index","follow":"follow","max-snippet":"max-snippet:-1","max-image-preview":"max-image-preview:large","max-video-preview":"max-video-preview:-1"},"canonical":"https:\/\/arcticexcursions.com\/da\/udflugter\/boat-shuttle-between-ilulissat-and-oqaatsut\/","og_locale":"da_DK","og_type":"article","og_title":"B\u00e5d-shuttle mellem Ilulissat og Oqaatsut - Arctic Excursions","og_description":"Hurtig og nem transport mellem Ilulissat og Oqaatsut","og_url":"https:\/\/arcticexcursions.com\/da\/udflugter\/boat-shuttle-between-ilulissat-and-oqaatsut\/","og_site_name":"Arctic Excursions","article_modified_time":"2026-03-20T00:16:33+00:00","twitter_card":"summary_large_image","twitter_misc":{"Estimeret l\u00e6setid":"1 minut"},"schema":{"@context":"https:\/\/schema.org","@graph":[{"@type":"WebPage","@id":"https:\/\/arcticexcursions.com\/da\/udflugter\/boat-shuttle-between-ilulissat-and-oqaatsut\/","url":"https:\/\/arcticexcursions.com\/da\/udflugter\/boat-shuttle-between-ilulissat-and-oqaatsut\/","name":"B\u00e5d-shuttle mellem Ilulissat og Oqaatsut - Arctic Excursions","isPartOf":{"@id":"https:\/\/arcticexcursions.com\/#website"},"primaryImageOfPage":{"@id":"https:\/\/arcticexcursions.com\/da\/udflugter\/boat-shuttle-between-ilulissat-and-oqaatsut\/#primaryimage"},"image":{"@id":"https:\/\/arcticexcursions.com\/da\/udflugter\/boat-shuttle-between-ilulissat-and-oqaatsut\/#primaryimage"},"thumbnailUrl":"https:\/\/arcticexcursions.com\/wp-content\/uploads\/2025\/07\/07d082b0-4bb5-4192-aec3-a770103433da.avif","datePublished":"2025-07-06T22:13:27+00:00","dateModified":"2026-03-20T00:16:33+00:00","breadcrumb":{"@id":"https:\/\/arcticexcursions.com\/da\/udflugter\/boat-shuttle-between-ilulissat-and-oqaatsut\/#breadcrumb"},"inLanguage":"da-DK","potentialAction":[{"@type":"ReadAction","target":["https:\/\/arcticexcursions.com\/da\/udflugter\/boat-shuttle-between-ilulissat-and-oqaatsut\/"]}]},{"@type":"ImageObject","inLanguage":"da-DK","@id":"https:\/\/arcticexcursions.com\/da\/udflugter\/boat-shuttle-between-ilulissat-and-oqaatsut\/#primaryimage","url":"https:\/\/arcticexcursions.com\/wp-content\/uploads\/2025\/07\/07d082b0-4bb5-4192-aec3-a770103433da.avif","contentUrl":"https:\/\/arcticexcursions.com\/wp-content\/uploads\/2025\/07\/07d082b0-4bb5-4192-aec3-a770103433da.avif","width":300,"height":240},{"@type":"BreadcrumbList","@id":"https:\/\/arcticexcursions.com\/da\/udflugter\/boat-shuttle-between-ilulissat-and-oqaatsut\/#breadcrumb","itemListElement":[{"@type":"ListItem","position":1,"name":"Home","item":"https:\/\/arcticexcursions.com\/da\/"},{"@type":"ListItem","position":2,"name":"Udflugter i Gr\u00f8nland","item":"https:\/\/arcticexcursions.com\/da\/udflugter\/"},{"@type":"ListItem","position":3,"name":"B\u00e5d-shuttle mellem Ilulissat og Oqaatsut"}]},{"@type":"WebSite","@id":"https:\/\/arcticexcursions.com\/#website","url":"https:\/\/arcticexcursions.com\/","name":"Arctic Excursions","description":"New adventures. Every day.","publisher":{"@id":"https:\/\/arcticexcursions.com\/#organization"},"potentialAction":[{"@type":"SearchAction","target":{"@type":"EntryPoint","urlTemplate":"https:\/\/arcticexcursions.com\/?s={search_term_string}"},"query-input":{"@type":"PropertyValueSpecification","valueRequired":true,"valueName":"search_term_string"}}],"inLanguage":"da-DK"},{"@type":"Organization","@id":"https:\/\/arcticexcursions.com\/#organization","name":"Arctic Excursions","url":"https:\/\/arcticexcursions.com\/","logo":{"@type":"ImageObject","inLanguage":"da-DK","@id":"https:\/\/arcticexcursions.com\/#\/schema\/logo\/image\/","url":"https:\/\/arcticexcursions.com\/wp-content\/uploads\/2022\/11\/fb-logo.png","contentUrl":"https:\/\/arcticexcursions.com\/wp-content\/uploads\/2022\/11\/fb-logo.png","width":523,"height":523,"caption":"Arctic Excursions"},"image":{"@id":"https:\/\/arcticexcursions.com\/#\/schema\/logo\/image\/"}}]}},"_links":{"self":[{"href":"https:\/\/arcticexcursions.com\/da\/wp-json\/wp\/v2\/product\/61482"}],"collection":[{"href":"https:\/\/arcticexcursions.com\/da\/wp-json\/wp\/v2\/product"}],"about":[{"href":"https:\/\/arcticexcursions.com\/da\/wp-json\/wp\/v2\/types\/product"}],"replies":[{"embeddable":true,"href":"https:\/\/arcticexcursions.com\/da\/wp-json\/wp\/v2\/comments?post=61482"}],"wp:featuredmedia":[{"embeddable":true,"href":"https:\/\/arcticexcursions.com\/da\/wp-json\/wp\/v2\/media\/61373"}],"wp:attachment":[{"href":"https:\/\/arcticexcursions.com\/da\/wp-json\/wp\/v2\/media?parent=61482"}],"wp:term":[{"taxonomy":"product_brand","embeddable":true,"href":"https:\/\/arcticexcursions.com\/da\/wp-json\/wp\/v2\/product_brand?post=61482"},{"taxonomy":"product_cat","embeddable":true,"href":"https:\/\/arcticexcursions.com\/da\/wp-json\/wp\/v2\/product_cat?post=61482"},{"taxonomy":"product_tag","embeddable":true,"href":"https:\/\/arcticexcursions.com\/da\/wp-json\/wp\/v2\/product_tag?post=61482"}],"curies":[{"name":"wp","href":"https:\/\/api.w.org\/{rel}","templated":true}]}}