{"id":61560,"date":"2025-07-07T00:35:03","date_gmt":"2025-07-06T22:35:03","guid":{"rendered":"https:\/\/arcticexcursions.com\/?post_type=product&#038;p=61560"},"modified":"2026-02-02T15:08:11","modified_gmt":"2026-02-02T13:08:11","slug":"boat-shuttle-between-ilulissat-and-ilimanaq","status":"publish","type":"product","link":"https:\/\/arcticexcursions.com\/da\/udflugter\/boat-shuttle-between-ilulissat-and-ilimanaq\/","title":{"rendered":"B\u00e5d-shuttle mellem Ilulissat og Ilimanaq"},"content":{"rendered":"<p><b>Leder du efter hurtig og p\u00e5lidelig transport mellem Ilulissat og Ilimanaq?<\/b><br \/>\nS\u00e5 er vores b\u00e5dtransfer det ideelle valg. Vi kan efter aftale v\u00e6re meget fleksible med afgangstidspunkter.<br \/>\nTuren mellem Ilulissat og Ilimanaq tager cirka 1 time. Vores b\u00e5d er \u00e5ben med komfortable s\u00e6der, s\u00e5 du kan nyde den spektakul\u00e6re udsigt over Ilulissat Isfjord, mens du sejler mod Ilimanaq eller Ilulissat.<br \/>\nVed booking er det vigtigt at sikre sig, hvilken retning du booker\/rejser (Ilulissat til Ilimanaq ELLER Ilimanaq til Ilulissat).<\/p>\n<p><b>Dette f\u00e5r du<\/b><br \/>\nB\u00e5dtransferen mellem Ilulissat og Oqaatsut tager cirka 1 time.<br \/>\nMed Greenland Sea Safari er du garanteret en personlig og unik oplevelse i sm\u00e5 grupper ombord p\u00e5 vores 7-personers b\u00e5d, t\u00e6t p\u00e5 vandet og isen.<\/p>\n<p><b>Hvad skal du medbringe<\/b><br \/>\nHusk varmt t\u00f8j, handsker og hue \u2013 det er koldt i Diskobugten, selv om sommeren.<br \/>\nDu er meget velkommen til selv at tage mad og drikke med p\u00e5 turen \u2013 vi henter gerne gletsjer is, hvis det \u00f8nskes!<\/p>\n<p><b>Varighed:<\/b> 40 minutter <\/p>\n<p><b>Deltagere:<\/b> Bem\u00e6rk venligst, at udflugten kun gennemf\u00f8res, hvis der er mindst 2 bookede billetter i alt. Hvis du for eksempel booker 1 billetter, skal der s\u00e6lges mindst 1 yderligere billetter til andre kunder, f\u00f8r turen kan finde sted. Der vil deltage maksimalt 3 personer. <\/p>\n<p><b>Sprog:<\/b> Guiden\/kaptajnen taler dansk, engelsk.<\/p>\n<p><b>B\u00e5dtype:<\/b> \u00c5ben b\u00e5d <\/p>\n<p><b>Toiletforhold:<\/b> Der er ikke toilet p\u00e5 b\u00e5den <\/p>\n<p><b>Forplejning:<\/b> Kaffe og te serveres p\u00e5 b\u00e5den <\/p>\n<p><b>Anbefalet p\u00e5kl\u00e6dning:<\/b> Varmt t\u00f8j inkl. hue og handsker hele \u00e5ret. Solbriller. Solcreme om sommeren. <\/p>\n<p><b>Fotos af Jessie Brinkman Evans \u2013 Visit Greenland<\/b><\/p>\n","protected":false},"excerpt":{"rendered":"<p>Hurtig og nem transport mellem Ilulissat og Ilimanaq<\/p>\n","protected":false},"featured_media":61380,"comment_status":"open","ping_status":"closed","template":"","meta":{"_acf_changed":false},"product_brand":[],"product_cat":[101,170],"product_tag":[],"class_list":{"0":"post-61560","1":"product","2":"type-product","3":"status-publish","4":"has-post-thumbnail","6":"product_cat-tour","7":"product_cat-udflugt","8":"tour_location-ilulissat-da","9":"tour_type-baadture","10":"tour_state-allowed_prebooking","11":"tour_tickettype-arctic_excursions","12":"tour_operator-greenlandseasafarioutlook-com","14":"first","15":"outofstock","16":"shipping-taxable","17":"product-type-variable"},"acf":[],"yoast_head":"<!-- This site is optimized with the Yoast SEO plugin v23.6 - https:\/\/yoast.com\/wordpress\/plugins\/seo\/ -->\n<title>Arctic Excursions<\/title>\n<meta name=\"robots\" content=\"index, follow, max-snippet:-1, max-image-preview:large, max-video-preview:-1\" \/>\n<link rel=\"canonical\" href=\"https:\/\/arcticexcursions.com\/udflugter\/boat-shuttle-between-ilulissat-and-ilimanaq\/\" \/>\n<meta property=\"og:locale\" content=\"da_DK\" \/>\n<meta property=\"og:type\" content=\"article\" \/>\n<meta property=\"og:title\" content=\"B\u00e5d-shuttle mellem Ilulissat og Ilimanaq - Arctic Excursions\" \/>\n<meta property=\"og:description\" content=\"Hurtig og nem transport mellem Ilulissat og Ilimanaq\" \/>\n<meta property=\"og:url\" content=\"https:\/\/arcticexcursions.com\/udflugter\/boat-shuttle-between-ilulissat-and-ilimanaq\/\" \/>\n<meta property=\"og:site_name\" content=\"Arctic Excursions\" \/>\n<meta property=\"article:modified_time\" content=\"2026-02-02T13:08:11+00:00\" \/>\n<meta name=\"twitter:card\" content=\"summary_large_image\" \/>\n<meta name=\"twitter:label1\" content=\"Estimeret l\u00e6setid\" \/>\n\t<meta name=\"twitter:data1\" content=\"1 minut\" \/>\n<script type=\"application\/ld+json\" class=\"yoast-schema-graph\">{\"@context\":\"https:\/\/schema.org\",\"@graph\":[{\"@type\":\"WebPage\",\"@id\":\"https:\/\/arcticexcursions.com\/udflugter\/boat-shuttle-between-ilulissat-and-ilimanaq\/\",\"url\":\"https:\/\/arcticexcursions.com\/udflugter\/boat-shuttle-between-ilulissat-and-ilimanaq\/\",\"name\":\"B\u00e5d-shuttle mellem Ilulissat og Ilimanaq - Arctic Excursions\",\"isPartOf\":{\"@id\":\"https:\/\/arcticexcursions.com\/#website\"},\"primaryImageOfPage\":{\"@id\":\"https:\/\/arcticexcursions.com\/udflugter\/boat-shuttle-between-ilulissat-and-ilimanaq\/#primaryimage\"},\"image\":{\"@id\":\"https:\/\/arcticexcursions.com\/udflugter\/boat-shuttle-between-ilulissat-and-ilimanaq\/#primaryimage\"},\"thumbnailUrl\":\"https:\/\/arcticexcursions.com\/wp-content\/uploads\/2025\/07\/67c8d258-81dd-4282-baf0-5cebf3c5b815.avif\",\"datePublished\":\"2025-07-06T22:35:03+00:00\",\"dateModified\":\"2026-02-02T13:08:11+00:00\",\"breadcrumb\":{\"@id\":\"https:\/\/arcticexcursions.com\/udflugter\/boat-shuttle-between-ilulissat-and-ilimanaq\/#breadcrumb\"},\"inLanguage\":\"da-DK\",\"potentialAction\":[{\"@type\":\"ReadAction\",\"target\":[\"https:\/\/arcticexcursions.com\/udflugter\/boat-shuttle-between-ilulissat-and-ilimanaq\/\"]}]},{\"@type\":\"ImageObject\",\"inLanguage\":\"da-DK\",\"@id\":\"https:\/\/arcticexcursions.com\/udflugter\/boat-shuttle-between-ilulissat-and-ilimanaq\/#primaryimage\",\"url\":\"https:\/\/arcticexcursions.com\/wp-content\/uploads\/2025\/07\/67c8d258-81dd-4282-baf0-5cebf3c5b815.avif\",\"contentUrl\":\"https:\/\/arcticexcursions.com\/wp-content\/uploads\/2025\/07\/67c8d258-81dd-4282-baf0-5cebf3c5b815.avif\",\"width\":300,\"height\":240},{\"@type\":\"BreadcrumbList\",\"@id\":\"https:\/\/arcticexcursions.com\/udflugter\/boat-shuttle-between-ilulissat-and-ilimanaq\/#breadcrumb\",\"itemListElement\":[{\"@type\":\"ListItem\",\"position\":1,\"name\":\"Home\",\"item\":\"https:\/\/arcticexcursions.com\/da\/\"},{\"@type\":\"ListItem\",\"position\":2,\"name\":\"Udflugter i Gr\u00f8nland\",\"item\":\"https:\/\/arcticexcursions.com\/da\/udflugter\/\"},{\"@type\":\"ListItem\",\"position\":3,\"name\":\"B\u00e5d-shuttle mellem Ilulissat og Ilimanaq\"}]},{\"@type\":\"WebSite\",\"@id\":\"https:\/\/arcticexcursions.com\/#website\",\"url\":\"https:\/\/arcticexcursions.com\/\",\"name\":\"Arctic Excursions\",\"description\":\"New adventures. Every day.\",\"publisher\":{\"@id\":\"https:\/\/arcticexcursions.com\/#organization\"},\"potentialAction\":[{\"@type\":\"SearchAction\",\"target\":{\"@type\":\"EntryPoint\",\"urlTemplate\":\"https:\/\/arcticexcursions.com\/?s={search_term_string}\"},\"query-input\":{\"@type\":\"PropertyValueSpecification\",\"valueRequired\":true,\"valueName\":\"search_term_string\"}}],\"inLanguage\":\"da-DK\"},{\"@type\":\"Organization\",\"@id\":\"https:\/\/arcticexcursions.com\/#organization\",\"name\":\"Arctic Excursions\",\"url\":\"https:\/\/arcticexcursions.com\/\",\"logo\":{\"@type\":\"ImageObject\",\"inLanguage\":\"da-DK\",\"@id\":\"https:\/\/arcticexcursions.com\/#\/schema\/logo\/image\/\",\"url\":\"https:\/\/arcticexcursions.com\/wp-content\/uploads\/2022\/11\/fb-logo.png\",\"contentUrl\":\"https:\/\/arcticexcursions.com\/wp-content\/uploads\/2022\/11\/fb-logo.png\",\"width\":523,\"height\":523,\"caption\":\"Arctic Excursions\"},\"image\":{\"@id\":\"https:\/\/arcticexcursions.com\/#\/schema\/logo\/image\/\"}}]}<\/script>\n<!-- \/ Yoast SEO plugin. -->","yoast_head_json":{"title":"Arctic Excursions","robots":{"index":"index","follow":"follow","max-snippet":"max-snippet:-1","max-image-preview":"max-image-preview:large","max-video-preview":"max-video-preview:-1"},"canonical":"https:\/\/arcticexcursions.com\/udflugter\/boat-shuttle-between-ilulissat-and-ilimanaq\/","og_locale":"da_DK","og_type":"article","og_title":"B\u00e5d-shuttle mellem Ilulissat og Ilimanaq - Arctic Excursions","og_description":"Hurtig og nem transport mellem Ilulissat og Ilimanaq","og_url":"https:\/\/arcticexcursions.com\/udflugter\/boat-shuttle-between-ilulissat-and-ilimanaq\/","og_site_name":"Arctic Excursions","article_modified_time":"2026-02-02T13:08:11+00:00","twitter_card":"summary_large_image","twitter_misc":{"Estimeret l\u00e6setid":"1 minut"},"schema":{"@context":"https:\/\/schema.org","@graph":[{"@type":"WebPage","@id":"https:\/\/arcticexcursions.com\/udflugter\/boat-shuttle-between-ilulissat-and-ilimanaq\/","url":"https:\/\/arcticexcursions.com\/udflugter\/boat-shuttle-between-ilulissat-and-ilimanaq\/","name":"B\u00e5d-shuttle mellem Ilulissat og Ilimanaq - Arctic Excursions","isPartOf":{"@id":"https:\/\/arcticexcursions.com\/#website"},"primaryImageOfPage":{"@id":"https:\/\/arcticexcursions.com\/udflugter\/boat-shuttle-between-ilulissat-and-ilimanaq\/#primaryimage"},"image":{"@id":"https:\/\/arcticexcursions.com\/udflugter\/boat-shuttle-between-ilulissat-and-ilimanaq\/#primaryimage"},"thumbnailUrl":"https:\/\/arcticexcursions.com\/wp-content\/uploads\/2025\/07\/67c8d258-81dd-4282-baf0-5cebf3c5b815.avif","datePublished":"2025-07-06T22:35:03+00:00","dateModified":"2026-02-02T13:08:11+00:00","breadcrumb":{"@id":"https:\/\/arcticexcursions.com\/udflugter\/boat-shuttle-between-ilulissat-and-ilimanaq\/#breadcrumb"},"inLanguage":"da-DK","potentialAction":[{"@type":"ReadAction","target":["https:\/\/arcticexcursions.com\/udflugter\/boat-shuttle-between-ilulissat-and-ilimanaq\/"]}]},{"@type":"ImageObject","inLanguage":"da-DK","@id":"https:\/\/arcticexcursions.com\/udflugter\/boat-shuttle-between-ilulissat-and-ilimanaq\/#primaryimage","url":"https:\/\/arcticexcursions.com\/wp-content\/uploads\/2025\/07\/67c8d258-81dd-4282-baf0-5cebf3c5b815.avif","contentUrl":"https:\/\/arcticexcursions.com\/wp-content\/uploads\/2025\/07\/67c8d258-81dd-4282-baf0-5cebf3c5b815.avif","width":300,"height":240},{"@type":"BreadcrumbList","@id":"https:\/\/arcticexcursions.com\/udflugter\/boat-shuttle-between-ilulissat-and-ilimanaq\/#breadcrumb","itemListElement":[{"@type":"ListItem","position":1,"name":"Home","item":"https:\/\/arcticexcursions.com\/da\/"},{"@type":"ListItem","position":2,"name":"Udflugter i Gr\u00f8nland","item":"https:\/\/arcticexcursions.com\/da\/udflugter\/"},{"@type":"ListItem","position":3,"name":"B\u00e5d-shuttle mellem Ilulissat og Ilimanaq"}]},{"@type":"WebSite","@id":"https:\/\/arcticexcursions.com\/#website","url":"https:\/\/arcticexcursions.com\/","name":"Arctic Excursions","description":"New adventures. Every day.","publisher":{"@id":"https:\/\/arcticexcursions.com\/#organization"},"potentialAction":[{"@type":"SearchAction","target":{"@type":"EntryPoint","urlTemplate":"https:\/\/arcticexcursions.com\/?s={search_term_string}"},"query-input":{"@type":"PropertyValueSpecification","valueRequired":true,"valueName":"search_term_string"}}],"inLanguage":"da-DK"},{"@type":"Organization","@id":"https:\/\/arcticexcursions.com\/#organization","name":"Arctic Excursions","url":"https:\/\/arcticexcursions.com\/","logo":{"@type":"ImageObject","inLanguage":"da-DK","@id":"https:\/\/arcticexcursions.com\/#\/schema\/logo\/image\/","url":"https:\/\/arcticexcursions.com\/wp-content\/uploads\/2022\/11\/fb-logo.png","contentUrl":"https:\/\/arcticexcursions.com\/wp-content\/uploads\/2022\/11\/fb-logo.png","width":523,"height":523,"caption":"Arctic Excursions"},"image":{"@id":"https:\/\/arcticexcursions.com\/#\/schema\/logo\/image\/"}}]}},"_links":{"self":[{"href":"https:\/\/arcticexcursions.com\/da\/wp-json\/wp\/v2\/product\/61560"}],"collection":[{"href":"https:\/\/arcticexcursions.com\/da\/wp-json\/wp\/v2\/product"}],"about":[{"href":"https:\/\/arcticexcursions.com\/da\/wp-json\/wp\/v2\/types\/product"}],"replies":[{"embeddable":true,"href":"https:\/\/arcticexcursions.com\/da\/wp-json\/wp\/v2\/comments?post=61560"}],"wp:featuredmedia":[{"embeddable":true,"href":"https:\/\/arcticexcursions.com\/da\/wp-json\/wp\/v2\/media\/61380"}],"wp:attachment":[{"href":"https:\/\/arcticexcursions.com\/da\/wp-json\/wp\/v2\/media?parent=61560"}],"wp:term":[{"taxonomy":"product_brand","embeddable":true,"href":"https:\/\/arcticexcursions.com\/da\/wp-json\/wp\/v2\/product_brand?post=61560"},{"taxonomy":"product_cat","embeddable":true,"href":"https:\/\/arcticexcursions.com\/da\/wp-json\/wp\/v2\/product_cat?post=61560"},{"taxonomy":"product_tag","embeddable":true,"href":"https:\/\/arcticexcursions.com\/da\/wp-json\/wp\/v2\/product_tag?post=61560"}],"curies":[{"name":"wp","href":"https:\/\/api.w.org\/{rel}","templated":true}]}}