{"id":61561,"date":"2025-07-06T18:06:02","date_gmt":"2025-07-06T16:06:02","guid":{"rendered":"https:\/\/arcticexcursions.com\/?post_type=product&#038;p=61561"},"modified":"2026-03-15T01:27:20","modified_gmt":"2026-03-14T23:27:20","slug":"floating-hot-tub-among-icebergs","status":"publish","type":"product","link":"https:\/\/arcticexcursions.com\/da\/udflugter\/floating-hot-tub-among-icebergs\/","title":{"rendered":"Flydende Vildmarksbad blandt Isbjerge"},"content":{"rendered":"<p><b>Oplev Arktis som aldrig f\u00f8r<\/b><br \/>\nMed den arktiske midnatssol, der kaster sit gyldne sk\u00e6r over landskabet, venter der dig et uforglemmeligt eventyr sommeren 2025.<br \/>\nFaciliteter under opholdet:<br \/>\n&#8211; Forvarmet vildmarksbad med rent og behandlet arktisk havvand<br \/>\n&#8211; Fri afbenyttelse af br\u00e6nde til den knitrende br\u00e6ndeovn<br \/>\n&#8211; Picnic-bord og en stol, s\u00e5 op til 7 g\u00e6ster kan nyde medbragte drikkevarer og mad<br \/>\n&#8211; Primitivt toilet<br \/>\n&#8211; Omkl\u00e6dningsrum<br \/>\n&#8211; Kippe-spand, hvor du kan k\u00f8le af med et frisk \u201dsplash\u201d med  arktisk havvand<br \/>\n&#8211; Vippebr\u00e6t, hvis du vil tage springet ud i et \u2019arktisk dyp\u2019 \u2013 denne tur giver dig en oplagt mulighed for at krydse det af p\u00e5 din bucket list.<\/p>\n<p><b>Vigtige sikkerhedsoplysninger ombord<\/b><br \/>\nDu har det flydende vildmarksbad for dig selv, medmindre du \u00f8nsker, at vi bliver hos dig. Du f\u00e5r et telefonnummer, du kan ringe til, hvis du f\u00e5r brug for hj\u00e6lp \u2013 s\u00e5 kommer vi hurtigt.<\/p>\n<p>N\u00e5r du er ombord p\u00e5 fl\u00e5den, er al aktivitet og sv\u00f8mning omkring den p\u00e5 eget ansvar.<\/p>\n<p>Vi har installeret sikkerhedsudstyr ombord, som vi vil instruere dig i, og vi anbefaler kraftigt, at du bruger det. En sikkerhedsline er en god id\u00e9 at have omkring dig, indtil du v\u00e6nner dig til det kolde vand, hvis du kaster dig ud i det \u2019arktiske dyp\u2019. Vi anbefaler ogs\u00e5, at der maks. er 2 personer ad gangen, der sv\u00f8mmer uden for fl\u00e5den.<\/p>\n<p><b>Du f\u00e5r:<\/b><br \/>\n&#8211; Turen varer ca. 3 timer.<br \/>\n&#8211; Med Greenland Sea Safari er du garanteret en personlig og unik oplevelse i sm\u00e5 grupper p\u00e5 vores 7-personers b\u00e5d, t\u00e6t p\u00e5 vandet og isen, der bringer dig ud til det flydende vildmarksbad p\u00e5 ca. 15 minutter.<br \/>\n&#8211; Omtrent 2\u00bd time i vildmarksbadet for op til 7 personer.<br \/>\n&#8211; H\u00e5ndkl\u00e6der<\/p>\n<p><b>Husk at medbringe:<\/b><br \/>\n&#8211; Badet\u00f8j og ekstra t\u00f8j.<br \/>\n&#8211; Du er meget velkommen til at medbringe egne drikkevarer og mad til turen og nyde det ombord \u2013 vi samler gerne gletsjeris, hvis det \u00f8nskes! Husk ogs\u00e5 at tage glas og service med.<br \/>\n&#8211; Da der ikke er bruser ombord, s\u00e6tter vi pris p\u00e5, at du tager et bad, inden turen starter, s\u00e5 vandet forbliver l\u00e6kkert for alle g\u00e6ster.<\/p>\n<p><b>Krav til deltagerantal for at starte turen:<\/b><br \/>\n&#8211; Minimum deltagerantal: 3 g\u00e6ster<br \/>\n&#8211; Maksimum deltagerantal: 7 g\u00e6ster<br \/>\n&#8211; Vi har gjort det muligt for par at leje det flydende vildmarksbad til en privat, afslappende aften. Prisen for denne mulighed d\u00e6kker 3 g\u00e6ster.<\/p>\n","protected":false},"excerpt":{"rendered":"<p>En \u2019en gang i livet\u2019 eksklusiv oplevelse for eventyrere!<br \/>\nForestil dig at sidde i et varmt, dampende vildmarksbad med et glas champagne i h\u00e5nden, omgivet af de majest\u00e6tiske isbjerge i den UNESCO-listede Ilulissat Isfjord.<\/p>\n","protected":false},"featured_media":61240,"comment_status":"open","ping_status":"closed","template":"","meta":{"_acf_changed":false},"product_brand":[],"product_cat":[101,170],"product_tag":[],"class_list":{"0":"post-61561","1":"product","2":"type-product","3":"status-publish","4":"has-post-thumbnail","6":"product_cat-tour","7":"product_cat-udflugt","8":"pa_dato-5974","9":"pa_dato-6030","10":"pa_dato-6059","11":"pa_dato-6067","12":"pa_dato-5931","13":"pa_dato-6006","14":"pa_dato-5955","15":"pa_dato-6062","16":"pa_dato-5930","17":"pa_dato-5888","18":"pa_dato-5889","19":"pa_dato-5958","20":"pa_dato-5938","21":"pa_dato-5963","22":"pa_dato-5980","23":"pa_dato-5939","24":"pa_dato-5990","25":"pa_dato-5942","26":"pa_dato-6078","27":"pa_dato-6317","28":"pa_dato-6313","29":"pa_dato-6409","30":"pa_dato-6156","31":"pa_dato-6277","32":"pa_dato-6238","33":"pa_dato-6278","34":"pa_dato-6279","35":"pa_tidspunkt-205","36":"tour_location-ilulissat-da","37":"tour_type-outdoor-da","38":"tour_tickettype-arctic_excursions","39":"tour_operator-greenlandseasafarioutlook-com","41":"first","42":"instock","43":"shipping-taxable","44":"purchasable","45":"product-type-variable"},"acf":[],"yoast_head":"<!-- This site is optimized with the Yoast SEO plugin v23.6 - https:\/\/yoast.com\/wordpress\/plugins\/seo\/ -->\n<title>Arctic Excursions<\/title>\n<meta name=\"robots\" content=\"index, follow, max-snippet:-1, max-image-preview:large, max-video-preview:-1\" \/>\n<link rel=\"canonical\" href=\"https:\/\/arcticexcursions.com\/udflugter\/floating-hot-tub-among-icebergs\/\" \/>\n<meta property=\"og:locale\" content=\"da_DK\" \/>\n<meta property=\"og:type\" content=\"article\" \/>\n<meta property=\"og:title\" content=\"Flydende Vildmarksbad blandt Isbjerge - Arctic Excursions\" \/>\n<meta property=\"og:description\" content=\"En \u2019en gang i livet\u2019 eksklusiv oplevelse for eventyrere! Forestil dig at sidde i et varmt, dampende vildmarksbad med et glas champagne i h\u00e5nden, omgivet af de majest\u00e6tiske isbjerge i den UNESCO-listede Ilulissat Isfjord.\" \/>\n<meta property=\"og:url\" content=\"https:\/\/arcticexcursions.com\/udflugter\/floating-hot-tub-among-icebergs\/\" \/>\n<meta property=\"og:site_name\" content=\"Arctic Excursions\" \/>\n<meta property=\"article:modified_time\" content=\"2026-03-14T23:27:20+00:00\" \/>\n<meta property=\"og:image\" content=\"https:\/\/arcticexcursions.com\/wp-content\/uploads\/2025\/07\/20240713_224221-2-scaled.jpg\" \/>\n\t<meta property=\"og:image:width\" content=\"2560\" \/>\n\t<meta property=\"og:image:height\" content=\"1920\" \/>\n\t<meta property=\"og:image:type\" content=\"image\/jpeg\" \/>\n<meta name=\"twitter:card\" content=\"summary_large_image\" \/>\n<meta name=\"twitter:label1\" content=\"Estimeret l\u00e6setid\" \/>\n\t<meta name=\"twitter:data1\" content=\"2 minutter\" \/>\n<script type=\"application\/ld+json\" class=\"yoast-schema-graph\">{\"@context\":\"https:\/\/schema.org\",\"@graph\":[{\"@type\":\"WebPage\",\"@id\":\"https:\/\/arcticexcursions.com\/udflugter\/floating-hot-tub-among-icebergs\/\",\"url\":\"https:\/\/arcticexcursions.com\/udflugter\/floating-hot-tub-among-icebergs\/\",\"name\":\"Flydende Vildmarksbad blandt Isbjerge - Arctic Excursions\",\"isPartOf\":{\"@id\":\"https:\/\/arcticexcursions.com\/#website\"},\"primaryImageOfPage\":{\"@id\":\"https:\/\/arcticexcursions.com\/udflugter\/floating-hot-tub-among-icebergs\/#primaryimage\"},\"image\":{\"@id\":\"https:\/\/arcticexcursions.com\/udflugter\/floating-hot-tub-among-icebergs\/#primaryimage\"},\"thumbnailUrl\":\"https:\/\/arcticexcursions.com\/wp-content\/uploads\/2025\/07\/20240713_224221-2-scaled.jpg\",\"datePublished\":\"2025-07-06T16:06:02+00:00\",\"dateModified\":\"2026-03-14T23:27:20+00:00\",\"breadcrumb\":{\"@id\":\"https:\/\/arcticexcursions.com\/udflugter\/floating-hot-tub-among-icebergs\/#breadcrumb\"},\"inLanguage\":\"da-DK\",\"potentialAction\":[{\"@type\":\"ReadAction\",\"target\":[\"https:\/\/arcticexcursions.com\/udflugter\/floating-hot-tub-among-icebergs\/\"]}]},{\"@type\":\"ImageObject\",\"inLanguage\":\"da-DK\",\"@id\":\"https:\/\/arcticexcursions.com\/udflugter\/floating-hot-tub-among-icebergs\/#primaryimage\",\"url\":\"https:\/\/arcticexcursions.com\/wp-content\/uploads\/2025\/07\/20240713_224221-2-scaled.jpg\",\"contentUrl\":\"https:\/\/arcticexcursions.com\/wp-content\/uploads\/2025\/07\/20240713_224221-2-scaled.jpg\",\"width\":2560,\"height\":1920},{\"@type\":\"BreadcrumbList\",\"@id\":\"https:\/\/arcticexcursions.com\/udflugter\/floating-hot-tub-among-icebergs\/#breadcrumb\",\"itemListElement\":[{\"@type\":\"ListItem\",\"position\":1,\"name\":\"Home\",\"item\":\"https:\/\/arcticexcursions.com\/da\/\"},{\"@type\":\"ListItem\",\"position\":2,\"name\":\"Udflugter i Gr\u00f8nland\",\"item\":\"https:\/\/arcticexcursions.com\/da\/udflugter\/\"},{\"@type\":\"ListItem\",\"position\":3,\"name\":\"Flydende Vildmarksbad blandt Isbjerge\"}]},{\"@type\":\"WebSite\",\"@id\":\"https:\/\/arcticexcursions.com\/#website\",\"url\":\"https:\/\/arcticexcursions.com\/\",\"name\":\"Arctic Excursions\",\"description\":\"New adventures. Every day.\",\"publisher\":{\"@id\":\"https:\/\/arcticexcursions.com\/#organization\"},\"potentialAction\":[{\"@type\":\"SearchAction\",\"target\":{\"@type\":\"EntryPoint\",\"urlTemplate\":\"https:\/\/arcticexcursions.com\/?s={search_term_string}\"},\"query-input\":{\"@type\":\"PropertyValueSpecification\",\"valueRequired\":true,\"valueName\":\"search_term_string\"}}],\"inLanguage\":\"da-DK\"},{\"@type\":\"Organization\",\"@id\":\"https:\/\/arcticexcursions.com\/#organization\",\"name\":\"Arctic Excursions\",\"url\":\"https:\/\/arcticexcursions.com\/\",\"logo\":{\"@type\":\"ImageObject\",\"inLanguage\":\"da-DK\",\"@id\":\"https:\/\/arcticexcursions.com\/#\/schema\/logo\/image\/\",\"url\":\"https:\/\/arcticexcursions.com\/wp-content\/uploads\/2022\/11\/fb-logo.png\",\"contentUrl\":\"https:\/\/arcticexcursions.com\/wp-content\/uploads\/2022\/11\/fb-logo.png\",\"width\":523,\"height\":523,\"caption\":\"Arctic Excursions\"},\"image\":{\"@id\":\"https:\/\/arcticexcursions.com\/#\/schema\/logo\/image\/\"}}]}<\/script>\n<!-- \/ Yoast SEO plugin. -->","yoast_head_json":{"title":"Arctic Excursions","robots":{"index":"index","follow":"follow","max-snippet":"max-snippet:-1","max-image-preview":"max-image-preview:large","max-video-preview":"max-video-preview:-1"},"canonical":"https:\/\/arcticexcursions.com\/udflugter\/floating-hot-tub-among-icebergs\/","og_locale":"da_DK","og_type":"article","og_title":"Flydende Vildmarksbad blandt Isbjerge - Arctic Excursions","og_description":"En \u2019en gang i livet\u2019 eksklusiv oplevelse for eventyrere! Forestil dig at sidde i et varmt, dampende vildmarksbad med et glas champagne i h\u00e5nden, omgivet af de majest\u00e6tiske isbjerge i den UNESCO-listede Ilulissat Isfjord.","og_url":"https:\/\/arcticexcursions.com\/udflugter\/floating-hot-tub-among-icebergs\/","og_site_name":"Arctic Excursions","article_modified_time":"2026-03-14T23:27:20+00:00","og_image":[{"width":2560,"height":1920,"url":"https:\/\/arcticexcursions.com\/wp-content\/uploads\/2025\/07\/20240713_224221-2-scaled.jpg","type":"image\/jpeg"}],"twitter_card":"summary_large_image","twitter_misc":{"Estimeret l\u00e6setid":"2 minutter"},"schema":{"@context":"https:\/\/schema.org","@graph":[{"@type":"WebPage","@id":"https:\/\/arcticexcursions.com\/udflugter\/floating-hot-tub-among-icebergs\/","url":"https:\/\/arcticexcursions.com\/udflugter\/floating-hot-tub-among-icebergs\/","name":"Flydende Vildmarksbad blandt Isbjerge - Arctic Excursions","isPartOf":{"@id":"https:\/\/arcticexcursions.com\/#website"},"primaryImageOfPage":{"@id":"https:\/\/arcticexcursions.com\/udflugter\/floating-hot-tub-among-icebergs\/#primaryimage"},"image":{"@id":"https:\/\/arcticexcursions.com\/udflugter\/floating-hot-tub-among-icebergs\/#primaryimage"},"thumbnailUrl":"https:\/\/arcticexcursions.com\/wp-content\/uploads\/2025\/07\/20240713_224221-2-scaled.jpg","datePublished":"2025-07-06T16:06:02+00:00","dateModified":"2026-03-14T23:27:20+00:00","breadcrumb":{"@id":"https:\/\/arcticexcursions.com\/udflugter\/floating-hot-tub-among-icebergs\/#breadcrumb"},"inLanguage":"da-DK","potentialAction":[{"@type":"ReadAction","target":["https:\/\/arcticexcursions.com\/udflugter\/floating-hot-tub-among-icebergs\/"]}]},{"@type":"ImageObject","inLanguage":"da-DK","@id":"https:\/\/arcticexcursions.com\/udflugter\/floating-hot-tub-among-icebergs\/#primaryimage","url":"https:\/\/arcticexcursions.com\/wp-content\/uploads\/2025\/07\/20240713_224221-2-scaled.jpg","contentUrl":"https:\/\/arcticexcursions.com\/wp-content\/uploads\/2025\/07\/20240713_224221-2-scaled.jpg","width":2560,"height":1920},{"@type":"BreadcrumbList","@id":"https:\/\/arcticexcursions.com\/udflugter\/floating-hot-tub-among-icebergs\/#breadcrumb","itemListElement":[{"@type":"ListItem","position":1,"name":"Home","item":"https:\/\/arcticexcursions.com\/da\/"},{"@type":"ListItem","position":2,"name":"Udflugter i Gr\u00f8nland","item":"https:\/\/arcticexcursions.com\/da\/udflugter\/"},{"@type":"ListItem","position":3,"name":"Flydende Vildmarksbad blandt Isbjerge"}]},{"@type":"WebSite","@id":"https:\/\/arcticexcursions.com\/#website","url":"https:\/\/arcticexcursions.com\/","name":"Arctic Excursions","description":"New adventures. Every day.","publisher":{"@id":"https:\/\/arcticexcursions.com\/#organization"},"potentialAction":[{"@type":"SearchAction","target":{"@type":"EntryPoint","urlTemplate":"https:\/\/arcticexcursions.com\/?s={search_term_string}"},"query-input":{"@type":"PropertyValueSpecification","valueRequired":true,"valueName":"search_term_string"}}],"inLanguage":"da-DK"},{"@type":"Organization","@id":"https:\/\/arcticexcursions.com\/#organization","name":"Arctic Excursions","url":"https:\/\/arcticexcursions.com\/","logo":{"@type":"ImageObject","inLanguage":"da-DK","@id":"https:\/\/arcticexcursions.com\/#\/schema\/logo\/image\/","url":"https:\/\/arcticexcursions.com\/wp-content\/uploads\/2022\/11\/fb-logo.png","contentUrl":"https:\/\/arcticexcursions.com\/wp-content\/uploads\/2022\/11\/fb-logo.png","width":523,"height":523,"caption":"Arctic Excursions"},"image":{"@id":"https:\/\/arcticexcursions.com\/#\/schema\/logo\/image\/"}}]}},"_links":{"self":[{"href":"https:\/\/arcticexcursions.com\/da\/wp-json\/wp\/v2\/product\/61561"}],"collection":[{"href":"https:\/\/arcticexcursions.com\/da\/wp-json\/wp\/v2\/product"}],"about":[{"href":"https:\/\/arcticexcursions.com\/da\/wp-json\/wp\/v2\/types\/product"}],"replies":[{"embeddable":true,"href":"https:\/\/arcticexcursions.com\/da\/wp-json\/wp\/v2\/comments?post=61561"}],"wp:featuredmedia":[{"embeddable":true,"href":"https:\/\/arcticexcursions.com\/da\/wp-json\/wp\/v2\/media\/61240"}],"wp:attachment":[{"href":"https:\/\/arcticexcursions.com\/da\/wp-json\/wp\/v2\/media?parent=61561"}],"wp:term":[{"taxonomy":"product_brand","embeddable":true,"href":"https:\/\/arcticexcursions.com\/da\/wp-json\/wp\/v2\/product_brand?post=61561"},{"taxonomy":"product_cat","embeddable":true,"href":"https:\/\/arcticexcursions.com\/da\/wp-json\/wp\/v2\/product_cat?post=61561"},{"taxonomy":"product_tag","embeddable":true,"href":"https:\/\/arcticexcursions.com\/da\/wp-json\/wp\/v2\/product_tag?post=61561"}],"curies":[{"name":"wp","href":"https:\/\/api.w.org\/{rel}","templated":true}]}}